{"id":24264,"date":"2025-06-21T08:24:59","date_gmt":"2025-06-21T07:24:59","guid":{"rendered":"https:\/\/www.petroni.hr\/?post_type=product&#038;p=24264"},"modified":"2025-08-23T14:14:24","modified_gmt":"2025-08-23T13:14:24","slug":"zlijeb-kisni-za-postavljanje-iznad-ulaznih-vrata-15-m","status":"publish","type":"product","link":"https:\/\/www.petroni.hr\/en\/proizvod\/zlijeb-kisni-za-postavljanje-iznad-ulaznih-vrata-15-m\/","title":{"rendered":"\u017dlijeb ki\u0161ni za postavljanje iznad ulaznih vrata  &#8211; 1,5 m"},"content":{"rendered":"<p>Univerzalni ki\u0161ni \u017elijeb za vrata kabine &#8211; 150 cm<\/p>\n<p>Za lijepljenje iznad vrata kabine<br \/>\nSamoljepljivi \u017elijeb za ki\u0161nicu za vrata kabine<br \/>\nKi\u0161nica se preusmjerava<\/p>\n<p>Specijalni EPDM gumeni profil za vanjsku upotrebu na motornim vozilima (kvaliteta automobilske opreme). Trajno elasti\u010dan i dimenzijski stabilan. Duljina od 150 cm dovoljna je za ve\u0107inu vozila bez oluka. Tako\u0111er se mo\u017ee instalirati u kombinaciji s Highrailom.<\/p>\n<p>Monta\u017ea:<\/p>\n<p>Ki\u0161ni \u017elijeb sa stra\u017enje strane ima obostrano 3M ljepljivu traku \u0161irine 6 mm. O\u010distite i odmastite kontaktnu povr\u0161inu Sika sredstvom za \u010di\u0161\u0107enje ljepila (nije uklju\u010deno) ili benzinom (nije uklju\u010deno). Skinite za\u0161titnu foliju i \u010dvrsto pritisnite na mjesto. Ostavite da se stvrdne otprilike 24 sata. Temperatura obrade: cca 15-25\u00b0C.<\/p>\n<p>Duljina: 1,5 m<br \/>\n\u0160irina: 6 mm<br \/>\nMaterijal: EPDM<br \/>\nBoja: Crna<\/p>\n","protected":false},"excerpt":{"rendered":"<p>Univerzalni ki\u0161ni \u017elijeb za vrata kabine &#8211; 150 cm Za lijepljenje iznad vrata kabine Samoljepljivi \u017elijeb za ki\u0161nicu za vrata kabine Ki\u0161nica se preusmjerava Specijalni EPDM gumeni profil za vanjsku upotrebu na motornim vozilima (kvaliteta automobilske opreme). Trajno elasti\u010dan i dimenzijski stabilan. Duljina od 150 cm dovoljna je za ve\u0107inu vozila bez oluka. Tako\u0111er se [&hellip;]<\/p>\n","protected":false},"featured_media":24265,"comment_status":"open","ping_status":"closed","template":"","meta":{"_acf_changed":false,"_themeisle_gutenberg_block_has_review":false},"product_brand":[],"product_cat":[242,207],"product_tag":[],"class_list":{"0":"post-24264","1":"product","2":"type-product","3":"status-publish","4":"has-post-thumbnail","6":"product_cat-brtvila-profili","7":"product_cat-camping-furniture","9":"first","10":"instock","11":"shipping-taxable","12":"purchasable","13":"product-type-simple"},"acf":[],"yoast_head":"<!-- This site is optimized with the Yoast SEO plugin v27.5 - https:\/\/yoast.com\/product\/yoast-seo-wordpress\/ -->\n<title>\u017dlijeb ki\u0161ni za postavljanje iznad ulaznih vrata - 1,5 m | Petroni - rent | sale | service | conversions<\/title>\n<meta name=\"robots\" content=\"index, follow, max-snippet:-1, max-image-preview:large, max-video-preview:-1\" \/>\n<link rel=\"canonical\" href=\"https:\/\/www.petroni.hr\/en\/proizvod\/zlijeb-kisni-za-postavljanje-iznad-ulaznih-vrata-15-m\/\" \/>\n<meta property=\"og:locale\" content=\"en_US\" \/>\n<meta property=\"og:type\" content=\"article\" \/>\n<meta property=\"og:title\" content=\"\u017dlijeb ki\u0161ni za postavljanje iznad ulaznih vrata - 1,5 m | Petroni - rent | sale | service | conversions\" \/>\n<meta property=\"og:description\" content=\"Univerzalni ki\u0161ni \u017elijeb za vrata kabine &#8211; 150 cm Za lijepljenje iznad vrata kabine Samoljepljivi \u017elijeb za ki\u0161nicu za vrata kabine Ki\u0161nica se preusmjerava Specijalni EPDM gumeni profil za vanjsku upotrebu na motornim vozilima (kvaliteta automobilske opreme). Trajno elasti\u010dan i dimenzijski stabilan. Duljina od 150 cm dovoljna je za ve\u0107inu vozila bez oluka. Tako\u0111er se [&hellip;]\" \/>\n<meta property=\"og:url\" content=\"https:\/\/www.petroni.hr\/en\/proizvod\/zlijeb-kisni-za-postavljanje-iznad-ulaznih-vrata-15-m\/\" \/>\n<meta property=\"og:site_name\" content=\"Petroni - rent | sale | service | conversions\" \/>\n<meta property=\"article:publisher\" content=\"https:\/\/www.facebook.com\/Kamperi.Petroni.Sesvete\/?locale=hr_HR\" \/>\n<meta property=\"article:modified_time\" content=\"2025-08-23T13:14:24+00:00\" \/>\n<meta property=\"og:image\" content=\"https:\/\/www.petroni.hr\/wp-content\/uploads\/2025\/06\/zlijeb-kisni-za-iznad-vrata-1.jpg\" \/>\n\t<meta property=\"og:image:width\" content=\"650\" \/>\n\t<meta property=\"og:image:height\" content=\"431\" \/>\n\t<meta property=\"og:image:type\" content=\"image\/jpeg\" \/>\n<meta name=\"twitter:card\" content=\"summary_large_image\" \/>\n<meta name=\"twitter:label1\" content=\"Est. reading time\" \/>\n\t<meta name=\"twitter:data1\" content=\"1 minute\" \/>\n<script type=\"application\/ld+json\" class=\"yoast-schema-graph\">{\"@context\":\"https:\\\/\\\/schema.org\",\"@graph\":[{\"@type\":\"WebPage\",\"@id\":\"https:\\\/\\\/www.petroni.hr\\\/en\\\/proizvod\\\/zlijeb-kisni-za-postavljanje-iznad-ulaznih-vrata-15-m\\\/\",\"url\":\"https:\\\/\\\/www.petroni.hr\\\/en\\\/proizvod\\\/zlijeb-kisni-za-postavljanje-iznad-ulaznih-vrata-15-m\\\/\",\"name\":\"\u017dlijeb ki\u0161ni za postavljanje iznad ulaznih vrata - 1,5 m | Petroni - rent | sale | service | conversions\",\"isPartOf\":{\"@id\":\"https:\\\/\\\/www.petroni.hr\\\/en\\\/#website\"},\"primaryImageOfPage\":{\"@id\":\"https:\\\/\\\/www.petroni.hr\\\/en\\\/proizvod\\\/zlijeb-kisni-za-postavljanje-iznad-ulaznih-vrata-15-m\\\/#primaryimage\"},\"image\":{\"@id\":\"https:\\\/\\\/www.petroni.hr\\\/en\\\/proizvod\\\/zlijeb-kisni-za-postavljanje-iznad-ulaznih-vrata-15-m\\\/#primaryimage\"},\"thumbnailUrl\":\"https:\\\/\\\/www.petroni.hr\\\/wp-content\\\/uploads\\\/2025\\\/06\\\/zlijeb-kisni-za-iznad-vrata-1.jpg\",\"datePublished\":\"2025-06-21T07:24:59+00:00\",\"dateModified\":\"2025-08-23T13:14:24+00:00\",\"breadcrumb\":{\"@id\":\"https:\\\/\\\/www.petroni.hr\\\/en\\\/proizvod\\\/zlijeb-kisni-za-postavljanje-iznad-ulaznih-vrata-15-m\\\/#breadcrumb\"},\"inLanguage\":\"en-US\",\"potentialAction\":[{\"@type\":\"ReadAction\",\"target\":[\"https:\\\/\\\/www.petroni.hr\\\/en\\\/proizvod\\\/zlijeb-kisni-za-postavljanje-iznad-ulaznih-vrata-15-m\\\/\"]}]},{\"@type\":\"ImageObject\",\"inLanguage\":\"en-US\",\"@id\":\"https:\\\/\\\/www.petroni.hr\\\/en\\\/proizvod\\\/zlijeb-kisni-za-postavljanje-iznad-ulaznih-vrata-15-m\\\/#primaryimage\",\"url\":\"https:\\\/\\\/www.petroni.hr\\\/wp-content\\\/uploads\\\/2025\\\/06\\\/zlijeb-kisni-za-iznad-vrata-1.jpg\",\"contentUrl\":\"https:\\\/\\\/www.petroni.hr\\\/wp-content\\\/uploads\\\/2025\\\/06\\\/zlijeb-kisni-za-iznad-vrata-1.jpg\",\"width\":650,\"height\":431},{\"@type\":\"BreadcrumbList\",\"@id\":\"https:\\\/\\\/www.petroni.hr\\\/en\\\/proizvod\\\/zlijeb-kisni-za-postavljanje-iznad-ulaznih-vrata-15-m\\\/#breadcrumb\",\"itemListElement\":[{\"@type\":\"ListItem\",\"position\":1,\"name\":\"Po\u010detna stranica\",\"item\":\"https:\\\/\\\/www.petroni.hr\\\/en\\\/\"},{\"@type\":\"ListItem\",\"position\":2,\"name\":\"Shop\",\"item\":\"https:\\\/\\\/www.petroni.hr\\\/en\\\/shop\\\/\"},{\"@type\":\"ListItem\",\"position\":3,\"name\":\"\u017dlijeb ki\u0161ni za postavljanje iznad ulaznih vrata &#8211; 1,5 m\"}]},{\"@type\":\"WebSite\",\"@id\":\"https:\\\/\\\/www.petroni.hr\\\/en\\\/#website\",\"url\":\"https:\\\/\\\/www.petroni.hr\\\/en\\\/\",\"name\":\"Petroni.hr\",\"description\":\"Experience the unprecedented freedom of travel\",\"publisher\":{\"@id\":\"https:\\\/\\\/www.petroni.hr\\\/en\\\/#organization\"},\"alternateName\":\"Petroni\",\"potentialAction\":[{\"@type\":\"SearchAction\",\"target\":{\"@type\":\"EntryPoint\",\"urlTemplate\":\"https:\\\/\\\/www.petroni.hr\\\/en\\\/?s={search_term_string}\"},\"query-input\":{\"@type\":\"PropertyValueSpecification\",\"valueRequired\":true,\"valueName\":\"search_term_string\"}}],\"inLanguage\":\"en-US\"},{\"@type\":\"Organization\",\"@id\":\"https:\\\/\\\/www.petroni.hr\\\/en\\\/#organization\",\"name\":\"Petroni d.o.o.\",\"alternateName\":\"Petroni\",\"url\":\"https:\\\/\\\/www.petroni.hr\\\/en\\\/\",\"logo\":{\"@type\":\"ImageObject\",\"inLanguage\":\"en-US\",\"@id\":\"https:\\\/\\\/www.petroni.hr\\\/en\\\/#\\\/schema\\\/logo\\\/image\\\/\",\"url\":\"https:\\\/\\\/www.petroni.hr\\\/wp-content\\\/uploads\\\/2024\\\/03\\\/cropped-Group-3.jpg\",\"contentUrl\":\"https:\\\/\\\/www.petroni.hr\\\/wp-content\\\/uploads\\\/2024\\\/03\\\/cropped-Group-3.jpg\",\"width\":512,\"height\":512,\"caption\":\"Petroni d.o.o.\"},\"image\":{\"@id\":\"https:\\\/\\\/www.petroni.hr\\\/en\\\/#\\\/schema\\\/logo\\\/image\\\/\"},\"sameAs\":[\"https:\\\/\\\/www.facebook.com\\\/Kamperi.Petroni.Sesvete\\\/?locale=hr_HR\"]}]}<\/script>\n<!-- \/ Yoast SEO plugin. -->","yoast_head_json":{"title":"\u017dlijeb ki\u0161ni za postavljanje iznad ulaznih vrata - 1,5 m | Petroni - rent | sale | service | conversions","robots":{"index":"index","follow":"follow","max-snippet":"max-snippet:-1","max-image-preview":"max-image-preview:large","max-video-preview":"max-video-preview:-1"},"canonical":"https:\/\/www.petroni.hr\/en\/proizvod\/zlijeb-kisni-za-postavljanje-iznad-ulaznih-vrata-15-m\/","og_locale":"en_US","og_type":"article","og_title":"\u017dlijeb ki\u0161ni za postavljanje iznad ulaznih vrata - 1,5 m | Petroni - rent | sale | service | conversions","og_description":"Univerzalni ki\u0161ni \u017elijeb za vrata kabine &#8211; 150 cm Za lijepljenje iznad vrata kabine Samoljepljivi \u017elijeb za ki\u0161nicu za vrata kabine Ki\u0161nica se preusmjerava Specijalni EPDM gumeni profil za vanjsku upotrebu na motornim vozilima (kvaliteta automobilske opreme). Trajno elasti\u010dan i dimenzijski stabilan. Duljina od 150 cm dovoljna je za ve\u0107inu vozila bez oluka. Tako\u0111er se [&hellip;]","og_url":"https:\/\/www.petroni.hr\/en\/proizvod\/zlijeb-kisni-za-postavljanje-iznad-ulaznih-vrata-15-m\/","og_site_name":"Petroni - rent | sale | service | conversions","article_publisher":"https:\/\/www.facebook.com\/Kamperi.Petroni.Sesvete\/?locale=hr_HR","article_modified_time":"2025-08-23T13:14:24+00:00","og_image":[{"width":650,"height":431,"url":"https:\/\/www.petroni.hr\/wp-content\/uploads\/2025\/06\/zlijeb-kisni-za-iznad-vrata-1.jpg","type":"image\/jpeg"}],"twitter_card":"summary_large_image","twitter_misc":{"Est. reading time":"1 minute"},"schema":{"@context":"https:\/\/schema.org","@graph":[{"@type":"WebPage","@id":"https:\/\/www.petroni.hr\/en\/proizvod\/zlijeb-kisni-za-postavljanje-iznad-ulaznih-vrata-15-m\/","url":"https:\/\/www.petroni.hr\/en\/proizvod\/zlijeb-kisni-za-postavljanje-iznad-ulaznih-vrata-15-m\/","name":"\u017dlijeb ki\u0161ni za postavljanje iznad ulaznih vrata - 1,5 m | Petroni - rent | sale | service | conversions","isPartOf":{"@id":"https:\/\/www.petroni.hr\/en\/#website"},"primaryImageOfPage":{"@id":"https:\/\/www.petroni.hr\/en\/proizvod\/zlijeb-kisni-za-postavljanje-iznad-ulaznih-vrata-15-m\/#primaryimage"},"image":{"@id":"https:\/\/www.petroni.hr\/en\/proizvod\/zlijeb-kisni-za-postavljanje-iznad-ulaznih-vrata-15-m\/#primaryimage"},"thumbnailUrl":"https:\/\/www.petroni.hr\/wp-content\/uploads\/2025\/06\/zlijeb-kisni-za-iznad-vrata-1.jpg","datePublished":"2025-06-21T07:24:59+00:00","dateModified":"2025-08-23T13:14:24+00:00","breadcrumb":{"@id":"https:\/\/www.petroni.hr\/en\/proizvod\/zlijeb-kisni-za-postavljanje-iznad-ulaznih-vrata-15-m\/#breadcrumb"},"inLanguage":"en-US","potentialAction":[{"@type":"ReadAction","target":["https:\/\/www.petroni.hr\/en\/proizvod\/zlijeb-kisni-za-postavljanje-iznad-ulaznih-vrata-15-m\/"]}]},{"@type":"ImageObject","inLanguage":"en-US","@id":"https:\/\/www.petroni.hr\/en\/proizvod\/zlijeb-kisni-za-postavljanje-iznad-ulaznih-vrata-15-m\/#primaryimage","url":"https:\/\/www.petroni.hr\/wp-content\/uploads\/2025\/06\/zlijeb-kisni-za-iznad-vrata-1.jpg","contentUrl":"https:\/\/www.petroni.hr\/wp-content\/uploads\/2025\/06\/zlijeb-kisni-za-iznad-vrata-1.jpg","width":650,"height":431},{"@type":"BreadcrumbList","@id":"https:\/\/www.petroni.hr\/en\/proizvod\/zlijeb-kisni-za-postavljanje-iznad-ulaznih-vrata-15-m\/#breadcrumb","itemListElement":[{"@type":"ListItem","position":1,"name":"Po\u010detna stranica","item":"https:\/\/www.petroni.hr\/en\/"},{"@type":"ListItem","position":2,"name":"Shop","item":"https:\/\/www.petroni.hr\/en\/shop\/"},{"@type":"ListItem","position":3,"name":"\u017dlijeb ki\u0161ni za postavljanje iznad ulaznih vrata &#8211; 1,5 m"}]},{"@type":"WebSite","@id":"https:\/\/www.petroni.hr\/en\/#website","url":"https:\/\/www.petroni.hr\/en\/","name":"Petroni.hr","description":"Experience the unprecedented freedom of travel","publisher":{"@id":"https:\/\/www.petroni.hr\/en\/#organization"},"alternateName":"Petroni","potentialAction":[{"@type":"SearchAction","target":{"@type":"EntryPoint","urlTemplate":"https:\/\/www.petroni.hr\/en\/?s={search_term_string}"},"query-input":{"@type":"PropertyValueSpecification","valueRequired":true,"valueName":"search_term_string"}}],"inLanguage":"en-US"},{"@type":"Organization","@id":"https:\/\/www.petroni.hr\/en\/#organization","name":"Petroni d.o.o.","alternateName":"Petroni","url":"https:\/\/www.petroni.hr\/en\/","logo":{"@type":"ImageObject","inLanguage":"en-US","@id":"https:\/\/www.petroni.hr\/en\/#\/schema\/logo\/image\/","url":"https:\/\/www.petroni.hr\/wp-content\/uploads\/2024\/03\/cropped-Group-3.jpg","contentUrl":"https:\/\/www.petroni.hr\/wp-content\/uploads\/2024\/03\/cropped-Group-3.jpg","width":512,"height":512,"caption":"Petroni d.o.o."},"image":{"@id":"https:\/\/www.petroni.hr\/en\/#\/schema\/logo\/image\/"},"sameAs":["https:\/\/www.facebook.com\/Kamperi.Petroni.Sesvete\/?locale=hr_HR"]}]}},"_links":{"self":[{"href":"https:\/\/www.petroni.hr\/en\/wp-json\/wp\/v2\/product\/24264","targetHints":{"allow":["GET"]}}],"collection":[{"href":"https:\/\/www.petroni.hr\/en\/wp-json\/wp\/v2\/product"}],"about":[{"href":"https:\/\/www.petroni.hr\/en\/wp-json\/wp\/v2\/types\/product"}],"replies":[{"embeddable":true,"href":"https:\/\/www.petroni.hr\/en\/wp-json\/wp\/v2\/comments?post=24264"}],"wp:featuredmedia":[{"embeddable":true,"href":"https:\/\/www.petroni.hr\/en\/wp-json\/wp\/v2\/media\/24265"}],"wp:attachment":[{"href":"https:\/\/www.petroni.hr\/en\/wp-json\/wp\/v2\/media?parent=24264"}],"wp:term":[{"taxonomy":"product_brand","embeddable":true,"href":"https:\/\/www.petroni.hr\/en\/wp-json\/wp\/v2\/product_brand?post=24264"},{"taxonomy":"product_cat","embeddable":true,"href":"https:\/\/www.petroni.hr\/en\/wp-json\/wp\/v2\/product_cat?post=24264"},{"taxonomy":"product_tag","embeddable":true,"href":"https:\/\/www.petroni.hr\/en\/wp-json\/wp\/v2\/product_tag?post=24264"}],"curies":[{"name":"wp","href":"https:\/\/api.w.org\/{rel}","templated":true}]}}