{"id":24215,"date":"2025-06-20T13:16:23","date_gmt":"2025-06-20T12:16:23","guid":{"rendered":"https:\/\/www.petroni.hr\/?post_type=product&#038;p=24215"},"modified":"2025-06-20T13:16:24","modified_gmt":"2025-06-20T12:16:24","slug":"set-za-ucvrscivanje-tendi-fixgo-pegstop","status":"publish","type":"product","link":"https:\/\/www.petroni.hr\/en\/proizvod\/set-za-ucvrscivanje-tendi-fixgo-pegstop\/","title":{"rendered":"Set za u\u010dvr\u0161\u0107ivanje tendi Fix&#038;Go Peg&#038;Stop"},"content":{"rendered":"<p>Savr\u0161eno opremljen za kompaktno, meko, kao i tvrdo i kamenito tlo.<br \/>\nNoge tende sigurno su u\u010dvr\u0161\u0107ene i ne mogu utonuti u tlo niti se podi\u0107i.<br \/>\nPeg&amp;Stop omogu\u0107uje brzo i jednostavno pri\u010dvr\u0161\u0107ivanje stopice tende.<br \/>\nFix&amp;Go sidrena plo\u010da 2.0 omogu\u0107uje fleksibilno i brzo uvla\u010denje tende u bilo kojem trenutku.<br \/>\n1\/5 te\u017eine usporedivog seta klinova za \u0161ator.<\/p>\n<p>&nbsp;<\/p>\n<p>Za tende, stupove za \u0161atore ili trake za oluju svih vrsta. Noge za tende ili stupovi \u0161atora sigurno su pri\u010dvr\u0161\u0107eni izme\u0111u Fix&amp;Go plo\u010da za sidrenje i ne mogu uroniti u meko tlo niti se podi\u0107i. Sigurnosna matica vij\u010danog sustava podesiva po visini u\u010dvr\u0161\u0107uje plo\u010du, \u010dak i ako se klin ne mo\u017ee u potpunosti zavrnuti. Tende se mogu uvla\u010diti onoliko puta koliko \u017eelite jednostavnim otvaranjem kliza\u010da. Vij\u010dani klinovi sortirani su za sve uvjete tla. (Prethodno bu\u0161enje mo\u017ee biti od pomo\u0107i, posebno zimi). Kada do\u0111e vrijeme za polazak, jednostavno ih odvrnite \u2013 tako je jednostavno!<\/p>\n<p>Opseg isporuke: 6 Peg&amp;Stop S 16 cm, 6 sigurnosnih matica, 4 HP udarna klina 15 cm, 2 duga klina 32 cm, 6 L kuka, 2 Fix&amp;Go anker plo\u010de 2.0, 2 kuke za olujne udare, 1 kombinirani alat s aluminijskim adapterom za vijke, 1 naran\u010dasta vre\u0107ica<\/p>\n<p>Te\u017eina: 1,183 kg<br \/>\nBoja: plava\/naran\u010dasta<br \/>\nDuljina pakiranja: 85 cm<br \/>\n\u0160irina pakiranja: 55 cm<br \/>\nVisina pakiranja: 25 cm<\/p>\n<p>&nbsp;<\/p>\n","protected":false},"excerpt":{"rendered":"<p>Savr\u0161eno opremljen za kompaktno, meko, kao i tvrdo i kamenito tlo. Noge tende sigurno su u\u010dvr\u0161\u0107ene i ne mogu utonuti u tlo niti se podi\u0107i. Peg&amp;Stop omogu\u0107uje brzo i jednostavno pri\u010dvr\u0161\u0107ivanje stopice tende. Fix&amp;Go sidrena plo\u010da 2.0 omogu\u0107uje fleksibilno i brzo uvla\u010denje tende u bilo kojem trenutku. 1\/5 te\u017eine usporedivog seta klinova za \u0161ator. &nbsp; [&hellip;]<\/p>\n","protected":false},"featured_media":24218,"comment_status":"open","ping_status":"closed","template":"","meta":{"_acf_changed":false,"_themeisle_gutenberg_block_has_review":false},"product_brand":[],"product_cat":[219,359,208],"product_tag":[],"class_list":{"0":"post-24215","1":"product","2":"type-product","3":"status-publish","4":"has-post-thumbnail","6":"product_cat-awning-parts","7":"product_cat-predsator","8":"product_cat-awning-and-other","10":"first","11":"instock","12":"shipping-taxable","13":"purchasable","14":"product-type-simple"},"acf":[],"yoast_head":"<!-- This site is optimized with the Yoast SEO plugin v27.4 - https:\/\/yoast.com\/product\/yoast-seo-wordpress\/ -->\n<title>Set za u\u010dvr\u0161\u0107ivanje tendi Fix&amp;Go Peg&amp;Stop | Petroni - rent | sale | service | conversions<\/title>\n<meta name=\"robots\" content=\"index, follow, max-snippet:-1, max-image-preview:large, max-video-preview:-1\" \/>\n<link rel=\"canonical\" href=\"https:\/\/www.petroni.hr\/en\/proizvod\/set-za-ucvrscivanje-tendi-fixgo-pegstop\/\" \/>\n<meta property=\"og:locale\" content=\"en_US\" \/>\n<meta property=\"og:type\" content=\"article\" \/>\n<meta property=\"og:title\" content=\"Set za u\u010dvr\u0161\u0107ivanje tendi Fix&amp;Go Peg&amp;Stop | Petroni - rent | sale | service | conversions\" \/>\n<meta property=\"og:description\" content=\"Savr\u0161eno opremljen za kompaktno, meko, kao i tvrdo i kamenito tlo. Noge tende sigurno su u\u010dvr\u0161\u0107ene i ne mogu utonuti u tlo niti se podi\u0107i. Peg&amp;Stop omogu\u0107uje brzo i jednostavno pri\u010dvr\u0161\u0107ivanje stopice tende. Fix&amp;Go sidrena plo\u010da 2.0 omogu\u0107uje fleksibilno i brzo uvla\u010denje tende u bilo kojem trenutku. 1\/5 te\u017eine usporedivog seta klinova za \u0161ator. &nbsp; [&hellip;]\" \/>\n<meta property=\"og:url\" content=\"https:\/\/www.petroni.hr\/en\/proizvod\/set-za-ucvrscivanje-tendi-fixgo-pegstop\/\" \/>\n<meta property=\"og:site_name\" content=\"Petroni - rent | sale | service | conversions\" \/>\n<meta property=\"article:publisher\" content=\"https:\/\/www.facebook.com\/Kamperi.Petroni.Sesvete\/?locale=hr_HR\" \/>\n<meta property=\"article:modified_time\" content=\"2025-06-20T12:16:24+00:00\" \/>\n<meta property=\"og:image\" content=\"https:\/\/www.petroni.hr\/wp-content\/uploads\/2025\/06\/set-za-ucvrscivanje-tendi-i-predsatora-2.jpg\" \/>\n\t<meta property=\"og:image:width\" content=\"600\" \/>\n\t<meta property=\"og:image:height\" content=\"600\" \/>\n\t<meta property=\"og:image:type\" content=\"image\/jpeg\" \/>\n<meta name=\"twitter:card\" content=\"summary_large_image\" \/>\n<meta name=\"twitter:label1\" content=\"Est. reading time\" \/>\n\t<meta name=\"twitter:data1\" content=\"1 minute\" \/>\n<script type=\"application\/ld+json\" class=\"yoast-schema-graph\">{\"@context\":\"https:\\\/\\\/schema.org\",\"@graph\":[{\"@type\":\"WebPage\",\"@id\":\"https:\\\/\\\/www.petroni.hr\\\/en\\\/proizvod\\\/set-za-ucvrscivanje-tendi-fixgo-pegstop\\\/\",\"url\":\"https:\\\/\\\/www.petroni.hr\\\/en\\\/proizvod\\\/set-za-ucvrscivanje-tendi-fixgo-pegstop\\\/\",\"name\":\"Set za u\u010dvr\u0161\u0107ivanje tendi Fix&Go Peg&Stop | Petroni - rent | sale | service | conversions\",\"isPartOf\":{\"@id\":\"https:\\\/\\\/www.petroni.hr\\\/en\\\/#website\"},\"primaryImageOfPage\":{\"@id\":\"https:\\\/\\\/www.petroni.hr\\\/en\\\/proizvod\\\/set-za-ucvrscivanje-tendi-fixgo-pegstop\\\/#primaryimage\"},\"image\":{\"@id\":\"https:\\\/\\\/www.petroni.hr\\\/en\\\/proizvod\\\/set-za-ucvrscivanje-tendi-fixgo-pegstop\\\/#primaryimage\"},\"thumbnailUrl\":\"https:\\\/\\\/www.petroni.hr\\\/wp-content\\\/uploads\\\/2025\\\/06\\\/set-za-ucvrscivanje-tendi-i-predsatora-2.jpg\",\"datePublished\":\"2025-06-20T12:16:23+00:00\",\"dateModified\":\"2025-06-20T12:16:24+00:00\",\"breadcrumb\":{\"@id\":\"https:\\\/\\\/www.petroni.hr\\\/en\\\/proizvod\\\/set-za-ucvrscivanje-tendi-fixgo-pegstop\\\/#breadcrumb\"},\"inLanguage\":\"en-US\",\"potentialAction\":[{\"@type\":\"ReadAction\",\"target\":[\"https:\\\/\\\/www.petroni.hr\\\/en\\\/proizvod\\\/set-za-ucvrscivanje-tendi-fixgo-pegstop\\\/\"]}]},{\"@type\":\"ImageObject\",\"inLanguage\":\"en-US\",\"@id\":\"https:\\\/\\\/www.petroni.hr\\\/en\\\/proizvod\\\/set-za-ucvrscivanje-tendi-fixgo-pegstop\\\/#primaryimage\",\"url\":\"https:\\\/\\\/www.petroni.hr\\\/wp-content\\\/uploads\\\/2025\\\/06\\\/set-za-ucvrscivanje-tendi-i-predsatora-2.jpg\",\"contentUrl\":\"https:\\\/\\\/www.petroni.hr\\\/wp-content\\\/uploads\\\/2025\\\/06\\\/set-za-ucvrscivanje-tendi-i-predsatora-2.jpg\",\"width\":600,\"height\":600},{\"@type\":\"BreadcrumbList\",\"@id\":\"https:\\\/\\\/www.petroni.hr\\\/en\\\/proizvod\\\/set-za-ucvrscivanje-tendi-fixgo-pegstop\\\/#breadcrumb\",\"itemListElement\":[{\"@type\":\"ListItem\",\"position\":1,\"name\":\"Po\u010detna stranica\",\"item\":\"https:\\\/\\\/www.petroni.hr\\\/en\\\/\"},{\"@type\":\"ListItem\",\"position\":2,\"name\":\"Shop\",\"item\":\"https:\\\/\\\/www.petroni.hr\\\/en\\\/shop\\\/\"},{\"@type\":\"ListItem\",\"position\":3,\"name\":\"Set za u\u010dvr\u0161\u0107ivanje tendi Fix&#038;Go Peg&#038;Stop\"}]},{\"@type\":\"WebSite\",\"@id\":\"https:\\\/\\\/www.petroni.hr\\\/en\\\/#website\",\"url\":\"https:\\\/\\\/www.petroni.hr\\\/en\\\/\",\"name\":\"Petroni.hr\",\"description\":\"Experience the unprecedented freedom of travel\",\"publisher\":{\"@id\":\"https:\\\/\\\/www.petroni.hr\\\/en\\\/#organization\"},\"alternateName\":\"Petroni\",\"potentialAction\":[{\"@type\":\"SearchAction\",\"target\":{\"@type\":\"EntryPoint\",\"urlTemplate\":\"https:\\\/\\\/www.petroni.hr\\\/en\\\/?s={search_term_string}\"},\"query-input\":{\"@type\":\"PropertyValueSpecification\",\"valueRequired\":true,\"valueName\":\"search_term_string\"}}],\"inLanguage\":\"en-US\"},{\"@type\":\"Organization\",\"@id\":\"https:\\\/\\\/www.petroni.hr\\\/en\\\/#organization\",\"name\":\"Petroni d.o.o.\",\"alternateName\":\"Petroni\",\"url\":\"https:\\\/\\\/www.petroni.hr\\\/en\\\/\",\"logo\":{\"@type\":\"ImageObject\",\"inLanguage\":\"en-US\",\"@id\":\"https:\\\/\\\/www.petroni.hr\\\/en\\\/#\\\/schema\\\/logo\\\/image\\\/\",\"url\":\"https:\\\/\\\/www.petroni.hr\\\/wp-content\\\/uploads\\\/2024\\\/03\\\/cropped-Group-3.jpg\",\"contentUrl\":\"https:\\\/\\\/www.petroni.hr\\\/wp-content\\\/uploads\\\/2024\\\/03\\\/cropped-Group-3.jpg\",\"width\":512,\"height\":512,\"caption\":\"Petroni d.o.o.\"},\"image\":{\"@id\":\"https:\\\/\\\/www.petroni.hr\\\/en\\\/#\\\/schema\\\/logo\\\/image\\\/\"},\"sameAs\":[\"https:\\\/\\\/www.facebook.com\\\/Kamperi.Petroni.Sesvete\\\/?locale=hr_HR\"]}]}<\/script>\n<!-- \/ Yoast SEO plugin. -->","yoast_head_json":{"title":"Set za u\u010dvr\u0161\u0107ivanje tendi Fix&Go Peg&Stop | Petroni - rent | sale | service | conversions","robots":{"index":"index","follow":"follow","max-snippet":"max-snippet:-1","max-image-preview":"max-image-preview:large","max-video-preview":"max-video-preview:-1"},"canonical":"https:\/\/www.petroni.hr\/en\/proizvod\/set-za-ucvrscivanje-tendi-fixgo-pegstop\/","og_locale":"en_US","og_type":"article","og_title":"Set za u\u010dvr\u0161\u0107ivanje tendi Fix&Go Peg&Stop | Petroni - rent | sale | service | conversions","og_description":"Savr\u0161eno opremljen za kompaktno, meko, kao i tvrdo i kamenito tlo. Noge tende sigurno su u\u010dvr\u0161\u0107ene i ne mogu utonuti u tlo niti se podi\u0107i. Peg&amp;Stop omogu\u0107uje brzo i jednostavno pri\u010dvr\u0161\u0107ivanje stopice tende. Fix&amp;Go sidrena plo\u010da 2.0 omogu\u0107uje fleksibilno i brzo uvla\u010denje tende u bilo kojem trenutku. 1\/5 te\u017eine usporedivog seta klinova za \u0161ator. &nbsp; [&hellip;]","og_url":"https:\/\/www.petroni.hr\/en\/proizvod\/set-za-ucvrscivanje-tendi-fixgo-pegstop\/","og_site_name":"Petroni - rent | sale | service | conversions","article_publisher":"https:\/\/www.facebook.com\/Kamperi.Petroni.Sesvete\/?locale=hr_HR","article_modified_time":"2025-06-20T12:16:24+00:00","og_image":[{"width":600,"height":600,"url":"https:\/\/www.petroni.hr\/wp-content\/uploads\/2025\/06\/set-za-ucvrscivanje-tendi-i-predsatora-2.jpg","type":"image\/jpeg"}],"twitter_card":"summary_large_image","twitter_misc":{"Est. reading time":"1 minute"},"schema":{"@context":"https:\/\/schema.org","@graph":[{"@type":"WebPage","@id":"https:\/\/www.petroni.hr\/en\/proizvod\/set-za-ucvrscivanje-tendi-fixgo-pegstop\/","url":"https:\/\/www.petroni.hr\/en\/proizvod\/set-za-ucvrscivanje-tendi-fixgo-pegstop\/","name":"Set za u\u010dvr\u0161\u0107ivanje tendi Fix&Go Peg&Stop | Petroni - rent | sale | service | conversions","isPartOf":{"@id":"https:\/\/www.petroni.hr\/en\/#website"},"primaryImageOfPage":{"@id":"https:\/\/www.petroni.hr\/en\/proizvod\/set-za-ucvrscivanje-tendi-fixgo-pegstop\/#primaryimage"},"image":{"@id":"https:\/\/www.petroni.hr\/en\/proizvod\/set-za-ucvrscivanje-tendi-fixgo-pegstop\/#primaryimage"},"thumbnailUrl":"https:\/\/www.petroni.hr\/wp-content\/uploads\/2025\/06\/set-za-ucvrscivanje-tendi-i-predsatora-2.jpg","datePublished":"2025-06-20T12:16:23+00:00","dateModified":"2025-06-20T12:16:24+00:00","breadcrumb":{"@id":"https:\/\/www.petroni.hr\/en\/proizvod\/set-za-ucvrscivanje-tendi-fixgo-pegstop\/#breadcrumb"},"inLanguage":"en-US","potentialAction":[{"@type":"ReadAction","target":["https:\/\/www.petroni.hr\/en\/proizvod\/set-za-ucvrscivanje-tendi-fixgo-pegstop\/"]}]},{"@type":"ImageObject","inLanguage":"en-US","@id":"https:\/\/www.petroni.hr\/en\/proizvod\/set-za-ucvrscivanje-tendi-fixgo-pegstop\/#primaryimage","url":"https:\/\/www.petroni.hr\/wp-content\/uploads\/2025\/06\/set-za-ucvrscivanje-tendi-i-predsatora-2.jpg","contentUrl":"https:\/\/www.petroni.hr\/wp-content\/uploads\/2025\/06\/set-za-ucvrscivanje-tendi-i-predsatora-2.jpg","width":600,"height":600},{"@type":"BreadcrumbList","@id":"https:\/\/www.petroni.hr\/en\/proizvod\/set-za-ucvrscivanje-tendi-fixgo-pegstop\/#breadcrumb","itemListElement":[{"@type":"ListItem","position":1,"name":"Po\u010detna stranica","item":"https:\/\/www.petroni.hr\/en\/"},{"@type":"ListItem","position":2,"name":"Shop","item":"https:\/\/www.petroni.hr\/en\/shop\/"},{"@type":"ListItem","position":3,"name":"Set za u\u010dvr\u0161\u0107ivanje tendi Fix&#038;Go Peg&#038;Stop"}]},{"@type":"WebSite","@id":"https:\/\/www.petroni.hr\/en\/#website","url":"https:\/\/www.petroni.hr\/en\/","name":"Petroni.hr","description":"Experience the unprecedented freedom of travel","publisher":{"@id":"https:\/\/www.petroni.hr\/en\/#organization"},"alternateName":"Petroni","potentialAction":[{"@type":"SearchAction","target":{"@type":"EntryPoint","urlTemplate":"https:\/\/www.petroni.hr\/en\/?s={search_term_string}"},"query-input":{"@type":"PropertyValueSpecification","valueRequired":true,"valueName":"search_term_string"}}],"inLanguage":"en-US"},{"@type":"Organization","@id":"https:\/\/www.petroni.hr\/en\/#organization","name":"Petroni d.o.o.","alternateName":"Petroni","url":"https:\/\/www.petroni.hr\/en\/","logo":{"@type":"ImageObject","inLanguage":"en-US","@id":"https:\/\/www.petroni.hr\/en\/#\/schema\/logo\/image\/","url":"https:\/\/www.petroni.hr\/wp-content\/uploads\/2024\/03\/cropped-Group-3.jpg","contentUrl":"https:\/\/www.petroni.hr\/wp-content\/uploads\/2024\/03\/cropped-Group-3.jpg","width":512,"height":512,"caption":"Petroni d.o.o."},"image":{"@id":"https:\/\/www.petroni.hr\/en\/#\/schema\/logo\/image\/"},"sameAs":["https:\/\/www.facebook.com\/Kamperi.Petroni.Sesvete\/?locale=hr_HR"]}]}},"_links":{"self":[{"href":"https:\/\/www.petroni.hr\/en\/wp-json\/wp\/v2\/product\/24215","targetHints":{"allow":["GET"]}}],"collection":[{"href":"https:\/\/www.petroni.hr\/en\/wp-json\/wp\/v2\/product"}],"about":[{"href":"https:\/\/www.petroni.hr\/en\/wp-json\/wp\/v2\/types\/product"}],"replies":[{"embeddable":true,"href":"https:\/\/www.petroni.hr\/en\/wp-json\/wp\/v2\/comments?post=24215"}],"wp:featuredmedia":[{"embeddable":true,"href":"https:\/\/www.petroni.hr\/en\/wp-json\/wp\/v2\/media\/24218"}],"wp:attachment":[{"href":"https:\/\/www.petroni.hr\/en\/wp-json\/wp\/v2\/media?parent=24215"}],"wp:term":[{"taxonomy":"product_brand","embeddable":true,"href":"https:\/\/www.petroni.hr\/en\/wp-json\/wp\/v2\/product_brand?post=24215"},{"taxonomy":"product_cat","embeddable":true,"href":"https:\/\/www.petroni.hr\/en\/wp-json\/wp\/v2\/product_cat?post=24215"},{"taxonomy":"product_tag","embeddable":true,"href":"https:\/\/www.petroni.hr\/en\/wp-json\/wp\/v2\/product_tag?post=24215"}],"curies":[{"name":"wp","href":"https:\/\/api.w.org\/{rel}","templated":true}]}}