{"id":23838,"date":"2025-05-19T13:22:31","date_gmt":"2025-05-19T12:22:31","guid":{"rendered":"https:\/\/www.petroni.hr\/?post_type=product&#038;p=23838"},"modified":"2025-05-19T13:25:53","modified_gmt":"2025-05-19T12:25:53","slug":"stol-pomocni-53x38x64cm","status":"publish","type":"product","link":"https:\/\/www.petroni.hr\/en\/proizvod\/stol-pomocni-53x38x64cm\/","title":{"rendered":"Stol pomo\u0107ni 53x38x64cm"},"content":{"rendered":"<p>Stol za kampiranje Butler &#8211; Klasi\u010dni pomo\u0107ni stol<\/p>\n<p>Pomo\u0107ni stoli\u0107 za kampiranje, balkon i terasu<br \/>\nIdealan pomo\u0107ni stoli\u0107 za balkon i terasu<br \/>\nSklopivi stol za kampiranje<br \/>\nOtvoren jednom rukom<br \/>\nLagan<br \/>\n\u010cvrsti aluminijski stol otporan na vremenske uvjete<\/p>\n<p>Vrlo kompaktan i lagan sklopivi stol koji se mo\u017ee postaviti u jednom jednostavnom koraku. Idealan kao pomo\u0107ni stoli\u0107 za balkon i terasu. Otporan na vremenske uvjete zahvaljuju\u0107i okviru i plo\u010di.<\/p>\n<p>\u0160irina: 38 cm<br \/>\nDubina: 53 cm<br \/>\nVisina: 64 cm<br \/>\nPodesiva visina: Ne<br \/>\nMaterijal okvira: aluminij<br \/>\nBoja okvira: siva<br \/>\nMaterijal plo\u010de: aluminij<br \/>\nDekorativni tanjur: Jednobojni &#8211; svijetlo sivi<br \/>\nTe\u017eina: 2,3 kg<br \/>\nDuljina pakiranja: 79 cm<br \/>\n\u0160irina pakiranja: 55 cm<br \/>\nVisina pakiranja: 9 cm<\/p>\n","protected":false},"excerpt":{"rendered":"<p>Stol za kampiranje Butler &#8211; Klasi\u010dni pomo\u0107ni stol Pomo\u0107ni stoli\u0107 za kampiranje, balkon i terasu Idealan pomo\u0107ni stoli\u0107 za balkon i terasu Sklopivi stol za kampiranje Otvoren jednom rukom Lagan \u010cvrsti aluminijski stol otporan na vremenske uvjete Vrlo kompaktan i lagan sklopivi stol koji se mo\u017ee postaviti u jednom jednostavnom koraku. Idealan kao pomo\u0107ni stoli\u0107 [&hellip;]<\/p>\n","protected":false},"featured_media":23839,"comment_status":"open","ping_status":"closed","template":"","meta":{"_acf_changed":false,"_themeisle_gutenberg_block_has_review":false},"product_brand":[],"product_cat":[207,209],"product_tag":[],"class_list":{"0":"post-23838","1":"product","2":"type-product","3":"status-publish","4":"has-post-thumbnail","6":"product_cat-camping-furniture","7":"product_cat-outdoor-leisure","9":"first","10":"instock","11":"shipping-taxable","12":"purchasable","13":"product-type-simple"},"acf":[],"yoast_head":"<!-- This site is optimized with the Yoast SEO plugin v27.5 - https:\/\/yoast.com\/product\/yoast-seo-wordpress\/ -->\n<title>Stol pomo\u0107ni 53x38x64cm | Petroni - rent | sale | service | conversions<\/title>\n<meta name=\"robots\" content=\"index, follow, max-snippet:-1, max-image-preview:large, max-video-preview:-1\" \/>\n<link rel=\"canonical\" href=\"https:\/\/www.petroni.hr\/en\/proizvod\/stol-pomocni-53x38x64cm\/\" \/>\n<meta property=\"og:locale\" content=\"en_US\" \/>\n<meta property=\"og:type\" content=\"article\" \/>\n<meta property=\"og:title\" content=\"Stol pomo\u0107ni 53x38x64cm | Petroni - rent | sale | service | conversions\" \/>\n<meta property=\"og:description\" content=\"Stol za kampiranje Butler &#8211; Klasi\u010dni pomo\u0107ni stol Pomo\u0107ni stoli\u0107 za kampiranje, balkon i terasu Idealan pomo\u0107ni stoli\u0107 za balkon i terasu Sklopivi stol za kampiranje Otvoren jednom rukom Lagan \u010cvrsti aluminijski stol otporan na vremenske uvjete Vrlo kompaktan i lagan sklopivi stol koji se mo\u017ee postaviti u jednom jednostavnom koraku. Idealan kao pomo\u0107ni stoli\u0107 [&hellip;]\" \/>\n<meta property=\"og:url\" content=\"https:\/\/www.petroni.hr\/en\/proizvod\/stol-pomocni-53x38x64cm\/\" \/>\n<meta property=\"og:site_name\" content=\"Petroni - rent | sale | service | conversions\" \/>\n<meta property=\"article:publisher\" content=\"https:\/\/www.facebook.com\/Kamperi.Petroni.Sesvete\/?locale=hr_HR\" \/>\n<meta property=\"article:modified_time\" content=\"2025-05-19T12:25:53+00:00\" \/>\n<meta property=\"og:image\" content=\"https:\/\/www.petroni.hr\/wp-content\/uploads\/2025\/05\/stol-pomocni-1.jpg\" \/>\n\t<meta property=\"og:image:width\" content=\"800\" \/>\n\t<meta property=\"og:image:height\" content=\"587\" \/>\n\t<meta property=\"og:image:type\" content=\"image\/jpeg\" \/>\n<meta name=\"twitter:card\" content=\"summary_large_image\" \/>\n<meta name=\"twitter:label1\" content=\"Est. reading time\" \/>\n\t<meta name=\"twitter:data1\" content=\"1 minute\" \/>\n<script type=\"application\/ld+json\" class=\"yoast-schema-graph\">{\"@context\":\"https:\\\/\\\/schema.org\",\"@graph\":[{\"@type\":\"WebPage\",\"@id\":\"https:\\\/\\\/www.petroni.hr\\\/en\\\/proizvod\\\/stol-pomocni-53x38x64cm\\\/\",\"url\":\"https:\\\/\\\/www.petroni.hr\\\/en\\\/proizvod\\\/stol-pomocni-53x38x64cm\\\/\",\"name\":\"Stol pomo\u0107ni 53x38x64cm | Petroni - rent | sale | service | conversions\",\"isPartOf\":{\"@id\":\"https:\\\/\\\/www.petroni.hr\\\/en\\\/#website\"},\"primaryImageOfPage\":{\"@id\":\"https:\\\/\\\/www.petroni.hr\\\/en\\\/proizvod\\\/stol-pomocni-53x38x64cm\\\/#primaryimage\"},\"image\":{\"@id\":\"https:\\\/\\\/www.petroni.hr\\\/en\\\/proizvod\\\/stol-pomocni-53x38x64cm\\\/#primaryimage\"},\"thumbnailUrl\":\"https:\\\/\\\/www.petroni.hr\\\/wp-content\\\/uploads\\\/2025\\\/05\\\/stol-pomocni-1.jpg\",\"datePublished\":\"2025-05-19T12:22:31+00:00\",\"dateModified\":\"2025-05-19T12:25:53+00:00\",\"breadcrumb\":{\"@id\":\"https:\\\/\\\/www.petroni.hr\\\/en\\\/proizvod\\\/stol-pomocni-53x38x64cm\\\/#breadcrumb\"},\"inLanguage\":\"en-US\",\"potentialAction\":[{\"@type\":\"ReadAction\",\"target\":[\"https:\\\/\\\/www.petroni.hr\\\/en\\\/proizvod\\\/stol-pomocni-53x38x64cm\\\/\"]}]},{\"@type\":\"ImageObject\",\"inLanguage\":\"en-US\",\"@id\":\"https:\\\/\\\/www.petroni.hr\\\/en\\\/proizvod\\\/stol-pomocni-53x38x64cm\\\/#primaryimage\",\"url\":\"https:\\\/\\\/www.petroni.hr\\\/wp-content\\\/uploads\\\/2025\\\/05\\\/stol-pomocni-1.jpg\",\"contentUrl\":\"https:\\\/\\\/www.petroni.hr\\\/wp-content\\\/uploads\\\/2025\\\/05\\\/stol-pomocni-1.jpg\",\"width\":800,\"height\":587},{\"@type\":\"BreadcrumbList\",\"@id\":\"https:\\\/\\\/www.petroni.hr\\\/en\\\/proizvod\\\/stol-pomocni-53x38x64cm\\\/#breadcrumb\",\"itemListElement\":[{\"@type\":\"ListItem\",\"position\":1,\"name\":\"Po\u010detna stranica\",\"item\":\"https:\\\/\\\/www.petroni.hr\\\/en\\\/\"},{\"@type\":\"ListItem\",\"position\":2,\"name\":\"Shop\",\"item\":\"https:\\\/\\\/www.petroni.hr\\\/en\\\/shop\\\/\"},{\"@type\":\"ListItem\",\"position\":3,\"name\":\"Stol pomo\u0107ni 53x38x64cm\"}]},{\"@type\":\"WebSite\",\"@id\":\"https:\\\/\\\/www.petroni.hr\\\/en\\\/#website\",\"url\":\"https:\\\/\\\/www.petroni.hr\\\/en\\\/\",\"name\":\"Petroni.hr\",\"description\":\"Experience the unprecedented freedom of travel\",\"publisher\":{\"@id\":\"https:\\\/\\\/www.petroni.hr\\\/en\\\/#organization\"},\"alternateName\":\"Petroni\",\"potentialAction\":[{\"@type\":\"SearchAction\",\"target\":{\"@type\":\"EntryPoint\",\"urlTemplate\":\"https:\\\/\\\/www.petroni.hr\\\/en\\\/?s={search_term_string}\"},\"query-input\":{\"@type\":\"PropertyValueSpecification\",\"valueRequired\":true,\"valueName\":\"search_term_string\"}}],\"inLanguage\":\"en-US\"},{\"@type\":\"Organization\",\"@id\":\"https:\\\/\\\/www.petroni.hr\\\/en\\\/#organization\",\"name\":\"Petroni d.o.o.\",\"alternateName\":\"Petroni\",\"url\":\"https:\\\/\\\/www.petroni.hr\\\/en\\\/\",\"logo\":{\"@type\":\"ImageObject\",\"inLanguage\":\"en-US\",\"@id\":\"https:\\\/\\\/www.petroni.hr\\\/en\\\/#\\\/schema\\\/logo\\\/image\\\/\",\"url\":\"https:\\\/\\\/www.petroni.hr\\\/wp-content\\\/uploads\\\/2024\\\/03\\\/cropped-Group-3.jpg\",\"contentUrl\":\"https:\\\/\\\/www.petroni.hr\\\/wp-content\\\/uploads\\\/2024\\\/03\\\/cropped-Group-3.jpg\",\"width\":512,\"height\":512,\"caption\":\"Petroni d.o.o.\"},\"image\":{\"@id\":\"https:\\\/\\\/www.petroni.hr\\\/en\\\/#\\\/schema\\\/logo\\\/image\\\/\"},\"sameAs\":[\"https:\\\/\\\/www.facebook.com\\\/Kamperi.Petroni.Sesvete\\\/?locale=hr_HR\"]}]}<\/script>\n<!-- \/ Yoast SEO plugin. -->","yoast_head_json":{"title":"Stol pomo\u0107ni 53x38x64cm | Petroni - rent | sale | service | conversions","robots":{"index":"index","follow":"follow","max-snippet":"max-snippet:-1","max-image-preview":"max-image-preview:large","max-video-preview":"max-video-preview:-1"},"canonical":"https:\/\/www.petroni.hr\/en\/proizvod\/stol-pomocni-53x38x64cm\/","og_locale":"en_US","og_type":"article","og_title":"Stol pomo\u0107ni 53x38x64cm | Petroni - rent | sale | service | conversions","og_description":"Stol za kampiranje Butler &#8211; Klasi\u010dni pomo\u0107ni stol Pomo\u0107ni stoli\u0107 za kampiranje, balkon i terasu Idealan pomo\u0107ni stoli\u0107 za balkon i terasu Sklopivi stol za kampiranje Otvoren jednom rukom Lagan \u010cvrsti aluminijski stol otporan na vremenske uvjete Vrlo kompaktan i lagan sklopivi stol koji se mo\u017ee postaviti u jednom jednostavnom koraku. Idealan kao pomo\u0107ni stoli\u0107 [&hellip;]","og_url":"https:\/\/www.petroni.hr\/en\/proizvod\/stol-pomocni-53x38x64cm\/","og_site_name":"Petroni - rent | sale | service | conversions","article_publisher":"https:\/\/www.facebook.com\/Kamperi.Petroni.Sesvete\/?locale=hr_HR","article_modified_time":"2025-05-19T12:25:53+00:00","og_image":[{"width":800,"height":587,"url":"https:\/\/www.petroni.hr\/wp-content\/uploads\/2025\/05\/stol-pomocni-1.jpg","type":"image\/jpeg"}],"twitter_card":"summary_large_image","twitter_misc":{"Est. reading time":"1 minute"},"schema":{"@context":"https:\/\/schema.org","@graph":[{"@type":"WebPage","@id":"https:\/\/www.petroni.hr\/en\/proizvod\/stol-pomocni-53x38x64cm\/","url":"https:\/\/www.petroni.hr\/en\/proizvod\/stol-pomocni-53x38x64cm\/","name":"Stol pomo\u0107ni 53x38x64cm | Petroni - rent | sale | service | conversions","isPartOf":{"@id":"https:\/\/www.petroni.hr\/en\/#website"},"primaryImageOfPage":{"@id":"https:\/\/www.petroni.hr\/en\/proizvod\/stol-pomocni-53x38x64cm\/#primaryimage"},"image":{"@id":"https:\/\/www.petroni.hr\/en\/proizvod\/stol-pomocni-53x38x64cm\/#primaryimage"},"thumbnailUrl":"https:\/\/www.petroni.hr\/wp-content\/uploads\/2025\/05\/stol-pomocni-1.jpg","datePublished":"2025-05-19T12:22:31+00:00","dateModified":"2025-05-19T12:25:53+00:00","breadcrumb":{"@id":"https:\/\/www.petroni.hr\/en\/proizvod\/stol-pomocni-53x38x64cm\/#breadcrumb"},"inLanguage":"en-US","potentialAction":[{"@type":"ReadAction","target":["https:\/\/www.petroni.hr\/en\/proizvod\/stol-pomocni-53x38x64cm\/"]}]},{"@type":"ImageObject","inLanguage":"en-US","@id":"https:\/\/www.petroni.hr\/en\/proizvod\/stol-pomocni-53x38x64cm\/#primaryimage","url":"https:\/\/www.petroni.hr\/wp-content\/uploads\/2025\/05\/stol-pomocni-1.jpg","contentUrl":"https:\/\/www.petroni.hr\/wp-content\/uploads\/2025\/05\/stol-pomocni-1.jpg","width":800,"height":587},{"@type":"BreadcrumbList","@id":"https:\/\/www.petroni.hr\/en\/proizvod\/stol-pomocni-53x38x64cm\/#breadcrumb","itemListElement":[{"@type":"ListItem","position":1,"name":"Po\u010detna stranica","item":"https:\/\/www.petroni.hr\/en\/"},{"@type":"ListItem","position":2,"name":"Shop","item":"https:\/\/www.petroni.hr\/en\/shop\/"},{"@type":"ListItem","position":3,"name":"Stol pomo\u0107ni 53x38x64cm"}]},{"@type":"WebSite","@id":"https:\/\/www.petroni.hr\/en\/#website","url":"https:\/\/www.petroni.hr\/en\/","name":"Petroni.hr","description":"Experience the unprecedented freedom of travel","publisher":{"@id":"https:\/\/www.petroni.hr\/en\/#organization"},"alternateName":"Petroni","potentialAction":[{"@type":"SearchAction","target":{"@type":"EntryPoint","urlTemplate":"https:\/\/www.petroni.hr\/en\/?s={search_term_string}"},"query-input":{"@type":"PropertyValueSpecification","valueRequired":true,"valueName":"search_term_string"}}],"inLanguage":"en-US"},{"@type":"Organization","@id":"https:\/\/www.petroni.hr\/en\/#organization","name":"Petroni d.o.o.","alternateName":"Petroni","url":"https:\/\/www.petroni.hr\/en\/","logo":{"@type":"ImageObject","inLanguage":"en-US","@id":"https:\/\/www.petroni.hr\/en\/#\/schema\/logo\/image\/","url":"https:\/\/www.petroni.hr\/wp-content\/uploads\/2024\/03\/cropped-Group-3.jpg","contentUrl":"https:\/\/www.petroni.hr\/wp-content\/uploads\/2024\/03\/cropped-Group-3.jpg","width":512,"height":512,"caption":"Petroni d.o.o."},"image":{"@id":"https:\/\/www.petroni.hr\/en\/#\/schema\/logo\/image\/"},"sameAs":["https:\/\/www.facebook.com\/Kamperi.Petroni.Sesvete\/?locale=hr_HR"]}]}},"_links":{"self":[{"href":"https:\/\/www.petroni.hr\/en\/wp-json\/wp\/v2\/product\/23838","targetHints":{"allow":["GET"]}}],"collection":[{"href":"https:\/\/www.petroni.hr\/en\/wp-json\/wp\/v2\/product"}],"about":[{"href":"https:\/\/www.petroni.hr\/en\/wp-json\/wp\/v2\/types\/product"}],"replies":[{"embeddable":true,"href":"https:\/\/www.petroni.hr\/en\/wp-json\/wp\/v2\/comments?post=23838"}],"wp:featuredmedia":[{"embeddable":true,"href":"https:\/\/www.petroni.hr\/en\/wp-json\/wp\/v2\/media\/23839"}],"wp:attachment":[{"href":"https:\/\/www.petroni.hr\/en\/wp-json\/wp\/v2\/media?parent=23838"}],"wp:term":[{"taxonomy":"product_brand","embeddable":true,"href":"https:\/\/www.petroni.hr\/en\/wp-json\/wp\/v2\/product_brand?post=23838"},{"taxonomy":"product_cat","embeddable":true,"href":"https:\/\/www.petroni.hr\/en\/wp-json\/wp\/v2\/product_cat?post=23838"},{"taxonomy":"product_tag","embeddable":true,"href":"https:\/\/www.petroni.hr\/en\/wp-json\/wp\/v2\/product_tag?post=23838"}],"curies":[{"name":"wp","href":"https:\/\/api.w.org\/{rel}","templated":true}]}}