{"id":23790,"date":"2025-05-19T09:59:16","date_gmt":"2025-05-19T08:59:16","guid":{"rendered":"https:\/\/www.petroni.hr\/?post_type=product&#038;p=23790"},"modified":"2025-05-19T10:01:33","modified_gmt":"2025-05-19T09:01:33","slug":"stolica-kamperska-barrosa-crno-plava","status":"publish","type":"product","link":"https:\/\/www.petroni.hr\/en\/proizvod\/stolica-kamperska-barrosa-crno-plava\/","title":{"rendered":"Stolica kamperska Barrosa crno\/plava"},"content":{"rendered":"<p>Vrlo udobna sklopiva stolica<br \/>\nGrije vas u hladnijim danima<br \/>\nRobusni \u010delik premazan prahom<br \/>\nIdealno za opu\u0161tanje<br \/>\nSklopiti i spremiti u jednom jednostavnom koraku<br \/>\nLagana<br \/>\nuklj. prakti\u010dna torba za no\u0161enje<\/p>\n<p>&nbsp;<\/p>\n<p>Bilo da se dru\u017eite ili sjedite, u Barrosi \u0107ete se odmah opustiti. Sklopiva stolica vrlo je udoban suputnik, a idealna je i za hladnije dane. Nosivost do 120 kg.<\/p>\n<p>Opseg isporuke: 1 sklopiva stolica<br \/>\n\u0160irina: 63 cm<br \/>\nVisina: 88 cm<br \/>\nDubina: 56 cm<br \/>\n\u0160irina sjedala: 52 cm<br \/>\nVisina sjedala: 40 cm<br \/>\nDubina sjedala: 48 cm<br \/>\nNosivost: 120 kg<br \/>\nTe\u017eina: 2,6 kg<br \/>\n\u0160irina pakiranja: 49 cm<br \/>\nVisina pakiranja: 73 cm<br \/>\nDubina pakiranja: 11 cm<br \/>\nMaterijal okvira: \u010delik<br \/>\nBoja: crna\/plava<br \/>\nBoja okvira: siva<br \/>\nS torbom: Da<\/p>\n","protected":false},"excerpt":{"rendered":"<p>Vrlo udobna sklopiva stolica Grije vas u hladnijim danima Robusni \u010delik premazan prahom Idealno za opu\u0161tanje Sklopiti i spremiti u jednom jednostavnom koraku Lagana uklj. prakti\u010dna torba za no\u0161enje &nbsp; Bilo da se dru\u017eite ili sjedite, u Barrosi \u0107ete se odmah opustiti. Sklopiva stolica vrlo je udoban suputnik, a idealna je i za hladnije dane. [&hellip;]<\/p>\n","protected":false},"featured_media":23791,"comment_status":"open","ping_status":"closed","template":"","meta":{"_acf_changed":false,"_themeisle_gutenberg_block_has_review":false},"product_brand":[],"product_cat":[325,207,209],"product_tag":[],"class_list":{"0":"post-23790","1":"product","2":"type-product","3":"status-publish","4":"has-post-thumbnail","6":"product_cat-akcija","7":"product_cat-camping-furniture","8":"product_cat-outdoor-leisure","10":"first","11":"instock","12":"sale","13":"shipping-taxable","14":"purchasable","15":"product-type-simple"},"acf":[],"yoast_head":"<!-- This site is optimized with the Yoast SEO plugin v27.4 - https:\/\/yoast.com\/product\/yoast-seo-wordpress\/ -->\n<title>Stolica kamperska Barrosa crno\/plava | Petroni - rent | sale | service | conversions<\/title>\n<meta name=\"robots\" content=\"index, follow, max-snippet:-1, max-image-preview:large, max-video-preview:-1\" \/>\n<link rel=\"canonical\" href=\"https:\/\/www.petroni.hr\/en\/proizvod\/stolica-kamperska-barrosa-crno-plava\/\" \/>\n<meta property=\"og:locale\" content=\"en_US\" \/>\n<meta property=\"og:type\" content=\"article\" \/>\n<meta property=\"og:title\" content=\"Stolica kamperska Barrosa crno\/plava | Petroni - rent | sale | service | conversions\" \/>\n<meta property=\"og:description\" content=\"Vrlo udobna sklopiva stolica Grije vas u hladnijim danima Robusni \u010delik premazan prahom Idealno za opu\u0161tanje Sklopiti i spremiti u jednom jednostavnom koraku Lagana uklj. prakti\u010dna torba za no\u0161enje &nbsp; Bilo da se dru\u017eite ili sjedite, u Barrosi \u0107ete se odmah opustiti. Sklopiva stolica vrlo je udoban suputnik, a idealna je i za hladnije dane. [&hellip;]\" \/>\n<meta property=\"og:url\" content=\"https:\/\/www.petroni.hr\/en\/proizvod\/stolica-kamperska-barrosa-crno-plava\/\" \/>\n<meta property=\"og:site_name\" content=\"Petroni - rent | sale | service | conversions\" \/>\n<meta property=\"article:publisher\" content=\"https:\/\/www.facebook.com\/Kamperi.Petroni.Sesvete\/?locale=hr_HR\" \/>\n<meta property=\"article:modified_time\" content=\"2025-05-19T09:01:33+00:00\" \/>\n<meta property=\"og:image\" content=\"https:\/\/www.petroni.hr\/wp-content\/uploads\/2025\/05\/stolica-za-kampiranje-1.jpg\" \/>\n\t<meta property=\"og:image:width\" content=\"450\" \/>\n\t<meta property=\"og:image:height\" content=\"600\" \/>\n\t<meta property=\"og:image:type\" content=\"image\/jpeg\" \/>\n<meta name=\"twitter:card\" content=\"summary_large_image\" \/>\n<meta name=\"twitter:label1\" content=\"Est. reading time\" \/>\n\t<meta name=\"twitter:data1\" content=\"1 minute\" \/>\n<script type=\"application\/ld+json\" class=\"yoast-schema-graph\">{\"@context\":\"https:\\\/\\\/schema.org\",\"@graph\":[{\"@type\":\"WebPage\",\"@id\":\"https:\\\/\\\/www.petroni.hr\\\/en\\\/proizvod\\\/stolica-kamperska-barrosa-crno-plava\\\/\",\"url\":\"https:\\\/\\\/www.petroni.hr\\\/en\\\/proizvod\\\/stolica-kamperska-barrosa-crno-plava\\\/\",\"name\":\"Stolica kamperska Barrosa crno\\\/plava | Petroni - rent | sale | service | conversions\",\"isPartOf\":{\"@id\":\"https:\\\/\\\/www.petroni.hr\\\/en\\\/#website\"},\"primaryImageOfPage\":{\"@id\":\"https:\\\/\\\/www.petroni.hr\\\/en\\\/proizvod\\\/stolica-kamperska-barrosa-crno-plava\\\/#primaryimage\"},\"image\":{\"@id\":\"https:\\\/\\\/www.petroni.hr\\\/en\\\/proizvod\\\/stolica-kamperska-barrosa-crno-plava\\\/#primaryimage\"},\"thumbnailUrl\":\"https:\\\/\\\/www.petroni.hr\\\/wp-content\\\/uploads\\\/2025\\\/05\\\/stolica-za-kampiranje-1.jpg\",\"datePublished\":\"2025-05-19T08:59:16+00:00\",\"dateModified\":\"2025-05-19T09:01:33+00:00\",\"breadcrumb\":{\"@id\":\"https:\\\/\\\/www.petroni.hr\\\/en\\\/proizvod\\\/stolica-kamperska-barrosa-crno-plava\\\/#breadcrumb\"},\"inLanguage\":\"en-US\",\"potentialAction\":[{\"@type\":\"ReadAction\",\"target\":[\"https:\\\/\\\/www.petroni.hr\\\/en\\\/proizvod\\\/stolica-kamperska-barrosa-crno-plava\\\/\"]}]},{\"@type\":\"ImageObject\",\"inLanguage\":\"en-US\",\"@id\":\"https:\\\/\\\/www.petroni.hr\\\/en\\\/proizvod\\\/stolica-kamperska-barrosa-crno-plava\\\/#primaryimage\",\"url\":\"https:\\\/\\\/www.petroni.hr\\\/wp-content\\\/uploads\\\/2025\\\/05\\\/stolica-za-kampiranje-1.jpg\",\"contentUrl\":\"https:\\\/\\\/www.petroni.hr\\\/wp-content\\\/uploads\\\/2025\\\/05\\\/stolica-za-kampiranje-1.jpg\",\"width\":450,\"height\":600},{\"@type\":\"BreadcrumbList\",\"@id\":\"https:\\\/\\\/www.petroni.hr\\\/en\\\/proizvod\\\/stolica-kamperska-barrosa-crno-plava\\\/#breadcrumb\",\"itemListElement\":[{\"@type\":\"ListItem\",\"position\":1,\"name\":\"Po\u010detna stranica\",\"item\":\"https:\\\/\\\/www.petroni.hr\\\/en\\\/\"},{\"@type\":\"ListItem\",\"position\":2,\"name\":\"Shop\",\"item\":\"https:\\\/\\\/www.petroni.hr\\\/en\\\/shop\\\/\"},{\"@type\":\"ListItem\",\"position\":3,\"name\":\"Stolica kamperska Barrosa crno\\\/plava\"}]},{\"@type\":\"WebSite\",\"@id\":\"https:\\\/\\\/www.petroni.hr\\\/en\\\/#website\",\"url\":\"https:\\\/\\\/www.petroni.hr\\\/en\\\/\",\"name\":\"Petroni.hr\",\"description\":\"Experience the unprecedented freedom of travel\",\"publisher\":{\"@id\":\"https:\\\/\\\/www.petroni.hr\\\/en\\\/#organization\"},\"alternateName\":\"Petroni\",\"potentialAction\":[{\"@type\":\"SearchAction\",\"target\":{\"@type\":\"EntryPoint\",\"urlTemplate\":\"https:\\\/\\\/www.petroni.hr\\\/en\\\/?s={search_term_string}\"},\"query-input\":{\"@type\":\"PropertyValueSpecification\",\"valueRequired\":true,\"valueName\":\"search_term_string\"}}],\"inLanguage\":\"en-US\"},{\"@type\":\"Organization\",\"@id\":\"https:\\\/\\\/www.petroni.hr\\\/en\\\/#organization\",\"name\":\"Petroni d.o.o.\",\"alternateName\":\"Petroni\",\"url\":\"https:\\\/\\\/www.petroni.hr\\\/en\\\/\",\"logo\":{\"@type\":\"ImageObject\",\"inLanguage\":\"en-US\",\"@id\":\"https:\\\/\\\/www.petroni.hr\\\/en\\\/#\\\/schema\\\/logo\\\/image\\\/\",\"url\":\"https:\\\/\\\/www.petroni.hr\\\/wp-content\\\/uploads\\\/2024\\\/03\\\/cropped-Group-3.jpg\",\"contentUrl\":\"https:\\\/\\\/www.petroni.hr\\\/wp-content\\\/uploads\\\/2024\\\/03\\\/cropped-Group-3.jpg\",\"width\":512,\"height\":512,\"caption\":\"Petroni d.o.o.\"},\"image\":{\"@id\":\"https:\\\/\\\/www.petroni.hr\\\/en\\\/#\\\/schema\\\/logo\\\/image\\\/\"},\"sameAs\":[\"https:\\\/\\\/www.facebook.com\\\/Kamperi.Petroni.Sesvete\\\/?locale=hr_HR\"]}]}<\/script>\n<!-- \/ Yoast SEO plugin. -->","yoast_head_json":{"title":"Stolica kamperska Barrosa crno\/plava | Petroni - rent | sale | service | conversions","robots":{"index":"index","follow":"follow","max-snippet":"max-snippet:-1","max-image-preview":"max-image-preview:large","max-video-preview":"max-video-preview:-1"},"canonical":"https:\/\/www.petroni.hr\/en\/proizvod\/stolica-kamperska-barrosa-crno-plava\/","og_locale":"en_US","og_type":"article","og_title":"Stolica kamperska Barrosa crno\/plava | Petroni - rent | sale | service | conversions","og_description":"Vrlo udobna sklopiva stolica Grije vas u hladnijim danima Robusni \u010delik premazan prahom Idealno za opu\u0161tanje Sklopiti i spremiti u jednom jednostavnom koraku Lagana uklj. prakti\u010dna torba za no\u0161enje &nbsp; Bilo da se dru\u017eite ili sjedite, u Barrosi \u0107ete se odmah opustiti. Sklopiva stolica vrlo je udoban suputnik, a idealna je i za hladnije dane. [&hellip;]","og_url":"https:\/\/www.petroni.hr\/en\/proizvod\/stolica-kamperska-barrosa-crno-plava\/","og_site_name":"Petroni - rent | sale | service | conversions","article_publisher":"https:\/\/www.facebook.com\/Kamperi.Petroni.Sesvete\/?locale=hr_HR","article_modified_time":"2025-05-19T09:01:33+00:00","og_image":[{"width":450,"height":600,"url":"https:\/\/www.petroni.hr\/wp-content\/uploads\/2025\/05\/stolica-za-kampiranje-1.jpg","type":"image\/jpeg"}],"twitter_card":"summary_large_image","twitter_misc":{"Est. reading time":"1 minute"},"schema":{"@context":"https:\/\/schema.org","@graph":[{"@type":"WebPage","@id":"https:\/\/www.petroni.hr\/en\/proizvod\/stolica-kamperska-barrosa-crno-plava\/","url":"https:\/\/www.petroni.hr\/en\/proizvod\/stolica-kamperska-barrosa-crno-plava\/","name":"Stolica kamperska Barrosa crno\/plava | Petroni - rent | sale | service | conversions","isPartOf":{"@id":"https:\/\/www.petroni.hr\/en\/#website"},"primaryImageOfPage":{"@id":"https:\/\/www.petroni.hr\/en\/proizvod\/stolica-kamperska-barrosa-crno-plava\/#primaryimage"},"image":{"@id":"https:\/\/www.petroni.hr\/en\/proizvod\/stolica-kamperska-barrosa-crno-plava\/#primaryimage"},"thumbnailUrl":"https:\/\/www.petroni.hr\/wp-content\/uploads\/2025\/05\/stolica-za-kampiranje-1.jpg","datePublished":"2025-05-19T08:59:16+00:00","dateModified":"2025-05-19T09:01:33+00:00","breadcrumb":{"@id":"https:\/\/www.petroni.hr\/en\/proizvod\/stolica-kamperska-barrosa-crno-plava\/#breadcrumb"},"inLanguage":"en-US","potentialAction":[{"@type":"ReadAction","target":["https:\/\/www.petroni.hr\/en\/proizvod\/stolica-kamperska-barrosa-crno-plava\/"]}]},{"@type":"ImageObject","inLanguage":"en-US","@id":"https:\/\/www.petroni.hr\/en\/proizvod\/stolica-kamperska-barrosa-crno-plava\/#primaryimage","url":"https:\/\/www.petroni.hr\/wp-content\/uploads\/2025\/05\/stolica-za-kampiranje-1.jpg","contentUrl":"https:\/\/www.petroni.hr\/wp-content\/uploads\/2025\/05\/stolica-za-kampiranje-1.jpg","width":450,"height":600},{"@type":"BreadcrumbList","@id":"https:\/\/www.petroni.hr\/en\/proizvod\/stolica-kamperska-barrosa-crno-plava\/#breadcrumb","itemListElement":[{"@type":"ListItem","position":1,"name":"Po\u010detna stranica","item":"https:\/\/www.petroni.hr\/en\/"},{"@type":"ListItem","position":2,"name":"Shop","item":"https:\/\/www.petroni.hr\/en\/shop\/"},{"@type":"ListItem","position":3,"name":"Stolica kamperska Barrosa crno\/plava"}]},{"@type":"WebSite","@id":"https:\/\/www.petroni.hr\/en\/#website","url":"https:\/\/www.petroni.hr\/en\/","name":"Petroni.hr","description":"Experience the unprecedented freedom of travel","publisher":{"@id":"https:\/\/www.petroni.hr\/en\/#organization"},"alternateName":"Petroni","potentialAction":[{"@type":"SearchAction","target":{"@type":"EntryPoint","urlTemplate":"https:\/\/www.petroni.hr\/en\/?s={search_term_string}"},"query-input":{"@type":"PropertyValueSpecification","valueRequired":true,"valueName":"search_term_string"}}],"inLanguage":"en-US"},{"@type":"Organization","@id":"https:\/\/www.petroni.hr\/en\/#organization","name":"Petroni d.o.o.","alternateName":"Petroni","url":"https:\/\/www.petroni.hr\/en\/","logo":{"@type":"ImageObject","inLanguage":"en-US","@id":"https:\/\/www.petroni.hr\/en\/#\/schema\/logo\/image\/","url":"https:\/\/www.petroni.hr\/wp-content\/uploads\/2024\/03\/cropped-Group-3.jpg","contentUrl":"https:\/\/www.petroni.hr\/wp-content\/uploads\/2024\/03\/cropped-Group-3.jpg","width":512,"height":512,"caption":"Petroni d.o.o."},"image":{"@id":"https:\/\/www.petroni.hr\/en\/#\/schema\/logo\/image\/"},"sameAs":["https:\/\/www.facebook.com\/Kamperi.Petroni.Sesvete\/?locale=hr_HR"]}]}},"_links":{"self":[{"href":"https:\/\/www.petroni.hr\/en\/wp-json\/wp\/v2\/product\/23790","targetHints":{"allow":["GET"]}}],"collection":[{"href":"https:\/\/www.petroni.hr\/en\/wp-json\/wp\/v2\/product"}],"about":[{"href":"https:\/\/www.petroni.hr\/en\/wp-json\/wp\/v2\/types\/product"}],"replies":[{"embeddable":true,"href":"https:\/\/www.petroni.hr\/en\/wp-json\/wp\/v2\/comments?post=23790"}],"wp:featuredmedia":[{"embeddable":true,"href":"https:\/\/www.petroni.hr\/en\/wp-json\/wp\/v2\/media\/23791"}],"wp:attachment":[{"href":"https:\/\/www.petroni.hr\/en\/wp-json\/wp\/v2\/media?parent=23790"}],"wp:term":[{"taxonomy":"product_brand","embeddable":true,"href":"https:\/\/www.petroni.hr\/en\/wp-json\/wp\/v2\/product_brand?post=23790"},{"taxonomy":"product_cat","embeddable":true,"href":"https:\/\/www.petroni.hr\/en\/wp-json\/wp\/v2\/product_cat?post=23790"},{"taxonomy":"product_tag","embeddable":true,"href":"https:\/\/www.petroni.hr\/en\/wp-json\/wp\/v2\/product_tag?post=23790"}],"curies":[{"name":"wp","href":"https:\/\/api.w.org\/{rel}","templated":true}]}}