{"id":23775,"date":"2025-05-15T08:58:01","date_gmt":"2025-05-15T07:58:01","guid":{"rendered":"https:\/\/www.petroni.hr\/?post_type=product&#038;p=23775"},"modified":"2026-01-31T17:07:39","modified_gmt":"2026-01-31T16:07:39","slug":"televizor-smart-carbest-12v-led-185","status":"publish","type":"product","link":"https:\/\/www.petroni.hr\/en\/proizvod\/televizor-smart-carbest-12v-led-185\/","title":{"rendered":"Televizor smart Carbest 12v LED 18,5&#8243;"},"content":{"rendered":"<p>Za potpuno multimedijsko iskustvo<br \/>\nWiFi, DVB-S2 (SAT), DVB-C (kabelska), DVB-T2 s HD (zemaljski)<br \/>\n\u0160iroki kut gledanja<br \/>\nEkstra tanko ku\u0107i\u0161te<br \/>\nAndroid sustav<\/p>\n<p>Potro\u0161nja: 36 W<br \/>\nPotro\u0161nja energije: 16 kWh\/god<br \/>\nRezolucija (piksela): 1366&#215;768 px<br \/>\nTuner: DVB-S2, DVB-T2, DVB-C<br \/>\n\u0160irina: 436 mm<br \/>\nVisina: 304 mm<br \/>\nDubina: 160 mm<br \/>\nTe\u017eina: 1,9 kg<br \/>\nPovezivanje: HDMI, 2x USB 2.0, 1x VGA, 1x PC audio, 1x CI+ utor, 1x AV, 1x RJ45<br \/>\nKlasa energetske u\u010dinkovitosti: F<\/p>\n<p>&nbsp;<\/p>\n","protected":false},"excerpt":{"rendered":"<p>Za potpuno multimedijsko iskustvo WiFi, DVB-S2 (SAT), DVB-C (kabelska), DVB-T2 s HD (zemaljski) \u0160iroki kut gledanja Ekstra tanko ku\u0107i\u0161te Android sustav Potro\u0161nja: 36 W Potro\u0161nja energije: 16 kWh\/god Rezolucija (piksela): 1366&#215;768 px Tuner: DVB-S2, DVB-T2, DVB-C \u0160irina: 436 mm Visina: 304 mm Dubina: 160 mm Te\u017eina: 1,9 kg Povezivanje: HDMI, 2x USB 2.0, 1x VGA, [&hellip;]<\/p>\n","protected":false},"featured_media":23776,"comment_status":"open","ping_status":"closed","template":"","meta":{"_acf_changed":false,"_themeisle_gutenberg_block_has_review":false},"product_brand":[],"product_cat":[215,370],"product_tag":[],"class_list":{"0":"post-23775","1":"product","2":"type-product","3":"status-publish","4":"has-post-thumbnail","6":"product_cat-multimedia-2","7":"product_cat-televizori-i-oprema","9":"first","10":"instock","11":"shipping-taxable","12":"purchasable","13":"product-type-simple"},"acf":[],"yoast_head":"<!-- This site is optimized with the Yoast SEO plugin v27.4 - https:\/\/yoast.com\/product\/yoast-seo-wordpress\/ -->\n<title>Televizor smart Carbest 12v LED 18,5&quot; | Petroni - rent | sale | service | conversions<\/title>\n<meta name=\"robots\" content=\"index, follow, max-snippet:-1, max-image-preview:large, max-video-preview:-1\" \/>\n<link rel=\"canonical\" href=\"https:\/\/www.petroni.hr\/en\/proizvod\/televizor-smart-carbest-12v-led-185\/\" \/>\n<meta property=\"og:locale\" content=\"en_US\" \/>\n<meta property=\"og:type\" content=\"article\" \/>\n<meta property=\"og:title\" content=\"Televizor smart Carbest 12v LED 18,5&quot; | Petroni - rent | sale | service | conversions\" \/>\n<meta property=\"og:description\" content=\"Za potpuno multimedijsko iskustvo WiFi, DVB-S2 (SAT), DVB-C (kabelska), DVB-T2 s HD (zemaljski) \u0160iroki kut gledanja Ekstra tanko ku\u0107i\u0161te Android sustav Potro\u0161nja: 36 W Potro\u0161nja energije: 16 kWh\/god Rezolucija (piksela): 1366&#215;768 px Tuner: DVB-S2, DVB-T2, DVB-C \u0160irina: 436 mm Visina: 304 mm Dubina: 160 mm Te\u017eina: 1,9 kg Povezivanje: HDMI, 2x USB 2.0, 1x VGA, [&hellip;]\" \/>\n<meta property=\"og:url\" content=\"https:\/\/www.petroni.hr\/en\/proizvod\/televizor-smart-carbest-12v-led-185\/\" \/>\n<meta property=\"og:site_name\" content=\"Petroni - rent | sale | service | conversions\" \/>\n<meta property=\"article:publisher\" content=\"https:\/\/www.facebook.com\/Kamperi.Petroni.Sesvete\/?locale=hr_HR\" \/>\n<meta property=\"article:modified_time\" content=\"2026-01-31T16:07:39+00:00\" \/>\n<meta property=\"og:image\" content=\"https:\/\/www.petroni.hr\/wp-content\/uploads\/2025\/05\/Televizor-smart-LED-185-1.jpg\" \/>\n\t<meta property=\"og:image:width\" content=\"500\" \/>\n\t<meta property=\"og:image:height\" content=\"390\" \/>\n\t<meta property=\"og:image:type\" content=\"image\/jpeg\" \/>\n<meta name=\"twitter:card\" content=\"summary_large_image\" \/>\n<script type=\"application\/ld+json\" class=\"yoast-schema-graph\">{\"@context\":\"https:\\\/\\\/schema.org\",\"@graph\":[{\"@type\":\"WebPage\",\"@id\":\"https:\\\/\\\/www.petroni.hr\\\/en\\\/proizvod\\\/televizor-smart-carbest-12v-led-185\\\/\",\"url\":\"https:\\\/\\\/www.petroni.hr\\\/en\\\/proizvod\\\/televizor-smart-carbest-12v-led-185\\\/\",\"name\":\"Televizor smart Carbest 12v LED 18,5\\\" | Petroni - rent | sale | service | conversions\",\"isPartOf\":{\"@id\":\"https:\\\/\\\/www.petroni.hr\\\/en\\\/#website\"},\"primaryImageOfPage\":{\"@id\":\"https:\\\/\\\/www.petroni.hr\\\/en\\\/proizvod\\\/televizor-smart-carbest-12v-led-185\\\/#primaryimage\"},\"image\":{\"@id\":\"https:\\\/\\\/www.petroni.hr\\\/en\\\/proizvod\\\/televizor-smart-carbest-12v-led-185\\\/#primaryimage\"},\"thumbnailUrl\":\"https:\\\/\\\/www.petroni.hr\\\/wp-content\\\/uploads\\\/2025\\\/05\\\/Televizor-smart-LED-185-1.jpg\",\"datePublished\":\"2025-05-15T07:58:01+00:00\",\"dateModified\":\"2026-01-31T16:07:39+00:00\",\"breadcrumb\":{\"@id\":\"https:\\\/\\\/www.petroni.hr\\\/en\\\/proizvod\\\/televizor-smart-carbest-12v-led-185\\\/#breadcrumb\"},\"inLanguage\":\"en-US\",\"potentialAction\":[{\"@type\":\"ReadAction\",\"target\":[\"https:\\\/\\\/www.petroni.hr\\\/en\\\/proizvod\\\/televizor-smart-carbest-12v-led-185\\\/\"]}]},{\"@type\":\"ImageObject\",\"inLanguage\":\"en-US\",\"@id\":\"https:\\\/\\\/www.petroni.hr\\\/en\\\/proizvod\\\/televizor-smart-carbest-12v-led-185\\\/#primaryimage\",\"url\":\"https:\\\/\\\/www.petroni.hr\\\/wp-content\\\/uploads\\\/2025\\\/05\\\/Televizor-smart-LED-185-1.jpg\",\"contentUrl\":\"https:\\\/\\\/www.petroni.hr\\\/wp-content\\\/uploads\\\/2025\\\/05\\\/Televizor-smart-LED-185-1.jpg\",\"width\":500,\"height\":390},{\"@type\":\"BreadcrumbList\",\"@id\":\"https:\\\/\\\/www.petroni.hr\\\/en\\\/proizvod\\\/televizor-smart-carbest-12v-led-185\\\/#breadcrumb\",\"itemListElement\":[{\"@type\":\"ListItem\",\"position\":1,\"name\":\"Po\u010detna stranica\",\"item\":\"https:\\\/\\\/www.petroni.hr\\\/en\\\/\"},{\"@type\":\"ListItem\",\"position\":2,\"name\":\"Shop\",\"item\":\"https:\\\/\\\/www.petroni.hr\\\/en\\\/shop\\\/\"},{\"@type\":\"ListItem\",\"position\":3,\"name\":\"Televizor smart Carbest 12v LED 18,5&#8243;\"}]},{\"@type\":\"WebSite\",\"@id\":\"https:\\\/\\\/www.petroni.hr\\\/en\\\/#website\",\"url\":\"https:\\\/\\\/www.petroni.hr\\\/en\\\/\",\"name\":\"Petroni.hr\",\"description\":\"Experience the unprecedented freedom of travel\",\"publisher\":{\"@id\":\"https:\\\/\\\/www.petroni.hr\\\/en\\\/#organization\"},\"alternateName\":\"Petroni\",\"potentialAction\":[{\"@type\":\"SearchAction\",\"target\":{\"@type\":\"EntryPoint\",\"urlTemplate\":\"https:\\\/\\\/www.petroni.hr\\\/en\\\/?s={search_term_string}\"},\"query-input\":{\"@type\":\"PropertyValueSpecification\",\"valueRequired\":true,\"valueName\":\"search_term_string\"}}],\"inLanguage\":\"en-US\"},{\"@type\":\"Organization\",\"@id\":\"https:\\\/\\\/www.petroni.hr\\\/en\\\/#organization\",\"name\":\"Petroni d.o.o.\",\"alternateName\":\"Petroni\",\"url\":\"https:\\\/\\\/www.petroni.hr\\\/en\\\/\",\"logo\":{\"@type\":\"ImageObject\",\"inLanguage\":\"en-US\",\"@id\":\"https:\\\/\\\/www.petroni.hr\\\/en\\\/#\\\/schema\\\/logo\\\/image\\\/\",\"url\":\"https:\\\/\\\/www.petroni.hr\\\/wp-content\\\/uploads\\\/2024\\\/03\\\/cropped-Group-3.jpg\",\"contentUrl\":\"https:\\\/\\\/www.petroni.hr\\\/wp-content\\\/uploads\\\/2024\\\/03\\\/cropped-Group-3.jpg\",\"width\":512,\"height\":512,\"caption\":\"Petroni d.o.o.\"},\"image\":{\"@id\":\"https:\\\/\\\/www.petroni.hr\\\/en\\\/#\\\/schema\\\/logo\\\/image\\\/\"},\"sameAs\":[\"https:\\\/\\\/www.facebook.com\\\/Kamperi.Petroni.Sesvete\\\/?locale=hr_HR\"]}]}<\/script>\n<!-- \/ Yoast SEO plugin. -->","yoast_head_json":{"title":"Televizor smart Carbest 12v LED 18,5\" | Petroni - rent | sale | service | conversions","robots":{"index":"index","follow":"follow","max-snippet":"max-snippet:-1","max-image-preview":"max-image-preview:large","max-video-preview":"max-video-preview:-1"},"canonical":"https:\/\/www.petroni.hr\/en\/proizvod\/televizor-smart-carbest-12v-led-185\/","og_locale":"en_US","og_type":"article","og_title":"Televizor smart Carbest 12v LED 18,5\" | Petroni - rent | sale | service | conversions","og_description":"Za potpuno multimedijsko iskustvo WiFi, DVB-S2 (SAT), DVB-C (kabelska), DVB-T2 s HD (zemaljski) \u0160iroki kut gledanja Ekstra tanko ku\u0107i\u0161te Android sustav Potro\u0161nja: 36 W Potro\u0161nja energije: 16 kWh\/god Rezolucija (piksela): 1366&#215;768 px Tuner: DVB-S2, DVB-T2, DVB-C \u0160irina: 436 mm Visina: 304 mm Dubina: 160 mm Te\u017eina: 1,9 kg Povezivanje: HDMI, 2x USB 2.0, 1x VGA, [&hellip;]","og_url":"https:\/\/www.petroni.hr\/en\/proizvod\/televizor-smart-carbest-12v-led-185\/","og_site_name":"Petroni - rent | sale | service | conversions","article_publisher":"https:\/\/www.facebook.com\/Kamperi.Petroni.Sesvete\/?locale=hr_HR","article_modified_time":"2026-01-31T16:07:39+00:00","og_image":[{"width":500,"height":390,"url":"https:\/\/www.petroni.hr\/wp-content\/uploads\/2025\/05\/Televizor-smart-LED-185-1.jpg","type":"image\/jpeg"}],"twitter_card":"summary_large_image","schema":{"@context":"https:\/\/schema.org","@graph":[{"@type":"WebPage","@id":"https:\/\/www.petroni.hr\/en\/proizvod\/televizor-smart-carbest-12v-led-185\/","url":"https:\/\/www.petroni.hr\/en\/proizvod\/televizor-smart-carbest-12v-led-185\/","name":"Televizor smart Carbest 12v LED 18,5\" | Petroni - rent | sale | service | conversions","isPartOf":{"@id":"https:\/\/www.petroni.hr\/en\/#website"},"primaryImageOfPage":{"@id":"https:\/\/www.petroni.hr\/en\/proizvod\/televizor-smart-carbest-12v-led-185\/#primaryimage"},"image":{"@id":"https:\/\/www.petroni.hr\/en\/proizvod\/televizor-smart-carbest-12v-led-185\/#primaryimage"},"thumbnailUrl":"https:\/\/www.petroni.hr\/wp-content\/uploads\/2025\/05\/Televizor-smart-LED-185-1.jpg","datePublished":"2025-05-15T07:58:01+00:00","dateModified":"2026-01-31T16:07:39+00:00","breadcrumb":{"@id":"https:\/\/www.petroni.hr\/en\/proizvod\/televizor-smart-carbest-12v-led-185\/#breadcrumb"},"inLanguage":"en-US","potentialAction":[{"@type":"ReadAction","target":["https:\/\/www.petroni.hr\/en\/proizvod\/televizor-smart-carbest-12v-led-185\/"]}]},{"@type":"ImageObject","inLanguage":"en-US","@id":"https:\/\/www.petroni.hr\/en\/proizvod\/televizor-smart-carbest-12v-led-185\/#primaryimage","url":"https:\/\/www.petroni.hr\/wp-content\/uploads\/2025\/05\/Televizor-smart-LED-185-1.jpg","contentUrl":"https:\/\/www.petroni.hr\/wp-content\/uploads\/2025\/05\/Televizor-smart-LED-185-1.jpg","width":500,"height":390},{"@type":"BreadcrumbList","@id":"https:\/\/www.petroni.hr\/en\/proizvod\/televizor-smart-carbest-12v-led-185\/#breadcrumb","itemListElement":[{"@type":"ListItem","position":1,"name":"Po\u010detna stranica","item":"https:\/\/www.petroni.hr\/en\/"},{"@type":"ListItem","position":2,"name":"Shop","item":"https:\/\/www.petroni.hr\/en\/shop\/"},{"@type":"ListItem","position":3,"name":"Televizor smart Carbest 12v LED 18,5&#8243;"}]},{"@type":"WebSite","@id":"https:\/\/www.petroni.hr\/en\/#website","url":"https:\/\/www.petroni.hr\/en\/","name":"Petroni.hr","description":"Experience the unprecedented freedom of travel","publisher":{"@id":"https:\/\/www.petroni.hr\/en\/#organization"},"alternateName":"Petroni","potentialAction":[{"@type":"SearchAction","target":{"@type":"EntryPoint","urlTemplate":"https:\/\/www.petroni.hr\/en\/?s={search_term_string}"},"query-input":{"@type":"PropertyValueSpecification","valueRequired":true,"valueName":"search_term_string"}}],"inLanguage":"en-US"},{"@type":"Organization","@id":"https:\/\/www.petroni.hr\/en\/#organization","name":"Petroni d.o.o.","alternateName":"Petroni","url":"https:\/\/www.petroni.hr\/en\/","logo":{"@type":"ImageObject","inLanguage":"en-US","@id":"https:\/\/www.petroni.hr\/en\/#\/schema\/logo\/image\/","url":"https:\/\/www.petroni.hr\/wp-content\/uploads\/2024\/03\/cropped-Group-3.jpg","contentUrl":"https:\/\/www.petroni.hr\/wp-content\/uploads\/2024\/03\/cropped-Group-3.jpg","width":512,"height":512,"caption":"Petroni d.o.o."},"image":{"@id":"https:\/\/www.petroni.hr\/en\/#\/schema\/logo\/image\/"},"sameAs":["https:\/\/www.facebook.com\/Kamperi.Petroni.Sesvete\/?locale=hr_HR"]}]}},"_links":{"self":[{"href":"https:\/\/www.petroni.hr\/en\/wp-json\/wp\/v2\/product\/23775","targetHints":{"allow":["GET"]}}],"collection":[{"href":"https:\/\/www.petroni.hr\/en\/wp-json\/wp\/v2\/product"}],"about":[{"href":"https:\/\/www.petroni.hr\/en\/wp-json\/wp\/v2\/types\/product"}],"replies":[{"embeddable":true,"href":"https:\/\/www.petroni.hr\/en\/wp-json\/wp\/v2\/comments?post=23775"}],"wp:featuredmedia":[{"embeddable":true,"href":"https:\/\/www.petroni.hr\/en\/wp-json\/wp\/v2\/media\/23776"}],"wp:attachment":[{"href":"https:\/\/www.petroni.hr\/en\/wp-json\/wp\/v2\/media?parent=23775"}],"wp:term":[{"taxonomy":"product_brand","embeddable":true,"href":"https:\/\/www.petroni.hr\/en\/wp-json\/wp\/v2\/product_brand?post=23775"},{"taxonomy":"product_cat","embeddable":true,"href":"https:\/\/www.petroni.hr\/en\/wp-json\/wp\/v2\/product_cat?post=23775"},{"taxonomy":"product_tag","embeddable":true,"href":"https:\/\/www.petroni.hr\/en\/wp-json\/wp\/v2\/product_tag?post=23775"}],"curies":[{"name":"wp","href":"https:\/\/api.w.org\/{rel}","templated":true}]}}