{"id":23755,"date":"2025-05-10T08:41:40","date_gmt":"2025-05-10T07:41:40","guid":{"rendered":"https:\/\/www.petroni.hr\/?post_type=product&#038;p=23755"},"modified":"2025-09-10T18:55:12","modified_gmt":"2025-09-10T17:55:12","slug":"tekucina-za-odstranjivanje-smole-woshup-1-lit","status":"publish","type":"product","link":"https:\/\/www.petroni.hr\/en\/proizvod\/tekucina-za-odstranjivanje-smole-woshup-1-lit\/","title":{"rendered":"Teku\u0107ina za odstranjivanje smole Woshup 1 lit"},"content":{"rendered":"<p>Pouzdano o\u010distite svoj kamper<\/p>\n<p>Ostaci ljepljive smole su me\u0111u najneugodnijim vrstama prljav\u0161tine koja se mo\u017ee nakupiti na boji kamper vozila i karavana. S Woshupovim sredstvom za uklanjanje smole mo\u017eete bez napora i nje\u017eno ukloniti ove ne\u010disto\u0107e. Posebno razvijena formula pouzdano otapa naslage smole s borova, jela i drugog drve\u0107a bez o\u0161te\u0107enja osjetljive povr\u0161ine va\u0161eg vozila. Dodatno, inovativni Xtra Skin efekt osigurava slabije prianjanje novih naslaga smole \u2013 pru\u017eaju\u0107i dugotrajniju za\u0161titu. Sredstvo za uklanjanje smole nije samo u\u010dinkovito, ve\u0107 je i ekolo\u0161ki prihvatljivo: potpuno je biorazgradivo, \u010dime \u0161titi prirodu kao i va\u0161e vozilo.<\/p>\n<p>Pouzdano otapa ljepljive ostatke smole s borova, jela i drugog drve\u0107a<br \/>\nNe o\u0161te\u0107uje povr\u0161inu vozila<br \/>\nS Xtra Skin efektom za pobolj\u0161anu za\u0161titu od stvaranja nove smole<br \/>\nBiorazgradiva formula za ekolo\u0161ki prihvatljivo \u010di\u0161\u0107enje<br \/>\nO\u010distite svoj kamper temeljito, a opet nje\u017eno \u2013 za sjajan izgled i dugotrajnu \u010disto\u0107u.<\/p>\n<p>Boja naran\u010dasta<br \/>\nKapacitet 1 l<br \/>\nNeto te\u017eina 910 g<br \/>\nVeli\u010dina pakiranja 31 x 10 x 8 cm<br \/>\nBruto te\u017eina 910 g<\/p>\n<p>Upozorenje &#8211;<\/p>\n<p>H225: Lako zapaljiva teku\u0107ina i para<\/p>\n<p>H319: Uzrokuje ozbiljnu iritaciju oka<\/p>\n<p>&nbsp;<\/p>\n","protected":false},"excerpt":{"rendered":"<p>Pouzdano o\u010distite svoj kamper Ostaci ljepljive smole su me\u0111u najneugodnijim vrstama prljav\u0161tine koja se mo\u017ee nakupiti na boji kamper vozila i karavana. S Woshupovim sredstvom za uklanjanje smole mo\u017eete bez napora i nje\u017eno ukloniti ove ne\u010disto\u0107e. Posebno razvijena formula pouzdano otapa naslage smole s borova, jela i drugog drve\u0107a bez o\u0161te\u0107enja osjetljive povr\u0161ine va\u0161eg vozila. [&hellip;]<\/p>\n","protected":false},"featured_media":23756,"comment_status":"open","ping_status":"closed","template":"","meta":{"_acf_changed":false,"_themeisle_gutenberg_block_has_review":false},"product_brand":[],"product_cat":[220],"product_tag":[],"class_list":{"0":"post-23755","1":"product","2":"type-product","3":"status-publish","4":"has-post-thumbnail","6":"product_cat-chemicals-and-liquids","8":"first","9":"instock","10":"shipping-taxable","11":"purchasable","12":"product-type-simple"},"acf":[],"yoast_head":"<!-- This site is optimized with the Yoast SEO plugin v27.5 - https:\/\/yoast.com\/product\/yoast-seo-wordpress\/ -->\n<title>Teku\u0107ina za odstranjivanje smole Woshup 1 lit | Petroni - rent | sale | service | conversions<\/title>\n<meta name=\"robots\" content=\"index, follow, max-snippet:-1, max-image-preview:large, max-video-preview:-1\" \/>\n<link rel=\"canonical\" href=\"https:\/\/www.petroni.hr\/en\/proizvod\/tekucina-za-odstranjivanje-smole-woshup-1-lit\/\" \/>\n<meta property=\"og:locale\" content=\"en_US\" \/>\n<meta property=\"og:type\" content=\"article\" \/>\n<meta property=\"og:title\" content=\"Teku\u0107ina za odstranjivanje smole Woshup 1 lit | Petroni - rent | sale | service | conversions\" \/>\n<meta property=\"og:description\" content=\"Pouzdano o\u010distite svoj kamper Ostaci ljepljive smole su me\u0111u najneugodnijim vrstama prljav\u0161tine koja se mo\u017ee nakupiti na boji kamper vozila i karavana. S Woshupovim sredstvom za uklanjanje smole mo\u017eete bez napora i nje\u017eno ukloniti ove ne\u010disto\u0107e. Posebno razvijena formula pouzdano otapa naslage smole s borova, jela i drugog drve\u0107a bez o\u0161te\u0107enja osjetljive povr\u0161ine va\u0161eg vozila. [&hellip;]\" \/>\n<meta property=\"og:url\" content=\"https:\/\/www.petroni.hr\/en\/proizvod\/tekucina-za-odstranjivanje-smole-woshup-1-lit\/\" \/>\n<meta property=\"og:site_name\" content=\"Petroni - rent | sale | service | conversions\" \/>\n<meta property=\"article:publisher\" content=\"https:\/\/www.facebook.com\/Kamperi.Petroni.Sesvete\/?locale=hr_HR\" \/>\n<meta property=\"article:modified_time\" content=\"2025-09-10T17:55:12+00:00\" \/>\n<meta property=\"og:image\" content=\"https:\/\/www.petroni.hr\/wp-content\/uploads\/2025\/05\/ODSTRANJIVAC-SMOLE-1.jpeg\" \/>\n\t<meta property=\"og:image:width\" content=\"600\" \/>\n\t<meta property=\"og:image:height\" content=\"600\" \/>\n\t<meta property=\"og:image:type\" content=\"image\/jpeg\" \/>\n<meta name=\"twitter:card\" content=\"summary_large_image\" \/>\n<meta name=\"twitter:label1\" content=\"Est. reading time\" \/>\n\t<meta name=\"twitter:data1\" content=\"1 minute\" \/>\n<script type=\"application\/ld+json\" class=\"yoast-schema-graph\">{\"@context\":\"https:\\\/\\\/schema.org\",\"@graph\":[{\"@type\":\"WebPage\",\"@id\":\"https:\\\/\\\/www.petroni.hr\\\/en\\\/proizvod\\\/tekucina-za-odstranjivanje-smole-woshup-1-lit\\\/\",\"url\":\"https:\\\/\\\/www.petroni.hr\\\/en\\\/proizvod\\\/tekucina-za-odstranjivanje-smole-woshup-1-lit\\\/\",\"name\":\"Teku\u0107ina za odstranjivanje smole Woshup 1 lit | Petroni - rent | sale | service | conversions\",\"isPartOf\":{\"@id\":\"https:\\\/\\\/www.petroni.hr\\\/en\\\/#website\"},\"primaryImageOfPage\":{\"@id\":\"https:\\\/\\\/www.petroni.hr\\\/en\\\/proizvod\\\/tekucina-za-odstranjivanje-smole-woshup-1-lit\\\/#primaryimage\"},\"image\":{\"@id\":\"https:\\\/\\\/www.petroni.hr\\\/en\\\/proizvod\\\/tekucina-za-odstranjivanje-smole-woshup-1-lit\\\/#primaryimage\"},\"thumbnailUrl\":\"https:\\\/\\\/www.petroni.hr\\\/wp-content\\\/uploads\\\/2025\\\/05\\\/ODSTRANJIVAC-SMOLE-1.jpeg\",\"datePublished\":\"2025-05-10T07:41:40+00:00\",\"dateModified\":\"2025-09-10T17:55:12+00:00\",\"breadcrumb\":{\"@id\":\"https:\\\/\\\/www.petroni.hr\\\/en\\\/proizvod\\\/tekucina-za-odstranjivanje-smole-woshup-1-lit\\\/#breadcrumb\"},\"inLanguage\":\"en-US\",\"potentialAction\":[{\"@type\":\"ReadAction\",\"target\":[\"https:\\\/\\\/www.petroni.hr\\\/en\\\/proizvod\\\/tekucina-za-odstranjivanje-smole-woshup-1-lit\\\/\"]}]},{\"@type\":\"ImageObject\",\"inLanguage\":\"en-US\",\"@id\":\"https:\\\/\\\/www.petroni.hr\\\/en\\\/proizvod\\\/tekucina-za-odstranjivanje-smole-woshup-1-lit\\\/#primaryimage\",\"url\":\"https:\\\/\\\/www.petroni.hr\\\/wp-content\\\/uploads\\\/2025\\\/05\\\/ODSTRANJIVAC-SMOLE-1.jpeg\",\"contentUrl\":\"https:\\\/\\\/www.petroni.hr\\\/wp-content\\\/uploads\\\/2025\\\/05\\\/ODSTRANJIVAC-SMOLE-1.jpeg\",\"width\":600,\"height\":600},{\"@type\":\"BreadcrumbList\",\"@id\":\"https:\\\/\\\/www.petroni.hr\\\/en\\\/proizvod\\\/tekucina-za-odstranjivanje-smole-woshup-1-lit\\\/#breadcrumb\",\"itemListElement\":[{\"@type\":\"ListItem\",\"position\":1,\"name\":\"Po\u010detna stranica\",\"item\":\"https:\\\/\\\/www.petroni.hr\\\/en\\\/\"},{\"@type\":\"ListItem\",\"position\":2,\"name\":\"Shop\",\"item\":\"https:\\\/\\\/www.petroni.hr\\\/en\\\/shop\\\/\"},{\"@type\":\"ListItem\",\"position\":3,\"name\":\"Teku\u0107ina za odstranjivanje smole Woshup 1 lit\"}]},{\"@type\":\"WebSite\",\"@id\":\"https:\\\/\\\/www.petroni.hr\\\/en\\\/#website\",\"url\":\"https:\\\/\\\/www.petroni.hr\\\/en\\\/\",\"name\":\"Petroni.hr\",\"description\":\"Experience the unprecedented freedom of travel\",\"publisher\":{\"@id\":\"https:\\\/\\\/www.petroni.hr\\\/en\\\/#organization\"},\"alternateName\":\"Petroni\",\"potentialAction\":[{\"@type\":\"SearchAction\",\"target\":{\"@type\":\"EntryPoint\",\"urlTemplate\":\"https:\\\/\\\/www.petroni.hr\\\/en\\\/?s={search_term_string}\"},\"query-input\":{\"@type\":\"PropertyValueSpecification\",\"valueRequired\":true,\"valueName\":\"search_term_string\"}}],\"inLanguage\":\"en-US\"},{\"@type\":\"Organization\",\"@id\":\"https:\\\/\\\/www.petroni.hr\\\/en\\\/#organization\",\"name\":\"Petroni d.o.o.\",\"alternateName\":\"Petroni\",\"url\":\"https:\\\/\\\/www.petroni.hr\\\/en\\\/\",\"logo\":{\"@type\":\"ImageObject\",\"inLanguage\":\"en-US\",\"@id\":\"https:\\\/\\\/www.petroni.hr\\\/en\\\/#\\\/schema\\\/logo\\\/image\\\/\",\"url\":\"https:\\\/\\\/www.petroni.hr\\\/wp-content\\\/uploads\\\/2024\\\/03\\\/cropped-Group-3.jpg\",\"contentUrl\":\"https:\\\/\\\/www.petroni.hr\\\/wp-content\\\/uploads\\\/2024\\\/03\\\/cropped-Group-3.jpg\",\"width\":512,\"height\":512,\"caption\":\"Petroni d.o.o.\"},\"image\":{\"@id\":\"https:\\\/\\\/www.petroni.hr\\\/en\\\/#\\\/schema\\\/logo\\\/image\\\/\"},\"sameAs\":[\"https:\\\/\\\/www.facebook.com\\\/Kamperi.Petroni.Sesvete\\\/?locale=hr_HR\"]}]}<\/script>\n<!-- \/ Yoast SEO plugin. -->","yoast_head_json":{"title":"Teku\u0107ina za odstranjivanje smole Woshup 1 lit | Petroni - rent | sale | service | conversions","robots":{"index":"index","follow":"follow","max-snippet":"max-snippet:-1","max-image-preview":"max-image-preview:large","max-video-preview":"max-video-preview:-1"},"canonical":"https:\/\/www.petroni.hr\/en\/proizvod\/tekucina-za-odstranjivanje-smole-woshup-1-lit\/","og_locale":"en_US","og_type":"article","og_title":"Teku\u0107ina za odstranjivanje smole Woshup 1 lit | Petroni - rent | sale | service | conversions","og_description":"Pouzdano o\u010distite svoj kamper Ostaci ljepljive smole su me\u0111u najneugodnijim vrstama prljav\u0161tine koja se mo\u017ee nakupiti na boji kamper vozila i karavana. S Woshupovim sredstvom za uklanjanje smole mo\u017eete bez napora i nje\u017eno ukloniti ove ne\u010disto\u0107e. Posebno razvijena formula pouzdano otapa naslage smole s borova, jela i drugog drve\u0107a bez o\u0161te\u0107enja osjetljive povr\u0161ine va\u0161eg vozila. [&hellip;]","og_url":"https:\/\/www.petroni.hr\/en\/proizvod\/tekucina-za-odstranjivanje-smole-woshup-1-lit\/","og_site_name":"Petroni - rent | sale | service | conversions","article_publisher":"https:\/\/www.facebook.com\/Kamperi.Petroni.Sesvete\/?locale=hr_HR","article_modified_time":"2025-09-10T17:55:12+00:00","og_image":[{"width":600,"height":600,"url":"https:\/\/www.petroni.hr\/wp-content\/uploads\/2025\/05\/ODSTRANJIVAC-SMOLE-1.jpeg","type":"image\/jpeg"}],"twitter_card":"summary_large_image","twitter_misc":{"Est. reading time":"1 minute"},"schema":{"@context":"https:\/\/schema.org","@graph":[{"@type":"WebPage","@id":"https:\/\/www.petroni.hr\/en\/proizvod\/tekucina-za-odstranjivanje-smole-woshup-1-lit\/","url":"https:\/\/www.petroni.hr\/en\/proizvod\/tekucina-za-odstranjivanje-smole-woshup-1-lit\/","name":"Teku\u0107ina za odstranjivanje smole Woshup 1 lit | Petroni - rent | sale | service | conversions","isPartOf":{"@id":"https:\/\/www.petroni.hr\/en\/#website"},"primaryImageOfPage":{"@id":"https:\/\/www.petroni.hr\/en\/proizvod\/tekucina-za-odstranjivanje-smole-woshup-1-lit\/#primaryimage"},"image":{"@id":"https:\/\/www.petroni.hr\/en\/proizvod\/tekucina-za-odstranjivanje-smole-woshup-1-lit\/#primaryimage"},"thumbnailUrl":"https:\/\/www.petroni.hr\/wp-content\/uploads\/2025\/05\/ODSTRANJIVAC-SMOLE-1.jpeg","datePublished":"2025-05-10T07:41:40+00:00","dateModified":"2025-09-10T17:55:12+00:00","breadcrumb":{"@id":"https:\/\/www.petroni.hr\/en\/proizvod\/tekucina-za-odstranjivanje-smole-woshup-1-lit\/#breadcrumb"},"inLanguage":"en-US","potentialAction":[{"@type":"ReadAction","target":["https:\/\/www.petroni.hr\/en\/proizvod\/tekucina-za-odstranjivanje-smole-woshup-1-lit\/"]}]},{"@type":"ImageObject","inLanguage":"en-US","@id":"https:\/\/www.petroni.hr\/en\/proizvod\/tekucina-za-odstranjivanje-smole-woshup-1-lit\/#primaryimage","url":"https:\/\/www.petroni.hr\/wp-content\/uploads\/2025\/05\/ODSTRANJIVAC-SMOLE-1.jpeg","contentUrl":"https:\/\/www.petroni.hr\/wp-content\/uploads\/2025\/05\/ODSTRANJIVAC-SMOLE-1.jpeg","width":600,"height":600},{"@type":"BreadcrumbList","@id":"https:\/\/www.petroni.hr\/en\/proizvod\/tekucina-za-odstranjivanje-smole-woshup-1-lit\/#breadcrumb","itemListElement":[{"@type":"ListItem","position":1,"name":"Po\u010detna stranica","item":"https:\/\/www.petroni.hr\/en\/"},{"@type":"ListItem","position":2,"name":"Shop","item":"https:\/\/www.petroni.hr\/en\/shop\/"},{"@type":"ListItem","position":3,"name":"Teku\u0107ina za odstranjivanje smole Woshup 1 lit"}]},{"@type":"WebSite","@id":"https:\/\/www.petroni.hr\/en\/#website","url":"https:\/\/www.petroni.hr\/en\/","name":"Petroni.hr","description":"Experience the unprecedented freedom of travel","publisher":{"@id":"https:\/\/www.petroni.hr\/en\/#organization"},"alternateName":"Petroni","potentialAction":[{"@type":"SearchAction","target":{"@type":"EntryPoint","urlTemplate":"https:\/\/www.petroni.hr\/en\/?s={search_term_string}"},"query-input":{"@type":"PropertyValueSpecification","valueRequired":true,"valueName":"search_term_string"}}],"inLanguage":"en-US"},{"@type":"Organization","@id":"https:\/\/www.petroni.hr\/en\/#organization","name":"Petroni d.o.o.","alternateName":"Petroni","url":"https:\/\/www.petroni.hr\/en\/","logo":{"@type":"ImageObject","inLanguage":"en-US","@id":"https:\/\/www.petroni.hr\/en\/#\/schema\/logo\/image\/","url":"https:\/\/www.petroni.hr\/wp-content\/uploads\/2024\/03\/cropped-Group-3.jpg","contentUrl":"https:\/\/www.petroni.hr\/wp-content\/uploads\/2024\/03\/cropped-Group-3.jpg","width":512,"height":512,"caption":"Petroni d.o.o."},"image":{"@id":"https:\/\/www.petroni.hr\/en\/#\/schema\/logo\/image\/"},"sameAs":["https:\/\/www.facebook.com\/Kamperi.Petroni.Sesvete\/?locale=hr_HR"]}]}},"_links":{"self":[{"href":"https:\/\/www.petroni.hr\/en\/wp-json\/wp\/v2\/product\/23755","targetHints":{"allow":["GET"]}}],"collection":[{"href":"https:\/\/www.petroni.hr\/en\/wp-json\/wp\/v2\/product"}],"about":[{"href":"https:\/\/www.petroni.hr\/en\/wp-json\/wp\/v2\/types\/product"}],"replies":[{"embeddable":true,"href":"https:\/\/www.petroni.hr\/en\/wp-json\/wp\/v2\/comments?post=23755"}],"wp:featuredmedia":[{"embeddable":true,"href":"https:\/\/www.petroni.hr\/en\/wp-json\/wp\/v2\/media\/23756"}],"wp:attachment":[{"href":"https:\/\/www.petroni.hr\/en\/wp-json\/wp\/v2\/media?parent=23755"}],"wp:term":[{"taxonomy":"product_brand","embeddable":true,"href":"https:\/\/www.petroni.hr\/en\/wp-json\/wp\/v2\/product_brand?post=23755"},{"taxonomy":"product_cat","embeddable":true,"href":"https:\/\/www.petroni.hr\/en\/wp-json\/wp\/v2\/product_cat?post=23755"},{"taxonomy":"product_tag","embeddable":true,"href":"https:\/\/www.petroni.hr\/en\/wp-json\/wp\/v2\/product_tag?post=23755"}],"curies":[{"name":"wp","href":"https:\/\/api.w.org\/{rel}","templated":true}]}}