{"id":23697,"date":"2025-05-06T10:11:22","date_gmt":"2025-05-06T09:11:22","guid":{"rendered":"https:\/\/www.petroni.hr\/?post_type=product&#038;p=23697"},"modified":"2025-08-01T12:08:15","modified_gmt":"2025-08-01T11:08:15","slug":"akumulator-exide-leisure-agm-95ah","status":"publish","type":"product","link":"https:\/\/www.petroni.hr\/en\/proizvod\/akumulator-exide-leisure-agm-95ah\/","title":{"rendered":"Akumulator EXIDE Leisure AGM 95Ah"},"content":{"rendered":"<p>12V 95Ah<br \/>\nDimenzije 353 x 175 x 190 mm<br \/>\nTe\u017eina 26,8 kg<\/p>\n<p>&nbsp;<\/p>\n<p><em><strong><span>EXIDE<\/span><\/strong>\u00a0<\/em><span>\u00a0je stvorio prvu AGM bateriju 2004. godine.<\/span><br \/>\n<span>Tehnologija se od tada brzo razvijala, a svako a\u017euriranje asortimana donosi ogromna pobolj\u0161anja u u\u010dinkovitosti i performansama.\u00a0<\/span><em><span>\u00a0EXIDE<\/span><\/em><span>\u00a0\u00a0je ulo\u017eio milijune u napredne proizvodne pogone, \u0161to ga \u010dini jednim od vode\u0107ih svjetskih proizvo\u0111a\u010da AGM baterija.<em>\u00a0<\/em><\/span><\/p>\n<p><span><em>EXIDE <\/em><\/span><span>baterije\u00a0\u00a0koriste visokou\u010dinkovite komponente i materijale, uklju\u010duju\u0107i separatore od staklene vune velike povr\u0161ine, najsuvremenije legure olova i kositra te jedinstvene uglji\u010dne aditive u aktivnom materijalu.Ova baterija mo\u017ee biti montirana ispod sjedala, posebno za<em>\u00a0Fiat Ducato<\/em>\u00a0.<strong><em>\u00a0<\/em><\/strong><\/span><\/p>\n<p><span><strong><em>Prednosti Exide<\/em><\/strong><strong>\u00a0AGM akumulatora\u00a0\u00a0<\/strong><strong>:<\/strong>\u00a0\u2022 Maksimalno prihva\u0107anje punjenja\u2022 Cikli\u010dka otpornost 4 puta ve\u0107a od standardnog akumulatora\u2022 Optimizirano za podr\u0161ku radu s djelomi\u010dnim punjenjem\u2022 Idealno za velike kampere, kampere, kombije, vozila s elektri\u010dnom opremom s visokom apsorpcijom energije\u2022 Maksimalne sigurnosne zna\u010dajke i bez prisutnosti slobodne kiseline\u2022 VRLA ventili za rekombinaciju plina\u2022 Najnovija generacija odobrena od strane glavnih proizvo\u0111a\u010da automobila i kampera<\/span><\/p>\n","protected":false},"excerpt":{"rendered":"<p>12V 95Ah Dimenzije 353 x 175 x 190 mm Te\u017eina 26,8 kg &nbsp; EXIDE\u00a0\u00a0je stvorio prvu AGM bateriju 2004. godine. Tehnologija se od tada brzo razvijala, a svako a\u017euriranje asortimana donosi ogromna pobolj\u0161anja u u\u010dinkovitosti i performansama.\u00a0\u00a0EXIDE\u00a0\u00a0je ulo\u017eio milijune u napredne proizvodne pogone, \u0161to ga \u010dini jednim od vode\u0107ih svjetskih proizvo\u0111a\u010da AGM baterija.\u00a0 EXIDE baterije\u00a0\u00a0koriste [&hellip;]<\/p>\n","protected":false},"featured_media":23698,"comment_status":"open","ping_status":"closed","template":"","meta":{"_acf_changed":false,"_themeisle_gutenberg_block_has_review":false},"product_brand":[],"product_cat":[232,213],"product_tag":[],"class_list":{"0":"post-23697","1":"product","2":"type-product","3":"status-publish","4":"has-post-thumbnail","6":"product_cat-battery","7":"product_cat-electrical","8":"product_shipping_class-heavy-pacages","10":"first","11":"instock","12":"shipping-taxable","13":"purchasable","14":"product-type-simple"},"acf":[],"yoast_head":"<!-- This site is optimized with the Yoast SEO plugin v27.4 - https:\/\/yoast.com\/product\/yoast-seo-wordpress\/ -->\n<title>Akumulator EXIDE Leisure AGM 95Ah | Petroni - rent | sale | service | conversions<\/title>\n<meta name=\"robots\" content=\"index, follow, max-snippet:-1, max-image-preview:large, max-video-preview:-1\" \/>\n<link rel=\"canonical\" href=\"https:\/\/www.petroni.hr\/en\/proizvod\/akumulator-exide-leisure-agm-95ah\/\" \/>\n<meta property=\"og:locale\" content=\"en_US\" \/>\n<meta property=\"og:type\" content=\"article\" \/>\n<meta property=\"og:title\" content=\"Akumulator EXIDE Leisure AGM 95Ah | Petroni - rent | sale | service | conversions\" \/>\n<meta property=\"og:description\" content=\"12V 95Ah Dimenzije 353 x 175 x 190 mm Te\u017eina 26,8 kg &nbsp; EXIDE\u00a0\u00a0je stvorio prvu AGM bateriju 2004. godine. Tehnologija se od tada brzo razvijala, a svako a\u017euriranje asortimana donosi ogromna pobolj\u0161anja u u\u010dinkovitosti i performansama.\u00a0\u00a0EXIDE\u00a0\u00a0je ulo\u017eio milijune u napredne proizvodne pogone, \u0161to ga \u010dini jednim od vode\u0107ih svjetskih proizvo\u0111a\u010da AGM baterija.\u00a0 EXIDE baterije\u00a0\u00a0koriste [&hellip;]\" \/>\n<meta property=\"og:url\" content=\"https:\/\/www.petroni.hr\/en\/proizvod\/akumulator-exide-leisure-agm-95ah\/\" \/>\n<meta property=\"og:site_name\" content=\"Petroni - rent | sale | service | conversions\" \/>\n<meta property=\"article:publisher\" content=\"https:\/\/www.facebook.com\/Kamperi.Petroni.Sesvete\/?locale=hr_HR\" \/>\n<meta property=\"article:modified_time\" content=\"2025-08-01T11:08:15+00:00\" \/>\n<meta property=\"og:image\" content=\"https:\/\/www.petroni.hr\/wp-content\/uploads\/2025\/05\/BTT4095.jpg\" \/>\n\t<meta property=\"og:image:width\" content=\"400\" \/>\n\t<meta property=\"og:image:height\" content=\"324\" \/>\n\t<meta property=\"og:image:type\" content=\"image\/jpeg\" \/>\n<meta name=\"twitter:card\" content=\"summary_large_image\" \/>\n<meta name=\"twitter:label1\" content=\"Est. reading time\" \/>\n\t<meta name=\"twitter:data1\" content=\"1 minute\" \/>\n<script type=\"application\/ld+json\" class=\"yoast-schema-graph\">{\"@context\":\"https:\\\/\\\/schema.org\",\"@graph\":[{\"@type\":\"WebPage\",\"@id\":\"https:\\\/\\\/www.petroni.hr\\\/en\\\/proizvod\\\/akumulator-exide-leisure-agm-95ah\\\/\",\"url\":\"https:\\\/\\\/www.petroni.hr\\\/en\\\/proizvod\\\/akumulator-exide-leisure-agm-95ah\\\/\",\"name\":\"Akumulator EXIDE Leisure AGM 95Ah | Petroni - rent | sale | service | conversions\",\"isPartOf\":{\"@id\":\"https:\\\/\\\/www.petroni.hr\\\/en\\\/#website\"},\"primaryImageOfPage\":{\"@id\":\"https:\\\/\\\/www.petroni.hr\\\/en\\\/proizvod\\\/akumulator-exide-leisure-agm-95ah\\\/#primaryimage\"},\"image\":{\"@id\":\"https:\\\/\\\/www.petroni.hr\\\/en\\\/proizvod\\\/akumulator-exide-leisure-agm-95ah\\\/#primaryimage\"},\"thumbnailUrl\":\"https:\\\/\\\/www.petroni.hr\\\/wp-content\\\/uploads\\\/2025\\\/05\\\/BTT4095.jpg\",\"datePublished\":\"2025-05-06T09:11:22+00:00\",\"dateModified\":\"2025-08-01T11:08:15+00:00\",\"breadcrumb\":{\"@id\":\"https:\\\/\\\/www.petroni.hr\\\/en\\\/proizvod\\\/akumulator-exide-leisure-agm-95ah\\\/#breadcrumb\"},\"inLanguage\":\"en-US\",\"potentialAction\":[{\"@type\":\"ReadAction\",\"target\":[\"https:\\\/\\\/www.petroni.hr\\\/en\\\/proizvod\\\/akumulator-exide-leisure-agm-95ah\\\/\"]}]},{\"@type\":\"ImageObject\",\"inLanguage\":\"en-US\",\"@id\":\"https:\\\/\\\/www.petroni.hr\\\/en\\\/proizvod\\\/akumulator-exide-leisure-agm-95ah\\\/#primaryimage\",\"url\":\"https:\\\/\\\/www.petroni.hr\\\/wp-content\\\/uploads\\\/2025\\\/05\\\/BTT4095.jpg\",\"contentUrl\":\"https:\\\/\\\/www.petroni.hr\\\/wp-content\\\/uploads\\\/2025\\\/05\\\/BTT4095.jpg\",\"width\":400,\"height\":324},{\"@type\":\"BreadcrumbList\",\"@id\":\"https:\\\/\\\/www.petroni.hr\\\/en\\\/proizvod\\\/akumulator-exide-leisure-agm-95ah\\\/#breadcrumb\",\"itemListElement\":[{\"@type\":\"ListItem\",\"position\":1,\"name\":\"Po\u010detna stranica\",\"item\":\"https:\\\/\\\/www.petroni.hr\\\/en\\\/\"},{\"@type\":\"ListItem\",\"position\":2,\"name\":\"Shop\",\"item\":\"https:\\\/\\\/www.petroni.hr\\\/en\\\/shop\\\/\"},{\"@type\":\"ListItem\",\"position\":3,\"name\":\"Akumulator EXIDE Leisure AGM 95Ah\"}]},{\"@type\":\"WebSite\",\"@id\":\"https:\\\/\\\/www.petroni.hr\\\/en\\\/#website\",\"url\":\"https:\\\/\\\/www.petroni.hr\\\/en\\\/\",\"name\":\"Petroni.hr\",\"description\":\"Experience the unprecedented freedom of travel\",\"publisher\":{\"@id\":\"https:\\\/\\\/www.petroni.hr\\\/en\\\/#organization\"},\"alternateName\":\"Petroni\",\"potentialAction\":[{\"@type\":\"SearchAction\",\"target\":{\"@type\":\"EntryPoint\",\"urlTemplate\":\"https:\\\/\\\/www.petroni.hr\\\/en\\\/?s={search_term_string}\"},\"query-input\":{\"@type\":\"PropertyValueSpecification\",\"valueRequired\":true,\"valueName\":\"search_term_string\"}}],\"inLanguage\":\"en-US\"},{\"@type\":\"Organization\",\"@id\":\"https:\\\/\\\/www.petroni.hr\\\/en\\\/#organization\",\"name\":\"Petroni d.o.o.\",\"alternateName\":\"Petroni\",\"url\":\"https:\\\/\\\/www.petroni.hr\\\/en\\\/\",\"logo\":{\"@type\":\"ImageObject\",\"inLanguage\":\"en-US\",\"@id\":\"https:\\\/\\\/www.petroni.hr\\\/en\\\/#\\\/schema\\\/logo\\\/image\\\/\",\"url\":\"https:\\\/\\\/www.petroni.hr\\\/wp-content\\\/uploads\\\/2024\\\/03\\\/cropped-Group-3.jpg\",\"contentUrl\":\"https:\\\/\\\/www.petroni.hr\\\/wp-content\\\/uploads\\\/2024\\\/03\\\/cropped-Group-3.jpg\",\"width\":512,\"height\":512,\"caption\":\"Petroni d.o.o.\"},\"image\":{\"@id\":\"https:\\\/\\\/www.petroni.hr\\\/en\\\/#\\\/schema\\\/logo\\\/image\\\/\"},\"sameAs\":[\"https:\\\/\\\/www.facebook.com\\\/Kamperi.Petroni.Sesvete\\\/?locale=hr_HR\"]}]}<\/script>\n<!-- \/ Yoast SEO plugin. -->","yoast_head_json":{"title":"Akumulator EXIDE Leisure AGM 95Ah | Petroni - rent | sale | service | conversions","robots":{"index":"index","follow":"follow","max-snippet":"max-snippet:-1","max-image-preview":"max-image-preview:large","max-video-preview":"max-video-preview:-1"},"canonical":"https:\/\/www.petroni.hr\/en\/proizvod\/akumulator-exide-leisure-agm-95ah\/","og_locale":"en_US","og_type":"article","og_title":"Akumulator EXIDE Leisure AGM 95Ah | Petroni - rent | sale | service | conversions","og_description":"12V 95Ah Dimenzije 353 x 175 x 190 mm Te\u017eina 26,8 kg &nbsp; EXIDE\u00a0\u00a0je stvorio prvu AGM bateriju 2004. godine. Tehnologija se od tada brzo razvijala, a svako a\u017euriranje asortimana donosi ogromna pobolj\u0161anja u u\u010dinkovitosti i performansama.\u00a0\u00a0EXIDE\u00a0\u00a0je ulo\u017eio milijune u napredne proizvodne pogone, \u0161to ga \u010dini jednim od vode\u0107ih svjetskih proizvo\u0111a\u010da AGM baterija.\u00a0 EXIDE baterije\u00a0\u00a0koriste [&hellip;]","og_url":"https:\/\/www.petroni.hr\/en\/proizvod\/akumulator-exide-leisure-agm-95ah\/","og_site_name":"Petroni - rent | sale | service | conversions","article_publisher":"https:\/\/www.facebook.com\/Kamperi.Petroni.Sesvete\/?locale=hr_HR","article_modified_time":"2025-08-01T11:08:15+00:00","og_image":[{"width":400,"height":324,"url":"https:\/\/www.petroni.hr\/wp-content\/uploads\/2025\/05\/BTT4095.jpg","type":"image\/jpeg"}],"twitter_card":"summary_large_image","twitter_misc":{"Est. reading time":"1 minute"},"schema":{"@context":"https:\/\/schema.org","@graph":[{"@type":"WebPage","@id":"https:\/\/www.petroni.hr\/en\/proizvod\/akumulator-exide-leisure-agm-95ah\/","url":"https:\/\/www.petroni.hr\/en\/proizvod\/akumulator-exide-leisure-agm-95ah\/","name":"Akumulator EXIDE Leisure AGM 95Ah | Petroni - rent | sale | service | conversions","isPartOf":{"@id":"https:\/\/www.petroni.hr\/en\/#website"},"primaryImageOfPage":{"@id":"https:\/\/www.petroni.hr\/en\/proizvod\/akumulator-exide-leisure-agm-95ah\/#primaryimage"},"image":{"@id":"https:\/\/www.petroni.hr\/en\/proizvod\/akumulator-exide-leisure-agm-95ah\/#primaryimage"},"thumbnailUrl":"https:\/\/www.petroni.hr\/wp-content\/uploads\/2025\/05\/BTT4095.jpg","datePublished":"2025-05-06T09:11:22+00:00","dateModified":"2025-08-01T11:08:15+00:00","breadcrumb":{"@id":"https:\/\/www.petroni.hr\/en\/proizvod\/akumulator-exide-leisure-agm-95ah\/#breadcrumb"},"inLanguage":"en-US","potentialAction":[{"@type":"ReadAction","target":["https:\/\/www.petroni.hr\/en\/proizvod\/akumulator-exide-leisure-agm-95ah\/"]}]},{"@type":"ImageObject","inLanguage":"en-US","@id":"https:\/\/www.petroni.hr\/en\/proizvod\/akumulator-exide-leisure-agm-95ah\/#primaryimage","url":"https:\/\/www.petroni.hr\/wp-content\/uploads\/2025\/05\/BTT4095.jpg","contentUrl":"https:\/\/www.petroni.hr\/wp-content\/uploads\/2025\/05\/BTT4095.jpg","width":400,"height":324},{"@type":"BreadcrumbList","@id":"https:\/\/www.petroni.hr\/en\/proizvod\/akumulator-exide-leisure-agm-95ah\/#breadcrumb","itemListElement":[{"@type":"ListItem","position":1,"name":"Po\u010detna stranica","item":"https:\/\/www.petroni.hr\/en\/"},{"@type":"ListItem","position":2,"name":"Shop","item":"https:\/\/www.petroni.hr\/en\/shop\/"},{"@type":"ListItem","position":3,"name":"Akumulator EXIDE Leisure AGM 95Ah"}]},{"@type":"WebSite","@id":"https:\/\/www.petroni.hr\/en\/#website","url":"https:\/\/www.petroni.hr\/en\/","name":"Petroni.hr","description":"Experience the unprecedented freedom of travel","publisher":{"@id":"https:\/\/www.petroni.hr\/en\/#organization"},"alternateName":"Petroni","potentialAction":[{"@type":"SearchAction","target":{"@type":"EntryPoint","urlTemplate":"https:\/\/www.petroni.hr\/en\/?s={search_term_string}"},"query-input":{"@type":"PropertyValueSpecification","valueRequired":true,"valueName":"search_term_string"}}],"inLanguage":"en-US"},{"@type":"Organization","@id":"https:\/\/www.petroni.hr\/en\/#organization","name":"Petroni d.o.o.","alternateName":"Petroni","url":"https:\/\/www.petroni.hr\/en\/","logo":{"@type":"ImageObject","inLanguage":"en-US","@id":"https:\/\/www.petroni.hr\/en\/#\/schema\/logo\/image\/","url":"https:\/\/www.petroni.hr\/wp-content\/uploads\/2024\/03\/cropped-Group-3.jpg","contentUrl":"https:\/\/www.petroni.hr\/wp-content\/uploads\/2024\/03\/cropped-Group-3.jpg","width":512,"height":512,"caption":"Petroni d.o.o."},"image":{"@id":"https:\/\/www.petroni.hr\/en\/#\/schema\/logo\/image\/"},"sameAs":["https:\/\/www.facebook.com\/Kamperi.Petroni.Sesvete\/?locale=hr_HR"]}]}},"_links":{"self":[{"href":"https:\/\/www.petroni.hr\/en\/wp-json\/wp\/v2\/product\/23697","targetHints":{"allow":["GET"]}}],"collection":[{"href":"https:\/\/www.petroni.hr\/en\/wp-json\/wp\/v2\/product"}],"about":[{"href":"https:\/\/www.petroni.hr\/en\/wp-json\/wp\/v2\/types\/product"}],"replies":[{"embeddable":true,"href":"https:\/\/www.petroni.hr\/en\/wp-json\/wp\/v2\/comments?post=23697"}],"wp:featuredmedia":[{"embeddable":true,"href":"https:\/\/www.petroni.hr\/en\/wp-json\/wp\/v2\/media\/23698"}],"wp:attachment":[{"href":"https:\/\/www.petroni.hr\/en\/wp-json\/wp\/v2\/media?parent=23697"}],"wp:term":[{"taxonomy":"product_brand","embeddable":true,"href":"https:\/\/www.petroni.hr\/en\/wp-json\/wp\/v2\/product_brand?post=23697"},{"taxonomy":"product_cat","embeddable":true,"href":"https:\/\/www.petroni.hr\/en\/wp-json\/wp\/v2\/product_cat?post=23697"},{"taxonomy":"product_tag","embeddable":true,"href":"https:\/\/www.petroni.hr\/en\/wp-json\/wp\/v2\/product_tag?post=23697"}],"curies":[{"name":"wp","href":"https:\/\/api.w.org\/{rel}","templated":true}]}}