{"id":23654,"date":"2025-04-30T10:13:19","date_gmt":"2025-04-30T09:13:19","guid":{"rendered":"https:\/\/www.petroni.hr\/?post_type=product&#038;p=23654"},"modified":"2025-04-30T10:13:20","modified_gmt":"2025-04-30T09:13:20","slug":"termozastita-prednjeg-stakla-vanjska-iveco-daily-2015","status":"publish","type":"product","link":"https:\/\/www.petroni.hr\/en\/proizvod\/termozastita-prednjeg-stakla-vanjska-iveco-daily-2015\/","title":{"rendered":"Termoza\u0161tita prednjeg stakla &#8211; vanjska Iveco Daily 2015>"},"content":{"rendered":"<p>Vanjsko izolacijsko sjenilo kabine, pogodno za Iveco Daily od modela 2015.<\/p>\n<p>Izra\u0111en od izolacijske tkanine debljine 6 mm, sa sivom vodonepropusnom zavr\u0161nom obradom s obje strane.<br \/>\nZa ve\u0107u izolaciju, mo\u017eete kombinirati sjenilo kabine sa sjenilom motornog prostora (kliknite ovdje za kompletan asortiman). Njihovim spajanjem pomo\u0107u \u010di\u010dak trake dobit \u0107ete potpunu izolaciju kabine, motornog prostora uklju\u010duju\u0107i i vrata. Idealno rje\u0161enje za potpunu izolaciju!<\/p>\n<p>NAPOMENA: ovi proizvodi nisu prikladni za du\u017ee skladi\u0161tenje, stoga preporu\u010dujemo da istu uklonite sa kabine kada se vozilo ne koristi dulje vrijeme.<\/p>\n","protected":false},"excerpt":{"rendered":"<p>Vanjsko izolacijsko sjenilo kabine, pogodno za Iveco Daily od modela 2015. Izra\u0111en od izolacijske tkanine debljine 6 mm, sa sivom vodonepropusnom zavr\u0161nom obradom s obje strane. Za ve\u0107u izolaciju, mo\u017eete kombinirati sjenilo kabine sa sjenilom motornog prostora (kliknite ovdje za kompletan asortiman). Njihovim spajanjem pomo\u0107u \u010di\u010dak trake dobit \u0107ete potpunu izolaciju kabine, motornog prostora uklju\u010duju\u0107i [&hellip;]<\/p>\n","protected":false},"featured_media":23655,"comment_status":"open","ping_status":"closed","template":"","meta":{"_acf_changed":false,"_themeisle_gutenberg_block_has_review":false},"product_brand":[],"product_cat":[338,244],"product_tag":[],"class_list":{"0":"post-23654","1":"product","2":"type-product","3":"status-publish","4":"has-post-thumbnail","6":"product_cat-prekrivke-zastitne","7":"product_cat-termozastita","9":"first","10":"instock","11":"shipping-taxable","12":"purchasable","13":"product-type-simple"},"acf":[],"yoast_head":"<!-- This site is optimized with the Yoast SEO plugin v27.4 - https:\/\/yoast.com\/product\/yoast-seo-wordpress\/ -->\n<title>Termoza\u0161tita prednjeg stakla - vanjska Iveco Daily 2015&gt; | Petroni - rent | sale | service | conversions<\/title>\n<meta name=\"robots\" content=\"index, follow, max-snippet:-1, max-image-preview:large, max-video-preview:-1\" \/>\n<link rel=\"canonical\" href=\"https:\/\/www.petroni.hr\/en\/proizvod\/termozastita-prednjeg-stakla-vanjska-iveco-daily-2015\/\" \/>\n<meta property=\"og:locale\" content=\"en_US\" \/>\n<meta property=\"og:type\" content=\"article\" \/>\n<meta property=\"og:title\" content=\"Termoza\u0161tita prednjeg stakla - vanjska Iveco Daily 2015&gt; | Petroni - rent | sale | service | conversions\" \/>\n<meta property=\"og:description\" content=\"Vanjsko izolacijsko sjenilo kabine, pogodno za Iveco Daily od modela 2015. Izra\u0111en od izolacijske tkanine debljine 6 mm, sa sivom vodonepropusnom zavr\u0161nom obradom s obje strane. Za ve\u0107u izolaciju, mo\u017eete kombinirati sjenilo kabine sa sjenilom motornog prostora (kliknite ovdje za kompletan asortiman). Njihovim spajanjem pomo\u0107u \u010di\u010dak trake dobit \u0107ete potpunu izolaciju kabine, motornog prostora uklju\u010duju\u0107i [&hellip;]\" \/>\n<meta property=\"og:url\" content=\"https:\/\/www.petroni.hr\/en\/proizvod\/termozastita-prednjeg-stakla-vanjska-iveco-daily-2015\/\" \/>\n<meta property=\"og:site_name\" content=\"Petroni - rent | sale | service | conversions\" \/>\n<meta property=\"article:publisher\" content=\"https:\/\/www.facebook.com\/Kamperi.Petroni.Sesvete\/?locale=hr_HR\" \/>\n<meta property=\"article:modified_time\" content=\"2025-04-30T09:13:20+00:00\" \/>\n<meta property=\"og:image\" content=\"https:\/\/www.petroni.hr\/wp-content\/uploads\/2025\/04\/OTEDA15.jpg\" \/>\n\t<meta property=\"og:image:width\" content=\"412\" \/>\n\t<meta property=\"og:image:height\" content=\"261\" \/>\n\t<meta property=\"og:image:type\" content=\"image\/jpeg\" \/>\n<meta name=\"twitter:card\" content=\"summary_large_image\" \/>\n<script type=\"application\/ld+json\" class=\"yoast-schema-graph\">{\"@context\":\"https:\\\/\\\/schema.org\",\"@graph\":[{\"@type\":\"WebPage\",\"@id\":\"https:\\\/\\\/www.petroni.hr\\\/en\\\/proizvod\\\/termozastita-prednjeg-stakla-vanjska-iveco-daily-2015\\\/\",\"url\":\"https:\\\/\\\/www.petroni.hr\\\/en\\\/proizvod\\\/termozastita-prednjeg-stakla-vanjska-iveco-daily-2015\\\/\",\"name\":\"Termoza\u0161tita prednjeg stakla - vanjska Iveco Daily 2015> | Petroni - rent | sale | service | conversions\",\"isPartOf\":{\"@id\":\"https:\\\/\\\/www.petroni.hr\\\/en\\\/#website\"},\"primaryImageOfPage\":{\"@id\":\"https:\\\/\\\/www.petroni.hr\\\/en\\\/proizvod\\\/termozastita-prednjeg-stakla-vanjska-iveco-daily-2015\\\/#primaryimage\"},\"image\":{\"@id\":\"https:\\\/\\\/www.petroni.hr\\\/en\\\/proizvod\\\/termozastita-prednjeg-stakla-vanjska-iveco-daily-2015\\\/#primaryimage\"},\"thumbnailUrl\":\"https:\\\/\\\/www.petroni.hr\\\/wp-content\\\/uploads\\\/2025\\\/04\\\/OTEDA15.jpg\",\"datePublished\":\"2025-04-30T09:13:19+00:00\",\"dateModified\":\"2025-04-30T09:13:20+00:00\",\"breadcrumb\":{\"@id\":\"https:\\\/\\\/www.petroni.hr\\\/en\\\/proizvod\\\/termozastita-prednjeg-stakla-vanjska-iveco-daily-2015\\\/#breadcrumb\"},\"inLanguage\":\"en-US\",\"potentialAction\":[{\"@type\":\"ReadAction\",\"target\":[\"https:\\\/\\\/www.petroni.hr\\\/en\\\/proizvod\\\/termozastita-prednjeg-stakla-vanjska-iveco-daily-2015\\\/\"]}]},{\"@type\":\"ImageObject\",\"inLanguage\":\"en-US\",\"@id\":\"https:\\\/\\\/www.petroni.hr\\\/en\\\/proizvod\\\/termozastita-prednjeg-stakla-vanjska-iveco-daily-2015\\\/#primaryimage\",\"url\":\"https:\\\/\\\/www.petroni.hr\\\/wp-content\\\/uploads\\\/2025\\\/04\\\/OTEDA15.jpg\",\"contentUrl\":\"https:\\\/\\\/www.petroni.hr\\\/wp-content\\\/uploads\\\/2025\\\/04\\\/OTEDA15.jpg\",\"width\":412,\"height\":261},{\"@type\":\"BreadcrumbList\",\"@id\":\"https:\\\/\\\/www.petroni.hr\\\/en\\\/proizvod\\\/termozastita-prednjeg-stakla-vanjska-iveco-daily-2015\\\/#breadcrumb\",\"itemListElement\":[{\"@type\":\"ListItem\",\"position\":1,\"name\":\"Po\u010detna stranica\",\"item\":\"https:\\\/\\\/www.petroni.hr\\\/en\\\/\"},{\"@type\":\"ListItem\",\"position\":2,\"name\":\"Shop\",\"item\":\"https:\\\/\\\/www.petroni.hr\\\/en\\\/shop\\\/\"},{\"@type\":\"ListItem\",\"position\":3,\"name\":\"Termoza\u0161tita prednjeg stakla &#8211; vanjska Iveco Daily 2015>\"}]},{\"@type\":\"WebSite\",\"@id\":\"https:\\\/\\\/www.petroni.hr\\\/en\\\/#website\",\"url\":\"https:\\\/\\\/www.petroni.hr\\\/en\\\/\",\"name\":\"Petroni.hr\",\"description\":\"Experience the unprecedented freedom of travel\",\"publisher\":{\"@id\":\"https:\\\/\\\/www.petroni.hr\\\/en\\\/#organization\"},\"alternateName\":\"Petroni\",\"potentialAction\":[{\"@type\":\"SearchAction\",\"target\":{\"@type\":\"EntryPoint\",\"urlTemplate\":\"https:\\\/\\\/www.petroni.hr\\\/en\\\/?s={search_term_string}\"},\"query-input\":{\"@type\":\"PropertyValueSpecification\",\"valueRequired\":true,\"valueName\":\"search_term_string\"}}],\"inLanguage\":\"en-US\"},{\"@type\":\"Organization\",\"@id\":\"https:\\\/\\\/www.petroni.hr\\\/en\\\/#organization\",\"name\":\"Petroni d.o.o.\",\"alternateName\":\"Petroni\",\"url\":\"https:\\\/\\\/www.petroni.hr\\\/en\\\/\",\"logo\":{\"@type\":\"ImageObject\",\"inLanguage\":\"en-US\",\"@id\":\"https:\\\/\\\/www.petroni.hr\\\/en\\\/#\\\/schema\\\/logo\\\/image\\\/\",\"url\":\"https:\\\/\\\/www.petroni.hr\\\/wp-content\\\/uploads\\\/2024\\\/03\\\/cropped-Group-3.jpg\",\"contentUrl\":\"https:\\\/\\\/www.petroni.hr\\\/wp-content\\\/uploads\\\/2024\\\/03\\\/cropped-Group-3.jpg\",\"width\":512,\"height\":512,\"caption\":\"Petroni d.o.o.\"},\"image\":{\"@id\":\"https:\\\/\\\/www.petroni.hr\\\/en\\\/#\\\/schema\\\/logo\\\/image\\\/\"},\"sameAs\":[\"https:\\\/\\\/www.facebook.com\\\/Kamperi.Petroni.Sesvete\\\/?locale=hr_HR\"]}]}<\/script>\n<!-- \/ Yoast SEO plugin. -->","yoast_head_json":{"title":"Termoza\u0161tita prednjeg stakla - vanjska Iveco Daily 2015> | Petroni - rent | sale | service | conversions","robots":{"index":"index","follow":"follow","max-snippet":"max-snippet:-1","max-image-preview":"max-image-preview:large","max-video-preview":"max-video-preview:-1"},"canonical":"https:\/\/www.petroni.hr\/en\/proizvod\/termozastita-prednjeg-stakla-vanjska-iveco-daily-2015\/","og_locale":"en_US","og_type":"article","og_title":"Termoza\u0161tita prednjeg stakla - vanjska Iveco Daily 2015> | Petroni - rent | sale | service | conversions","og_description":"Vanjsko izolacijsko sjenilo kabine, pogodno za Iveco Daily od modela 2015. Izra\u0111en od izolacijske tkanine debljine 6 mm, sa sivom vodonepropusnom zavr\u0161nom obradom s obje strane. Za ve\u0107u izolaciju, mo\u017eete kombinirati sjenilo kabine sa sjenilom motornog prostora (kliknite ovdje za kompletan asortiman). Njihovim spajanjem pomo\u0107u \u010di\u010dak trake dobit \u0107ete potpunu izolaciju kabine, motornog prostora uklju\u010duju\u0107i [&hellip;]","og_url":"https:\/\/www.petroni.hr\/en\/proizvod\/termozastita-prednjeg-stakla-vanjska-iveco-daily-2015\/","og_site_name":"Petroni - rent | sale | service | conversions","article_publisher":"https:\/\/www.facebook.com\/Kamperi.Petroni.Sesvete\/?locale=hr_HR","article_modified_time":"2025-04-30T09:13:20+00:00","og_image":[{"width":412,"height":261,"url":"https:\/\/www.petroni.hr\/wp-content\/uploads\/2025\/04\/OTEDA15.jpg","type":"image\/jpeg"}],"twitter_card":"summary_large_image","schema":{"@context":"https:\/\/schema.org","@graph":[{"@type":"WebPage","@id":"https:\/\/www.petroni.hr\/en\/proizvod\/termozastita-prednjeg-stakla-vanjska-iveco-daily-2015\/","url":"https:\/\/www.petroni.hr\/en\/proizvod\/termozastita-prednjeg-stakla-vanjska-iveco-daily-2015\/","name":"Termoza\u0161tita prednjeg stakla - vanjska Iveco Daily 2015> | Petroni - rent | sale | service | conversions","isPartOf":{"@id":"https:\/\/www.petroni.hr\/en\/#website"},"primaryImageOfPage":{"@id":"https:\/\/www.petroni.hr\/en\/proizvod\/termozastita-prednjeg-stakla-vanjska-iveco-daily-2015\/#primaryimage"},"image":{"@id":"https:\/\/www.petroni.hr\/en\/proizvod\/termozastita-prednjeg-stakla-vanjska-iveco-daily-2015\/#primaryimage"},"thumbnailUrl":"https:\/\/www.petroni.hr\/wp-content\/uploads\/2025\/04\/OTEDA15.jpg","datePublished":"2025-04-30T09:13:19+00:00","dateModified":"2025-04-30T09:13:20+00:00","breadcrumb":{"@id":"https:\/\/www.petroni.hr\/en\/proizvod\/termozastita-prednjeg-stakla-vanjska-iveco-daily-2015\/#breadcrumb"},"inLanguage":"en-US","potentialAction":[{"@type":"ReadAction","target":["https:\/\/www.petroni.hr\/en\/proizvod\/termozastita-prednjeg-stakla-vanjska-iveco-daily-2015\/"]}]},{"@type":"ImageObject","inLanguage":"en-US","@id":"https:\/\/www.petroni.hr\/en\/proizvod\/termozastita-prednjeg-stakla-vanjska-iveco-daily-2015\/#primaryimage","url":"https:\/\/www.petroni.hr\/wp-content\/uploads\/2025\/04\/OTEDA15.jpg","contentUrl":"https:\/\/www.petroni.hr\/wp-content\/uploads\/2025\/04\/OTEDA15.jpg","width":412,"height":261},{"@type":"BreadcrumbList","@id":"https:\/\/www.petroni.hr\/en\/proizvod\/termozastita-prednjeg-stakla-vanjska-iveco-daily-2015\/#breadcrumb","itemListElement":[{"@type":"ListItem","position":1,"name":"Po\u010detna stranica","item":"https:\/\/www.petroni.hr\/en\/"},{"@type":"ListItem","position":2,"name":"Shop","item":"https:\/\/www.petroni.hr\/en\/shop\/"},{"@type":"ListItem","position":3,"name":"Termoza\u0161tita prednjeg stakla &#8211; vanjska Iveco Daily 2015>"}]},{"@type":"WebSite","@id":"https:\/\/www.petroni.hr\/en\/#website","url":"https:\/\/www.petroni.hr\/en\/","name":"Petroni.hr","description":"Experience the unprecedented freedom of travel","publisher":{"@id":"https:\/\/www.petroni.hr\/en\/#organization"},"alternateName":"Petroni","potentialAction":[{"@type":"SearchAction","target":{"@type":"EntryPoint","urlTemplate":"https:\/\/www.petroni.hr\/en\/?s={search_term_string}"},"query-input":{"@type":"PropertyValueSpecification","valueRequired":true,"valueName":"search_term_string"}}],"inLanguage":"en-US"},{"@type":"Organization","@id":"https:\/\/www.petroni.hr\/en\/#organization","name":"Petroni d.o.o.","alternateName":"Petroni","url":"https:\/\/www.petroni.hr\/en\/","logo":{"@type":"ImageObject","inLanguage":"en-US","@id":"https:\/\/www.petroni.hr\/en\/#\/schema\/logo\/image\/","url":"https:\/\/www.petroni.hr\/wp-content\/uploads\/2024\/03\/cropped-Group-3.jpg","contentUrl":"https:\/\/www.petroni.hr\/wp-content\/uploads\/2024\/03\/cropped-Group-3.jpg","width":512,"height":512,"caption":"Petroni d.o.o."},"image":{"@id":"https:\/\/www.petroni.hr\/en\/#\/schema\/logo\/image\/"},"sameAs":["https:\/\/www.facebook.com\/Kamperi.Petroni.Sesvete\/?locale=hr_HR"]}]}},"_links":{"self":[{"href":"https:\/\/www.petroni.hr\/en\/wp-json\/wp\/v2\/product\/23654","targetHints":{"allow":["GET"]}}],"collection":[{"href":"https:\/\/www.petroni.hr\/en\/wp-json\/wp\/v2\/product"}],"about":[{"href":"https:\/\/www.petroni.hr\/en\/wp-json\/wp\/v2\/types\/product"}],"replies":[{"embeddable":true,"href":"https:\/\/www.petroni.hr\/en\/wp-json\/wp\/v2\/comments?post=23654"}],"wp:featuredmedia":[{"embeddable":true,"href":"https:\/\/www.petroni.hr\/en\/wp-json\/wp\/v2\/media\/23655"}],"wp:attachment":[{"href":"https:\/\/www.petroni.hr\/en\/wp-json\/wp\/v2\/media?parent=23654"}],"wp:term":[{"taxonomy":"product_brand","embeddable":true,"href":"https:\/\/www.petroni.hr\/en\/wp-json\/wp\/v2\/product_brand?post=23654"},{"taxonomy":"product_cat","embeddable":true,"href":"https:\/\/www.petroni.hr\/en\/wp-json\/wp\/v2\/product_cat?post=23654"},{"taxonomy":"product_tag","embeddable":true,"href":"https:\/\/www.petroni.hr\/en\/wp-json\/wp\/v2\/product_tag?post=23654"}],"curies":[{"name":"wp","href":"https:\/\/api.w.org\/{rel}","templated":true}]}}