{"id":23625,"date":"2025-04-26T06:19:59","date_gmt":"2025-04-26T05:19:59","guid":{"rendered":"https:\/\/www.petroni.hr\/?post_type=product&#038;p=23625"},"modified":"2026-04-07T08:07:47","modified_gmt":"2026-04-07T07:07:47","slug":"akumulator-servisni-agm-100ah-carbest","status":"publish","type":"product","link":"https:\/\/www.petroni.hr\/en\/proizvod\/akumulator-servisni-agm-100ah-carbest\/","title":{"rendered":"Akumulator servisni AGM 100Ah CARBEST"},"content":{"rendered":"<p>AGM akumulator T100Ah<\/p>\n<p>akumulator za T5 \/ T6 &#8211; ispod prednjeg sjedala<\/p>\n<p>Provjerena servisna baterija za kamper vozila bez potrebe za odr\u017eavanjem<\/p>\n<p>Mogu\u0107a ugradnja u stambeni prostor prema EC propisima<br \/>\nNe zahtijeva odr\u017eavanje<br \/>\nInstalacija neovisna o polo\u017eaju<\/p>\n<p>Visoka stabilnost ciklusa, tako\u0111er idealna za solarne sustave<br \/>\nIdealan za VW T5 \/ T6<br \/>\nNisko samopra\u017enjenje<\/p>\n<p>&nbsp;<\/p>\n<p>Carbest AGM akumulatori posebno su razvijeni kao servisni akumulatori za uporabu u kamper vozilima. Idealan servisni akumulator za kori\u0161tenje u kamperima i \u010damcima. AGM T100 savr\u0161eno pristaje ispod suvoza\u010devog sjedala Volkswagen T5\/T6. Vrlo dobra stabilnost ciklusa (\u017eivotni vijek baterije mjeri se ciklusima punjenja) i nisko samopra\u017enjenje savr\u0161eni su za kori\u0161tenje u slobodno vrijeme.<br \/>\nNjihove kompaktne dimenzije zna\u010de da stanu u uobi\u010dajene odjeljke za baterije i odjeljke za pohranu. AGM baterije otporne su na smrzavanje do -40\u00b0C. Instalacija se mo\u017ee izvesti u bilo kojem polo\u017eaju, npr. le\u017ei na boku ili stoji uspravno (ne postavljajte iznad glave, s polovima baterije okrenutim prema dolje). Nije opasan materijal, stoga je mogu\u0107a dostava.<\/p>\n<p>Opseg isporuke: 1 AGM baterija s integriranim standardnim terminalom za automobilske akumulatore za stezaljke za stupove<\/p>\n<p>Vrsta baterije: AGM<br \/>\nSnaga: 100 Ah<br \/>\nNapon u V: 12 V<br \/>\nDuljina: 353 mm<br \/>\n\u0160irina: 175 mm<br \/>\nVisina: 190 mm<br \/>\nSpajanje: Standardni automobilski terminalni blok<br \/>\nTe\u017eina: 26,3 kg<\/p>\n<p>&nbsp;<\/p>\n","protected":false},"excerpt":{"rendered":"<p>AGM akumulator T100Ah akumulator za T5 \/ T6 &#8211; ispod prednjeg sjedala Provjerena servisna baterija za kamper vozila bez potrebe za odr\u017eavanjem Mogu\u0107a ugradnja u stambeni prostor prema EC propisima Ne zahtijeva odr\u017eavanje Instalacija neovisna o polo\u017eaju Visoka stabilnost ciklusa, tako\u0111er idealna za solarne sustave Idealan za VW T5 \/ T6 Nisko samopra\u017enjenje &nbsp; Carbest [&hellip;]<\/p>\n","protected":false},"featured_media":23626,"comment_status":"open","ping_status":"closed","template":"","meta":{"_acf_changed":false,"_themeisle_gutenberg_block_has_review":false},"product_brand":[],"product_cat":[232,213],"product_tag":[],"class_list":{"0":"post-23625","1":"product","2":"type-product","3":"status-publish","4":"has-post-thumbnail","6":"product_cat-battery","7":"product_cat-electrical","8":"product_shipping_class-heavy-pacages","10":"first","11":"instock","12":"shipping-taxable","13":"purchasable","14":"product-type-simple"},"acf":[],"yoast_head":"<!-- This site is optimized with the Yoast SEO plugin v27.4 - https:\/\/yoast.com\/product\/yoast-seo-wordpress\/ -->\n<title>Akumulator servisni AGM 100Ah CARBEST | Petroni - rent | sale | service | conversions<\/title>\n<meta name=\"robots\" content=\"index, follow, max-snippet:-1, max-image-preview:large, max-video-preview:-1\" \/>\n<link rel=\"canonical\" href=\"https:\/\/www.petroni.hr\/en\/proizvod\/akumulator-servisni-agm-100ah-carbest\/\" \/>\n<meta property=\"og:locale\" content=\"en_US\" \/>\n<meta property=\"og:type\" content=\"article\" \/>\n<meta property=\"og:title\" content=\"Akumulator servisni AGM 100Ah CARBEST | Petroni - rent | sale | service | conversions\" \/>\n<meta property=\"og:description\" content=\"AGM akumulator T100Ah akumulator za T5 \/ T6 &#8211; ispod prednjeg sjedala Provjerena servisna baterija za kamper vozila bez potrebe za odr\u017eavanjem Mogu\u0107a ugradnja u stambeni prostor prema EC propisima Ne zahtijeva odr\u017eavanje Instalacija neovisna o polo\u017eaju Visoka stabilnost ciklusa, tako\u0111er idealna za solarne sustave Idealan za VW T5 \/ T6 Nisko samopra\u017enjenje &nbsp; Carbest [&hellip;]\" \/>\n<meta property=\"og:url\" content=\"https:\/\/www.petroni.hr\/en\/proizvod\/akumulator-servisni-agm-100ah-carbest\/\" \/>\n<meta property=\"og:site_name\" content=\"Petroni - rent | sale | service | conversions\" \/>\n<meta property=\"article:publisher\" content=\"https:\/\/www.facebook.com\/Kamperi.Petroni.Sesvete\/?locale=hr_HR\" \/>\n<meta property=\"article:modified_time\" content=\"2026-04-07T07:07:47+00:00\" \/>\n<meta property=\"og:image\" content=\"https:\/\/www.petroni.hr\/wp-content\/uploads\/2025\/04\/akumulator-servisni-100Ah-850530.jpg\" \/>\n\t<meta property=\"og:image:width\" content=\"550\" \/>\n\t<meta property=\"og:image:height\" content=\"377\" \/>\n\t<meta property=\"og:image:type\" content=\"image\/jpeg\" \/>\n<meta name=\"twitter:card\" content=\"summary_large_image\" \/>\n<meta name=\"twitter:label1\" content=\"Est. reading time\" \/>\n\t<meta name=\"twitter:data1\" content=\"1 minute\" \/>\n<script type=\"application\/ld+json\" class=\"yoast-schema-graph\">{\"@context\":\"https:\\\/\\\/schema.org\",\"@graph\":[{\"@type\":\"WebPage\",\"@id\":\"https:\\\/\\\/www.petroni.hr\\\/en\\\/proizvod\\\/akumulator-servisni-agm-100ah-carbest\\\/\",\"url\":\"https:\\\/\\\/www.petroni.hr\\\/en\\\/proizvod\\\/akumulator-servisni-agm-100ah-carbest\\\/\",\"name\":\"Akumulator servisni AGM 100Ah CARBEST | Petroni - rent | sale | service | conversions\",\"isPartOf\":{\"@id\":\"https:\\\/\\\/www.petroni.hr\\\/en\\\/#website\"},\"primaryImageOfPage\":{\"@id\":\"https:\\\/\\\/www.petroni.hr\\\/en\\\/proizvod\\\/akumulator-servisni-agm-100ah-carbest\\\/#primaryimage\"},\"image\":{\"@id\":\"https:\\\/\\\/www.petroni.hr\\\/en\\\/proizvod\\\/akumulator-servisni-agm-100ah-carbest\\\/#primaryimage\"},\"thumbnailUrl\":\"https:\\\/\\\/www.petroni.hr\\\/wp-content\\\/uploads\\\/2025\\\/04\\\/akumulator-servisni-100Ah-850530.jpg\",\"datePublished\":\"2025-04-26T05:19:59+00:00\",\"dateModified\":\"2026-04-07T07:07:47+00:00\",\"breadcrumb\":{\"@id\":\"https:\\\/\\\/www.petroni.hr\\\/en\\\/proizvod\\\/akumulator-servisni-agm-100ah-carbest\\\/#breadcrumb\"},\"inLanguage\":\"en-US\",\"potentialAction\":[{\"@type\":\"ReadAction\",\"target\":[\"https:\\\/\\\/www.petroni.hr\\\/en\\\/proizvod\\\/akumulator-servisni-agm-100ah-carbest\\\/\"]}]},{\"@type\":\"ImageObject\",\"inLanguage\":\"en-US\",\"@id\":\"https:\\\/\\\/www.petroni.hr\\\/en\\\/proizvod\\\/akumulator-servisni-agm-100ah-carbest\\\/#primaryimage\",\"url\":\"https:\\\/\\\/www.petroni.hr\\\/wp-content\\\/uploads\\\/2025\\\/04\\\/akumulator-servisni-100Ah-850530.jpg\",\"contentUrl\":\"https:\\\/\\\/www.petroni.hr\\\/wp-content\\\/uploads\\\/2025\\\/04\\\/akumulator-servisni-100Ah-850530.jpg\",\"width\":550,\"height\":377},{\"@type\":\"BreadcrumbList\",\"@id\":\"https:\\\/\\\/www.petroni.hr\\\/en\\\/proizvod\\\/akumulator-servisni-agm-100ah-carbest\\\/#breadcrumb\",\"itemListElement\":[{\"@type\":\"ListItem\",\"position\":1,\"name\":\"Po\u010detna stranica\",\"item\":\"https:\\\/\\\/www.petroni.hr\\\/en\\\/\"},{\"@type\":\"ListItem\",\"position\":2,\"name\":\"Shop\",\"item\":\"https:\\\/\\\/www.petroni.hr\\\/en\\\/shop\\\/\"},{\"@type\":\"ListItem\",\"position\":3,\"name\":\"Akumulator servisni AGM 100Ah CARBEST\"}]},{\"@type\":\"WebSite\",\"@id\":\"https:\\\/\\\/www.petroni.hr\\\/en\\\/#website\",\"url\":\"https:\\\/\\\/www.petroni.hr\\\/en\\\/\",\"name\":\"Petroni.hr\",\"description\":\"Experience the unprecedented freedom of travel\",\"publisher\":{\"@id\":\"https:\\\/\\\/www.petroni.hr\\\/en\\\/#organization\"},\"alternateName\":\"Petroni\",\"potentialAction\":[{\"@type\":\"SearchAction\",\"target\":{\"@type\":\"EntryPoint\",\"urlTemplate\":\"https:\\\/\\\/www.petroni.hr\\\/en\\\/?s={search_term_string}\"},\"query-input\":{\"@type\":\"PropertyValueSpecification\",\"valueRequired\":true,\"valueName\":\"search_term_string\"}}],\"inLanguage\":\"en-US\"},{\"@type\":\"Organization\",\"@id\":\"https:\\\/\\\/www.petroni.hr\\\/en\\\/#organization\",\"name\":\"Petroni d.o.o.\",\"alternateName\":\"Petroni\",\"url\":\"https:\\\/\\\/www.petroni.hr\\\/en\\\/\",\"logo\":{\"@type\":\"ImageObject\",\"inLanguage\":\"en-US\",\"@id\":\"https:\\\/\\\/www.petroni.hr\\\/en\\\/#\\\/schema\\\/logo\\\/image\\\/\",\"url\":\"https:\\\/\\\/www.petroni.hr\\\/wp-content\\\/uploads\\\/2024\\\/03\\\/cropped-Group-3.jpg\",\"contentUrl\":\"https:\\\/\\\/www.petroni.hr\\\/wp-content\\\/uploads\\\/2024\\\/03\\\/cropped-Group-3.jpg\",\"width\":512,\"height\":512,\"caption\":\"Petroni d.o.o.\"},\"image\":{\"@id\":\"https:\\\/\\\/www.petroni.hr\\\/en\\\/#\\\/schema\\\/logo\\\/image\\\/\"},\"sameAs\":[\"https:\\\/\\\/www.facebook.com\\\/Kamperi.Petroni.Sesvete\\\/?locale=hr_HR\"]}]}<\/script>\n<!-- \/ Yoast SEO plugin. -->","yoast_head_json":{"title":"Akumulator servisni AGM 100Ah CARBEST | Petroni - rent | sale | service | conversions","robots":{"index":"index","follow":"follow","max-snippet":"max-snippet:-1","max-image-preview":"max-image-preview:large","max-video-preview":"max-video-preview:-1"},"canonical":"https:\/\/www.petroni.hr\/en\/proizvod\/akumulator-servisni-agm-100ah-carbest\/","og_locale":"en_US","og_type":"article","og_title":"Akumulator servisni AGM 100Ah CARBEST | Petroni - rent | sale | service | conversions","og_description":"AGM akumulator T100Ah akumulator za T5 \/ T6 &#8211; ispod prednjeg sjedala Provjerena servisna baterija za kamper vozila bez potrebe za odr\u017eavanjem Mogu\u0107a ugradnja u stambeni prostor prema EC propisima Ne zahtijeva odr\u017eavanje Instalacija neovisna o polo\u017eaju Visoka stabilnost ciklusa, tako\u0111er idealna za solarne sustave Idealan za VW T5 \/ T6 Nisko samopra\u017enjenje &nbsp; Carbest [&hellip;]","og_url":"https:\/\/www.petroni.hr\/en\/proizvod\/akumulator-servisni-agm-100ah-carbest\/","og_site_name":"Petroni - rent | sale | service | conversions","article_publisher":"https:\/\/www.facebook.com\/Kamperi.Petroni.Sesvete\/?locale=hr_HR","article_modified_time":"2026-04-07T07:07:47+00:00","og_image":[{"width":550,"height":377,"url":"https:\/\/www.petroni.hr\/wp-content\/uploads\/2025\/04\/akumulator-servisni-100Ah-850530.jpg","type":"image\/jpeg"}],"twitter_card":"summary_large_image","twitter_misc":{"Est. reading time":"1 minute"},"schema":{"@context":"https:\/\/schema.org","@graph":[{"@type":"WebPage","@id":"https:\/\/www.petroni.hr\/en\/proizvod\/akumulator-servisni-agm-100ah-carbest\/","url":"https:\/\/www.petroni.hr\/en\/proizvod\/akumulator-servisni-agm-100ah-carbest\/","name":"Akumulator servisni AGM 100Ah CARBEST | Petroni - rent | sale | service | conversions","isPartOf":{"@id":"https:\/\/www.petroni.hr\/en\/#website"},"primaryImageOfPage":{"@id":"https:\/\/www.petroni.hr\/en\/proizvod\/akumulator-servisni-agm-100ah-carbest\/#primaryimage"},"image":{"@id":"https:\/\/www.petroni.hr\/en\/proizvod\/akumulator-servisni-agm-100ah-carbest\/#primaryimage"},"thumbnailUrl":"https:\/\/www.petroni.hr\/wp-content\/uploads\/2025\/04\/akumulator-servisni-100Ah-850530.jpg","datePublished":"2025-04-26T05:19:59+00:00","dateModified":"2026-04-07T07:07:47+00:00","breadcrumb":{"@id":"https:\/\/www.petroni.hr\/en\/proizvod\/akumulator-servisni-agm-100ah-carbest\/#breadcrumb"},"inLanguage":"en-US","potentialAction":[{"@type":"ReadAction","target":["https:\/\/www.petroni.hr\/en\/proizvod\/akumulator-servisni-agm-100ah-carbest\/"]}]},{"@type":"ImageObject","inLanguage":"en-US","@id":"https:\/\/www.petroni.hr\/en\/proizvod\/akumulator-servisni-agm-100ah-carbest\/#primaryimage","url":"https:\/\/www.petroni.hr\/wp-content\/uploads\/2025\/04\/akumulator-servisni-100Ah-850530.jpg","contentUrl":"https:\/\/www.petroni.hr\/wp-content\/uploads\/2025\/04\/akumulator-servisni-100Ah-850530.jpg","width":550,"height":377},{"@type":"BreadcrumbList","@id":"https:\/\/www.petroni.hr\/en\/proizvod\/akumulator-servisni-agm-100ah-carbest\/#breadcrumb","itemListElement":[{"@type":"ListItem","position":1,"name":"Po\u010detna stranica","item":"https:\/\/www.petroni.hr\/en\/"},{"@type":"ListItem","position":2,"name":"Shop","item":"https:\/\/www.petroni.hr\/en\/shop\/"},{"@type":"ListItem","position":3,"name":"Akumulator servisni AGM 100Ah CARBEST"}]},{"@type":"WebSite","@id":"https:\/\/www.petroni.hr\/en\/#website","url":"https:\/\/www.petroni.hr\/en\/","name":"Petroni.hr","description":"Experience the unprecedented freedom of travel","publisher":{"@id":"https:\/\/www.petroni.hr\/en\/#organization"},"alternateName":"Petroni","potentialAction":[{"@type":"SearchAction","target":{"@type":"EntryPoint","urlTemplate":"https:\/\/www.petroni.hr\/en\/?s={search_term_string}"},"query-input":{"@type":"PropertyValueSpecification","valueRequired":true,"valueName":"search_term_string"}}],"inLanguage":"en-US"},{"@type":"Organization","@id":"https:\/\/www.petroni.hr\/en\/#organization","name":"Petroni d.o.o.","alternateName":"Petroni","url":"https:\/\/www.petroni.hr\/en\/","logo":{"@type":"ImageObject","inLanguage":"en-US","@id":"https:\/\/www.petroni.hr\/en\/#\/schema\/logo\/image\/","url":"https:\/\/www.petroni.hr\/wp-content\/uploads\/2024\/03\/cropped-Group-3.jpg","contentUrl":"https:\/\/www.petroni.hr\/wp-content\/uploads\/2024\/03\/cropped-Group-3.jpg","width":512,"height":512,"caption":"Petroni d.o.o."},"image":{"@id":"https:\/\/www.petroni.hr\/en\/#\/schema\/logo\/image\/"},"sameAs":["https:\/\/www.facebook.com\/Kamperi.Petroni.Sesvete\/?locale=hr_HR"]}]}},"_links":{"self":[{"href":"https:\/\/www.petroni.hr\/en\/wp-json\/wp\/v2\/product\/23625","targetHints":{"allow":["GET"]}}],"collection":[{"href":"https:\/\/www.petroni.hr\/en\/wp-json\/wp\/v2\/product"}],"about":[{"href":"https:\/\/www.petroni.hr\/en\/wp-json\/wp\/v2\/types\/product"}],"replies":[{"embeddable":true,"href":"https:\/\/www.petroni.hr\/en\/wp-json\/wp\/v2\/comments?post=23625"}],"wp:featuredmedia":[{"embeddable":true,"href":"https:\/\/www.petroni.hr\/en\/wp-json\/wp\/v2\/media\/23626"}],"wp:attachment":[{"href":"https:\/\/www.petroni.hr\/en\/wp-json\/wp\/v2\/media?parent=23625"}],"wp:term":[{"taxonomy":"product_brand","embeddable":true,"href":"https:\/\/www.petroni.hr\/en\/wp-json\/wp\/v2\/product_brand?post=23625"},{"taxonomy":"product_cat","embeddable":true,"href":"https:\/\/www.petroni.hr\/en\/wp-json\/wp\/v2\/product_cat?post=23625"},{"taxonomy":"product_tag","embeddable":true,"href":"https:\/\/www.petroni.hr\/en\/wp-json\/wp\/v2\/product_tag?post=23625"}],"curies":[{"name":"wp","href":"https:\/\/api.w.org\/{rel}","templated":true}]}}