{"id":23544,"date":"2025-04-08T17:44:18","date_gmt":"2025-04-08T16:44:18","guid":{"rendered":"https:\/\/www.petroni.hr\/?post_type=product&#038;p=23544"},"modified":"2026-02-04T09:53:59","modified_gmt":"2026-02-04T08:53:59","slug":"sator-straznji-za-vw-caddy-5-premium-za-vw-caddy-5-od-2021","status":"publish","type":"product","link":"https:\/\/www.petroni.hr\/en\/proizvod\/sator-straznji-za-vw-caddy-5-premium-za-vw-caddy-5-od-2021\/","title":{"rendered":"\u0160ator stra\u017enji za VW Caddy 5 Premium &#8211; Za VW Caddy 5 od 2021"},"content":{"rendered":"<p>Stra\u017enji \u0161ator VW Caddy 5 Premium &#8211; Za VW Caddy 5 od 2021<\/p>\n<p>Za VW Caddy 5 od 2021, te Ford Connect 3<\/p>\n<p>&nbsp;<\/p>\n<p>Bez \u0161ipki<br \/>\nMre\u017ea protiv komaraca na obje strane i prednji zid<br \/>\nUlazna vrata mogu poslu\u017eiti kao suncobran<br \/>\nuklj. uklonjiva baza<\/p>\n<p>Stra\u017enji \u0161ator za VW Caddy 5 iz 2021. i Ford Connect 3 za koji nisu potrebni stupovi. Jednostavno se navu\u010de preko vrata prtlja\u017enika i u\u010dvrsti u\u0161ivenim trakama i plasti\u010dnim kukicama. Prednja stijenka, koja se mo\u017ee koristiti i kao suncobran, opremljena je velikim vratima s patentnim zatvara\u010dem i dodatnom mre\u017eom protiv komaraca. Bo\u010dne stijenke tako\u0111er imaju vrata s patentnim zatvara\u010dem s dodatnom mre\u017eom protiv komaraca. Na krovu je PVC prozor iznad zadnjeg stakla. Podloga je pri\u010dvr\u0161\u0107ena \u010di\u010dak trakom i mo\u017ee se ukloniti u bilo kojem trenutku.<\/p>\n<p>Daljnje specifikacije:<\/p>\n<p>\u0160avovi zape\u010da\u0107eni<br \/>\nUV-za\u0161titni premaz<br \/>\nOtporan na plamen<br \/>\nMaterijal: 100% poliester RipStop 190T<\/p>\n<p>Opseg isporuke: \u0161atorska ko\u017ea, 2 stupa, tlo, klinovi, u\u017ead, vre\u0107a za stvari<\/p>\n<p>Visina ugradnje: 209 cm<br \/>\n\u0160irina: 240 cm<br \/>\nDubina: 190 cm<br \/>\nVeli\u010dina pakiranja \u00d8: 22 cm<br \/>\n\u0160irina pakiranja: 60 cm<br \/>\nTe\u017eina: 4,5 kg<br \/>\nMaterijal: 100% poliester<br \/>\nVodeni stupac: 3000 mm<br \/>\nTip \u0161tapa: Bez \u0161tapa<\/p>\n","protected":false},"excerpt":{"rendered":"<p>Stra\u017enji \u0161ator VW Caddy 5 Premium &#8211; Za VW Caddy 5 od 2021 Za VW Caddy 5 od 2021, te Ford Connect 3 &nbsp; Bez \u0161ipki Mre\u017ea protiv komaraca na obje strane i prednji zid Ulazna vrata mogu poslu\u017eiti kao suncobran uklj. uklonjiva baza Stra\u017enji \u0161ator za VW Caddy 5 iz 2021. i Ford Connect [&hellip;]<\/p>\n","protected":false},"featured_media":23545,"comment_status":"open","ping_status":"closed","template":"","meta":{"_acf_changed":false,"_themeisle_gutenberg_block_has_review":false},"product_brand":[],"product_cat":[325,359,208],"product_tag":[],"class_list":{"0":"post-23544","1":"product","2":"type-product","3":"status-publish","4":"has-post-thumbnail","6":"product_cat-akcija","7":"product_cat-predsator","8":"product_cat-awning-and-other","10":"first","11":"instock","12":"sale","13":"shipping-taxable","14":"purchasable","15":"product-type-simple"},"acf":[],"yoast_head":"<!-- This site is optimized with the Yoast SEO plugin v27.4 - https:\/\/yoast.com\/product\/yoast-seo-wordpress\/ -->\n<title>\u0160ator stra\u017enji za VW Caddy 5 Premium - Za VW Caddy 5 od 2021 | Petroni - rent | sale | service | conversions<\/title>\n<meta name=\"robots\" content=\"index, follow, max-snippet:-1, max-image-preview:large, max-video-preview:-1\" \/>\n<link rel=\"canonical\" href=\"https:\/\/www.petroni.hr\/en\/proizvod\/sator-straznji-za-vw-caddy-5-premium-za-vw-caddy-5-od-2021\/\" \/>\n<meta property=\"og:locale\" content=\"en_US\" \/>\n<meta property=\"og:type\" content=\"article\" \/>\n<meta property=\"og:title\" content=\"\u0160ator stra\u017enji za VW Caddy 5 Premium - Za VW Caddy 5 od 2021 | Petroni - rent | sale | service | conversions\" \/>\n<meta property=\"og:description\" content=\"Stra\u017enji \u0161ator VW Caddy 5 Premium &#8211; Za VW Caddy 5 od 2021 Za VW Caddy 5 od 2021, te Ford Connect 3 &nbsp; Bez \u0161ipki Mre\u017ea protiv komaraca na obje strane i prednji zid Ulazna vrata mogu poslu\u017eiti kao suncobran uklj. uklonjiva baza Stra\u017enji \u0161ator za VW Caddy 5 iz 2021. i Ford Connect [&hellip;]\" \/>\n<meta property=\"og:url\" content=\"https:\/\/www.petroni.hr\/en\/proizvod\/sator-straznji-za-vw-caddy-5-premium-za-vw-caddy-5-od-2021\/\" \/>\n<meta property=\"og:site_name\" content=\"Petroni - rent | sale | service | conversions\" \/>\n<meta property=\"article:publisher\" content=\"https:\/\/www.facebook.com\/Kamperi.Petroni.Sesvete\/?locale=hr_HR\" \/>\n<meta property=\"article:modified_time\" content=\"2026-02-04T08:53:59+00:00\" \/>\n<meta property=\"og:image\" content=\"https:\/\/www.petroni.hr\/wp-content\/uploads\/2025\/04\/sator-za-caddy-937911.jpg\" \/>\n\t<meta property=\"og:image:width\" content=\"350\" \/>\n\t<meta property=\"og:image:height\" content=\"250\" \/>\n\t<meta property=\"og:image:type\" content=\"image\/jpeg\" \/>\n<meta name=\"twitter:card\" content=\"summary_large_image\" \/>\n<meta name=\"twitter:label1\" content=\"Est. reading time\" \/>\n\t<meta name=\"twitter:data1\" content=\"1 minute\" \/>\n<script type=\"application\/ld+json\" class=\"yoast-schema-graph\">{\"@context\":\"https:\\\/\\\/schema.org\",\"@graph\":[{\"@type\":\"WebPage\",\"@id\":\"https:\\\/\\\/www.petroni.hr\\\/en\\\/proizvod\\\/sator-straznji-za-vw-caddy-5-premium-za-vw-caddy-5-od-2021\\\/\",\"url\":\"https:\\\/\\\/www.petroni.hr\\\/en\\\/proizvod\\\/sator-straznji-za-vw-caddy-5-premium-za-vw-caddy-5-od-2021\\\/\",\"name\":\"\u0160ator stra\u017enji za VW Caddy 5 Premium - Za VW Caddy 5 od 2021 | Petroni - rent | sale | service | conversions\",\"isPartOf\":{\"@id\":\"https:\\\/\\\/www.petroni.hr\\\/en\\\/#website\"},\"primaryImageOfPage\":{\"@id\":\"https:\\\/\\\/www.petroni.hr\\\/en\\\/proizvod\\\/sator-straznji-za-vw-caddy-5-premium-za-vw-caddy-5-od-2021\\\/#primaryimage\"},\"image\":{\"@id\":\"https:\\\/\\\/www.petroni.hr\\\/en\\\/proizvod\\\/sator-straznji-za-vw-caddy-5-premium-za-vw-caddy-5-od-2021\\\/#primaryimage\"},\"thumbnailUrl\":\"https:\\\/\\\/www.petroni.hr\\\/wp-content\\\/uploads\\\/2025\\\/04\\\/sator-za-caddy-937911.jpg\",\"datePublished\":\"2025-04-08T16:44:18+00:00\",\"dateModified\":\"2026-02-04T08:53:59+00:00\",\"breadcrumb\":{\"@id\":\"https:\\\/\\\/www.petroni.hr\\\/en\\\/proizvod\\\/sator-straznji-za-vw-caddy-5-premium-za-vw-caddy-5-od-2021\\\/#breadcrumb\"},\"inLanguage\":\"en-US\",\"potentialAction\":[{\"@type\":\"ReadAction\",\"target\":[\"https:\\\/\\\/www.petroni.hr\\\/en\\\/proizvod\\\/sator-straznji-za-vw-caddy-5-premium-za-vw-caddy-5-od-2021\\\/\"]}]},{\"@type\":\"ImageObject\",\"inLanguage\":\"en-US\",\"@id\":\"https:\\\/\\\/www.petroni.hr\\\/en\\\/proizvod\\\/sator-straznji-za-vw-caddy-5-premium-za-vw-caddy-5-od-2021\\\/#primaryimage\",\"url\":\"https:\\\/\\\/www.petroni.hr\\\/wp-content\\\/uploads\\\/2025\\\/04\\\/sator-za-caddy-937911.jpg\",\"contentUrl\":\"https:\\\/\\\/www.petroni.hr\\\/wp-content\\\/uploads\\\/2025\\\/04\\\/sator-za-caddy-937911.jpg\",\"width\":350,\"height\":250},{\"@type\":\"BreadcrumbList\",\"@id\":\"https:\\\/\\\/www.petroni.hr\\\/en\\\/proizvod\\\/sator-straznji-za-vw-caddy-5-premium-za-vw-caddy-5-od-2021\\\/#breadcrumb\",\"itemListElement\":[{\"@type\":\"ListItem\",\"position\":1,\"name\":\"Po\u010detna stranica\",\"item\":\"https:\\\/\\\/www.petroni.hr\\\/en\\\/\"},{\"@type\":\"ListItem\",\"position\":2,\"name\":\"Shop\",\"item\":\"https:\\\/\\\/www.petroni.hr\\\/en\\\/shop\\\/\"},{\"@type\":\"ListItem\",\"position\":3,\"name\":\"\u0160ator stra\u017enji za VW Caddy 5 Premium &#8211; Za VW Caddy 5 od 2021\"}]},{\"@type\":\"WebSite\",\"@id\":\"https:\\\/\\\/www.petroni.hr\\\/en\\\/#website\",\"url\":\"https:\\\/\\\/www.petroni.hr\\\/en\\\/\",\"name\":\"Petroni.hr\",\"description\":\"Experience the unprecedented freedom of travel\",\"publisher\":{\"@id\":\"https:\\\/\\\/www.petroni.hr\\\/en\\\/#organization\"},\"alternateName\":\"Petroni\",\"potentialAction\":[{\"@type\":\"SearchAction\",\"target\":{\"@type\":\"EntryPoint\",\"urlTemplate\":\"https:\\\/\\\/www.petroni.hr\\\/en\\\/?s={search_term_string}\"},\"query-input\":{\"@type\":\"PropertyValueSpecification\",\"valueRequired\":true,\"valueName\":\"search_term_string\"}}],\"inLanguage\":\"en-US\"},{\"@type\":\"Organization\",\"@id\":\"https:\\\/\\\/www.petroni.hr\\\/en\\\/#organization\",\"name\":\"Petroni d.o.o.\",\"alternateName\":\"Petroni\",\"url\":\"https:\\\/\\\/www.petroni.hr\\\/en\\\/\",\"logo\":{\"@type\":\"ImageObject\",\"inLanguage\":\"en-US\",\"@id\":\"https:\\\/\\\/www.petroni.hr\\\/en\\\/#\\\/schema\\\/logo\\\/image\\\/\",\"url\":\"https:\\\/\\\/www.petroni.hr\\\/wp-content\\\/uploads\\\/2024\\\/03\\\/cropped-Group-3.jpg\",\"contentUrl\":\"https:\\\/\\\/www.petroni.hr\\\/wp-content\\\/uploads\\\/2024\\\/03\\\/cropped-Group-3.jpg\",\"width\":512,\"height\":512,\"caption\":\"Petroni d.o.o.\"},\"image\":{\"@id\":\"https:\\\/\\\/www.petroni.hr\\\/en\\\/#\\\/schema\\\/logo\\\/image\\\/\"},\"sameAs\":[\"https:\\\/\\\/www.facebook.com\\\/Kamperi.Petroni.Sesvete\\\/?locale=hr_HR\"]}]}<\/script>\n<!-- \/ Yoast SEO plugin. -->","yoast_head_json":{"title":"\u0160ator stra\u017enji za VW Caddy 5 Premium - Za VW Caddy 5 od 2021 | Petroni - rent | sale | service | conversions","robots":{"index":"index","follow":"follow","max-snippet":"max-snippet:-1","max-image-preview":"max-image-preview:large","max-video-preview":"max-video-preview:-1"},"canonical":"https:\/\/www.petroni.hr\/en\/proizvod\/sator-straznji-za-vw-caddy-5-premium-za-vw-caddy-5-od-2021\/","og_locale":"en_US","og_type":"article","og_title":"\u0160ator stra\u017enji za VW Caddy 5 Premium - Za VW Caddy 5 od 2021 | Petroni - rent | sale | service | conversions","og_description":"Stra\u017enji \u0161ator VW Caddy 5 Premium &#8211; Za VW Caddy 5 od 2021 Za VW Caddy 5 od 2021, te Ford Connect 3 &nbsp; Bez \u0161ipki Mre\u017ea protiv komaraca na obje strane i prednji zid Ulazna vrata mogu poslu\u017eiti kao suncobran uklj. uklonjiva baza Stra\u017enji \u0161ator za VW Caddy 5 iz 2021. i Ford Connect [&hellip;]","og_url":"https:\/\/www.petroni.hr\/en\/proizvod\/sator-straznji-za-vw-caddy-5-premium-za-vw-caddy-5-od-2021\/","og_site_name":"Petroni - rent | sale | service | conversions","article_publisher":"https:\/\/www.facebook.com\/Kamperi.Petroni.Sesvete\/?locale=hr_HR","article_modified_time":"2026-02-04T08:53:59+00:00","og_image":[{"width":350,"height":250,"url":"https:\/\/www.petroni.hr\/wp-content\/uploads\/2025\/04\/sator-za-caddy-937911.jpg","type":"image\/jpeg"}],"twitter_card":"summary_large_image","twitter_misc":{"Est. reading time":"1 minute"},"schema":{"@context":"https:\/\/schema.org","@graph":[{"@type":"WebPage","@id":"https:\/\/www.petroni.hr\/en\/proizvod\/sator-straznji-za-vw-caddy-5-premium-za-vw-caddy-5-od-2021\/","url":"https:\/\/www.petroni.hr\/en\/proizvod\/sator-straznji-za-vw-caddy-5-premium-za-vw-caddy-5-od-2021\/","name":"\u0160ator stra\u017enji za VW Caddy 5 Premium - Za VW Caddy 5 od 2021 | Petroni - rent | sale | service | conversions","isPartOf":{"@id":"https:\/\/www.petroni.hr\/en\/#website"},"primaryImageOfPage":{"@id":"https:\/\/www.petroni.hr\/en\/proizvod\/sator-straznji-za-vw-caddy-5-premium-za-vw-caddy-5-od-2021\/#primaryimage"},"image":{"@id":"https:\/\/www.petroni.hr\/en\/proizvod\/sator-straznji-za-vw-caddy-5-premium-za-vw-caddy-5-od-2021\/#primaryimage"},"thumbnailUrl":"https:\/\/www.petroni.hr\/wp-content\/uploads\/2025\/04\/sator-za-caddy-937911.jpg","datePublished":"2025-04-08T16:44:18+00:00","dateModified":"2026-02-04T08:53:59+00:00","breadcrumb":{"@id":"https:\/\/www.petroni.hr\/en\/proizvod\/sator-straznji-za-vw-caddy-5-premium-za-vw-caddy-5-od-2021\/#breadcrumb"},"inLanguage":"en-US","potentialAction":[{"@type":"ReadAction","target":["https:\/\/www.petroni.hr\/en\/proizvod\/sator-straznji-za-vw-caddy-5-premium-za-vw-caddy-5-od-2021\/"]}]},{"@type":"ImageObject","inLanguage":"en-US","@id":"https:\/\/www.petroni.hr\/en\/proizvod\/sator-straznji-za-vw-caddy-5-premium-za-vw-caddy-5-od-2021\/#primaryimage","url":"https:\/\/www.petroni.hr\/wp-content\/uploads\/2025\/04\/sator-za-caddy-937911.jpg","contentUrl":"https:\/\/www.petroni.hr\/wp-content\/uploads\/2025\/04\/sator-za-caddy-937911.jpg","width":350,"height":250},{"@type":"BreadcrumbList","@id":"https:\/\/www.petroni.hr\/en\/proizvod\/sator-straznji-za-vw-caddy-5-premium-za-vw-caddy-5-od-2021\/#breadcrumb","itemListElement":[{"@type":"ListItem","position":1,"name":"Po\u010detna stranica","item":"https:\/\/www.petroni.hr\/en\/"},{"@type":"ListItem","position":2,"name":"Shop","item":"https:\/\/www.petroni.hr\/en\/shop\/"},{"@type":"ListItem","position":3,"name":"\u0160ator stra\u017enji za VW Caddy 5 Premium &#8211; Za VW Caddy 5 od 2021"}]},{"@type":"WebSite","@id":"https:\/\/www.petroni.hr\/en\/#website","url":"https:\/\/www.petroni.hr\/en\/","name":"Petroni.hr","description":"Experience the unprecedented freedom of travel","publisher":{"@id":"https:\/\/www.petroni.hr\/en\/#organization"},"alternateName":"Petroni","potentialAction":[{"@type":"SearchAction","target":{"@type":"EntryPoint","urlTemplate":"https:\/\/www.petroni.hr\/en\/?s={search_term_string}"},"query-input":{"@type":"PropertyValueSpecification","valueRequired":true,"valueName":"search_term_string"}}],"inLanguage":"en-US"},{"@type":"Organization","@id":"https:\/\/www.petroni.hr\/en\/#organization","name":"Petroni d.o.o.","alternateName":"Petroni","url":"https:\/\/www.petroni.hr\/en\/","logo":{"@type":"ImageObject","inLanguage":"en-US","@id":"https:\/\/www.petroni.hr\/en\/#\/schema\/logo\/image\/","url":"https:\/\/www.petroni.hr\/wp-content\/uploads\/2024\/03\/cropped-Group-3.jpg","contentUrl":"https:\/\/www.petroni.hr\/wp-content\/uploads\/2024\/03\/cropped-Group-3.jpg","width":512,"height":512,"caption":"Petroni d.o.o."},"image":{"@id":"https:\/\/www.petroni.hr\/en\/#\/schema\/logo\/image\/"},"sameAs":["https:\/\/www.facebook.com\/Kamperi.Petroni.Sesvete\/?locale=hr_HR"]}]}},"_links":{"self":[{"href":"https:\/\/www.petroni.hr\/en\/wp-json\/wp\/v2\/product\/23544","targetHints":{"allow":["GET"]}}],"collection":[{"href":"https:\/\/www.petroni.hr\/en\/wp-json\/wp\/v2\/product"}],"about":[{"href":"https:\/\/www.petroni.hr\/en\/wp-json\/wp\/v2\/types\/product"}],"replies":[{"embeddable":true,"href":"https:\/\/www.petroni.hr\/en\/wp-json\/wp\/v2\/comments?post=23544"}],"wp:featuredmedia":[{"embeddable":true,"href":"https:\/\/www.petroni.hr\/en\/wp-json\/wp\/v2\/media\/23545"}],"wp:attachment":[{"href":"https:\/\/www.petroni.hr\/en\/wp-json\/wp\/v2\/media?parent=23544"}],"wp:term":[{"taxonomy":"product_brand","embeddable":true,"href":"https:\/\/www.petroni.hr\/en\/wp-json\/wp\/v2\/product_brand?post=23544"},{"taxonomy":"product_cat","embeddable":true,"href":"https:\/\/www.petroni.hr\/en\/wp-json\/wp\/v2\/product_cat?post=23544"},{"taxonomy":"product_tag","embeddable":true,"href":"https:\/\/www.petroni.hr\/en\/wp-json\/wp\/v2\/product_tag?post=23544"}],"curies":[{"name":"wp","href":"https:\/\/api.w.org\/{rel}","templated":true}]}}