{"id":23380,"date":"2025-03-13T14:49:29","date_gmt":"2025-03-13T13:49:29","guid":{"rendered":"https:\/\/www.petroni.hr\/?post_type=product&#038;p=23380"},"modified":"2025-03-13T14:49:35","modified_gmt":"2025-03-13T13:49:35","slug":"rolo-zavjese-sa-okvirom-za-prozor-350x500","status":"publish","type":"product","link":"https:\/\/www.petroni.hr\/en\/proizvod\/rolo-zavjese-sa-okvirom-za-prozor-350x500\/","title":{"rendered":"Rolo zavjese sa okvirom za prozor 350&#215;500"},"content":{"rendered":"<p>S unutarnjim rolo zavjesama mo\u017eete optimizirati svoj Carbest COMFORT prozor. Visokokvalitetni aluminijski okvir osigurava \u010dvrsto dr\u017eanje. Zaslon za zamra\u010divanje i komarnik mogu se pojedina\u010dno pomicati. To ne samo da doprinosi visokoj razini udobnosti korisnika, ve\u0107 i \u0161titi od znati\u017eeljnih pogleda i dosadnih insekata.<\/p>\n","protected":false},"excerpt":{"rendered":"<p>S unutarnjim rolo zavjesama mo\u017eete optimizirati svoj Carbest COMFORT prozor. Visokokvalitetni aluminijski okvir osigurava \u010dvrsto dr\u017eanje. Zaslon za zamra\u010divanje i komarnik mogu se pojedina\u010dno pomicati. To ne samo da doprinosi visokoj razini udobnosti korisnika, ve\u0107 i \u0161titi od znati\u017eeljnih pogleda i dosadnih insekata.<\/p>\n","protected":false},"featured_media":23305,"comment_status":"open","ping_status":"closed","template":"","meta":{"_acf_changed":false,"_themeisle_gutenberg_block_has_review":false},"product_brand":[],"product_cat":[229,205,352],"product_tag":[],"class_list":{"0":"post-23380","1":"product","2":"type-product","3":"status-publish","4":"has-post-thumbnail","6":"product_cat-side-window","7":"product_cat-windows","8":"product_cat-rolo-zavjese-i-okviri","10":"first","11":"instock","12":"shipping-taxable","13":"purchasable","14":"product-type-simple"},"acf":[],"yoast_head":"<!-- This site is optimized with the Yoast SEO plugin v27.4 - https:\/\/yoast.com\/product\/yoast-seo-wordpress\/ -->\n<title>Rolo zavjese sa okvirom za prozor 350x500 | Petroni - rent | sale | service | conversions<\/title>\n<meta name=\"robots\" content=\"index, follow, max-snippet:-1, max-image-preview:large, max-video-preview:-1\" \/>\n<link rel=\"canonical\" href=\"https:\/\/www.petroni.hr\/en\/proizvod\/rolo-zavjese-sa-okvirom-za-prozor-350x500\/\" \/>\n<meta property=\"og:locale\" content=\"en_US\" \/>\n<meta property=\"og:type\" content=\"article\" \/>\n<meta property=\"og:title\" content=\"Rolo zavjese sa okvirom za prozor 350x500 | Petroni - rent | sale | service | conversions\" \/>\n<meta property=\"og:description\" content=\"S unutarnjim rolo zavjesama mo\u017eete optimizirati svoj Carbest COMFORT prozor. Visokokvalitetni aluminijski okvir osigurava \u010dvrsto dr\u017eanje. Zaslon za zamra\u010divanje i komarnik mogu se pojedina\u010dno pomicati. To ne samo da doprinosi visokoj razini udobnosti korisnika, ve\u0107 i \u0161titi od znati\u017eeljnih pogleda i dosadnih insekata.\" \/>\n<meta property=\"og:url\" content=\"https:\/\/www.petroni.hr\/en\/proizvod\/rolo-zavjese-sa-okvirom-za-prozor-350x500\/\" \/>\n<meta property=\"og:site_name\" content=\"Petroni - rent | sale | service | conversions\" \/>\n<meta property=\"article:publisher\" content=\"https:\/\/www.facebook.com\/Kamperi.Petroni.Sesvete\/?locale=hr_HR\" \/>\n<meta property=\"article:modified_time\" content=\"2025-03-13T13:49:35+00:00\" \/>\n<meta property=\"og:image\" content=\"https:\/\/www.petroni.hr\/wp-content\/uploads\/2025\/02\/ROLO-ZA-PROZOR-M3181000.jpg\" \/>\n\t<meta property=\"og:image:width\" content=\"550\" \/>\n\t<meta property=\"og:image:height\" content=\"413\" \/>\n\t<meta property=\"og:image:type\" content=\"image\/jpeg\" \/>\n<meta name=\"twitter:card\" content=\"summary_large_image\" \/>\n<script type=\"application\/ld+json\" class=\"yoast-schema-graph\">{\"@context\":\"https:\\\/\\\/schema.org\",\"@graph\":[{\"@type\":\"WebPage\",\"@id\":\"https:\\\/\\\/www.petroni.hr\\\/en\\\/proizvod\\\/rolo-zavjese-sa-okvirom-za-prozor-350x500\\\/\",\"url\":\"https:\\\/\\\/www.petroni.hr\\\/en\\\/proizvod\\\/rolo-zavjese-sa-okvirom-za-prozor-350x500\\\/\",\"name\":\"Rolo zavjese sa okvirom za prozor 350x500 | Petroni - rent | sale | service | conversions\",\"isPartOf\":{\"@id\":\"https:\\\/\\\/www.petroni.hr\\\/en\\\/#website\"},\"primaryImageOfPage\":{\"@id\":\"https:\\\/\\\/www.petroni.hr\\\/en\\\/proizvod\\\/rolo-zavjese-sa-okvirom-za-prozor-350x500\\\/#primaryimage\"},\"image\":{\"@id\":\"https:\\\/\\\/www.petroni.hr\\\/en\\\/proizvod\\\/rolo-zavjese-sa-okvirom-za-prozor-350x500\\\/#primaryimage\"},\"thumbnailUrl\":\"https:\\\/\\\/www.petroni.hr\\\/wp-content\\\/uploads\\\/2025\\\/02\\\/ROLO-ZA-PROZOR-M3181000.jpg\",\"datePublished\":\"2025-03-13T13:49:29+00:00\",\"dateModified\":\"2025-03-13T13:49:35+00:00\",\"breadcrumb\":{\"@id\":\"https:\\\/\\\/www.petroni.hr\\\/en\\\/proizvod\\\/rolo-zavjese-sa-okvirom-za-prozor-350x500\\\/#breadcrumb\"},\"inLanguage\":\"en-US\",\"potentialAction\":[{\"@type\":\"ReadAction\",\"target\":[\"https:\\\/\\\/www.petroni.hr\\\/en\\\/proizvod\\\/rolo-zavjese-sa-okvirom-za-prozor-350x500\\\/\"]}]},{\"@type\":\"ImageObject\",\"inLanguage\":\"en-US\",\"@id\":\"https:\\\/\\\/www.petroni.hr\\\/en\\\/proizvod\\\/rolo-zavjese-sa-okvirom-za-prozor-350x500\\\/#primaryimage\",\"url\":\"https:\\\/\\\/www.petroni.hr\\\/wp-content\\\/uploads\\\/2025\\\/02\\\/ROLO-ZA-PROZOR-M3181000.jpg\",\"contentUrl\":\"https:\\\/\\\/www.petroni.hr\\\/wp-content\\\/uploads\\\/2025\\\/02\\\/ROLO-ZA-PROZOR-M3181000.jpg\",\"width\":550,\"height\":413},{\"@type\":\"BreadcrumbList\",\"@id\":\"https:\\\/\\\/www.petroni.hr\\\/en\\\/proizvod\\\/rolo-zavjese-sa-okvirom-za-prozor-350x500\\\/#breadcrumb\",\"itemListElement\":[{\"@type\":\"ListItem\",\"position\":1,\"name\":\"Po\u010detna stranica\",\"item\":\"https:\\\/\\\/www.petroni.hr\\\/en\\\/\"},{\"@type\":\"ListItem\",\"position\":2,\"name\":\"Shop\",\"item\":\"https:\\\/\\\/www.petroni.hr\\\/en\\\/shop\\\/\"},{\"@type\":\"ListItem\",\"position\":3,\"name\":\"Rolo zavjese sa okvirom za prozor 350&#215;500\"}]},{\"@type\":\"WebSite\",\"@id\":\"https:\\\/\\\/www.petroni.hr\\\/en\\\/#website\",\"url\":\"https:\\\/\\\/www.petroni.hr\\\/en\\\/\",\"name\":\"Petroni.hr\",\"description\":\"Experience the unprecedented freedom of travel\",\"publisher\":{\"@id\":\"https:\\\/\\\/www.petroni.hr\\\/en\\\/#organization\"},\"alternateName\":\"Petroni\",\"potentialAction\":[{\"@type\":\"SearchAction\",\"target\":{\"@type\":\"EntryPoint\",\"urlTemplate\":\"https:\\\/\\\/www.petroni.hr\\\/en\\\/?s={search_term_string}\"},\"query-input\":{\"@type\":\"PropertyValueSpecification\",\"valueRequired\":true,\"valueName\":\"search_term_string\"}}],\"inLanguage\":\"en-US\"},{\"@type\":\"Organization\",\"@id\":\"https:\\\/\\\/www.petroni.hr\\\/en\\\/#organization\",\"name\":\"Petroni d.o.o.\",\"alternateName\":\"Petroni\",\"url\":\"https:\\\/\\\/www.petroni.hr\\\/en\\\/\",\"logo\":{\"@type\":\"ImageObject\",\"inLanguage\":\"en-US\",\"@id\":\"https:\\\/\\\/www.petroni.hr\\\/en\\\/#\\\/schema\\\/logo\\\/image\\\/\",\"url\":\"https:\\\/\\\/www.petroni.hr\\\/wp-content\\\/uploads\\\/2024\\\/03\\\/cropped-Group-3.jpg\",\"contentUrl\":\"https:\\\/\\\/www.petroni.hr\\\/wp-content\\\/uploads\\\/2024\\\/03\\\/cropped-Group-3.jpg\",\"width\":512,\"height\":512,\"caption\":\"Petroni d.o.o.\"},\"image\":{\"@id\":\"https:\\\/\\\/www.petroni.hr\\\/en\\\/#\\\/schema\\\/logo\\\/image\\\/\"},\"sameAs\":[\"https:\\\/\\\/www.facebook.com\\\/Kamperi.Petroni.Sesvete\\\/?locale=hr_HR\"]}]}<\/script>\n<!-- \/ Yoast SEO plugin. -->","yoast_head_json":{"title":"Rolo zavjese sa okvirom za prozor 350x500 | Petroni - rent | sale | service | conversions","robots":{"index":"index","follow":"follow","max-snippet":"max-snippet:-1","max-image-preview":"max-image-preview:large","max-video-preview":"max-video-preview:-1"},"canonical":"https:\/\/www.petroni.hr\/en\/proizvod\/rolo-zavjese-sa-okvirom-za-prozor-350x500\/","og_locale":"en_US","og_type":"article","og_title":"Rolo zavjese sa okvirom za prozor 350x500 | Petroni - rent | sale | service | conversions","og_description":"S unutarnjim rolo zavjesama mo\u017eete optimizirati svoj Carbest COMFORT prozor. Visokokvalitetni aluminijski okvir osigurava \u010dvrsto dr\u017eanje. Zaslon za zamra\u010divanje i komarnik mogu se pojedina\u010dno pomicati. To ne samo da doprinosi visokoj razini udobnosti korisnika, ve\u0107 i \u0161titi od znati\u017eeljnih pogleda i dosadnih insekata.","og_url":"https:\/\/www.petroni.hr\/en\/proizvod\/rolo-zavjese-sa-okvirom-za-prozor-350x500\/","og_site_name":"Petroni - rent | sale | service | conversions","article_publisher":"https:\/\/www.facebook.com\/Kamperi.Petroni.Sesvete\/?locale=hr_HR","article_modified_time":"2025-03-13T13:49:35+00:00","og_image":[{"width":550,"height":413,"url":"https:\/\/www.petroni.hr\/wp-content\/uploads\/2025\/02\/ROLO-ZA-PROZOR-M3181000.jpg","type":"image\/jpeg"}],"twitter_card":"summary_large_image","schema":{"@context":"https:\/\/schema.org","@graph":[{"@type":"WebPage","@id":"https:\/\/www.petroni.hr\/en\/proizvod\/rolo-zavjese-sa-okvirom-za-prozor-350x500\/","url":"https:\/\/www.petroni.hr\/en\/proizvod\/rolo-zavjese-sa-okvirom-za-prozor-350x500\/","name":"Rolo zavjese sa okvirom za prozor 350x500 | Petroni - rent | sale | service | conversions","isPartOf":{"@id":"https:\/\/www.petroni.hr\/en\/#website"},"primaryImageOfPage":{"@id":"https:\/\/www.petroni.hr\/en\/proizvod\/rolo-zavjese-sa-okvirom-za-prozor-350x500\/#primaryimage"},"image":{"@id":"https:\/\/www.petroni.hr\/en\/proizvod\/rolo-zavjese-sa-okvirom-za-prozor-350x500\/#primaryimage"},"thumbnailUrl":"https:\/\/www.petroni.hr\/wp-content\/uploads\/2025\/02\/ROLO-ZA-PROZOR-M3181000.jpg","datePublished":"2025-03-13T13:49:29+00:00","dateModified":"2025-03-13T13:49:35+00:00","breadcrumb":{"@id":"https:\/\/www.petroni.hr\/en\/proizvod\/rolo-zavjese-sa-okvirom-za-prozor-350x500\/#breadcrumb"},"inLanguage":"en-US","potentialAction":[{"@type":"ReadAction","target":["https:\/\/www.petroni.hr\/en\/proizvod\/rolo-zavjese-sa-okvirom-za-prozor-350x500\/"]}]},{"@type":"ImageObject","inLanguage":"en-US","@id":"https:\/\/www.petroni.hr\/en\/proizvod\/rolo-zavjese-sa-okvirom-za-prozor-350x500\/#primaryimage","url":"https:\/\/www.petroni.hr\/wp-content\/uploads\/2025\/02\/ROLO-ZA-PROZOR-M3181000.jpg","contentUrl":"https:\/\/www.petroni.hr\/wp-content\/uploads\/2025\/02\/ROLO-ZA-PROZOR-M3181000.jpg","width":550,"height":413},{"@type":"BreadcrumbList","@id":"https:\/\/www.petroni.hr\/en\/proizvod\/rolo-zavjese-sa-okvirom-za-prozor-350x500\/#breadcrumb","itemListElement":[{"@type":"ListItem","position":1,"name":"Po\u010detna stranica","item":"https:\/\/www.petroni.hr\/en\/"},{"@type":"ListItem","position":2,"name":"Shop","item":"https:\/\/www.petroni.hr\/en\/shop\/"},{"@type":"ListItem","position":3,"name":"Rolo zavjese sa okvirom za prozor 350&#215;500"}]},{"@type":"WebSite","@id":"https:\/\/www.petroni.hr\/en\/#website","url":"https:\/\/www.petroni.hr\/en\/","name":"Petroni.hr","description":"Experience the unprecedented freedom of travel","publisher":{"@id":"https:\/\/www.petroni.hr\/en\/#organization"},"alternateName":"Petroni","potentialAction":[{"@type":"SearchAction","target":{"@type":"EntryPoint","urlTemplate":"https:\/\/www.petroni.hr\/en\/?s={search_term_string}"},"query-input":{"@type":"PropertyValueSpecification","valueRequired":true,"valueName":"search_term_string"}}],"inLanguage":"en-US"},{"@type":"Organization","@id":"https:\/\/www.petroni.hr\/en\/#organization","name":"Petroni d.o.o.","alternateName":"Petroni","url":"https:\/\/www.petroni.hr\/en\/","logo":{"@type":"ImageObject","inLanguage":"en-US","@id":"https:\/\/www.petroni.hr\/en\/#\/schema\/logo\/image\/","url":"https:\/\/www.petroni.hr\/wp-content\/uploads\/2024\/03\/cropped-Group-3.jpg","contentUrl":"https:\/\/www.petroni.hr\/wp-content\/uploads\/2024\/03\/cropped-Group-3.jpg","width":512,"height":512,"caption":"Petroni d.o.o."},"image":{"@id":"https:\/\/www.petroni.hr\/en\/#\/schema\/logo\/image\/"},"sameAs":["https:\/\/www.facebook.com\/Kamperi.Petroni.Sesvete\/?locale=hr_HR"]}]}},"_links":{"self":[{"href":"https:\/\/www.petroni.hr\/en\/wp-json\/wp\/v2\/product\/23380","targetHints":{"allow":["GET"]}}],"collection":[{"href":"https:\/\/www.petroni.hr\/en\/wp-json\/wp\/v2\/product"}],"about":[{"href":"https:\/\/www.petroni.hr\/en\/wp-json\/wp\/v2\/types\/product"}],"replies":[{"embeddable":true,"href":"https:\/\/www.petroni.hr\/en\/wp-json\/wp\/v2\/comments?post=23380"}],"wp:featuredmedia":[{"embeddable":true,"href":"https:\/\/www.petroni.hr\/en\/wp-json\/wp\/v2\/media\/23305"}],"wp:attachment":[{"href":"https:\/\/www.petroni.hr\/en\/wp-json\/wp\/v2\/media?parent=23380"}],"wp:term":[{"taxonomy":"product_brand","embeddable":true,"href":"https:\/\/www.petroni.hr\/en\/wp-json\/wp\/v2\/product_brand?post=23380"},{"taxonomy":"product_cat","embeddable":true,"href":"https:\/\/www.petroni.hr\/en\/wp-json\/wp\/v2\/product_cat?post=23380"},{"taxonomy":"product_tag","embeddable":true,"href":"https:\/\/www.petroni.hr\/en\/wp-json\/wp\/v2\/product_tag?post=23380"}],"curies":[{"name":"wp","href":"https:\/\/api.w.org\/{rel}","templated":true}]}}