{"id":23322,"date":"2025-02-28T06:38:43","date_gmt":"2025-02-28T05:38:43","guid":{"rendered":"https:\/\/www.petroni.hr\/?post_type=product&#038;p=23322"},"modified":"2026-03-20T06:24:23","modified_gmt":"2026-03-20T05:24:23","slug":"akumulator-litijum-baterija-mccamping-lifepo4-100ah","status":"publish","type":"product","link":"https:\/\/www.petroni.hr\/en\/proizvod\/akumulator-litijum-baterija-mccamping-lifepo4-100ah\/","title":{"rendered":"Akumulator &#8211; lithium baterija McCamping LiFePo4 100Ah"},"content":{"rendered":"<p>Kompaktna i sna\u017ena LiFePO4 baterija (litij \u017eeljezo fosfat) kapaciteta 100 Ah i vrlo dobrog omjera cijene i performansi. Idealna zamjena za te\u0161ke AGM baterije. Integrirani BMS (sustav za upravljanje baterijom) interno prati funkcije baterije i pru\u017ea optimalnu za\u0161titu baterije. Mogu\u0107e je spojiti do 4 baterije u seriju ili 2 baterije u paralelu.<\/p>\n<p>Integrirani BMS (sustav upravljanja baterijom)<br \/>\nMala te\u017eina<br \/>\nVisoka stabilnost ciklusa<br \/>\nDugi vijek trajanja<br \/>\nMonta\u017ea uspravno ili le\u017ee\u0107i na boku<br \/>\nMogu\u0107e serijsko spajanje: do 4 baterije<br \/>\nMogu\u0107e paralelno spajanje: do 2 baterije<\/p>\n<p>&nbsp;<\/p>\n<p>Daljnje specifikacije:<\/p>\n<p>Napon punjenja: 14,4 V<br \/>\nVr\u0161na struja pra\u017enjenja (kratkoro\u010dno): 200 A (&lt;5s)<br \/>\nOpseg isporuke: 1 baterija<br \/>\nVrsta baterije: litij \u017eeljezo fosfat<br \/>\nSnaga: 100 Ah<br \/>\nNapon u V: 12,8 V<br \/>\nPotro\u0161nja struje A: 20 A<br \/>\nstruja punjenja max.: 100 A<br \/>\nDuljina: 307 mm<br \/>\n\u0160irina: 172 mm<br \/>\nVisina: 218 mm<br \/>\nPriklju\u010dak: M8<br \/>\nTe\u017eina: 12,5 kg<\/p>\n","protected":false},"excerpt":{"rendered":"<p>Kompaktna i sna\u017ena LiFePO4 baterija (litij \u017eeljezo fosfat) kapaciteta 100 Ah i vrlo dobrog omjera cijene i performansi. Idealna zamjena za te\u0161ke AGM baterije. Integrirani BMS (sustav za upravljanje baterijom) interno prati funkcije baterije i pru\u017ea optimalnu za\u0161titu baterije. Mogu\u0107e je spojiti do 4 baterije u seriju ili 2 baterije u paralelu. Integrirani BMS (sustav [&hellip;]<\/p>\n","protected":false},"featured_media":23323,"comment_status":"open","ping_status":"closed","template":"","meta":{"_acf_changed":false,"_themeisle_gutenberg_block_has_review":false},"product_brand":[],"product_cat":[232,213],"product_tag":[],"class_list":{"0":"post-23322","1":"product","2":"type-product","3":"status-publish","4":"has-post-thumbnail","6":"product_cat-battery","7":"product_cat-electrical","8":"product_shipping_class-heavy-pacages","10":"first","11":"outofstock","12":"shipping-taxable","13":"purchasable","14":"product-type-simple"},"acf":[],"yoast_head":"<!-- This site is optimized with the Yoast SEO plugin v27.4 - https:\/\/yoast.com\/product\/yoast-seo-wordpress\/ -->\n<title>Akumulator - lithium baterija McCamping LiFePo4 100Ah | Petroni - rent | sale | service | conversions<\/title>\n<meta name=\"robots\" content=\"index, follow, max-snippet:-1, max-image-preview:large, max-video-preview:-1\" \/>\n<link rel=\"canonical\" href=\"https:\/\/www.petroni.hr\/en\/proizvod\/akumulator-litijum-baterija-mccamping-lifepo4-100ah\/\" \/>\n<meta property=\"og:locale\" content=\"en_US\" \/>\n<meta property=\"og:type\" content=\"article\" \/>\n<meta property=\"og:title\" content=\"Akumulator - lithium baterija McCamping LiFePo4 100Ah | Petroni - rent | sale | service | conversions\" \/>\n<meta property=\"og:description\" content=\"Kompaktna i sna\u017ena LiFePO4 baterija (litij \u017eeljezo fosfat) kapaciteta 100 Ah i vrlo dobrog omjera cijene i performansi. Idealna zamjena za te\u0161ke AGM baterije. Integrirani BMS (sustav za upravljanje baterijom) interno prati funkcije baterije i pru\u017ea optimalnu za\u0161titu baterije. Mogu\u0107e je spojiti do 4 baterije u seriju ili 2 baterije u paralelu. Integrirani BMS (sustav [&hellip;]\" \/>\n<meta property=\"og:url\" content=\"https:\/\/www.petroni.hr\/en\/proizvod\/akumulator-litijum-baterija-mccamping-lifepo4-100ah\/\" \/>\n<meta property=\"og:site_name\" content=\"Petroni - rent | sale | service | conversions\" \/>\n<meta property=\"article:publisher\" content=\"https:\/\/www.facebook.com\/Kamperi.Petroni.Sesvete\/?locale=hr_HR\" \/>\n<meta property=\"article:modified_time\" content=\"2026-03-20T05:24:23+00:00\" \/>\n<meta property=\"og:image\" content=\"https:\/\/www.petroni.hr\/wp-content\/uploads\/2025\/02\/lithium-baterija-LiFePo4-100ah-814560.jpg\" \/>\n\t<meta property=\"og:image:width\" content=\"450\" \/>\n\t<meta property=\"og:image:height\" content=\"347\" \/>\n\t<meta property=\"og:image:type\" content=\"image\/jpeg\" \/>\n<meta name=\"twitter:card\" content=\"summary_large_image\" \/>\n<meta name=\"twitter:label1\" content=\"Est. reading time\" \/>\n\t<meta name=\"twitter:data1\" content=\"1 minute\" \/>\n<script type=\"application\/ld+json\" class=\"yoast-schema-graph\">{\"@context\":\"https:\\\/\\\/schema.org\",\"@graph\":[{\"@type\":\"WebPage\",\"@id\":\"https:\\\/\\\/www.petroni.hr\\\/en\\\/proizvod\\\/akumulator-litijum-baterija-mccamping-lifepo4-100ah\\\/\",\"url\":\"https:\\\/\\\/www.petroni.hr\\\/en\\\/proizvod\\\/akumulator-litijum-baterija-mccamping-lifepo4-100ah\\\/\",\"name\":\"Akumulator - lithium baterija McCamping LiFePo4 100Ah | Petroni - rent | sale | service | conversions\",\"isPartOf\":{\"@id\":\"https:\\\/\\\/www.petroni.hr\\\/en\\\/#website\"},\"primaryImageOfPage\":{\"@id\":\"https:\\\/\\\/www.petroni.hr\\\/en\\\/proizvod\\\/akumulator-litijum-baterija-mccamping-lifepo4-100ah\\\/#primaryimage\"},\"image\":{\"@id\":\"https:\\\/\\\/www.petroni.hr\\\/en\\\/proizvod\\\/akumulator-litijum-baterija-mccamping-lifepo4-100ah\\\/#primaryimage\"},\"thumbnailUrl\":\"https:\\\/\\\/www.petroni.hr\\\/wp-content\\\/uploads\\\/2025\\\/02\\\/lithium-baterija-LiFePo4-100ah-814560.jpg\",\"datePublished\":\"2025-02-28T05:38:43+00:00\",\"dateModified\":\"2026-03-20T05:24:23+00:00\",\"breadcrumb\":{\"@id\":\"https:\\\/\\\/www.petroni.hr\\\/en\\\/proizvod\\\/akumulator-litijum-baterija-mccamping-lifepo4-100ah\\\/#breadcrumb\"},\"inLanguage\":\"en-US\",\"potentialAction\":[{\"@type\":\"ReadAction\",\"target\":[\"https:\\\/\\\/www.petroni.hr\\\/en\\\/proizvod\\\/akumulator-litijum-baterija-mccamping-lifepo4-100ah\\\/\"]}]},{\"@type\":\"ImageObject\",\"inLanguage\":\"en-US\",\"@id\":\"https:\\\/\\\/www.petroni.hr\\\/en\\\/proizvod\\\/akumulator-litijum-baterija-mccamping-lifepo4-100ah\\\/#primaryimage\",\"url\":\"https:\\\/\\\/www.petroni.hr\\\/wp-content\\\/uploads\\\/2025\\\/02\\\/lithium-baterija-LiFePo4-100ah-814560.jpg\",\"contentUrl\":\"https:\\\/\\\/www.petroni.hr\\\/wp-content\\\/uploads\\\/2025\\\/02\\\/lithium-baterija-LiFePo4-100ah-814560.jpg\",\"width\":450,\"height\":347},{\"@type\":\"BreadcrumbList\",\"@id\":\"https:\\\/\\\/www.petroni.hr\\\/en\\\/proizvod\\\/akumulator-litijum-baterija-mccamping-lifepo4-100ah\\\/#breadcrumb\",\"itemListElement\":[{\"@type\":\"ListItem\",\"position\":1,\"name\":\"Po\u010detna stranica\",\"item\":\"https:\\\/\\\/www.petroni.hr\\\/en\\\/\"},{\"@type\":\"ListItem\",\"position\":2,\"name\":\"Shop\",\"item\":\"https:\\\/\\\/www.petroni.hr\\\/en\\\/shop\\\/\"},{\"@type\":\"ListItem\",\"position\":3,\"name\":\"Akumulator &#8211; lithium baterija McCamping LiFePo4 100Ah\"}]},{\"@type\":\"WebSite\",\"@id\":\"https:\\\/\\\/www.petroni.hr\\\/en\\\/#website\",\"url\":\"https:\\\/\\\/www.petroni.hr\\\/en\\\/\",\"name\":\"Petroni.hr\",\"description\":\"Experience the unprecedented freedom of travel\",\"publisher\":{\"@id\":\"https:\\\/\\\/www.petroni.hr\\\/en\\\/#organization\"},\"alternateName\":\"Petroni\",\"potentialAction\":[{\"@type\":\"SearchAction\",\"target\":{\"@type\":\"EntryPoint\",\"urlTemplate\":\"https:\\\/\\\/www.petroni.hr\\\/en\\\/?s={search_term_string}\"},\"query-input\":{\"@type\":\"PropertyValueSpecification\",\"valueRequired\":true,\"valueName\":\"search_term_string\"}}],\"inLanguage\":\"en-US\"},{\"@type\":\"Organization\",\"@id\":\"https:\\\/\\\/www.petroni.hr\\\/en\\\/#organization\",\"name\":\"Petroni d.o.o.\",\"alternateName\":\"Petroni\",\"url\":\"https:\\\/\\\/www.petroni.hr\\\/en\\\/\",\"logo\":{\"@type\":\"ImageObject\",\"inLanguage\":\"en-US\",\"@id\":\"https:\\\/\\\/www.petroni.hr\\\/en\\\/#\\\/schema\\\/logo\\\/image\\\/\",\"url\":\"https:\\\/\\\/www.petroni.hr\\\/wp-content\\\/uploads\\\/2024\\\/03\\\/cropped-Group-3.jpg\",\"contentUrl\":\"https:\\\/\\\/www.petroni.hr\\\/wp-content\\\/uploads\\\/2024\\\/03\\\/cropped-Group-3.jpg\",\"width\":512,\"height\":512,\"caption\":\"Petroni d.o.o.\"},\"image\":{\"@id\":\"https:\\\/\\\/www.petroni.hr\\\/en\\\/#\\\/schema\\\/logo\\\/image\\\/\"},\"sameAs\":[\"https:\\\/\\\/www.facebook.com\\\/Kamperi.Petroni.Sesvete\\\/?locale=hr_HR\"]}]}<\/script>\n<!-- \/ Yoast SEO plugin. -->","yoast_head_json":{"title":"Akumulator - lithium baterija McCamping LiFePo4 100Ah | Petroni - rent | sale | service | conversions","robots":{"index":"index","follow":"follow","max-snippet":"max-snippet:-1","max-image-preview":"max-image-preview:large","max-video-preview":"max-video-preview:-1"},"canonical":"https:\/\/www.petroni.hr\/en\/proizvod\/akumulator-litijum-baterija-mccamping-lifepo4-100ah\/","og_locale":"en_US","og_type":"article","og_title":"Akumulator - lithium baterija McCamping LiFePo4 100Ah | Petroni - rent | sale | service | conversions","og_description":"Kompaktna i sna\u017ena LiFePO4 baterija (litij \u017eeljezo fosfat) kapaciteta 100 Ah i vrlo dobrog omjera cijene i performansi. Idealna zamjena za te\u0161ke AGM baterije. Integrirani BMS (sustav za upravljanje baterijom) interno prati funkcije baterije i pru\u017ea optimalnu za\u0161titu baterije. Mogu\u0107e je spojiti do 4 baterije u seriju ili 2 baterije u paralelu. Integrirani BMS (sustav [&hellip;]","og_url":"https:\/\/www.petroni.hr\/en\/proizvod\/akumulator-litijum-baterija-mccamping-lifepo4-100ah\/","og_site_name":"Petroni - rent | sale | service | conversions","article_publisher":"https:\/\/www.facebook.com\/Kamperi.Petroni.Sesvete\/?locale=hr_HR","article_modified_time":"2026-03-20T05:24:23+00:00","og_image":[{"width":450,"height":347,"url":"https:\/\/www.petroni.hr\/wp-content\/uploads\/2025\/02\/lithium-baterija-LiFePo4-100ah-814560.jpg","type":"image\/jpeg"}],"twitter_card":"summary_large_image","twitter_misc":{"Est. reading time":"1 minute"},"schema":{"@context":"https:\/\/schema.org","@graph":[{"@type":"WebPage","@id":"https:\/\/www.petroni.hr\/en\/proizvod\/akumulator-litijum-baterija-mccamping-lifepo4-100ah\/","url":"https:\/\/www.petroni.hr\/en\/proizvod\/akumulator-litijum-baterija-mccamping-lifepo4-100ah\/","name":"Akumulator - lithium baterija McCamping LiFePo4 100Ah | Petroni - rent | sale | service | conversions","isPartOf":{"@id":"https:\/\/www.petroni.hr\/en\/#website"},"primaryImageOfPage":{"@id":"https:\/\/www.petroni.hr\/en\/proizvod\/akumulator-litijum-baterija-mccamping-lifepo4-100ah\/#primaryimage"},"image":{"@id":"https:\/\/www.petroni.hr\/en\/proizvod\/akumulator-litijum-baterija-mccamping-lifepo4-100ah\/#primaryimage"},"thumbnailUrl":"https:\/\/www.petroni.hr\/wp-content\/uploads\/2025\/02\/lithium-baterija-LiFePo4-100ah-814560.jpg","datePublished":"2025-02-28T05:38:43+00:00","dateModified":"2026-03-20T05:24:23+00:00","breadcrumb":{"@id":"https:\/\/www.petroni.hr\/en\/proizvod\/akumulator-litijum-baterija-mccamping-lifepo4-100ah\/#breadcrumb"},"inLanguage":"en-US","potentialAction":[{"@type":"ReadAction","target":["https:\/\/www.petroni.hr\/en\/proizvod\/akumulator-litijum-baterija-mccamping-lifepo4-100ah\/"]}]},{"@type":"ImageObject","inLanguage":"en-US","@id":"https:\/\/www.petroni.hr\/en\/proizvod\/akumulator-litijum-baterija-mccamping-lifepo4-100ah\/#primaryimage","url":"https:\/\/www.petroni.hr\/wp-content\/uploads\/2025\/02\/lithium-baterija-LiFePo4-100ah-814560.jpg","contentUrl":"https:\/\/www.petroni.hr\/wp-content\/uploads\/2025\/02\/lithium-baterija-LiFePo4-100ah-814560.jpg","width":450,"height":347},{"@type":"BreadcrumbList","@id":"https:\/\/www.petroni.hr\/en\/proizvod\/akumulator-litijum-baterija-mccamping-lifepo4-100ah\/#breadcrumb","itemListElement":[{"@type":"ListItem","position":1,"name":"Po\u010detna stranica","item":"https:\/\/www.petroni.hr\/en\/"},{"@type":"ListItem","position":2,"name":"Shop","item":"https:\/\/www.petroni.hr\/en\/shop\/"},{"@type":"ListItem","position":3,"name":"Akumulator &#8211; lithium baterija McCamping LiFePo4 100Ah"}]},{"@type":"WebSite","@id":"https:\/\/www.petroni.hr\/en\/#website","url":"https:\/\/www.petroni.hr\/en\/","name":"Petroni.hr","description":"Experience the unprecedented freedom of travel","publisher":{"@id":"https:\/\/www.petroni.hr\/en\/#organization"},"alternateName":"Petroni","potentialAction":[{"@type":"SearchAction","target":{"@type":"EntryPoint","urlTemplate":"https:\/\/www.petroni.hr\/en\/?s={search_term_string}"},"query-input":{"@type":"PropertyValueSpecification","valueRequired":true,"valueName":"search_term_string"}}],"inLanguage":"en-US"},{"@type":"Organization","@id":"https:\/\/www.petroni.hr\/en\/#organization","name":"Petroni d.o.o.","alternateName":"Petroni","url":"https:\/\/www.petroni.hr\/en\/","logo":{"@type":"ImageObject","inLanguage":"en-US","@id":"https:\/\/www.petroni.hr\/en\/#\/schema\/logo\/image\/","url":"https:\/\/www.petroni.hr\/wp-content\/uploads\/2024\/03\/cropped-Group-3.jpg","contentUrl":"https:\/\/www.petroni.hr\/wp-content\/uploads\/2024\/03\/cropped-Group-3.jpg","width":512,"height":512,"caption":"Petroni d.o.o."},"image":{"@id":"https:\/\/www.petroni.hr\/en\/#\/schema\/logo\/image\/"},"sameAs":["https:\/\/www.facebook.com\/Kamperi.Petroni.Sesvete\/?locale=hr_HR"]}]}},"_links":{"self":[{"href":"https:\/\/www.petroni.hr\/en\/wp-json\/wp\/v2\/product\/23322","targetHints":{"allow":["GET"]}}],"collection":[{"href":"https:\/\/www.petroni.hr\/en\/wp-json\/wp\/v2\/product"}],"about":[{"href":"https:\/\/www.petroni.hr\/en\/wp-json\/wp\/v2\/types\/product"}],"replies":[{"embeddable":true,"href":"https:\/\/www.petroni.hr\/en\/wp-json\/wp\/v2\/comments?post=23322"}],"wp:featuredmedia":[{"embeddable":true,"href":"https:\/\/www.petroni.hr\/en\/wp-json\/wp\/v2\/media\/23323"}],"wp:attachment":[{"href":"https:\/\/www.petroni.hr\/en\/wp-json\/wp\/v2\/media?parent=23322"}],"wp:term":[{"taxonomy":"product_brand","embeddable":true,"href":"https:\/\/www.petroni.hr\/en\/wp-json\/wp\/v2\/product_brand?post=23322"},{"taxonomy":"product_cat","embeddable":true,"href":"https:\/\/www.petroni.hr\/en\/wp-json\/wp\/v2\/product_cat?post=23322"},{"taxonomy":"product_tag","embeddable":true,"href":"https:\/\/www.petroni.hr\/en\/wp-json\/wp\/v2\/product_tag?post=23322"}],"curies":[{"name":"wp","href":"https:\/\/api.w.org\/{rel}","templated":true}]}}