{"id":23271,"date":"2025-02-26T15:56:11","date_gmt":"2025-02-26T14:56:11","guid":{"rendered":"https:\/\/www.petroni.hr\/?post_type=product&#038;p=23271"},"modified":"2026-02-02T13:04:26","modified_gmt":"2026-02-02T12:04:26","slug":"wc-prijenosni-seaflo-premium-18-lit","status":"publish","type":"product","link":"https:\/\/www.petroni.hr\/en\/proizvod\/wc-prijenosni-seaflo-premium-18-lit\/","title":{"rendered":"WC prijenosni SEAFLO premium 18 lit"},"content":{"rendered":"<p>Vi\u0161enamjenski prijenosni WC s ubrizgavanjem &#8211; klipna pumpa<\/p>\n<p>WC za kamp vozila, prijenosni WC, WC za kampiranje<\/p>\n<p>Spremnik svje\u017ee vode\uff1a10L<\/p>\n<p>Spremnik otpadne vode\uff1a18L<\/p>\n<p>Vrsta: Ru\u010dno upravljanje<\/p>\n<p>Materijal: PP,POM,ABS<\/p>\n<p>Primjena: na otvorenom, kampiranje, medicinska njega, trudnice, djeca<\/p>\n<p>Dimenzija\uff1a389x346x402mm<\/p>\n<p>&nbsp;<\/p>\n<p>VI\u0160E ZNA\u010cAJKI I PREDNOSTI<\/p>\n<p>\u2022 Elegantan, lagan i izdr\u017eljiv moderan dizajn<br \/>\n\u2022 Spremnik svje\u017ee vode sa sna\u017enim klipnim ispiranjem<br \/>\n\u2022 Sna\u017ena trosmjerna mlaznica za ispiranje<br \/>\n\u2022 Prevelika glatka zdjela protiv prianjanja omogu\u0107uje jednostavno ispiranje<br \/>\n\u2022 Odvojivi potpuno zatvoreni spremnik s ergonomskom ru\u010dkom<br \/>\n\u2022 Rotiraju\u0107i koljeno za bacanje omogu\u0107uje \u010disto i udaljeno bacanje<br \/>\n\u2022 Gumb ventila za otpu\u0161tanje zraka &#8211; eliminira klokotanje i povratno prskanje<br \/>\n\u2022 Vrhunski zatvoreni dizajn sprje\u010dava curenje, prolijevanje i mirise tijekom transporta<br \/>\n\u2022 Uklonjivo sjedalo i navlaka za sjedalo za jednostavno \u010di\u0161\u0107enje<br \/>\n\u2022 Indikator razine spremnika za otpad<\/p>\n<p>&nbsp;<\/p>\n","protected":false},"excerpt":{"rendered":"<p>Vi\u0161enamjenski prijenosni WC s ubrizgavanjem &#8211; klipna pumpa WC za kamp vozila, prijenosni WC, WC za kampiranje Spremnik svje\u017ee vode\uff1a10L Spremnik otpadne vode\uff1a18L Vrsta: Ru\u010dno upravljanje Materijal: PP,POM,ABS Primjena: na otvorenom, kampiranje, medicinska njega, trudnice, djeca Dimenzija\uff1a389x346x402mm &nbsp; VI\u0160E ZNA\u010cAJKI I PREDNOSTI \u2022 Elegantan, lagan i izdr\u017eljiv moderan dizajn \u2022 Spremnik svje\u017ee vode sa sna\u017enim [&hellip;]<\/p>\n","protected":false},"featured_media":23274,"comment_status":"open","ping_status":"closed","template":"","meta":{"_acf_changed":false,"_themeisle_gutenberg_block_has_review":false},"product_brand":[],"product_cat":[325,329],"product_tag":[],"class_list":{"0":"post-23271","1":"product","2":"type-product","3":"status-publish","4":"has-post-thumbnail","6":"product_cat-akcija","7":"product_cat-wc-i-dodaci","9":"first","10":"instock","11":"sale","12":"shipping-taxable","13":"purchasable","14":"product-type-simple"},"acf":[],"yoast_head":"<!-- This site is optimized with the Yoast SEO plugin v27.4 - https:\/\/yoast.com\/product\/yoast-seo-wordpress\/ -->\n<title>WC prijenosni SEAFLO premium 18 lit | Petroni - rent | sale | service | conversions<\/title>\n<meta name=\"robots\" content=\"index, follow, max-snippet:-1, max-image-preview:large, max-video-preview:-1\" \/>\n<link rel=\"canonical\" href=\"https:\/\/www.petroni.hr\/en\/proizvod\/wc-prijenosni-seaflo-premium-18-lit\/\" \/>\n<meta property=\"og:locale\" content=\"en_US\" \/>\n<meta property=\"og:type\" content=\"article\" \/>\n<meta property=\"og:title\" content=\"WC prijenosni SEAFLO premium 18 lit | Petroni - rent | sale | service | conversions\" \/>\n<meta property=\"og:description\" content=\"Vi\u0161enamjenski prijenosni WC s ubrizgavanjem &#8211; klipna pumpa WC za kamp vozila, prijenosni WC, WC za kampiranje Spremnik svje\u017ee vode\uff1a10L Spremnik otpadne vode\uff1a18L Vrsta: Ru\u010dno upravljanje Materijal: PP,POM,ABS Primjena: na otvorenom, kampiranje, medicinska njega, trudnice, djeca Dimenzija\uff1a389x346x402mm &nbsp; VI\u0160E ZNA\u010cAJKI I PREDNOSTI \u2022 Elegantan, lagan i izdr\u017eljiv moderan dizajn \u2022 Spremnik svje\u017ee vode sa sna\u017enim [&hellip;]\" \/>\n<meta property=\"og:url\" content=\"https:\/\/www.petroni.hr\/en\/proizvod\/wc-prijenosni-seaflo-premium-18-lit\/\" \/>\n<meta property=\"og:site_name\" content=\"Petroni - rent | sale | service | conversions\" \/>\n<meta property=\"article:publisher\" content=\"https:\/\/www.facebook.com\/Kamperi.Petroni.Sesvete\/?locale=hr_HR\" \/>\n<meta property=\"article:modified_time\" content=\"2026-02-02T12:04:26+00:00\" \/>\n<meta property=\"og:image\" content=\"https:\/\/www.petroni.hr\/wp-content\/uploads\/2025\/02\/porta-potti-365-SEAFLO-18-lit.jpg\" \/>\n\t<meta property=\"og:image:width\" content=\"570\" \/>\n\t<meta property=\"og:image:height\" content=\"656\" \/>\n\t<meta property=\"og:image:type\" content=\"image\/jpeg\" \/>\n<meta name=\"twitter:card\" content=\"summary_large_image\" \/>\n<meta name=\"twitter:label1\" content=\"Est. reading time\" \/>\n\t<meta name=\"twitter:data1\" content=\"1 minute\" \/>\n<script type=\"application\/ld+json\" class=\"yoast-schema-graph\">{\"@context\":\"https:\\\/\\\/schema.org\",\"@graph\":[{\"@type\":\"WebPage\",\"@id\":\"https:\\\/\\\/www.petroni.hr\\\/en\\\/proizvod\\\/wc-prijenosni-seaflo-premium-18-lit\\\/\",\"url\":\"https:\\\/\\\/www.petroni.hr\\\/en\\\/proizvod\\\/wc-prijenosni-seaflo-premium-18-lit\\\/\",\"name\":\"WC prijenosni SEAFLO premium 18 lit | Petroni - rent | sale | service | conversions\",\"isPartOf\":{\"@id\":\"https:\\\/\\\/www.petroni.hr\\\/en\\\/#website\"},\"primaryImageOfPage\":{\"@id\":\"https:\\\/\\\/www.petroni.hr\\\/en\\\/proizvod\\\/wc-prijenosni-seaflo-premium-18-lit\\\/#primaryimage\"},\"image\":{\"@id\":\"https:\\\/\\\/www.petroni.hr\\\/en\\\/proizvod\\\/wc-prijenosni-seaflo-premium-18-lit\\\/#primaryimage\"},\"thumbnailUrl\":\"https:\\\/\\\/www.petroni.hr\\\/wp-content\\\/uploads\\\/2025\\\/02\\\/porta-potti-365-SEAFLO-18-lit.jpg\",\"datePublished\":\"2025-02-26T14:56:11+00:00\",\"dateModified\":\"2026-02-02T12:04:26+00:00\",\"breadcrumb\":{\"@id\":\"https:\\\/\\\/www.petroni.hr\\\/en\\\/proizvod\\\/wc-prijenosni-seaflo-premium-18-lit\\\/#breadcrumb\"},\"inLanguage\":\"en-US\",\"potentialAction\":[{\"@type\":\"ReadAction\",\"target\":[\"https:\\\/\\\/www.petroni.hr\\\/en\\\/proizvod\\\/wc-prijenosni-seaflo-premium-18-lit\\\/\"]}]},{\"@type\":\"ImageObject\",\"inLanguage\":\"en-US\",\"@id\":\"https:\\\/\\\/www.petroni.hr\\\/en\\\/proizvod\\\/wc-prijenosni-seaflo-premium-18-lit\\\/#primaryimage\",\"url\":\"https:\\\/\\\/www.petroni.hr\\\/wp-content\\\/uploads\\\/2025\\\/02\\\/porta-potti-365-SEAFLO-18-lit.jpg\",\"contentUrl\":\"https:\\\/\\\/www.petroni.hr\\\/wp-content\\\/uploads\\\/2025\\\/02\\\/porta-potti-365-SEAFLO-18-lit.jpg\",\"width\":570,\"height\":656},{\"@type\":\"BreadcrumbList\",\"@id\":\"https:\\\/\\\/www.petroni.hr\\\/en\\\/proizvod\\\/wc-prijenosni-seaflo-premium-18-lit\\\/#breadcrumb\",\"itemListElement\":[{\"@type\":\"ListItem\",\"position\":1,\"name\":\"Po\u010detna stranica\",\"item\":\"https:\\\/\\\/www.petroni.hr\\\/en\\\/\"},{\"@type\":\"ListItem\",\"position\":2,\"name\":\"Shop\",\"item\":\"https:\\\/\\\/www.petroni.hr\\\/en\\\/shop\\\/\"},{\"@type\":\"ListItem\",\"position\":3,\"name\":\"WC prijenosni SEAFLO premium 18 lit\"}]},{\"@type\":\"WebSite\",\"@id\":\"https:\\\/\\\/www.petroni.hr\\\/en\\\/#website\",\"url\":\"https:\\\/\\\/www.petroni.hr\\\/en\\\/\",\"name\":\"Petroni.hr\",\"description\":\"Experience the unprecedented freedom of travel\",\"publisher\":{\"@id\":\"https:\\\/\\\/www.petroni.hr\\\/en\\\/#organization\"},\"alternateName\":\"Petroni\",\"potentialAction\":[{\"@type\":\"SearchAction\",\"target\":{\"@type\":\"EntryPoint\",\"urlTemplate\":\"https:\\\/\\\/www.petroni.hr\\\/en\\\/?s={search_term_string}\"},\"query-input\":{\"@type\":\"PropertyValueSpecification\",\"valueRequired\":true,\"valueName\":\"search_term_string\"}}],\"inLanguage\":\"en-US\"},{\"@type\":\"Organization\",\"@id\":\"https:\\\/\\\/www.petroni.hr\\\/en\\\/#organization\",\"name\":\"Petroni d.o.o.\",\"alternateName\":\"Petroni\",\"url\":\"https:\\\/\\\/www.petroni.hr\\\/en\\\/\",\"logo\":{\"@type\":\"ImageObject\",\"inLanguage\":\"en-US\",\"@id\":\"https:\\\/\\\/www.petroni.hr\\\/en\\\/#\\\/schema\\\/logo\\\/image\\\/\",\"url\":\"https:\\\/\\\/www.petroni.hr\\\/wp-content\\\/uploads\\\/2024\\\/03\\\/cropped-Group-3.jpg\",\"contentUrl\":\"https:\\\/\\\/www.petroni.hr\\\/wp-content\\\/uploads\\\/2024\\\/03\\\/cropped-Group-3.jpg\",\"width\":512,\"height\":512,\"caption\":\"Petroni d.o.o.\"},\"image\":{\"@id\":\"https:\\\/\\\/www.petroni.hr\\\/en\\\/#\\\/schema\\\/logo\\\/image\\\/\"},\"sameAs\":[\"https:\\\/\\\/www.facebook.com\\\/Kamperi.Petroni.Sesvete\\\/?locale=hr_HR\"]}]}<\/script>\n<!-- \/ Yoast SEO plugin. -->","yoast_head_json":{"title":"WC prijenosni SEAFLO premium 18 lit | Petroni - rent | sale | service | conversions","robots":{"index":"index","follow":"follow","max-snippet":"max-snippet:-1","max-image-preview":"max-image-preview:large","max-video-preview":"max-video-preview:-1"},"canonical":"https:\/\/www.petroni.hr\/en\/proizvod\/wc-prijenosni-seaflo-premium-18-lit\/","og_locale":"en_US","og_type":"article","og_title":"WC prijenosni SEAFLO premium 18 lit | Petroni - rent | sale | service | conversions","og_description":"Vi\u0161enamjenski prijenosni WC s ubrizgavanjem &#8211; klipna pumpa WC za kamp vozila, prijenosni WC, WC za kampiranje Spremnik svje\u017ee vode\uff1a10L Spremnik otpadne vode\uff1a18L Vrsta: Ru\u010dno upravljanje Materijal: PP,POM,ABS Primjena: na otvorenom, kampiranje, medicinska njega, trudnice, djeca Dimenzija\uff1a389x346x402mm &nbsp; VI\u0160E ZNA\u010cAJKI I PREDNOSTI \u2022 Elegantan, lagan i izdr\u017eljiv moderan dizajn \u2022 Spremnik svje\u017ee vode sa sna\u017enim [&hellip;]","og_url":"https:\/\/www.petroni.hr\/en\/proizvod\/wc-prijenosni-seaflo-premium-18-lit\/","og_site_name":"Petroni - rent | sale | service | conversions","article_publisher":"https:\/\/www.facebook.com\/Kamperi.Petroni.Sesvete\/?locale=hr_HR","article_modified_time":"2026-02-02T12:04:26+00:00","og_image":[{"width":570,"height":656,"url":"https:\/\/www.petroni.hr\/wp-content\/uploads\/2025\/02\/porta-potti-365-SEAFLO-18-lit.jpg","type":"image\/jpeg"}],"twitter_card":"summary_large_image","twitter_misc":{"Est. reading time":"1 minute"},"schema":{"@context":"https:\/\/schema.org","@graph":[{"@type":"WebPage","@id":"https:\/\/www.petroni.hr\/en\/proizvod\/wc-prijenosni-seaflo-premium-18-lit\/","url":"https:\/\/www.petroni.hr\/en\/proizvod\/wc-prijenosni-seaflo-premium-18-lit\/","name":"WC prijenosni SEAFLO premium 18 lit | Petroni - rent | sale | service | conversions","isPartOf":{"@id":"https:\/\/www.petroni.hr\/en\/#website"},"primaryImageOfPage":{"@id":"https:\/\/www.petroni.hr\/en\/proizvod\/wc-prijenosni-seaflo-premium-18-lit\/#primaryimage"},"image":{"@id":"https:\/\/www.petroni.hr\/en\/proizvod\/wc-prijenosni-seaflo-premium-18-lit\/#primaryimage"},"thumbnailUrl":"https:\/\/www.petroni.hr\/wp-content\/uploads\/2025\/02\/porta-potti-365-SEAFLO-18-lit.jpg","datePublished":"2025-02-26T14:56:11+00:00","dateModified":"2026-02-02T12:04:26+00:00","breadcrumb":{"@id":"https:\/\/www.petroni.hr\/en\/proizvod\/wc-prijenosni-seaflo-premium-18-lit\/#breadcrumb"},"inLanguage":"en-US","potentialAction":[{"@type":"ReadAction","target":["https:\/\/www.petroni.hr\/en\/proizvod\/wc-prijenosni-seaflo-premium-18-lit\/"]}]},{"@type":"ImageObject","inLanguage":"en-US","@id":"https:\/\/www.petroni.hr\/en\/proizvod\/wc-prijenosni-seaflo-premium-18-lit\/#primaryimage","url":"https:\/\/www.petroni.hr\/wp-content\/uploads\/2025\/02\/porta-potti-365-SEAFLO-18-lit.jpg","contentUrl":"https:\/\/www.petroni.hr\/wp-content\/uploads\/2025\/02\/porta-potti-365-SEAFLO-18-lit.jpg","width":570,"height":656},{"@type":"BreadcrumbList","@id":"https:\/\/www.petroni.hr\/en\/proizvod\/wc-prijenosni-seaflo-premium-18-lit\/#breadcrumb","itemListElement":[{"@type":"ListItem","position":1,"name":"Po\u010detna stranica","item":"https:\/\/www.petroni.hr\/en\/"},{"@type":"ListItem","position":2,"name":"Shop","item":"https:\/\/www.petroni.hr\/en\/shop\/"},{"@type":"ListItem","position":3,"name":"WC prijenosni SEAFLO premium 18 lit"}]},{"@type":"WebSite","@id":"https:\/\/www.petroni.hr\/en\/#website","url":"https:\/\/www.petroni.hr\/en\/","name":"Petroni.hr","description":"Experience the unprecedented freedom of travel","publisher":{"@id":"https:\/\/www.petroni.hr\/en\/#organization"},"alternateName":"Petroni","potentialAction":[{"@type":"SearchAction","target":{"@type":"EntryPoint","urlTemplate":"https:\/\/www.petroni.hr\/en\/?s={search_term_string}"},"query-input":{"@type":"PropertyValueSpecification","valueRequired":true,"valueName":"search_term_string"}}],"inLanguage":"en-US"},{"@type":"Organization","@id":"https:\/\/www.petroni.hr\/en\/#organization","name":"Petroni d.o.o.","alternateName":"Petroni","url":"https:\/\/www.petroni.hr\/en\/","logo":{"@type":"ImageObject","inLanguage":"en-US","@id":"https:\/\/www.petroni.hr\/en\/#\/schema\/logo\/image\/","url":"https:\/\/www.petroni.hr\/wp-content\/uploads\/2024\/03\/cropped-Group-3.jpg","contentUrl":"https:\/\/www.petroni.hr\/wp-content\/uploads\/2024\/03\/cropped-Group-3.jpg","width":512,"height":512,"caption":"Petroni d.o.o."},"image":{"@id":"https:\/\/www.petroni.hr\/en\/#\/schema\/logo\/image\/"},"sameAs":["https:\/\/www.facebook.com\/Kamperi.Petroni.Sesvete\/?locale=hr_HR"]}]}},"_links":{"self":[{"href":"https:\/\/www.petroni.hr\/en\/wp-json\/wp\/v2\/product\/23271","targetHints":{"allow":["GET"]}}],"collection":[{"href":"https:\/\/www.petroni.hr\/en\/wp-json\/wp\/v2\/product"}],"about":[{"href":"https:\/\/www.petroni.hr\/en\/wp-json\/wp\/v2\/types\/product"}],"replies":[{"embeddable":true,"href":"https:\/\/www.petroni.hr\/en\/wp-json\/wp\/v2\/comments?post=23271"}],"wp:featuredmedia":[{"embeddable":true,"href":"https:\/\/www.petroni.hr\/en\/wp-json\/wp\/v2\/media\/23274"}],"wp:attachment":[{"href":"https:\/\/www.petroni.hr\/en\/wp-json\/wp\/v2\/media?parent=23271"}],"wp:term":[{"taxonomy":"product_brand","embeddable":true,"href":"https:\/\/www.petroni.hr\/en\/wp-json\/wp\/v2\/product_brand?post=23271"},{"taxonomy":"product_cat","embeddable":true,"href":"https:\/\/www.petroni.hr\/en\/wp-json\/wp\/v2\/product_cat?post=23271"},{"taxonomy":"product_tag","embeddable":true,"href":"https:\/\/www.petroni.hr\/en\/wp-json\/wp\/v2\/product_tag?post=23271"}],"curies":[{"name":"wp","href":"https:\/\/api.w.org\/{rel}","templated":true}]}}