{"id":23058,"date":"2025-02-16T07:50:45","date_gmt":"2025-02-16T06:50:45","guid":{"rendered":"https:\/\/www.petroni.hr\/?post_type=product&#038;p=23058"},"modified":"2025-02-16T07:50:46","modified_gmt":"2025-02-16T06:50:46","slug":"pojacivac-punjenja-baterija-dc-dc-40a-carbest","status":"publish","type":"product","link":"https:\/\/www.petroni.hr\/en\/proizvod\/pojacivac-punjenja-baterija-dc-dc-40a-carbest\/","title":{"rendered":"Poja\u010diva\u010d punjenja baterija DC\/DC 40A Carbest"},"content":{"rendered":"<p>Carbest poja\u010diva\u010d punjenja baterije s izlazom od 40 A puni va\u0161u ugra\u0111enu ili sekundarnu bateriju brzo i pouzdano tijekom vo\u017enje. IUoU karakteristika punjenja opskrbljuje bateriju konstantnom strujom i odgovaraju\u0107im naponom. Kada se postigne kona\u010dni napon punjenja, baterija se prebacuje na postupno punjenje. Time se kompenzira samopra\u017enjenje baterije. Apsorpcijski ili kompresorski hladnjak mo\u017ee se napajati izravno iz poja\u010diva\u010da punjenja preko posebnog integriranog izlaza hladnjaka od 18 A. Integrirana za\u0161tita od prenapona i prenapona kao i za\u0161tita od obrnutog polariteta<\/p>\n<p>Vrsta baterije: Olovno-kiselinska \/ AGM \/ Gel \/ Litijeva<br \/>\nKapacitet punjenja alternatora: 40 A<br \/>\nDuljina: 200 mm<br \/>\n\u0160irina: 142 mm<br \/>\nVisina: 72,5 mm<br \/>\nTe\u017eina: 1,1 kg<\/p>\n<p>Raspon radne temperature: +10\u00b0C do +50\u00b0C<\/p>\n<p>&nbsp;<\/p>\n","protected":false},"excerpt":{"rendered":"<p>Carbest poja\u010diva\u010d punjenja baterije s izlazom od 40 A puni va\u0161u ugra\u0111enu ili sekundarnu bateriju brzo i pouzdano tijekom vo\u017enje. IUoU karakteristika punjenja opskrbljuje bateriju konstantnom strujom i odgovaraju\u0107im naponom. Kada se postigne kona\u010dni napon punjenja, baterija se prebacuje na postupno punjenje. Time se kompenzira samopra\u017enjenje baterije. Apsorpcijski ili kompresorski hladnjak mo\u017ee se napajati izravno [&hellip;]<\/p>\n","protected":false},"featured_media":23061,"comment_status":"open","ping_status":"closed","template":"","meta":{"_acf_changed":false,"_themeisle_gutenberg_block_has_review":false},"product_brand":[],"product_cat":[232,213],"product_tag":[],"class_list":{"0":"post-23058","1":"product","2":"type-product","3":"status-publish","4":"has-post-thumbnail","6":"product_cat-battery","7":"product_cat-electrical","9":"first","10":"instock","11":"shipping-taxable","12":"purchasable","13":"product-type-simple"},"acf":[],"yoast_head":"<!-- This site is optimized with the Yoast SEO plugin v27.4 - https:\/\/yoast.com\/product\/yoast-seo-wordpress\/ -->\n<title>Poja\u010diva\u010d punjenja baterija DC\/DC 40A Carbest | Petroni - rent | sale | service | conversions<\/title>\n<meta name=\"robots\" content=\"index, follow, max-snippet:-1, max-image-preview:large, max-video-preview:-1\" \/>\n<link rel=\"canonical\" href=\"https:\/\/www.petroni.hr\/en\/proizvod\/pojacivac-punjenja-baterija-dc-dc-40a-carbest\/\" \/>\n<meta property=\"og:locale\" content=\"en_US\" \/>\n<meta property=\"og:type\" content=\"article\" \/>\n<meta property=\"og:title\" content=\"Poja\u010diva\u010d punjenja baterija DC\/DC 40A Carbest | Petroni - rent | sale | service | conversions\" \/>\n<meta property=\"og:description\" content=\"Carbest poja\u010diva\u010d punjenja baterije s izlazom od 40 A puni va\u0161u ugra\u0111enu ili sekundarnu bateriju brzo i pouzdano tijekom vo\u017enje. IUoU karakteristika punjenja opskrbljuje bateriju konstantnom strujom i odgovaraju\u0107im naponom. Kada se postigne kona\u010dni napon punjenja, baterija se prebacuje na postupno punjenje. Time se kompenzira samopra\u017enjenje baterije. Apsorpcijski ili kompresorski hladnjak mo\u017ee se napajati izravno [&hellip;]\" \/>\n<meta property=\"og:url\" content=\"https:\/\/www.petroni.hr\/en\/proizvod\/pojacivac-punjenja-baterija-dc-dc-40a-carbest\/\" \/>\n<meta property=\"og:site_name\" content=\"Petroni - rent | sale | service | conversions\" \/>\n<meta property=\"article:publisher\" content=\"https:\/\/www.facebook.com\/Kamperi.Petroni.Sesvete\/?locale=hr_HR\" \/>\n<meta property=\"article:modified_time\" content=\"2025-02-16T06:50:46+00:00\" \/>\n<meta property=\"og:image\" content=\"https:\/\/www.petroni.hr\/wp-content\/uploads\/2025\/02\/POJACIVAC-PUNJENJA-DC-DC-40A-821821.jpg\" \/>\n\t<meta property=\"og:image:width\" content=\"800\" \/>\n\t<meta property=\"og:image:height\" content=\"536\" \/>\n\t<meta property=\"og:image:type\" content=\"image\/jpeg\" \/>\n<meta name=\"twitter:card\" content=\"summary_large_image\" \/>\n<meta name=\"twitter:label1\" content=\"Est. reading time\" \/>\n\t<meta name=\"twitter:data1\" content=\"1 minute\" \/>\n<script type=\"application\/ld+json\" class=\"yoast-schema-graph\">{\"@context\":\"https:\\\/\\\/schema.org\",\"@graph\":[{\"@type\":\"WebPage\",\"@id\":\"https:\\\/\\\/www.petroni.hr\\\/en\\\/proizvod\\\/pojacivac-punjenja-baterija-dc-dc-40a-carbest\\\/\",\"url\":\"https:\\\/\\\/www.petroni.hr\\\/en\\\/proizvod\\\/pojacivac-punjenja-baterija-dc-dc-40a-carbest\\\/\",\"name\":\"Poja\u010diva\u010d punjenja baterija DC\\\/DC 40A Carbest | Petroni - rent | sale | service | conversions\",\"isPartOf\":{\"@id\":\"https:\\\/\\\/www.petroni.hr\\\/en\\\/#website\"},\"primaryImageOfPage\":{\"@id\":\"https:\\\/\\\/www.petroni.hr\\\/en\\\/proizvod\\\/pojacivac-punjenja-baterija-dc-dc-40a-carbest\\\/#primaryimage\"},\"image\":{\"@id\":\"https:\\\/\\\/www.petroni.hr\\\/en\\\/proizvod\\\/pojacivac-punjenja-baterija-dc-dc-40a-carbest\\\/#primaryimage\"},\"thumbnailUrl\":\"https:\\\/\\\/www.petroni.hr\\\/wp-content\\\/uploads\\\/2025\\\/02\\\/POJACIVAC-PUNJENJA-DC-DC-40A-821821.jpg\",\"datePublished\":\"2025-02-16T06:50:45+00:00\",\"dateModified\":\"2025-02-16T06:50:46+00:00\",\"breadcrumb\":{\"@id\":\"https:\\\/\\\/www.petroni.hr\\\/en\\\/proizvod\\\/pojacivac-punjenja-baterija-dc-dc-40a-carbest\\\/#breadcrumb\"},\"inLanguage\":\"en-US\",\"potentialAction\":[{\"@type\":\"ReadAction\",\"target\":[\"https:\\\/\\\/www.petroni.hr\\\/en\\\/proizvod\\\/pojacivac-punjenja-baterija-dc-dc-40a-carbest\\\/\"]}]},{\"@type\":\"ImageObject\",\"inLanguage\":\"en-US\",\"@id\":\"https:\\\/\\\/www.petroni.hr\\\/en\\\/proizvod\\\/pojacivac-punjenja-baterija-dc-dc-40a-carbest\\\/#primaryimage\",\"url\":\"https:\\\/\\\/www.petroni.hr\\\/wp-content\\\/uploads\\\/2025\\\/02\\\/POJACIVAC-PUNJENJA-DC-DC-40A-821821.jpg\",\"contentUrl\":\"https:\\\/\\\/www.petroni.hr\\\/wp-content\\\/uploads\\\/2025\\\/02\\\/POJACIVAC-PUNJENJA-DC-DC-40A-821821.jpg\",\"width\":800,\"height\":536},{\"@type\":\"BreadcrumbList\",\"@id\":\"https:\\\/\\\/www.petroni.hr\\\/en\\\/proizvod\\\/pojacivac-punjenja-baterija-dc-dc-40a-carbest\\\/#breadcrumb\",\"itemListElement\":[{\"@type\":\"ListItem\",\"position\":1,\"name\":\"Po\u010detna stranica\",\"item\":\"https:\\\/\\\/www.petroni.hr\\\/en\\\/\"},{\"@type\":\"ListItem\",\"position\":2,\"name\":\"Shop\",\"item\":\"https:\\\/\\\/www.petroni.hr\\\/en\\\/shop\\\/\"},{\"@type\":\"ListItem\",\"position\":3,\"name\":\"Poja\u010diva\u010d punjenja baterija DC\\\/DC 40A Carbest\"}]},{\"@type\":\"WebSite\",\"@id\":\"https:\\\/\\\/www.petroni.hr\\\/en\\\/#website\",\"url\":\"https:\\\/\\\/www.petroni.hr\\\/en\\\/\",\"name\":\"Petroni.hr\",\"description\":\"Experience the unprecedented freedom of travel\",\"publisher\":{\"@id\":\"https:\\\/\\\/www.petroni.hr\\\/en\\\/#organization\"},\"alternateName\":\"Petroni\",\"potentialAction\":[{\"@type\":\"SearchAction\",\"target\":{\"@type\":\"EntryPoint\",\"urlTemplate\":\"https:\\\/\\\/www.petroni.hr\\\/en\\\/?s={search_term_string}\"},\"query-input\":{\"@type\":\"PropertyValueSpecification\",\"valueRequired\":true,\"valueName\":\"search_term_string\"}}],\"inLanguage\":\"en-US\"},{\"@type\":\"Organization\",\"@id\":\"https:\\\/\\\/www.petroni.hr\\\/en\\\/#organization\",\"name\":\"Petroni d.o.o.\",\"alternateName\":\"Petroni\",\"url\":\"https:\\\/\\\/www.petroni.hr\\\/en\\\/\",\"logo\":{\"@type\":\"ImageObject\",\"inLanguage\":\"en-US\",\"@id\":\"https:\\\/\\\/www.petroni.hr\\\/en\\\/#\\\/schema\\\/logo\\\/image\\\/\",\"url\":\"https:\\\/\\\/www.petroni.hr\\\/wp-content\\\/uploads\\\/2024\\\/03\\\/cropped-Group-3.jpg\",\"contentUrl\":\"https:\\\/\\\/www.petroni.hr\\\/wp-content\\\/uploads\\\/2024\\\/03\\\/cropped-Group-3.jpg\",\"width\":512,\"height\":512,\"caption\":\"Petroni d.o.o.\"},\"image\":{\"@id\":\"https:\\\/\\\/www.petroni.hr\\\/en\\\/#\\\/schema\\\/logo\\\/image\\\/\"},\"sameAs\":[\"https:\\\/\\\/www.facebook.com\\\/Kamperi.Petroni.Sesvete\\\/?locale=hr_HR\"]}]}<\/script>\n<!-- \/ Yoast SEO plugin. -->","yoast_head_json":{"title":"Poja\u010diva\u010d punjenja baterija DC\/DC 40A Carbest | Petroni - rent | sale | service | conversions","robots":{"index":"index","follow":"follow","max-snippet":"max-snippet:-1","max-image-preview":"max-image-preview:large","max-video-preview":"max-video-preview:-1"},"canonical":"https:\/\/www.petroni.hr\/en\/proizvod\/pojacivac-punjenja-baterija-dc-dc-40a-carbest\/","og_locale":"en_US","og_type":"article","og_title":"Poja\u010diva\u010d punjenja baterija DC\/DC 40A Carbest | Petroni - rent | sale | service | conversions","og_description":"Carbest poja\u010diva\u010d punjenja baterije s izlazom od 40 A puni va\u0161u ugra\u0111enu ili sekundarnu bateriju brzo i pouzdano tijekom vo\u017enje. IUoU karakteristika punjenja opskrbljuje bateriju konstantnom strujom i odgovaraju\u0107im naponom. Kada se postigne kona\u010dni napon punjenja, baterija se prebacuje na postupno punjenje. Time se kompenzira samopra\u017enjenje baterije. Apsorpcijski ili kompresorski hladnjak mo\u017ee se napajati izravno [&hellip;]","og_url":"https:\/\/www.petroni.hr\/en\/proizvod\/pojacivac-punjenja-baterija-dc-dc-40a-carbest\/","og_site_name":"Petroni - rent | sale | service | conversions","article_publisher":"https:\/\/www.facebook.com\/Kamperi.Petroni.Sesvete\/?locale=hr_HR","article_modified_time":"2025-02-16T06:50:46+00:00","og_image":[{"width":800,"height":536,"url":"https:\/\/www.petroni.hr\/wp-content\/uploads\/2025\/02\/POJACIVAC-PUNJENJA-DC-DC-40A-821821.jpg","type":"image\/jpeg"}],"twitter_card":"summary_large_image","twitter_misc":{"Est. reading time":"1 minute"},"schema":{"@context":"https:\/\/schema.org","@graph":[{"@type":"WebPage","@id":"https:\/\/www.petroni.hr\/en\/proizvod\/pojacivac-punjenja-baterija-dc-dc-40a-carbest\/","url":"https:\/\/www.petroni.hr\/en\/proizvod\/pojacivac-punjenja-baterija-dc-dc-40a-carbest\/","name":"Poja\u010diva\u010d punjenja baterija DC\/DC 40A Carbest | Petroni - rent | sale | service | conversions","isPartOf":{"@id":"https:\/\/www.petroni.hr\/en\/#website"},"primaryImageOfPage":{"@id":"https:\/\/www.petroni.hr\/en\/proizvod\/pojacivac-punjenja-baterija-dc-dc-40a-carbest\/#primaryimage"},"image":{"@id":"https:\/\/www.petroni.hr\/en\/proizvod\/pojacivac-punjenja-baterija-dc-dc-40a-carbest\/#primaryimage"},"thumbnailUrl":"https:\/\/www.petroni.hr\/wp-content\/uploads\/2025\/02\/POJACIVAC-PUNJENJA-DC-DC-40A-821821.jpg","datePublished":"2025-02-16T06:50:45+00:00","dateModified":"2025-02-16T06:50:46+00:00","breadcrumb":{"@id":"https:\/\/www.petroni.hr\/en\/proizvod\/pojacivac-punjenja-baterija-dc-dc-40a-carbest\/#breadcrumb"},"inLanguage":"en-US","potentialAction":[{"@type":"ReadAction","target":["https:\/\/www.petroni.hr\/en\/proizvod\/pojacivac-punjenja-baterija-dc-dc-40a-carbest\/"]}]},{"@type":"ImageObject","inLanguage":"en-US","@id":"https:\/\/www.petroni.hr\/en\/proizvod\/pojacivac-punjenja-baterija-dc-dc-40a-carbest\/#primaryimage","url":"https:\/\/www.petroni.hr\/wp-content\/uploads\/2025\/02\/POJACIVAC-PUNJENJA-DC-DC-40A-821821.jpg","contentUrl":"https:\/\/www.petroni.hr\/wp-content\/uploads\/2025\/02\/POJACIVAC-PUNJENJA-DC-DC-40A-821821.jpg","width":800,"height":536},{"@type":"BreadcrumbList","@id":"https:\/\/www.petroni.hr\/en\/proizvod\/pojacivac-punjenja-baterija-dc-dc-40a-carbest\/#breadcrumb","itemListElement":[{"@type":"ListItem","position":1,"name":"Po\u010detna stranica","item":"https:\/\/www.petroni.hr\/en\/"},{"@type":"ListItem","position":2,"name":"Shop","item":"https:\/\/www.petroni.hr\/en\/shop\/"},{"@type":"ListItem","position":3,"name":"Poja\u010diva\u010d punjenja baterija DC\/DC 40A Carbest"}]},{"@type":"WebSite","@id":"https:\/\/www.petroni.hr\/en\/#website","url":"https:\/\/www.petroni.hr\/en\/","name":"Petroni.hr","description":"Experience the unprecedented freedom of travel","publisher":{"@id":"https:\/\/www.petroni.hr\/en\/#organization"},"alternateName":"Petroni","potentialAction":[{"@type":"SearchAction","target":{"@type":"EntryPoint","urlTemplate":"https:\/\/www.petroni.hr\/en\/?s={search_term_string}"},"query-input":{"@type":"PropertyValueSpecification","valueRequired":true,"valueName":"search_term_string"}}],"inLanguage":"en-US"},{"@type":"Organization","@id":"https:\/\/www.petroni.hr\/en\/#organization","name":"Petroni d.o.o.","alternateName":"Petroni","url":"https:\/\/www.petroni.hr\/en\/","logo":{"@type":"ImageObject","inLanguage":"en-US","@id":"https:\/\/www.petroni.hr\/en\/#\/schema\/logo\/image\/","url":"https:\/\/www.petroni.hr\/wp-content\/uploads\/2024\/03\/cropped-Group-3.jpg","contentUrl":"https:\/\/www.petroni.hr\/wp-content\/uploads\/2024\/03\/cropped-Group-3.jpg","width":512,"height":512,"caption":"Petroni d.o.o."},"image":{"@id":"https:\/\/www.petroni.hr\/en\/#\/schema\/logo\/image\/"},"sameAs":["https:\/\/www.facebook.com\/Kamperi.Petroni.Sesvete\/?locale=hr_HR"]}]}},"_links":{"self":[{"href":"https:\/\/www.petroni.hr\/en\/wp-json\/wp\/v2\/product\/23058","targetHints":{"allow":["GET"]}}],"collection":[{"href":"https:\/\/www.petroni.hr\/en\/wp-json\/wp\/v2\/product"}],"about":[{"href":"https:\/\/www.petroni.hr\/en\/wp-json\/wp\/v2\/types\/product"}],"replies":[{"embeddable":true,"href":"https:\/\/www.petroni.hr\/en\/wp-json\/wp\/v2\/comments?post=23058"}],"wp:featuredmedia":[{"embeddable":true,"href":"https:\/\/www.petroni.hr\/en\/wp-json\/wp\/v2\/media\/23061"}],"wp:attachment":[{"href":"https:\/\/www.petroni.hr\/en\/wp-json\/wp\/v2\/media?parent=23058"}],"wp:term":[{"taxonomy":"product_brand","embeddable":true,"href":"https:\/\/www.petroni.hr\/en\/wp-json\/wp\/v2\/product_brand?post=23058"},{"taxonomy":"product_cat","embeddable":true,"href":"https:\/\/www.petroni.hr\/en\/wp-json\/wp\/v2\/product_cat?post=23058"},{"taxonomy":"product_tag","embeddable":true,"href":"https:\/\/www.petroni.hr\/en\/wp-json\/wp\/v2\/product_tag?post=23058"}],"curies":[{"name":"wp","href":"https:\/\/api.w.org\/{rel}","templated":true}]}}