{"id":22866,"date":"2024-12-03T12:34:51","date_gmt":"2024-12-03T11:34:51","guid":{"rendered":"https:\/\/www.petroni.hr\/?post_type=product&#038;p=22866"},"modified":"2026-03-04T09:03:46","modified_gmt":"2026-03-04T08:03:46","slug":"solar-regler-victron-mppt-100-20","status":"publish","type":"product","link":"https:\/\/www.petroni.hr\/en\/proizvod\/solar-regler-victron-mppt-100-20\/","title":{"rendered":"Regulator solarnog punjenja VICTRON MPPT 100\/20A"},"content":{"rendered":"<p>SmartSolar MPPT s Bluetooth funkcijom<br \/>\nBluetooth funkcija za be\u017ei\u010dni nadzor i a\u017euriranje solarnog regulatora punjenja<br \/>\nFunkcija oporavka za potpuno ispra\u017enjene baterije<br \/>\nBesplatna aplikacija<\/p>\n<p>Koriste\u0107i najnoviju i najbr\u017eu tehnologiju, SmartSolar maksimizira proizvodnju energije i inteligentno je usmjerava na punjenje baterija u \u0161to kra\u0107em vremenu. SmartSolar odr\u017eava funkcionalnost baterije i tako produljuje njezin \u017eivotni vijek. SmartSolar regulator punjenja \u0107e ponovno napuniti \u010dak i jako ispra\u017enjenu bateriju i mo\u017ee raditi s naponom baterije od samo 0 volti (pod pretpostavkom da \u0107elije baterije nisu trajno sulfatizirane ili na neki drugi na\u010din o\u0161te\u0107ene).<\/p>\n<p>Napon u V: 12\/24V<br \/>\nSnaga solarnog modula maks.: 580 Wp<br \/>\nStruja punjenja maks.: 20 A<br \/>\nPotro\u0161nja: 290W<br \/>\nNapon otvorenog kruga (Voc): 100 V<br \/>\nStruja kratkog spoja (Isc): 20A<br \/>\nDuljina: 60 mm<br \/>\n\u0160irina: 131 mm<br \/>\nVisina: 100 mm<br \/>\nU\u010dinkovitost: 98%<br \/>\nTe\u017eina: 650g<\/p>\n","protected":false},"excerpt":{"rendered":"<p>SmartSolar MPPT s Bluetooth funkcijom Bluetooth funkcija za be\u017ei\u010dni nadzor i a\u017euriranje solarnog regulatora punjenja Funkcija oporavka za potpuno ispra\u017enjene baterije Besplatna aplikacija Koriste\u0107i najnoviju i najbr\u017eu tehnologiju, SmartSolar maksimizira proizvodnju energije i inteligentno je usmjerava na punjenje baterija u \u0161to kra\u0107em vremenu. SmartSolar odr\u017eava funkcionalnost baterije i tako produljuje njezin \u017eivotni vijek. SmartSolar regulator [&hellip;]<\/p>\n","protected":false},"featured_media":22867,"comment_status":"open","ping_status":"closed","template":"","meta":{"_acf_changed":false,"_themeisle_gutenberg_block_has_review":false},"product_brand":[],"product_cat":[213,237],"product_tag":[],"class_list":{"0":"post-22866","1":"product","2":"type-product","3":"status-publish","4":"has-post-thumbnail","6":"product_cat-electrical","7":"product_cat-solarni-sustavi-2","9":"first","10":"instock","11":"shipping-taxable","12":"purchasable","13":"product-type-simple"},"acf":[],"yoast_head":"<!-- This site is optimized with the Yoast SEO plugin v27.4 - https:\/\/yoast.com\/product\/yoast-seo-wordpress\/ -->\n<title>Regulator solarnog punjenja VICTRON MPPT 100\/20A | Petroni - rent | sale | service | conversions<\/title>\n<meta name=\"robots\" content=\"index, follow, max-snippet:-1, max-image-preview:large, max-video-preview:-1\" \/>\n<link rel=\"canonical\" href=\"https:\/\/www.petroni.hr\/en\/proizvod\/solar-regler-victron-mppt-100-20\/\" \/>\n<meta property=\"og:locale\" content=\"en_US\" \/>\n<meta property=\"og:type\" content=\"article\" \/>\n<meta property=\"og:title\" content=\"Regulator solarnog punjenja VICTRON MPPT 100\/20A | Petroni - rent | sale | service | conversions\" \/>\n<meta property=\"og:description\" content=\"SmartSolar MPPT s Bluetooth funkcijom Bluetooth funkcija za be\u017ei\u010dni nadzor i a\u017euriranje solarnog regulatora punjenja Funkcija oporavka za potpuno ispra\u017enjene baterije Besplatna aplikacija Koriste\u0107i najnoviju i najbr\u017eu tehnologiju, SmartSolar maksimizira proizvodnju energije i inteligentno je usmjerava na punjenje baterija u \u0161to kra\u0107em vremenu. SmartSolar odr\u017eava funkcionalnost baterije i tako produljuje njezin \u017eivotni vijek. SmartSolar regulator [&hellip;]\" \/>\n<meta property=\"og:url\" content=\"https:\/\/www.petroni.hr\/en\/proizvod\/solar-regler-victron-mppt-100-20\/\" \/>\n<meta property=\"og:site_name\" content=\"Petroni - rent | sale | service | conversions\" \/>\n<meta property=\"article:publisher\" content=\"https:\/\/www.facebook.com\/Kamperi.Petroni.Sesvete\/?locale=hr_HR\" \/>\n<meta property=\"article:modified_time\" content=\"2026-03-04T08:03:46+00:00\" \/>\n<meta property=\"og:image\" content=\"https:\/\/www.petroni.hr\/wp-content\/uploads\/2024\/12\/solar-regler-VICTRON-MPPT-850232.jpg\" \/>\n\t<meta property=\"og:image:width\" content=\"500\" \/>\n\t<meta property=\"og:image:height\" content=\"397\" \/>\n\t<meta property=\"og:image:type\" content=\"image\/jpeg\" \/>\n<meta name=\"twitter:card\" content=\"summary_large_image\" \/>\n<meta name=\"twitter:label1\" content=\"Est. reading time\" \/>\n\t<meta name=\"twitter:data1\" content=\"1 minute\" \/>\n<script type=\"application\/ld+json\" class=\"yoast-schema-graph\">{\"@context\":\"https:\\\/\\\/schema.org\",\"@graph\":[{\"@type\":\"WebPage\",\"@id\":\"https:\\\/\\\/www.petroni.hr\\\/en\\\/proizvod\\\/solar-regler-victron-mppt-100-20\\\/\",\"url\":\"https:\\\/\\\/www.petroni.hr\\\/en\\\/proizvod\\\/solar-regler-victron-mppt-100-20\\\/\",\"name\":\"Regulator solarnog punjenja VICTRON MPPT 100\\\/20A | Petroni - rent | sale | service | conversions\",\"isPartOf\":{\"@id\":\"https:\\\/\\\/www.petroni.hr\\\/en\\\/#website\"},\"primaryImageOfPage\":{\"@id\":\"https:\\\/\\\/www.petroni.hr\\\/en\\\/proizvod\\\/solar-regler-victron-mppt-100-20\\\/#primaryimage\"},\"image\":{\"@id\":\"https:\\\/\\\/www.petroni.hr\\\/en\\\/proizvod\\\/solar-regler-victron-mppt-100-20\\\/#primaryimage\"},\"thumbnailUrl\":\"https:\\\/\\\/www.petroni.hr\\\/wp-content\\\/uploads\\\/2024\\\/12\\\/solar-regler-VICTRON-MPPT-850232.jpg\",\"datePublished\":\"2024-12-03T11:34:51+00:00\",\"dateModified\":\"2026-03-04T08:03:46+00:00\",\"breadcrumb\":{\"@id\":\"https:\\\/\\\/www.petroni.hr\\\/en\\\/proizvod\\\/solar-regler-victron-mppt-100-20\\\/#breadcrumb\"},\"inLanguage\":\"en-US\",\"potentialAction\":[{\"@type\":\"ReadAction\",\"target\":[\"https:\\\/\\\/www.petroni.hr\\\/en\\\/proizvod\\\/solar-regler-victron-mppt-100-20\\\/\"]}]},{\"@type\":\"ImageObject\",\"inLanguage\":\"en-US\",\"@id\":\"https:\\\/\\\/www.petroni.hr\\\/en\\\/proizvod\\\/solar-regler-victron-mppt-100-20\\\/#primaryimage\",\"url\":\"https:\\\/\\\/www.petroni.hr\\\/wp-content\\\/uploads\\\/2024\\\/12\\\/solar-regler-VICTRON-MPPT-850232.jpg\",\"contentUrl\":\"https:\\\/\\\/www.petroni.hr\\\/wp-content\\\/uploads\\\/2024\\\/12\\\/solar-regler-VICTRON-MPPT-850232.jpg\",\"width\":500,\"height\":397},{\"@type\":\"BreadcrumbList\",\"@id\":\"https:\\\/\\\/www.petroni.hr\\\/en\\\/proizvod\\\/solar-regler-victron-mppt-100-20\\\/#breadcrumb\",\"itemListElement\":[{\"@type\":\"ListItem\",\"position\":1,\"name\":\"Po\u010detna stranica\",\"item\":\"https:\\\/\\\/www.petroni.hr\\\/en\\\/\"},{\"@type\":\"ListItem\",\"position\":2,\"name\":\"Shop\",\"item\":\"https:\\\/\\\/www.petroni.hr\\\/en\\\/shop\\\/\"},{\"@type\":\"ListItem\",\"position\":3,\"name\":\"Regulator solarnog punjenja VICTRON MPPT 100\\\/20A\"}]},{\"@type\":\"WebSite\",\"@id\":\"https:\\\/\\\/www.petroni.hr\\\/en\\\/#website\",\"url\":\"https:\\\/\\\/www.petroni.hr\\\/en\\\/\",\"name\":\"Petroni.hr\",\"description\":\"Experience the unprecedented freedom of travel\",\"publisher\":{\"@id\":\"https:\\\/\\\/www.petroni.hr\\\/en\\\/#organization\"},\"alternateName\":\"Petroni\",\"potentialAction\":[{\"@type\":\"SearchAction\",\"target\":{\"@type\":\"EntryPoint\",\"urlTemplate\":\"https:\\\/\\\/www.petroni.hr\\\/en\\\/?s={search_term_string}\"},\"query-input\":{\"@type\":\"PropertyValueSpecification\",\"valueRequired\":true,\"valueName\":\"search_term_string\"}}],\"inLanguage\":\"en-US\"},{\"@type\":\"Organization\",\"@id\":\"https:\\\/\\\/www.petroni.hr\\\/en\\\/#organization\",\"name\":\"Petroni d.o.o.\",\"alternateName\":\"Petroni\",\"url\":\"https:\\\/\\\/www.petroni.hr\\\/en\\\/\",\"logo\":{\"@type\":\"ImageObject\",\"inLanguage\":\"en-US\",\"@id\":\"https:\\\/\\\/www.petroni.hr\\\/en\\\/#\\\/schema\\\/logo\\\/image\\\/\",\"url\":\"https:\\\/\\\/www.petroni.hr\\\/wp-content\\\/uploads\\\/2024\\\/03\\\/cropped-Group-3.jpg\",\"contentUrl\":\"https:\\\/\\\/www.petroni.hr\\\/wp-content\\\/uploads\\\/2024\\\/03\\\/cropped-Group-3.jpg\",\"width\":512,\"height\":512,\"caption\":\"Petroni d.o.o.\"},\"image\":{\"@id\":\"https:\\\/\\\/www.petroni.hr\\\/en\\\/#\\\/schema\\\/logo\\\/image\\\/\"},\"sameAs\":[\"https:\\\/\\\/www.facebook.com\\\/Kamperi.Petroni.Sesvete\\\/?locale=hr_HR\"]}]}<\/script>\n<!-- \/ Yoast SEO plugin. -->","yoast_head_json":{"title":"Regulator solarnog punjenja VICTRON MPPT 100\/20A | Petroni - rent | sale | service | conversions","robots":{"index":"index","follow":"follow","max-snippet":"max-snippet:-1","max-image-preview":"max-image-preview:large","max-video-preview":"max-video-preview:-1"},"canonical":"https:\/\/www.petroni.hr\/en\/proizvod\/solar-regler-victron-mppt-100-20\/","og_locale":"en_US","og_type":"article","og_title":"Regulator solarnog punjenja VICTRON MPPT 100\/20A | Petroni - rent | sale | service | conversions","og_description":"SmartSolar MPPT s Bluetooth funkcijom Bluetooth funkcija za be\u017ei\u010dni nadzor i a\u017euriranje solarnog regulatora punjenja Funkcija oporavka za potpuno ispra\u017enjene baterije Besplatna aplikacija Koriste\u0107i najnoviju i najbr\u017eu tehnologiju, SmartSolar maksimizira proizvodnju energije i inteligentno je usmjerava na punjenje baterija u \u0161to kra\u0107em vremenu. SmartSolar odr\u017eava funkcionalnost baterije i tako produljuje njezin \u017eivotni vijek. SmartSolar regulator [&hellip;]","og_url":"https:\/\/www.petroni.hr\/en\/proizvod\/solar-regler-victron-mppt-100-20\/","og_site_name":"Petroni - rent | sale | service | conversions","article_publisher":"https:\/\/www.facebook.com\/Kamperi.Petroni.Sesvete\/?locale=hr_HR","article_modified_time":"2026-03-04T08:03:46+00:00","og_image":[{"width":500,"height":397,"url":"https:\/\/www.petroni.hr\/wp-content\/uploads\/2024\/12\/solar-regler-VICTRON-MPPT-850232.jpg","type":"image\/jpeg"}],"twitter_card":"summary_large_image","twitter_misc":{"Est. reading time":"1 minute"},"schema":{"@context":"https:\/\/schema.org","@graph":[{"@type":"WebPage","@id":"https:\/\/www.petroni.hr\/en\/proizvod\/solar-regler-victron-mppt-100-20\/","url":"https:\/\/www.petroni.hr\/en\/proizvod\/solar-regler-victron-mppt-100-20\/","name":"Regulator solarnog punjenja VICTRON MPPT 100\/20A | Petroni - rent | sale | service | conversions","isPartOf":{"@id":"https:\/\/www.petroni.hr\/en\/#website"},"primaryImageOfPage":{"@id":"https:\/\/www.petroni.hr\/en\/proizvod\/solar-regler-victron-mppt-100-20\/#primaryimage"},"image":{"@id":"https:\/\/www.petroni.hr\/en\/proizvod\/solar-regler-victron-mppt-100-20\/#primaryimage"},"thumbnailUrl":"https:\/\/www.petroni.hr\/wp-content\/uploads\/2024\/12\/solar-regler-VICTRON-MPPT-850232.jpg","datePublished":"2024-12-03T11:34:51+00:00","dateModified":"2026-03-04T08:03:46+00:00","breadcrumb":{"@id":"https:\/\/www.petroni.hr\/en\/proizvod\/solar-regler-victron-mppt-100-20\/#breadcrumb"},"inLanguage":"en-US","potentialAction":[{"@type":"ReadAction","target":["https:\/\/www.petroni.hr\/en\/proizvod\/solar-regler-victron-mppt-100-20\/"]}]},{"@type":"ImageObject","inLanguage":"en-US","@id":"https:\/\/www.petroni.hr\/en\/proizvod\/solar-regler-victron-mppt-100-20\/#primaryimage","url":"https:\/\/www.petroni.hr\/wp-content\/uploads\/2024\/12\/solar-regler-VICTRON-MPPT-850232.jpg","contentUrl":"https:\/\/www.petroni.hr\/wp-content\/uploads\/2024\/12\/solar-regler-VICTRON-MPPT-850232.jpg","width":500,"height":397},{"@type":"BreadcrumbList","@id":"https:\/\/www.petroni.hr\/en\/proizvod\/solar-regler-victron-mppt-100-20\/#breadcrumb","itemListElement":[{"@type":"ListItem","position":1,"name":"Po\u010detna stranica","item":"https:\/\/www.petroni.hr\/en\/"},{"@type":"ListItem","position":2,"name":"Shop","item":"https:\/\/www.petroni.hr\/en\/shop\/"},{"@type":"ListItem","position":3,"name":"Regulator solarnog punjenja VICTRON MPPT 100\/20A"}]},{"@type":"WebSite","@id":"https:\/\/www.petroni.hr\/en\/#website","url":"https:\/\/www.petroni.hr\/en\/","name":"Petroni.hr","description":"Experience the unprecedented freedom of travel","publisher":{"@id":"https:\/\/www.petroni.hr\/en\/#organization"},"alternateName":"Petroni","potentialAction":[{"@type":"SearchAction","target":{"@type":"EntryPoint","urlTemplate":"https:\/\/www.petroni.hr\/en\/?s={search_term_string}"},"query-input":{"@type":"PropertyValueSpecification","valueRequired":true,"valueName":"search_term_string"}}],"inLanguage":"en-US"},{"@type":"Organization","@id":"https:\/\/www.petroni.hr\/en\/#organization","name":"Petroni d.o.o.","alternateName":"Petroni","url":"https:\/\/www.petroni.hr\/en\/","logo":{"@type":"ImageObject","inLanguage":"en-US","@id":"https:\/\/www.petroni.hr\/en\/#\/schema\/logo\/image\/","url":"https:\/\/www.petroni.hr\/wp-content\/uploads\/2024\/03\/cropped-Group-3.jpg","contentUrl":"https:\/\/www.petroni.hr\/wp-content\/uploads\/2024\/03\/cropped-Group-3.jpg","width":512,"height":512,"caption":"Petroni d.o.o."},"image":{"@id":"https:\/\/www.petroni.hr\/en\/#\/schema\/logo\/image\/"},"sameAs":["https:\/\/www.facebook.com\/Kamperi.Petroni.Sesvete\/?locale=hr_HR"]}]}},"_links":{"self":[{"href":"https:\/\/www.petroni.hr\/en\/wp-json\/wp\/v2\/product\/22866","targetHints":{"allow":["GET"]}}],"collection":[{"href":"https:\/\/www.petroni.hr\/en\/wp-json\/wp\/v2\/product"}],"about":[{"href":"https:\/\/www.petroni.hr\/en\/wp-json\/wp\/v2\/types\/product"}],"replies":[{"embeddable":true,"href":"https:\/\/www.petroni.hr\/en\/wp-json\/wp\/v2\/comments?post=22866"}],"wp:featuredmedia":[{"embeddable":true,"href":"https:\/\/www.petroni.hr\/en\/wp-json\/wp\/v2\/media\/22867"}],"wp:attachment":[{"href":"https:\/\/www.petroni.hr\/en\/wp-json\/wp\/v2\/media?parent=22866"}],"wp:term":[{"taxonomy":"product_brand","embeddable":true,"href":"https:\/\/www.petroni.hr\/en\/wp-json\/wp\/v2\/product_brand?post=22866"},{"taxonomy":"product_cat","embeddable":true,"href":"https:\/\/www.petroni.hr\/en\/wp-json\/wp\/v2\/product_cat?post=22866"},{"taxonomy":"product_tag","embeddable":true,"href":"https:\/\/www.petroni.hr\/en\/wp-json\/wp\/v2\/product_tag?post=22866"}],"curies":[{"name":"wp","href":"https:\/\/api.w.org\/{rel}","templated":true}]}}