{"id":22487,"date":"2024-09-17T15:09:46","date_gmt":"2024-09-17T14:09:46","guid":{"rendered":"https:\/\/www.petroni.hr\/?post_type=product&#038;p=22487"},"modified":"2026-01-31T17:08:49","modified_gmt":"2026-01-31T16:08:49","slug":"televizor-led-smart-22-megasat-royal-line-premium","status":"publish","type":"product","link":"https:\/\/www.petroni.hr\/en\/proizvod\/televizor-led-smart-22-megasat-royal-line-premium\/","title":{"rendered":"Televizor LED smart 22&#8243; Megasat Royal line premium"},"content":{"rendered":"<p>LED zaslon (piksel klasa 1)<br \/>\nFull HD rezolucija 1920 x 1080 piksela<br \/>\nBluetooth\u00ae 5.0 su\u010delje<br \/>\nWLAN i LAN su\u010delje<br \/>\nPristup medijskim bibliotekama\/video portalima i unaprijed instaliranim aplikacijama<br \/>\n2x 5 W stereo zvu\u010dnika<\/p>\n<p>Serija Royal Line Premium s integriranim operativnim sustavom WebOS nudi LAN i WLAN su\u010delje. Budu\u0107i da je ovo pametni TV, ima internetski preglednik i predinstalirane aplikacije te pristup mnogim medijskim portalima. Osim toga, brojne druge aplikacije mogu se instalirati putem integrirane trgovine aplikacija. Televizijsko iskustvo zaokru\u017eeno je zaslonom u prvoklasnoj HD kvaliteti, koji ne ostavlja ni\u0161ta nepo\u017eeljnim. Trostruki tuner osigurava digitalni TV prijem \u010dak iu drugim europskim zemljama.<\/p>\n<p>Daljnje zna\u010dajke uklju\u010duju CI+ utor<\/p>\n<p>De\u0161ifriranje pla\u0107enih TV kanala i dva USB priklju\u010dka za medijsku reprodukciju filmova, slika i glazbe. S integriranim Bluetooth su\u010deljem mo\u017eete be\u017ei\u010dno prenijeti audio reprodukciju na Bluetooth slu\u0161alice ili zvu\u010dnu traku. Ure\u0111aji su posebno dizajnirani za uporabu u vozilima. Poseban dizajn interijera \u0161titi komponente od udaraca tijekom vo\u017enje. Bilo da je rije\u010d o brodu, kamp prikolici ili kamionu, dobro ste opremljeni s na\u0161im TV-om za kampiranje.<\/p>\n<p>Potro\u0161nja energije: 15 kWh\/god<br \/>\n\u0160irina: 497 mm<br \/>\nVisina: 322 mm<br \/>\nDubina: 110 mm<br \/>\nTe\u017eina: 2,6 kg<br \/>\nSlu\u0161alice: 3,5 mm jack stereo<br \/>\nKlasa energetske u\u010dinkovitosti: E<\/p>\n<p>&nbsp;<\/p>\n","protected":false},"excerpt":{"rendered":"<p>LED zaslon (piksel klasa 1) Full HD rezolucija 1920 x 1080 piksela Bluetooth\u00ae 5.0 su\u010delje WLAN i LAN su\u010delje Pristup medijskim bibliotekama\/video portalima i unaprijed instaliranim aplikacijama 2x 5 W stereo zvu\u010dnika Serija Royal Line Premium s integriranim operativnim sustavom WebOS nudi LAN i WLAN su\u010delje. Budu\u0107i da je ovo pametni TV, ima internetski preglednik [&hellip;]<\/p>\n","protected":false},"featured_media":22488,"comment_status":"open","ping_status":"closed","template":"","meta":{"_acf_changed":false,"_themeisle_gutenberg_block_has_review":false},"product_brand":[],"product_cat":[215,370],"product_tag":[],"class_list":{"0":"post-22487","1":"product","2":"type-product","3":"status-publish","4":"has-post-thumbnail","6":"product_cat-multimedia-2","7":"product_cat-televizori-i-oprema","9":"first","10":"outofstock","11":"shipping-taxable","12":"purchasable","13":"product-type-simple"},"acf":[],"yoast_head":"<!-- This site is optimized with the Yoast SEO plugin v27.4 - https:\/\/yoast.com\/product\/yoast-seo-wordpress\/ -->\n<title>Televizor LED smart 22&quot; Megasat Royal line premium | Petroni - rent | sale | service | conversions<\/title>\n<meta name=\"robots\" content=\"index, follow, max-snippet:-1, max-image-preview:large, max-video-preview:-1\" \/>\n<link rel=\"canonical\" href=\"https:\/\/www.petroni.hr\/en\/proizvod\/televizor-led-smart-22-megasat-royal-line-premium\/\" \/>\n<meta property=\"og:locale\" content=\"en_US\" \/>\n<meta property=\"og:type\" content=\"article\" \/>\n<meta property=\"og:title\" content=\"Televizor LED smart 22&quot; Megasat Royal line premium | Petroni - rent | sale | service | conversions\" \/>\n<meta property=\"og:description\" content=\"LED zaslon (piksel klasa 1) Full HD rezolucija 1920 x 1080 piksela Bluetooth\u00ae 5.0 su\u010delje WLAN i LAN su\u010delje Pristup medijskim bibliotekama\/video portalima i unaprijed instaliranim aplikacijama 2x 5 W stereo zvu\u010dnika Serija Royal Line Premium s integriranim operativnim sustavom WebOS nudi LAN i WLAN su\u010delje. Budu\u0107i da je ovo pametni TV, ima internetski preglednik [&hellip;]\" \/>\n<meta property=\"og:url\" content=\"https:\/\/www.petroni.hr\/en\/proizvod\/televizor-led-smart-22-megasat-royal-line-premium\/\" \/>\n<meta property=\"og:site_name\" content=\"Petroni - rent | sale | service | conversions\" \/>\n<meta property=\"article:publisher\" content=\"https:\/\/www.facebook.com\/Kamperi.Petroni.Sesvete\/?locale=hr_HR\" \/>\n<meta property=\"article:modified_time\" content=\"2026-01-31T16:08:49+00:00\" \/>\n<meta property=\"og:image\" content=\"https:\/\/www.petroni.hr\/wp-content\/uploads\/2024\/09\/Televizor-LED-smart-22-497001.jpg\" \/>\n\t<meta property=\"og:image:width\" content=\"400\" \/>\n\t<meta property=\"og:image:height\" content=\"211\" \/>\n\t<meta property=\"og:image:type\" content=\"image\/jpeg\" \/>\n<meta name=\"twitter:card\" content=\"summary_large_image\" \/>\n<meta name=\"twitter:label1\" content=\"Est. reading time\" \/>\n\t<meta name=\"twitter:data1\" content=\"1 minute\" \/>\n<script type=\"application\/ld+json\" class=\"yoast-schema-graph\">{\"@context\":\"https:\\\/\\\/schema.org\",\"@graph\":[{\"@type\":\"WebPage\",\"@id\":\"https:\\\/\\\/www.petroni.hr\\\/en\\\/proizvod\\\/televizor-led-smart-22-megasat-royal-line-premium\\\/\",\"url\":\"https:\\\/\\\/www.petroni.hr\\\/en\\\/proizvod\\\/televizor-led-smart-22-megasat-royal-line-premium\\\/\",\"name\":\"Televizor LED smart 22\\\" Megasat Royal line premium | Petroni - rent | sale | service | conversions\",\"isPartOf\":{\"@id\":\"https:\\\/\\\/www.petroni.hr\\\/en\\\/#website\"},\"primaryImageOfPage\":{\"@id\":\"https:\\\/\\\/www.petroni.hr\\\/en\\\/proizvod\\\/televizor-led-smart-22-megasat-royal-line-premium\\\/#primaryimage\"},\"image\":{\"@id\":\"https:\\\/\\\/www.petroni.hr\\\/en\\\/proizvod\\\/televizor-led-smart-22-megasat-royal-line-premium\\\/#primaryimage\"},\"thumbnailUrl\":\"https:\\\/\\\/www.petroni.hr\\\/wp-content\\\/uploads\\\/2024\\\/09\\\/Televizor-LED-smart-22-497001.jpg\",\"datePublished\":\"2024-09-17T14:09:46+00:00\",\"dateModified\":\"2026-01-31T16:08:49+00:00\",\"breadcrumb\":{\"@id\":\"https:\\\/\\\/www.petroni.hr\\\/en\\\/proizvod\\\/televizor-led-smart-22-megasat-royal-line-premium\\\/#breadcrumb\"},\"inLanguage\":\"en-US\",\"potentialAction\":[{\"@type\":\"ReadAction\",\"target\":[\"https:\\\/\\\/www.petroni.hr\\\/en\\\/proizvod\\\/televizor-led-smart-22-megasat-royal-line-premium\\\/\"]}]},{\"@type\":\"ImageObject\",\"inLanguage\":\"en-US\",\"@id\":\"https:\\\/\\\/www.petroni.hr\\\/en\\\/proizvod\\\/televizor-led-smart-22-megasat-royal-line-premium\\\/#primaryimage\",\"url\":\"https:\\\/\\\/www.petroni.hr\\\/wp-content\\\/uploads\\\/2024\\\/09\\\/Televizor-LED-smart-22-497001.jpg\",\"contentUrl\":\"https:\\\/\\\/www.petroni.hr\\\/wp-content\\\/uploads\\\/2024\\\/09\\\/Televizor-LED-smart-22-497001.jpg\",\"width\":400,\"height\":211},{\"@type\":\"BreadcrumbList\",\"@id\":\"https:\\\/\\\/www.petroni.hr\\\/en\\\/proizvod\\\/televizor-led-smart-22-megasat-royal-line-premium\\\/#breadcrumb\",\"itemListElement\":[{\"@type\":\"ListItem\",\"position\":1,\"name\":\"Po\u010detna stranica\",\"item\":\"https:\\\/\\\/www.petroni.hr\\\/en\\\/\"},{\"@type\":\"ListItem\",\"position\":2,\"name\":\"Shop\",\"item\":\"https:\\\/\\\/www.petroni.hr\\\/en\\\/shop\\\/\"},{\"@type\":\"ListItem\",\"position\":3,\"name\":\"Televizor LED smart 22&#8243; Megasat Royal line premium\"}]},{\"@type\":\"WebSite\",\"@id\":\"https:\\\/\\\/www.petroni.hr\\\/en\\\/#website\",\"url\":\"https:\\\/\\\/www.petroni.hr\\\/en\\\/\",\"name\":\"Petroni.hr\",\"description\":\"Experience the unprecedented freedom of travel\",\"publisher\":{\"@id\":\"https:\\\/\\\/www.petroni.hr\\\/en\\\/#organization\"},\"alternateName\":\"Petroni\",\"potentialAction\":[{\"@type\":\"SearchAction\",\"target\":{\"@type\":\"EntryPoint\",\"urlTemplate\":\"https:\\\/\\\/www.petroni.hr\\\/en\\\/?s={search_term_string}\"},\"query-input\":{\"@type\":\"PropertyValueSpecification\",\"valueRequired\":true,\"valueName\":\"search_term_string\"}}],\"inLanguage\":\"en-US\"},{\"@type\":\"Organization\",\"@id\":\"https:\\\/\\\/www.petroni.hr\\\/en\\\/#organization\",\"name\":\"Petroni d.o.o.\",\"alternateName\":\"Petroni\",\"url\":\"https:\\\/\\\/www.petroni.hr\\\/en\\\/\",\"logo\":{\"@type\":\"ImageObject\",\"inLanguage\":\"en-US\",\"@id\":\"https:\\\/\\\/www.petroni.hr\\\/en\\\/#\\\/schema\\\/logo\\\/image\\\/\",\"url\":\"https:\\\/\\\/www.petroni.hr\\\/wp-content\\\/uploads\\\/2024\\\/03\\\/cropped-Group-3.jpg\",\"contentUrl\":\"https:\\\/\\\/www.petroni.hr\\\/wp-content\\\/uploads\\\/2024\\\/03\\\/cropped-Group-3.jpg\",\"width\":512,\"height\":512,\"caption\":\"Petroni d.o.o.\"},\"image\":{\"@id\":\"https:\\\/\\\/www.petroni.hr\\\/en\\\/#\\\/schema\\\/logo\\\/image\\\/\"},\"sameAs\":[\"https:\\\/\\\/www.facebook.com\\\/Kamperi.Petroni.Sesvete\\\/?locale=hr_HR\"]}]}<\/script>\n<!-- \/ Yoast SEO plugin. -->","yoast_head_json":{"title":"Televizor LED smart 22\" Megasat Royal line premium | Petroni - rent | sale | service | conversions","robots":{"index":"index","follow":"follow","max-snippet":"max-snippet:-1","max-image-preview":"max-image-preview:large","max-video-preview":"max-video-preview:-1"},"canonical":"https:\/\/www.petroni.hr\/en\/proizvod\/televizor-led-smart-22-megasat-royal-line-premium\/","og_locale":"en_US","og_type":"article","og_title":"Televizor LED smart 22\" Megasat Royal line premium | Petroni - rent | sale | service | conversions","og_description":"LED zaslon (piksel klasa 1) Full HD rezolucija 1920 x 1080 piksela Bluetooth\u00ae 5.0 su\u010delje WLAN i LAN su\u010delje Pristup medijskim bibliotekama\/video portalima i unaprijed instaliranim aplikacijama 2x 5 W stereo zvu\u010dnika Serija Royal Line Premium s integriranim operativnim sustavom WebOS nudi LAN i WLAN su\u010delje. Budu\u0107i da je ovo pametni TV, ima internetski preglednik [&hellip;]","og_url":"https:\/\/www.petroni.hr\/en\/proizvod\/televizor-led-smart-22-megasat-royal-line-premium\/","og_site_name":"Petroni - rent | sale | service | conversions","article_publisher":"https:\/\/www.facebook.com\/Kamperi.Petroni.Sesvete\/?locale=hr_HR","article_modified_time":"2026-01-31T16:08:49+00:00","og_image":[{"width":400,"height":211,"url":"https:\/\/www.petroni.hr\/wp-content\/uploads\/2024\/09\/Televizor-LED-smart-22-497001.jpg","type":"image\/jpeg"}],"twitter_card":"summary_large_image","twitter_misc":{"Est. reading time":"1 minute"},"schema":{"@context":"https:\/\/schema.org","@graph":[{"@type":"WebPage","@id":"https:\/\/www.petroni.hr\/en\/proizvod\/televizor-led-smart-22-megasat-royal-line-premium\/","url":"https:\/\/www.petroni.hr\/en\/proizvod\/televizor-led-smart-22-megasat-royal-line-premium\/","name":"Televizor LED smart 22\" Megasat Royal line premium | Petroni - rent | sale | service | conversions","isPartOf":{"@id":"https:\/\/www.petroni.hr\/en\/#website"},"primaryImageOfPage":{"@id":"https:\/\/www.petroni.hr\/en\/proizvod\/televizor-led-smart-22-megasat-royal-line-premium\/#primaryimage"},"image":{"@id":"https:\/\/www.petroni.hr\/en\/proizvod\/televizor-led-smart-22-megasat-royal-line-premium\/#primaryimage"},"thumbnailUrl":"https:\/\/www.petroni.hr\/wp-content\/uploads\/2024\/09\/Televizor-LED-smart-22-497001.jpg","datePublished":"2024-09-17T14:09:46+00:00","dateModified":"2026-01-31T16:08:49+00:00","breadcrumb":{"@id":"https:\/\/www.petroni.hr\/en\/proizvod\/televizor-led-smart-22-megasat-royal-line-premium\/#breadcrumb"},"inLanguage":"en-US","potentialAction":[{"@type":"ReadAction","target":["https:\/\/www.petroni.hr\/en\/proizvod\/televizor-led-smart-22-megasat-royal-line-premium\/"]}]},{"@type":"ImageObject","inLanguage":"en-US","@id":"https:\/\/www.petroni.hr\/en\/proizvod\/televizor-led-smart-22-megasat-royal-line-premium\/#primaryimage","url":"https:\/\/www.petroni.hr\/wp-content\/uploads\/2024\/09\/Televizor-LED-smart-22-497001.jpg","contentUrl":"https:\/\/www.petroni.hr\/wp-content\/uploads\/2024\/09\/Televizor-LED-smart-22-497001.jpg","width":400,"height":211},{"@type":"BreadcrumbList","@id":"https:\/\/www.petroni.hr\/en\/proizvod\/televizor-led-smart-22-megasat-royal-line-premium\/#breadcrumb","itemListElement":[{"@type":"ListItem","position":1,"name":"Po\u010detna stranica","item":"https:\/\/www.petroni.hr\/en\/"},{"@type":"ListItem","position":2,"name":"Shop","item":"https:\/\/www.petroni.hr\/en\/shop\/"},{"@type":"ListItem","position":3,"name":"Televizor LED smart 22&#8243; Megasat Royal line premium"}]},{"@type":"WebSite","@id":"https:\/\/www.petroni.hr\/en\/#website","url":"https:\/\/www.petroni.hr\/en\/","name":"Petroni.hr","description":"Experience the unprecedented freedom of travel","publisher":{"@id":"https:\/\/www.petroni.hr\/en\/#organization"},"alternateName":"Petroni","potentialAction":[{"@type":"SearchAction","target":{"@type":"EntryPoint","urlTemplate":"https:\/\/www.petroni.hr\/en\/?s={search_term_string}"},"query-input":{"@type":"PropertyValueSpecification","valueRequired":true,"valueName":"search_term_string"}}],"inLanguage":"en-US"},{"@type":"Organization","@id":"https:\/\/www.petroni.hr\/en\/#organization","name":"Petroni d.o.o.","alternateName":"Petroni","url":"https:\/\/www.petroni.hr\/en\/","logo":{"@type":"ImageObject","inLanguage":"en-US","@id":"https:\/\/www.petroni.hr\/en\/#\/schema\/logo\/image\/","url":"https:\/\/www.petroni.hr\/wp-content\/uploads\/2024\/03\/cropped-Group-3.jpg","contentUrl":"https:\/\/www.petroni.hr\/wp-content\/uploads\/2024\/03\/cropped-Group-3.jpg","width":512,"height":512,"caption":"Petroni d.o.o."},"image":{"@id":"https:\/\/www.petroni.hr\/en\/#\/schema\/logo\/image\/"},"sameAs":["https:\/\/www.facebook.com\/Kamperi.Petroni.Sesvete\/?locale=hr_HR"]}]}},"_links":{"self":[{"href":"https:\/\/www.petroni.hr\/en\/wp-json\/wp\/v2\/product\/22487","targetHints":{"allow":["GET"]}}],"collection":[{"href":"https:\/\/www.petroni.hr\/en\/wp-json\/wp\/v2\/product"}],"about":[{"href":"https:\/\/www.petroni.hr\/en\/wp-json\/wp\/v2\/types\/product"}],"replies":[{"embeddable":true,"href":"https:\/\/www.petroni.hr\/en\/wp-json\/wp\/v2\/comments?post=22487"}],"wp:featuredmedia":[{"embeddable":true,"href":"https:\/\/www.petroni.hr\/en\/wp-json\/wp\/v2\/media\/22488"}],"wp:attachment":[{"href":"https:\/\/www.petroni.hr\/en\/wp-json\/wp\/v2\/media?parent=22487"}],"wp:term":[{"taxonomy":"product_brand","embeddable":true,"href":"https:\/\/www.petroni.hr\/en\/wp-json\/wp\/v2\/product_brand?post=22487"},{"taxonomy":"product_cat","embeddable":true,"href":"https:\/\/www.petroni.hr\/en\/wp-json\/wp\/v2\/product_cat?post=22487"},{"taxonomy":"product_tag","embeddable":true,"href":"https:\/\/www.petroni.hr\/en\/wp-json\/wp\/v2\/product_tag?post=22487"}],"curies":[{"name":"wp","href":"https:\/\/api.w.org\/{rel}","templated":true}]}}