{"id":22482,"date":"2024-09-17T15:02:50","date_gmt":"2024-09-17T14:02:50","guid":{"rendered":"https:\/\/www.petroni.hr\/?post_type=product&#038;p=22482"},"modified":"2025-12-13T16:03:43","modified_gmt":"2025-12-13T15:03:43","slug":"pipa-mjesalica-za-vodu-comet-capri","status":"publish","type":"product","link":"https:\/\/www.petroni.hr\/en\/proizvod\/pipa-mjesalica-za-vodu-comet-capri\/","title":{"rendered":"Pipa-mje\u0161alica za vodu COMET Capri"},"content":{"rendered":"<p>Automatska jednoru\u010dna mije\u0161alica CAPRI Compact &#8211; krom<\/p>\n<p>Jednoru\u010dna mije\u0161alica ravnog dizajna<\/p>\n<p>Plasti\u010dni spoj s integriranim prekida\u010dem za uklju\u010divanje\/isklju\u010divanje.<br \/>\nOpseg isporuke: 1 jednoru\u010dna mije\u0161alica<\/p>\n<p>tolpla i hladna voda<\/p>\n<p>Visina: 110 mm<br \/>\nDuljina izljeva: 170 mm<br \/>\nRaspon rotacije: 110\u00b0<br \/>\nPriklju\u010dak: crijevo 10 mm<br \/>\nNavoj: 1\/2&#8243;<br \/>\nDu\u017eina crijeva: 30 cm<br \/>\nPreklopni kapacitet maks.: 6 A<br \/>\nTlak zatvaranja (bar): 3 bara<br \/>\nProvrt: \u00d8 33 mm<br \/>\nTe\u017eina: 300g<br \/>\nBoja: Krom<br \/>\nMaterijal: plastika<\/p>\n","protected":false},"excerpt":{"rendered":"<p>Automatska jednoru\u010dna mije\u0161alica CAPRI Compact &#8211; krom Jednoru\u010dna mije\u0161alica ravnog dizajna Plasti\u010dni spoj s integriranim prekida\u010dem za uklju\u010divanje\/isklju\u010divanje. Opseg isporuke: 1 jednoru\u010dna mije\u0161alica tolpla i hladna voda Visina: 110 mm Duljina izljeva: 170 mm Raspon rotacije: 110\u00b0 Priklju\u010dak: crijevo 10 mm Navoj: 1\/2&#8243; Du\u017eina crijeva: 30 cm Preklopni kapacitet maks.: 6 A Tlak zatvaranja (bar): [&hellip;]<\/p>\n","protected":false},"featured_media":22483,"comment_status":"open","ping_status":"closed","template":"","meta":{"_acf_changed":false,"_themeisle_gutenberg_block_has_review":false},"product_brand":[],"product_cat":[248,203],"product_tag":[],"class_list":{"0":"post-22482","1":"product","2":"type-product","3":"status-publish","4":"has-post-thumbnail","6":"product_cat-pipe-mjesalice","7":"product_cat-water-sanitary","9":"first","10":"outofstock","11":"shipping-taxable","12":"purchasable","13":"product-type-simple"},"acf":[],"yoast_head":"<!-- This site is optimized with the Yoast SEO plugin v27.5 - https:\/\/yoast.com\/product\/yoast-seo-wordpress\/ -->\n<title>Pipa-mje\u0161alica za vodu COMET Capri | Petroni - rent | sale | service | conversions<\/title>\n<meta name=\"robots\" content=\"index, follow, max-snippet:-1, max-image-preview:large, max-video-preview:-1\" \/>\n<link rel=\"canonical\" href=\"https:\/\/www.petroni.hr\/en\/proizvod\/pipa-mjesalica-za-vodu-comet-capri\/\" \/>\n<meta property=\"og:locale\" content=\"en_US\" \/>\n<meta property=\"og:type\" content=\"article\" \/>\n<meta property=\"og:title\" content=\"Pipa-mje\u0161alica za vodu COMET Capri | Petroni - rent | sale | service | conversions\" \/>\n<meta property=\"og:description\" content=\"Automatska jednoru\u010dna mije\u0161alica CAPRI Compact &#8211; krom Jednoru\u010dna mije\u0161alica ravnog dizajna Plasti\u010dni spoj s integriranim prekida\u010dem za uklju\u010divanje\/isklju\u010divanje. Opseg isporuke: 1 jednoru\u010dna mije\u0161alica tolpla i hladna voda Visina: 110 mm Duljina izljeva: 170 mm Raspon rotacije: 110\u00b0 Priklju\u010dak: crijevo 10 mm Navoj: 1\/2&#8243; Du\u017eina crijeva: 30 cm Preklopni kapacitet maks.: 6 A Tlak zatvaranja (bar): [&hellip;]\" \/>\n<meta property=\"og:url\" content=\"https:\/\/www.petroni.hr\/en\/proizvod\/pipa-mjesalica-za-vodu-comet-capri\/\" \/>\n<meta property=\"og:site_name\" content=\"Petroni - rent | sale | service | conversions\" \/>\n<meta property=\"article:publisher\" content=\"https:\/\/www.facebook.com\/Kamperi.Petroni.Sesvete\/?locale=hr_HR\" \/>\n<meta property=\"article:modified_time\" content=\"2025-12-13T15:03:43+00:00\" \/>\n<meta property=\"og:image\" content=\"https:\/\/www.petroni.hr\/wp-content\/uploads\/2024\/09\/PIPA-CAPRI-630272.jpg\" \/>\n\t<meta property=\"og:image:width\" content=\"700\" \/>\n\t<meta property=\"og:image:height\" content=\"434\" \/>\n\t<meta property=\"og:image:type\" content=\"image\/jpeg\" \/>\n<meta name=\"twitter:card\" content=\"summary_large_image\" \/>\n<script type=\"application\/ld+json\" class=\"yoast-schema-graph\">{\"@context\":\"https:\\\/\\\/schema.org\",\"@graph\":[{\"@type\":\"WebPage\",\"@id\":\"https:\\\/\\\/www.petroni.hr\\\/en\\\/proizvod\\\/pipa-mjesalica-za-vodu-comet-capri\\\/\",\"url\":\"https:\\\/\\\/www.petroni.hr\\\/en\\\/proizvod\\\/pipa-mjesalica-za-vodu-comet-capri\\\/\",\"name\":\"Pipa-mje\u0161alica za vodu COMET Capri | Petroni - rent | sale | service | conversions\",\"isPartOf\":{\"@id\":\"https:\\\/\\\/www.petroni.hr\\\/en\\\/#website\"},\"primaryImageOfPage\":{\"@id\":\"https:\\\/\\\/www.petroni.hr\\\/en\\\/proizvod\\\/pipa-mjesalica-za-vodu-comet-capri\\\/#primaryimage\"},\"image\":{\"@id\":\"https:\\\/\\\/www.petroni.hr\\\/en\\\/proizvod\\\/pipa-mjesalica-za-vodu-comet-capri\\\/#primaryimage\"},\"thumbnailUrl\":\"https:\\\/\\\/www.petroni.hr\\\/wp-content\\\/uploads\\\/2024\\\/09\\\/PIPA-CAPRI-630272.jpg\",\"datePublished\":\"2024-09-17T14:02:50+00:00\",\"dateModified\":\"2025-12-13T15:03:43+00:00\",\"breadcrumb\":{\"@id\":\"https:\\\/\\\/www.petroni.hr\\\/en\\\/proizvod\\\/pipa-mjesalica-za-vodu-comet-capri\\\/#breadcrumb\"},\"inLanguage\":\"en-US\",\"potentialAction\":[{\"@type\":\"ReadAction\",\"target\":[\"https:\\\/\\\/www.petroni.hr\\\/en\\\/proizvod\\\/pipa-mjesalica-za-vodu-comet-capri\\\/\"]}]},{\"@type\":\"ImageObject\",\"inLanguage\":\"en-US\",\"@id\":\"https:\\\/\\\/www.petroni.hr\\\/en\\\/proizvod\\\/pipa-mjesalica-za-vodu-comet-capri\\\/#primaryimage\",\"url\":\"https:\\\/\\\/www.petroni.hr\\\/wp-content\\\/uploads\\\/2024\\\/09\\\/PIPA-CAPRI-630272.jpg\",\"contentUrl\":\"https:\\\/\\\/www.petroni.hr\\\/wp-content\\\/uploads\\\/2024\\\/09\\\/PIPA-CAPRI-630272.jpg\",\"width\":700,\"height\":434},{\"@type\":\"BreadcrumbList\",\"@id\":\"https:\\\/\\\/www.petroni.hr\\\/en\\\/proizvod\\\/pipa-mjesalica-za-vodu-comet-capri\\\/#breadcrumb\",\"itemListElement\":[{\"@type\":\"ListItem\",\"position\":1,\"name\":\"Po\u010detna stranica\",\"item\":\"https:\\\/\\\/www.petroni.hr\\\/en\\\/\"},{\"@type\":\"ListItem\",\"position\":2,\"name\":\"Shop\",\"item\":\"https:\\\/\\\/www.petroni.hr\\\/en\\\/shop\\\/\"},{\"@type\":\"ListItem\",\"position\":3,\"name\":\"Pipa-mje\u0161alica za vodu COMET Capri\"}]},{\"@type\":\"WebSite\",\"@id\":\"https:\\\/\\\/www.petroni.hr\\\/en\\\/#website\",\"url\":\"https:\\\/\\\/www.petroni.hr\\\/en\\\/\",\"name\":\"Petroni.hr\",\"description\":\"Experience the unprecedented freedom of travel\",\"publisher\":{\"@id\":\"https:\\\/\\\/www.petroni.hr\\\/en\\\/#organization\"},\"alternateName\":\"Petroni\",\"potentialAction\":[{\"@type\":\"SearchAction\",\"target\":{\"@type\":\"EntryPoint\",\"urlTemplate\":\"https:\\\/\\\/www.petroni.hr\\\/en\\\/?s={search_term_string}\"},\"query-input\":{\"@type\":\"PropertyValueSpecification\",\"valueRequired\":true,\"valueName\":\"search_term_string\"}}],\"inLanguage\":\"en-US\"},{\"@type\":\"Organization\",\"@id\":\"https:\\\/\\\/www.petroni.hr\\\/en\\\/#organization\",\"name\":\"Petroni d.o.o.\",\"alternateName\":\"Petroni\",\"url\":\"https:\\\/\\\/www.petroni.hr\\\/en\\\/\",\"logo\":{\"@type\":\"ImageObject\",\"inLanguage\":\"en-US\",\"@id\":\"https:\\\/\\\/www.petroni.hr\\\/en\\\/#\\\/schema\\\/logo\\\/image\\\/\",\"url\":\"https:\\\/\\\/www.petroni.hr\\\/wp-content\\\/uploads\\\/2024\\\/03\\\/cropped-Group-3.jpg\",\"contentUrl\":\"https:\\\/\\\/www.petroni.hr\\\/wp-content\\\/uploads\\\/2024\\\/03\\\/cropped-Group-3.jpg\",\"width\":512,\"height\":512,\"caption\":\"Petroni d.o.o.\"},\"image\":{\"@id\":\"https:\\\/\\\/www.petroni.hr\\\/en\\\/#\\\/schema\\\/logo\\\/image\\\/\"},\"sameAs\":[\"https:\\\/\\\/www.facebook.com\\\/Kamperi.Petroni.Sesvete\\\/?locale=hr_HR\"]}]}<\/script>\n<!-- \/ Yoast SEO plugin. -->","yoast_head_json":{"title":"Pipa-mje\u0161alica za vodu COMET Capri | Petroni - rent | sale | service | conversions","robots":{"index":"index","follow":"follow","max-snippet":"max-snippet:-1","max-image-preview":"max-image-preview:large","max-video-preview":"max-video-preview:-1"},"canonical":"https:\/\/www.petroni.hr\/en\/proizvod\/pipa-mjesalica-za-vodu-comet-capri\/","og_locale":"en_US","og_type":"article","og_title":"Pipa-mje\u0161alica za vodu COMET Capri | Petroni - rent | sale | service | conversions","og_description":"Automatska jednoru\u010dna mije\u0161alica CAPRI Compact &#8211; krom Jednoru\u010dna mije\u0161alica ravnog dizajna Plasti\u010dni spoj s integriranim prekida\u010dem za uklju\u010divanje\/isklju\u010divanje. Opseg isporuke: 1 jednoru\u010dna mije\u0161alica tolpla i hladna voda Visina: 110 mm Duljina izljeva: 170 mm Raspon rotacije: 110\u00b0 Priklju\u010dak: crijevo 10 mm Navoj: 1\/2&#8243; Du\u017eina crijeva: 30 cm Preklopni kapacitet maks.: 6 A Tlak zatvaranja (bar): [&hellip;]","og_url":"https:\/\/www.petroni.hr\/en\/proizvod\/pipa-mjesalica-za-vodu-comet-capri\/","og_site_name":"Petroni - rent | sale | service | conversions","article_publisher":"https:\/\/www.facebook.com\/Kamperi.Petroni.Sesvete\/?locale=hr_HR","article_modified_time":"2025-12-13T15:03:43+00:00","og_image":[{"width":700,"height":434,"url":"https:\/\/www.petroni.hr\/wp-content\/uploads\/2024\/09\/PIPA-CAPRI-630272.jpg","type":"image\/jpeg"}],"twitter_card":"summary_large_image","schema":{"@context":"https:\/\/schema.org","@graph":[{"@type":"WebPage","@id":"https:\/\/www.petroni.hr\/en\/proizvod\/pipa-mjesalica-za-vodu-comet-capri\/","url":"https:\/\/www.petroni.hr\/en\/proizvod\/pipa-mjesalica-za-vodu-comet-capri\/","name":"Pipa-mje\u0161alica za vodu COMET Capri | Petroni - rent | sale | service | conversions","isPartOf":{"@id":"https:\/\/www.petroni.hr\/en\/#website"},"primaryImageOfPage":{"@id":"https:\/\/www.petroni.hr\/en\/proizvod\/pipa-mjesalica-za-vodu-comet-capri\/#primaryimage"},"image":{"@id":"https:\/\/www.petroni.hr\/en\/proizvod\/pipa-mjesalica-za-vodu-comet-capri\/#primaryimage"},"thumbnailUrl":"https:\/\/www.petroni.hr\/wp-content\/uploads\/2024\/09\/PIPA-CAPRI-630272.jpg","datePublished":"2024-09-17T14:02:50+00:00","dateModified":"2025-12-13T15:03:43+00:00","breadcrumb":{"@id":"https:\/\/www.petroni.hr\/en\/proizvod\/pipa-mjesalica-za-vodu-comet-capri\/#breadcrumb"},"inLanguage":"en-US","potentialAction":[{"@type":"ReadAction","target":["https:\/\/www.petroni.hr\/en\/proizvod\/pipa-mjesalica-za-vodu-comet-capri\/"]}]},{"@type":"ImageObject","inLanguage":"en-US","@id":"https:\/\/www.petroni.hr\/en\/proizvod\/pipa-mjesalica-za-vodu-comet-capri\/#primaryimage","url":"https:\/\/www.petroni.hr\/wp-content\/uploads\/2024\/09\/PIPA-CAPRI-630272.jpg","contentUrl":"https:\/\/www.petroni.hr\/wp-content\/uploads\/2024\/09\/PIPA-CAPRI-630272.jpg","width":700,"height":434},{"@type":"BreadcrumbList","@id":"https:\/\/www.petroni.hr\/en\/proizvod\/pipa-mjesalica-za-vodu-comet-capri\/#breadcrumb","itemListElement":[{"@type":"ListItem","position":1,"name":"Po\u010detna stranica","item":"https:\/\/www.petroni.hr\/en\/"},{"@type":"ListItem","position":2,"name":"Shop","item":"https:\/\/www.petroni.hr\/en\/shop\/"},{"@type":"ListItem","position":3,"name":"Pipa-mje\u0161alica za vodu COMET Capri"}]},{"@type":"WebSite","@id":"https:\/\/www.petroni.hr\/en\/#website","url":"https:\/\/www.petroni.hr\/en\/","name":"Petroni.hr","description":"Experience the unprecedented freedom of travel","publisher":{"@id":"https:\/\/www.petroni.hr\/en\/#organization"},"alternateName":"Petroni","potentialAction":[{"@type":"SearchAction","target":{"@type":"EntryPoint","urlTemplate":"https:\/\/www.petroni.hr\/en\/?s={search_term_string}"},"query-input":{"@type":"PropertyValueSpecification","valueRequired":true,"valueName":"search_term_string"}}],"inLanguage":"en-US"},{"@type":"Organization","@id":"https:\/\/www.petroni.hr\/en\/#organization","name":"Petroni d.o.o.","alternateName":"Petroni","url":"https:\/\/www.petroni.hr\/en\/","logo":{"@type":"ImageObject","inLanguage":"en-US","@id":"https:\/\/www.petroni.hr\/en\/#\/schema\/logo\/image\/","url":"https:\/\/www.petroni.hr\/wp-content\/uploads\/2024\/03\/cropped-Group-3.jpg","contentUrl":"https:\/\/www.petroni.hr\/wp-content\/uploads\/2024\/03\/cropped-Group-3.jpg","width":512,"height":512,"caption":"Petroni d.o.o."},"image":{"@id":"https:\/\/www.petroni.hr\/en\/#\/schema\/logo\/image\/"},"sameAs":["https:\/\/www.facebook.com\/Kamperi.Petroni.Sesvete\/?locale=hr_HR"]}]}},"_links":{"self":[{"href":"https:\/\/www.petroni.hr\/en\/wp-json\/wp\/v2\/product\/22482","targetHints":{"allow":["GET"]}}],"collection":[{"href":"https:\/\/www.petroni.hr\/en\/wp-json\/wp\/v2\/product"}],"about":[{"href":"https:\/\/www.petroni.hr\/en\/wp-json\/wp\/v2\/types\/product"}],"replies":[{"embeddable":true,"href":"https:\/\/www.petroni.hr\/en\/wp-json\/wp\/v2\/comments?post=22482"}],"wp:featuredmedia":[{"embeddable":true,"href":"https:\/\/www.petroni.hr\/en\/wp-json\/wp\/v2\/media\/22483"}],"wp:attachment":[{"href":"https:\/\/www.petroni.hr\/en\/wp-json\/wp\/v2\/media?parent=22482"}],"wp:term":[{"taxonomy":"product_brand","embeddable":true,"href":"https:\/\/www.petroni.hr\/en\/wp-json\/wp\/v2\/product_brand?post=22482"},{"taxonomy":"product_cat","embeddable":true,"href":"https:\/\/www.petroni.hr\/en\/wp-json\/wp\/v2\/product_cat?post=22482"},{"taxonomy":"product_tag","embeddable":true,"href":"https:\/\/www.petroni.hr\/en\/wp-json\/wp\/v2\/product_tag?post=22482"}],"curies":[{"name":"wp","href":"https:\/\/api.w.org\/{rel}","templated":true}]}}