{"id":22373,"date":"2024-08-28T06:48:30","date_gmt":"2024-08-28T05:48:30","guid":{"rendered":"https:\/\/www.petroni.hr\/?post_type=product&#038;p=22373"},"modified":"2026-03-03T06:06:51","modified_gmt":"2026-03-03T05:06:51","slug":"staklo-bocno-lijevo-renault-trafic-2002-2015","status":"publish","type":"product","link":"https:\/\/www.petroni.hr\/en\/proizvod\/staklo-bocno-lijevo-renault-trafic-2002-2015\/","title":{"rendered":"Staklo bo\u010dno lijevo Renault Trafic 2002-2015"},"content":{"rendered":"<p>Renault Trafic\/ Opel Vivaro \/ Nissan NV300<\/p>\n<p>dimenzija 1193&#215;665 mm<\/p>\n<p>bo\u010dno lijevo odmah iza voza\u010da<\/p>\n<p>sa kliznim prozorom na otvaranje<\/p>\n<p>NE ODGOVARA AKO SU NA LIJEVOJ STRANI KLIZNA VRATA<\/p>\n<p>Zatamnjeni klizni prozor od sigurnosnog stakla pogodan je za naknadno ostakljenje. Prozor od sigurnosnog stakla koji se mo\u017ee naknadno ugraditi daje va\u0161em vozilu elegantan karakter, pove\u0107ava \u017eivotnu atmosferu u vozilu i vizualno pretvara kombi vozilo u kamper ili minibus. Tamno tonirana stakla osiguravaju dobro o\u010duvanje va\u0161e privatnosti. Pove\u0107ajte vrijednost svog vozila i unaprijedite svoj kamper sada!<\/p>\n","protected":false},"excerpt":{"rendered":"<p>Renault Trafic\/ Opel Vivaro \/ Nissan NV300 dimenzija 1193&#215;665 mm bo\u010dno lijevo odmah iza voza\u010da sa kliznim prozorom na otvaranje NE ODGOVARA AKO SU NA LIJEVOJ STRANI KLIZNA VRATA Zatamnjeni klizni prozor od sigurnosnog stakla pogodan je za naknadno ostakljenje. Prozor od sigurnosnog stakla koji se mo\u017ee naknadno ugraditi daje va\u0161em vozilu elegantan karakter, pove\u0107ava [&hellip;]<\/p>\n","protected":false},"featured_media":22374,"comment_status":"open","ping_status":"closed","template":"","meta":{"_acf_changed":false,"_themeisle_gutenberg_block_has_review":false},"product_brand":[],"product_cat":[229,205,256],"product_tag":[],"class_list":{"0":"post-22373","1":"product","2":"type-product","3":"status-publish","4":"has-post-thumbnail","6":"product_cat-side-window","7":"product_cat-windows","8":"product_cat-staklo","9":"product_shipping_class-heavy-pacages","11":"first","12":"outofstock","13":"shipping-taxable","14":"purchasable","15":"product-type-simple"},"acf":[],"yoast_head":"<!-- This site is optimized with the Yoast SEO plugin v27.4 - https:\/\/yoast.com\/product\/yoast-seo-wordpress\/ -->\n<title>Staklo bo\u010dno lijevo Renault Trafic 2002-2015 | Petroni - rent | sale | service | conversions<\/title>\n<meta name=\"robots\" content=\"index, follow, max-snippet:-1, max-image-preview:large, max-video-preview:-1\" \/>\n<link rel=\"canonical\" href=\"https:\/\/www.petroni.hr\/en\/proizvod\/staklo-bocno-lijevo-renault-trafic-2002-2015\/\" \/>\n<meta property=\"og:locale\" content=\"en_US\" \/>\n<meta property=\"og:type\" content=\"article\" \/>\n<meta property=\"og:title\" content=\"Staklo bo\u010dno lijevo Renault Trafic 2002-2015 | Petroni - rent | sale | service | conversions\" \/>\n<meta property=\"og:description\" content=\"Renault Trafic\/ Opel Vivaro \/ Nissan NV300 dimenzija 1193&#215;665 mm bo\u010dno lijevo odmah iza voza\u010da sa kliznim prozorom na otvaranje NE ODGOVARA AKO SU NA LIJEVOJ STRANI KLIZNA VRATA Zatamnjeni klizni prozor od sigurnosnog stakla pogodan je za naknadno ostakljenje. Prozor od sigurnosnog stakla koji se mo\u017ee naknadno ugraditi daje va\u0161em vozilu elegantan karakter, pove\u0107ava [&hellip;]\" \/>\n<meta property=\"og:url\" content=\"https:\/\/www.petroni.hr\/en\/proizvod\/staklo-bocno-lijevo-renault-trafic-2002-2015\/\" \/>\n<meta property=\"og:site_name\" content=\"Petroni - rent | sale | service | conversions\" \/>\n<meta property=\"article:publisher\" content=\"https:\/\/www.facebook.com\/Kamperi.Petroni.Sesvete\/?locale=hr_HR\" \/>\n<meta property=\"article:modified_time\" content=\"2026-03-03T05:06:51+00:00\" \/>\n<meta property=\"og:image\" content=\"https:\/\/www.petroni.hr\/wp-content\/uploads\/2024\/08\/staklo-Trafic-bocno-lijevo-2002-15.jpg\" \/>\n\t<meta property=\"og:image:width\" content=\"400\" \/>\n\t<meta property=\"og:image:height\" content=\"300\" \/>\n\t<meta property=\"og:image:type\" content=\"image\/jpeg\" \/>\n<meta name=\"twitter:card\" content=\"summary_large_image\" \/>\n<script type=\"application\/ld+json\" class=\"yoast-schema-graph\">{\"@context\":\"https:\\\/\\\/schema.org\",\"@graph\":[{\"@type\":\"WebPage\",\"@id\":\"https:\\\/\\\/www.petroni.hr\\\/en\\\/proizvod\\\/staklo-bocno-lijevo-renault-trafic-2002-2015\\\/\",\"url\":\"https:\\\/\\\/www.petroni.hr\\\/en\\\/proizvod\\\/staklo-bocno-lijevo-renault-trafic-2002-2015\\\/\",\"name\":\"Staklo bo\u010dno lijevo Renault Trafic 2002-2015 | Petroni - rent | sale | service | conversions\",\"isPartOf\":{\"@id\":\"https:\\\/\\\/www.petroni.hr\\\/en\\\/#website\"},\"primaryImageOfPage\":{\"@id\":\"https:\\\/\\\/www.petroni.hr\\\/en\\\/proizvod\\\/staklo-bocno-lijevo-renault-trafic-2002-2015\\\/#primaryimage\"},\"image\":{\"@id\":\"https:\\\/\\\/www.petroni.hr\\\/en\\\/proizvod\\\/staklo-bocno-lijevo-renault-trafic-2002-2015\\\/#primaryimage\"},\"thumbnailUrl\":\"https:\\\/\\\/www.petroni.hr\\\/wp-content\\\/uploads\\\/2024\\\/08\\\/staklo-Trafic-bocno-lijevo-2002-15.jpg\",\"datePublished\":\"2024-08-28T05:48:30+00:00\",\"dateModified\":\"2026-03-03T05:06:51+00:00\",\"breadcrumb\":{\"@id\":\"https:\\\/\\\/www.petroni.hr\\\/en\\\/proizvod\\\/staklo-bocno-lijevo-renault-trafic-2002-2015\\\/#breadcrumb\"},\"inLanguage\":\"en-US\",\"potentialAction\":[{\"@type\":\"ReadAction\",\"target\":[\"https:\\\/\\\/www.petroni.hr\\\/en\\\/proizvod\\\/staklo-bocno-lijevo-renault-trafic-2002-2015\\\/\"]}]},{\"@type\":\"ImageObject\",\"inLanguage\":\"en-US\",\"@id\":\"https:\\\/\\\/www.petroni.hr\\\/en\\\/proizvod\\\/staklo-bocno-lijevo-renault-trafic-2002-2015\\\/#primaryimage\",\"url\":\"https:\\\/\\\/www.petroni.hr\\\/wp-content\\\/uploads\\\/2024\\\/08\\\/staklo-Trafic-bocno-lijevo-2002-15.jpg\",\"contentUrl\":\"https:\\\/\\\/www.petroni.hr\\\/wp-content\\\/uploads\\\/2024\\\/08\\\/staklo-Trafic-bocno-lijevo-2002-15.jpg\",\"width\":400,\"height\":300},{\"@type\":\"BreadcrumbList\",\"@id\":\"https:\\\/\\\/www.petroni.hr\\\/en\\\/proizvod\\\/staklo-bocno-lijevo-renault-trafic-2002-2015\\\/#breadcrumb\",\"itemListElement\":[{\"@type\":\"ListItem\",\"position\":1,\"name\":\"Po\u010detna stranica\",\"item\":\"https:\\\/\\\/www.petroni.hr\\\/en\\\/\"},{\"@type\":\"ListItem\",\"position\":2,\"name\":\"Shop\",\"item\":\"https:\\\/\\\/www.petroni.hr\\\/en\\\/shop\\\/\"},{\"@type\":\"ListItem\",\"position\":3,\"name\":\"Staklo bo\u010dno lijevo Renault Trafic 2002-2015\"}]},{\"@type\":\"WebSite\",\"@id\":\"https:\\\/\\\/www.petroni.hr\\\/en\\\/#website\",\"url\":\"https:\\\/\\\/www.petroni.hr\\\/en\\\/\",\"name\":\"Petroni.hr\",\"description\":\"Experience the unprecedented freedom of travel\",\"publisher\":{\"@id\":\"https:\\\/\\\/www.petroni.hr\\\/en\\\/#organization\"},\"alternateName\":\"Petroni\",\"potentialAction\":[{\"@type\":\"SearchAction\",\"target\":{\"@type\":\"EntryPoint\",\"urlTemplate\":\"https:\\\/\\\/www.petroni.hr\\\/en\\\/?s={search_term_string}\"},\"query-input\":{\"@type\":\"PropertyValueSpecification\",\"valueRequired\":true,\"valueName\":\"search_term_string\"}}],\"inLanguage\":\"en-US\"},{\"@type\":\"Organization\",\"@id\":\"https:\\\/\\\/www.petroni.hr\\\/en\\\/#organization\",\"name\":\"Petroni d.o.o.\",\"alternateName\":\"Petroni\",\"url\":\"https:\\\/\\\/www.petroni.hr\\\/en\\\/\",\"logo\":{\"@type\":\"ImageObject\",\"inLanguage\":\"en-US\",\"@id\":\"https:\\\/\\\/www.petroni.hr\\\/en\\\/#\\\/schema\\\/logo\\\/image\\\/\",\"url\":\"https:\\\/\\\/www.petroni.hr\\\/wp-content\\\/uploads\\\/2024\\\/03\\\/cropped-Group-3.jpg\",\"contentUrl\":\"https:\\\/\\\/www.petroni.hr\\\/wp-content\\\/uploads\\\/2024\\\/03\\\/cropped-Group-3.jpg\",\"width\":512,\"height\":512,\"caption\":\"Petroni d.o.o.\"},\"image\":{\"@id\":\"https:\\\/\\\/www.petroni.hr\\\/en\\\/#\\\/schema\\\/logo\\\/image\\\/\"},\"sameAs\":[\"https:\\\/\\\/www.facebook.com\\\/Kamperi.Petroni.Sesvete\\\/?locale=hr_HR\"]}]}<\/script>\n<!-- \/ Yoast SEO plugin. -->","yoast_head_json":{"title":"Staklo bo\u010dno lijevo Renault Trafic 2002-2015 | Petroni - rent | sale | service | conversions","robots":{"index":"index","follow":"follow","max-snippet":"max-snippet:-1","max-image-preview":"max-image-preview:large","max-video-preview":"max-video-preview:-1"},"canonical":"https:\/\/www.petroni.hr\/en\/proizvod\/staklo-bocno-lijevo-renault-trafic-2002-2015\/","og_locale":"en_US","og_type":"article","og_title":"Staklo bo\u010dno lijevo Renault Trafic 2002-2015 | Petroni - rent | sale | service | conversions","og_description":"Renault Trafic\/ Opel Vivaro \/ Nissan NV300 dimenzija 1193&#215;665 mm bo\u010dno lijevo odmah iza voza\u010da sa kliznim prozorom na otvaranje NE ODGOVARA AKO SU NA LIJEVOJ STRANI KLIZNA VRATA Zatamnjeni klizni prozor od sigurnosnog stakla pogodan je za naknadno ostakljenje. Prozor od sigurnosnog stakla koji se mo\u017ee naknadno ugraditi daje va\u0161em vozilu elegantan karakter, pove\u0107ava [&hellip;]","og_url":"https:\/\/www.petroni.hr\/en\/proizvod\/staklo-bocno-lijevo-renault-trafic-2002-2015\/","og_site_name":"Petroni - rent | sale | service | conversions","article_publisher":"https:\/\/www.facebook.com\/Kamperi.Petroni.Sesvete\/?locale=hr_HR","article_modified_time":"2026-03-03T05:06:51+00:00","og_image":[{"width":400,"height":300,"url":"https:\/\/www.petroni.hr\/wp-content\/uploads\/2024\/08\/staklo-Trafic-bocno-lijevo-2002-15.jpg","type":"image\/jpeg"}],"twitter_card":"summary_large_image","schema":{"@context":"https:\/\/schema.org","@graph":[{"@type":"WebPage","@id":"https:\/\/www.petroni.hr\/en\/proizvod\/staklo-bocno-lijevo-renault-trafic-2002-2015\/","url":"https:\/\/www.petroni.hr\/en\/proizvod\/staklo-bocno-lijevo-renault-trafic-2002-2015\/","name":"Staklo bo\u010dno lijevo Renault Trafic 2002-2015 | Petroni - rent | sale | service | conversions","isPartOf":{"@id":"https:\/\/www.petroni.hr\/en\/#website"},"primaryImageOfPage":{"@id":"https:\/\/www.petroni.hr\/en\/proizvod\/staklo-bocno-lijevo-renault-trafic-2002-2015\/#primaryimage"},"image":{"@id":"https:\/\/www.petroni.hr\/en\/proizvod\/staklo-bocno-lijevo-renault-trafic-2002-2015\/#primaryimage"},"thumbnailUrl":"https:\/\/www.petroni.hr\/wp-content\/uploads\/2024\/08\/staklo-Trafic-bocno-lijevo-2002-15.jpg","datePublished":"2024-08-28T05:48:30+00:00","dateModified":"2026-03-03T05:06:51+00:00","breadcrumb":{"@id":"https:\/\/www.petroni.hr\/en\/proizvod\/staklo-bocno-lijevo-renault-trafic-2002-2015\/#breadcrumb"},"inLanguage":"en-US","potentialAction":[{"@type":"ReadAction","target":["https:\/\/www.petroni.hr\/en\/proizvod\/staklo-bocno-lijevo-renault-trafic-2002-2015\/"]}]},{"@type":"ImageObject","inLanguage":"en-US","@id":"https:\/\/www.petroni.hr\/en\/proizvod\/staklo-bocno-lijevo-renault-trafic-2002-2015\/#primaryimage","url":"https:\/\/www.petroni.hr\/wp-content\/uploads\/2024\/08\/staklo-Trafic-bocno-lijevo-2002-15.jpg","contentUrl":"https:\/\/www.petroni.hr\/wp-content\/uploads\/2024\/08\/staklo-Trafic-bocno-lijevo-2002-15.jpg","width":400,"height":300},{"@type":"BreadcrumbList","@id":"https:\/\/www.petroni.hr\/en\/proizvod\/staklo-bocno-lijevo-renault-trafic-2002-2015\/#breadcrumb","itemListElement":[{"@type":"ListItem","position":1,"name":"Po\u010detna stranica","item":"https:\/\/www.petroni.hr\/en\/"},{"@type":"ListItem","position":2,"name":"Shop","item":"https:\/\/www.petroni.hr\/en\/shop\/"},{"@type":"ListItem","position":3,"name":"Staklo bo\u010dno lijevo Renault Trafic 2002-2015"}]},{"@type":"WebSite","@id":"https:\/\/www.petroni.hr\/en\/#website","url":"https:\/\/www.petroni.hr\/en\/","name":"Petroni.hr","description":"Experience the unprecedented freedom of travel","publisher":{"@id":"https:\/\/www.petroni.hr\/en\/#organization"},"alternateName":"Petroni","potentialAction":[{"@type":"SearchAction","target":{"@type":"EntryPoint","urlTemplate":"https:\/\/www.petroni.hr\/en\/?s={search_term_string}"},"query-input":{"@type":"PropertyValueSpecification","valueRequired":true,"valueName":"search_term_string"}}],"inLanguage":"en-US"},{"@type":"Organization","@id":"https:\/\/www.petroni.hr\/en\/#organization","name":"Petroni d.o.o.","alternateName":"Petroni","url":"https:\/\/www.petroni.hr\/en\/","logo":{"@type":"ImageObject","inLanguage":"en-US","@id":"https:\/\/www.petroni.hr\/en\/#\/schema\/logo\/image\/","url":"https:\/\/www.petroni.hr\/wp-content\/uploads\/2024\/03\/cropped-Group-3.jpg","contentUrl":"https:\/\/www.petroni.hr\/wp-content\/uploads\/2024\/03\/cropped-Group-3.jpg","width":512,"height":512,"caption":"Petroni d.o.o."},"image":{"@id":"https:\/\/www.petroni.hr\/en\/#\/schema\/logo\/image\/"},"sameAs":["https:\/\/www.facebook.com\/Kamperi.Petroni.Sesvete\/?locale=hr_HR"]}]}},"_links":{"self":[{"href":"https:\/\/www.petroni.hr\/en\/wp-json\/wp\/v2\/product\/22373","targetHints":{"allow":["GET"]}}],"collection":[{"href":"https:\/\/www.petroni.hr\/en\/wp-json\/wp\/v2\/product"}],"about":[{"href":"https:\/\/www.petroni.hr\/en\/wp-json\/wp\/v2\/types\/product"}],"replies":[{"embeddable":true,"href":"https:\/\/www.petroni.hr\/en\/wp-json\/wp\/v2\/comments?post=22373"}],"wp:featuredmedia":[{"embeddable":true,"href":"https:\/\/www.petroni.hr\/en\/wp-json\/wp\/v2\/media\/22374"}],"wp:attachment":[{"href":"https:\/\/www.petroni.hr\/en\/wp-json\/wp\/v2\/media?parent=22373"}],"wp:term":[{"taxonomy":"product_brand","embeddable":true,"href":"https:\/\/www.petroni.hr\/en\/wp-json\/wp\/v2\/product_brand?post=22373"},{"taxonomy":"product_cat","embeddable":true,"href":"https:\/\/www.petroni.hr\/en\/wp-json\/wp\/v2\/product_cat?post=22373"},{"taxonomy":"product_tag","embeddable":true,"href":"https:\/\/www.petroni.hr\/en\/wp-json\/wp\/v2\/product_tag?post=22373"}],"curies":[{"name":"wp","href":"https:\/\/api.w.org\/{rel}","templated":true}]}}