{"id":22107,"date":"2024-07-09T06:38:19","date_gmt":"2024-07-09T05:38:19","guid":{"rendered":"https:\/\/www.petroni.hr\/?post_type=product&#038;p=22107"},"modified":"2026-01-21T07:00:09","modified_gmt":"2026-01-21T06:00:09","slug":"prozor-krovni-maxxfan-deluxe","status":"publish","type":"product","link":"https:\/\/www.petroni.hr\/en\/proizvod\/prozor-krovni-maxxfan-deluxe\/","title":{"rendered":"Prozor krovni MaxxFan DeLuxe"},"content":{"rendered":"<p>Ventilacija s otvorenim vanjskim poklopcem<br \/>\nKrovni ventilator sa zatvorenom vanjskom haubom<br \/>\nZa\u0161tita od ki\u0161e \u010dak i kada je otvorena<br \/>\nPatentirani vanjski pokrov otporan na udarce i UV zra\u010denje<br \/>\nOdabir temperature elektronskim termostatom<br \/>\nDaljinski ili ru\u010dni upravlja\u010d (u slu\u010daju nestanka struje)<br \/>\nMo\u017ee se nadopuniti rolo zavjesom za zamra\u010divanje (sa ili bez LED rasvjete).<\/p>\n<p>MAXXFAN\u00ae Deluxe je JEDINI KOMPLETNI SUSTAV VENTILACIJE ZA RV-KMP koji uklju\u010duje ventilacijski otvor, ventilator i zaslon za ki\u0161u u jednoj JEDINICI SVE U JEDNOM.<\/p>\n<p>Krovni poklopac<br \/>\n12V motor s kugli\u010dnim le\u017eajevima<br \/>\nPoluga za otvaranje<br \/>\nmre\u017ea za komarce<br \/>\nDaljinski upravlja\u010d<br \/>\nRu\u010dna kontrola<br \/>\nMaterijal za pri\u010dvr\u0161\u0107ivanje<br \/>\nUpute za sastavljanje<br \/>\nVentilator: Da<br \/>\nRasvjeta: Ne<br \/>\n\u0160irina izreza: 356 mm<br \/>\nVisina izreza: 356 mm<br \/>\nVanjske mjere \u0161irina: 40,8 cm<br \/>\nVanjske mjere du\u017eina: 58,6 cm<br \/>\nVanjska visina: 13,2 cm<br \/>\nDebljina krova: 25-90-90 mm<br \/>\nBoja unutarnjeg okvira: bijela<br \/>\nTe\u017eina: 6 kg<br \/>\nBoja: smoke<\/p>\n<p>&nbsp;<\/p>\n","protected":false},"excerpt":{"rendered":"<p>Ventilacija s otvorenim vanjskim poklopcem Krovni ventilator sa zatvorenom vanjskom haubom Za\u0161tita od ki\u0161e \u010dak i kada je otvorena Patentirani vanjski pokrov otporan na udarce i UV zra\u010denje Odabir temperature elektronskim termostatom Daljinski ili ru\u010dni upravlja\u010d (u slu\u010daju nestanka struje) Mo\u017ee se nadopuniti rolo zavjesom za zamra\u010divanje (sa ili bez LED rasvjete). MAXXFAN\u00ae Deluxe je [&hellip;]<\/p>\n","protected":false},"featured_media":22108,"comment_status":"open","ping_status":"closed","template":"","meta":{"_acf_changed":false,"_themeisle_gutenberg_block_has_review":false},"product_brand":[],"product_cat":[212,230,205,247],"product_tag":[],"class_list":{"0":"post-22107","1":"product","2":"type-product","3":"status-publish","4":"has-post-thumbnail","6":"product_cat-cooling-climate-heating","7":"product_cat-roof-window","8":"product_cat-windows","9":"product_cat-ventilacija-cooling-climate-heating","11":"first","12":"outofstock","13":"shipping-taxable","14":"purchasable","15":"product-type-simple"},"acf":[],"yoast_head":"<!-- This site is optimized with the Yoast SEO plugin v27.4 - https:\/\/yoast.com\/product\/yoast-seo-wordpress\/ -->\n<title>Prozor krovni MaxxFan DeLuxe | Petroni - rent | sale | service | conversions<\/title>\n<meta name=\"robots\" content=\"index, follow, max-snippet:-1, max-image-preview:large, max-video-preview:-1\" \/>\n<link rel=\"canonical\" href=\"https:\/\/www.petroni.hr\/en\/proizvod\/prozor-krovni-maxxfan-deluxe\/\" \/>\n<meta property=\"og:locale\" content=\"en_US\" \/>\n<meta property=\"og:type\" content=\"article\" \/>\n<meta property=\"og:title\" content=\"Prozor krovni MaxxFan DeLuxe | Petroni - rent | sale | service | conversions\" \/>\n<meta property=\"og:description\" content=\"Ventilacija s otvorenim vanjskim poklopcem Krovni ventilator sa zatvorenom vanjskom haubom Za\u0161tita od ki\u0161e \u010dak i kada je otvorena Patentirani vanjski pokrov otporan na udarce i UV zra\u010denje Odabir temperature elektronskim termostatom Daljinski ili ru\u010dni upravlja\u010d (u slu\u010daju nestanka struje) Mo\u017ee se nadopuniti rolo zavjesom za zamra\u010divanje (sa ili bez LED rasvjete). MAXXFAN\u00ae Deluxe je [&hellip;]\" \/>\n<meta property=\"og:url\" content=\"https:\/\/www.petroni.hr\/en\/proizvod\/prozor-krovni-maxxfan-deluxe\/\" \/>\n<meta property=\"og:site_name\" content=\"Petroni - rent | sale | service | conversions\" \/>\n<meta property=\"article:publisher\" content=\"https:\/\/www.facebook.com\/Kamperi.Petroni.Sesvete\/?locale=hr_HR\" \/>\n<meta property=\"article:modified_time\" content=\"2026-01-21T06:00:09+00:00\" \/>\n<meta property=\"og:image\" content=\"https:\/\/www.petroni.hr\/wp-content\/uploads\/2024\/07\/398192-maxxfan-krovni-prozor.jpg\" \/>\n\t<meta property=\"og:image:width\" content=\"600\" \/>\n\t<meta property=\"og:image:height\" content=\"279\" \/>\n\t<meta property=\"og:image:type\" content=\"image\/jpeg\" \/>\n<meta name=\"twitter:card\" content=\"summary_large_image\" \/>\n<meta name=\"twitter:label1\" content=\"Est. reading time\" \/>\n\t<meta name=\"twitter:data1\" content=\"1 minute\" \/>\n<script type=\"application\/ld+json\" class=\"yoast-schema-graph\">{\"@context\":\"https:\\\/\\\/schema.org\",\"@graph\":[{\"@type\":\"WebPage\",\"@id\":\"https:\\\/\\\/www.petroni.hr\\\/en\\\/proizvod\\\/prozor-krovni-maxxfan-deluxe\\\/\",\"url\":\"https:\\\/\\\/www.petroni.hr\\\/en\\\/proizvod\\\/prozor-krovni-maxxfan-deluxe\\\/\",\"name\":\"Prozor krovni MaxxFan DeLuxe | Petroni - rent | sale | service | conversions\",\"isPartOf\":{\"@id\":\"https:\\\/\\\/www.petroni.hr\\\/en\\\/#website\"},\"primaryImageOfPage\":{\"@id\":\"https:\\\/\\\/www.petroni.hr\\\/en\\\/proizvod\\\/prozor-krovni-maxxfan-deluxe\\\/#primaryimage\"},\"image\":{\"@id\":\"https:\\\/\\\/www.petroni.hr\\\/en\\\/proizvod\\\/prozor-krovni-maxxfan-deluxe\\\/#primaryimage\"},\"thumbnailUrl\":\"https:\\\/\\\/www.petroni.hr\\\/wp-content\\\/uploads\\\/2024\\\/07\\\/398192-maxxfan-krovni-prozor.jpg\",\"datePublished\":\"2024-07-09T05:38:19+00:00\",\"dateModified\":\"2026-01-21T06:00:09+00:00\",\"breadcrumb\":{\"@id\":\"https:\\\/\\\/www.petroni.hr\\\/en\\\/proizvod\\\/prozor-krovni-maxxfan-deluxe\\\/#breadcrumb\"},\"inLanguage\":\"en-US\",\"potentialAction\":[{\"@type\":\"ReadAction\",\"target\":[\"https:\\\/\\\/www.petroni.hr\\\/en\\\/proizvod\\\/prozor-krovni-maxxfan-deluxe\\\/\"]}]},{\"@type\":\"ImageObject\",\"inLanguage\":\"en-US\",\"@id\":\"https:\\\/\\\/www.petroni.hr\\\/en\\\/proizvod\\\/prozor-krovni-maxxfan-deluxe\\\/#primaryimage\",\"url\":\"https:\\\/\\\/www.petroni.hr\\\/wp-content\\\/uploads\\\/2024\\\/07\\\/398192-maxxfan-krovni-prozor.jpg\",\"contentUrl\":\"https:\\\/\\\/www.petroni.hr\\\/wp-content\\\/uploads\\\/2024\\\/07\\\/398192-maxxfan-krovni-prozor.jpg\",\"width\":600,\"height\":279},{\"@type\":\"BreadcrumbList\",\"@id\":\"https:\\\/\\\/www.petroni.hr\\\/en\\\/proizvod\\\/prozor-krovni-maxxfan-deluxe\\\/#breadcrumb\",\"itemListElement\":[{\"@type\":\"ListItem\",\"position\":1,\"name\":\"Po\u010detna stranica\",\"item\":\"https:\\\/\\\/www.petroni.hr\\\/en\\\/\"},{\"@type\":\"ListItem\",\"position\":2,\"name\":\"Shop\",\"item\":\"https:\\\/\\\/www.petroni.hr\\\/en\\\/shop\\\/\"},{\"@type\":\"ListItem\",\"position\":3,\"name\":\"Prozor krovni MaxxFan DeLuxe\"}]},{\"@type\":\"WebSite\",\"@id\":\"https:\\\/\\\/www.petroni.hr\\\/en\\\/#website\",\"url\":\"https:\\\/\\\/www.petroni.hr\\\/en\\\/\",\"name\":\"Petroni.hr\",\"description\":\"Experience the unprecedented freedom of travel\",\"publisher\":{\"@id\":\"https:\\\/\\\/www.petroni.hr\\\/en\\\/#organization\"},\"alternateName\":\"Petroni\",\"potentialAction\":[{\"@type\":\"SearchAction\",\"target\":{\"@type\":\"EntryPoint\",\"urlTemplate\":\"https:\\\/\\\/www.petroni.hr\\\/en\\\/?s={search_term_string}\"},\"query-input\":{\"@type\":\"PropertyValueSpecification\",\"valueRequired\":true,\"valueName\":\"search_term_string\"}}],\"inLanguage\":\"en-US\"},{\"@type\":\"Organization\",\"@id\":\"https:\\\/\\\/www.petroni.hr\\\/en\\\/#organization\",\"name\":\"Petroni d.o.o.\",\"alternateName\":\"Petroni\",\"url\":\"https:\\\/\\\/www.petroni.hr\\\/en\\\/\",\"logo\":{\"@type\":\"ImageObject\",\"inLanguage\":\"en-US\",\"@id\":\"https:\\\/\\\/www.petroni.hr\\\/en\\\/#\\\/schema\\\/logo\\\/image\\\/\",\"url\":\"https:\\\/\\\/www.petroni.hr\\\/wp-content\\\/uploads\\\/2024\\\/03\\\/cropped-Group-3.jpg\",\"contentUrl\":\"https:\\\/\\\/www.petroni.hr\\\/wp-content\\\/uploads\\\/2024\\\/03\\\/cropped-Group-3.jpg\",\"width\":512,\"height\":512,\"caption\":\"Petroni d.o.o.\"},\"image\":{\"@id\":\"https:\\\/\\\/www.petroni.hr\\\/en\\\/#\\\/schema\\\/logo\\\/image\\\/\"},\"sameAs\":[\"https:\\\/\\\/www.facebook.com\\\/Kamperi.Petroni.Sesvete\\\/?locale=hr_HR\"]}]}<\/script>\n<!-- \/ Yoast SEO plugin. -->","yoast_head_json":{"title":"Prozor krovni MaxxFan DeLuxe | Petroni - rent | sale | service | conversions","robots":{"index":"index","follow":"follow","max-snippet":"max-snippet:-1","max-image-preview":"max-image-preview:large","max-video-preview":"max-video-preview:-1"},"canonical":"https:\/\/www.petroni.hr\/en\/proizvod\/prozor-krovni-maxxfan-deluxe\/","og_locale":"en_US","og_type":"article","og_title":"Prozor krovni MaxxFan DeLuxe | Petroni - rent | sale | service | conversions","og_description":"Ventilacija s otvorenim vanjskim poklopcem Krovni ventilator sa zatvorenom vanjskom haubom Za\u0161tita od ki\u0161e \u010dak i kada je otvorena Patentirani vanjski pokrov otporan na udarce i UV zra\u010denje Odabir temperature elektronskim termostatom Daljinski ili ru\u010dni upravlja\u010d (u slu\u010daju nestanka struje) Mo\u017ee se nadopuniti rolo zavjesom za zamra\u010divanje (sa ili bez LED rasvjete). MAXXFAN\u00ae Deluxe je [&hellip;]","og_url":"https:\/\/www.petroni.hr\/en\/proizvod\/prozor-krovni-maxxfan-deluxe\/","og_site_name":"Petroni - rent | sale | service | conversions","article_publisher":"https:\/\/www.facebook.com\/Kamperi.Petroni.Sesvete\/?locale=hr_HR","article_modified_time":"2026-01-21T06:00:09+00:00","og_image":[{"width":600,"height":279,"url":"https:\/\/www.petroni.hr\/wp-content\/uploads\/2024\/07\/398192-maxxfan-krovni-prozor.jpg","type":"image\/jpeg"}],"twitter_card":"summary_large_image","twitter_misc":{"Est. reading time":"1 minute"},"schema":{"@context":"https:\/\/schema.org","@graph":[{"@type":"WebPage","@id":"https:\/\/www.petroni.hr\/en\/proizvod\/prozor-krovni-maxxfan-deluxe\/","url":"https:\/\/www.petroni.hr\/en\/proizvod\/prozor-krovni-maxxfan-deluxe\/","name":"Prozor krovni MaxxFan DeLuxe | Petroni - rent | sale | service | conversions","isPartOf":{"@id":"https:\/\/www.petroni.hr\/en\/#website"},"primaryImageOfPage":{"@id":"https:\/\/www.petroni.hr\/en\/proizvod\/prozor-krovni-maxxfan-deluxe\/#primaryimage"},"image":{"@id":"https:\/\/www.petroni.hr\/en\/proizvod\/prozor-krovni-maxxfan-deluxe\/#primaryimage"},"thumbnailUrl":"https:\/\/www.petroni.hr\/wp-content\/uploads\/2024\/07\/398192-maxxfan-krovni-prozor.jpg","datePublished":"2024-07-09T05:38:19+00:00","dateModified":"2026-01-21T06:00:09+00:00","breadcrumb":{"@id":"https:\/\/www.petroni.hr\/en\/proizvod\/prozor-krovni-maxxfan-deluxe\/#breadcrumb"},"inLanguage":"en-US","potentialAction":[{"@type":"ReadAction","target":["https:\/\/www.petroni.hr\/en\/proizvod\/prozor-krovni-maxxfan-deluxe\/"]}]},{"@type":"ImageObject","inLanguage":"en-US","@id":"https:\/\/www.petroni.hr\/en\/proizvod\/prozor-krovni-maxxfan-deluxe\/#primaryimage","url":"https:\/\/www.petroni.hr\/wp-content\/uploads\/2024\/07\/398192-maxxfan-krovni-prozor.jpg","contentUrl":"https:\/\/www.petroni.hr\/wp-content\/uploads\/2024\/07\/398192-maxxfan-krovni-prozor.jpg","width":600,"height":279},{"@type":"BreadcrumbList","@id":"https:\/\/www.petroni.hr\/en\/proizvod\/prozor-krovni-maxxfan-deluxe\/#breadcrumb","itemListElement":[{"@type":"ListItem","position":1,"name":"Po\u010detna stranica","item":"https:\/\/www.petroni.hr\/en\/"},{"@type":"ListItem","position":2,"name":"Shop","item":"https:\/\/www.petroni.hr\/en\/shop\/"},{"@type":"ListItem","position":3,"name":"Prozor krovni MaxxFan DeLuxe"}]},{"@type":"WebSite","@id":"https:\/\/www.petroni.hr\/en\/#website","url":"https:\/\/www.petroni.hr\/en\/","name":"Petroni.hr","description":"Experience the unprecedented freedom of travel","publisher":{"@id":"https:\/\/www.petroni.hr\/en\/#organization"},"alternateName":"Petroni","potentialAction":[{"@type":"SearchAction","target":{"@type":"EntryPoint","urlTemplate":"https:\/\/www.petroni.hr\/en\/?s={search_term_string}"},"query-input":{"@type":"PropertyValueSpecification","valueRequired":true,"valueName":"search_term_string"}}],"inLanguage":"en-US"},{"@type":"Organization","@id":"https:\/\/www.petroni.hr\/en\/#organization","name":"Petroni d.o.o.","alternateName":"Petroni","url":"https:\/\/www.petroni.hr\/en\/","logo":{"@type":"ImageObject","inLanguage":"en-US","@id":"https:\/\/www.petroni.hr\/en\/#\/schema\/logo\/image\/","url":"https:\/\/www.petroni.hr\/wp-content\/uploads\/2024\/03\/cropped-Group-3.jpg","contentUrl":"https:\/\/www.petroni.hr\/wp-content\/uploads\/2024\/03\/cropped-Group-3.jpg","width":512,"height":512,"caption":"Petroni d.o.o."},"image":{"@id":"https:\/\/www.petroni.hr\/en\/#\/schema\/logo\/image\/"},"sameAs":["https:\/\/www.facebook.com\/Kamperi.Petroni.Sesvete\/?locale=hr_HR"]}]}},"_links":{"self":[{"href":"https:\/\/www.petroni.hr\/en\/wp-json\/wp\/v2\/product\/22107","targetHints":{"allow":["GET"]}}],"collection":[{"href":"https:\/\/www.petroni.hr\/en\/wp-json\/wp\/v2\/product"}],"about":[{"href":"https:\/\/www.petroni.hr\/en\/wp-json\/wp\/v2\/types\/product"}],"replies":[{"embeddable":true,"href":"https:\/\/www.petroni.hr\/en\/wp-json\/wp\/v2\/comments?post=22107"}],"wp:featuredmedia":[{"embeddable":true,"href":"https:\/\/www.petroni.hr\/en\/wp-json\/wp\/v2\/media\/22108"}],"wp:attachment":[{"href":"https:\/\/www.petroni.hr\/en\/wp-json\/wp\/v2\/media?parent=22107"}],"wp:term":[{"taxonomy":"product_brand","embeddable":true,"href":"https:\/\/www.petroni.hr\/en\/wp-json\/wp\/v2\/product_brand?post=22107"},{"taxonomy":"product_cat","embeddable":true,"href":"https:\/\/www.petroni.hr\/en\/wp-json\/wp\/v2\/product_cat?post=22107"},{"taxonomy":"product_tag","embeddable":true,"href":"https:\/\/www.petroni.hr\/en\/wp-json\/wp\/v2\/product_tag?post=22107"}],"curies":[{"name":"wp","href":"https:\/\/api.w.org\/{rel}","templated":true}]}}