{"id":21945,"date":"2024-06-22T06:54:13","date_gmt":"2024-06-22T05:54:13","guid":{"rendered":"https:\/\/www.petroni.hr\/?post_type=product&#038;p=21945"},"modified":"2025-10-06T08:50:37","modified_gmt":"2025-10-06T07:50:37","slug":"klima-uredaj-carbest-15kw-5000btu-h","status":"publish","type":"product","link":"https:\/\/www.petroni.hr\/en\/proizvod\/klima-uredaj-carbest-15kw-5000btu-h\/","title":{"rendered":"Klima ure\u0111aj CARBEST 1,5kw 5000BTU\/h"},"content":{"rendered":"<p>Carbest split klima ure\u0111aj 5000 BTU\/h, 1465W<\/p>\n<p>Mobilna split klima jedinica za vje\u0161anje u prozorski otvor<\/p>\n<p>Hladi, prozra\u010duje i odvla\u017euje<br \/>\nBrzo, univerzalno pri\u010dvr\u0161\u0107ivanje preko prozorskog otvora<br \/>\nNiska razina buke u stanju mirovanja (pribli\u017eno 44 dB)<br \/>\nVeliki ventilacijski otvor za maksimalnu udobnost<br \/>\nLED zaslon s 24-satnim timerom<br \/>\nBluetooth funkcija i besplatna aplikacija (Smart Life)<br \/>\nIntegrirane ru\u010dke: mo\u017ee ih lako prenijeti jedna osoba<br \/>\nModeran, elegantan dizajn<br \/>\nVanjska jedinica s klasom za\u0161tite IPX4<\/p>\n<p>&nbsp;<\/p>\n<p>Moderan i mo\u0107an split klimatizacijski sustav s u\u010dinkom hla\u0111enja od 1465 W pritiskom na gumb hladi, provjetrava i odvla\u017euje kampere, kamp prikolice i kampere te osigurava ugodne temperature u unutra\u0161njosti kampera. Jedinica klima ure\u0111aja sastoji se od unutarnje i vanjske jedinice i jednostavno se objesi u prozorski otvor. Obje jedinice su me\u0111usobno povezane savitljivim spojnim crijevom (duljina: 550 mm). Temperatura se kontrolira putem digitalnog LED zaslona izravno na ure\u0111aju. Split sustav klimatizacije ima tri razine ventilacije. Standardna razina buke je 46 dB, u stanju mirovanja smanjena je na 44 dB. Ure\u0111aj je napunjen ekolo\u0161ki prihvatljivim rashladnim sredstvom R290.<\/p>\n<p>Ostale specifikacije:<\/p>\n<p>Potro\u0161nja: 560W<br \/>\nMaks. hla\u0111enje zrakom: 140 &#8211; 200 m\u00b3 \/ h<br \/>\nTajmer: 24 sata<br \/>\nZaslon: Digitalni LED zaslon<br \/>\nNo\u0107ni na\u010din rada: Da<br \/>\nRazina buke: 46 dB (na\u010din mirovanja: 44 dB)<br \/>\nRashladno sredstvo: R290 (130 g)<\/p>\n","protected":false},"excerpt":{"rendered":"<p>Carbest split klima ure\u0111aj 5000 BTU\/h, 1465W Mobilna split klima jedinica za vje\u0161anje u prozorski otvor Hladi, prozra\u010duje i odvla\u017euje Brzo, univerzalno pri\u010dvr\u0161\u0107ivanje preko prozorskog otvora Niska razina buke u stanju mirovanja (pribli\u017eno 44 dB) Veliki ventilacijski otvor za maksimalnu udobnost LED zaslon s 24-satnim timerom Bluetooth funkcija i besplatna aplikacija (Smart Life) Integrirane ru\u010dke: [&hellip;]<\/p>\n","protected":false},"featured_media":21946,"comment_status":"open","ping_status":"closed","template":"","meta":{"_acf_changed":false,"_themeisle_gutenberg_block_has_review":false},"product_brand":[],"product_cat":[231],"product_tag":[],"class_list":{"0":"post-21945","1":"product","2":"type-product","3":"status-publish","4":"has-post-thumbnail","6":"product_cat-air-condition","7":"product_shipping_class-heavy-pacages","9":"first","10":"instock","11":"shipping-taxable","12":"purchasable","13":"product-type-simple"},"acf":[],"yoast_head":"<!-- This site is optimized with the Yoast SEO plugin v27.4 - https:\/\/yoast.com\/product\/yoast-seo-wordpress\/ -->\n<title>Klima ure\u0111aj CARBEST 1,5kw 5000BTU\/h | Petroni - rent | sale | service | conversions<\/title>\n<meta name=\"robots\" content=\"index, follow, max-snippet:-1, max-image-preview:large, max-video-preview:-1\" \/>\n<link rel=\"canonical\" href=\"https:\/\/www.petroni.hr\/en\/proizvod\/klima-uredaj-carbest-15kw-5000btu-h\/\" \/>\n<meta property=\"og:locale\" content=\"en_US\" \/>\n<meta property=\"og:type\" content=\"article\" \/>\n<meta property=\"og:title\" content=\"Klima ure\u0111aj CARBEST 1,5kw 5000BTU\/h | Petroni - rent | sale | service | conversions\" \/>\n<meta property=\"og:description\" content=\"Carbest split klima ure\u0111aj 5000 BTU\/h, 1465W Mobilna split klima jedinica za vje\u0161anje u prozorski otvor Hladi, prozra\u010duje i odvla\u017euje Brzo, univerzalno pri\u010dvr\u0161\u0107ivanje preko prozorskog otvora Niska razina buke u stanju mirovanja (pribli\u017eno 44 dB) Veliki ventilacijski otvor za maksimalnu udobnost LED zaslon s 24-satnim timerom Bluetooth funkcija i besplatna aplikacija (Smart Life) Integrirane ru\u010dke: [&hellip;]\" \/>\n<meta property=\"og:url\" content=\"https:\/\/www.petroni.hr\/en\/proizvod\/klima-uredaj-carbest-15kw-5000btu-h\/\" \/>\n<meta property=\"og:site_name\" content=\"Petroni - rent | sale | service | conversions\" \/>\n<meta property=\"article:publisher\" content=\"https:\/\/www.facebook.com\/Kamperi.Petroni.Sesvete\/?locale=hr_HR\" \/>\n<meta property=\"article:modified_time\" content=\"2025-10-06T07:50:37+00:00\" \/>\n<meta property=\"og:image\" content=\"https:\/\/www.petroni.hr\/wp-content\/uploads\/2024\/06\/495054-klima-uredaj-za-prozor.jpg\" \/>\n\t<meta property=\"og:image:width\" content=\"650\" \/>\n\t<meta property=\"og:image:height\" content=\"548\" \/>\n\t<meta property=\"og:image:type\" content=\"image\/jpeg\" \/>\n<meta name=\"twitter:card\" content=\"summary_large_image\" \/>\n<meta name=\"twitter:label1\" content=\"Est. reading time\" \/>\n\t<meta name=\"twitter:data1\" content=\"1 minute\" \/>\n<script type=\"application\/ld+json\" class=\"yoast-schema-graph\">{\"@context\":\"https:\\\/\\\/schema.org\",\"@graph\":[{\"@type\":\"WebPage\",\"@id\":\"https:\\\/\\\/www.petroni.hr\\\/en\\\/proizvod\\\/klima-uredaj-carbest-15kw-5000btu-h\\\/\",\"url\":\"https:\\\/\\\/www.petroni.hr\\\/en\\\/proizvod\\\/klima-uredaj-carbest-15kw-5000btu-h\\\/\",\"name\":\"Klima ure\u0111aj CARBEST 1,5kw 5000BTU\\\/h | Petroni - rent | sale | service | conversions\",\"isPartOf\":{\"@id\":\"https:\\\/\\\/www.petroni.hr\\\/en\\\/#website\"},\"primaryImageOfPage\":{\"@id\":\"https:\\\/\\\/www.petroni.hr\\\/en\\\/proizvod\\\/klima-uredaj-carbest-15kw-5000btu-h\\\/#primaryimage\"},\"image\":{\"@id\":\"https:\\\/\\\/www.petroni.hr\\\/en\\\/proizvod\\\/klima-uredaj-carbest-15kw-5000btu-h\\\/#primaryimage\"},\"thumbnailUrl\":\"https:\\\/\\\/www.petroni.hr\\\/wp-content\\\/uploads\\\/2024\\\/06\\\/495054-klima-uredaj-za-prozor.jpg\",\"datePublished\":\"2024-06-22T05:54:13+00:00\",\"dateModified\":\"2025-10-06T07:50:37+00:00\",\"breadcrumb\":{\"@id\":\"https:\\\/\\\/www.petroni.hr\\\/en\\\/proizvod\\\/klima-uredaj-carbest-15kw-5000btu-h\\\/#breadcrumb\"},\"inLanguage\":\"en-US\",\"potentialAction\":[{\"@type\":\"ReadAction\",\"target\":[\"https:\\\/\\\/www.petroni.hr\\\/en\\\/proizvod\\\/klima-uredaj-carbest-15kw-5000btu-h\\\/\"]}]},{\"@type\":\"ImageObject\",\"inLanguage\":\"en-US\",\"@id\":\"https:\\\/\\\/www.petroni.hr\\\/en\\\/proizvod\\\/klima-uredaj-carbest-15kw-5000btu-h\\\/#primaryimage\",\"url\":\"https:\\\/\\\/www.petroni.hr\\\/wp-content\\\/uploads\\\/2024\\\/06\\\/495054-klima-uredaj-za-prozor.jpg\",\"contentUrl\":\"https:\\\/\\\/www.petroni.hr\\\/wp-content\\\/uploads\\\/2024\\\/06\\\/495054-klima-uredaj-za-prozor.jpg\",\"width\":650,\"height\":548},{\"@type\":\"BreadcrumbList\",\"@id\":\"https:\\\/\\\/www.petroni.hr\\\/en\\\/proizvod\\\/klima-uredaj-carbest-15kw-5000btu-h\\\/#breadcrumb\",\"itemListElement\":[{\"@type\":\"ListItem\",\"position\":1,\"name\":\"Po\u010detna stranica\",\"item\":\"https:\\\/\\\/www.petroni.hr\\\/en\\\/\"},{\"@type\":\"ListItem\",\"position\":2,\"name\":\"Shop\",\"item\":\"https:\\\/\\\/www.petroni.hr\\\/en\\\/shop\\\/\"},{\"@type\":\"ListItem\",\"position\":3,\"name\":\"Klima ure\u0111aj CARBEST 1,5kw 5000BTU\\\/h\"}]},{\"@type\":\"WebSite\",\"@id\":\"https:\\\/\\\/www.petroni.hr\\\/en\\\/#website\",\"url\":\"https:\\\/\\\/www.petroni.hr\\\/en\\\/\",\"name\":\"Petroni.hr\",\"description\":\"Experience the unprecedented freedom of travel\",\"publisher\":{\"@id\":\"https:\\\/\\\/www.petroni.hr\\\/en\\\/#organization\"},\"alternateName\":\"Petroni\",\"potentialAction\":[{\"@type\":\"SearchAction\",\"target\":{\"@type\":\"EntryPoint\",\"urlTemplate\":\"https:\\\/\\\/www.petroni.hr\\\/en\\\/?s={search_term_string}\"},\"query-input\":{\"@type\":\"PropertyValueSpecification\",\"valueRequired\":true,\"valueName\":\"search_term_string\"}}],\"inLanguage\":\"en-US\"},{\"@type\":\"Organization\",\"@id\":\"https:\\\/\\\/www.petroni.hr\\\/en\\\/#organization\",\"name\":\"Petroni d.o.o.\",\"alternateName\":\"Petroni\",\"url\":\"https:\\\/\\\/www.petroni.hr\\\/en\\\/\",\"logo\":{\"@type\":\"ImageObject\",\"inLanguage\":\"en-US\",\"@id\":\"https:\\\/\\\/www.petroni.hr\\\/en\\\/#\\\/schema\\\/logo\\\/image\\\/\",\"url\":\"https:\\\/\\\/www.petroni.hr\\\/wp-content\\\/uploads\\\/2024\\\/03\\\/cropped-Group-3.jpg\",\"contentUrl\":\"https:\\\/\\\/www.petroni.hr\\\/wp-content\\\/uploads\\\/2024\\\/03\\\/cropped-Group-3.jpg\",\"width\":512,\"height\":512,\"caption\":\"Petroni d.o.o.\"},\"image\":{\"@id\":\"https:\\\/\\\/www.petroni.hr\\\/en\\\/#\\\/schema\\\/logo\\\/image\\\/\"},\"sameAs\":[\"https:\\\/\\\/www.facebook.com\\\/Kamperi.Petroni.Sesvete\\\/?locale=hr_HR\"]}]}<\/script>\n<!-- \/ Yoast SEO plugin. -->","yoast_head_json":{"title":"Klima ure\u0111aj CARBEST 1,5kw 5000BTU\/h | Petroni - rent | sale | service | conversions","robots":{"index":"index","follow":"follow","max-snippet":"max-snippet:-1","max-image-preview":"max-image-preview:large","max-video-preview":"max-video-preview:-1"},"canonical":"https:\/\/www.petroni.hr\/en\/proizvod\/klima-uredaj-carbest-15kw-5000btu-h\/","og_locale":"en_US","og_type":"article","og_title":"Klima ure\u0111aj CARBEST 1,5kw 5000BTU\/h | Petroni - rent | sale | service | conversions","og_description":"Carbest split klima ure\u0111aj 5000 BTU\/h, 1465W Mobilna split klima jedinica za vje\u0161anje u prozorski otvor Hladi, prozra\u010duje i odvla\u017euje Brzo, univerzalno pri\u010dvr\u0161\u0107ivanje preko prozorskog otvora Niska razina buke u stanju mirovanja (pribli\u017eno 44 dB) Veliki ventilacijski otvor za maksimalnu udobnost LED zaslon s 24-satnim timerom Bluetooth funkcija i besplatna aplikacija (Smart Life) Integrirane ru\u010dke: [&hellip;]","og_url":"https:\/\/www.petroni.hr\/en\/proizvod\/klima-uredaj-carbest-15kw-5000btu-h\/","og_site_name":"Petroni - rent | sale | service | conversions","article_publisher":"https:\/\/www.facebook.com\/Kamperi.Petroni.Sesvete\/?locale=hr_HR","article_modified_time":"2025-10-06T07:50:37+00:00","og_image":[{"width":650,"height":548,"url":"https:\/\/www.petroni.hr\/wp-content\/uploads\/2024\/06\/495054-klima-uredaj-za-prozor.jpg","type":"image\/jpeg"}],"twitter_card":"summary_large_image","twitter_misc":{"Est. reading time":"1 minute"},"schema":{"@context":"https:\/\/schema.org","@graph":[{"@type":"WebPage","@id":"https:\/\/www.petroni.hr\/en\/proizvod\/klima-uredaj-carbest-15kw-5000btu-h\/","url":"https:\/\/www.petroni.hr\/en\/proizvod\/klima-uredaj-carbest-15kw-5000btu-h\/","name":"Klima ure\u0111aj CARBEST 1,5kw 5000BTU\/h | Petroni - rent | sale | service | conversions","isPartOf":{"@id":"https:\/\/www.petroni.hr\/en\/#website"},"primaryImageOfPage":{"@id":"https:\/\/www.petroni.hr\/en\/proizvod\/klima-uredaj-carbest-15kw-5000btu-h\/#primaryimage"},"image":{"@id":"https:\/\/www.petroni.hr\/en\/proizvod\/klima-uredaj-carbest-15kw-5000btu-h\/#primaryimage"},"thumbnailUrl":"https:\/\/www.petroni.hr\/wp-content\/uploads\/2024\/06\/495054-klima-uredaj-za-prozor.jpg","datePublished":"2024-06-22T05:54:13+00:00","dateModified":"2025-10-06T07:50:37+00:00","breadcrumb":{"@id":"https:\/\/www.petroni.hr\/en\/proizvod\/klima-uredaj-carbest-15kw-5000btu-h\/#breadcrumb"},"inLanguage":"en-US","potentialAction":[{"@type":"ReadAction","target":["https:\/\/www.petroni.hr\/en\/proizvod\/klima-uredaj-carbest-15kw-5000btu-h\/"]}]},{"@type":"ImageObject","inLanguage":"en-US","@id":"https:\/\/www.petroni.hr\/en\/proizvod\/klima-uredaj-carbest-15kw-5000btu-h\/#primaryimage","url":"https:\/\/www.petroni.hr\/wp-content\/uploads\/2024\/06\/495054-klima-uredaj-za-prozor.jpg","contentUrl":"https:\/\/www.petroni.hr\/wp-content\/uploads\/2024\/06\/495054-klima-uredaj-za-prozor.jpg","width":650,"height":548},{"@type":"BreadcrumbList","@id":"https:\/\/www.petroni.hr\/en\/proizvod\/klima-uredaj-carbest-15kw-5000btu-h\/#breadcrumb","itemListElement":[{"@type":"ListItem","position":1,"name":"Po\u010detna stranica","item":"https:\/\/www.petroni.hr\/en\/"},{"@type":"ListItem","position":2,"name":"Shop","item":"https:\/\/www.petroni.hr\/en\/shop\/"},{"@type":"ListItem","position":3,"name":"Klima ure\u0111aj CARBEST 1,5kw 5000BTU\/h"}]},{"@type":"WebSite","@id":"https:\/\/www.petroni.hr\/en\/#website","url":"https:\/\/www.petroni.hr\/en\/","name":"Petroni.hr","description":"Experience the unprecedented freedom of travel","publisher":{"@id":"https:\/\/www.petroni.hr\/en\/#organization"},"alternateName":"Petroni","potentialAction":[{"@type":"SearchAction","target":{"@type":"EntryPoint","urlTemplate":"https:\/\/www.petroni.hr\/en\/?s={search_term_string}"},"query-input":{"@type":"PropertyValueSpecification","valueRequired":true,"valueName":"search_term_string"}}],"inLanguage":"en-US"},{"@type":"Organization","@id":"https:\/\/www.petroni.hr\/en\/#organization","name":"Petroni d.o.o.","alternateName":"Petroni","url":"https:\/\/www.petroni.hr\/en\/","logo":{"@type":"ImageObject","inLanguage":"en-US","@id":"https:\/\/www.petroni.hr\/en\/#\/schema\/logo\/image\/","url":"https:\/\/www.petroni.hr\/wp-content\/uploads\/2024\/03\/cropped-Group-3.jpg","contentUrl":"https:\/\/www.petroni.hr\/wp-content\/uploads\/2024\/03\/cropped-Group-3.jpg","width":512,"height":512,"caption":"Petroni d.o.o."},"image":{"@id":"https:\/\/www.petroni.hr\/en\/#\/schema\/logo\/image\/"},"sameAs":["https:\/\/www.facebook.com\/Kamperi.Petroni.Sesvete\/?locale=hr_HR"]}]}},"_links":{"self":[{"href":"https:\/\/www.petroni.hr\/en\/wp-json\/wp\/v2\/product\/21945","targetHints":{"allow":["GET"]}}],"collection":[{"href":"https:\/\/www.petroni.hr\/en\/wp-json\/wp\/v2\/product"}],"about":[{"href":"https:\/\/www.petroni.hr\/en\/wp-json\/wp\/v2\/types\/product"}],"replies":[{"embeddable":true,"href":"https:\/\/www.petroni.hr\/en\/wp-json\/wp\/v2\/comments?post=21945"}],"wp:featuredmedia":[{"embeddable":true,"href":"https:\/\/www.petroni.hr\/en\/wp-json\/wp\/v2\/media\/21946"}],"wp:attachment":[{"href":"https:\/\/www.petroni.hr\/en\/wp-json\/wp\/v2\/media?parent=21945"}],"wp:term":[{"taxonomy":"product_brand","embeddable":true,"href":"https:\/\/www.petroni.hr\/en\/wp-json\/wp\/v2\/product_brand?post=21945"},{"taxonomy":"product_cat","embeddable":true,"href":"https:\/\/www.petroni.hr\/en\/wp-json\/wp\/v2\/product_cat?post=21945"},{"taxonomy":"product_tag","embeddable":true,"href":"https:\/\/www.petroni.hr\/en\/wp-json\/wp\/v2\/product_tag?post=21945"}],"curies":[{"name":"wp","href":"https:\/\/api.w.org\/{rel}","templated":true}]}}