{"id":21491,"date":"2024-05-26T16:42:04","date_gmt":"2024-05-26T15:42:04","guid":{"rendered":"https:\/\/www.petroni.hr\/?post_type=product&#038;p=21491"},"modified":"2025-08-23T14:21:25","modified_gmt":"2025-08-23T13:21:25","slug":"polica-za-odlaganje-sredisnja-fiat-ducato-2006","status":"publish","type":"product","link":"https:\/\/www.petroni.hr\/en\/proizvod\/polica-za-odlaganje-sredisnja-fiat-ducato-2006\/","title":{"rendered":"Polica za odlaganje sredi\u0161nja FIAT Ducato 2006>"},"content":{"rendered":"<p>Polica s 2 dr\u017ea\u010da za \u010da\u0161e i mogu\u0107no\u0161\u0107u sigurnog postavljanja mobitela(a) ili tableta (mobitel se mo\u017ee staviti pod kutom za \u010ditanje navigacije).<\/p>\n<p>Iza njega nalazi se polica za dokumente ili druge sitnice te dodatni mali pretinac za olovke i sli\u010dno. Ima i otvor ako je potrebno za kabel za punjenje u pretincu za mobitel. S dodatnim odbojnicima i protukliznim umetcima za izbjegavanje buke. Pretinac za rukavice ostaje potpuno netaknut: jednostavno se umetne u otvoreni pretinac za rukavice. Dr\u017ei pi\u0107a u \u0161alicama ili limenkama sigurno na mjestu, jer ova vozila ina\u010de nemaju dr\u017ea\u010d za \u010da\u0161e.<\/p>\n<p>&nbsp;<\/p>\n<p>Odgovara za Fiat Ducato, Citroen Jumper , Peugeot Boxer 2006-&gt;<\/p>\n","protected":false},"excerpt":{"rendered":"<p>Polica s 2 dr\u017ea\u010da za \u010da\u0161e i mogu\u0107no\u0161\u0107u sigurnog postavljanja mobitela(a) ili tableta (mobitel se mo\u017ee staviti pod kutom za \u010ditanje navigacije). Iza njega nalazi se polica za dokumente ili druge sitnice te dodatni mali pretinac za olovke i sli\u010dno. Ima i otvor ako je potrebno za kabel za punjenje u pretincu za mobitel. S [&hellip;]<\/p>\n","protected":false},"featured_media":21494,"comment_status":"open","ping_status":"closed","template":"","meta":{"_acf_changed":false,"_themeisle_gutenberg_block_has_review":false},"product_brand":[],"product_cat":[216],"product_tag":[],"class_list":{"0":"post-21491","1":"product","2":"type-product","3":"status-publish","4":"has-post-thumbnail","6":"product_cat-motorhome-tehnology","8":"first","9":"instock","10":"shipping-taxable","11":"purchasable","12":"product-type-simple"},"acf":[],"yoast_head":"<!-- This site is optimized with the Yoast SEO plugin v27.5 - https:\/\/yoast.com\/product\/yoast-seo-wordpress\/ -->\n<title>Polica za odlaganje sredi\u0161nja FIAT Ducato 2006&gt; | Petroni - rent | sale | service | conversions<\/title>\n<meta name=\"robots\" content=\"index, follow, max-snippet:-1, max-image-preview:large, max-video-preview:-1\" \/>\n<link rel=\"canonical\" href=\"https:\/\/www.petroni.hr\/en\/proizvod\/polica-za-odlaganje-sredisnja-fiat-ducato-2006\/\" \/>\n<meta property=\"og:locale\" content=\"en_US\" \/>\n<meta property=\"og:type\" content=\"article\" \/>\n<meta property=\"og:title\" content=\"Polica za odlaganje sredi\u0161nja FIAT Ducato 2006&gt; | Petroni - rent | sale | service | conversions\" \/>\n<meta property=\"og:description\" content=\"Polica s 2 dr\u017ea\u010da za \u010da\u0161e i mogu\u0107no\u0161\u0107u sigurnog postavljanja mobitela(a) ili tableta (mobitel se mo\u017ee staviti pod kutom za \u010ditanje navigacije). Iza njega nalazi se polica za dokumente ili druge sitnice te dodatni mali pretinac za olovke i sli\u010dno. Ima i otvor ako je potrebno za kabel za punjenje u pretincu za mobitel. S [&hellip;]\" \/>\n<meta property=\"og:url\" content=\"https:\/\/www.petroni.hr\/en\/proizvod\/polica-za-odlaganje-sredisnja-fiat-ducato-2006\/\" \/>\n<meta property=\"og:site_name\" content=\"Petroni - rent | sale | service | conversions\" \/>\n<meta property=\"article:publisher\" content=\"https:\/\/www.facebook.com\/Kamperi.Petroni.Sesvete\/?locale=hr_HR\" \/>\n<meta property=\"article:modified_time\" content=\"2025-08-23T13:21:25+00:00\" \/>\n<meta property=\"og:image\" content=\"https:\/\/www.petroni.hr\/wp-content\/uploads\/2024\/05\/462031_1-polica.jpg\" \/>\n\t<meta property=\"og:image:width\" content=\"650\" \/>\n\t<meta property=\"og:image:height\" content=\"488\" \/>\n\t<meta property=\"og:image:type\" content=\"image\/jpeg\" \/>\n<meta name=\"twitter:card\" content=\"summary_large_image\" \/>\n<meta name=\"twitter:label1\" content=\"Est. reading time\" \/>\n\t<meta name=\"twitter:data1\" content=\"1 minute\" \/>\n<script type=\"application\/ld+json\" class=\"yoast-schema-graph\">{\"@context\":\"https:\\\/\\\/schema.org\",\"@graph\":[{\"@type\":\"WebPage\",\"@id\":\"https:\\\/\\\/www.petroni.hr\\\/en\\\/proizvod\\\/polica-za-odlaganje-sredisnja-fiat-ducato-2006\\\/\",\"url\":\"https:\\\/\\\/www.petroni.hr\\\/en\\\/proizvod\\\/polica-za-odlaganje-sredisnja-fiat-ducato-2006\\\/\",\"name\":\"Polica za odlaganje sredi\u0161nja FIAT Ducato 2006> | Petroni - rent | sale | service | conversions\",\"isPartOf\":{\"@id\":\"https:\\\/\\\/www.petroni.hr\\\/en\\\/#website\"},\"primaryImageOfPage\":{\"@id\":\"https:\\\/\\\/www.petroni.hr\\\/en\\\/proizvod\\\/polica-za-odlaganje-sredisnja-fiat-ducato-2006\\\/#primaryimage\"},\"image\":{\"@id\":\"https:\\\/\\\/www.petroni.hr\\\/en\\\/proizvod\\\/polica-za-odlaganje-sredisnja-fiat-ducato-2006\\\/#primaryimage\"},\"thumbnailUrl\":\"https:\\\/\\\/www.petroni.hr\\\/wp-content\\\/uploads\\\/2024\\\/05\\\/462031_1-polica.jpg\",\"datePublished\":\"2024-05-26T15:42:04+00:00\",\"dateModified\":\"2025-08-23T13:21:25+00:00\",\"breadcrumb\":{\"@id\":\"https:\\\/\\\/www.petroni.hr\\\/en\\\/proizvod\\\/polica-za-odlaganje-sredisnja-fiat-ducato-2006\\\/#breadcrumb\"},\"inLanguage\":\"en-US\",\"potentialAction\":[{\"@type\":\"ReadAction\",\"target\":[\"https:\\\/\\\/www.petroni.hr\\\/en\\\/proizvod\\\/polica-za-odlaganje-sredisnja-fiat-ducato-2006\\\/\"]}]},{\"@type\":\"ImageObject\",\"inLanguage\":\"en-US\",\"@id\":\"https:\\\/\\\/www.petroni.hr\\\/en\\\/proizvod\\\/polica-za-odlaganje-sredisnja-fiat-ducato-2006\\\/#primaryimage\",\"url\":\"https:\\\/\\\/www.petroni.hr\\\/wp-content\\\/uploads\\\/2024\\\/05\\\/462031_1-polica.jpg\",\"contentUrl\":\"https:\\\/\\\/www.petroni.hr\\\/wp-content\\\/uploads\\\/2024\\\/05\\\/462031_1-polica.jpg\",\"width\":650,\"height\":488},{\"@type\":\"BreadcrumbList\",\"@id\":\"https:\\\/\\\/www.petroni.hr\\\/en\\\/proizvod\\\/polica-za-odlaganje-sredisnja-fiat-ducato-2006\\\/#breadcrumb\",\"itemListElement\":[{\"@type\":\"ListItem\",\"position\":1,\"name\":\"Po\u010detna stranica\",\"item\":\"https:\\\/\\\/www.petroni.hr\\\/en\\\/\"},{\"@type\":\"ListItem\",\"position\":2,\"name\":\"Shop\",\"item\":\"https:\\\/\\\/www.petroni.hr\\\/en\\\/shop\\\/\"},{\"@type\":\"ListItem\",\"position\":3,\"name\":\"Polica za odlaganje sredi\u0161nja FIAT Ducato 2006>\"}]},{\"@type\":\"WebSite\",\"@id\":\"https:\\\/\\\/www.petroni.hr\\\/en\\\/#website\",\"url\":\"https:\\\/\\\/www.petroni.hr\\\/en\\\/\",\"name\":\"Petroni.hr\",\"description\":\"Experience the unprecedented freedom of travel\",\"publisher\":{\"@id\":\"https:\\\/\\\/www.petroni.hr\\\/en\\\/#organization\"},\"alternateName\":\"Petroni\",\"potentialAction\":[{\"@type\":\"SearchAction\",\"target\":{\"@type\":\"EntryPoint\",\"urlTemplate\":\"https:\\\/\\\/www.petroni.hr\\\/en\\\/?s={search_term_string}\"},\"query-input\":{\"@type\":\"PropertyValueSpecification\",\"valueRequired\":true,\"valueName\":\"search_term_string\"}}],\"inLanguage\":\"en-US\"},{\"@type\":\"Organization\",\"@id\":\"https:\\\/\\\/www.petroni.hr\\\/en\\\/#organization\",\"name\":\"Petroni d.o.o.\",\"alternateName\":\"Petroni\",\"url\":\"https:\\\/\\\/www.petroni.hr\\\/en\\\/\",\"logo\":{\"@type\":\"ImageObject\",\"inLanguage\":\"en-US\",\"@id\":\"https:\\\/\\\/www.petroni.hr\\\/en\\\/#\\\/schema\\\/logo\\\/image\\\/\",\"url\":\"https:\\\/\\\/www.petroni.hr\\\/wp-content\\\/uploads\\\/2024\\\/03\\\/cropped-Group-3.jpg\",\"contentUrl\":\"https:\\\/\\\/www.petroni.hr\\\/wp-content\\\/uploads\\\/2024\\\/03\\\/cropped-Group-3.jpg\",\"width\":512,\"height\":512,\"caption\":\"Petroni d.o.o.\"},\"image\":{\"@id\":\"https:\\\/\\\/www.petroni.hr\\\/en\\\/#\\\/schema\\\/logo\\\/image\\\/\"},\"sameAs\":[\"https:\\\/\\\/www.facebook.com\\\/Kamperi.Petroni.Sesvete\\\/?locale=hr_HR\"]}]}<\/script>\n<!-- \/ Yoast SEO plugin. -->","yoast_head_json":{"title":"Polica za odlaganje sredi\u0161nja FIAT Ducato 2006> | Petroni - rent | sale | service | conversions","robots":{"index":"index","follow":"follow","max-snippet":"max-snippet:-1","max-image-preview":"max-image-preview:large","max-video-preview":"max-video-preview:-1"},"canonical":"https:\/\/www.petroni.hr\/en\/proizvod\/polica-za-odlaganje-sredisnja-fiat-ducato-2006\/","og_locale":"en_US","og_type":"article","og_title":"Polica za odlaganje sredi\u0161nja FIAT Ducato 2006> | Petroni - rent | sale | service | conversions","og_description":"Polica s 2 dr\u017ea\u010da za \u010da\u0161e i mogu\u0107no\u0161\u0107u sigurnog postavljanja mobitela(a) ili tableta (mobitel se mo\u017ee staviti pod kutom za \u010ditanje navigacije). Iza njega nalazi se polica za dokumente ili druge sitnice te dodatni mali pretinac za olovke i sli\u010dno. Ima i otvor ako je potrebno za kabel za punjenje u pretincu za mobitel. S [&hellip;]","og_url":"https:\/\/www.petroni.hr\/en\/proizvod\/polica-za-odlaganje-sredisnja-fiat-ducato-2006\/","og_site_name":"Petroni - rent | sale | service | conversions","article_publisher":"https:\/\/www.facebook.com\/Kamperi.Petroni.Sesvete\/?locale=hr_HR","article_modified_time":"2025-08-23T13:21:25+00:00","og_image":[{"width":650,"height":488,"url":"https:\/\/www.petroni.hr\/wp-content\/uploads\/2024\/05\/462031_1-polica.jpg","type":"image\/jpeg"}],"twitter_card":"summary_large_image","twitter_misc":{"Est. reading time":"1 minute"},"schema":{"@context":"https:\/\/schema.org","@graph":[{"@type":"WebPage","@id":"https:\/\/www.petroni.hr\/en\/proizvod\/polica-za-odlaganje-sredisnja-fiat-ducato-2006\/","url":"https:\/\/www.petroni.hr\/en\/proizvod\/polica-za-odlaganje-sredisnja-fiat-ducato-2006\/","name":"Polica za odlaganje sredi\u0161nja FIAT Ducato 2006> | Petroni - rent | sale | service | conversions","isPartOf":{"@id":"https:\/\/www.petroni.hr\/en\/#website"},"primaryImageOfPage":{"@id":"https:\/\/www.petroni.hr\/en\/proizvod\/polica-za-odlaganje-sredisnja-fiat-ducato-2006\/#primaryimage"},"image":{"@id":"https:\/\/www.petroni.hr\/en\/proizvod\/polica-za-odlaganje-sredisnja-fiat-ducato-2006\/#primaryimage"},"thumbnailUrl":"https:\/\/www.petroni.hr\/wp-content\/uploads\/2024\/05\/462031_1-polica.jpg","datePublished":"2024-05-26T15:42:04+00:00","dateModified":"2025-08-23T13:21:25+00:00","breadcrumb":{"@id":"https:\/\/www.petroni.hr\/en\/proizvod\/polica-za-odlaganje-sredisnja-fiat-ducato-2006\/#breadcrumb"},"inLanguage":"en-US","potentialAction":[{"@type":"ReadAction","target":["https:\/\/www.petroni.hr\/en\/proizvod\/polica-za-odlaganje-sredisnja-fiat-ducato-2006\/"]}]},{"@type":"ImageObject","inLanguage":"en-US","@id":"https:\/\/www.petroni.hr\/en\/proizvod\/polica-za-odlaganje-sredisnja-fiat-ducato-2006\/#primaryimage","url":"https:\/\/www.petroni.hr\/wp-content\/uploads\/2024\/05\/462031_1-polica.jpg","contentUrl":"https:\/\/www.petroni.hr\/wp-content\/uploads\/2024\/05\/462031_1-polica.jpg","width":650,"height":488},{"@type":"BreadcrumbList","@id":"https:\/\/www.petroni.hr\/en\/proizvod\/polica-za-odlaganje-sredisnja-fiat-ducato-2006\/#breadcrumb","itemListElement":[{"@type":"ListItem","position":1,"name":"Po\u010detna stranica","item":"https:\/\/www.petroni.hr\/en\/"},{"@type":"ListItem","position":2,"name":"Shop","item":"https:\/\/www.petroni.hr\/en\/shop\/"},{"@type":"ListItem","position":3,"name":"Polica za odlaganje sredi\u0161nja FIAT Ducato 2006>"}]},{"@type":"WebSite","@id":"https:\/\/www.petroni.hr\/en\/#website","url":"https:\/\/www.petroni.hr\/en\/","name":"Petroni.hr","description":"Experience the unprecedented freedom of travel","publisher":{"@id":"https:\/\/www.petroni.hr\/en\/#organization"},"alternateName":"Petroni","potentialAction":[{"@type":"SearchAction","target":{"@type":"EntryPoint","urlTemplate":"https:\/\/www.petroni.hr\/en\/?s={search_term_string}"},"query-input":{"@type":"PropertyValueSpecification","valueRequired":true,"valueName":"search_term_string"}}],"inLanguage":"en-US"},{"@type":"Organization","@id":"https:\/\/www.petroni.hr\/en\/#organization","name":"Petroni d.o.o.","alternateName":"Petroni","url":"https:\/\/www.petroni.hr\/en\/","logo":{"@type":"ImageObject","inLanguage":"en-US","@id":"https:\/\/www.petroni.hr\/en\/#\/schema\/logo\/image\/","url":"https:\/\/www.petroni.hr\/wp-content\/uploads\/2024\/03\/cropped-Group-3.jpg","contentUrl":"https:\/\/www.petroni.hr\/wp-content\/uploads\/2024\/03\/cropped-Group-3.jpg","width":512,"height":512,"caption":"Petroni d.o.o."},"image":{"@id":"https:\/\/www.petroni.hr\/en\/#\/schema\/logo\/image\/"},"sameAs":["https:\/\/www.facebook.com\/Kamperi.Petroni.Sesvete\/?locale=hr_HR"]}]}},"_links":{"self":[{"href":"https:\/\/www.petroni.hr\/en\/wp-json\/wp\/v2\/product\/21491","targetHints":{"allow":["GET"]}}],"collection":[{"href":"https:\/\/www.petroni.hr\/en\/wp-json\/wp\/v2\/product"}],"about":[{"href":"https:\/\/www.petroni.hr\/en\/wp-json\/wp\/v2\/types\/product"}],"replies":[{"embeddable":true,"href":"https:\/\/www.petroni.hr\/en\/wp-json\/wp\/v2\/comments?post=21491"}],"wp:featuredmedia":[{"embeddable":true,"href":"https:\/\/www.petroni.hr\/en\/wp-json\/wp\/v2\/media\/21494"}],"wp:attachment":[{"href":"https:\/\/www.petroni.hr\/en\/wp-json\/wp\/v2\/media?parent=21491"}],"wp:term":[{"taxonomy":"product_brand","embeddable":true,"href":"https:\/\/www.petroni.hr\/en\/wp-json\/wp\/v2\/product_brand?post=21491"},{"taxonomy":"product_cat","embeddable":true,"href":"https:\/\/www.petroni.hr\/en\/wp-json\/wp\/v2\/product_cat?post=21491"},{"taxonomy":"product_tag","embeddable":true,"href":"https:\/\/www.petroni.hr\/en\/wp-json\/wp\/v2\/product_tag?post=21491"}],"curies":[{"name":"wp","href":"https:\/\/api.w.org\/{rel}","templated":true}]}}