{"id":21479,"date":"2024-05-26T16:28:59","date_gmt":"2024-05-26T15:28:59","guid":{"rendered":"https:\/\/www.petroni.hr\/?post_type=product&#038;p=21479"},"modified":"2026-01-31T17:04:42","modified_gmt":"2026-01-31T16:04:42","slug":"kamera-za-voznju-unatrag-lippert-furrion-vision-s-monitor-7","status":"publish","type":"product","link":"https:\/\/www.petroni.hr\/en\/proizvod\/kamera-za-voznju-unatrag-lippert-furrion-vision-s-monitor-7\/","title":{"rendered":"Kamera za vo\u017enju unatrag Lippert Furrion Vision S monitor 7&#8243;"},"content":{"rendered":"<p>Odli\u010dno rje\u0161enje za kamp prikolice i kampere<\/p>\n<p>Prikaz do \u010detiri kamere<br \/>\n2.4Ghz digitalna veza<br \/>\nDomet do 150m<br \/>\nNa\u010din no\u0107nog vida i detekcija pokreta<br \/>\nUklju\u010duje 2 bo\u010dne kamere<\/p>\n<p>Na monitoru Lippert Vision S mogu se istovremeno prikazati do \u010detiri kamere.<\/p>\n<p>Kamera be\u017ei\u010dno prenosi do 150 m putem digitalne veze od 2,4 GHz. Na\u010din no\u0107nog vida podr\u017eava vas u situacijama lo\u0161eg osvjetljenja parkiranja.<\/p>\n<p>Stra\u017enja kamera ima detekciju pokreta i nudi dodatnu sigurnost prilikom parkiranja. Antirefleksni zaslon osjetljiv na dodir od 7&#8243; mo\u017ee se lako \u010ditati iz bilo koje perspektive.<\/p>\n<p>Monitor od 7&#8243; mo\u017ee se jednostavno pri\u010dvrstiti na va\u0161e vjetrobransko staklo ili pomo\u0107u postolja.<\/p>\n<p>Opseg isporuke: Vision S 7&#8243; monitor, stra\u017enja kamera, 2x bo\u010dne kamere, stolni stalak i dr\u017ea\u010d za vjetrobransko staklo<\/p>\n<p>Rezolucija (piksela): 720&#215;480-480 px<br \/>\nNapon u V: 8-30-30V<\/p>\n<p>&nbsp;<\/p>\n","protected":false},"excerpt":{"rendered":"<p>Odli\u010dno rje\u0161enje za kamp prikolice i kampere Prikaz do \u010detiri kamere 2.4Ghz digitalna veza Domet do 150m Na\u010din no\u0107nog vida i detekcija pokreta Uklju\u010duje 2 bo\u010dne kamere Na monitoru Lippert Vision S mogu se istovremeno prikazati do \u010detiri kamere. Kamera be\u017ei\u010dno prenosi do 150 m putem digitalne veze od 2,4 GHz. Na\u010din no\u0107nog vida podr\u017eava [&hellip;]<\/p>\n","protected":false},"featured_media":21480,"comment_status":"open","ping_status":"closed","template":"","meta":{"_acf_changed":false,"_themeisle_gutenberg_block_has_review":false},"product_brand":[],"product_cat":[369,210,215],"product_tag":[],"class_list":{"0":"post-21479","1":"product","2":"type-product","3":"status-publish","4":"has-post-thumbnail","6":"product_cat-kamere-za-voznju-unatrag","7":"product_cat-caravan-tehnology","8":"product_cat-multimedia-2","10":"first","11":"outofstock","12":"shipping-taxable","13":"purchasable","14":"product-type-simple"},"acf":[],"yoast_head":"<!-- This site is optimized with the Yoast SEO plugin v27.4 - https:\/\/yoast.com\/product\/yoast-seo-wordpress\/ -->\n<title>Kamera za vo\u017enju unatrag Lippert Furrion Vision S monitor 7&quot; | Petroni - rent | sale | service | conversions<\/title>\n<meta name=\"robots\" content=\"index, follow, max-snippet:-1, max-image-preview:large, max-video-preview:-1\" \/>\n<link rel=\"canonical\" href=\"https:\/\/www.petroni.hr\/en\/proizvod\/kamera-za-voznju-unatrag-lippert-furrion-vision-s-monitor-7\/\" \/>\n<meta property=\"og:locale\" content=\"en_US\" \/>\n<meta property=\"og:type\" content=\"article\" \/>\n<meta property=\"og:title\" content=\"Kamera za vo\u017enju unatrag Lippert Furrion Vision S monitor 7&quot; | Petroni - rent | sale | service | conversions\" \/>\n<meta property=\"og:description\" content=\"Odli\u010dno rje\u0161enje za kamp prikolice i kampere Prikaz do \u010detiri kamere 2.4Ghz digitalna veza Domet do 150m Na\u010din no\u0107nog vida i detekcija pokreta Uklju\u010duje 2 bo\u010dne kamere Na monitoru Lippert Vision S mogu se istovremeno prikazati do \u010detiri kamere. Kamera be\u017ei\u010dno prenosi do 150 m putem digitalne veze od 2,4 GHz. Na\u010din no\u0107nog vida podr\u017eava [&hellip;]\" \/>\n<meta property=\"og:url\" content=\"https:\/\/www.petroni.hr\/en\/proizvod\/kamera-za-voznju-unatrag-lippert-furrion-vision-s-monitor-7\/\" \/>\n<meta property=\"og:site_name\" content=\"Petroni - rent | sale | service | conversions\" \/>\n<meta property=\"article:publisher\" content=\"https:\/\/www.facebook.com\/Kamperi.Petroni.Sesvete\/?locale=hr_HR\" \/>\n<meta property=\"article:modified_time\" content=\"2026-01-31T16:04:42+00:00\" \/>\n<meta property=\"og:image\" content=\"https:\/\/www.petroni.hr\/wp-content\/uploads\/2024\/05\/47823_47824_1-kamera-za-voznju-unatrag.jpg\" \/>\n\t<meta property=\"og:image:width\" content=\"500\" \/>\n\t<meta property=\"og:image:height\" content=\"363\" \/>\n\t<meta property=\"og:image:type\" content=\"image\/jpeg\" \/>\n<meta name=\"twitter:card\" content=\"summary_large_image\" \/>\n<meta name=\"twitter:label1\" content=\"Est. reading time\" \/>\n\t<meta name=\"twitter:data1\" content=\"1 minute\" \/>\n<script type=\"application\/ld+json\" class=\"yoast-schema-graph\">{\"@context\":\"https:\\\/\\\/schema.org\",\"@graph\":[{\"@type\":\"WebPage\",\"@id\":\"https:\\\/\\\/www.petroni.hr\\\/en\\\/proizvod\\\/kamera-za-voznju-unatrag-lippert-furrion-vision-s-monitor-7\\\/\",\"url\":\"https:\\\/\\\/www.petroni.hr\\\/en\\\/proizvod\\\/kamera-za-voznju-unatrag-lippert-furrion-vision-s-monitor-7\\\/\",\"name\":\"Kamera za vo\u017enju unatrag Lippert Furrion Vision S monitor 7\\\" | Petroni - rent | sale | service | conversions\",\"isPartOf\":{\"@id\":\"https:\\\/\\\/www.petroni.hr\\\/en\\\/#website\"},\"primaryImageOfPage\":{\"@id\":\"https:\\\/\\\/www.petroni.hr\\\/en\\\/proizvod\\\/kamera-za-voznju-unatrag-lippert-furrion-vision-s-monitor-7\\\/#primaryimage\"},\"image\":{\"@id\":\"https:\\\/\\\/www.petroni.hr\\\/en\\\/proizvod\\\/kamera-za-voznju-unatrag-lippert-furrion-vision-s-monitor-7\\\/#primaryimage\"},\"thumbnailUrl\":\"https:\\\/\\\/www.petroni.hr\\\/wp-content\\\/uploads\\\/2024\\\/05\\\/47823_47824_1-kamera-za-voznju-unatrag.jpg\",\"datePublished\":\"2024-05-26T15:28:59+00:00\",\"dateModified\":\"2026-01-31T16:04:42+00:00\",\"breadcrumb\":{\"@id\":\"https:\\\/\\\/www.petroni.hr\\\/en\\\/proizvod\\\/kamera-za-voznju-unatrag-lippert-furrion-vision-s-monitor-7\\\/#breadcrumb\"},\"inLanguage\":\"en-US\",\"potentialAction\":[{\"@type\":\"ReadAction\",\"target\":[\"https:\\\/\\\/www.petroni.hr\\\/en\\\/proizvod\\\/kamera-za-voznju-unatrag-lippert-furrion-vision-s-monitor-7\\\/\"]}]},{\"@type\":\"ImageObject\",\"inLanguage\":\"en-US\",\"@id\":\"https:\\\/\\\/www.petroni.hr\\\/en\\\/proizvod\\\/kamera-za-voznju-unatrag-lippert-furrion-vision-s-monitor-7\\\/#primaryimage\",\"url\":\"https:\\\/\\\/www.petroni.hr\\\/wp-content\\\/uploads\\\/2024\\\/05\\\/47823_47824_1-kamera-za-voznju-unatrag.jpg\",\"contentUrl\":\"https:\\\/\\\/www.petroni.hr\\\/wp-content\\\/uploads\\\/2024\\\/05\\\/47823_47824_1-kamera-za-voznju-unatrag.jpg\",\"width\":500,\"height\":363},{\"@type\":\"BreadcrumbList\",\"@id\":\"https:\\\/\\\/www.petroni.hr\\\/en\\\/proizvod\\\/kamera-za-voznju-unatrag-lippert-furrion-vision-s-monitor-7\\\/#breadcrumb\",\"itemListElement\":[{\"@type\":\"ListItem\",\"position\":1,\"name\":\"Po\u010detna stranica\",\"item\":\"https:\\\/\\\/www.petroni.hr\\\/en\\\/\"},{\"@type\":\"ListItem\",\"position\":2,\"name\":\"Shop\",\"item\":\"https:\\\/\\\/www.petroni.hr\\\/en\\\/shop\\\/\"},{\"@type\":\"ListItem\",\"position\":3,\"name\":\"Kamera za vo\u017enju unatrag Lippert Furrion Vision S monitor 7&#8243;\"}]},{\"@type\":\"WebSite\",\"@id\":\"https:\\\/\\\/www.petroni.hr\\\/en\\\/#website\",\"url\":\"https:\\\/\\\/www.petroni.hr\\\/en\\\/\",\"name\":\"Petroni.hr\",\"description\":\"Experience the unprecedented freedom of travel\",\"publisher\":{\"@id\":\"https:\\\/\\\/www.petroni.hr\\\/en\\\/#organization\"},\"alternateName\":\"Petroni\",\"potentialAction\":[{\"@type\":\"SearchAction\",\"target\":{\"@type\":\"EntryPoint\",\"urlTemplate\":\"https:\\\/\\\/www.petroni.hr\\\/en\\\/?s={search_term_string}\"},\"query-input\":{\"@type\":\"PropertyValueSpecification\",\"valueRequired\":true,\"valueName\":\"search_term_string\"}}],\"inLanguage\":\"en-US\"},{\"@type\":\"Organization\",\"@id\":\"https:\\\/\\\/www.petroni.hr\\\/en\\\/#organization\",\"name\":\"Petroni d.o.o.\",\"alternateName\":\"Petroni\",\"url\":\"https:\\\/\\\/www.petroni.hr\\\/en\\\/\",\"logo\":{\"@type\":\"ImageObject\",\"inLanguage\":\"en-US\",\"@id\":\"https:\\\/\\\/www.petroni.hr\\\/en\\\/#\\\/schema\\\/logo\\\/image\\\/\",\"url\":\"https:\\\/\\\/www.petroni.hr\\\/wp-content\\\/uploads\\\/2024\\\/03\\\/cropped-Group-3.jpg\",\"contentUrl\":\"https:\\\/\\\/www.petroni.hr\\\/wp-content\\\/uploads\\\/2024\\\/03\\\/cropped-Group-3.jpg\",\"width\":512,\"height\":512,\"caption\":\"Petroni d.o.o.\"},\"image\":{\"@id\":\"https:\\\/\\\/www.petroni.hr\\\/en\\\/#\\\/schema\\\/logo\\\/image\\\/\"},\"sameAs\":[\"https:\\\/\\\/www.facebook.com\\\/Kamperi.Petroni.Sesvete\\\/?locale=hr_HR\"]}]}<\/script>\n<!-- \/ Yoast SEO plugin. -->","yoast_head_json":{"title":"Kamera za vo\u017enju unatrag Lippert Furrion Vision S monitor 7\" | Petroni - rent | sale | service | conversions","robots":{"index":"index","follow":"follow","max-snippet":"max-snippet:-1","max-image-preview":"max-image-preview:large","max-video-preview":"max-video-preview:-1"},"canonical":"https:\/\/www.petroni.hr\/en\/proizvod\/kamera-za-voznju-unatrag-lippert-furrion-vision-s-monitor-7\/","og_locale":"en_US","og_type":"article","og_title":"Kamera za vo\u017enju unatrag Lippert Furrion Vision S monitor 7\" | Petroni - rent | sale | service | conversions","og_description":"Odli\u010dno rje\u0161enje za kamp prikolice i kampere Prikaz do \u010detiri kamere 2.4Ghz digitalna veza Domet do 150m Na\u010din no\u0107nog vida i detekcija pokreta Uklju\u010duje 2 bo\u010dne kamere Na monitoru Lippert Vision S mogu se istovremeno prikazati do \u010detiri kamere. Kamera be\u017ei\u010dno prenosi do 150 m putem digitalne veze od 2,4 GHz. Na\u010din no\u0107nog vida podr\u017eava [&hellip;]","og_url":"https:\/\/www.petroni.hr\/en\/proizvod\/kamera-za-voznju-unatrag-lippert-furrion-vision-s-monitor-7\/","og_site_name":"Petroni - rent | sale | service | conversions","article_publisher":"https:\/\/www.facebook.com\/Kamperi.Petroni.Sesvete\/?locale=hr_HR","article_modified_time":"2026-01-31T16:04:42+00:00","og_image":[{"width":500,"height":363,"url":"https:\/\/www.petroni.hr\/wp-content\/uploads\/2024\/05\/47823_47824_1-kamera-za-voznju-unatrag.jpg","type":"image\/jpeg"}],"twitter_card":"summary_large_image","twitter_misc":{"Est. reading time":"1 minute"},"schema":{"@context":"https:\/\/schema.org","@graph":[{"@type":"WebPage","@id":"https:\/\/www.petroni.hr\/en\/proizvod\/kamera-za-voznju-unatrag-lippert-furrion-vision-s-monitor-7\/","url":"https:\/\/www.petroni.hr\/en\/proizvod\/kamera-za-voznju-unatrag-lippert-furrion-vision-s-monitor-7\/","name":"Kamera za vo\u017enju unatrag Lippert Furrion Vision S monitor 7\" | Petroni - rent | sale | service | conversions","isPartOf":{"@id":"https:\/\/www.petroni.hr\/en\/#website"},"primaryImageOfPage":{"@id":"https:\/\/www.petroni.hr\/en\/proizvod\/kamera-za-voznju-unatrag-lippert-furrion-vision-s-monitor-7\/#primaryimage"},"image":{"@id":"https:\/\/www.petroni.hr\/en\/proizvod\/kamera-za-voznju-unatrag-lippert-furrion-vision-s-monitor-7\/#primaryimage"},"thumbnailUrl":"https:\/\/www.petroni.hr\/wp-content\/uploads\/2024\/05\/47823_47824_1-kamera-za-voznju-unatrag.jpg","datePublished":"2024-05-26T15:28:59+00:00","dateModified":"2026-01-31T16:04:42+00:00","breadcrumb":{"@id":"https:\/\/www.petroni.hr\/en\/proizvod\/kamera-za-voznju-unatrag-lippert-furrion-vision-s-monitor-7\/#breadcrumb"},"inLanguage":"en-US","potentialAction":[{"@type":"ReadAction","target":["https:\/\/www.petroni.hr\/en\/proizvod\/kamera-za-voznju-unatrag-lippert-furrion-vision-s-monitor-7\/"]}]},{"@type":"ImageObject","inLanguage":"en-US","@id":"https:\/\/www.petroni.hr\/en\/proizvod\/kamera-za-voznju-unatrag-lippert-furrion-vision-s-monitor-7\/#primaryimage","url":"https:\/\/www.petroni.hr\/wp-content\/uploads\/2024\/05\/47823_47824_1-kamera-za-voznju-unatrag.jpg","contentUrl":"https:\/\/www.petroni.hr\/wp-content\/uploads\/2024\/05\/47823_47824_1-kamera-za-voznju-unatrag.jpg","width":500,"height":363},{"@type":"BreadcrumbList","@id":"https:\/\/www.petroni.hr\/en\/proizvod\/kamera-za-voznju-unatrag-lippert-furrion-vision-s-monitor-7\/#breadcrumb","itemListElement":[{"@type":"ListItem","position":1,"name":"Po\u010detna stranica","item":"https:\/\/www.petroni.hr\/en\/"},{"@type":"ListItem","position":2,"name":"Shop","item":"https:\/\/www.petroni.hr\/en\/shop\/"},{"@type":"ListItem","position":3,"name":"Kamera za vo\u017enju unatrag Lippert Furrion Vision S monitor 7&#8243;"}]},{"@type":"WebSite","@id":"https:\/\/www.petroni.hr\/en\/#website","url":"https:\/\/www.petroni.hr\/en\/","name":"Petroni.hr","description":"Experience the unprecedented freedom of travel","publisher":{"@id":"https:\/\/www.petroni.hr\/en\/#organization"},"alternateName":"Petroni","potentialAction":[{"@type":"SearchAction","target":{"@type":"EntryPoint","urlTemplate":"https:\/\/www.petroni.hr\/en\/?s={search_term_string}"},"query-input":{"@type":"PropertyValueSpecification","valueRequired":true,"valueName":"search_term_string"}}],"inLanguage":"en-US"},{"@type":"Organization","@id":"https:\/\/www.petroni.hr\/en\/#organization","name":"Petroni d.o.o.","alternateName":"Petroni","url":"https:\/\/www.petroni.hr\/en\/","logo":{"@type":"ImageObject","inLanguage":"en-US","@id":"https:\/\/www.petroni.hr\/en\/#\/schema\/logo\/image\/","url":"https:\/\/www.petroni.hr\/wp-content\/uploads\/2024\/03\/cropped-Group-3.jpg","contentUrl":"https:\/\/www.petroni.hr\/wp-content\/uploads\/2024\/03\/cropped-Group-3.jpg","width":512,"height":512,"caption":"Petroni d.o.o."},"image":{"@id":"https:\/\/www.petroni.hr\/en\/#\/schema\/logo\/image\/"},"sameAs":["https:\/\/www.facebook.com\/Kamperi.Petroni.Sesvete\/?locale=hr_HR"]}]}},"_links":{"self":[{"href":"https:\/\/www.petroni.hr\/en\/wp-json\/wp\/v2\/product\/21479","targetHints":{"allow":["GET"]}}],"collection":[{"href":"https:\/\/www.petroni.hr\/en\/wp-json\/wp\/v2\/product"}],"about":[{"href":"https:\/\/www.petroni.hr\/en\/wp-json\/wp\/v2\/types\/product"}],"replies":[{"embeddable":true,"href":"https:\/\/www.petroni.hr\/en\/wp-json\/wp\/v2\/comments?post=21479"}],"wp:featuredmedia":[{"embeddable":true,"href":"https:\/\/www.petroni.hr\/en\/wp-json\/wp\/v2\/media\/21480"}],"wp:attachment":[{"href":"https:\/\/www.petroni.hr\/en\/wp-json\/wp\/v2\/media?parent=21479"}],"wp:term":[{"taxonomy":"product_brand","embeddable":true,"href":"https:\/\/www.petroni.hr\/en\/wp-json\/wp\/v2\/product_brand?post=21479"},{"taxonomy":"product_cat","embeddable":true,"href":"https:\/\/www.petroni.hr\/en\/wp-json\/wp\/v2\/product_cat?post=21479"},{"taxonomy":"product_tag","embeddable":true,"href":"https:\/\/www.petroni.hr\/en\/wp-json\/wp\/v2\/product_tag?post=21479"}],"curies":[{"name":"wp","href":"https:\/\/api.w.org\/{rel}","templated":true}]}}