{"id":21433,"date":"2024-05-17T06:09:52","date_gmt":"2024-05-17T05:09:52","guid":{"rendered":"https:\/\/www.petroni.hr\/?post_type=product&#038;p=21433"},"modified":"2025-02-10T15:57:22","modified_gmt":"2025-02-10T14:57:22","slug":"sina-za-nosac-za-bicikla-fiamma-rail-premium-128cm","status":"publish","type":"product","link":"https:\/\/www.petroni.hr\/en\/proizvod\/sina-za-nosac-za-bicikla-fiamma-rail-premium-128cm\/","title":{"rendered":"\u0160ina za nosa\u010d za bicikla Fiamma Rail Premium 128cm"},"content":{"rendered":"<p>Dodatna \u0161ina s oja\u010danom strukturom.<\/p>\n<p>Kota\u010di se u\u010dvr\u0161\u0107uju brzo i jednostavno pomo\u0107u blokova za zaklju\u010davanje i pri\u010dvr\u0161\u0107enih brzih traka. I<\/p>\n<p>Idealan za monta\u017eu na pod gara\u017ee kampera. Jednostavan za kori\u0161tenje bez ru\u010dnog kota\u010di\u0107a za pode\u0161avanje i pri\u010dvr\u0161\u0107ivanje. Sve \u0161to trebate u\u010diniti je gurnuti potporu uz gumu bicikla i zategnuti remen. Zajedno s gumenim nosa\u010dem, bicikl je sigurno fiksiran na \u0161inu.<\/p>\n","protected":false},"excerpt":{"rendered":"<p>Dodatna \u0161ina s oja\u010danom strukturom. Kota\u010di se u\u010dvr\u0161\u0107uju brzo i jednostavno pomo\u0107u blokova za zaklju\u010davanje i pri\u010dvr\u0161\u0107enih brzih traka. I Idealan za monta\u017eu na pod gara\u017ee kampera. Jednostavan za kori\u0161tenje bez ru\u010dnog kota\u010di\u0107a za pode\u0161avanje i pri\u010dvr\u0161\u0107ivanje. Sve \u0161to trebate u\u010diniti je gurnuti potporu uz gumu bicikla i zategnuti remen. Zajedno s gumenim nosa\u010dem, bicikl [&hellip;]<\/p>\n","protected":false},"featured_media":21434,"comment_status":"open","ping_status":"closed","template":"","meta":{"_acf_changed":false,"_themeisle_gutenberg_block_has_review":false},"product_brand":[],"product_cat":[245],"product_tag":[],"class_list":{"0":"post-21433","1":"product","2":"type-product","3":"status-publish","4":"has-post-thumbnail","6":"product_cat-nosaci-za-bicikle-motorhome-tehnology","8":"first","9":"outofstock","10":"shipping-taxable","11":"purchasable","12":"product-type-simple"},"acf":[],"yoast_head":"<!-- This site is optimized with the Yoast SEO plugin v27.4 - https:\/\/yoast.com\/product\/yoast-seo-wordpress\/ -->\n<title>\u0160ina za nosa\u010d za bicikla Fiamma Rail Premium 128cm | Petroni - rent | sale | service | conversions<\/title>\n<meta name=\"robots\" content=\"index, follow, max-snippet:-1, max-image-preview:large, max-video-preview:-1\" \/>\n<link rel=\"canonical\" href=\"https:\/\/www.petroni.hr\/en\/proizvod\/sina-za-nosac-za-bicikla-fiamma-rail-premium-128cm\/\" \/>\n<meta property=\"og:locale\" content=\"en_US\" \/>\n<meta property=\"og:type\" content=\"article\" \/>\n<meta property=\"og:title\" content=\"\u0160ina za nosa\u010d za bicikla Fiamma Rail Premium 128cm | Petroni - rent | sale | service | conversions\" \/>\n<meta property=\"og:description\" content=\"Dodatna \u0161ina s oja\u010danom strukturom. Kota\u010di se u\u010dvr\u0161\u0107uju brzo i jednostavno pomo\u0107u blokova za zaklju\u010davanje i pri\u010dvr\u0161\u0107enih brzih traka. I Idealan za monta\u017eu na pod gara\u017ee kampera. Jednostavan za kori\u0161tenje bez ru\u010dnog kota\u010di\u0107a za pode\u0161avanje i pri\u010dvr\u0161\u0107ivanje. Sve \u0161to trebate u\u010diniti je gurnuti potporu uz gumu bicikla i zategnuti remen. Zajedno s gumenim nosa\u010dem, bicikl [&hellip;]\" \/>\n<meta property=\"og:url\" content=\"https:\/\/www.petroni.hr\/en\/proizvod\/sina-za-nosac-za-bicikla-fiamma-rail-premium-128cm\/\" \/>\n<meta property=\"og:site_name\" content=\"Petroni - rent | sale | service | conversions\" \/>\n<meta property=\"article:publisher\" content=\"https:\/\/www.facebook.com\/Kamperi.Petroni.Sesvete\/?locale=hr_HR\" \/>\n<meta property=\"article:modified_time\" content=\"2025-02-10T14:57:22+00:00\" \/>\n<meta property=\"og:image\" content=\"https:\/\/www.petroni.hr\/wp-content\/uploads\/2024\/05\/442141-sina-za-bicikl.jpg\" \/>\n\t<meta property=\"og:image:width\" content=\"800\" \/>\n\t<meta property=\"og:image:height\" content=\"293\" \/>\n\t<meta property=\"og:image:type\" content=\"image\/jpeg\" \/>\n<meta name=\"twitter:card\" content=\"summary_large_image\" \/>\n<meta name=\"twitter:label1\" content=\"Est. reading time\" \/>\n\t<meta name=\"twitter:data1\" content=\"1 minute\" \/>\n<script type=\"application\/ld+json\" class=\"yoast-schema-graph\">{\"@context\":\"https:\\\/\\\/schema.org\",\"@graph\":[{\"@type\":\"WebPage\",\"@id\":\"https:\\\/\\\/www.petroni.hr\\\/en\\\/proizvod\\\/sina-za-nosac-za-bicikla-fiamma-rail-premium-128cm\\\/\",\"url\":\"https:\\\/\\\/www.petroni.hr\\\/en\\\/proizvod\\\/sina-za-nosac-za-bicikla-fiamma-rail-premium-128cm\\\/\",\"name\":\"\u0160ina za nosa\u010d za bicikla Fiamma Rail Premium 128cm | Petroni - rent | sale | service | conversions\",\"isPartOf\":{\"@id\":\"https:\\\/\\\/www.petroni.hr\\\/en\\\/#website\"},\"primaryImageOfPage\":{\"@id\":\"https:\\\/\\\/www.petroni.hr\\\/en\\\/proizvod\\\/sina-za-nosac-za-bicikla-fiamma-rail-premium-128cm\\\/#primaryimage\"},\"image\":{\"@id\":\"https:\\\/\\\/www.petroni.hr\\\/en\\\/proizvod\\\/sina-za-nosac-za-bicikla-fiamma-rail-premium-128cm\\\/#primaryimage\"},\"thumbnailUrl\":\"https:\\\/\\\/www.petroni.hr\\\/wp-content\\\/uploads\\\/2024\\\/05\\\/442141-sina-za-bicikl.jpg\",\"datePublished\":\"2024-05-17T05:09:52+00:00\",\"dateModified\":\"2025-02-10T14:57:22+00:00\",\"breadcrumb\":{\"@id\":\"https:\\\/\\\/www.petroni.hr\\\/en\\\/proizvod\\\/sina-za-nosac-za-bicikla-fiamma-rail-premium-128cm\\\/#breadcrumb\"},\"inLanguage\":\"en-US\",\"potentialAction\":[{\"@type\":\"ReadAction\",\"target\":[\"https:\\\/\\\/www.petroni.hr\\\/en\\\/proizvod\\\/sina-za-nosac-za-bicikla-fiamma-rail-premium-128cm\\\/\"]}]},{\"@type\":\"ImageObject\",\"inLanguage\":\"en-US\",\"@id\":\"https:\\\/\\\/www.petroni.hr\\\/en\\\/proizvod\\\/sina-za-nosac-za-bicikla-fiamma-rail-premium-128cm\\\/#primaryimage\",\"url\":\"https:\\\/\\\/www.petroni.hr\\\/wp-content\\\/uploads\\\/2024\\\/05\\\/442141-sina-za-bicikl.jpg\",\"contentUrl\":\"https:\\\/\\\/www.petroni.hr\\\/wp-content\\\/uploads\\\/2024\\\/05\\\/442141-sina-za-bicikl.jpg\",\"width\":800,\"height\":293},{\"@type\":\"BreadcrumbList\",\"@id\":\"https:\\\/\\\/www.petroni.hr\\\/en\\\/proizvod\\\/sina-za-nosac-za-bicikla-fiamma-rail-premium-128cm\\\/#breadcrumb\",\"itemListElement\":[{\"@type\":\"ListItem\",\"position\":1,\"name\":\"Po\u010detna stranica\",\"item\":\"https:\\\/\\\/www.petroni.hr\\\/en\\\/\"},{\"@type\":\"ListItem\",\"position\":2,\"name\":\"Shop\",\"item\":\"https:\\\/\\\/www.petroni.hr\\\/en\\\/shop\\\/\"},{\"@type\":\"ListItem\",\"position\":3,\"name\":\"\u0160ina za nosa\u010d za bicikla Fiamma Rail Premium 128cm\"}]},{\"@type\":\"WebSite\",\"@id\":\"https:\\\/\\\/www.petroni.hr\\\/en\\\/#website\",\"url\":\"https:\\\/\\\/www.petroni.hr\\\/en\\\/\",\"name\":\"Petroni.hr\",\"description\":\"Experience the unprecedented freedom of travel\",\"publisher\":{\"@id\":\"https:\\\/\\\/www.petroni.hr\\\/en\\\/#organization\"},\"alternateName\":\"Petroni\",\"potentialAction\":[{\"@type\":\"SearchAction\",\"target\":{\"@type\":\"EntryPoint\",\"urlTemplate\":\"https:\\\/\\\/www.petroni.hr\\\/en\\\/?s={search_term_string}\"},\"query-input\":{\"@type\":\"PropertyValueSpecification\",\"valueRequired\":true,\"valueName\":\"search_term_string\"}}],\"inLanguage\":\"en-US\"},{\"@type\":\"Organization\",\"@id\":\"https:\\\/\\\/www.petroni.hr\\\/en\\\/#organization\",\"name\":\"Petroni d.o.o.\",\"alternateName\":\"Petroni\",\"url\":\"https:\\\/\\\/www.petroni.hr\\\/en\\\/\",\"logo\":{\"@type\":\"ImageObject\",\"inLanguage\":\"en-US\",\"@id\":\"https:\\\/\\\/www.petroni.hr\\\/en\\\/#\\\/schema\\\/logo\\\/image\\\/\",\"url\":\"https:\\\/\\\/www.petroni.hr\\\/wp-content\\\/uploads\\\/2024\\\/03\\\/cropped-Group-3.jpg\",\"contentUrl\":\"https:\\\/\\\/www.petroni.hr\\\/wp-content\\\/uploads\\\/2024\\\/03\\\/cropped-Group-3.jpg\",\"width\":512,\"height\":512,\"caption\":\"Petroni d.o.o.\"},\"image\":{\"@id\":\"https:\\\/\\\/www.petroni.hr\\\/en\\\/#\\\/schema\\\/logo\\\/image\\\/\"},\"sameAs\":[\"https:\\\/\\\/www.facebook.com\\\/Kamperi.Petroni.Sesvete\\\/?locale=hr_HR\"]}]}<\/script>\n<!-- \/ Yoast SEO plugin. -->","yoast_head_json":{"title":"\u0160ina za nosa\u010d za bicikla Fiamma Rail Premium 128cm | Petroni - rent | sale | service | conversions","robots":{"index":"index","follow":"follow","max-snippet":"max-snippet:-1","max-image-preview":"max-image-preview:large","max-video-preview":"max-video-preview:-1"},"canonical":"https:\/\/www.petroni.hr\/en\/proizvod\/sina-za-nosac-za-bicikla-fiamma-rail-premium-128cm\/","og_locale":"en_US","og_type":"article","og_title":"\u0160ina za nosa\u010d za bicikla Fiamma Rail Premium 128cm | Petroni - rent | sale | service | conversions","og_description":"Dodatna \u0161ina s oja\u010danom strukturom. Kota\u010di se u\u010dvr\u0161\u0107uju brzo i jednostavno pomo\u0107u blokova za zaklju\u010davanje i pri\u010dvr\u0161\u0107enih brzih traka. I Idealan za monta\u017eu na pod gara\u017ee kampera. Jednostavan za kori\u0161tenje bez ru\u010dnog kota\u010di\u0107a za pode\u0161avanje i pri\u010dvr\u0161\u0107ivanje. Sve \u0161to trebate u\u010diniti je gurnuti potporu uz gumu bicikla i zategnuti remen. Zajedno s gumenim nosa\u010dem, bicikl [&hellip;]","og_url":"https:\/\/www.petroni.hr\/en\/proizvod\/sina-za-nosac-za-bicikla-fiamma-rail-premium-128cm\/","og_site_name":"Petroni - rent | sale | service | conversions","article_publisher":"https:\/\/www.facebook.com\/Kamperi.Petroni.Sesvete\/?locale=hr_HR","article_modified_time":"2025-02-10T14:57:22+00:00","og_image":[{"width":800,"height":293,"url":"https:\/\/www.petroni.hr\/wp-content\/uploads\/2024\/05\/442141-sina-za-bicikl.jpg","type":"image\/jpeg"}],"twitter_card":"summary_large_image","twitter_misc":{"Est. reading time":"1 minute"},"schema":{"@context":"https:\/\/schema.org","@graph":[{"@type":"WebPage","@id":"https:\/\/www.petroni.hr\/en\/proizvod\/sina-za-nosac-za-bicikla-fiamma-rail-premium-128cm\/","url":"https:\/\/www.petroni.hr\/en\/proizvod\/sina-za-nosac-za-bicikla-fiamma-rail-premium-128cm\/","name":"\u0160ina za nosa\u010d za bicikla Fiamma Rail Premium 128cm | Petroni - rent | sale | service | conversions","isPartOf":{"@id":"https:\/\/www.petroni.hr\/en\/#website"},"primaryImageOfPage":{"@id":"https:\/\/www.petroni.hr\/en\/proizvod\/sina-za-nosac-za-bicikla-fiamma-rail-premium-128cm\/#primaryimage"},"image":{"@id":"https:\/\/www.petroni.hr\/en\/proizvod\/sina-za-nosac-za-bicikla-fiamma-rail-premium-128cm\/#primaryimage"},"thumbnailUrl":"https:\/\/www.petroni.hr\/wp-content\/uploads\/2024\/05\/442141-sina-za-bicikl.jpg","datePublished":"2024-05-17T05:09:52+00:00","dateModified":"2025-02-10T14:57:22+00:00","breadcrumb":{"@id":"https:\/\/www.petroni.hr\/en\/proizvod\/sina-za-nosac-za-bicikla-fiamma-rail-premium-128cm\/#breadcrumb"},"inLanguage":"en-US","potentialAction":[{"@type":"ReadAction","target":["https:\/\/www.petroni.hr\/en\/proizvod\/sina-za-nosac-za-bicikla-fiamma-rail-premium-128cm\/"]}]},{"@type":"ImageObject","inLanguage":"en-US","@id":"https:\/\/www.petroni.hr\/en\/proizvod\/sina-za-nosac-za-bicikla-fiamma-rail-premium-128cm\/#primaryimage","url":"https:\/\/www.petroni.hr\/wp-content\/uploads\/2024\/05\/442141-sina-za-bicikl.jpg","contentUrl":"https:\/\/www.petroni.hr\/wp-content\/uploads\/2024\/05\/442141-sina-za-bicikl.jpg","width":800,"height":293},{"@type":"BreadcrumbList","@id":"https:\/\/www.petroni.hr\/en\/proizvod\/sina-za-nosac-za-bicikla-fiamma-rail-premium-128cm\/#breadcrumb","itemListElement":[{"@type":"ListItem","position":1,"name":"Po\u010detna stranica","item":"https:\/\/www.petroni.hr\/en\/"},{"@type":"ListItem","position":2,"name":"Shop","item":"https:\/\/www.petroni.hr\/en\/shop\/"},{"@type":"ListItem","position":3,"name":"\u0160ina za nosa\u010d za bicikla Fiamma Rail Premium 128cm"}]},{"@type":"WebSite","@id":"https:\/\/www.petroni.hr\/en\/#website","url":"https:\/\/www.petroni.hr\/en\/","name":"Petroni.hr","description":"Experience the unprecedented freedom of travel","publisher":{"@id":"https:\/\/www.petroni.hr\/en\/#organization"},"alternateName":"Petroni","potentialAction":[{"@type":"SearchAction","target":{"@type":"EntryPoint","urlTemplate":"https:\/\/www.petroni.hr\/en\/?s={search_term_string}"},"query-input":{"@type":"PropertyValueSpecification","valueRequired":true,"valueName":"search_term_string"}}],"inLanguage":"en-US"},{"@type":"Organization","@id":"https:\/\/www.petroni.hr\/en\/#organization","name":"Petroni d.o.o.","alternateName":"Petroni","url":"https:\/\/www.petroni.hr\/en\/","logo":{"@type":"ImageObject","inLanguage":"en-US","@id":"https:\/\/www.petroni.hr\/en\/#\/schema\/logo\/image\/","url":"https:\/\/www.petroni.hr\/wp-content\/uploads\/2024\/03\/cropped-Group-3.jpg","contentUrl":"https:\/\/www.petroni.hr\/wp-content\/uploads\/2024\/03\/cropped-Group-3.jpg","width":512,"height":512,"caption":"Petroni d.o.o."},"image":{"@id":"https:\/\/www.petroni.hr\/en\/#\/schema\/logo\/image\/"},"sameAs":["https:\/\/www.facebook.com\/Kamperi.Petroni.Sesvete\/?locale=hr_HR"]}]}},"_links":{"self":[{"href":"https:\/\/www.petroni.hr\/en\/wp-json\/wp\/v2\/product\/21433","targetHints":{"allow":["GET"]}}],"collection":[{"href":"https:\/\/www.petroni.hr\/en\/wp-json\/wp\/v2\/product"}],"about":[{"href":"https:\/\/www.petroni.hr\/en\/wp-json\/wp\/v2\/types\/product"}],"replies":[{"embeddable":true,"href":"https:\/\/www.petroni.hr\/en\/wp-json\/wp\/v2\/comments?post=21433"}],"wp:featuredmedia":[{"embeddable":true,"href":"https:\/\/www.petroni.hr\/en\/wp-json\/wp\/v2\/media\/21434"}],"wp:attachment":[{"href":"https:\/\/www.petroni.hr\/en\/wp-json\/wp\/v2\/media?parent=21433"}],"wp:term":[{"taxonomy":"product_brand","embeddable":true,"href":"https:\/\/www.petroni.hr\/en\/wp-json\/wp\/v2\/product_brand?post=21433"},{"taxonomy":"product_cat","embeddable":true,"href":"https:\/\/www.petroni.hr\/en\/wp-json\/wp\/v2\/product_cat?post=21433"},{"taxonomy":"product_tag","embeddable":true,"href":"https:\/\/www.petroni.hr\/en\/wp-json\/wp\/v2\/product_tag?post=21433"}],"curies":[{"name":"wp","href":"https:\/\/api.w.org\/{rel}","templated":true}]}}