{"id":21392,"date":"2024-05-15T05:55:53","date_gmt":"2024-05-15T04:55:53","guid":{"rendered":"https:\/\/www.petroni.hr\/?post_type=product&#038;p=21392"},"modified":"2026-02-04T15:37:52","modified_gmt":"2026-02-04T14:37:52","slug":"pipa-mjesalica-top-hl-v-reich-contur","status":"publish","type":"product","link":"https:\/\/www.petroni.hr\/en\/proizvod\/pipa-mjesalica-top-hl-v-reich-contur\/","title":{"rendered":"Pipa-mje\u0161alica top\/hl. 12v Reich Contur"},"content":{"rendered":"<p>Mala te\u017eina. Jednoru\u010dna mje\u0161alica<\/p>\n<p>Umjesto mesinga koristi se visokokvalitetna plastika. \u010cvrsta upravlja\u010dka poluga i lagano plasti\u010dno tijelo okova idealno se nadopunjuju.<\/p>\n<p>Razina kvalitete ostaje nepromijenjena jer se, kao \u0161to je to uobi\u010dajeno kod mjedenih spojnica, koristi kerami\u010dki ulo\u017eak. Ako je potrebno, mo\u017ee se zamijeniti bez uklanjanja priklju\u010dka.<\/p>\n<p>Mno\u0161tvo razli\u010ditih tu\u0161eva na izvla\u010denje \u010dini ovu armaturu vizualno prilagodljivom gotovo svakom inventaru.<\/p>\n<p>Visina: 117 mm<br \/>\nDuljina: 61 mm<br \/>\nSpajanje: Uniquick<br \/>\nDu\u017eina crijeva: 60 cm<br \/>\nPreklopni kapacitet maks.: 5 A<br \/>\nTlak zatvaranja (bar): 6 bara<br \/>\nProvrt: \u00d8 33 mm<br \/>\nTe\u017eina: 260g<br \/>\nBoja: Krom<br \/>\nMaterijal: Plastika<\/p>\n","protected":false},"excerpt":{"rendered":"<p>Mala te\u017eina. Jednoru\u010dna mje\u0161alica Umjesto mesinga koristi se visokokvalitetna plastika. \u010cvrsta upravlja\u010dka poluga i lagano plasti\u010dno tijelo okova idealno se nadopunjuju. Razina kvalitete ostaje nepromijenjena jer se, kao \u0161to je to uobi\u010dajeno kod mjedenih spojnica, koristi kerami\u010dki ulo\u017eak. Ako je potrebno, mo\u017ee se zamijeniti bez uklanjanja priklju\u010dka. Mno\u0161tvo razli\u010ditih tu\u0161eva na izvla\u010denje \u010dini ovu armaturu [&hellip;]<\/p>\n","protected":false},"featured_media":21393,"comment_status":"open","ping_status":"closed","template":"","meta":{"_acf_changed":false,"_themeisle_gutenberg_block_has_review":false},"product_brand":[],"product_cat":[248],"product_tag":[],"class_list":{"0":"post-21392","1":"product","2":"type-product","3":"status-publish","4":"has-post-thumbnail","6":"product_cat-pipe-mjesalice","8":"first","9":"instock","10":"shipping-taxable","11":"purchasable","12":"product-type-simple"},"acf":[],"yoast_head":"<!-- This site is optimized with the Yoast SEO plugin v27.4 - https:\/\/yoast.com\/product\/yoast-seo-wordpress\/ -->\n<title>Pipa-mje\u0161alica top\/hl. 12v Reich Contur | Petroni - rent | sale | service | conversions<\/title>\n<meta name=\"robots\" content=\"index, follow, max-snippet:-1, max-image-preview:large, max-video-preview:-1\" \/>\n<link rel=\"canonical\" href=\"https:\/\/www.petroni.hr\/en\/proizvod\/pipa-mjesalica-top-hl-v-reich-contur\/\" \/>\n<meta property=\"og:locale\" content=\"en_US\" \/>\n<meta property=\"og:type\" content=\"article\" \/>\n<meta property=\"og:title\" content=\"Pipa-mje\u0161alica top\/hl. 12v Reich Contur | Petroni - rent | sale | service | conversions\" \/>\n<meta property=\"og:description\" content=\"Mala te\u017eina. Jednoru\u010dna mje\u0161alica Umjesto mesinga koristi se visokokvalitetna plastika. \u010cvrsta upravlja\u010dka poluga i lagano plasti\u010dno tijelo okova idealno se nadopunjuju. Razina kvalitete ostaje nepromijenjena jer se, kao \u0161to je to uobi\u010dajeno kod mjedenih spojnica, koristi kerami\u010dki ulo\u017eak. Ako je potrebno, mo\u017ee se zamijeniti bez uklanjanja priklju\u010dka. Mno\u0161tvo razli\u010ditih tu\u0161eva na izvla\u010denje \u010dini ovu armaturu [&hellip;]\" \/>\n<meta property=\"og:url\" content=\"https:\/\/www.petroni.hr\/en\/proizvod\/pipa-mjesalica-top-hl-v-reich-contur\/\" \/>\n<meta property=\"og:site_name\" content=\"Petroni - rent | sale | service | conversions\" \/>\n<meta property=\"article:publisher\" content=\"https:\/\/www.facebook.com\/Kamperi.Petroni.Sesvete\/?locale=hr_HR\" \/>\n<meta property=\"article:modified_time\" content=\"2026-02-04T14:37:52+00:00\" \/>\n<meta property=\"og:image\" content=\"https:\/\/www.petroni.hr\/wp-content\/uploads\/2024\/05\/pipa-za-vodu-63080.jpg\" \/>\n\t<meta property=\"og:image:width\" content=\"600\" \/>\n\t<meta property=\"og:image:height\" content=\"467\" \/>\n\t<meta property=\"og:image:type\" content=\"image\/jpeg\" \/>\n<meta name=\"twitter:card\" content=\"summary_large_image\" \/>\n<meta name=\"twitter:label1\" content=\"Est. reading time\" \/>\n\t<meta name=\"twitter:data1\" content=\"1 minute\" \/>\n<script type=\"application\/ld+json\" class=\"yoast-schema-graph\">{\"@context\":\"https:\\\/\\\/schema.org\",\"@graph\":[{\"@type\":\"WebPage\",\"@id\":\"https:\\\/\\\/www.petroni.hr\\\/en\\\/proizvod\\\/pipa-mjesalica-top-hl-v-reich-contur\\\/\",\"url\":\"https:\\\/\\\/www.petroni.hr\\\/en\\\/proizvod\\\/pipa-mjesalica-top-hl-v-reich-contur\\\/\",\"name\":\"Pipa-mje\u0161alica top\\\/hl. 12v Reich Contur | Petroni - rent | sale | service | conversions\",\"isPartOf\":{\"@id\":\"https:\\\/\\\/www.petroni.hr\\\/en\\\/#website\"},\"primaryImageOfPage\":{\"@id\":\"https:\\\/\\\/www.petroni.hr\\\/en\\\/proizvod\\\/pipa-mjesalica-top-hl-v-reich-contur\\\/#primaryimage\"},\"image\":{\"@id\":\"https:\\\/\\\/www.petroni.hr\\\/en\\\/proizvod\\\/pipa-mjesalica-top-hl-v-reich-contur\\\/#primaryimage\"},\"thumbnailUrl\":\"https:\\\/\\\/www.petroni.hr\\\/wp-content\\\/uploads\\\/2024\\\/05\\\/pipa-za-vodu-63080.jpg\",\"datePublished\":\"2024-05-15T04:55:53+00:00\",\"dateModified\":\"2026-02-04T14:37:52+00:00\",\"breadcrumb\":{\"@id\":\"https:\\\/\\\/www.petroni.hr\\\/en\\\/proizvod\\\/pipa-mjesalica-top-hl-v-reich-contur\\\/#breadcrumb\"},\"inLanguage\":\"en-US\",\"potentialAction\":[{\"@type\":\"ReadAction\",\"target\":[\"https:\\\/\\\/www.petroni.hr\\\/en\\\/proizvod\\\/pipa-mjesalica-top-hl-v-reich-contur\\\/\"]}]},{\"@type\":\"ImageObject\",\"inLanguage\":\"en-US\",\"@id\":\"https:\\\/\\\/www.petroni.hr\\\/en\\\/proizvod\\\/pipa-mjesalica-top-hl-v-reich-contur\\\/#primaryimage\",\"url\":\"https:\\\/\\\/www.petroni.hr\\\/wp-content\\\/uploads\\\/2024\\\/05\\\/pipa-za-vodu-63080.jpg\",\"contentUrl\":\"https:\\\/\\\/www.petroni.hr\\\/wp-content\\\/uploads\\\/2024\\\/05\\\/pipa-za-vodu-63080.jpg\",\"width\":600,\"height\":467},{\"@type\":\"BreadcrumbList\",\"@id\":\"https:\\\/\\\/www.petroni.hr\\\/en\\\/proizvod\\\/pipa-mjesalica-top-hl-v-reich-contur\\\/#breadcrumb\",\"itemListElement\":[{\"@type\":\"ListItem\",\"position\":1,\"name\":\"Po\u010detna stranica\",\"item\":\"https:\\\/\\\/www.petroni.hr\\\/en\\\/\"},{\"@type\":\"ListItem\",\"position\":2,\"name\":\"Shop\",\"item\":\"https:\\\/\\\/www.petroni.hr\\\/en\\\/shop\\\/\"},{\"@type\":\"ListItem\",\"position\":3,\"name\":\"Pipa-mje\u0161alica top\\\/hl. 12v Reich Contur\"}]},{\"@type\":\"WebSite\",\"@id\":\"https:\\\/\\\/www.petroni.hr\\\/en\\\/#website\",\"url\":\"https:\\\/\\\/www.petroni.hr\\\/en\\\/\",\"name\":\"Petroni.hr\",\"description\":\"Experience the unprecedented freedom of travel\",\"publisher\":{\"@id\":\"https:\\\/\\\/www.petroni.hr\\\/en\\\/#organization\"},\"alternateName\":\"Petroni\",\"potentialAction\":[{\"@type\":\"SearchAction\",\"target\":{\"@type\":\"EntryPoint\",\"urlTemplate\":\"https:\\\/\\\/www.petroni.hr\\\/en\\\/?s={search_term_string}\"},\"query-input\":{\"@type\":\"PropertyValueSpecification\",\"valueRequired\":true,\"valueName\":\"search_term_string\"}}],\"inLanguage\":\"en-US\"},{\"@type\":\"Organization\",\"@id\":\"https:\\\/\\\/www.petroni.hr\\\/en\\\/#organization\",\"name\":\"Petroni d.o.o.\",\"alternateName\":\"Petroni\",\"url\":\"https:\\\/\\\/www.petroni.hr\\\/en\\\/\",\"logo\":{\"@type\":\"ImageObject\",\"inLanguage\":\"en-US\",\"@id\":\"https:\\\/\\\/www.petroni.hr\\\/en\\\/#\\\/schema\\\/logo\\\/image\\\/\",\"url\":\"https:\\\/\\\/www.petroni.hr\\\/wp-content\\\/uploads\\\/2024\\\/03\\\/cropped-Group-3.jpg\",\"contentUrl\":\"https:\\\/\\\/www.petroni.hr\\\/wp-content\\\/uploads\\\/2024\\\/03\\\/cropped-Group-3.jpg\",\"width\":512,\"height\":512,\"caption\":\"Petroni d.o.o.\"},\"image\":{\"@id\":\"https:\\\/\\\/www.petroni.hr\\\/en\\\/#\\\/schema\\\/logo\\\/image\\\/\"},\"sameAs\":[\"https:\\\/\\\/www.facebook.com\\\/Kamperi.Petroni.Sesvete\\\/?locale=hr_HR\"]}]}<\/script>\n<!-- \/ Yoast SEO plugin. -->","yoast_head_json":{"title":"Pipa-mje\u0161alica top\/hl. 12v Reich Contur | Petroni - rent | sale | service | conversions","robots":{"index":"index","follow":"follow","max-snippet":"max-snippet:-1","max-image-preview":"max-image-preview:large","max-video-preview":"max-video-preview:-1"},"canonical":"https:\/\/www.petroni.hr\/en\/proizvod\/pipa-mjesalica-top-hl-v-reich-contur\/","og_locale":"en_US","og_type":"article","og_title":"Pipa-mje\u0161alica top\/hl. 12v Reich Contur | Petroni - rent | sale | service | conversions","og_description":"Mala te\u017eina. Jednoru\u010dna mje\u0161alica Umjesto mesinga koristi se visokokvalitetna plastika. \u010cvrsta upravlja\u010dka poluga i lagano plasti\u010dno tijelo okova idealno se nadopunjuju. Razina kvalitete ostaje nepromijenjena jer se, kao \u0161to je to uobi\u010dajeno kod mjedenih spojnica, koristi kerami\u010dki ulo\u017eak. Ako je potrebno, mo\u017ee se zamijeniti bez uklanjanja priklju\u010dka. Mno\u0161tvo razli\u010ditih tu\u0161eva na izvla\u010denje \u010dini ovu armaturu [&hellip;]","og_url":"https:\/\/www.petroni.hr\/en\/proizvod\/pipa-mjesalica-top-hl-v-reich-contur\/","og_site_name":"Petroni - rent | sale | service | conversions","article_publisher":"https:\/\/www.facebook.com\/Kamperi.Petroni.Sesvete\/?locale=hr_HR","article_modified_time":"2026-02-04T14:37:52+00:00","og_image":[{"width":600,"height":467,"url":"https:\/\/www.petroni.hr\/wp-content\/uploads\/2024\/05\/pipa-za-vodu-63080.jpg","type":"image\/jpeg"}],"twitter_card":"summary_large_image","twitter_misc":{"Est. reading time":"1 minute"},"schema":{"@context":"https:\/\/schema.org","@graph":[{"@type":"WebPage","@id":"https:\/\/www.petroni.hr\/en\/proizvod\/pipa-mjesalica-top-hl-v-reich-contur\/","url":"https:\/\/www.petroni.hr\/en\/proizvod\/pipa-mjesalica-top-hl-v-reich-contur\/","name":"Pipa-mje\u0161alica top\/hl. 12v Reich Contur | Petroni - rent | sale | service | conversions","isPartOf":{"@id":"https:\/\/www.petroni.hr\/en\/#website"},"primaryImageOfPage":{"@id":"https:\/\/www.petroni.hr\/en\/proizvod\/pipa-mjesalica-top-hl-v-reich-contur\/#primaryimage"},"image":{"@id":"https:\/\/www.petroni.hr\/en\/proizvod\/pipa-mjesalica-top-hl-v-reich-contur\/#primaryimage"},"thumbnailUrl":"https:\/\/www.petroni.hr\/wp-content\/uploads\/2024\/05\/pipa-za-vodu-63080.jpg","datePublished":"2024-05-15T04:55:53+00:00","dateModified":"2026-02-04T14:37:52+00:00","breadcrumb":{"@id":"https:\/\/www.petroni.hr\/en\/proizvod\/pipa-mjesalica-top-hl-v-reich-contur\/#breadcrumb"},"inLanguage":"en-US","potentialAction":[{"@type":"ReadAction","target":["https:\/\/www.petroni.hr\/en\/proizvod\/pipa-mjesalica-top-hl-v-reich-contur\/"]}]},{"@type":"ImageObject","inLanguage":"en-US","@id":"https:\/\/www.petroni.hr\/en\/proizvod\/pipa-mjesalica-top-hl-v-reich-contur\/#primaryimage","url":"https:\/\/www.petroni.hr\/wp-content\/uploads\/2024\/05\/pipa-za-vodu-63080.jpg","contentUrl":"https:\/\/www.petroni.hr\/wp-content\/uploads\/2024\/05\/pipa-za-vodu-63080.jpg","width":600,"height":467},{"@type":"BreadcrumbList","@id":"https:\/\/www.petroni.hr\/en\/proizvod\/pipa-mjesalica-top-hl-v-reich-contur\/#breadcrumb","itemListElement":[{"@type":"ListItem","position":1,"name":"Po\u010detna stranica","item":"https:\/\/www.petroni.hr\/en\/"},{"@type":"ListItem","position":2,"name":"Shop","item":"https:\/\/www.petroni.hr\/en\/shop\/"},{"@type":"ListItem","position":3,"name":"Pipa-mje\u0161alica top\/hl. 12v Reich Contur"}]},{"@type":"WebSite","@id":"https:\/\/www.petroni.hr\/en\/#website","url":"https:\/\/www.petroni.hr\/en\/","name":"Petroni.hr","description":"Experience the unprecedented freedom of travel","publisher":{"@id":"https:\/\/www.petroni.hr\/en\/#organization"},"alternateName":"Petroni","potentialAction":[{"@type":"SearchAction","target":{"@type":"EntryPoint","urlTemplate":"https:\/\/www.petroni.hr\/en\/?s={search_term_string}"},"query-input":{"@type":"PropertyValueSpecification","valueRequired":true,"valueName":"search_term_string"}}],"inLanguage":"en-US"},{"@type":"Organization","@id":"https:\/\/www.petroni.hr\/en\/#organization","name":"Petroni d.o.o.","alternateName":"Petroni","url":"https:\/\/www.petroni.hr\/en\/","logo":{"@type":"ImageObject","inLanguage":"en-US","@id":"https:\/\/www.petroni.hr\/en\/#\/schema\/logo\/image\/","url":"https:\/\/www.petroni.hr\/wp-content\/uploads\/2024\/03\/cropped-Group-3.jpg","contentUrl":"https:\/\/www.petroni.hr\/wp-content\/uploads\/2024\/03\/cropped-Group-3.jpg","width":512,"height":512,"caption":"Petroni d.o.o."},"image":{"@id":"https:\/\/www.petroni.hr\/en\/#\/schema\/logo\/image\/"},"sameAs":["https:\/\/www.facebook.com\/Kamperi.Petroni.Sesvete\/?locale=hr_HR"]}]}},"_links":{"self":[{"href":"https:\/\/www.petroni.hr\/en\/wp-json\/wp\/v2\/product\/21392","targetHints":{"allow":["GET"]}}],"collection":[{"href":"https:\/\/www.petroni.hr\/en\/wp-json\/wp\/v2\/product"}],"about":[{"href":"https:\/\/www.petroni.hr\/en\/wp-json\/wp\/v2\/types\/product"}],"replies":[{"embeddable":true,"href":"https:\/\/www.petroni.hr\/en\/wp-json\/wp\/v2\/comments?post=21392"}],"wp:featuredmedia":[{"embeddable":true,"href":"https:\/\/www.petroni.hr\/en\/wp-json\/wp\/v2\/media\/21393"}],"wp:attachment":[{"href":"https:\/\/www.petroni.hr\/en\/wp-json\/wp\/v2\/media?parent=21392"}],"wp:term":[{"taxonomy":"product_brand","embeddable":true,"href":"https:\/\/www.petroni.hr\/en\/wp-json\/wp\/v2\/product_brand?post=21392"},{"taxonomy":"product_cat","embeddable":true,"href":"https:\/\/www.petroni.hr\/en\/wp-json\/wp\/v2\/product_cat?post=21392"},{"taxonomy":"product_tag","embeddable":true,"href":"https:\/\/www.petroni.hr\/en\/wp-json\/wp\/v2\/product_tag?post=21392"}],"curies":[{"name":"wp","href":"https:\/\/api.w.org\/{rel}","templated":true}]}}