{"id":21366,"date":"2024-05-14T08:51:30","date_gmt":"2024-05-14T07:51:30","guid":{"rendered":"https:\/\/www.petroni.hr\/?post_type=product&#038;p=21366"},"modified":"2024-09-23T11:16:10","modified_gmt":"2024-09-23T10:16:10","slug":"nosac-za-tv-simon-xl-luxus-18-30-srebreni","status":"publish","type":"product","link":"https:\/\/www.petroni.hr\/en\/proizvod\/nosac-za-tv-simon-xl-luxus-18-30-srebreni\/","title":{"rendered":"Nosa\u010d za TV Simon XL Luxus 18&#8243;-30&#8243; srebreni"},"content":{"rendered":"<p>TFT dr\u017ea\u010d s bravicom za siguran transport<br \/>\nVesa standard 50&#215;50, 75&#215;75 i 100&#215;100<br \/>\nStabilan dizajn od aluminija<br \/>\nIdealno za LCD\/TFT TV 13&#8243;-30&#8243;<br \/>\nNazubljeni vijci za brzo pri\u010dvr\u0161\u0107ivanje<br \/>\nZakretni TV zidni nosa\u010d<\/p>\n<p>Duljina: 650 mm<br \/>\nMaterijal: aluminij<br \/>\nNosivost: 10 kg<br \/>\nTe\u017eina: 1,4 kg<\/p>\n<p>&nbsp;<\/p>\n","protected":false},"excerpt":{"rendered":"<p>TFT dr\u017ea\u010d s bravicom za siguran transport Vesa standard 50&#215;50, 75&#215;75 i 100&#215;100 Stabilan dizajn od aluminija Idealno za LCD\/TFT TV 13&#8243;-30&#8243; Nazubljeni vijci za brzo pri\u010dvr\u0161\u0107ivanje Zakretni TV zidni nosa\u010d Duljina: 650 mm Materijal: aluminij Nosivost: 10 kg Te\u017eina: 1,4 kg &nbsp;<\/p>\n","protected":false},"featured_media":21367,"comment_status":"open","ping_status":"closed","template":"","meta":{"_acf_changed":false,"_themeisle_gutenberg_block_has_review":false},"product_brand":[],"product_cat":[215],"product_tag":[],"class_list":{"0":"post-21366","1":"product","2":"type-product","3":"status-publish","4":"has-post-thumbnail","6":"product_cat-multimedia-2","8":"first","9":"outofstock","10":"shipping-taxable","11":"purchasable","12":"product-type-simple"},"acf":[],"yoast_head":"<!-- This site is optimized with the Yoast SEO plugin v27.4 - https:\/\/yoast.com\/product\/yoast-seo-wordpress\/ -->\n<title>Nosa\u010d za TV Simon XL Luxus 18&quot;-30&quot; srebreni | Petroni - rent | sale | service | conversions<\/title>\n<meta name=\"robots\" content=\"index, follow, max-snippet:-1, max-image-preview:large, max-video-preview:-1\" \/>\n<link rel=\"canonical\" href=\"https:\/\/www.petroni.hr\/en\/proizvod\/nosac-za-tv-simon-xl-luxus-18-30-srebreni\/\" \/>\n<meta property=\"og:locale\" content=\"en_US\" \/>\n<meta property=\"og:type\" content=\"article\" \/>\n<meta property=\"og:title\" content=\"Nosa\u010d za TV Simon XL Luxus 18&quot;-30&quot; srebreni | Petroni - rent | sale | service | conversions\" \/>\n<meta property=\"og:description\" content=\"TFT dr\u017ea\u010d s bravicom za siguran transport Vesa standard 50&#215;50, 75&#215;75 i 100&#215;100 Stabilan dizajn od aluminija Idealno za LCD\/TFT TV 13&#8243;-30&#8243; Nazubljeni vijci za brzo pri\u010dvr\u0161\u0107ivanje Zakretni TV zidni nosa\u010d Duljina: 650 mm Materijal: aluminij Nosivost: 10 kg Te\u017eina: 1,4 kg &nbsp;\" \/>\n<meta property=\"og:url\" content=\"https:\/\/www.petroni.hr\/en\/proizvod\/nosac-za-tv-simon-xl-luxus-18-30-srebreni\/\" \/>\n<meta property=\"og:site_name\" content=\"Petroni - rent | sale | service | conversions\" \/>\n<meta property=\"article:publisher\" content=\"https:\/\/www.facebook.com\/Kamperi.Petroni.Sesvete\/?locale=hr_HR\" \/>\n<meta property=\"article:modified_time\" content=\"2024-09-23T10:16:10+00:00\" \/>\n<meta property=\"og:image\" content=\"https:\/\/www.petroni.hr\/wp-content\/uploads\/2024\/05\/nosac-za-tv-493970.jpg\" \/>\n\t<meta property=\"og:image:width\" content=\"731\" \/>\n\t<meta property=\"og:image:height\" content=\"600\" \/>\n\t<meta property=\"og:image:type\" content=\"image\/jpeg\" \/>\n<meta name=\"twitter:card\" content=\"summary_large_image\" \/>\n<meta name=\"twitter:label1\" content=\"Est. reading time\" \/>\n\t<meta name=\"twitter:data1\" content=\"1 minute\" \/>\n<script type=\"application\/ld+json\" class=\"yoast-schema-graph\">{\"@context\":\"https:\\\/\\\/schema.org\",\"@graph\":[{\"@type\":\"WebPage\",\"@id\":\"https:\\\/\\\/www.petroni.hr\\\/en\\\/proizvod\\\/nosac-za-tv-simon-xl-luxus-18-30-srebreni\\\/\",\"url\":\"https:\\\/\\\/www.petroni.hr\\\/en\\\/proizvod\\\/nosac-za-tv-simon-xl-luxus-18-30-srebreni\\\/\",\"name\":\"Nosa\u010d za TV Simon XL Luxus 18\\\"-30\\\" srebreni | Petroni - rent | sale | service | conversions\",\"isPartOf\":{\"@id\":\"https:\\\/\\\/www.petroni.hr\\\/en\\\/#website\"},\"primaryImageOfPage\":{\"@id\":\"https:\\\/\\\/www.petroni.hr\\\/en\\\/proizvod\\\/nosac-za-tv-simon-xl-luxus-18-30-srebreni\\\/#primaryimage\"},\"image\":{\"@id\":\"https:\\\/\\\/www.petroni.hr\\\/en\\\/proizvod\\\/nosac-za-tv-simon-xl-luxus-18-30-srebreni\\\/#primaryimage\"},\"thumbnailUrl\":\"https:\\\/\\\/www.petroni.hr\\\/wp-content\\\/uploads\\\/2024\\\/05\\\/nosac-za-tv-493970.jpg\",\"datePublished\":\"2024-05-14T07:51:30+00:00\",\"dateModified\":\"2024-09-23T10:16:10+00:00\",\"breadcrumb\":{\"@id\":\"https:\\\/\\\/www.petroni.hr\\\/en\\\/proizvod\\\/nosac-za-tv-simon-xl-luxus-18-30-srebreni\\\/#breadcrumb\"},\"inLanguage\":\"en-US\",\"potentialAction\":[{\"@type\":\"ReadAction\",\"target\":[\"https:\\\/\\\/www.petroni.hr\\\/en\\\/proizvod\\\/nosac-za-tv-simon-xl-luxus-18-30-srebreni\\\/\"]}]},{\"@type\":\"ImageObject\",\"inLanguage\":\"en-US\",\"@id\":\"https:\\\/\\\/www.petroni.hr\\\/en\\\/proizvod\\\/nosac-za-tv-simon-xl-luxus-18-30-srebreni\\\/#primaryimage\",\"url\":\"https:\\\/\\\/www.petroni.hr\\\/wp-content\\\/uploads\\\/2024\\\/05\\\/nosac-za-tv-493970.jpg\",\"contentUrl\":\"https:\\\/\\\/www.petroni.hr\\\/wp-content\\\/uploads\\\/2024\\\/05\\\/nosac-za-tv-493970.jpg\",\"width\":731,\"height\":600},{\"@type\":\"BreadcrumbList\",\"@id\":\"https:\\\/\\\/www.petroni.hr\\\/en\\\/proizvod\\\/nosac-za-tv-simon-xl-luxus-18-30-srebreni\\\/#breadcrumb\",\"itemListElement\":[{\"@type\":\"ListItem\",\"position\":1,\"name\":\"Po\u010detna stranica\",\"item\":\"https:\\\/\\\/www.petroni.hr\\\/en\\\/\"},{\"@type\":\"ListItem\",\"position\":2,\"name\":\"Shop\",\"item\":\"https:\\\/\\\/www.petroni.hr\\\/en\\\/shop\\\/\"},{\"@type\":\"ListItem\",\"position\":3,\"name\":\"Nosa\u010d za TV Simon XL Luxus 18&#8243;-30&#8243; srebreni\"}]},{\"@type\":\"WebSite\",\"@id\":\"https:\\\/\\\/www.petroni.hr\\\/en\\\/#website\",\"url\":\"https:\\\/\\\/www.petroni.hr\\\/en\\\/\",\"name\":\"Petroni.hr\",\"description\":\"Experience the unprecedented freedom of travel\",\"publisher\":{\"@id\":\"https:\\\/\\\/www.petroni.hr\\\/en\\\/#organization\"},\"alternateName\":\"Petroni\",\"potentialAction\":[{\"@type\":\"SearchAction\",\"target\":{\"@type\":\"EntryPoint\",\"urlTemplate\":\"https:\\\/\\\/www.petroni.hr\\\/en\\\/?s={search_term_string}\"},\"query-input\":{\"@type\":\"PropertyValueSpecification\",\"valueRequired\":true,\"valueName\":\"search_term_string\"}}],\"inLanguage\":\"en-US\"},{\"@type\":\"Organization\",\"@id\":\"https:\\\/\\\/www.petroni.hr\\\/en\\\/#organization\",\"name\":\"Petroni d.o.o.\",\"alternateName\":\"Petroni\",\"url\":\"https:\\\/\\\/www.petroni.hr\\\/en\\\/\",\"logo\":{\"@type\":\"ImageObject\",\"inLanguage\":\"en-US\",\"@id\":\"https:\\\/\\\/www.petroni.hr\\\/en\\\/#\\\/schema\\\/logo\\\/image\\\/\",\"url\":\"https:\\\/\\\/www.petroni.hr\\\/wp-content\\\/uploads\\\/2024\\\/03\\\/cropped-Group-3.jpg\",\"contentUrl\":\"https:\\\/\\\/www.petroni.hr\\\/wp-content\\\/uploads\\\/2024\\\/03\\\/cropped-Group-3.jpg\",\"width\":512,\"height\":512,\"caption\":\"Petroni d.o.o.\"},\"image\":{\"@id\":\"https:\\\/\\\/www.petroni.hr\\\/en\\\/#\\\/schema\\\/logo\\\/image\\\/\"},\"sameAs\":[\"https:\\\/\\\/www.facebook.com\\\/Kamperi.Petroni.Sesvete\\\/?locale=hr_HR\"]}]}<\/script>\n<!-- \/ Yoast SEO plugin. -->","yoast_head_json":{"title":"Nosa\u010d za TV Simon XL Luxus 18\"-30\" srebreni | Petroni - rent | sale | service | conversions","robots":{"index":"index","follow":"follow","max-snippet":"max-snippet:-1","max-image-preview":"max-image-preview:large","max-video-preview":"max-video-preview:-1"},"canonical":"https:\/\/www.petroni.hr\/en\/proizvod\/nosac-za-tv-simon-xl-luxus-18-30-srebreni\/","og_locale":"en_US","og_type":"article","og_title":"Nosa\u010d za TV Simon XL Luxus 18\"-30\" srebreni | Petroni - rent | sale | service | conversions","og_description":"TFT dr\u017ea\u010d s bravicom za siguran transport Vesa standard 50&#215;50, 75&#215;75 i 100&#215;100 Stabilan dizajn od aluminija Idealno za LCD\/TFT TV 13&#8243;-30&#8243; Nazubljeni vijci za brzo pri\u010dvr\u0161\u0107ivanje Zakretni TV zidni nosa\u010d Duljina: 650 mm Materijal: aluminij Nosivost: 10 kg Te\u017eina: 1,4 kg &nbsp;","og_url":"https:\/\/www.petroni.hr\/en\/proizvod\/nosac-za-tv-simon-xl-luxus-18-30-srebreni\/","og_site_name":"Petroni - rent | sale | service | conversions","article_publisher":"https:\/\/www.facebook.com\/Kamperi.Petroni.Sesvete\/?locale=hr_HR","article_modified_time":"2024-09-23T10:16:10+00:00","og_image":[{"width":731,"height":600,"url":"https:\/\/www.petroni.hr\/wp-content\/uploads\/2024\/05\/nosac-za-tv-493970.jpg","type":"image\/jpeg"}],"twitter_card":"summary_large_image","twitter_misc":{"Est. reading time":"1 minute"},"schema":{"@context":"https:\/\/schema.org","@graph":[{"@type":"WebPage","@id":"https:\/\/www.petroni.hr\/en\/proizvod\/nosac-za-tv-simon-xl-luxus-18-30-srebreni\/","url":"https:\/\/www.petroni.hr\/en\/proizvod\/nosac-za-tv-simon-xl-luxus-18-30-srebreni\/","name":"Nosa\u010d za TV Simon XL Luxus 18\"-30\" srebreni | Petroni - rent | sale | service | conversions","isPartOf":{"@id":"https:\/\/www.petroni.hr\/en\/#website"},"primaryImageOfPage":{"@id":"https:\/\/www.petroni.hr\/en\/proizvod\/nosac-za-tv-simon-xl-luxus-18-30-srebreni\/#primaryimage"},"image":{"@id":"https:\/\/www.petroni.hr\/en\/proizvod\/nosac-za-tv-simon-xl-luxus-18-30-srebreni\/#primaryimage"},"thumbnailUrl":"https:\/\/www.petroni.hr\/wp-content\/uploads\/2024\/05\/nosac-za-tv-493970.jpg","datePublished":"2024-05-14T07:51:30+00:00","dateModified":"2024-09-23T10:16:10+00:00","breadcrumb":{"@id":"https:\/\/www.petroni.hr\/en\/proizvod\/nosac-za-tv-simon-xl-luxus-18-30-srebreni\/#breadcrumb"},"inLanguage":"en-US","potentialAction":[{"@type":"ReadAction","target":["https:\/\/www.petroni.hr\/en\/proizvod\/nosac-za-tv-simon-xl-luxus-18-30-srebreni\/"]}]},{"@type":"ImageObject","inLanguage":"en-US","@id":"https:\/\/www.petroni.hr\/en\/proizvod\/nosac-za-tv-simon-xl-luxus-18-30-srebreni\/#primaryimage","url":"https:\/\/www.petroni.hr\/wp-content\/uploads\/2024\/05\/nosac-za-tv-493970.jpg","contentUrl":"https:\/\/www.petroni.hr\/wp-content\/uploads\/2024\/05\/nosac-za-tv-493970.jpg","width":731,"height":600},{"@type":"BreadcrumbList","@id":"https:\/\/www.petroni.hr\/en\/proizvod\/nosac-za-tv-simon-xl-luxus-18-30-srebreni\/#breadcrumb","itemListElement":[{"@type":"ListItem","position":1,"name":"Po\u010detna stranica","item":"https:\/\/www.petroni.hr\/en\/"},{"@type":"ListItem","position":2,"name":"Shop","item":"https:\/\/www.petroni.hr\/en\/shop\/"},{"@type":"ListItem","position":3,"name":"Nosa\u010d za TV Simon XL Luxus 18&#8243;-30&#8243; srebreni"}]},{"@type":"WebSite","@id":"https:\/\/www.petroni.hr\/en\/#website","url":"https:\/\/www.petroni.hr\/en\/","name":"Petroni.hr","description":"Experience the unprecedented freedom of travel","publisher":{"@id":"https:\/\/www.petroni.hr\/en\/#organization"},"alternateName":"Petroni","potentialAction":[{"@type":"SearchAction","target":{"@type":"EntryPoint","urlTemplate":"https:\/\/www.petroni.hr\/en\/?s={search_term_string}"},"query-input":{"@type":"PropertyValueSpecification","valueRequired":true,"valueName":"search_term_string"}}],"inLanguage":"en-US"},{"@type":"Organization","@id":"https:\/\/www.petroni.hr\/en\/#organization","name":"Petroni d.o.o.","alternateName":"Petroni","url":"https:\/\/www.petroni.hr\/en\/","logo":{"@type":"ImageObject","inLanguage":"en-US","@id":"https:\/\/www.petroni.hr\/en\/#\/schema\/logo\/image\/","url":"https:\/\/www.petroni.hr\/wp-content\/uploads\/2024\/03\/cropped-Group-3.jpg","contentUrl":"https:\/\/www.petroni.hr\/wp-content\/uploads\/2024\/03\/cropped-Group-3.jpg","width":512,"height":512,"caption":"Petroni d.o.o."},"image":{"@id":"https:\/\/www.petroni.hr\/en\/#\/schema\/logo\/image\/"},"sameAs":["https:\/\/www.facebook.com\/Kamperi.Petroni.Sesvete\/?locale=hr_HR"]}]}},"_links":{"self":[{"href":"https:\/\/www.petroni.hr\/en\/wp-json\/wp\/v2\/product\/21366","targetHints":{"allow":["GET"]}}],"collection":[{"href":"https:\/\/www.petroni.hr\/en\/wp-json\/wp\/v2\/product"}],"about":[{"href":"https:\/\/www.petroni.hr\/en\/wp-json\/wp\/v2\/types\/product"}],"replies":[{"embeddable":true,"href":"https:\/\/www.petroni.hr\/en\/wp-json\/wp\/v2\/comments?post=21366"}],"wp:featuredmedia":[{"embeddable":true,"href":"https:\/\/www.petroni.hr\/en\/wp-json\/wp\/v2\/media\/21367"}],"wp:attachment":[{"href":"https:\/\/www.petroni.hr\/en\/wp-json\/wp\/v2\/media?parent=21366"}],"wp:term":[{"taxonomy":"product_brand","embeddable":true,"href":"https:\/\/www.petroni.hr\/en\/wp-json\/wp\/v2\/product_brand?post=21366"},{"taxonomy":"product_cat","embeddable":true,"href":"https:\/\/www.petroni.hr\/en\/wp-json\/wp\/v2\/product_cat?post=21366"},{"taxonomy":"product_tag","embeddable":true,"href":"https:\/\/www.petroni.hr\/en\/wp-json\/wp\/v2\/product_tag?post=21366"}],"curies":[{"name":"wp","href":"https:\/\/api.w.org\/{rel}","templated":true}]}}