{"id":21043,"date":"2024-05-05T06:21:32","date_gmt":"2024-05-05T05:21:32","guid":{"rendered":"https:\/\/www.petroni.hr\/?post_type=product&#038;p=21043"},"modified":"2024-12-06T12:37:50","modified_gmt":"2024-12-06T11:37:50","slug":"tenda-thule-5200-4-m-mystic-grau","status":"publish","type":"product","link":"https:\/\/www.petroni.hr\/en\/proizvod\/tenda-thule-5200-4-m-mystic-grau\/","title":{"rendered":"Tenda Thule 5200 4 m Mystic Grau"},"content":{"rendered":"<p>bijelo ku\u0107i\u0161te<\/p>\n<p>te\u017eina 28 kg<\/p>\n<p>izlazi van 2,5m<\/p>\n<p>Dizajn i izgled odgovaraju dizajnu modernih vozila za slobodno vrijeme i osiguravaju bolju integraciju na zid vozila. Robusni zglobni krakovi s patentiranim zateznim krakovima osiguravaju savr\u0161eno zatezanje tkanine tende i pobolj\u0161avaju otpornost na vjetar.<\/p>\n<p>Opcijski je dostupna \u0161ina koja zatvara prostor ispod tende ( za pred\u0161ator) .\u0160ina ima dvije funkcije: na nju se mo\u017ee pri\u010dvrstiti \u0161ator Thule tenda ili Thule LED traka. Sustav okomitog spu\u0161tanja kako bi se noge mogle sklopiti bez o\u0161te\u0107enja vozila. S prakti\u010dnim Quick Lock sustavom za jednostavno sastavljanje i pode\u0161avanje potpornih no\u017eica. Zahvaljuju\u0107i Thuleovom jedinstvenom sustavu pode\u0161avanja kazete, tenda se mo\u017ee savr\u0161eno zatvoriti.<\/p>\n<p>Dostupno u razli\u010ditim veli\u010dinama i bojama tkanine.<\/p>\n<p>&nbsp;<\/p>\n","protected":false},"excerpt":{"rendered":"<p>bijelo ku\u0107i\u0161te te\u017eina 28 kg izlazi van 2,5m Dizajn i izgled odgovaraju dizajnu modernih vozila za slobodno vrijeme i osiguravaju bolju integraciju na zid vozila. Robusni zglobni krakovi s patentiranim zateznim krakovima osiguravaju savr\u0161eno zatezanje tkanine tende i pobolj\u0161avaju otpornost na vjetar. Opcijski je dostupna \u0161ina koja zatvara prostor ispod tende ( za pred\u0161ator) .\u0160ina [&hellip;]<\/p>\n","protected":false},"featured_media":21048,"comment_status":"open","ping_status":"closed","template":"","meta":{"_acf_changed":false,"_themeisle_gutenberg_block_has_review":false},"product_brand":[],"product_cat":[218,208],"product_tag":[],"class_list":{"0":"post-21043","1":"product","2":"type-product","3":"status-publish","4":"has-post-thumbnail","6":"product_cat-awning","7":"product_cat-awning-and-other","8":"product_shipping_class-heavy-pacages","10":"first","11":"outofstock","12":"shipping-taxable","13":"purchasable","14":"product-type-simple"},"acf":[],"yoast_head":"<!-- This site is optimized with the Yoast SEO plugin v27.4 - https:\/\/yoast.com\/product\/yoast-seo-wordpress\/ -->\n<title>Tenda Thule 5200 4 m Mystic Grau | Petroni - rent | sale | service | conversions<\/title>\n<meta name=\"robots\" content=\"index, follow, max-snippet:-1, max-image-preview:large, max-video-preview:-1\" \/>\n<link rel=\"canonical\" href=\"https:\/\/www.petroni.hr\/en\/proizvod\/tenda-thule-5200-4-m-mystic-grau\/\" \/>\n<meta property=\"og:locale\" content=\"en_US\" \/>\n<meta property=\"og:type\" content=\"article\" \/>\n<meta property=\"og:title\" content=\"Tenda Thule 5200 4 m Mystic Grau | Petroni - rent | sale | service | conversions\" \/>\n<meta property=\"og:description\" content=\"bijelo ku\u0107i\u0161te te\u017eina 28 kg izlazi van 2,5m Dizajn i izgled odgovaraju dizajnu modernih vozila za slobodno vrijeme i osiguravaju bolju integraciju na zid vozila. Robusni zglobni krakovi s patentiranim zateznim krakovima osiguravaju savr\u0161eno zatezanje tkanine tende i pobolj\u0161avaju otpornost na vjetar. Opcijski je dostupna \u0161ina koja zatvara prostor ispod tende ( za pred\u0161ator) .\u0160ina [&hellip;]\" \/>\n<meta property=\"og:url\" content=\"https:\/\/www.petroni.hr\/en\/proizvod\/tenda-thule-5200-4-m-mystic-grau\/\" \/>\n<meta property=\"og:site_name\" content=\"Petroni - rent | sale | service | conversions\" \/>\n<meta property=\"article:publisher\" content=\"https:\/\/www.facebook.com\/Kamperi.Petroni.Sesvete\/?locale=hr_HR\" \/>\n<meta property=\"article:modified_time\" content=\"2024-12-06T11:37:50+00:00\" \/>\n<meta property=\"og:image\" content=\"https:\/\/www.petroni.hr\/wp-content\/uploads\/2024\/05\/M42600_3-tenda-Thule.jpg\" \/>\n\t<meta property=\"og:image:width\" content=\"600\" \/>\n\t<meta property=\"og:image:height\" content=\"600\" \/>\n\t<meta property=\"og:image:type\" content=\"image\/jpeg\" \/>\n<meta name=\"twitter:card\" content=\"summary_large_image\" \/>\n<meta name=\"twitter:label1\" content=\"Est. reading time\" \/>\n\t<meta name=\"twitter:data1\" content=\"1 minute\" \/>\n<script type=\"application\/ld+json\" class=\"yoast-schema-graph\">{\"@context\":\"https:\\\/\\\/schema.org\",\"@graph\":[{\"@type\":\"WebPage\",\"@id\":\"https:\\\/\\\/www.petroni.hr\\\/en\\\/proizvod\\\/tenda-thule-5200-4-m-mystic-grau\\\/\",\"url\":\"https:\\\/\\\/www.petroni.hr\\\/en\\\/proizvod\\\/tenda-thule-5200-4-m-mystic-grau\\\/\",\"name\":\"Tenda Thule 5200 4 m Mystic Grau | Petroni - rent | sale | service | conversions\",\"isPartOf\":{\"@id\":\"https:\\\/\\\/www.petroni.hr\\\/en\\\/#website\"},\"primaryImageOfPage\":{\"@id\":\"https:\\\/\\\/www.petroni.hr\\\/en\\\/proizvod\\\/tenda-thule-5200-4-m-mystic-grau\\\/#primaryimage\"},\"image\":{\"@id\":\"https:\\\/\\\/www.petroni.hr\\\/en\\\/proizvod\\\/tenda-thule-5200-4-m-mystic-grau\\\/#primaryimage\"},\"thumbnailUrl\":\"https:\\\/\\\/www.petroni.hr\\\/wp-content\\\/uploads\\\/2024\\\/05\\\/M42600_3-tenda-Thule.jpg\",\"datePublished\":\"2024-05-05T05:21:32+00:00\",\"dateModified\":\"2024-12-06T11:37:50+00:00\",\"breadcrumb\":{\"@id\":\"https:\\\/\\\/www.petroni.hr\\\/en\\\/proizvod\\\/tenda-thule-5200-4-m-mystic-grau\\\/#breadcrumb\"},\"inLanguage\":\"en-US\",\"potentialAction\":[{\"@type\":\"ReadAction\",\"target\":[\"https:\\\/\\\/www.petroni.hr\\\/en\\\/proizvod\\\/tenda-thule-5200-4-m-mystic-grau\\\/\"]}]},{\"@type\":\"ImageObject\",\"inLanguage\":\"en-US\",\"@id\":\"https:\\\/\\\/www.petroni.hr\\\/en\\\/proizvod\\\/tenda-thule-5200-4-m-mystic-grau\\\/#primaryimage\",\"url\":\"https:\\\/\\\/www.petroni.hr\\\/wp-content\\\/uploads\\\/2024\\\/05\\\/M42600_3-tenda-Thule.jpg\",\"contentUrl\":\"https:\\\/\\\/www.petroni.hr\\\/wp-content\\\/uploads\\\/2024\\\/05\\\/M42600_3-tenda-Thule.jpg\",\"width\":600,\"height\":600},{\"@type\":\"BreadcrumbList\",\"@id\":\"https:\\\/\\\/www.petroni.hr\\\/en\\\/proizvod\\\/tenda-thule-5200-4-m-mystic-grau\\\/#breadcrumb\",\"itemListElement\":[{\"@type\":\"ListItem\",\"position\":1,\"name\":\"Po\u010detna stranica\",\"item\":\"https:\\\/\\\/www.petroni.hr\\\/en\\\/\"},{\"@type\":\"ListItem\",\"position\":2,\"name\":\"Shop\",\"item\":\"https:\\\/\\\/www.petroni.hr\\\/en\\\/shop\\\/\"},{\"@type\":\"ListItem\",\"position\":3,\"name\":\"Tenda Thule 5200 4 m Mystic Grau\"}]},{\"@type\":\"WebSite\",\"@id\":\"https:\\\/\\\/www.petroni.hr\\\/en\\\/#website\",\"url\":\"https:\\\/\\\/www.petroni.hr\\\/en\\\/\",\"name\":\"Petroni.hr\",\"description\":\"Experience the unprecedented freedom of travel\",\"publisher\":{\"@id\":\"https:\\\/\\\/www.petroni.hr\\\/en\\\/#organization\"},\"alternateName\":\"Petroni\",\"potentialAction\":[{\"@type\":\"SearchAction\",\"target\":{\"@type\":\"EntryPoint\",\"urlTemplate\":\"https:\\\/\\\/www.petroni.hr\\\/en\\\/?s={search_term_string}\"},\"query-input\":{\"@type\":\"PropertyValueSpecification\",\"valueRequired\":true,\"valueName\":\"search_term_string\"}}],\"inLanguage\":\"en-US\"},{\"@type\":\"Organization\",\"@id\":\"https:\\\/\\\/www.petroni.hr\\\/en\\\/#organization\",\"name\":\"Petroni d.o.o.\",\"alternateName\":\"Petroni\",\"url\":\"https:\\\/\\\/www.petroni.hr\\\/en\\\/\",\"logo\":{\"@type\":\"ImageObject\",\"inLanguage\":\"en-US\",\"@id\":\"https:\\\/\\\/www.petroni.hr\\\/en\\\/#\\\/schema\\\/logo\\\/image\\\/\",\"url\":\"https:\\\/\\\/www.petroni.hr\\\/wp-content\\\/uploads\\\/2024\\\/03\\\/cropped-Group-3.jpg\",\"contentUrl\":\"https:\\\/\\\/www.petroni.hr\\\/wp-content\\\/uploads\\\/2024\\\/03\\\/cropped-Group-3.jpg\",\"width\":512,\"height\":512,\"caption\":\"Petroni d.o.o.\"},\"image\":{\"@id\":\"https:\\\/\\\/www.petroni.hr\\\/en\\\/#\\\/schema\\\/logo\\\/image\\\/\"},\"sameAs\":[\"https:\\\/\\\/www.facebook.com\\\/Kamperi.Petroni.Sesvete\\\/?locale=hr_HR\"]}]}<\/script>\n<!-- \/ Yoast SEO plugin. -->","yoast_head_json":{"title":"Tenda Thule 5200 4 m Mystic Grau | Petroni - rent | sale | service | conversions","robots":{"index":"index","follow":"follow","max-snippet":"max-snippet:-1","max-image-preview":"max-image-preview:large","max-video-preview":"max-video-preview:-1"},"canonical":"https:\/\/www.petroni.hr\/en\/proizvod\/tenda-thule-5200-4-m-mystic-grau\/","og_locale":"en_US","og_type":"article","og_title":"Tenda Thule 5200 4 m Mystic Grau | Petroni - rent | sale | service | conversions","og_description":"bijelo ku\u0107i\u0161te te\u017eina 28 kg izlazi van 2,5m Dizajn i izgled odgovaraju dizajnu modernih vozila za slobodno vrijeme i osiguravaju bolju integraciju na zid vozila. Robusni zglobni krakovi s patentiranim zateznim krakovima osiguravaju savr\u0161eno zatezanje tkanine tende i pobolj\u0161avaju otpornost na vjetar. Opcijski je dostupna \u0161ina koja zatvara prostor ispod tende ( za pred\u0161ator) .\u0160ina [&hellip;]","og_url":"https:\/\/www.petroni.hr\/en\/proizvod\/tenda-thule-5200-4-m-mystic-grau\/","og_site_name":"Petroni - rent | sale | service | conversions","article_publisher":"https:\/\/www.facebook.com\/Kamperi.Petroni.Sesvete\/?locale=hr_HR","article_modified_time":"2024-12-06T11:37:50+00:00","og_image":[{"width":600,"height":600,"url":"https:\/\/www.petroni.hr\/wp-content\/uploads\/2024\/05\/M42600_3-tenda-Thule.jpg","type":"image\/jpeg"}],"twitter_card":"summary_large_image","twitter_misc":{"Est. reading time":"1 minute"},"schema":{"@context":"https:\/\/schema.org","@graph":[{"@type":"WebPage","@id":"https:\/\/www.petroni.hr\/en\/proizvod\/tenda-thule-5200-4-m-mystic-grau\/","url":"https:\/\/www.petroni.hr\/en\/proizvod\/tenda-thule-5200-4-m-mystic-grau\/","name":"Tenda Thule 5200 4 m Mystic Grau | Petroni - rent | sale | service | conversions","isPartOf":{"@id":"https:\/\/www.petroni.hr\/en\/#website"},"primaryImageOfPage":{"@id":"https:\/\/www.petroni.hr\/en\/proizvod\/tenda-thule-5200-4-m-mystic-grau\/#primaryimage"},"image":{"@id":"https:\/\/www.petroni.hr\/en\/proizvod\/tenda-thule-5200-4-m-mystic-grau\/#primaryimage"},"thumbnailUrl":"https:\/\/www.petroni.hr\/wp-content\/uploads\/2024\/05\/M42600_3-tenda-Thule.jpg","datePublished":"2024-05-05T05:21:32+00:00","dateModified":"2024-12-06T11:37:50+00:00","breadcrumb":{"@id":"https:\/\/www.petroni.hr\/en\/proizvod\/tenda-thule-5200-4-m-mystic-grau\/#breadcrumb"},"inLanguage":"en-US","potentialAction":[{"@type":"ReadAction","target":["https:\/\/www.petroni.hr\/en\/proizvod\/tenda-thule-5200-4-m-mystic-grau\/"]}]},{"@type":"ImageObject","inLanguage":"en-US","@id":"https:\/\/www.petroni.hr\/en\/proizvod\/tenda-thule-5200-4-m-mystic-grau\/#primaryimage","url":"https:\/\/www.petroni.hr\/wp-content\/uploads\/2024\/05\/M42600_3-tenda-Thule.jpg","contentUrl":"https:\/\/www.petroni.hr\/wp-content\/uploads\/2024\/05\/M42600_3-tenda-Thule.jpg","width":600,"height":600},{"@type":"BreadcrumbList","@id":"https:\/\/www.petroni.hr\/en\/proizvod\/tenda-thule-5200-4-m-mystic-grau\/#breadcrumb","itemListElement":[{"@type":"ListItem","position":1,"name":"Po\u010detna stranica","item":"https:\/\/www.petroni.hr\/en\/"},{"@type":"ListItem","position":2,"name":"Shop","item":"https:\/\/www.petroni.hr\/en\/shop\/"},{"@type":"ListItem","position":3,"name":"Tenda Thule 5200 4 m Mystic Grau"}]},{"@type":"WebSite","@id":"https:\/\/www.petroni.hr\/en\/#website","url":"https:\/\/www.petroni.hr\/en\/","name":"Petroni.hr","description":"Experience the unprecedented freedom of travel","publisher":{"@id":"https:\/\/www.petroni.hr\/en\/#organization"},"alternateName":"Petroni","potentialAction":[{"@type":"SearchAction","target":{"@type":"EntryPoint","urlTemplate":"https:\/\/www.petroni.hr\/en\/?s={search_term_string}"},"query-input":{"@type":"PropertyValueSpecification","valueRequired":true,"valueName":"search_term_string"}}],"inLanguage":"en-US"},{"@type":"Organization","@id":"https:\/\/www.petroni.hr\/en\/#organization","name":"Petroni d.o.o.","alternateName":"Petroni","url":"https:\/\/www.petroni.hr\/en\/","logo":{"@type":"ImageObject","inLanguage":"en-US","@id":"https:\/\/www.petroni.hr\/en\/#\/schema\/logo\/image\/","url":"https:\/\/www.petroni.hr\/wp-content\/uploads\/2024\/03\/cropped-Group-3.jpg","contentUrl":"https:\/\/www.petroni.hr\/wp-content\/uploads\/2024\/03\/cropped-Group-3.jpg","width":512,"height":512,"caption":"Petroni d.o.o."},"image":{"@id":"https:\/\/www.petroni.hr\/en\/#\/schema\/logo\/image\/"},"sameAs":["https:\/\/www.facebook.com\/Kamperi.Petroni.Sesvete\/?locale=hr_HR"]}]}},"_links":{"self":[{"href":"https:\/\/www.petroni.hr\/en\/wp-json\/wp\/v2\/product\/21043","targetHints":{"allow":["GET"]}}],"collection":[{"href":"https:\/\/www.petroni.hr\/en\/wp-json\/wp\/v2\/product"}],"about":[{"href":"https:\/\/www.petroni.hr\/en\/wp-json\/wp\/v2\/types\/product"}],"replies":[{"embeddable":true,"href":"https:\/\/www.petroni.hr\/en\/wp-json\/wp\/v2\/comments?post=21043"}],"wp:featuredmedia":[{"embeddable":true,"href":"https:\/\/www.petroni.hr\/en\/wp-json\/wp\/v2\/media\/21048"}],"wp:attachment":[{"href":"https:\/\/www.petroni.hr\/en\/wp-json\/wp\/v2\/media?parent=21043"}],"wp:term":[{"taxonomy":"product_brand","embeddable":true,"href":"https:\/\/www.petroni.hr\/en\/wp-json\/wp\/v2\/product_brand?post=21043"},{"taxonomy":"product_cat","embeddable":true,"href":"https:\/\/www.petroni.hr\/en\/wp-json\/wp\/v2\/product_cat?post=21043"},{"taxonomy":"product_tag","embeddable":true,"href":"https:\/\/www.petroni.hr\/en\/wp-json\/wp\/v2\/product_tag?post=21043"}],"curies":[{"name":"wp","href":"https:\/\/api.w.org\/{rel}","templated":true}]}}