{"id":21011,"date":"2024-05-02T20:18:38","date_gmt":"2024-05-02T19:18:38","guid":{"rendered":"https:\/\/www.petroni.hr\/?post_type=product&#038;p=21011"},"modified":"2026-02-11T10:23:41","modified_gmt":"2026-02-11T09:23:41","slug":"pumpa-za-vodu-12v-16-lit-min-carbest","status":"publish","type":"product","link":"https:\/\/www.petroni.hr\/en\/proizvod\/pumpa-za-vodu-12v-16-lit-min-carbest\/","title":{"rendered":"Pumpa za vodu 12v 16 lit\/min Carbest"},"content":{"rendered":"<p>Potopna pumpa 12 volti za kamp ku\u0107ice i kampere. Bez odr\u017eavanja. Mo\u017ee se upravljati preko svih vrsta prekida\u010da ili uklopnih slavina. Uranja se u posude s vodom i mo\u017ee se spojiti na sve izvore istosmjerne struje od 12 volti. Tako\u0111er idealno za kori\u0161tenje u vrtnoj ku\u0107ici ili u slu\u010daju nestanka struje, kada je kanister vode uvijek spreman i dostupna je baterija od 12 volti.<\/p>\n<p>Potpuno potopljena<br \/>\nTihi rad bez vibracija<br \/>\nTrajno podmazana<br \/>\nMala veli\u010dina<br \/>\nLagana<br \/>\nBrza i jednostavna monta\u017ea<\/p>\n<p>Ostale specifikacije:<\/p>\n<p>Vrijeme rada 30 min<br \/>\nSuha brtva s trajnim podmazivanjem<br \/>\nPriklju\u010dak crijeva: \u00d8 12 mm \/ \u00bd\u201c<\/p>\n","protected":false},"excerpt":{"rendered":"<p>Potopna pumpa 12 volti za kamp ku\u0107ice i kampere. Bez odr\u017eavanja. Mo\u017ee se upravljati preko svih vrsta prekida\u010da ili uklopnih slavina. Uranja se u posude s vodom i mo\u017ee se spojiti na sve izvore istosmjerne struje od 12 volti. Tako\u0111er idealno za kori\u0161tenje u vrtnoj ku\u0107ici ili u slu\u010daju nestanka struje, kada je kanister vode [&hellip;]<\/p>\n","protected":false},"featured_media":21012,"comment_status":"open","ping_status":"closed","template":"","meta":{"_acf_changed":false,"_themeisle_gutenberg_block_has_review":false},"product_brand":[],"product_cat":[250,203],"product_tag":[],"class_list":{"0":"post-21011","1":"product","2":"type-product","3":"status-publish","4":"has-post-thumbnail","6":"product_cat-pumpe-za-vodu-water-sanitary","7":"product_cat-water-sanitary","9":"first","10":"instock","11":"shipping-taxable","12":"purchasable","13":"product-type-simple"},"acf":[],"yoast_head":"<!-- This site is optimized with the Yoast SEO plugin v27.4 - https:\/\/yoast.com\/product\/yoast-seo-wordpress\/ -->\n<title>Pumpa za vodu 12v 16 lit\/min Carbest | Petroni - rent | sale | service | conversions<\/title>\n<meta name=\"robots\" content=\"index, follow, max-snippet:-1, max-image-preview:large, max-video-preview:-1\" \/>\n<link rel=\"canonical\" href=\"https:\/\/www.petroni.hr\/en\/proizvod\/pumpa-za-vodu-12v-16-lit-min-carbest\/\" \/>\n<meta property=\"og:locale\" content=\"en_US\" \/>\n<meta property=\"og:type\" content=\"article\" \/>\n<meta property=\"og:title\" content=\"Pumpa za vodu 12v 16 lit\/min Carbest | Petroni - rent | sale | service | conversions\" \/>\n<meta property=\"og:description\" content=\"Potopna pumpa 12 volti za kamp ku\u0107ice i kampere. Bez odr\u017eavanja. Mo\u017ee se upravljati preko svih vrsta prekida\u010da ili uklopnih slavina. Uranja se u posude s vodom i mo\u017ee se spojiti na sve izvore istosmjerne struje od 12 volti. Tako\u0111er idealno za kori\u0161tenje u vrtnoj ku\u0107ici ili u slu\u010daju nestanka struje, kada je kanister vode [&hellip;]\" \/>\n<meta property=\"og:url\" content=\"https:\/\/www.petroni.hr\/en\/proizvod\/pumpa-za-vodu-12v-16-lit-min-carbest\/\" \/>\n<meta property=\"og:site_name\" content=\"Petroni - rent | sale | service | conversions\" \/>\n<meta property=\"article:publisher\" content=\"https:\/\/www.facebook.com\/Kamperi.Petroni.Sesvete\/?locale=hr_HR\" \/>\n<meta property=\"article:modified_time\" content=\"2026-02-11T09:23:41+00:00\" \/>\n<meta property=\"og:image\" content=\"https:\/\/www.petroni.hr\/wp-content\/uploads\/2024\/05\/620001-pumpa-za-vodu-potopna.jpg\" \/>\n\t<meta property=\"og:image:width\" content=\"378\" \/>\n\t<meta property=\"og:image:height\" content=\"600\" \/>\n\t<meta property=\"og:image:type\" content=\"image\/jpeg\" \/>\n<meta name=\"twitter:card\" content=\"summary_large_image\" \/>\n<meta name=\"twitter:label1\" content=\"Est. reading time\" \/>\n\t<meta name=\"twitter:data1\" content=\"1 minute\" \/>\n<script type=\"application\/ld+json\" class=\"yoast-schema-graph\">{\"@context\":\"https:\\\/\\\/schema.org\",\"@graph\":[{\"@type\":\"WebPage\",\"@id\":\"https:\\\/\\\/www.petroni.hr\\\/en\\\/proizvod\\\/pumpa-za-vodu-12v-16-lit-min-carbest\\\/\",\"url\":\"https:\\\/\\\/www.petroni.hr\\\/en\\\/proizvod\\\/pumpa-za-vodu-12v-16-lit-min-carbest\\\/\",\"name\":\"Pumpa za vodu 12v 16 lit\\\/min Carbest | Petroni - rent | sale | service | conversions\",\"isPartOf\":{\"@id\":\"https:\\\/\\\/www.petroni.hr\\\/en\\\/#website\"},\"primaryImageOfPage\":{\"@id\":\"https:\\\/\\\/www.petroni.hr\\\/en\\\/proizvod\\\/pumpa-za-vodu-12v-16-lit-min-carbest\\\/#primaryimage\"},\"image\":{\"@id\":\"https:\\\/\\\/www.petroni.hr\\\/en\\\/proizvod\\\/pumpa-za-vodu-12v-16-lit-min-carbest\\\/#primaryimage\"},\"thumbnailUrl\":\"https:\\\/\\\/www.petroni.hr\\\/wp-content\\\/uploads\\\/2024\\\/05\\\/620001-pumpa-za-vodu-potopna.jpg\",\"datePublished\":\"2024-05-02T19:18:38+00:00\",\"dateModified\":\"2026-02-11T09:23:41+00:00\",\"breadcrumb\":{\"@id\":\"https:\\\/\\\/www.petroni.hr\\\/en\\\/proizvod\\\/pumpa-za-vodu-12v-16-lit-min-carbest\\\/#breadcrumb\"},\"inLanguage\":\"en-US\",\"potentialAction\":[{\"@type\":\"ReadAction\",\"target\":[\"https:\\\/\\\/www.petroni.hr\\\/en\\\/proizvod\\\/pumpa-za-vodu-12v-16-lit-min-carbest\\\/\"]}]},{\"@type\":\"ImageObject\",\"inLanguage\":\"en-US\",\"@id\":\"https:\\\/\\\/www.petroni.hr\\\/en\\\/proizvod\\\/pumpa-za-vodu-12v-16-lit-min-carbest\\\/#primaryimage\",\"url\":\"https:\\\/\\\/www.petroni.hr\\\/wp-content\\\/uploads\\\/2024\\\/05\\\/620001-pumpa-za-vodu-potopna.jpg\",\"contentUrl\":\"https:\\\/\\\/www.petroni.hr\\\/wp-content\\\/uploads\\\/2024\\\/05\\\/620001-pumpa-za-vodu-potopna.jpg\",\"width\":378,\"height\":600},{\"@type\":\"BreadcrumbList\",\"@id\":\"https:\\\/\\\/www.petroni.hr\\\/en\\\/proizvod\\\/pumpa-za-vodu-12v-16-lit-min-carbest\\\/#breadcrumb\",\"itemListElement\":[{\"@type\":\"ListItem\",\"position\":1,\"name\":\"Po\u010detna stranica\",\"item\":\"https:\\\/\\\/www.petroni.hr\\\/en\\\/\"},{\"@type\":\"ListItem\",\"position\":2,\"name\":\"Shop\",\"item\":\"https:\\\/\\\/www.petroni.hr\\\/en\\\/shop\\\/\"},{\"@type\":\"ListItem\",\"position\":3,\"name\":\"Pumpa za vodu 12v 16 lit\\\/min Carbest\"}]},{\"@type\":\"WebSite\",\"@id\":\"https:\\\/\\\/www.petroni.hr\\\/en\\\/#website\",\"url\":\"https:\\\/\\\/www.petroni.hr\\\/en\\\/\",\"name\":\"Petroni.hr\",\"description\":\"Experience the unprecedented freedom of travel\",\"publisher\":{\"@id\":\"https:\\\/\\\/www.petroni.hr\\\/en\\\/#organization\"},\"alternateName\":\"Petroni\",\"potentialAction\":[{\"@type\":\"SearchAction\",\"target\":{\"@type\":\"EntryPoint\",\"urlTemplate\":\"https:\\\/\\\/www.petroni.hr\\\/en\\\/?s={search_term_string}\"},\"query-input\":{\"@type\":\"PropertyValueSpecification\",\"valueRequired\":true,\"valueName\":\"search_term_string\"}}],\"inLanguage\":\"en-US\"},{\"@type\":\"Organization\",\"@id\":\"https:\\\/\\\/www.petroni.hr\\\/en\\\/#organization\",\"name\":\"Petroni d.o.o.\",\"alternateName\":\"Petroni\",\"url\":\"https:\\\/\\\/www.petroni.hr\\\/en\\\/\",\"logo\":{\"@type\":\"ImageObject\",\"inLanguage\":\"en-US\",\"@id\":\"https:\\\/\\\/www.petroni.hr\\\/en\\\/#\\\/schema\\\/logo\\\/image\\\/\",\"url\":\"https:\\\/\\\/www.petroni.hr\\\/wp-content\\\/uploads\\\/2024\\\/03\\\/cropped-Group-3.jpg\",\"contentUrl\":\"https:\\\/\\\/www.petroni.hr\\\/wp-content\\\/uploads\\\/2024\\\/03\\\/cropped-Group-3.jpg\",\"width\":512,\"height\":512,\"caption\":\"Petroni d.o.o.\"},\"image\":{\"@id\":\"https:\\\/\\\/www.petroni.hr\\\/en\\\/#\\\/schema\\\/logo\\\/image\\\/\"},\"sameAs\":[\"https:\\\/\\\/www.facebook.com\\\/Kamperi.Petroni.Sesvete\\\/?locale=hr_HR\"]}]}<\/script>\n<!-- \/ Yoast SEO plugin. -->","yoast_head_json":{"title":"Pumpa za vodu 12v 16 lit\/min Carbest | Petroni - rent | sale | service | conversions","robots":{"index":"index","follow":"follow","max-snippet":"max-snippet:-1","max-image-preview":"max-image-preview:large","max-video-preview":"max-video-preview:-1"},"canonical":"https:\/\/www.petroni.hr\/en\/proizvod\/pumpa-za-vodu-12v-16-lit-min-carbest\/","og_locale":"en_US","og_type":"article","og_title":"Pumpa za vodu 12v 16 lit\/min Carbest | Petroni - rent | sale | service | conversions","og_description":"Potopna pumpa 12 volti za kamp ku\u0107ice i kampere. Bez odr\u017eavanja. Mo\u017ee se upravljati preko svih vrsta prekida\u010da ili uklopnih slavina. Uranja se u posude s vodom i mo\u017ee se spojiti na sve izvore istosmjerne struje od 12 volti. Tako\u0111er idealno za kori\u0161tenje u vrtnoj ku\u0107ici ili u slu\u010daju nestanka struje, kada je kanister vode [&hellip;]","og_url":"https:\/\/www.petroni.hr\/en\/proizvod\/pumpa-za-vodu-12v-16-lit-min-carbest\/","og_site_name":"Petroni - rent | sale | service | conversions","article_publisher":"https:\/\/www.facebook.com\/Kamperi.Petroni.Sesvete\/?locale=hr_HR","article_modified_time":"2026-02-11T09:23:41+00:00","og_image":[{"width":378,"height":600,"url":"https:\/\/www.petroni.hr\/wp-content\/uploads\/2024\/05\/620001-pumpa-za-vodu-potopna.jpg","type":"image\/jpeg"}],"twitter_card":"summary_large_image","twitter_misc":{"Est. reading time":"1 minute"},"schema":{"@context":"https:\/\/schema.org","@graph":[{"@type":"WebPage","@id":"https:\/\/www.petroni.hr\/en\/proizvod\/pumpa-za-vodu-12v-16-lit-min-carbest\/","url":"https:\/\/www.petroni.hr\/en\/proizvod\/pumpa-za-vodu-12v-16-lit-min-carbest\/","name":"Pumpa za vodu 12v 16 lit\/min Carbest | Petroni - rent | sale | service | conversions","isPartOf":{"@id":"https:\/\/www.petroni.hr\/en\/#website"},"primaryImageOfPage":{"@id":"https:\/\/www.petroni.hr\/en\/proizvod\/pumpa-za-vodu-12v-16-lit-min-carbest\/#primaryimage"},"image":{"@id":"https:\/\/www.petroni.hr\/en\/proizvod\/pumpa-za-vodu-12v-16-lit-min-carbest\/#primaryimage"},"thumbnailUrl":"https:\/\/www.petroni.hr\/wp-content\/uploads\/2024\/05\/620001-pumpa-za-vodu-potopna.jpg","datePublished":"2024-05-02T19:18:38+00:00","dateModified":"2026-02-11T09:23:41+00:00","breadcrumb":{"@id":"https:\/\/www.petroni.hr\/en\/proizvod\/pumpa-za-vodu-12v-16-lit-min-carbest\/#breadcrumb"},"inLanguage":"en-US","potentialAction":[{"@type":"ReadAction","target":["https:\/\/www.petroni.hr\/en\/proizvod\/pumpa-za-vodu-12v-16-lit-min-carbest\/"]}]},{"@type":"ImageObject","inLanguage":"en-US","@id":"https:\/\/www.petroni.hr\/en\/proizvod\/pumpa-za-vodu-12v-16-lit-min-carbest\/#primaryimage","url":"https:\/\/www.petroni.hr\/wp-content\/uploads\/2024\/05\/620001-pumpa-za-vodu-potopna.jpg","contentUrl":"https:\/\/www.petroni.hr\/wp-content\/uploads\/2024\/05\/620001-pumpa-za-vodu-potopna.jpg","width":378,"height":600},{"@type":"BreadcrumbList","@id":"https:\/\/www.petroni.hr\/en\/proizvod\/pumpa-za-vodu-12v-16-lit-min-carbest\/#breadcrumb","itemListElement":[{"@type":"ListItem","position":1,"name":"Po\u010detna stranica","item":"https:\/\/www.petroni.hr\/en\/"},{"@type":"ListItem","position":2,"name":"Shop","item":"https:\/\/www.petroni.hr\/en\/shop\/"},{"@type":"ListItem","position":3,"name":"Pumpa za vodu 12v 16 lit\/min Carbest"}]},{"@type":"WebSite","@id":"https:\/\/www.petroni.hr\/en\/#website","url":"https:\/\/www.petroni.hr\/en\/","name":"Petroni.hr","description":"Experience the unprecedented freedom of travel","publisher":{"@id":"https:\/\/www.petroni.hr\/en\/#organization"},"alternateName":"Petroni","potentialAction":[{"@type":"SearchAction","target":{"@type":"EntryPoint","urlTemplate":"https:\/\/www.petroni.hr\/en\/?s={search_term_string}"},"query-input":{"@type":"PropertyValueSpecification","valueRequired":true,"valueName":"search_term_string"}}],"inLanguage":"en-US"},{"@type":"Organization","@id":"https:\/\/www.petroni.hr\/en\/#organization","name":"Petroni d.o.o.","alternateName":"Petroni","url":"https:\/\/www.petroni.hr\/en\/","logo":{"@type":"ImageObject","inLanguage":"en-US","@id":"https:\/\/www.petroni.hr\/en\/#\/schema\/logo\/image\/","url":"https:\/\/www.petroni.hr\/wp-content\/uploads\/2024\/03\/cropped-Group-3.jpg","contentUrl":"https:\/\/www.petroni.hr\/wp-content\/uploads\/2024\/03\/cropped-Group-3.jpg","width":512,"height":512,"caption":"Petroni d.o.o."},"image":{"@id":"https:\/\/www.petroni.hr\/en\/#\/schema\/logo\/image\/"},"sameAs":["https:\/\/www.facebook.com\/Kamperi.Petroni.Sesvete\/?locale=hr_HR"]}]}},"_links":{"self":[{"href":"https:\/\/www.petroni.hr\/en\/wp-json\/wp\/v2\/product\/21011","targetHints":{"allow":["GET"]}}],"collection":[{"href":"https:\/\/www.petroni.hr\/en\/wp-json\/wp\/v2\/product"}],"about":[{"href":"https:\/\/www.petroni.hr\/en\/wp-json\/wp\/v2\/types\/product"}],"replies":[{"embeddable":true,"href":"https:\/\/www.petroni.hr\/en\/wp-json\/wp\/v2\/comments?post=21011"}],"wp:featuredmedia":[{"embeddable":true,"href":"https:\/\/www.petroni.hr\/en\/wp-json\/wp\/v2\/media\/21012"}],"wp:attachment":[{"href":"https:\/\/www.petroni.hr\/en\/wp-json\/wp\/v2\/media?parent=21011"}],"wp:term":[{"taxonomy":"product_brand","embeddable":true,"href":"https:\/\/www.petroni.hr\/en\/wp-json\/wp\/v2\/product_brand?post=21011"},{"taxonomy":"product_cat","embeddable":true,"href":"https:\/\/www.petroni.hr\/en\/wp-json\/wp\/v2\/product_cat?post=21011"},{"taxonomy":"product_tag","embeddable":true,"href":"https:\/\/www.petroni.hr\/en\/wp-json\/wp\/v2\/product_tag?post=21011"}],"curies":[{"name":"wp","href":"https:\/\/api.w.org\/{rel}","templated":true}]}}