{"id":20873,"date":"2024-04-27T05:35:59","date_gmt":"2024-04-27T04:35:59","guid":{"rendered":"https:\/\/www.petroni.hr\/?post_type=product&#038;p=20873"},"modified":"2025-07-23T06:55:39","modified_gmt":"2025-07-23T05:55:39","slug":"posude-melamin-cuneo-za-4-osobe","status":"publish","type":"product","link":"https:\/\/www.petroni.hr\/en\/proizvod\/posude-melamin-cuneo-za-4-osobe\/","title":{"rendered":"Posu\u0111e melamin CUNEO za 4 osobe"},"content":{"rendered":"<p>16 dijelova za 4 osobe<br \/>\n100% melanin<br \/>\nSigurno za hranu<br \/>\nMo\u017ee se prati u perilici posu\u0111a<br \/>\nProtuklizni prsten na dnu osigurava siguran stalak na svakom stolu<\/p>\n<p>Set posu\u0111a se sastoji od:<\/p>\n<p>4 tanjura (\u00d8 26,5 cm)<br \/>\n4 desertna tanjura (\u00d8 21,7 cm)<br \/>\n4 zdjelice (\u00d8 16 cm, visina 5 cm, volumen cca. 500 ml)<br \/>\n4 \u0161alice s dr\u0161kom (\u00d8 7 cm, visina 10,5 cm, volumen 300 ml)<\/p>\n<p>Napomena: Otporan na temperaturu do maksimalno 70\u00b0C maksimalno 2 sata<\/p>\n<p>Boja: crna\/bijela<br \/>\nMaterijal: melamin<br \/>\nMo\u017ee se prati u perilici posu\u0111a: Da<br \/>\nSigurno u mikrovalnoj pe\u0107nici: Ne<br \/>\nTe\u017eina: 3 kg<\/p>\n<p>&nbsp;<\/p>\n","protected":false},"excerpt":{"rendered":"<p>16 dijelova za 4 osobe 100% melanin Sigurno za hranu Mo\u017ee se prati u perilici posu\u0111a Protuklizni prsten na dnu osigurava siguran stalak na svakom stolu Set posu\u0111a se sastoji od: 4 tanjura (\u00d8 26,5 cm) 4 desertna tanjura (\u00d8 21,7 cm) 4 zdjelice (\u00d8 16 cm, visina 5 cm, volumen cca. 500 ml) 4 [&hellip;]<\/p>\n","protected":false},"featured_media":20874,"comment_status":"open","ping_status":"closed","template":"","meta":{"_acf_changed":false,"_themeisle_gutenberg_block_has_review":false},"product_brand":[],"product_cat":[206,246],"product_tag":[],"class_list":{"0":"post-20873","1":"product","2":"type-product","3":"status-publish","4":"has-post-thumbnail","6":"product_cat-household-kitchen","7":"product_cat-posude-household-kitchen","9":"first","10":"instock","11":"shipping-taxable","12":"purchasable","13":"product-type-simple"},"acf":[],"yoast_head":"<!-- This site is optimized with the Yoast SEO plugin v27.4 - https:\/\/yoast.com\/product\/yoast-seo-wordpress\/ -->\n<title>Posu\u0111e melamin CUNEO za 4 osobe | Petroni - rent | sale | service | conversions<\/title>\n<meta name=\"robots\" content=\"index, follow, max-snippet:-1, max-image-preview:large, max-video-preview:-1\" \/>\n<link rel=\"canonical\" href=\"https:\/\/www.petroni.hr\/en\/proizvod\/posude-melamin-cuneo-za-4-osobe\/\" \/>\n<meta property=\"og:locale\" content=\"en_US\" \/>\n<meta property=\"og:type\" content=\"article\" \/>\n<meta property=\"og:title\" content=\"Posu\u0111e melamin CUNEO za 4 osobe | Petroni - rent | sale | service | conversions\" \/>\n<meta property=\"og:description\" content=\"16 dijelova za 4 osobe 100% melanin Sigurno za hranu Mo\u017ee se prati u perilici posu\u0111a Protuklizni prsten na dnu osigurava siguran stalak na svakom stolu Set posu\u0111a se sastoji od: 4 tanjura (\u00d8 26,5 cm) 4 desertna tanjura (\u00d8 21,7 cm) 4 zdjelice (\u00d8 16 cm, visina 5 cm, volumen cca. 500 ml) 4 [&hellip;]\" \/>\n<meta property=\"og:url\" content=\"https:\/\/www.petroni.hr\/en\/proizvod\/posude-melamin-cuneo-za-4-osobe\/\" \/>\n<meta property=\"og:site_name\" content=\"Petroni - rent | sale | service | conversions\" \/>\n<meta property=\"article:publisher\" content=\"https:\/\/www.facebook.com\/Kamperi.Petroni.Sesvete\/?locale=hr_HR\" \/>\n<meta property=\"article:modified_time\" content=\"2025-07-23T05:55:39+00:00\" \/>\n<meta property=\"og:image\" content=\"https:\/\/www.petroni.hr\/wp-content\/uploads\/2024\/04\/91713-posude-melamin-Cuneo.jpg\" \/>\n\t<meta property=\"og:image:width\" content=\"800\" \/>\n\t<meta property=\"og:image:height\" content=\"586\" \/>\n\t<meta property=\"og:image:type\" content=\"image\/jpeg\" \/>\n<meta name=\"twitter:card\" content=\"summary_large_image\" \/>\n<meta name=\"twitter:label1\" content=\"Est. reading time\" \/>\n\t<meta name=\"twitter:data1\" content=\"1 minute\" \/>\n<script type=\"application\/ld+json\" class=\"yoast-schema-graph\">{\"@context\":\"https:\\\/\\\/schema.org\",\"@graph\":[{\"@type\":\"WebPage\",\"@id\":\"https:\\\/\\\/www.petroni.hr\\\/en\\\/proizvod\\\/posude-melamin-cuneo-za-4-osobe\\\/\",\"url\":\"https:\\\/\\\/www.petroni.hr\\\/en\\\/proizvod\\\/posude-melamin-cuneo-za-4-osobe\\\/\",\"name\":\"Posu\u0111e melamin CUNEO za 4 osobe | Petroni - rent | sale | service | conversions\",\"isPartOf\":{\"@id\":\"https:\\\/\\\/www.petroni.hr\\\/en\\\/#website\"},\"primaryImageOfPage\":{\"@id\":\"https:\\\/\\\/www.petroni.hr\\\/en\\\/proizvod\\\/posude-melamin-cuneo-za-4-osobe\\\/#primaryimage\"},\"image\":{\"@id\":\"https:\\\/\\\/www.petroni.hr\\\/en\\\/proizvod\\\/posude-melamin-cuneo-za-4-osobe\\\/#primaryimage\"},\"thumbnailUrl\":\"https:\\\/\\\/www.petroni.hr\\\/wp-content\\\/uploads\\\/2024\\\/04\\\/91713-posude-melamin-Cuneo.jpg\",\"datePublished\":\"2024-04-27T04:35:59+00:00\",\"dateModified\":\"2025-07-23T05:55:39+00:00\",\"breadcrumb\":{\"@id\":\"https:\\\/\\\/www.petroni.hr\\\/en\\\/proizvod\\\/posude-melamin-cuneo-za-4-osobe\\\/#breadcrumb\"},\"inLanguage\":\"en-US\",\"potentialAction\":[{\"@type\":\"ReadAction\",\"target\":[\"https:\\\/\\\/www.petroni.hr\\\/en\\\/proizvod\\\/posude-melamin-cuneo-za-4-osobe\\\/\"]}]},{\"@type\":\"ImageObject\",\"inLanguage\":\"en-US\",\"@id\":\"https:\\\/\\\/www.petroni.hr\\\/en\\\/proizvod\\\/posude-melamin-cuneo-za-4-osobe\\\/#primaryimage\",\"url\":\"https:\\\/\\\/www.petroni.hr\\\/wp-content\\\/uploads\\\/2024\\\/04\\\/91713-posude-melamin-Cuneo.jpg\",\"contentUrl\":\"https:\\\/\\\/www.petroni.hr\\\/wp-content\\\/uploads\\\/2024\\\/04\\\/91713-posude-melamin-Cuneo.jpg\",\"width\":800,\"height\":586},{\"@type\":\"BreadcrumbList\",\"@id\":\"https:\\\/\\\/www.petroni.hr\\\/en\\\/proizvod\\\/posude-melamin-cuneo-za-4-osobe\\\/#breadcrumb\",\"itemListElement\":[{\"@type\":\"ListItem\",\"position\":1,\"name\":\"Po\u010detna stranica\",\"item\":\"https:\\\/\\\/www.petroni.hr\\\/en\\\/\"},{\"@type\":\"ListItem\",\"position\":2,\"name\":\"Shop\",\"item\":\"https:\\\/\\\/www.petroni.hr\\\/en\\\/shop\\\/\"},{\"@type\":\"ListItem\",\"position\":3,\"name\":\"Posu\u0111e melamin CUNEO za 4 osobe\"}]},{\"@type\":\"WebSite\",\"@id\":\"https:\\\/\\\/www.petroni.hr\\\/en\\\/#website\",\"url\":\"https:\\\/\\\/www.petroni.hr\\\/en\\\/\",\"name\":\"Petroni.hr\",\"description\":\"Experience the unprecedented freedom of travel\",\"publisher\":{\"@id\":\"https:\\\/\\\/www.petroni.hr\\\/en\\\/#organization\"},\"alternateName\":\"Petroni\",\"potentialAction\":[{\"@type\":\"SearchAction\",\"target\":{\"@type\":\"EntryPoint\",\"urlTemplate\":\"https:\\\/\\\/www.petroni.hr\\\/en\\\/?s={search_term_string}\"},\"query-input\":{\"@type\":\"PropertyValueSpecification\",\"valueRequired\":true,\"valueName\":\"search_term_string\"}}],\"inLanguage\":\"en-US\"},{\"@type\":\"Organization\",\"@id\":\"https:\\\/\\\/www.petroni.hr\\\/en\\\/#organization\",\"name\":\"Petroni d.o.o.\",\"alternateName\":\"Petroni\",\"url\":\"https:\\\/\\\/www.petroni.hr\\\/en\\\/\",\"logo\":{\"@type\":\"ImageObject\",\"inLanguage\":\"en-US\",\"@id\":\"https:\\\/\\\/www.petroni.hr\\\/en\\\/#\\\/schema\\\/logo\\\/image\\\/\",\"url\":\"https:\\\/\\\/www.petroni.hr\\\/wp-content\\\/uploads\\\/2024\\\/03\\\/cropped-Group-3.jpg\",\"contentUrl\":\"https:\\\/\\\/www.petroni.hr\\\/wp-content\\\/uploads\\\/2024\\\/03\\\/cropped-Group-3.jpg\",\"width\":512,\"height\":512,\"caption\":\"Petroni d.o.o.\"},\"image\":{\"@id\":\"https:\\\/\\\/www.petroni.hr\\\/en\\\/#\\\/schema\\\/logo\\\/image\\\/\"},\"sameAs\":[\"https:\\\/\\\/www.facebook.com\\\/Kamperi.Petroni.Sesvete\\\/?locale=hr_HR\"]}]}<\/script>\n<!-- \/ Yoast SEO plugin. -->","yoast_head_json":{"title":"Posu\u0111e melamin CUNEO za 4 osobe | Petroni - rent | sale | service | conversions","robots":{"index":"index","follow":"follow","max-snippet":"max-snippet:-1","max-image-preview":"max-image-preview:large","max-video-preview":"max-video-preview:-1"},"canonical":"https:\/\/www.petroni.hr\/en\/proizvod\/posude-melamin-cuneo-za-4-osobe\/","og_locale":"en_US","og_type":"article","og_title":"Posu\u0111e melamin CUNEO za 4 osobe | Petroni - rent | sale | service | conversions","og_description":"16 dijelova za 4 osobe 100% melanin Sigurno za hranu Mo\u017ee se prati u perilici posu\u0111a Protuklizni prsten na dnu osigurava siguran stalak na svakom stolu Set posu\u0111a se sastoji od: 4 tanjura (\u00d8 26,5 cm) 4 desertna tanjura (\u00d8 21,7 cm) 4 zdjelice (\u00d8 16 cm, visina 5 cm, volumen cca. 500 ml) 4 [&hellip;]","og_url":"https:\/\/www.petroni.hr\/en\/proizvod\/posude-melamin-cuneo-za-4-osobe\/","og_site_name":"Petroni - rent | sale | service | conversions","article_publisher":"https:\/\/www.facebook.com\/Kamperi.Petroni.Sesvete\/?locale=hr_HR","article_modified_time":"2025-07-23T05:55:39+00:00","og_image":[{"width":800,"height":586,"url":"https:\/\/www.petroni.hr\/wp-content\/uploads\/2024\/04\/91713-posude-melamin-Cuneo.jpg","type":"image\/jpeg"}],"twitter_card":"summary_large_image","twitter_misc":{"Est. reading time":"1 minute"},"schema":{"@context":"https:\/\/schema.org","@graph":[{"@type":"WebPage","@id":"https:\/\/www.petroni.hr\/en\/proizvod\/posude-melamin-cuneo-za-4-osobe\/","url":"https:\/\/www.petroni.hr\/en\/proizvod\/posude-melamin-cuneo-za-4-osobe\/","name":"Posu\u0111e melamin CUNEO za 4 osobe | Petroni - rent | sale | service | conversions","isPartOf":{"@id":"https:\/\/www.petroni.hr\/en\/#website"},"primaryImageOfPage":{"@id":"https:\/\/www.petroni.hr\/en\/proizvod\/posude-melamin-cuneo-za-4-osobe\/#primaryimage"},"image":{"@id":"https:\/\/www.petroni.hr\/en\/proizvod\/posude-melamin-cuneo-za-4-osobe\/#primaryimage"},"thumbnailUrl":"https:\/\/www.petroni.hr\/wp-content\/uploads\/2024\/04\/91713-posude-melamin-Cuneo.jpg","datePublished":"2024-04-27T04:35:59+00:00","dateModified":"2025-07-23T05:55:39+00:00","breadcrumb":{"@id":"https:\/\/www.petroni.hr\/en\/proizvod\/posude-melamin-cuneo-za-4-osobe\/#breadcrumb"},"inLanguage":"en-US","potentialAction":[{"@type":"ReadAction","target":["https:\/\/www.petroni.hr\/en\/proizvod\/posude-melamin-cuneo-za-4-osobe\/"]}]},{"@type":"ImageObject","inLanguage":"en-US","@id":"https:\/\/www.petroni.hr\/en\/proizvod\/posude-melamin-cuneo-za-4-osobe\/#primaryimage","url":"https:\/\/www.petroni.hr\/wp-content\/uploads\/2024\/04\/91713-posude-melamin-Cuneo.jpg","contentUrl":"https:\/\/www.petroni.hr\/wp-content\/uploads\/2024\/04\/91713-posude-melamin-Cuneo.jpg","width":800,"height":586},{"@type":"BreadcrumbList","@id":"https:\/\/www.petroni.hr\/en\/proizvod\/posude-melamin-cuneo-za-4-osobe\/#breadcrumb","itemListElement":[{"@type":"ListItem","position":1,"name":"Po\u010detna stranica","item":"https:\/\/www.petroni.hr\/en\/"},{"@type":"ListItem","position":2,"name":"Shop","item":"https:\/\/www.petroni.hr\/en\/shop\/"},{"@type":"ListItem","position":3,"name":"Posu\u0111e melamin CUNEO za 4 osobe"}]},{"@type":"WebSite","@id":"https:\/\/www.petroni.hr\/en\/#website","url":"https:\/\/www.petroni.hr\/en\/","name":"Petroni.hr","description":"Experience the unprecedented freedom of travel","publisher":{"@id":"https:\/\/www.petroni.hr\/en\/#organization"},"alternateName":"Petroni","potentialAction":[{"@type":"SearchAction","target":{"@type":"EntryPoint","urlTemplate":"https:\/\/www.petroni.hr\/en\/?s={search_term_string}"},"query-input":{"@type":"PropertyValueSpecification","valueRequired":true,"valueName":"search_term_string"}}],"inLanguage":"en-US"},{"@type":"Organization","@id":"https:\/\/www.petroni.hr\/en\/#organization","name":"Petroni d.o.o.","alternateName":"Petroni","url":"https:\/\/www.petroni.hr\/en\/","logo":{"@type":"ImageObject","inLanguage":"en-US","@id":"https:\/\/www.petroni.hr\/en\/#\/schema\/logo\/image\/","url":"https:\/\/www.petroni.hr\/wp-content\/uploads\/2024\/03\/cropped-Group-3.jpg","contentUrl":"https:\/\/www.petroni.hr\/wp-content\/uploads\/2024\/03\/cropped-Group-3.jpg","width":512,"height":512,"caption":"Petroni d.o.o."},"image":{"@id":"https:\/\/www.petroni.hr\/en\/#\/schema\/logo\/image\/"},"sameAs":["https:\/\/www.facebook.com\/Kamperi.Petroni.Sesvete\/?locale=hr_HR"]}]}},"_links":{"self":[{"href":"https:\/\/www.petroni.hr\/en\/wp-json\/wp\/v2\/product\/20873","targetHints":{"allow":["GET"]}}],"collection":[{"href":"https:\/\/www.petroni.hr\/en\/wp-json\/wp\/v2\/product"}],"about":[{"href":"https:\/\/www.petroni.hr\/en\/wp-json\/wp\/v2\/types\/product"}],"replies":[{"embeddable":true,"href":"https:\/\/www.petroni.hr\/en\/wp-json\/wp\/v2\/comments?post=20873"}],"wp:featuredmedia":[{"embeddable":true,"href":"https:\/\/www.petroni.hr\/en\/wp-json\/wp\/v2\/media\/20874"}],"wp:attachment":[{"href":"https:\/\/www.petroni.hr\/en\/wp-json\/wp\/v2\/media?parent=20873"}],"wp:term":[{"taxonomy":"product_brand","embeddable":true,"href":"https:\/\/www.petroni.hr\/en\/wp-json\/wp\/v2\/product_brand?post=20873"},{"taxonomy":"product_cat","embeddable":true,"href":"https:\/\/www.petroni.hr\/en\/wp-json\/wp\/v2\/product_cat?post=20873"},{"taxonomy":"product_tag","embeddable":true,"href":"https:\/\/www.petroni.hr\/en\/wp-json\/wp\/v2\/product_tag?post=20873"}],"curies":[{"name":"wp","href":"https:\/\/api.w.org\/{rel}","templated":true}]}}