{"id":20811,"date":"2024-04-17T07:30:28","date_gmt":"2024-04-17T06:30:28","guid":{"rendered":"https:\/\/www.petroni.hr\/?post_type=product&#038;p=20811"},"modified":"2026-02-20T13:53:27","modified_gmt":"2026-02-20T12:53:27","slug":"sampon-za-pranje-kampera-rinowash-2-litre","status":"publish","type":"product","link":"https:\/\/www.petroni.hr\/en\/proizvod\/sampon-za-pranje-kampera-rinowash-2-litre\/","title":{"rendered":"\u0160ampon za pranje kampera RINOWash 2 litre"},"content":{"rendered":"<ul class=\"a-unordered-list a-vertical a-spacing-mini\">\n<li class=\"a-spacing-mini\"><span class=\"a-list-item\"><span>RinoWASH STRONG je brzi deterd\u017eent za pranje vanjskog dijela va\u0161eg kampera. Njegova specifi\u010dna formula mo\u017ee u\u010dinkovito i bez dodatnog napora ukloniti sve vrste prljav\u0161tine, uklju\u010duju\u0107i mu\u0161ice, masno\u0107u, smog i omra\u017eene crne linije.<\/span><\/span><\/li>\n<li class=\"a-spacing-mini\"><span class=\"a-list-item\"><span>RinoWASH STRONG se mo\u017ee koristiti razrije\u0111en s vodom u omjeru 1:10 za obi\u010dno \u010di\u0161\u0107enje ili \u010disti za uklanjanje najtvrdokornijih ne\u010disto\u0107a.<\/span><\/span><\/li>\n<li class=\"a-spacing-mini\"><span class=\"a-list-item\"><span>Koristiti razrije\u0111eno na kromiranim povr\u0161inama i aluminiju. Koristite proizvod dalje od izravne sun\u010deve svjetlosti, ne dopustite da se osu\u0161i na tretiranim povr\u0161inama. Ne sadr\u017ei fosfate.<\/span><\/span><\/li>\n<\/ul>\n","protected":false},"excerpt":{"rendered":"<p>RinoWASH STRONG je brzi deterd\u017eent za pranje vanjskog dijela va\u0161eg kampera. Njegova specifi\u010dna formula mo\u017ee u\u010dinkovito i bez dodatnog napora ukloniti sve vrste prljav\u0161tine, uklju\u010duju\u0107i mu\u0161ice, masno\u0107u, smog i omra\u017eene crne linije. RinoWASH STRONG se mo\u017ee koristiti razrije\u0111en s vodom u omjeru 1:10 za obi\u010dno \u010di\u0161\u0107enje ili \u010disti za uklanjanje najtvrdokornijih ne\u010disto\u0107a. Koristiti razrije\u0111eno na [&hellip;]<\/p>\n","protected":false},"featured_media":20812,"comment_status":"open","ping_status":"closed","template":"","meta":{"_acf_changed":false,"_themeisle_gutenberg_block_has_review":false},"product_brand":[],"product_cat":[220],"product_tag":[],"class_list":{"0":"post-20811","1":"product","2":"type-product","3":"status-publish","4":"has-post-thumbnail","6":"product_cat-chemicals-and-liquids","8":"first","9":"instock","10":"shipping-taxable","11":"purchasable","12":"product-type-simple"},"acf":[],"yoast_head":"<!-- This site is optimized with the Yoast SEO plugin v27.4 - https:\/\/yoast.com\/product\/yoast-seo-wordpress\/ -->\n<title>\u0160ampon za pranje kampera RINOWash 2 litre | Petroni - rent | sale | service | conversions<\/title>\n<meta name=\"robots\" content=\"index, follow, max-snippet:-1, max-image-preview:large, max-video-preview:-1\" \/>\n<link rel=\"canonical\" href=\"https:\/\/www.petroni.hr\/en\/proizvod\/sampon-za-pranje-kampera-rinowash-2-litre\/\" \/>\n<meta property=\"og:locale\" content=\"en_US\" \/>\n<meta property=\"og:type\" content=\"article\" \/>\n<meta property=\"og:title\" content=\"\u0160ampon za pranje kampera RINOWash 2 litre | Petroni - rent | sale | service | conversions\" \/>\n<meta property=\"og:description\" content=\"RinoWASH STRONG je brzi deterd\u017eent za pranje vanjskog dijela va\u0161eg kampera. Njegova specifi\u010dna formula mo\u017ee u\u010dinkovito i bez dodatnog napora ukloniti sve vrste prljav\u0161tine, uklju\u010duju\u0107i mu\u0161ice, masno\u0107u, smog i omra\u017eene crne linije. RinoWASH STRONG se mo\u017ee koristiti razrije\u0111en s vodom u omjeru 1:10 za obi\u010dno \u010di\u0161\u0107enje ili \u010disti za uklanjanje najtvrdokornijih ne\u010disto\u0107a. Koristiti razrije\u0111eno na [&hellip;]\" \/>\n<meta property=\"og:url\" content=\"https:\/\/www.petroni.hr\/en\/proizvod\/sampon-za-pranje-kampera-rinowash-2-litre\/\" \/>\n<meta property=\"og:site_name\" content=\"Petroni - rent | sale | service | conversions\" \/>\n<meta property=\"article:publisher\" content=\"https:\/\/www.facebook.com\/Kamperi.Petroni.Sesvete\/?locale=hr_HR\" \/>\n<meta property=\"article:modified_time\" content=\"2026-02-20T12:53:27+00:00\" \/>\n<meta property=\"og:image\" content=\"https:\/\/www.petroni.hr\/wp-content\/uploads\/2024\/04\/sampon-za-pranje-kampera.jpg\" \/>\n\t<meta property=\"og:image:width\" content=\"306\" \/>\n\t<meta property=\"og:image:height\" content=\"494\" \/>\n\t<meta property=\"og:image:type\" content=\"image\/jpeg\" \/>\n<meta name=\"twitter:card\" content=\"summary_large_image\" \/>\n<meta name=\"twitter:label1\" content=\"Est. reading time\" \/>\n\t<meta name=\"twitter:data1\" content=\"1 minute\" \/>\n<script type=\"application\/ld+json\" class=\"yoast-schema-graph\">{\"@context\":\"https:\\\/\\\/schema.org\",\"@graph\":[{\"@type\":\"WebPage\",\"@id\":\"https:\\\/\\\/www.petroni.hr\\\/en\\\/proizvod\\\/sampon-za-pranje-kampera-rinowash-2-litre\\\/\",\"url\":\"https:\\\/\\\/www.petroni.hr\\\/en\\\/proizvod\\\/sampon-za-pranje-kampera-rinowash-2-litre\\\/\",\"name\":\"\u0160ampon za pranje kampera RINOWash 2 litre | Petroni - rent | sale | service | conversions\",\"isPartOf\":{\"@id\":\"https:\\\/\\\/www.petroni.hr\\\/en\\\/#website\"},\"primaryImageOfPage\":{\"@id\":\"https:\\\/\\\/www.petroni.hr\\\/en\\\/proizvod\\\/sampon-za-pranje-kampera-rinowash-2-litre\\\/#primaryimage\"},\"image\":{\"@id\":\"https:\\\/\\\/www.petroni.hr\\\/en\\\/proizvod\\\/sampon-za-pranje-kampera-rinowash-2-litre\\\/#primaryimage\"},\"thumbnailUrl\":\"https:\\\/\\\/www.petroni.hr\\\/wp-content\\\/uploads\\\/2024\\\/04\\\/sampon-za-pranje-kampera.jpg\",\"datePublished\":\"2024-04-17T06:30:28+00:00\",\"dateModified\":\"2026-02-20T12:53:27+00:00\",\"breadcrumb\":{\"@id\":\"https:\\\/\\\/www.petroni.hr\\\/en\\\/proizvod\\\/sampon-za-pranje-kampera-rinowash-2-litre\\\/#breadcrumb\"},\"inLanguage\":\"en-US\",\"potentialAction\":[{\"@type\":\"ReadAction\",\"target\":[\"https:\\\/\\\/www.petroni.hr\\\/en\\\/proizvod\\\/sampon-za-pranje-kampera-rinowash-2-litre\\\/\"]}]},{\"@type\":\"ImageObject\",\"inLanguage\":\"en-US\",\"@id\":\"https:\\\/\\\/www.petroni.hr\\\/en\\\/proizvod\\\/sampon-za-pranje-kampera-rinowash-2-litre\\\/#primaryimage\",\"url\":\"https:\\\/\\\/www.petroni.hr\\\/wp-content\\\/uploads\\\/2024\\\/04\\\/sampon-za-pranje-kampera.jpg\",\"contentUrl\":\"https:\\\/\\\/www.petroni.hr\\\/wp-content\\\/uploads\\\/2024\\\/04\\\/sampon-za-pranje-kampera.jpg\",\"width\":306,\"height\":494},{\"@type\":\"BreadcrumbList\",\"@id\":\"https:\\\/\\\/www.petroni.hr\\\/en\\\/proizvod\\\/sampon-za-pranje-kampera-rinowash-2-litre\\\/#breadcrumb\",\"itemListElement\":[{\"@type\":\"ListItem\",\"position\":1,\"name\":\"Po\u010detna stranica\",\"item\":\"https:\\\/\\\/www.petroni.hr\\\/en\\\/\"},{\"@type\":\"ListItem\",\"position\":2,\"name\":\"Shop\",\"item\":\"https:\\\/\\\/www.petroni.hr\\\/en\\\/shop\\\/\"},{\"@type\":\"ListItem\",\"position\":3,\"name\":\"\u0160ampon za pranje kampera RINOWash 2 litre\"}]},{\"@type\":\"WebSite\",\"@id\":\"https:\\\/\\\/www.petroni.hr\\\/en\\\/#website\",\"url\":\"https:\\\/\\\/www.petroni.hr\\\/en\\\/\",\"name\":\"Petroni.hr\",\"description\":\"Experience the unprecedented freedom of travel\",\"publisher\":{\"@id\":\"https:\\\/\\\/www.petroni.hr\\\/en\\\/#organization\"},\"alternateName\":\"Petroni\",\"potentialAction\":[{\"@type\":\"SearchAction\",\"target\":{\"@type\":\"EntryPoint\",\"urlTemplate\":\"https:\\\/\\\/www.petroni.hr\\\/en\\\/?s={search_term_string}\"},\"query-input\":{\"@type\":\"PropertyValueSpecification\",\"valueRequired\":true,\"valueName\":\"search_term_string\"}}],\"inLanguage\":\"en-US\"},{\"@type\":\"Organization\",\"@id\":\"https:\\\/\\\/www.petroni.hr\\\/en\\\/#organization\",\"name\":\"Petroni d.o.o.\",\"alternateName\":\"Petroni\",\"url\":\"https:\\\/\\\/www.petroni.hr\\\/en\\\/\",\"logo\":{\"@type\":\"ImageObject\",\"inLanguage\":\"en-US\",\"@id\":\"https:\\\/\\\/www.petroni.hr\\\/en\\\/#\\\/schema\\\/logo\\\/image\\\/\",\"url\":\"https:\\\/\\\/www.petroni.hr\\\/wp-content\\\/uploads\\\/2024\\\/03\\\/cropped-Group-3.jpg\",\"contentUrl\":\"https:\\\/\\\/www.petroni.hr\\\/wp-content\\\/uploads\\\/2024\\\/03\\\/cropped-Group-3.jpg\",\"width\":512,\"height\":512,\"caption\":\"Petroni d.o.o.\"},\"image\":{\"@id\":\"https:\\\/\\\/www.petroni.hr\\\/en\\\/#\\\/schema\\\/logo\\\/image\\\/\"},\"sameAs\":[\"https:\\\/\\\/www.facebook.com\\\/Kamperi.Petroni.Sesvete\\\/?locale=hr_HR\"]}]}<\/script>\n<!-- \/ Yoast SEO plugin. -->","yoast_head_json":{"title":"\u0160ampon za pranje kampera RINOWash 2 litre | Petroni - rent | sale | service | conversions","robots":{"index":"index","follow":"follow","max-snippet":"max-snippet:-1","max-image-preview":"max-image-preview:large","max-video-preview":"max-video-preview:-1"},"canonical":"https:\/\/www.petroni.hr\/en\/proizvod\/sampon-za-pranje-kampera-rinowash-2-litre\/","og_locale":"en_US","og_type":"article","og_title":"\u0160ampon za pranje kampera RINOWash 2 litre | Petroni - rent | sale | service | conversions","og_description":"RinoWASH STRONG je brzi deterd\u017eent za pranje vanjskog dijela va\u0161eg kampera. Njegova specifi\u010dna formula mo\u017ee u\u010dinkovito i bez dodatnog napora ukloniti sve vrste prljav\u0161tine, uklju\u010duju\u0107i mu\u0161ice, masno\u0107u, smog i omra\u017eene crne linije. RinoWASH STRONG se mo\u017ee koristiti razrije\u0111en s vodom u omjeru 1:10 za obi\u010dno \u010di\u0161\u0107enje ili \u010disti za uklanjanje najtvrdokornijih ne\u010disto\u0107a. Koristiti razrije\u0111eno na [&hellip;]","og_url":"https:\/\/www.petroni.hr\/en\/proizvod\/sampon-za-pranje-kampera-rinowash-2-litre\/","og_site_name":"Petroni - rent | sale | service | conversions","article_publisher":"https:\/\/www.facebook.com\/Kamperi.Petroni.Sesvete\/?locale=hr_HR","article_modified_time":"2026-02-20T12:53:27+00:00","og_image":[{"width":306,"height":494,"url":"https:\/\/www.petroni.hr\/wp-content\/uploads\/2024\/04\/sampon-za-pranje-kampera.jpg","type":"image\/jpeg"}],"twitter_card":"summary_large_image","twitter_misc":{"Est. reading time":"1 minute"},"schema":{"@context":"https:\/\/schema.org","@graph":[{"@type":"WebPage","@id":"https:\/\/www.petroni.hr\/en\/proizvod\/sampon-za-pranje-kampera-rinowash-2-litre\/","url":"https:\/\/www.petroni.hr\/en\/proizvod\/sampon-za-pranje-kampera-rinowash-2-litre\/","name":"\u0160ampon za pranje kampera RINOWash 2 litre | Petroni - rent | sale | service | conversions","isPartOf":{"@id":"https:\/\/www.petroni.hr\/en\/#website"},"primaryImageOfPage":{"@id":"https:\/\/www.petroni.hr\/en\/proizvod\/sampon-za-pranje-kampera-rinowash-2-litre\/#primaryimage"},"image":{"@id":"https:\/\/www.petroni.hr\/en\/proizvod\/sampon-za-pranje-kampera-rinowash-2-litre\/#primaryimage"},"thumbnailUrl":"https:\/\/www.petroni.hr\/wp-content\/uploads\/2024\/04\/sampon-za-pranje-kampera.jpg","datePublished":"2024-04-17T06:30:28+00:00","dateModified":"2026-02-20T12:53:27+00:00","breadcrumb":{"@id":"https:\/\/www.petroni.hr\/en\/proizvod\/sampon-za-pranje-kampera-rinowash-2-litre\/#breadcrumb"},"inLanguage":"en-US","potentialAction":[{"@type":"ReadAction","target":["https:\/\/www.petroni.hr\/en\/proizvod\/sampon-za-pranje-kampera-rinowash-2-litre\/"]}]},{"@type":"ImageObject","inLanguage":"en-US","@id":"https:\/\/www.petroni.hr\/en\/proizvod\/sampon-za-pranje-kampera-rinowash-2-litre\/#primaryimage","url":"https:\/\/www.petroni.hr\/wp-content\/uploads\/2024\/04\/sampon-za-pranje-kampera.jpg","contentUrl":"https:\/\/www.petroni.hr\/wp-content\/uploads\/2024\/04\/sampon-za-pranje-kampera.jpg","width":306,"height":494},{"@type":"BreadcrumbList","@id":"https:\/\/www.petroni.hr\/en\/proizvod\/sampon-za-pranje-kampera-rinowash-2-litre\/#breadcrumb","itemListElement":[{"@type":"ListItem","position":1,"name":"Po\u010detna stranica","item":"https:\/\/www.petroni.hr\/en\/"},{"@type":"ListItem","position":2,"name":"Shop","item":"https:\/\/www.petroni.hr\/en\/shop\/"},{"@type":"ListItem","position":3,"name":"\u0160ampon za pranje kampera RINOWash 2 litre"}]},{"@type":"WebSite","@id":"https:\/\/www.petroni.hr\/en\/#website","url":"https:\/\/www.petroni.hr\/en\/","name":"Petroni.hr","description":"Experience the unprecedented freedom of travel","publisher":{"@id":"https:\/\/www.petroni.hr\/en\/#organization"},"alternateName":"Petroni","potentialAction":[{"@type":"SearchAction","target":{"@type":"EntryPoint","urlTemplate":"https:\/\/www.petroni.hr\/en\/?s={search_term_string}"},"query-input":{"@type":"PropertyValueSpecification","valueRequired":true,"valueName":"search_term_string"}}],"inLanguage":"en-US"},{"@type":"Organization","@id":"https:\/\/www.petroni.hr\/en\/#organization","name":"Petroni d.o.o.","alternateName":"Petroni","url":"https:\/\/www.petroni.hr\/en\/","logo":{"@type":"ImageObject","inLanguage":"en-US","@id":"https:\/\/www.petroni.hr\/en\/#\/schema\/logo\/image\/","url":"https:\/\/www.petroni.hr\/wp-content\/uploads\/2024\/03\/cropped-Group-3.jpg","contentUrl":"https:\/\/www.petroni.hr\/wp-content\/uploads\/2024\/03\/cropped-Group-3.jpg","width":512,"height":512,"caption":"Petroni d.o.o."},"image":{"@id":"https:\/\/www.petroni.hr\/en\/#\/schema\/logo\/image\/"},"sameAs":["https:\/\/www.facebook.com\/Kamperi.Petroni.Sesvete\/?locale=hr_HR"]}]}},"_links":{"self":[{"href":"https:\/\/www.petroni.hr\/en\/wp-json\/wp\/v2\/product\/20811","targetHints":{"allow":["GET"]}}],"collection":[{"href":"https:\/\/www.petroni.hr\/en\/wp-json\/wp\/v2\/product"}],"about":[{"href":"https:\/\/www.petroni.hr\/en\/wp-json\/wp\/v2\/types\/product"}],"replies":[{"embeddable":true,"href":"https:\/\/www.petroni.hr\/en\/wp-json\/wp\/v2\/comments?post=20811"}],"wp:featuredmedia":[{"embeddable":true,"href":"https:\/\/www.petroni.hr\/en\/wp-json\/wp\/v2\/media\/20812"}],"wp:attachment":[{"href":"https:\/\/www.petroni.hr\/en\/wp-json\/wp\/v2\/media?parent=20811"}],"wp:term":[{"taxonomy":"product_brand","embeddable":true,"href":"https:\/\/www.petroni.hr\/en\/wp-json\/wp\/v2\/product_brand?post=20811"},{"taxonomy":"product_cat","embeddable":true,"href":"https:\/\/www.petroni.hr\/en\/wp-json\/wp\/v2\/product_cat?post=20811"},{"taxonomy":"product_tag","embeddable":true,"href":"https:\/\/www.petroni.hr\/en\/wp-json\/wp\/v2\/product_tag?post=20811"}],"curies":[{"name":"wp","href":"https:\/\/api.w.org\/{rel}","templated":true}]}}