{"id":20435,"date":"2020-08-29T15:04:41","date_gmt":"2020-08-29T14:04:41","guid":{"rendered":"https:\/\/www.petroni.hr\/proizvod\/traka-krovna-za-ucvrscenje-tendi-i-predsatora-14m\/"},"modified":"2025-08-06T05:34:48","modified_gmt":"2025-08-06T04:34:48","slug":"traka-krovna-za-ucvrscenje-tendi-i-predsatora-14m","status":"publish","type":"product","link":"https:\/\/www.petroni.hr\/en\/proizvod\/traka-krovna-za-ucvrscenje-tendi-i-predsatora-14m\/","title":{"rendered":"Traka krovna za u\u010dvr\u0161\u0107enje tendi i pred\u0161atora 14m"},"content":{"rendered":"<p>Za\u0161tita tendi i pred\u0161atora od vjetra i nevremena<br \/>\nTraka otporna na kidanje s klinovima i zateznom oprugom<br \/>\nT\u00dcV \/ GS, boja remena: crna<br \/>\nTraka du\u017eine 14m, \u0161irine 4cm<br \/>\nKlinovi 30cm<br \/>\nSadr\u017eaj: 1 traka s zateznom oprugom i 2 klina<\/p>\n<p>RE 432881<\/p>\n","protected":false},"excerpt":{"rendered":"<p>Za\u0161tita tendi i pred\u0161atora od vjetra i nevremena Traka otporna na kidanje s klinovima i zateznom oprugom T\u00dcV \/ GS, boja remena: crna Traka du\u017eine 14m, \u0161irine 4cm Klinovi 30cm Sadr\u017eaj: 1 traka s zateznom oprugom i 2 klina RE 432881<\/p>\n","protected":false},"featured_media":5883,"comment_status":"open","ping_status":"closed","template":"","meta":{"_acf_changed":false,"_themeisle_gutenberg_block_has_review":false},"product_brand":[],"product_cat":[294,280],"product_tag":[],"class_list":{"0":"post-20435","1":"product","2":"type-product","3":"status-publish","4":"has-post-thumbnail","6":"product_cat-awning-parts-en","7":"product_cat-awning-and-other-en","9":"first","10":"outofstock","11":"shipping-taxable","12":"purchasable","13":"product-type-simple"},"acf":[],"yoast_head":"<!-- This site is optimized with the Yoast SEO plugin v27.4 - https:\/\/yoast.com\/product\/yoast-seo-wordpress\/ -->\n<title>Traka krovna za u\u010dvr\u0161\u0107enje tendi i pred\u0161atora 14m | Petroni - rent | sale | service | conversions<\/title>\n<meta name=\"robots\" content=\"index, follow, max-snippet:-1, max-image-preview:large, max-video-preview:-1\" \/>\n<link rel=\"canonical\" href=\"https:\/\/www.petroni.hr\/en\/proizvod\/traka-krovna-za-ucvrscenje-tendi-i-predsatora-14m\/\" \/>\n<meta property=\"og:locale\" content=\"en_US\" \/>\n<meta property=\"og:type\" content=\"article\" \/>\n<meta property=\"og:title\" content=\"Traka krovna za u\u010dvr\u0161\u0107enje tendi i pred\u0161atora 14m | Petroni - rent | sale | service | conversions\" \/>\n<meta property=\"og:description\" content=\"Za\u0161tita tendi i pred\u0161atora od vjetra i nevremena Traka otporna na kidanje s klinovima i zateznom oprugom T\u00dcV \/ GS, boja remena: crna Traka du\u017eine 14m, \u0161irine 4cm Klinovi 30cm Sadr\u017eaj: 1 traka s zateznom oprugom i 2 klina RE 432881\" \/>\n<meta property=\"og:url\" content=\"https:\/\/www.petroni.hr\/en\/proizvod\/traka-krovna-za-ucvrscenje-tendi-i-predsatora-14m\/\" \/>\n<meta property=\"og:site_name\" content=\"Petroni - rent | sale | service | conversions\" \/>\n<meta property=\"article:publisher\" content=\"https:\/\/www.facebook.com\/Kamperi.Petroni.Sesvete\/?locale=hr_HR\" \/>\n<meta property=\"article:modified_time\" content=\"2025-08-06T04:34:48+00:00\" \/>\n<meta property=\"og:image\" content=\"https:\/\/www.petroni.hr\/wp-content\/uploads\/2020\/08\/432881_popup.jpg\" \/>\n\t<meta property=\"og:image:width\" content=\"731\" \/>\n\t<meta property=\"og:image:height\" content=\"600\" \/>\n\t<meta property=\"og:image:type\" content=\"image\/jpeg\" \/>\n<meta name=\"twitter:card\" content=\"summary_large_image\" \/>\n<script type=\"application\/ld+json\" class=\"yoast-schema-graph\">{\"@context\":\"https:\\\/\\\/schema.org\",\"@graph\":[{\"@type\":\"WebPage\",\"@id\":\"https:\\\/\\\/www.petroni.hr\\\/en\\\/proizvod\\\/traka-krovna-za-ucvrscenje-tendi-i-predsatora-14m\\\/\",\"url\":\"https:\\\/\\\/www.petroni.hr\\\/en\\\/proizvod\\\/traka-krovna-za-ucvrscenje-tendi-i-predsatora-14m\\\/\",\"name\":\"Traka krovna za u\u010dvr\u0161\u0107enje tendi i pred\u0161atora 14m | Petroni - rent | sale | service | conversions\",\"isPartOf\":{\"@id\":\"https:\\\/\\\/www.petroni.hr\\\/en\\\/#website\"},\"primaryImageOfPage\":{\"@id\":\"https:\\\/\\\/www.petroni.hr\\\/en\\\/proizvod\\\/traka-krovna-za-ucvrscenje-tendi-i-predsatora-14m\\\/#primaryimage\"},\"image\":{\"@id\":\"https:\\\/\\\/www.petroni.hr\\\/en\\\/proizvod\\\/traka-krovna-za-ucvrscenje-tendi-i-predsatora-14m\\\/#primaryimage\"},\"thumbnailUrl\":\"https:\\\/\\\/www.petroni.hr\\\/wp-content\\\/uploads\\\/2020\\\/08\\\/432881_popup.jpg\",\"datePublished\":\"2020-08-29T14:04:41+00:00\",\"dateModified\":\"2025-08-06T04:34:48+00:00\",\"breadcrumb\":{\"@id\":\"https:\\\/\\\/www.petroni.hr\\\/en\\\/proizvod\\\/traka-krovna-za-ucvrscenje-tendi-i-predsatora-14m\\\/#breadcrumb\"},\"inLanguage\":\"en-US\",\"potentialAction\":[{\"@type\":\"ReadAction\",\"target\":[\"https:\\\/\\\/www.petroni.hr\\\/en\\\/proizvod\\\/traka-krovna-za-ucvrscenje-tendi-i-predsatora-14m\\\/\"]}]},{\"@type\":\"ImageObject\",\"inLanguage\":\"en-US\",\"@id\":\"https:\\\/\\\/www.petroni.hr\\\/en\\\/proizvod\\\/traka-krovna-za-ucvrscenje-tendi-i-predsatora-14m\\\/#primaryimage\",\"url\":\"https:\\\/\\\/www.petroni.hr\\\/wp-content\\\/uploads\\\/2020\\\/08\\\/432881_popup.jpg\",\"contentUrl\":\"https:\\\/\\\/www.petroni.hr\\\/wp-content\\\/uploads\\\/2020\\\/08\\\/432881_popup.jpg\",\"width\":731,\"height\":600},{\"@type\":\"BreadcrumbList\",\"@id\":\"https:\\\/\\\/www.petroni.hr\\\/en\\\/proizvod\\\/traka-krovna-za-ucvrscenje-tendi-i-predsatora-14m\\\/#breadcrumb\",\"itemListElement\":[{\"@type\":\"ListItem\",\"position\":1,\"name\":\"Po\u010detna stranica\",\"item\":\"https:\\\/\\\/www.petroni.hr\\\/en\\\/\"},{\"@type\":\"ListItem\",\"position\":2,\"name\":\"Shop\",\"item\":\"https:\\\/\\\/www.petroni.hr\\\/en\\\/shop\\\/\"},{\"@type\":\"ListItem\",\"position\":3,\"name\":\"Traka krovna za u\u010dvr\u0161\u0107enje tendi i pred\u0161atora 14m\"}]},{\"@type\":\"WebSite\",\"@id\":\"https:\\\/\\\/www.petroni.hr\\\/en\\\/#website\",\"url\":\"https:\\\/\\\/www.petroni.hr\\\/en\\\/\",\"name\":\"Petroni.hr\",\"description\":\"Experience the unprecedented freedom of travel\",\"publisher\":{\"@id\":\"https:\\\/\\\/www.petroni.hr\\\/en\\\/#organization\"},\"alternateName\":\"Petroni\",\"potentialAction\":[{\"@type\":\"SearchAction\",\"target\":{\"@type\":\"EntryPoint\",\"urlTemplate\":\"https:\\\/\\\/www.petroni.hr\\\/en\\\/?s={search_term_string}\"},\"query-input\":{\"@type\":\"PropertyValueSpecification\",\"valueRequired\":true,\"valueName\":\"search_term_string\"}}],\"inLanguage\":\"en-US\"},{\"@type\":\"Organization\",\"@id\":\"https:\\\/\\\/www.petroni.hr\\\/en\\\/#organization\",\"name\":\"Petroni d.o.o.\",\"alternateName\":\"Petroni\",\"url\":\"https:\\\/\\\/www.petroni.hr\\\/en\\\/\",\"logo\":{\"@type\":\"ImageObject\",\"inLanguage\":\"en-US\",\"@id\":\"https:\\\/\\\/www.petroni.hr\\\/en\\\/#\\\/schema\\\/logo\\\/image\\\/\",\"url\":\"https:\\\/\\\/www.petroni.hr\\\/wp-content\\\/uploads\\\/2024\\\/03\\\/cropped-Group-3.jpg\",\"contentUrl\":\"https:\\\/\\\/www.petroni.hr\\\/wp-content\\\/uploads\\\/2024\\\/03\\\/cropped-Group-3.jpg\",\"width\":512,\"height\":512,\"caption\":\"Petroni d.o.o.\"},\"image\":{\"@id\":\"https:\\\/\\\/www.petroni.hr\\\/en\\\/#\\\/schema\\\/logo\\\/image\\\/\"},\"sameAs\":[\"https:\\\/\\\/www.facebook.com\\\/Kamperi.Petroni.Sesvete\\\/?locale=hr_HR\"]}]}<\/script>\n<!-- \/ Yoast SEO plugin. -->","yoast_head_json":{"title":"Traka krovna za u\u010dvr\u0161\u0107enje tendi i pred\u0161atora 14m | Petroni - rent | sale | service | conversions","robots":{"index":"index","follow":"follow","max-snippet":"max-snippet:-1","max-image-preview":"max-image-preview:large","max-video-preview":"max-video-preview:-1"},"canonical":"https:\/\/www.petroni.hr\/en\/proizvod\/traka-krovna-za-ucvrscenje-tendi-i-predsatora-14m\/","og_locale":"en_US","og_type":"article","og_title":"Traka krovna za u\u010dvr\u0161\u0107enje tendi i pred\u0161atora 14m | Petroni - rent | sale | service | conversions","og_description":"Za\u0161tita tendi i pred\u0161atora od vjetra i nevremena Traka otporna na kidanje s klinovima i zateznom oprugom T\u00dcV \/ GS, boja remena: crna Traka du\u017eine 14m, \u0161irine 4cm Klinovi 30cm Sadr\u017eaj: 1 traka s zateznom oprugom i 2 klina RE 432881","og_url":"https:\/\/www.petroni.hr\/en\/proizvod\/traka-krovna-za-ucvrscenje-tendi-i-predsatora-14m\/","og_site_name":"Petroni - rent | sale | service | conversions","article_publisher":"https:\/\/www.facebook.com\/Kamperi.Petroni.Sesvete\/?locale=hr_HR","article_modified_time":"2025-08-06T04:34:48+00:00","og_image":[{"width":731,"height":600,"url":"https:\/\/www.petroni.hr\/wp-content\/uploads\/2020\/08\/432881_popup.jpg","type":"image\/jpeg"}],"twitter_card":"summary_large_image","schema":{"@context":"https:\/\/schema.org","@graph":[{"@type":"WebPage","@id":"https:\/\/www.petroni.hr\/en\/proizvod\/traka-krovna-za-ucvrscenje-tendi-i-predsatora-14m\/","url":"https:\/\/www.petroni.hr\/en\/proizvod\/traka-krovna-za-ucvrscenje-tendi-i-predsatora-14m\/","name":"Traka krovna za u\u010dvr\u0161\u0107enje tendi i pred\u0161atora 14m | Petroni - rent | sale | service | conversions","isPartOf":{"@id":"https:\/\/www.petroni.hr\/en\/#website"},"primaryImageOfPage":{"@id":"https:\/\/www.petroni.hr\/en\/proizvod\/traka-krovna-za-ucvrscenje-tendi-i-predsatora-14m\/#primaryimage"},"image":{"@id":"https:\/\/www.petroni.hr\/en\/proizvod\/traka-krovna-za-ucvrscenje-tendi-i-predsatora-14m\/#primaryimage"},"thumbnailUrl":"https:\/\/www.petroni.hr\/wp-content\/uploads\/2020\/08\/432881_popup.jpg","datePublished":"2020-08-29T14:04:41+00:00","dateModified":"2025-08-06T04:34:48+00:00","breadcrumb":{"@id":"https:\/\/www.petroni.hr\/en\/proizvod\/traka-krovna-za-ucvrscenje-tendi-i-predsatora-14m\/#breadcrumb"},"inLanguage":"en-US","potentialAction":[{"@type":"ReadAction","target":["https:\/\/www.petroni.hr\/en\/proizvod\/traka-krovna-za-ucvrscenje-tendi-i-predsatora-14m\/"]}]},{"@type":"ImageObject","inLanguage":"en-US","@id":"https:\/\/www.petroni.hr\/en\/proizvod\/traka-krovna-za-ucvrscenje-tendi-i-predsatora-14m\/#primaryimage","url":"https:\/\/www.petroni.hr\/wp-content\/uploads\/2020\/08\/432881_popup.jpg","contentUrl":"https:\/\/www.petroni.hr\/wp-content\/uploads\/2020\/08\/432881_popup.jpg","width":731,"height":600},{"@type":"BreadcrumbList","@id":"https:\/\/www.petroni.hr\/en\/proizvod\/traka-krovna-za-ucvrscenje-tendi-i-predsatora-14m\/#breadcrumb","itemListElement":[{"@type":"ListItem","position":1,"name":"Po\u010detna stranica","item":"https:\/\/www.petroni.hr\/en\/"},{"@type":"ListItem","position":2,"name":"Shop","item":"https:\/\/www.petroni.hr\/en\/shop\/"},{"@type":"ListItem","position":3,"name":"Traka krovna za u\u010dvr\u0161\u0107enje tendi i pred\u0161atora 14m"}]},{"@type":"WebSite","@id":"https:\/\/www.petroni.hr\/en\/#website","url":"https:\/\/www.petroni.hr\/en\/","name":"Petroni.hr","description":"Experience the unprecedented freedom of travel","publisher":{"@id":"https:\/\/www.petroni.hr\/en\/#organization"},"alternateName":"Petroni","potentialAction":[{"@type":"SearchAction","target":{"@type":"EntryPoint","urlTemplate":"https:\/\/www.petroni.hr\/en\/?s={search_term_string}"},"query-input":{"@type":"PropertyValueSpecification","valueRequired":true,"valueName":"search_term_string"}}],"inLanguage":"en-US"},{"@type":"Organization","@id":"https:\/\/www.petroni.hr\/en\/#organization","name":"Petroni d.o.o.","alternateName":"Petroni","url":"https:\/\/www.petroni.hr\/en\/","logo":{"@type":"ImageObject","inLanguage":"en-US","@id":"https:\/\/www.petroni.hr\/en\/#\/schema\/logo\/image\/","url":"https:\/\/www.petroni.hr\/wp-content\/uploads\/2024\/03\/cropped-Group-3.jpg","contentUrl":"https:\/\/www.petroni.hr\/wp-content\/uploads\/2024\/03\/cropped-Group-3.jpg","width":512,"height":512,"caption":"Petroni d.o.o."},"image":{"@id":"https:\/\/www.petroni.hr\/en\/#\/schema\/logo\/image\/"},"sameAs":["https:\/\/www.facebook.com\/Kamperi.Petroni.Sesvete\/?locale=hr_HR"]}]}},"_links":{"self":[{"href":"https:\/\/www.petroni.hr\/en\/wp-json\/wp\/v2\/product\/20435","targetHints":{"allow":["GET"]}}],"collection":[{"href":"https:\/\/www.petroni.hr\/en\/wp-json\/wp\/v2\/product"}],"about":[{"href":"https:\/\/www.petroni.hr\/en\/wp-json\/wp\/v2\/types\/product"}],"replies":[{"embeddable":true,"href":"https:\/\/www.petroni.hr\/en\/wp-json\/wp\/v2\/comments?post=20435"}],"wp:featuredmedia":[{"embeddable":true,"href":"https:\/\/www.petroni.hr\/en\/wp-json\/wp\/v2\/media\/5883"}],"wp:attachment":[{"href":"https:\/\/www.petroni.hr\/en\/wp-json\/wp\/v2\/media?parent=20435"}],"wp:term":[{"taxonomy":"product_brand","embeddable":true,"href":"https:\/\/www.petroni.hr\/en\/wp-json\/wp\/v2\/product_brand?post=20435"},{"taxonomy":"product_cat","embeddable":true,"href":"https:\/\/www.petroni.hr\/en\/wp-json\/wp\/v2\/product_cat?post=20435"},{"taxonomy":"product_tag","embeddable":true,"href":"https:\/\/www.petroni.hr\/en\/wp-json\/wp\/v2\/product_tag?post=20435"}],"curies":[{"name":"wp","href":"https:\/\/api.w.org\/{rel}","templated":true}]}}