{"id":20424,"date":"2020-12-14T11:10:24","date_gmt":"2020-12-14T10:10:24","guid":{"rendered":"https:\/\/www.petroni.hr\/proizvod\/tenda-thule-5200-4m-anthrazit-crna\/"},"modified":"2024-12-10T13:52:17","modified_gmt":"2024-12-10T12:52:17","slug":"tenda-thule-5200-4m-anthrazit-crna","status":"publish","type":"product","link":"https:\/\/www.petroni.hr\/en\/proizvod\/tenda-thule-5200-4m-anthrazit-crna\/","title":{"rendered":"Tenda Thule 5200 4m Anthrazit crna"},"content":{"rendered":"<p>Tenda Thule 5200 4 m<\/p>\n<p>Ku\u0107i\u0161te &#8211; antracit, boja:\u00a0 boja platna -misti\u010dno siva\u00a0 &#8211; Mystic grau<\/p>\n<p>Mo\u017ee se izvu\u0107i van do 250 cm<br \/>\n\u0160irina 400cm<\/p>\n<p>Robusne i stabilne zglobne ruke<\/p>\n<p>Optimalna napetost tkanine kroz dodatne zatezne krakove<\/p>\n<p>Zidna tenda je do 3% lak\u0161a od prethodnog modela. Stabilno aluminijsko ku\u0107i\u0161te s integriranim kanalom za odvod ki\u0161e dostupno je u bijeloj, crnoj i srebrnoj boji. \u010cvrsti zglobni krakovi i sustavom osipanja omogu\u0107uju slobodno podesiv kut pada.<\/p>\n<p>Sadr\u017eaj\u00a0 isporuke: Thule Omnistor tenda 5200, adapter za monta\u017eu na okomite zidove, teleskopska ru\u010dica, nosa\u010d nosa\u010da za zid vozila, klinovi<\/p>\n","protected":false},"excerpt":{"rendered":"<p>Tenda Thule 5200 4 m Ku\u0107i\u0161te &#8211; antracit, boja:\u00a0 boja platna -misti\u010dno siva\u00a0 &#8211; Mystic grau Mo\u017ee se izvu\u0107i van do 250 cm \u0160irina 400cm Robusne i stabilne zglobne ruke Optimalna napetost tkanine kroz dodatne zatezne krakove Zidna tenda je do 3% lak\u0161a od prethodnog modela. Stabilno aluminijsko ku\u0107i\u0161te s integriranim kanalom za odvod ki\u0161e [&hellip;]<\/p>\n","protected":false},"featured_media":9485,"comment_status":"open","ping_status":"closed","template":"","meta":{"_acf_changed":false,"_themeisle_gutenberg_block_has_review":false},"product_brand":[],"product_cat":[279,280],"product_tag":[],"class_list":{"0":"post-20424","1":"product","2":"type-product","3":"status-publish","4":"has-post-thumbnail","6":"product_cat-awning-en","7":"product_cat-awning-and-other-en","8":"product_shipping_class-potrebno-osobno-preuzimanje-u-trgovini","10":"first","11":"outofstock","12":"shipping-taxable","13":"purchasable","14":"product-type-simple"},"acf":[],"yoast_head":"<!-- This site is optimized with the Yoast SEO plugin v27.4 - https:\/\/yoast.com\/product\/yoast-seo-wordpress\/ -->\n<title>Tenda Thule 5200 4m Anthrazit crna | Petroni - rent | sale | service | conversions<\/title>\n<meta name=\"robots\" content=\"index, follow, max-snippet:-1, max-image-preview:large, max-video-preview:-1\" \/>\n<link rel=\"canonical\" href=\"https:\/\/www.petroni.hr\/en\/proizvod\/tenda-thule-5200-4m-anthrazit-crna\/\" \/>\n<meta property=\"og:locale\" content=\"en_US\" \/>\n<meta property=\"og:type\" content=\"article\" \/>\n<meta property=\"og:title\" content=\"Tenda Thule 5200 4m Anthrazit crna | Petroni - rent | sale | service | conversions\" \/>\n<meta property=\"og:description\" content=\"Tenda Thule 5200 4 m Ku\u0107i\u0161te &#8211; antracit, boja:\u00a0 boja platna -misti\u010dno siva\u00a0 &#8211; Mystic grau Mo\u017ee se izvu\u0107i van do 250 cm \u0160irina 400cm Robusne i stabilne zglobne ruke Optimalna napetost tkanine kroz dodatne zatezne krakove Zidna tenda je do 3% lak\u0161a od prethodnog modela. Stabilno aluminijsko ku\u0107i\u0161te s integriranim kanalom za odvod ki\u0161e [&hellip;]\" \/>\n<meta property=\"og:url\" content=\"https:\/\/www.petroni.hr\/en\/proizvod\/tenda-thule-5200-4m-anthrazit-crna\/\" \/>\n<meta property=\"og:site_name\" content=\"Petroni - rent | sale | service | conversions\" \/>\n<meta property=\"article:publisher\" content=\"https:\/\/www.facebook.com\/Kamperi.Petroni.Sesvete\/?locale=hr_HR\" \/>\n<meta property=\"article:modified_time\" content=\"2024-12-10T12:52:17+00:00\" \/>\n<meta property=\"og:image\" content=\"https:\/\/www.petroni.hr\/wp-content\/uploads\/2020\/12\/Tenda-thule-5200-4m-crna-42651_popup.jpg\" \/>\n\t<meta property=\"og:image:width\" content=\"731\" \/>\n\t<meta property=\"og:image:height\" content=\"600\" \/>\n\t<meta property=\"og:image:type\" content=\"image\/jpeg\" \/>\n<meta name=\"twitter:card\" content=\"summary_large_image\" \/>\n<meta name=\"twitter:label1\" content=\"Est. reading time\" \/>\n\t<meta name=\"twitter:data1\" content=\"1 minute\" \/>\n<script type=\"application\/ld+json\" class=\"yoast-schema-graph\">{\"@context\":\"https:\\\/\\\/schema.org\",\"@graph\":[{\"@type\":\"WebPage\",\"@id\":\"https:\\\/\\\/www.petroni.hr\\\/en\\\/proizvod\\\/tenda-thule-5200-4m-anthrazit-crna\\\/\",\"url\":\"https:\\\/\\\/www.petroni.hr\\\/en\\\/proizvod\\\/tenda-thule-5200-4m-anthrazit-crna\\\/\",\"name\":\"Tenda Thule 5200 4m Anthrazit crna | Petroni - rent | sale | service | conversions\",\"isPartOf\":{\"@id\":\"https:\\\/\\\/www.petroni.hr\\\/en\\\/#website\"},\"primaryImageOfPage\":{\"@id\":\"https:\\\/\\\/www.petroni.hr\\\/en\\\/proizvod\\\/tenda-thule-5200-4m-anthrazit-crna\\\/#primaryimage\"},\"image\":{\"@id\":\"https:\\\/\\\/www.petroni.hr\\\/en\\\/proizvod\\\/tenda-thule-5200-4m-anthrazit-crna\\\/#primaryimage\"},\"thumbnailUrl\":\"https:\\\/\\\/www.petroni.hr\\\/wp-content\\\/uploads\\\/2020\\\/12\\\/Tenda-thule-5200-4m-crna-42651_popup.jpg\",\"datePublished\":\"2020-12-14T10:10:24+00:00\",\"dateModified\":\"2024-12-10T12:52:17+00:00\",\"breadcrumb\":{\"@id\":\"https:\\\/\\\/www.petroni.hr\\\/en\\\/proizvod\\\/tenda-thule-5200-4m-anthrazit-crna\\\/#breadcrumb\"},\"inLanguage\":\"en-US\",\"potentialAction\":[{\"@type\":\"ReadAction\",\"target\":[\"https:\\\/\\\/www.petroni.hr\\\/en\\\/proizvod\\\/tenda-thule-5200-4m-anthrazit-crna\\\/\"]}]},{\"@type\":\"ImageObject\",\"inLanguage\":\"en-US\",\"@id\":\"https:\\\/\\\/www.petroni.hr\\\/en\\\/proizvod\\\/tenda-thule-5200-4m-anthrazit-crna\\\/#primaryimage\",\"url\":\"https:\\\/\\\/www.petroni.hr\\\/wp-content\\\/uploads\\\/2020\\\/12\\\/Tenda-thule-5200-4m-crna-42651_popup.jpg\",\"contentUrl\":\"https:\\\/\\\/www.petroni.hr\\\/wp-content\\\/uploads\\\/2020\\\/12\\\/Tenda-thule-5200-4m-crna-42651_popup.jpg\",\"width\":731,\"height\":600},{\"@type\":\"BreadcrumbList\",\"@id\":\"https:\\\/\\\/www.petroni.hr\\\/en\\\/proizvod\\\/tenda-thule-5200-4m-anthrazit-crna\\\/#breadcrumb\",\"itemListElement\":[{\"@type\":\"ListItem\",\"position\":1,\"name\":\"Po\u010detna stranica\",\"item\":\"https:\\\/\\\/www.petroni.hr\\\/en\\\/\"},{\"@type\":\"ListItem\",\"position\":2,\"name\":\"Shop\",\"item\":\"https:\\\/\\\/www.petroni.hr\\\/en\\\/shop\\\/\"},{\"@type\":\"ListItem\",\"position\":3,\"name\":\"Tenda Thule 5200 4m Anthrazit crna\"}]},{\"@type\":\"WebSite\",\"@id\":\"https:\\\/\\\/www.petroni.hr\\\/en\\\/#website\",\"url\":\"https:\\\/\\\/www.petroni.hr\\\/en\\\/\",\"name\":\"Petroni.hr\",\"description\":\"Experience the unprecedented freedom of travel\",\"publisher\":{\"@id\":\"https:\\\/\\\/www.petroni.hr\\\/en\\\/#organization\"},\"alternateName\":\"Petroni\",\"potentialAction\":[{\"@type\":\"SearchAction\",\"target\":{\"@type\":\"EntryPoint\",\"urlTemplate\":\"https:\\\/\\\/www.petroni.hr\\\/en\\\/?s={search_term_string}\"},\"query-input\":{\"@type\":\"PropertyValueSpecification\",\"valueRequired\":true,\"valueName\":\"search_term_string\"}}],\"inLanguage\":\"en-US\"},{\"@type\":\"Organization\",\"@id\":\"https:\\\/\\\/www.petroni.hr\\\/en\\\/#organization\",\"name\":\"Petroni d.o.o.\",\"alternateName\":\"Petroni\",\"url\":\"https:\\\/\\\/www.petroni.hr\\\/en\\\/\",\"logo\":{\"@type\":\"ImageObject\",\"inLanguage\":\"en-US\",\"@id\":\"https:\\\/\\\/www.petroni.hr\\\/en\\\/#\\\/schema\\\/logo\\\/image\\\/\",\"url\":\"https:\\\/\\\/www.petroni.hr\\\/wp-content\\\/uploads\\\/2024\\\/03\\\/cropped-Group-3.jpg\",\"contentUrl\":\"https:\\\/\\\/www.petroni.hr\\\/wp-content\\\/uploads\\\/2024\\\/03\\\/cropped-Group-3.jpg\",\"width\":512,\"height\":512,\"caption\":\"Petroni d.o.o.\"},\"image\":{\"@id\":\"https:\\\/\\\/www.petroni.hr\\\/en\\\/#\\\/schema\\\/logo\\\/image\\\/\"},\"sameAs\":[\"https:\\\/\\\/www.facebook.com\\\/Kamperi.Petroni.Sesvete\\\/?locale=hr_HR\"]}]}<\/script>\n<!-- \/ Yoast SEO plugin. -->","yoast_head_json":{"title":"Tenda Thule 5200 4m Anthrazit crna | Petroni - rent | sale | service | conversions","robots":{"index":"index","follow":"follow","max-snippet":"max-snippet:-1","max-image-preview":"max-image-preview:large","max-video-preview":"max-video-preview:-1"},"canonical":"https:\/\/www.petroni.hr\/en\/proizvod\/tenda-thule-5200-4m-anthrazit-crna\/","og_locale":"en_US","og_type":"article","og_title":"Tenda Thule 5200 4m Anthrazit crna | Petroni - rent | sale | service | conversions","og_description":"Tenda Thule 5200 4 m Ku\u0107i\u0161te &#8211; antracit, boja:\u00a0 boja platna -misti\u010dno siva\u00a0 &#8211; Mystic grau Mo\u017ee se izvu\u0107i van do 250 cm \u0160irina 400cm Robusne i stabilne zglobne ruke Optimalna napetost tkanine kroz dodatne zatezne krakove Zidna tenda je do 3% lak\u0161a od prethodnog modela. Stabilno aluminijsko ku\u0107i\u0161te s integriranim kanalom za odvod ki\u0161e [&hellip;]","og_url":"https:\/\/www.petroni.hr\/en\/proizvod\/tenda-thule-5200-4m-anthrazit-crna\/","og_site_name":"Petroni - rent | sale | service | conversions","article_publisher":"https:\/\/www.facebook.com\/Kamperi.Petroni.Sesvete\/?locale=hr_HR","article_modified_time":"2024-12-10T12:52:17+00:00","og_image":[{"width":731,"height":600,"url":"https:\/\/www.petroni.hr\/wp-content\/uploads\/2020\/12\/Tenda-thule-5200-4m-crna-42651_popup.jpg","type":"image\/jpeg"}],"twitter_card":"summary_large_image","twitter_misc":{"Est. reading time":"1 minute"},"schema":{"@context":"https:\/\/schema.org","@graph":[{"@type":"WebPage","@id":"https:\/\/www.petroni.hr\/en\/proizvod\/tenda-thule-5200-4m-anthrazit-crna\/","url":"https:\/\/www.petroni.hr\/en\/proizvod\/tenda-thule-5200-4m-anthrazit-crna\/","name":"Tenda Thule 5200 4m Anthrazit crna | Petroni - rent | sale | service | conversions","isPartOf":{"@id":"https:\/\/www.petroni.hr\/en\/#website"},"primaryImageOfPage":{"@id":"https:\/\/www.petroni.hr\/en\/proizvod\/tenda-thule-5200-4m-anthrazit-crna\/#primaryimage"},"image":{"@id":"https:\/\/www.petroni.hr\/en\/proizvod\/tenda-thule-5200-4m-anthrazit-crna\/#primaryimage"},"thumbnailUrl":"https:\/\/www.petroni.hr\/wp-content\/uploads\/2020\/12\/Tenda-thule-5200-4m-crna-42651_popup.jpg","datePublished":"2020-12-14T10:10:24+00:00","dateModified":"2024-12-10T12:52:17+00:00","breadcrumb":{"@id":"https:\/\/www.petroni.hr\/en\/proizvod\/tenda-thule-5200-4m-anthrazit-crna\/#breadcrumb"},"inLanguage":"en-US","potentialAction":[{"@type":"ReadAction","target":["https:\/\/www.petroni.hr\/en\/proizvod\/tenda-thule-5200-4m-anthrazit-crna\/"]}]},{"@type":"ImageObject","inLanguage":"en-US","@id":"https:\/\/www.petroni.hr\/en\/proizvod\/tenda-thule-5200-4m-anthrazit-crna\/#primaryimage","url":"https:\/\/www.petroni.hr\/wp-content\/uploads\/2020\/12\/Tenda-thule-5200-4m-crna-42651_popup.jpg","contentUrl":"https:\/\/www.petroni.hr\/wp-content\/uploads\/2020\/12\/Tenda-thule-5200-4m-crna-42651_popup.jpg","width":731,"height":600},{"@type":"BreadcrumbList","@id":"https:\/\/www.petroni.hr\/en\/proizvod\/tenda-thule-5200-4m-anthrazit-crna\/#breadcrumb","itemListElement":[{"@type":"ListItem","position":1,"name":"Po\u010detna stranica","item":"https:\/\/www.petroni.hr\/en\/"},{"@type":"ListItem","position":2,"name":"Shop","item":"https:\/\/www.petroni.hr\/en\/shop\/"},{"@type":"ListItem","position":3,"name":"Tenda Thule 5200 4m Anthrazit crna"}]},{"@type":"WebSite","@id":"https:\/\/www.petroni.hr\/en\/#website","url":"https:\/\/www.petroni.hr\/en\/","name":"Petroni.hr","description":"Experience the unprecedented freedom of travel","publisher":{"@id":"https:\/\/www.petroni.hr\/en\/#organization"},"alternateName":"Petroni","potentialAction":[{"@type":"SearchAction","target":{"@type":"EntryPoint","urlTemplate":"https:\/\/www.petroni.hr\/en\/?s={search_term_string}"},"query-input":{"@type":"PropertyValueSpecification","valueRequired":true,"valueName":"search_term_string"}}],"inLanguage":"en-US"},{"@type":"Organization","@id":"https:\/\/www.petroni.hr\/en\/#organization","name":"Petroni d.o.o.","alternateName":"Petroni","url":"https:\/\/www.petroni.hr\/en\/","logo":{"@type":"ImageObject","inLanguage":"en-US","@id":"https:\/\/www.petroni.hr\/en\/#\/schema\/logo\/image\/","url":"https:\/\/www.petroni.hr\/wp-content\/uploads\/2024\/03\/cropped-Group-3.jpg","contentUrl":"https:\/\/www.petroni.hr\/wp-content\/uploads\/2024\/03\/cropped-Group-3.jpg","width":512,"height":512,"caption":"Petroni d.o.o."},"image":{"@id":"https:\/\/www.petroni.hr\/en\/#\/schema\/logo\/image\/"},"sameAs":["https:\/\/www.facebook.com\/Kamperi.Petroni.Sesvete\/?locale=hr_HR"]}]}},"_links":{"self":[{"href":"https:\/\/www.petroni.hr\/en\/wp-json\/wp\/v2\/product\/20424","targetHints":{"allow":["GET"]}}],"collection":[{"href":"https:\/\/www.petroni.hr\/en\/wp-json\/wp\/v2\/product"}],"about":[{"href":"https:\/\/www.petroni.hr\/en\/wp-json\/wp\/v2\/types\/product"}],"replies":[{"embeddable":true,"href":"https:\/\/www.petroni.hr\/en\/wp-json\/wp\/v2\/comments?post=20424"}],"wp:featuredmedia":[{"embeddable":true,"href":"https:\/\/www.petroni.hr\/en\/wp-json\/wp\/v2\/media\/9485"}],"wp:attachment":[{"href":"https:\/\/www.petroni.hr\/en\/wp-json\/wp\/v2\/media?parent=20424"}],"wp:term":[{"taxonomy":"product_brand","embeddable":true,"href":"https:\/\/www.petroni.hr\/en\/wp-json\/wp\/v2\/product_brand?post=20424"},{"taxonomy":"product_cat","embeddable":true,"href":"https:\/\/www.petroni.hr\/en\/wp-json\/wp\/v2\/product_cat?post=20424"},{"taxonomy":"product_tag","embeddable":true,"href":"https:\/\/www.petroni.hr\/en\/wp-json\/wp\/v2\/product_tag?post=20424"}],"curies":[{"name":"wp","href":"https:\/\/api.w.org\/{rel}","templated":true}]}}