{"id":20406,"date":"2020-10-09T18:43:50","date_gmt":"2020-10-09T17:43:50","guid":{"rendered":"https:\/\/www.petroni.hr\/proizvod\/tekucina-za-ciscenje-tapeciranog-namjestaja-innolab-pro-500ml\/"},"modified":"2024-12-17T08:44:54","modified_gmt":"2024-12-17T07:44:54","slug":"tekucina-za-ciscenje-tapeciranog-namjestaja-innolab-pro-500ml","status":"publish","type":"product","link":"https:\/\/www.petroni.hr\/en\/proizvod\/tekucina-za-ciscenje-tapeciranog-namjestaja-innolab-pro-500ml\/","title":{"rendered":"Teku\u0107ina za \u010di\u0161\u0107enje tapeciranog namje\u0161taja innoLAB PRO 500ml"},"content":{"rendered":"<h1>\u010ci\u0161\u0107enje tapeciranog namje\u0161taja<\/h1>\n<p>\u010ci\u0161\u0107enje tapeciranog namje\u0161taja<\/p>\n<p>Opis:<\/p>\n<ul>\n<li>Odstranjuje mrlje od hrane, teku\u0107ine, masno\u0107e i sli\u010dnih ne\u010disto\u0107a<\/li>\n<li>Primjenjiv za sve vrste tkanina i tekstila<\/li>\n<li>Izuzetno u\u010dinkovit, a blag i neagresivan<\/li>\n<li>Ekonomi\u010dan i jednostavan za upotrebu<\/li>\n<\/ul>\n<p>Primjena:<\/p>\n<ul>\n<li>Nanijeti na \u017eeljenu povr\u0161inu pomo\u0107u prskalice<\/li>\n<li>Ostaviti da djeluje 5-10 minuta<\/li>\n<li>Kru\u017enim pokretima utrljati proizvod pomo\u0107u spu\u017eve ili meke \u010detke<\/li>\n<li>Ako je tretirana povr\u0161ina velika, potrebno ju je dobro\/obilato isprati vodom<\/li>\n<li>Ukloniti vi\u0161ak proizvoda zajedno s ne\u010disto\u0107om laganim tapkanjem i pritiskanjem kuhinjskim ubrusom ili suhom krpom na tretiranu povr\u0161inu<\/li>\n<\/ul>\n<p>Tehni\u010dke informacije:<\/p>\n<ul>\n<li>Opis: teku\u0107i proizvod za \u010di\u0161\u0107enje na lu\u017enatoj bazi<\/li>\n<li>Boja: svijetlo \u017euta<\/li>\n<li>Miris: cvjetni<\/li>\n<li>pH: 10,5-11,0<\/li>\n<li>Rok trajanja: 2 godine<\/li>\n<\/ul>\n","protected":false},"excerpt":{"rendered":"<p>\u010ci\u0161\u0107enje tapeciranog namje\u0161taja \u010ci\u0161\u0107enje tapeciranog namje\u0161taja Opis: Odstranjuje mrlje od hrane, teku\u0107ine, masno\u0107e i sli\u010dnih ne\u010disto\u0107a Primjenjiv za sve vrste tkanina i tekstila Izuzetno u\u010dinkovit, a blag i neagresivan Ekonomi\u010dan i jednostavan za upotrebu Primjena: Nanijeti na \u017eeljenu povr\u0161inu pomo\u0107u prskalice Ostaviti da djeluje 5-10 minuta Kru\u017enim pokretima utrljati proizvod pomo\u0107u spu\u017eve ili meke \u010detke [&hellip;]<\/p>\n","protected":false},"featured_media":8486,"comment_status":"open","ping_status":"closed","template":"","meta":{"_acf_changed":false,"_themeisle_gutenberg_block_has_review":false},"product_brand":[],"product_cat":[317],"product_tag":[],"class_list":{"0":"post-20406","1":"product","2":"type-product","3":"status-publish","4":"has-post-thumbnail","6":"product_cat-chemicals-and-liquids-en","8":"first","9":"outofstock","10":"shipping-taxable","11":"purchasable","12":"product-type-simple"},"acf":[],"yoast_head":"<!-- This site is optimized with the Yoast SEO plugin v27.4 - https:\/\/yoast.com\/product\/yoast-seo-wordpress\/ -->\n<title>Teku\u0107ina za \u010di\u0161\u0107enje tapeciranog namje\u0161taja innoLAB PRO 500ml | Petroni - rent | sale | service | conversions<\/title>\n<meta name=\"robots\" content=\"index, follow, max-snippet:-1, max-image-preview:large, max-video-preview:-1\" \/>\n<link rel=\"canonical\" href=\"https:\/\/www.petroni.hr\/en\/proizvod\/tekucina-za-ciscenje-tapeciranog-namjestaja-innolab-pro-500ml\/\" \/>\n<meta property=\"og:locale\" content=\"en_US\" \/>\n<meta property=\"og:type\" content=\"article\" \/>\n<meta property=\"og:title\" content=\"Teku\u0107ina za \u010di\u0161\u0107enje tapeciranog namje\u0161taja innoLAB PRO 500ml | Petroni - rent | sale | service | conversions\" \/>\n<meta property=\"og:description\" content=\"\u010ci\u0161\u0107enje tapeciranog namje\u0161taja \u010ci\u0161\u0107enje tapeciranog namje\u0161taja Opis: Odstranjuje mrlje od hrane, teku\u0107ine, masno\u0107e i sli\u010dnih ne\u010disto\u0107a Primjenjiv za sve vrste tkanina i tekstila Izuzetno u\u010dinkovit, a blag i neagresivan Ekonomi\u010dan i jednostavan za upotrebu Primjena: Nanijeti na \u017eeljenu povr\u0161inu pomo\u0107u prskalice Ostaviti da djeluje 5-10 minuta Kru\u017enim pokretima utrljati proizvod pomo\u0107u spu\u017eve ili meke \u010detke [&hellip;]\" \/>\n<meta property=\"og:url\" content=\"https:\/\/www.petroni.hr\/en\/proizvod\/tekucina-za-ciscenje-tapeciranog-namjestaja-innolab-pro-500ml\/\" \/>\n<meta property=\"og:site_name\" content=\"Petroni - rent | sale | service | conversions\" \/>\n<meta property=\"article:publisher\" content=\"https:\/\/www.facebook.com\/Kamperi.Petroni.Sesvete\/?locale=hr_HR\" \/>\n<meta property=\"article:modified_time\" content=\"2024-12-17T07:44:54+00:00\" \/>\n<meta property=\"og:image\" content=\"https:\/\/www.petroni.hr\/wp-content\/uploads\/2020\/10\/proizvodi-grupni_oxylus-innoLAB-PRO-Ciscenje-tapeciranog-namjestaja-20l-300x300-1.jpg\" \/>\n\t<meta property=\"og:image:width\" content=\"300\" \/>\n\t<meta property=\"og:image:height\" content=\"300\" \/>\n\t<meta property=\"og:image:type\" content=\"image\/jpeg\" \/>\n<meta name=\"twitter:card\" content=\"summary_large_image\" \/>\n<meta name=\"twitter:label1\" content=\"Est. reading time\" \/>\n\t<meta name=\"twitter:data1\" content=\"1 minute\" \/>\n<script type=\"application\/ld+json\" class=\"yoast-schema-graph\">{\"@context\":\"https:\\\/\\\/schema.org\",\"@graph\":[{\"@type\":\"WebPage\",\"@id\":\"https:\\\/\\\/www.petroni.hr\\\/en\\\/proizvod\\\/tekucina-za-ciscenje-tapeciranog-namjestaja-innolab-pro-500ml\\\/\",\"url\":\"https:\\\/\\\/www.petroni.hr\\\/en\\\/proizvod\\\/tekucina-za-ciscenje-tapeciranog-namjestaja-innolab-pro-500ml\\\/\",\"name\":\"Teku\u0107ina za \u010di\u0161\u0107enje tapeciranog namje\u0161taja innoLAB PRO 500ml | Petroni - rent | sale | service | conversions\",\"isPartOf\":{\"@id\":\"https:\\\/\\\/www.petroni.hr\\\/en\\\/#website\"},\"primaryImageOfPage\":{\"@id\":\"https:\\\/\\\/www.petroni.hr\\\/en\\\/proizvod\\\/tekucina-za-ciscenje-tapeciranog-namjestaja-innolab-pro-500ml\\\/#primaryimage\"},\"image\":{\"@id\":\"https:\\\/\\\/www.petroni.hr\\\/en\\\/proizvod\\\/tekucina-za-ciscenje-tapeciranog-namjestaja-innolab-pro-500ml\\\/#primaryimage\"},\"thumbnailUrl\":\"https:\\\/\\\/www.petroni.hr\\\/wp-content\\\/uploads\\\/2020\\\/10\\\/proizvodi-grupni_oxylus-innoLAB-PRO-Ciscenje-tapeciranog-namjestaja-20l-300x300-1.jpg\",\"datePublished\":\"2020-10-09T17:43:50+00:00\",\"dateModified\":\"2024-12-17T07:44:54+00:00\",\"breadcrumb\":{\"@id\":\"https:\\\/\\\/www.petroni.hr\\\/en\\\/proizvod\\\/tekucina-za-ciscenje-tapeciranog-namjestaja-innolab-pro-500ml\\\/#breadcrumb\"},\"inLanguage\":\"en-US\",\"potentialAction\":[{\"@type\":\"ReadAction\",\"target\":[\"https:\\\/\\\/www.petroni.hr\\\/en\\\/proizvod\\\/tekucina-za-ciscenje-tapeciranog-namjestaja-innolab-pro-500ml\\\/\"]}]},{\"@type\":\"ImageObject\",\"inLanguage\":\"en-US\",\"@id\":\"https:\\\/\\\/www.petroni.hr\\\/en\\\/proizvod\\\/tekucina-za-ciscenje-tapeciranog-namjestaja-innolab-pro-500ml\\\/#primaryimage\",\"url\":\"https:\\\/\\\/www.petroni.hr\\\/wp-content\\\/uploads\\\/2020\\\/10\\\/proizvodi-grupni_oxylus-innoLAB-PRO-Ciscenje-tapeciranog-namjestaja-20l-300x300-1.jpg\",\"contentUrl\":\"https:\\\/\\\/www.petroni.hr\\\/wp-content\\\/uploads\\\/2020\\\/10\\\/proizvodi-grupni_oxylus-innoLAB-PRO-Ciscenje-tapeciranog-namjestaja-20l-300x300-1.jpg\",\"width\":300,\"height\":300},{\"@type\":\"BreadcrumbList\",\"@id\":\"https:\\\/\\\/www.petroni.hr\\\/en\\\/proizvod\\\/tekucina-za-ciscenje-tapeciranog-namjestaja-innolab-pro-500ml\\\/#breadcrumb\",\"itemListElement\":[{\"@type\":\"ListItem\",\"position\":1,\"name\":\"Po\u010detna stranica\",\"item\":\"https:\\\/\\\/www.petroni.hr\\\/en\\\/\"},{\"@type\":\"ListItem\",\"position\":2,\"name\":\"Shop\",\"item\":\"https:\\\/\\\/www.petroni.hr\\\/en\\\/shop\\\/\"},{\"@type\":\"ListItem\",\"position\":3,\"name\":\"Teku\u0107ina za \u010di\u0161\u0107enje tapeciranog namje\u0161taja innoLAB PRO 500ml\"}]},{\"@type\":\"WebSite\",\"@id\":\"https:\\\/\\\/www.petroni.hr\\\/en\\\/#website\",\"url\":\"https:\\\/\\\/www.petroni.hr\\\/en\\\/\",\"name\":\"Petroni.hr\",\"description\":\"Experience the unprecedented freedom of travel\",\"publisher\":{\"@id\":\"https:\\\/\\\/www.petroni.hr\\\/en\\\/#organization\"},\"alternateName\":\"Petroni\",\"potentialAction\":[{\"@type\":\"SearchAction\",\"target\":{\"@type\":\"EntryPoint\",\"urlTemplate\":\"https:\\\/\\\/www.petroni.hr\\\/en\\\/?s={search_term_string}\"},\"query-input\":{\"@type\":\"PropertyValueSpecification\",\"valueRequired\":true,\"valueName\":\"search_term_string\"}}],\"inLanguage\":\"en-US\"},{\"@type\":\"Organization\",\"@id\":\"https:\\\/\\\/www.petroni.hr\\\/en\\\/#organization\",\"name\":\"Petroni d.o.o.\",\"alternateName\":\"Petroni\",\"url\":\"https:\\\/\\\/www.petroni.hr\\\/en\\\/\",\"logo\":{\"@type\":\"ImageObject\",\"inLanguage\":\"en-US\",\"@id\":\"https:\\\/\\\/www.petroni.hr\\\/en\\\/#\\\/schema\\\/logo\\\/image\\\/\",\"url\":\"https:\\\/\\\/www.petroni.hr\\\/wp-content\\\/uploads\\\/2024\\\/03\\\/cropped-Group-3.jpg\",\"contentUrl\":\"https:\\\/\\\/www.petroni.hr\\\/wp-content\\\/uploads\\\/2024\\\/03\\\/cropped-Group-3.jpg\",\"width\":512,\"height\":512,\"caption\":\"Petroni d.o.o.\"},\"image\":{\"@id\":\"https:\\\/\\\/www.petroni.hr\\\/en\\\/#\\\/schema\\\/logo\\\/image\\\/\"},\"sameAs\":[\"https:\\\/\\\/www.facebook.com\\\/Kamperi.Petroni.Sesvete\\\/?locale=hr_HR\"]}]}<\/script>\n<!-- \/ Yoast SEO plugin. -->","yoast_head_json":{"title":"Teku\u0107ina za \u010di\u0161\u0107enje tapeciranog namje\u0161taja innoLAB PRO 500ml | Petroni - rent | sale | service | conversions","robots":{"index":"index","follow":"follow","max-snippet":"max-snippet:-1","max-image-preview":"max-image-preview:large","max-video-preview":"max-video-preview:-1"},"canonical":"https:\/\/www.petroni.hr\/en\/proizvod\/tekucina-za-ciscenje-tapeciranog-namjestaja-innolab-pro-500ml\/","og_locale":"en_US","og_type":"article","og_title":"Teku\u0107ina za \u010di\u0161\u0107enje tapeciranog namje\u0161taja innoLAB PRO 500ml | Petroni - rent | sale | service | conversions","og_description":"\u010ci\u0161\u0107enje tapeciranog namje\u0161taja \u010ci\u0161\u0107enje tapeciranog namje\u0161taja Opis: Odstranjuje mrlje od hrane, teku\u0107ine, masno\u0107e i sli\u010dnih ne\u010disto\u0107a Primjenjiv za sve vrste tkanina i tekstila Izuzetno u\u010dinkovit, a blag i neagresivan Ekonomi\u010dan i jednostavan za upotrebu Primjena: Nanijeti na \u017eeljenu povr\u0161inu pomo\u0107u prskalice Ostaviti da djeluje 5-10 minuta Kru\u017enim pokretima utrljati proizvod pomo\u0107u spu\u017eve ili meke \u010detke [&hellip;]","og_url":"https:\/\/www.petroni.hr\/en\/proizvod\/tekucina-za-ciscenje-tapeciranog-namjestaja-innolab-pro-500ml\/","og_site_name":"Petroni - rent | sale | service | conversions","article_publisher":"https:\/\/www.facebook.com\/Kamperi.Petroni.Sesvete\/?locale=hr_HR","article_modified_time":"2024-12-17T07:44:54+00:00","og_image":[{"width":300,"height":300,"url":"https:\/\/www.petroni.hr\/wp-content\/uploads\/2020\/10\/proizvodi-grupni_oxylus-innoLAB-PRO-Ciscenje-tapeciranog-namjestaja-20l-300x300-1.jpg","type":"image\/jpeg"}],"twitter_card":"summary_large_image","twitter_misc":{"Est. reading time":"1 minute"},"schema":{"@context":"https:\/\/schema.org","@graph":[{"@type":"WebPage","@id":"https:\/\/www.petroni.hr\/en\/proizvod\/tekucina-za-ciscenje-tapeciranog-namjestaja-innolab-pro-500ml\/","url":"https:\/\/www.petroni.hr\/en\/proizvod\/tekucina-za-ciscenje-tapeciranog-namjestaja-innolab-pro-500ml\/","name":"Teku\u0107ina za \u010di\u0161\u0107enje tapeciranog namje\u0161taja innoLAB PRO 500ml | Petroni - rent | sale | service | conversions","isPartOf":{"@id":"https:\/\/www.petroni.hr\/en\/#website"},"primaryImageOfPage":{"@id":"https:\/\/www.petroni.hr\/en\/proizvod\/tekucina-za-ciscenje-tapeciranog-namjestaja-innolab-pro-500ml\/#primaryimage"},"image":{"@id":"https:\/\/www.petroni.hr\/en\/proizvod\/tekucina-za-ciscenje-tapeciranog-namjestaja-innolab-pro-500ml\/#primaryimage"},"thumbnailUrl":"https:\/\/www.petroni.hr\/wp-content\/uploads\/2020\/10\/proizvodi-grupni_oxylus-innoLAB-PRO-Ciscenje-tapeciranog-namjestaja-20l-300x300-1.jpg","datePublished":"2020-10-09T17:43:50+00:00","dateModified":"2024-12-17T07:44:54+00:00","breadcrumb":{"@id":"https:\/\/www.petroni.hr\/en\/proizvod\/tekucina-za-ciscenje-tapeciranog-namjestaja-innolab-pro-500ml\/#breadcrumb"},"inLanguage":"en-US","potentialAction":[{"@type":"ReadAction","target":["https:\/\/www.petroni.hr\/en\/proizvod\/tekucina-za-ciscenje-tapeciranog-namjestaja-innolab-pro-500ml\/"]}]},{"@type":"ImageObject","inLanguage":"en-US","@id":"https:\/\/www.petroni.hr\/en\/proizvod\/tekucina-za-ciscenje-tapeciranog-namjestaja-innolab-pro-500ml\/#primaryimage","url":"https:\/\/www.petroni.hr\/wp-content\/uploads\/2020\/10\/proizvodi-grupni_oxylus-innoLAB-PRO-Ciscenje-tapeciranog-namjestaja-20l-300x300-1.jpg","contentUrl":"https:\/\/www.petroni.hr\/wp-content\/uploads\/2020\/10\/proizvodi-grupni_oxylus-innoLAB-PRO-Ciscenje-tapeciranog-namjestaja-20l-300x300-1.jpg","width":300,"height":300},{"@type":"BreadcrumbList","@id":"https:\/\/www.petroni.hr\/en\/proizvod\/tekucina-za-ciscenje-tapeciranog-namjestaja-innolab-pro-500ml\/#breadcrumb","itemListElement":[{"@type":"ListItem","position":1,"name":"Po\u010detna stranica","item":"https:\/\/www.petroni.hr\/en\/"},{"@type":"ListItem","position":2,"name":"Shop","item":"https:\/\/www.petroni.hr\/en\/shop\/"},{"@type":"ListItem","position":3,"name":"Teku\u0107ina za \u010di\u0161\u0107enje tapeciranog namje\u0161taja innoLAB PRO 500ml"}]},{"@type":"WebSite","@id":"https:\/\/www.petroni.hr\/en\/#website","url":"https:\/\/www.petroni.hr\/en\/","name":"Petroni.hr","description":"Experience the unprecedented freedom of travel","publisher":{"@id":"https:\/\/www.petroni.hr\/en\/#organization"},"alternateName":"Petroni","potentialAction":[{"@type":"SearchAction","target":{"@type":"EntryPoint","urlTemplate":"https:\/\/www.petroni.hr\/en\/?s={search_term_string}"},"query-input":{"@type":"PropertyValueSpecification","valueRequired":true,"valueName":"search_term_string"}}],"inLanguage":"en-US"},{"@type":"Organization","@id":"https:\/\/www.petroni.hr\/en\/#organization","name":"Petroni d.o.o.","alternateName":"Petroni","url":"https:\/\/www.petroni.hr\/en\/","logo":{"@type":"ImageObject","inLanguage":"en-US","@id":"https:\/\/www.petroni.hr\/en\/#\/schema\/logo\/image\/","url":"https:\/\/www.petroni.hr\/wp-content\/uploads\/2024\/03\/cropped-Group-3.jpg","contentUrl":"https:\/\/www.petroni.hr\/wp-content\/uploads\/2024\/03\/cropped-Group-3.jpg","width":512,"height":512,"caption":"Petroni d.o.o."},"image":{"@id":"https:\/\/www.petroni.hr\/en\/#\/schema\/logo\/image\/"},"sameAs":["https:\/\/www.facebook.com\/Kamperi.Petroni.Sesvete\/?locale=hr_HR"]}]}},"_links":{"self":[{"href":"https:\/\/www.petroni.hr\/en\/wp-json\/wp\/v2\/product\/20406","targetHints":{"allow":["GET"]}}],"collection":[{"href":"https:\/\/www.petroni.hr\/en\/wp-json\/wp\/v2\/product"}],"about":[{"href":"https:\/\/www.petroni.hr\/en\/wp-json\/wp\/v2\/types\/product"}],"replies":[{"embeddable":true,"href":"https:\/\/www.petroni.hr\/en\/wp-json\/wp\/v2\/comments?post=20406"}],"wp:featuredmedia":[{"embeddable":true,"href":"https:\/\/www.petroni.hr\/en\/wp-json\/wp\/v2\/media\/8486"}],"wp:attachment":[{"href":"https:\/\/www.petroni.hr\/en\/wp-json\/wp\/v2\/media?parent=20406"}],"wp:term":[{"taxonomy":"product_brand","embeddable":true,"href":"https:\/\/www.petroni.hr\/en\/wp-json\/wp\/v2\/product_brand?post=20406"},{"taxonomy":"product_cat","embeddable":true,"href":"https:\/\/www.petroni.hr\/en\/wp-json\/wp\/v2\/product_cat?post=20406"},{"taxonomy":"product_tag","embeddable":true,"href":"https:\/\/www.petroni.hr\/en\/wp-json\/wp\/v2\/product_tag?post=20406"}],"curies":[{"name":"wp","href":"https:\/\/api.w.org\/{rel}","templated":true}]}}