{"id":20390,"date":"2020-09-29T18:51:13","date_gmt":"2020-09-29T17:51:13","guid":{"rendered":"https:\/\/www.petroni.hr\/proizvod\/svjetlo-vanjsko-heosled-za-ugradnju-u-tendu-144w\/"},"modified":"2024-12-15T14:16:56","modified_gmt":"2024-12-15T13:16:56","slug":"svjetlo-vanjsko-heosled-za-ugradnju-u-tendu-144w","status":"publish","type":"product","link":"https:\/\/www.petroni.hr\/en\/proizvod\/svjetlo-vanjsko-heosled-za-ugradnju-u-tendu-144w\/","title":{"rendered":"Svjetlo vanjsko HEOSled za ugradnju u tendu 1,44W"},"content":{"rendered":"<p>Prikladno za tende:<br \/>\nThule Omnistor serije 5, 5003, 6200, 8000, 9200<br \/>\nFiamma F45<\/p>\n<p>\u2022 Jednostavno za ugradnju u tende. Rasvjeta se ugra\u0111uje u postoje\u0107e profile bez dodatnog bu\u0161enja.<br \/>\n\u2022 Trajna ugradnja bez utjecaja na tendu.<br \/>\n\u2022 Jednostavno i nevidljivo o\u017ei\u010denje iza tende.<br \/>\n\u2022 Ekonomi\u010dno, ali jako svjetlo, tako\u0111er pogodno za \u010ditanje.<\/p>\n<p>UPUTE ZA MONTA\u017dU<\/p>\n<p>\u2022 U\u010dvrstite dr\u017ea\u010d svjetiljke u profil tende.<br \/>\n\u2022 Klin za u\u010dvr\u0161\u0107enje umetnite sa strane, a zatim ga pri\u010dvrstite imbus klju\u010dem.<br \/>\n\u2022 Spojite \u017earulju na 12 V nakon o\u017ei\u010denja.<\/p>\n<p>TEHNI\u010cKE SPECIFIKACIJE<\/p>\n<p>\u2022 Volt: 10-15V \/ 1,08W<br \/>\n\u2022 Duljina cijevi: 135 mm \u2022 Materijal: akrilno staklo (2 mm), satensko, vodonepropusno.<br \/>\n\u2022 LED 18 \/ LED toplo svjetlo 4.500 K.<br \/>\n\u2022 Po izboru: podesivo s prigu\u0161iva\u010dem: 20 &#8211; 100%.<\/p>\n","protected":false},"excerpt":{"rendered":"<p>Prikladno za tende: Thule Omnistor serije 5, 5003, 6200, 8000, 9200 Fiamma F45 \u2022 Jednostavno za ugradnju u tende. Rasvjeta se ugra\u0111uje u postoje\u0107e profile bez dodatnog bu\u0161enja. \u2022 Trajna ugradnja bez utjecaja na tendu. \u2022 Jednostavno i nevidljivo o\u017ei\u010denje iza tende. \u2022 Ekonomi\u010dno, ali jako svjetlo, tako\u0111er pogodno za \u010ditanje. UPUTE ZA MONTA\u017dU \u2022 [&hellip;]<\/p>\n","protected":false},"featured_media":7879,"comment_status":"open","ping_status":"closed","template":"","meta":{"_acf_changed":false,"_themeisle_gutenberg_block_has_review":false},"product_brand":[],"product_cat":[294,280,291,304,326],"product_tag":[],"class_list":{"0":"post-20390","1":"product","2":"type-product","3":"status-publish","4":"has-post-thumbnail","6":"product_cat-awning-parts-en","7":"product_cat-awning-and-other-en","8":"product_cat-electricity","9":"product_cat-rasvjeta-2-en","10":"product_cat-sale","12":"first","13":"instock","14":"sale","15":"shipping-taxable","16":"purchasable","17":"product-type-simple"},"acf":[],"yoast_head":"<!-- This site is optimized with the Yoast SEO plugin v27.4 - https:\/\/yoast.com\/product\/yoast-seo-wordpress\/ -->\n<title>Svjetlo vanjsko HEOSled za ugradnju u tendu 1,44W | Petroni - rent | sale | service | conversions<\/title>\n<meta name=\"robots\" content=\"index, follow, max-snippet:-1, max-image-preview:large, max-video-preview:-1\" \/>\n<link rel=\"canonical\" href=\"https:\/\/www.petroni.hr\/en\/proizvod\/svjetlo-vanjsko-heosled-za-ugradnju-u-tendu-144w\/\" \/>\n<meta property=\"og:locale\" content=\"en_US\" \/>\n<meta property=\"og:type\" content=\"article\" \/>\n<meta property=\"og:title\" content=\"Svjetlo vanjsko HEOSled za ugradnju u tendu 1,44W | Petroni - rent | sale | service | conversions\" \/>\n<meta property=\"og:description\" content=\"Prikladno za tende: Thule Omnistor serije 5, 5003, 6200, 8000, 9200 Fiamma F45 \u2022 Jednostavno za ugradnju u tende. Rasvjeta se ugra\u0111uje u postoje\u0107e profile bez dodatnog bu\u0161enja. \u2022 Trajna ugradnja bez utjecaja na tendu. \u2022 Jednostavno i nevidljivo o\u017ei\u010denje iza tende. \u2022 Ekonomi\u010dno, ali jako svjetlo, tako\u0111er pogodno za \u010ditanje. UPUTE ZA MONTA\u017dU \u2022 [&hellip;]\" \/>\n<meta property=\"og:url\" content=\"https:\/\/www.petroni.hr\/en\/proizvod\/svjetlo-vanjsko-heosled-za-ugradnju-u-tendu-144w\/\" \/>\n<meta property=\"og:site_name\" content=\"Petroni - rent | sale | service | conversions\" \/>\n<meta property=\"article:publisher\" content=\"https:\/\/www.facebook.com\/Kamperi.Petroni.Sesvete\/?locale=hr_HR\" \/>\n<meta property=\"article:modified_time\" content=\"2024-12-15T13:16:56+00:00\" \/>\n<meta property=\"og:image\" content=\"https:\/\/www.petroni.hr\/wp-content\/uploads\/2020\/09\/9018_3.jpg\" \/>\n\t<meta property=\"og:image:width\" content=\"650\" \/>\n\t<meta property=\"og:image:height\" content=\"433\" \/>\n\t<meta property=\"og:image:type\" content=\"image\/jpeg\" \/>\n<meta name=\"twitter:card\" content=\"summary_large_image\" \/>\n<meta name=\"twitter:label1\" content=\"Est. reading time\" \/>\n\t<meta name=\"twitter:data1\" content=\"1 minute\" \/>\n<script type=\"application\/ld+json\" class=\"yoast-schema-graph\">{\"@context\":\"https:\\\/\\\/schema.org\",\"@graph\":[{\"@type\":\"WebPage\",\"@id\":\"https:\\\/\\\/www.petroni.hr\\\/en\\\/proizvod\\\/svjetlo-vanjsko-heosled-za-ugradnju-u-tendu-144w\\\/\",\"url\":\"https:\\\/\\\/www.petroni.hr\\\/en\\\/proizvod\\\/svjetlo-vanjsko-heosled-za-ugradnju-u-tendu-144w\\\/\",\"name\":\"Svjetlo vanjsko HEOSled za ugradnju u tendu 1,44W | Petroni - rent | sale | service | conversions\",\"isPartOf\":{\"@id\":\"https:\\\/\\\/www.petroni.hr\\\/en\\\/#website\"},\"primaryImageOfPage\":{\"@id\":\"https:\\\/\\\/www.petroni.hr\\\/en\\\/proizvod\\\/svjetlo-vanjsko-heosled-za-ugradnju-u-tendu-144w\\\/#primaryimage\"},\"image\":{\"@id\":\"https:\\\/\\\/www.petroni.hr\\\/en\\\/proizvod\\\/svjetlo-vanjsko-heosled-za-ugradnju-u-tendu-144w\\\/#primaryimage\"},\"thumbnailUrl\":\"https:\\\/\\\/www.petroni.hr\\\/wp-content\\\/uploads\\\/2020\\\/09\\\/9018_3.jpg\",\"datePublished\":\"2020-09-29T17:51:13+00:00\",\"dateModified\":\"2024-12-15T13:16:56+00:00\",\"breadcrumb\":{\"@id\":\"https:\\\/\\\/www.petroni.hr\\\/en\\\/proizvod\\\/svjetlo-vanjsko-heosled-za-ugradnju-u-tendu-144w\\\/#breadcrumb\"},\"inLanguage\":\"en-US\",\"potentialAction\":[{\"@type\":\"ReadAction\",\"target\":[\"https:\\\/\\\/www.petroni.hr\\\/en\\\/proizvod\\\/svjetlo-vanjsko-heosled-za-ugradnju-u-tendu-144w\\\/\"]}]},{\"@type\":\"ImageObject\",\"inLanguage\":\"en-US\",\"@id\":\"https:\\\/\\\/www.petroni.hr\\\/en\\\/proizvod\\\/svjetlo-vanjsko-heosled-za-ugradnju-u-tendu-144w\\\/#primaryimage\",\"url\":\"https:\\\/\\\/www.petroni.hr\\\/wp-content\\\/uploads\\\/2020\\\/09\\\/9018_3.jpg\",\"contentUrl\":\"https:\\\/\\\/www.petroni.hr\\\/wp-content\\\/uploads\\\/2020\\\/09\\\/9018_3.jpg\",\"width\":650,\"height\":433},{\"@type\":\"BreadcrumbList\",\"@id\":\"https:\\\/\\\/www.petroni.hr\\\/en\\\/proizvod\\\/svjetlo-vanjsko-heosled-za-ugradnju-u-tendu-144w\\\/#breadcrumb\",\"itemListElement\":[{\"@type\":\"ListItem\",\"position\":1,\"name\":\"Po\u010detna stranica\",\"item\":\"https:\\\/\\\/www.petroni.hr\\\/en\\\/\"},{\"@type\":\"ListItem\",\"position\":2,\"name\":\"Shop\",\"item\":\"https:\\\/\\\/www.petroni.hr\\\/en\\\/shop\\\/\"},{\"@type\":\"ListItem\",\"position\":3,\"name\":\"Svjetlo vanjsko HEOSled za ugradnju u tendu 1,44W\"}]},{\"@type\":\"WebSite\",\"@id\":\"https:\\\/\\\/www.petroni.hr\\\/en\\\/#website\",\"url\":\"https:\\\/\\\/www.petroni.hr\\\/en\\\/\",\"name\":\"Petroni.hr\",\"description\":\"Experience the unprecedented freedom of travel\",\"publisher\":{\"@id\":\"https:\\\/\\\/www.petroni.hr\\\/en\\\/#organization\"},\"alternateName\":\"Petroni\",\"potentialAction\":[{\"@type\":\"SearchAction\",\"target\":{\"@type\":\"EntryPoint\",\"urlTemplate\":\"https:\\\/\\\/www.petroni.hr\\\/en\\\/?s={search_term_string}\"},\"query-input\":{\"@type\":\"PropertyValueSpecification\",\"valueRequired\":true,\"valueName\":\"search_term_string\"}}],\"inLanguage\":\"en-US\"},{\"@type\":\"Organization\",\"@id\":\"https:\\\/\\\/www.petroni.hr\\\/en\\\/#organization\",\"name\":\"Petroni d.o.o.\",\"alternateName\":\"Petroni\",\"url\":\"https:\\\/\\\/www.petroni.hr\\\/en\\\/\",\"logo\":{\"@type\":\"ImageObject\",\"inLanguage\":\"en-US\",\"@id\":\"https:\\\/\\\/www.petroni.hr\\\/en\\\/#\\\/schema\\\/logo\\\/image\\\/\",\"url\":\"https:\\\/\\\/www.petroni.hr\\\/wp-content\\\/uploads\\\/2024\\\/03\\\/cropped-Group-3.jpg\",\"contentUrl\":\"https:\\\/\\\/www.petroni.hr\\\/wp-content\\\/uploads\\\/2024\\\/03\\\/cropped-Group-3.jpg\",\"width\":512,\"height\":512,\"caption\":\"Petroni d.o.o.\"},\"image\":{\"@id\":\"https:\\\/\\\/www.petroni.hr\\\/en\\\/#\\\/schema\\\/logo\\\/image\\\/\"},\"sameAs\":[\"https:\\\/\\\/www.facebook.com\\\/Kamperi.Petroni.Sesvete\\\/?locale=hr_HR\"]}]}<\/script>\n<!-- \/ Yoast SEO plugin. -->","yoast_head_json":{"title":"Svjetlo vanjsko HEOSled za ugradnju u tendu 1,44W | Petroni - rent | sale | service | conversions","robots":{"index":"index","follow":"follow","max-snippet":"max-snippet:-1","max-image-preview":"max-image-preview:large","max-video-preview":"max-video-preview:-1"},"canonical":"https:\/\/www.petroni.hr\/en\/proizvod\/svjetlo-vanjsko-heosled-za-ugradnju-u-tendu-144w\/","og_locale":"en_US","og_type":"article","og_title":"Svjetlo vanjsko HEOSled za ugradnju u tendu 1,44W | Petroni - rent | sale | service | conversions","og_description":"Prikladno za tende: Thule Omnistor serije 5, 5003, 6200, 8000, 9200 Fiamma F45 \u2022 Jednostavno za ugradnju u tende. Rasvjeta se ugra\u0111uje u postoje\u0107e profile bez dodatnog bu\u0161enja. \u2022 Trajna ugradnja bez utjecaja na tendu. \u2022 Jednostavno i nevidljivo o\u017ei\u010denje iza tende. \u2022 Ekonomi\u010dno, ali jako svjetlo, tako\u0111er pogodno za \u010ditanje. UPUTE ZA MONTA\u017dU \u2022 [&hellip;]","og_url":"https:\/\/www.petroni.hr\/en\/proizvod\/svjetlo-vanjsko-heosled-za-ugradnju-u-tendu-144w\/","og_site_name":"Petroni - rent | sale | service | conversions","article_publisher":"https:\/\/www.facebook.com\/Kamperi.Petroni.Sesvete\/?locale=hr_HR","article_modified_time":"2024-12-15T13:16:56+00:00","og_image":[{"width":650,"height":433,"url":"https:\/\/www.petroni.hr\/wp-content\/uploads\/2020\/09\/9018_3.jpg","type":"image\/jpeg"}],"twitter_card":"summary_large_image","twitter_misc":{"Est. reading time":"1 minute"},"schema":{"@context":"https:\/\/schema.org","@graph":[{"@type":"WebPage","@id":"https:\/\/www.petroni.hr\/en\/proizvod\/svjetlo-vanjsko-heosled-za-ugradnju-u-tendu-144w\/","url":"https:\/\/www.petroni.hr\/en\/proizvod\/svjetlo-vanjsko-heosled-za-ugradnju-u-tendu-144w\/","name":"Svjetlo vanjsko HEOSled za ugradnju u tendu 1,44W | Petroni - rent | sale | service | conversions","isPartOf":{"@id":"https:\/\/www.petroni.hr\/en\/#website"},"primaryImageOfPage":{"@id":"https:\/\/www.petroni.hr\/en\/proizvod\/svjetlo-vanjsko-heosled-za-ugradnju-u-tendu-144w\/#primaryimage"},"image":{"@id":"https:\/\/www.petroni.hr\/en\/proizvod\/svjetlo-vanjsko-heosled-za-ugradnju-u-tendu-144w\/#primaryimage"},"thumbnailUrl":"https:\/\/www.petroni.hr\/wp-content\/uploads\/2020\/09\/9018_3.jpg","datePublished":"2020-09-29T17:51:13+00:00","dateModified":"2024-12-15T13:16:56+00:00","breadcrumb":{"@id":"https:\/\/www.petroni.hr\/en\/proizvod\/svjetlo-vanjsko-heosled-za-ugradnju-u-tendu-144w\/#breadcrumb"},"inLanguage":"en-US","potentialAction":[{"@type":"ReadAction","target":["https:\/\/www.petroni.hr\/en\/proizvod\/svjetlo-vanjsko-heosled-za-ugradnju-u-tendu-144w\/"]}]},{"@type":"ImageObject","inLanguage":"en-US","@id":"https:\/\/www.petroni.hr\/en\/proizvod\/svjetlo-vanjsko-heosled-za-ugradnju-u-tendu-144w\/#primaryimage","url":"https:\/\/www.petroni.hr\/wp-content\/uploads\/2020\/09\/9018_3.jpg","contentUrl":"https:\/\/www.petroni.hr\/wp-content\/uploads\/2020\/09\/9018_3.jpg","width":650,"height":433},{"@type":"BreadcrumbList","@id":"https:\/\/www.petroni.hr\/en\/proizvod\/svjetlo-vanjsko-heosled-za-ugradnju-u-tendu-144w\/#breadcrumb","itemListElement":[{"@type":"ListItem","position":1,"name":"Po\u010detna stranica","item":"https:\/\/www.petroni.hr\/en\/"},{"@type":"ListItem","position":2,"name":"Shop","item":"https:\/\/www.petroni.hr\/en\/shop\/"},{"@type":"ListItem","position":3,"name":"Svjetlo vanjsko HEOSled za ugradnju u tendu 1,44W"}]},{"@type":"WebSite","@id":"https:\/\/www.petroni.hr\/en\/#website","url":"https:\/\/www.petroni.hr\/en\/","name":"Petroni.hr","description":"Experience the unprecedented freedom of travel","publisher":{"@id":"https:\/\/www.petroni.hr\/en\/#organization"},"alternateName":"Petroni","potentialAction":[{"@type":"SearchAction","target":{"@type":"EntryPoint","urlTemplate":"https:\/\/www.petroni.hr\/en\/?s={search_term_string}"},"query-input":{"@type":"PropertyValueSpecification","valueRequired":true,"valueName":"search_term_string"}}],"inLanguage":"en-US"},{"@type":"Organization","@id":"https:\/\/www.petroni.hr\/en\/#organization","name":"Petroni d.o.o.","alternateName":"Petroni","url":"https:\/\/www.petroni.hr\/en\/","logo":{"@type":"ImageObject","inLanguage":"en-US","@id":"https:\/\/www.petroni.hr\/en\/#\/schema\/logo\/image\/","url":"https:\/\/www.petroni.hr\/wp-content\/uploads\/2024\/03\/cropped-Group-3.jpg","contentUrl":"https:\/\/www.petroni.hr\/wp-content\/uploads\/2024\/03\/cropped-Group-3.jpg","width":512,"height":512,"caption":"Petroni d.o.o."},"image":{"@id":"https:\/\/www.petroni.hr\/en\/#\/schema\/logo\/image\/"},"sameAs":["https:\/\/www.facebook.com\/Kamperi.Petroni.Sesvete\/?locale=hr_HR"]}]}},"_links":{"self":[{"href":"https:\/\/www.petroni.hr\/en\/wp-json\/wp\/v2\/product\/20390","targetHints":{"allow":["GET"]}}],"collection":[{"href":"https:\/\/www.petroni.hr\/en\/wp-json\/wp\/v2\/product"}],"about":[{"href":"https:\/\/www.petroni.hr\/en\/wp-json\/wp\/v2\/types\/product"}],"replies":[{"embeddable":true,"href":"https:\/\/www.petroni.hr\/en\/wp-json\/wp\/v2\/comments?post=20390"}],"wp:featuredmedia":[{"embeddable":true,"href":"https:\/\/www.petroni.hr\/en\/wp-json\/wp\/v2\/media\/7879"}],"wp:attachment":[{"href":"https:\/\/www.petroni.hr\/en\/wp-json\/wp\/v2\/media?parent=20390"}],"wp:term":[{"taxonomy":"product_brand","embeddable":true,"href":"https:\/\/www.petroni.hr\/en\/wp-json\/wp\/v2\/product_brand?post=20390"},{"taxonomy":"product_cat","embeddable":true,"href":"https:\/\/www.petroni.hr\/en\/wp-json\/wp\/v2\/product_cat?post=20390"},{"taxonomy":"product_tag","embeddable":true,"href":"https:\/\/www.petroni.hr\/en\/wp-json\/wp\/v2\/product_tag?post=20390"}],"curies":[{"name":"wp","href":"https:\/\/api.w.org\/{rel}","templated":true}]}}