{"id":20301,"date":"2020-09-26T07:11:22","date_gmt":"2020-09-26T06:11:22","guid":{"rendered":"https:\/\/www.petroni.hr\/proizvod\/solarni-regulator-punjenja-carbest-12v-sr243-duo-digital\/"},"modified":"2024-12-11T17:50:14","modified_gmt":"2024-12-11T16:50:14","slug":"solarni-regulator-punjenja-carbest-12v-sr243-duo-digital","status":"publish","type":"product","link":"https:\/\/www.petroni.hr\/en\/proizvod\/solarni-regulator-punjenja-carbest-12v-sr243-duo-digital\/","title":{"rendered":"Solarni regulator punjenja Carbest 12V ; SR243 Duo Digital"},"content":{"rendered":"<p>Programi za punjenje za sve vrste baterija<br \/>\nDodatni izlaz za odr\u017eavanje napunjenosti startne baterije<br \/>\nPrikaz statusa sa LED lampicama<br \/>\nMo\u017ee se priklju\u010diti senzor temperature<br \/>\nSvi kontroleri mogu se povezati na solarni zaslon ili solarni monitor<\/p>\n<p>Automatski puni stacionarnu i startnu bateriju. Programi punjenja za gel, kiseline \/ mokre i AGM \/ flis baterije. Mogu\u0107 ulaz za senzor temperature baterije za gel i flis baterije. Diode koje emitiraju svjetlost ozna\u010davaju &#8220;punjenje&#8221; i &#8220;puno&#8221;. Mogu\u0107 priklju\u010dak za solarno ra\u010dunalo (851304).<br \/>\nTehni\u010dke specifikacije:<br \/>\n12V, snaga solarnog modula: maks. 240 Wp<br \/>\nStruja punjenja max. BAT1 \/ BAT2: 14.3A \/ 0.8A<br \/>\nPodesivi tip baterije (kiselina, gel), za\u0161tita od prekomjernog punjenja, nepovratni ventil (no\u0107ni rad)<br \/>\n1 izlaz za punjenje<\/p>\n<p>Isporu\u010duje se sa kablovima 999851304<\/p>\n","protected":false},"excerpt":{"rendered":"<p>Programi za punjenje za sve vrste baterija Dodatni izlaz za odr\u017eavanje napunjenosti startne baterije Prikaz statusa sa LED lampicama Mo\u017ee se priklju\u010diti senzor temperature Svi kontroleri mogu se povezati na solarni zaslon ili solarni monitor Automatski puni stacionarnu i startnu bateriju. Programi punjenja za gel, kiseline \/ mokre i AGM \/ flis baterije. Mogu\u0107 ulaz [&hellip;]<\/p>\n","protected":false},"featured_media":7580,"comment_status":"open","ping_status":"closed","template":"","meta":{"_acf_changed":false,"_themeisle_gutenberg_block_has_review":false},"product_brand":[],"product_cat":[291,272],"product_tag":[],"class_list":{"0":"post-20301","1":"product","2":"type-product","3":"status-publish","4":"has-post-thumbnail","6":"product_cat-electricity","7":"product_cat-solarni-sustavi-2-en","9":"first","10":"instock","11":"shipping-taxable","12":"purchasable","13":"product-type-simple"},"acf":[],"yoast_head":"<!-- This site is optimized with the Yoast SEO plugin v27.4 - https:\/\/yoast.com\/product\/yoast-seo-wordpress\/ -->\n<title>Solarni regulator punjenja Carbest 12V ; SR243 Duo Digital | Petroni - rent | sale | service | conversions<\/title>\n<meta name=\"robots\" content=\"index, follow, max-snippet:-1, max-image-preview:large, max-video-preview:-1\" \/>\n<link rel=\"canonical\" href=\"https:\/\/www.petroni.hr\/en\/proizvod\/solarni-regulator-punjenja-carbest-12v-sr243-duo-digital\/\" \/>\n<meta property=\"og:locale\" content=\"en_US\" \/>\n<meta property=\"og:type\" content=\"article\" \/>\n<meta property=\"og:title\" content=\"Solarni regulator punjenja Carbest 12V ; SR243 Duo Digital | Petroni - rent | sale | service | conversions\" \/>\n<meta property=\"og:description\" content=\"Programi za punjenje za sve vrste baterija Dodatni izlaz za odr\u017eavanje napunjenosti startne baterije Prikaz statusa sa LED lampicama Mo\u017ee se priklju\u010diti senzor temperature Svi kontroleri mogu se povezati na solarni zaslon ili solarni monitor Automatski puni stacionarnu i startnu bateriju. Programi punjenja za gel, kiseline \/ mokre i AGM \/ flis baterije. Mogu\u0107 ulaz [&hellip;]\" \/>\n<meta property=\"og:url\" content=\"https:\/\/www.petroni.hr\/en\/proizvod\/solarni-regulator-punjenja-carbest-12v-sr243-duo-digital\/\" \/>\n<meta property=\"og:site_name\" content=\"Petroni - rent | sale | service | conversions\" \/>\n<meta property=\"article:publisher\" content=\"https:\/\/www.facebook.com\/Kamperi.Petroni.Sesvete\/?locale=hr_HR\" \/>\n<meta property=\"article:modified_time\" content=\"2024-12-11T16:50:14+00:00\" \/>\n<meta property=\"og:image\" content=\"https:\/\/www.petroni.hr\/wp-content\/uploads\/2020\/09\/85138_popup.jpg\" \/>\n\t<meta property=\"og:image:width\" content=\"731\" \/>\n\t<meta property=\"og:image:height\" content=\"600\" \/>\n\t<meta property=\"og:image:type\" content=\"image\/jpeg\" \/>\n<meta name=\"twitter:card\" content=\"summary_large_image\" \/>\n<meta name=\"twitter:label1\" content=\"Est. reading time\" \/>\n\t<meta name=\"twitter:data1\" content=\"1 minute\" \/>\n<script type=\"application\/ld+json\" class=\"yoast-schema-graph\">{\"@context\":\"https:\\\/\\\/schema.org\",\"@graph\":[{\"@type\":\"WebPage\",\"@id\":\"https:\\\/\\\/www.petroni.hr\\\/en\\\/proizvod\\\/solarni-regulator-punjenja-carbest-12v-sr243-duo-digital\\\/\",\"url\":\"https:\\\/\\\/www.petroni.hr\\\/en\\\/proizvod\\\/solarni-regulator-punjenja-carbest-12v-sr243-duo-digital\\\/\",\"name\":\"Solarni regulator punjenja Carbest 12V ; SR243 Duo Digital | Petroni - rent | sale | service | conversions\",\"isPartOf\":{\"@id\":\"https:\\\/\\\/www.petroni.hr\\\/en\\\/#website\"},\"primaryImageOfPage\":{\"@id\":\"https:\\\/\\\/www.petroni.hr\\\/en\\\/proizvod\\\/solarni-regulator-punjenja-carbest-12v-sr243-duo-digital\\\/#primaryimage\"},\"image\":{\"@id\":\"https:\\\/\\\/www.petroni.hr\\\/en\\\/proizvod\\\/solarni-regulator-punjenja-carbest-12v-sr243-duo-digital\\\/#primaryimage\"},\"thumbnailUrl\":\"https:\\\/\\\/www.petroni.hr\\\/wp-content\\\/uploads\\\/2020\\\/09\\\/85138_popup.jpg\",\"datePublished\":\"2020-09-26T06:11:22+00:00\",\"dateModified\":\"2024-12-11T16:50:14+00:00\",\"breadcrumb\":{\"@id\":\"https:\\\/\\\/www.petroni.hr\\\/en\\\/proizvod\\\/solarni-regulator-punjenja-carbest-12v-sr243-duo-digital\\\/#breadcrumb\"},\"inLanguage\":\"en-US\",\"potentialAction\":[{\"@type\":\"ReadAction\",\"target\":[\"https:\\\/\\\/www.petroni.hr\\\/en\\\/proizvod\\\/solarni-regulator-punjenja-carbest-12v-sr243-duo-digital\\\/\"]}]},{\"@type\":\"ImageObject\",\"inLanguage\":\"en-US\",\"@id\":\"https:\\\/\\\/www.petroni.hr\\\/en\\\/proizvod\\\/solarni-regulator-punjenja-carbest-12v-sr243-duo-digital\\\/#primaryimage\",\"url\":\"https:\\\/\\\/www.petroni.hr\\\/wp-content\\\/uploads\\\/2020\\\/09\\\/85138_popup.jpg\",\"contentUrl\":\"https:\\\/\\\/www.petroni.hr\\\/wp-content\\\/uploads\\\/2020\\\/09\\\/85138_popup.jpg\",\"width\":731,\"height\":600},{\"@type\":\"BreadcrumbList\",\"@id\":\"https:\\\/\\\/www.petroni.hr\\\/en\\\/proizvod\\\/solarni-regulator-punjenja-carbest-12v-sr243-duo-digital\\\/#breadcrumb\",\"itemListElement\":[{\"@type\":\"ListItem\",\"position\":1,\"name\":\"Po\u010detna stranica\",\"item\":\"https:\\\/\\\/www.petroni.hr\\\/en\\\/\"},{\"@type\":\"ListItem\",\"position\":2,\"name\":\"Shop\",\"item\":\"https:\\\/\\\/www.petroni.hr\\\/en\\\/shop\\\/\"},{\"@type\":\"ListItem\",\"position\":3,\"name\":\"Solarni regulator punjenja Carbest 12V ; SR243 Duo Digital\"}]},{\"@type\":\"WebSite\",\"@id\":\"https:\\\/\\\/www.petroni.hr\\\/en\\\/#website\",\"url\":\"https:\\\/\\\/www.petroni.hr\\\/en\\\/\",\"name\":\"Petroni.hr\",\"description\":\"Experience the unprecedented freedom of travel\",\"publisher\":{\"@id\":\"https:\\\/\\\/www.petroni.hr\\\/en\\\/#organization\"},\"alternateName\":\"Petroni\",\"potentialAction\":[{\"@type\":\"SearchAction\",\"target\":{\"@type\":\"EntryPoint\",\"urlTemplate\":\"https:\\\/\\\/www.petroni.hr\\\/en\\\/?s={search_term_string}\"},\"query-input\":{\"@type\":\"PropertyValueSpecification\",\"valueRequired\":true,\"valueName\":\"search_term_string\"}}],\"inLanguage\":\"en-US\"},{\"@type\":\"Organization\",\"@id\":\"https:\\\/\\\/www.petroni.hr\\\/en\\\/#organization\",\"name\":\"Petroni d.o.o.\",\"alternateName\":\"Petroni\",\"url\":\"https:\\\/\\\/www.petroni.hr\\\/en\\\/\",\"logo\":{\"@type\":\"ImageObject\",\"inLanguage\":\"en-US\",\"@id\":\"https:\\\/\\\/www.petroni.hr\\\/en\\\/#\\\/schema\\\/logo\\\/image\\\/\",\"url\":\"https:\\\/\\\/www.petroni.hr\\\/wp-content\\\/uploads\\\/2024\\\/03\\\/cropped-Group-3.jpg\",\"contentUrl\":\"https:\\\/\\\/www.petroni.hr\\\/wp-content\\\/uploads\\\/2024\\\/03\\\/cropped-Group-3.jpg\",\"width\":512,\"height\":512,\"caption\":\"Petroni d.o.o.\"},\"image\":{\"@id\":\"https:\\\/\\\/www.petroni.hr\\\/en\\\/#\\\/schema\\\/logo\\\/image\\\/\"},\"sameAs\":[\"https:\\\/\\\/www.facebook.com\\\/Kamperi.Petroni.Sesvete\\\/?locale=hr_HR\"]}]}<\/script>\n<!-- \/ Yoast SEO plugin. -->","yoast_head_json":{"title":"Solarni regulator punjenja Carbest 12V ; SR243 Duo Digital | Petroni - rent | sale | service | conversions","robots":{"index":"index","follow":"follow","max-snippet":"max-snippet:-1","max-image-preview":"max-image-preview:large","max-video-preview":"max-video-preview:-1"},"canonical":"https:\/\/www.petroni.hr\/en\/proizvod\/solarni-regulator-punjenja-carbest-12v-sr243-duo-digital\/","og_locale":"en_US","og_type":"article","og_title":"Solarni regulator punjenja Carbest 12V ; SR243 Duo Digital | Petroni - rent | sale | service | conversions","og_description":"Programi za punjenje za sve vrste baterija Dodatni izlaz za odr\u017eavanje napunjenosti startne baterije Prikaz statusa sa LED lampicama Mo\u017ee se priklju\u010diti senzor temperature Svi kontroleri mogu se povezati na solarni zaslon ili solarni monitor Automatski puni stacionarnu i startnu bateriju. Programi punjenja za gel, kiseline \/ mokre i AGM \/ flis baterije. Mogu\u0107 ulaz [&hellip;]","og_url":"https:\/\/www.petroni.hr\/en\/proizvod\/solarni-regulator-punjenja-carbest-12v-sr243-duo-digital\/","og_site_name":"Petroni - rent | sale | service | conversions","article_publisher":"https:\/\/www.facebook.com\/Kamperi.Petroni.Sesvete\/?locale=hr_HR","article_modified_time":"2024-12-11T16:50:14+00:00","og_image":[{"width":731,"height":600,"url":"https:\/\/www.petroni.hr\/wp-content\/uploads\/2020\/09\/85138_popup.jpg","type":"image\/jpeg"}],"twitter_card":"summary_large_image","twitter_misc":{"Est. reading time":"1 minute"},"schema":{"@context":"https:\/\/schema.org","@graph":[{"@type":"WebPage","@id":"https:\/\/www.petroni.hr\/en\/proizvod\/solarni-regulator-punjenja-carbest-12v-sr243-duo-digital\/","url":"https:\/\/www.petroni.hr\/en\/proizvod\/solarni-regulator-punjenja-carbest-12v-sr243-duo-digital\/","name":"Solarni regulator punjenja Carbest 12V ; SR243 Duo Digital | Petroni - rent | sale | service | conversions","isPartOf":{"@id":"https:\/\/www.petroni.hr\/en\/#website"},"primaryImageOfPage":{"@id":"https:\/\/www.petroni.hr\/en\/proizvod\/solarni-regulator-punjenja-carbest-12v-sr243-duo-digital\/#primaryimage"},"image":{"@id":"https:\/\/www.petroni.hr\/en\/proizvod\/solarni-regulator-punjenja-carbest-12v-sr243-duo-digital\/#primaryimage"},"thumbnailUrl":"https:\/\/www.petroni.hr\/wp-content\/uploads\/2020\/09\/85138_popup.jpg","datePublished":"2020-09-26T06:11:22+00:00","dateModified":"2024-12-11T16:50:14+00:00","breadcrumb":{"@id":"https:\/\/www.petroni.hr\/en\/proizvod\/solarni-regulator-punjenja-carbest-12v-sr243-duo-digital\/#breadcrumb"},"inLanguage":"en-US","potentialAction":[{"@type":"ReadAction","target":["https:\/\/www.petroni.hr\/en\/proizvod\/solarni-regulator-punjenja-carbest-12v-sr243-duo-digital\/"]}]},{"@type":"ImageObject","inLanguage":"en-US","@id":"https:\/\/www.petroni.hr\/en\/proizvod\/solarni-regulator-punjenja-carbest-12v-sr243-duo-digital\/#primaryimage","url":"https:\/\/www.petroni.hr\/wp-content\/uploads\/2020\/09\/85138_popup.jpg","contentUrl":"https:\/\/www.petroni.hr\/wp-content\/uploads\/2020\/09\/85138_popup.jpg","width":731,"height":600},{"@type":"BreadcrumbList","@id":"https:\/\/www.petroni.hr\/en\/proizvod\/solarni-regulator-punjenja-carbest-12v-sr243-duo-digital\/#breadcrumb","itemListElement":[{"@type":"ListItem","position":1,"name":"Po\u010detna stranica","item":"https:\/\/www.petroni.hr\/en\/"},{"@type":"ListItem","position":2,"name":"Shop","item":"https:\/\/www.petroni.hr\/en\/shop\/"},{"@type":"ListItem","position":3,"name":"Solarni regulator punjenja Carbest 12V ; SR243 Duo Digital"}]},{"@type":"WebSite","@id":"https:\/\/www.petroni.hr\/en\/#website","url":"https:\/\/www.petroni.hr\/en\/","name":"Petroni.hr","description":"Experience the unprecedented freedom of travel","publisher":{"@id":"https:\/\/www.petroni.hr\/en\/#organization"},"alternateName":"Petroni","potentialAction":[{"@type":"SearchAction","target":{"@type":"EntryPoint","urlTemplate":"https:\/\/www.petroni.hr\/en\/?s={search_term_string}"},"query-input":{"@type":"PropertyValueSpecification","valueRequired":true,"valueName":"search_term_string"}}],"inLanguage":"en-US"},{"@type":"Organization","@id":"https:\/\/www.petroni.hr\/en\/#organization","name":"Petroni d.o.o.","alternateName":"Petroni","url":"https:\/\/www.petroni.hr\/en\/","logo":{"@type":"ImageObject","inLanguage":"en-US","@id":"https:\/\/www.petroni.hr\/en\/#\/schema\/logo\/image\/","url":"https:\/\/www.petroni.hr\/wp-content\/uploads\/2024\/03\/cropped-Group-3.jpg","contentUrl":"https:\/\/www.petroni.hr\/wp-content\/uploads\/2024\/03\/cropped-Group-3.jpg","width":512,"height":512,"caption":"Petroni d.o.o."},"image":{"@id":"https:\/\/www.petroni.hr\/en\/#\/schema\/logo\/image\/"},"sameAs":["https:\/\/www.facebook.com\/Kamperi.Petroni.Sesvete\/?locale=hr_HR"]}]}},"_links":{"self":[{"href":"https:\/\/www.petroni.hr\/en\/wp-json\/wp\/v2\/product\/20301","targetHints":{"allow":["GET"]}}],"collection":[{"href":"https:\/\/www.petroni.hr\/en\/wp-json\/wp\/v2\/product"}],"about":[{"href":"https:\/\/www.petroni.hr\/en\/wp-json\/wp\/v2\/types\/product"}],"replies":[{"embeddable":true,"href":"https:\/\/www.petroni.hr\/en\/wp-json\/wp\/v2\/comments?post=20301"}],"wp:featuredmedia":[{"embeddable":true,"href":"https:\/\/www.petroni.hr\/en\/wp-json\/wp\/v2\/media\/7580"}],"wp:attachment":[{"href":"https:\/\/www.petroni.hr\/en\/wp-json\/wp\/v2\/media?parent=20301"}],"wp:term":[{"taxonomy":"product_brand","embeddable":true,"href":"https:\/\/www.petroni.hr\/en\/wp-json\/wp\/v2\/product_brand?post=20301"},{"taxonomy":"product_cat","embeddable":true,"href":"https:\/\/www.petroni.hr\/en\/wp-json\/wp\/v2\/product_cat?post=20301"},{"taxonomy":"product_tag","embeddable":true,"href":"https:\/\/www.petroni.hr\/en\/wp-json\/wp\/v2\/product_tag?post=20301"}],"curies":[{"name":"wp","href":"https:\/\/api.w.org\/{rel}","templated":true}]}}