{"id":20292,"date":"2021-02-13T11:09:18","date_gmt":"2021-02-13T10:09:18","guid":{"rendered":"https:\/\/www.petroni.hr\/proizvod\/sikaflex-521-uv-300ml-bijela\/"},"modified":"2024-12-10T12:40:35","modified_gmt":"2024-12-10T11:40:35","slug":"sikaflex-521-uv-300ml-bijela","status":"publish","type":"product","link":"https:\/\/www.petroni.hr\/en\/proizvod\/sikaflex-521-uv-300ml-bijela\/","title":{"rendered":"Sikaflex 521 UV, 300ml, bijela"},"content":{"rendered":"<p>Sikaflex\u00ae-521 UV je multifunkcionalno visokou\u010dinkovito postojano elasti\u010dno brtvilo na osnovi 1-komponentnog poliuretana zasnovanog na<br \/>\nhibridnoj tehnologiji, koji otvrdnjava u dodiru s vlagom iz zraka stvaraju\u0107i pri tome trajan elastomer.<br \/>\nSikaflex\u00ae -521 UV proizveden je u skladu s ISO 9001 \/ 14001standardima kvalitete i za\u0161tite okoli\u0161a (\u201cresponsible care program\u201d).<\/p>\n<p>Prednosti proizvoda<\/p>\n<p>&#8211; 1-C hibridna formulacija<br \/>\n&#8211; Elasti\u010dno<br \/>\n&#8211; UV postojano, otporno na starenje i atmosferilije<br \/>\n&#8211; Prianja na razli\u010dite povr\u0161ine bez posebnih priprema<br \/>\n&#8211; Mo\u017ee se bojati<br \/>\n&#8211; Mo\u017ee se brusiti<br \/>\n&#8211; Skoro bez mirisa<br \/>\n&#8211; Ne uzrokuje koroziju<br \/>\n&#8211; Visoka elektri\u010dna otpornost<br \/>\n&#8211; Ne sadr\u017ei VOC i otapala<br \/>\n&#8211; Ne sadr\u017ei silikone i PVC<\/p>\n<p>Podru\u010dja primjene<\/p>\n<p>Sikaflex\u00ae -521 UV prianja na razli\u010dite materijale, stvaraju\u0107i pri tome elasti\u010dno brtvilo visoke \u010dvrsto\u0107e i trajnosti. Mo\u017ee se<br \/>\nnanositi na drvo, metale, primere metala i premaze boje (2-c sustavi), keramiku i plastiku.<\/p>\n<p>Zatra\u017eiti preporuku proizvo\u0111a\u010da prije nano\u0161enja na transparentne materijale koji naginju pucanju usljed naprezanja.<\/p>\n","protected":false},"excerpt":{"rendered":"<p>Sikaflex\u00ae-521 UV je multifunkcionalno visokou\u010dinkovito postojano elasti\u010dno brtvilo na osnovi 1-komponentnog poliuretana zasnovanog na hibridnoj tehnologiji, koji otvrdnjava u dodiru s vlagom iz zraka stvaraju\u0107i pri tome trajan elastomer. Sikaflex\u00ae -521 UV proizveden je u skladu s ISO 9001 \/ 14001standardima kvalitete i za\u0161tite okoli\u0161a (\u201cresponsible care program\u201d). Prednosti proizvoda &#8211; 1-C hibridna formulacija &#8211; [&hellip;]<\/p>\n","protected":false},"featured_media":9944,"comment_status":"open","ping_status":"closed","template":"","meta":{"_acf_changed":false,"_themeisle_gutenberg_block_has_review":false},"product_brand":[],"product_cat":[317],"product_tag":[],"class_list":{"0":"post-20292","1":"product","2":"type-product","3":"status-publish","4":"has-post-thumbnail","6":"product_cat-chemicals-and-liquids-en","8":"first","9":"outofstock","10":"shipping-taxable","11":"purchasable","12":"product-type-simple"},"acf":[],"yoast_head":"<!-- This site is optimized with the Yoast SEO plugin v27.4 - https:\/\/yoast.com\/product\/yoast-seo-wordpress\/ -->\n<title>Sikaflex 521 UV, 300ml, bijela | Petroni - rent | sale | service | conversions<\/title>\n<meta name=\"robots\" content=\"index, follow, max-snippet:-1, max-image-preview:large, max-video-preview:-1\" \/>\n<link rel=\"canonical\" href=\"https:\/\/www.petroni.hr\/en\/proizvod\/sikaflex-521-uv-300ml-bijela\/\" \/>\n<meta property=\"og:locale\" content=\"en_US\" \/>\n<meta property=\"og:type\" content=\"article\" \/>\n<meta property=\"og:title\" content=\"Sikaflex 521 UV, 300ml, bijela | Petroni - rent | sale | service | conversions\" \/>\n<meta property=\"og:description\" content=\"Sikaflex\u00ae-521 UV je multifunkcionalno visokou\u010dinkovito postojano elasti\u010dno brtvilo na osnovi 1-komponentnog poliuretana zasnovanog na hibridnoj tehnologiji, koji otvrdnjava u dodiru s vlagom iz zraka stvaraju\u0107i pri tome trajan elastomer. Sikaflex\u00ae -521 UV proizveden je u skladu s ISO 9001 \/ 14001standardima kvalitete i za\u0161tite okoli\u0161a (\u201cresponsible care program\u201d). Prednosti proizvoda &#8211; 1-C hibridna formulacija &#8211; [&hellip;]\" \/>\n<meta property=\"og:url\" content=\"https:\/\/www.petroni.hr\/en\/proizvod\/sikaflex-521-uv-300ml-bijela\/\" \/>\n<meta property=\"og:site_name\" content=\"Petroni - rent | sale | service | conversions\" \/>\n<meta property=\"article:publisher\" content=\"https:\/\/www.facebook.com\/Kamperi.Petroni.Sesvete\/?locale=hr_HR\" \/>\n<meta property=\"article:modified_time\" content=\"2024-12-10T11:40:35+00:00\" \/>\n<meta property=\"og:image\" content=\"https:\/\/www.petroni.hr\/wp-content\/uploads\/2021\/02\/29476-sikaflex-521.jpg\" \/>\n\t<meta property=\"og:image:width\" content=\"185\" \/>\n\t<meta property=\"og:image:height\" content=\"600\" \/>\n\t<meta property=\"og:image:type\" content=\"image\/jpeg\" \/>\n<meta name=\"twitter:card\" content=\"summary_large_image\" \/>\n<meta name=\"twitter:label1\" content=\"Est. reading time\" \/>\n\t<meta name=\"twitter:data1\" content=\"1 minute\" \/>\n<script type=\"application\/ld+json\" class=\"yoast-schema-graph\">{\"@context\":\"https:\\\/\\\/schema.org\",\"@graph\":[{\"@type\":\"WebPage\",\"@id\":\"https:\\\/\\\/www.petroni.hr\\\/en\\\/proizvod\\\/sikaflex-521-uv-300ml-bijela\\\/\",\"url\":\"https:\\\/\\\/www.petroni.hr\\\/en\\\/proizvod\\\/sikaflex-521-uv-300ml-bijela\\\/\",\"name\":\"Sikaflex 521 UV, 300ml, bijela | Petroni - rent | sale | service | conversions\",\"isPartOf\":{\"@id\":\"https:\\\/\\\/www.petroni.hr\\\/en\\\/#website\"},\"primaryImageOfPage\":{\"@id\":\"https:\\\/\\\/www.petroni.hr\\\/en\\\/proizvod\\\/sikaflex-521-uv-300ml-bijela\\\/#primaryimage\"},\"image\":{\"@id\":\"https:\\\/\\\/www.petroni.hr\\\/en\\\/proizvod\\\/sikaflex-521-uv-300ml-bijela\\\/#primaryimage\"},\"thumbnailUrl\":\"https:\\\/\\\/www.petroni.hr\\\/wp-content\\\/uploads\\\/2021\\\/02\\\/29476-sikaflex-521.jpg\",\"datePublished\":\"2021-02-13T10:09:18+00:00\",\"dateModified\":\"2024-12-10T11:40:35+00:00\",\"breadcrumb\":{\"@id\":\"https:\\\/\\\/www.petroni.hr\\\/en\\\/proizvod\\\/sikaflex-521-uv-300ml-bijela\\\/#breadcrumb\"},\"inLanguage\":\"en-US\",\"potentialAction\":[{\"@type\":\"ReadAction\",\"target\":[\"https:\\\/\\\/www.petroni.hr\\\/en\\\/proizvod\\\/sikaflex-521-uv-300ml-bijela\\\/\"]}]},{\"@type\":\"ImageObject\",\"inLanguage\":\"en-US\",\"@id\":\"https:\\\/\\\/www.petroni.hr\\\/en\\\/proizvod\\\/sikaflex-521-uv-300ml-bijela\\\/#primaryimage\",\"url\":\"https:\\\/\\\/www.petroni.hr\\\/wp-content\\\/uploads\\\/2021\\\/02\\\/29476-sikaflex-521.jpg\",\"contentUrl\":\"https:\\\/\\\/www.petroni.hr\\\/wp-content\\\/uploads\\\/2021\\\/02\\\/29476-sikaflex-521.jpg\",\"width\":185,\"height\":600},{\"@type\":\"BreadcrumbList\",\"@id\":\"https:\\\/\\\/www.petroni.hr\\\/en\\\/proizvod\\\/sikaflex-521-uv-300ml-bijela\\\/#breadcrumb\",\"itemListElement\":[{\"@type\":\"ListItem\",\"position\":1,\"name\":\"Po\u010detna stranica\",\"item\":\"https:\\\/\\\/www.petroni.hr\\\/en\\\/\"},{\"@type\":\"ListItem\",\"position\":2,\"name\":\"Shop\",\"item\":\"https:\\\/\\\/www.petroni.hr\\\/en\\\/shop\\\/\"},{\"@type\":\"ListItem\",\"position\":3,\"name\":\"Sikaflex 521 UV, 300ml, bijela\"}]},{\"@type\":\"WebSite\",\"@id\":\"https:\\\/\\\/www.petroni.hr\\\/en\\\/#website\",\"url\":\"https:\\\/\\\/www.petroni.hr\\\/en\\\/\",\"name\":\"Petroni.hr\",\"description\":\"Experience the unprecedented freedom of travel\",\"publisher\":{\"@id\":\"https:\\\/\\\/www.petroni.hr\\\/en\\\/#organization\"},\"alternateName\":\"Petroni\",\"potentialAction\":[{\"@type\":\"SearchAction\",\"target\":{\"@type\":\"EntryPoint\",\"urlTemplate\":\"https:\\\/\\\/www.petroni.hr\\\/en\\\/?s={search_term_string}\"},\"query-input\":{\"@type\":\"PropertyValueSpecification\",\"valueRequired\":true,\"valueName\":\"search_term_string\"}}],\"inLanguage\":\"en-US\"},{\"@type\":\"Organization\",\"@id\":\"https:\\\/\\\/www.petroni.hr\\\/en\\\/#organization\",\"name\":\"Petroni d.o.o.\",\"alternateName\":\"Petroni\",\"url\":\"https:\\\/\\\/www.petroni.hr\\\/en\\\/\",\"logo\":{\"@type\":\"ImageObject\",\"inLanguage\":\"en-US\",\"@id\":\"https:\\\/\\\/www.petroni.hr\\\/en\\\/#\\\/schema\\\/logo\\\/image\\\/\",\"url\":\"https:\\\/\\\/www.petroni.hr\\\/wp-content\\\/uploads\\\/2024\\\/03\\\/cropped-Group-3.jpg\",\"contentUrl\":\"https:\\\/\\\/www.petroni.hr\\\/wp-content\\\/uploads\\\/2024\\\/03\\\/cropped-Group-3.jpg\",\"width\":512,\"height\":512,\"caption\":\"Petroni d.o.o.\"},\"image\":{\"@id\":\"https:\\\/\\\/www.petroni.hr\\\/en\\\/#\\\/schema\\\/logo\\\/image\\\/\"},\"sameAs\":[\"https:\\\/\\\/www.facebook.com\\\/Kamperi.Petroni.Sesvete\\\/?locale=hr_HR\"]}]}<\/script>\n<!-- \/ Yoast SEO plugin. -->","yoast_head_json":{"title":"Sikaflex 521 UV, 300ml, bijela | Petroni - rent | sale | service | conversions","robots":{"index":"index","follow":"follow","max-snippet":"max-snippet:-1","max-image-preview":"max-image-preview:large","max-video-preview":"max-video-preview:-1"},"canonical":"https:\/\/www.petroni.hr\/en\/proizvod\/sikaflex-521-uv-300ml-bijela\/","og_locale":"en_US","og_type":"article","og_title":"Sikaflex 521 UV, 300ml, bijela | Petroni - rent | sale | service | conversions","og_description":"Sikaflex\u00ae-521 UV je multifunkcionalno visokou\u010dinkovito postojano elasti\u010dno brtvilo na osnovi 1-komponentnog poliuretana zasnovanog na hibridnoj tehnologiji, koji otvrdnjava u dodiru s vlagom iz zraka stvaraju\u0107i pri tome trajan elastomer. Sikaflex\u00ae -521 UV proizveden je u skladu s ISO 9001 \/ 14001standardima kvalitete i za\u0161tite okoli\u0161a (\u201cresponsible care program\u201d). Prednosti proizvoda &#8211; 1-C hibridna formulacija &#8211; [&hellip;]","og_url":"https:\/\/www.petroni.hr\/en\/proizvod\/sikaflex-521-uv-300ml-bijela\/","og_site_name":"Petroni - rent | sale | service | conversions","article_publisher":"https:\/\/www.facebook.com\/Kamperi.Petroni.Sesvete\/?locale=hr_HR","article_modified_time":"2024-12-10T11:40:35+00:00","og_image":[{"width":185,"height":600,"url":"https:\/\/www.petroni.hr\/wp-content\/uploads\/2021\/02\/29476-sikaflex-521.jpg","type":"image\/jpeg"}],"twitter_card":"summary_large_image","twitter_misc":{"Est. reading time":"1 minute"},"schema":{"@context":"https:\/\/schema.org","@graph":[{"@type":"WebPage","@id":"https:\/\/www.petroni.hr\/en\/proizvod\/sikaflex-521-uv-300ml-bijela\/","url":"https:\/\/www.petroni.hr\/en\/proizvod\/sikaflex-521-uv-300ml-bijela\/","name":"Sikaflex 521 UV, 300ml, bijela | Petroni - rent | sale | service | conversions","isPartOf":{"@id":"https:\/\/www.petroni.hr\/en\/#website"},"primaryImageOfPage":{"@id":"https:\/\/www.petroni.hr\/en\/proizvod\/sikaflex-521-uv-300ml-bijela\/#primaryimage"},"image":{"@id":"https:\/\/www.petroni.hr\/en\/proizvod\/sikaflex-521-uv-300ml-bijela\/#primaryimage"},"thumbnailUrl":"https:\/\/www.petroni.hr\/wp-content\/uploads\/2021\/02\/29476-sikaflex-521.jpg","datePublished":"2021-02-13T10:09:18+00:00","dateModified":"2024-12-10T11:40:35+00:00","breadcrumb":{"@id":"https:\/\/www.petroni.hr\/en\/proizvod\/sikaflex-521-uv-300ml-bijela\/#breadcrumb"},"inLanguage":"en-US","potentialAction":[{"@type":"ReadAction","target":["https:\/\/www.petroni.hr\/en\/proizvod\/sikaflex-521-uv-300ml-bijela\/"]}]},{"@type":"ImageObject","inLanguage":"en-US","@id":"https:\/\/www.petroni.hr\/en\/proizvod\/sikaflex-521-uv-300ml-bijela\/#primaryimage","url":"https:\/\/www.petroni.hr\/wp-content\/uploads\/2021\/02\/29476-sikaflex-521.jpg","contentUrl":"https:\/\/www.petroni.hr\/wp-content\/uploads\/2021\/02\/29476-sikaflex-521.jpg","width":185,"height":600},{"@type":"BreadcrumbList","@id":"https:\/\/www.petroni.hr\/en\/proizvod\/sikaflex-521-uv-300ml-bijela\/#breadcrumb","itemListElement":[{"@type":"ListItem","position":1,"name":"Po\u010detna stranica","item":"https:\/\/www.petroni.hr\/en\/"},{"@type":"ListItem","position":2,"name":"Shop","item":"https:\/\/www.petroni.hr\/en\/shop\/"},{"@type":"ListItem","position":3,"name":"Sikaflex 521 UV, 300ml, bijela"}]},{"@type":"WebSite","@id":"https:\/\/www.petroni.hr\/en\/#website","url":"https:\/\/www.petroni.hr\/en\/","name":"Petroni.hr","description":"Experience the unprecedented freedom of travel","publisher":{"@id":"https:\/\/www.petroni.hr\/en\/#organization"},"alternateName":"Petroni","potentialAction":[{"@type":"SearchAction","target":{"@type":"EntryPoint","urlTemplate":"https:\/\/www.petroni.hr\/en\/?s={search_term_string}"},"query-input":{"@type":"PropertyValueSpecification","valueRequired":true,"valueName":"search_term_string"}}],"inLanguage":"en-US"},{"@type":"Organization","@id":"https:\/\/www.petroni.hr\/en\/#organization","name":"Petroni d.o.o.","alternateName":"Petroni","url":"https:\/\/www.petroni.hr\/en\/","logo":{"@type":"ImageObject","inLanguage":"en-US","@id":"https:\/\/www.petroni.hr\/en\/#\/schema\/logo\/image\/","url":"https:\/\/www.petroni.hr\/wp-content\/uploads\/2024\/03\/cropped-Group-3.jpg","contentUrl":"https:\/\/www.petroni.hr\/wp-content\/uploads\/2024\/03\/cropped-Group-3.jpg","width":512,"height":512,"caption":"Petroni d.o.o."},"image":{"@id":"https:\/\/www.petroni.hr\/en\/#\/schema\/logo\/image\/"},"sameAs":["https:\/\/www.facebook.com\/Kamperi.Petroni.Sesvete\/?locale=hr_HR"]}]}},"_links":{"self":[{"href":"https:\/\/www.petroni.hr\/en\/wp-json\/wp\/v2\/product\/20292","targetHints":{"allow":["GET"]}}],"collection":[{"href":"https:\/\/www.petroni.hr\/en\/wp-json\/wp\/v2\/product"}],"about":[{"href":"https:\/\/www.petroni.hr\/en\/wp-json\/wp\/v2\/types\/product"}],"replies":[{"embeddable":true,"href":"https:\/\/www.petroni.hr\/en\/wp-json\/wp\/v2\/comments?post=20292"}],"wp:featuredmedia":[{"embeddable":true,"href":"https:\/\/www.petroni.hr\/en\/wp-json\/wp\/v2\/media\/9944"}],"wp:attachment":[{"href":"https:\/\/www.petroni.hr\/en\/wp-json\/wp\/v2\/media?parent=20292"}],"wp:term":[{"taxonomy":"product_brand","embeddable":true,"href":"https:\/\/www.petroni.hr\/en\/wp-json\/wp\/v2\/product_brand?post=20292"},{"taxonomy":"product_cat","embeddable":true,"href":"https:\/\/www.petroni.hr\/en\/wp-json\/wp\/v2\/product_cat?post=20292"},{"taxonomy":"product_tag","embeddable":true,"href":"https:\/\/www.petroni.hr\/en\/wp-json\/wp\/v2\/product_tag?post=20292"}],"curies":[{"name":"wp","href":"https:\/\/api.w.org\/{rel}","templated":true}]}}