{"id":20290,"date":"2021-02-13T10:28:52","date_gmt":"2021-02-13T09:28:52","guid":{"rendered":"https:\/\/www.petroni.hr\/proizvod\/sikaflex-221-300ml-bijela\/"},"modified":"2024-12-10T12:41:13","modified_gmt":"2024-12-10T11:41:13","slug":"sikaflex-221-300ml-bijela","status":"publish","type":"product","link":"https:\/\/www.petroni.hr\/en\/proizvod\/sikaflex-221-300ml-bijela\/","title":{"rendered":"Sikaflex 221i , 300ml, bijela"},"content":{"rendered":"<p>Sikaflex 221i trajno elasti\u010dan i mo\u017ee se lakirati<br \/>\nSika 221 otvrdnjava upijanjem vlage iz zraka i ne zaga\u0111uje okoli\u0161.<br \/>\nSika Flex ljepljiva i brtvena smjesa za kamp prikolice i kampere<br \/>\nSika 221i idealna je za postavljanje solarnih sustava na vozila<\/p>\n<p>Opis<\/p>\n<p>Sikaflex\u00ae -221 je visoko kvalitetna i svestrano upotrebljiva jednokomponentna poliuretanska masa za brtvljenje, koja otvrdnjava<br \/>\nupijanjem vlage iz zraka i tako prelazi u \u010dvrst elastomer.<\/p>\n<p>Sikaflex\u00ae -221 se proizvodi u skladu sa ISO 9001 \/ 14001, standardima kvalitete, te u skladu sa ekolo\u0161kim standardima (Responsible Care<br \/>\nProgram).<\/p>\n<p>Prednosti proizvoda<br \/>\n&#8211; Jednokomponentnost<br \/>\n&#8211; Elasti\u010dnost<br \/>\n&#8211; Bez neugodnih mirisa<br \/>\n&#8211; Otpornost na starenje i<br \/>\nvremenske utjecaje<br \/>\n&#8211; Nije korozivan<br \/>\n&#8211; Mo\u017ee se bojati i lakirati<br \/>\n&#8211; Mo\u017ee se brusiti<br \/>\n&#8211; Dobra prionjivost na razne<br \/>\npodloge<br \/>\n&#8211; Dozvoljena upotreba u prehrambenoj industriji<\/p>\n<p>Podru\u010dje primjene<br \/>\nSikaflex\u00ae -221 prianja dobro na \u0161irok raspon podloga i prikladan je kao trajno elasti\u010dno brtvilo visoke prionjivosti. Prikladni materijali su<br \/>\ndrvo, metali, temeljni premazi i lakirane povr\u0161ine (2-k sistemi), kerami\u010dki materijali i plastike.<br \/>\nPrije uporabe na prozirnim i pigmentiranim materijalima koji su osjetljivi na pucanje potra\u017eiti savjet najbli\u017ee Sika tehni\u010dke slu\u017ebe.<\/p>\n","protected":false},"excerpt":{"rendered":"<p>Sikaflex 221i trajno elasti\u010dan i mo\u017ee se lakirati Sika 221 otvrdnjava upijanjem vlage iz zraka i ne zaga\u0111uje okoli\u0161. Sika Flex ljepljiva i brtvena smjesa za kamp prikolice i kampere Sika 221i idealna je za postavljanje solarnih sustava na vozila Opis Sikaflex\u00ae -221 je visoko kvalitetna i svestrano upotrebljiva jednokomponentna poliuretanska masa za brtvljenje, koja [&hellip;]<\/p>\n","protected":false},"featured_media":9937,"comment_status":"open","ping_status":"closed","template":"","meta":{"_acf_changed":false,"_themeisle_gutenberg_block_has_review":false},"product_brand":[],"product_cat":[317],"product_tag":[],"class_list":{"0":"post-20290","1":"product","2":"type-product","3":"status-publish","4":"has-post-thumbnail","6":"product_cat-chemicals-and-liquids-en","8":"first","9":"outofstock","10":"shipping-taxable","11":"purchasable","12":"product-type-simple"},"acf":[],"yoast_head":"<!-- This site is optimized with the Yoast SEO plugin v27.4 - https:\/\/yoast.com\/product\/yoast-seo-wordpress\/ -->\n<title>Sikaflex 221i , 300ml, bijela | Petroni - rent | sale | service | conversions<\/title>\n<meta name=\"robots\" content=\"index, follow, max-snippet:-1, max-image-preview:large, max-video-preview:-1\" \/>\n<link rel=\"canonical\" href=\"https:\/\/www.petroni.hr\/en\/proizvod\/sikaflex-221-300ml-bijela\/\" \/>\n<meta property=\"og:locale\" content=\"en_US\" \/>\n<meta property=\"og:type\" content=\"article\" \/>\n<meta property=\"og:title\" content=\"Sikaflex 221i , 300ml, bijela | Petroni - rent | sale | service | conversions\" \/>\n<meta property=\"og:description\" content=\"Sikaflex 221i trajno elasti\u010dan i mo\u017ee se lakirati Sika 221 otvrdnjava upijanjem vlage iz zraka i ne zaga\u0111uje okoli\u0161. Sika Flex ljepljiva i brtvena smjesa za kamp prikolice i kampere Sika 221i idealna je za postavljanje solarnih sustava na vozila Opis Sikaflex\u00ae -221 je visoko kvalitetna i svestrano upotrebljiva jednokomponentna poliuretanska masa za brtvljenje, koja [&hellip;]\" \/>\n<meta property=\"og:url\" content=\"https:\/\/www.petroni.hr\/en\/proizvod\/sikaflex-221-300ml-bijela\/\" \/>\n<meta property=\"og:site_name\" content=\"Petroni - rent | sale | service | conversions\" \/>\n<meta property=\"article:publisher\" content=\"https:\/\/www.facebook.com\/Kamperi.Petroni.Sesvete\/?locale=hr_HR\" \/>\n<meta property=\"article:modified_time\" content=\"2024-12-10T11:41:13+00:00\" \/>\n<meta property=\"og:image\" content=\"https:\/\/www.petroni.hr\/wp-content\/uploads\/2021\/02\/294102-sikaflex-221.jpg\" \/>\n\t<meta property=\"og:image:width\" content=\"400\" \/>\n\t<meta property=\"og:image:height\" content=\"600\" \/>\n\t<meta property=\"og:image:type\" content=\"image\/jpeg\" \/>\n<meta name=\"twitter:card\" content=\"summary_large_image\" \/>\n<meta name=\"twitter:label1\" content=\"Est. reading time\" \/>\n\t<meta name=\"twitter:data1\" content=\"1 minute\" \/>\n<script type=\"application\/ld+json\" class=\"yoast-schema-graph\">{\"@context\":\"https:\\\/\\\/schema.org\",\"@graph\":[{\"@type\":\"WebPage\",\"@id\":\"https:\\\/\\\/www.petroni.hr\\\/en\\\/proizvod\\\/sikaflex-221-300ml-bijela\\\/\",\"url\":\"https:\\\/\\\/www.petroni.hr\\\/en\\\/proizvod\\\/sikaflex-221-300ml-bijela\\\/\",\"name\":\"Sikaflex 221i , 300ml, bijela | Petroni - rent | sale | service | conversions\",\"isPartOf\":{\"@id\":\"https:\\\/\\\/www.petroni.hr\\\/en\\\/#website\"},\"primaryImageOfPage\":{\"@id\":\"https:\\\/\\\/www.petroni.hr\\\/en\\\/proizvod\\\/sikaflex-221-300ml-bijela\\\/#primaryimage\"},\"image\":{\"@id\":\"https:\\\/\\\/www.petroni.hr\\\/en\\\/proizvod\\\/sikaflex-221-300ml-bijela\\\/#primaryimage\"},\"thumbnailUrl\":\"https:\\\/\\\/www.petroni.hr\\\/wp-content\\\/uploads\\\/2021\\\/02\\\/294102-sikaflex-221.jpg\",\"datePublished\":\"2021-02-13T09:28:52+00:00\",\"dateModified\":\"2024-12-10T11:41:13+00:00\",\"breadcrumb\":{\"@id\":\"https:\\\/\\\/www.petroni.hr\\\/en\\\/proizvod\\\/sikaflex-221-300ml-bijela\\\/#breadcrumb\"},\"inLanguage\":\"en-US\",\"potentialAction\":[{\"@type\":\"ReadAction\",\"target\":[\"https:\\\/\\\/www.petroni.hr\\\/en\\\/proizvod\\\/sikaflex-221-300ml-bijela\\\/\"]}]},{\"@type\":\"ImageObject\",\"inLanguage\":\"en-US\",\"@id\":\"https:\\\/\\\/www.petroni.hr\\\/en\\\/proizvod\\\/sikaflex-221-300ml-bijela\\\/#primaryimage\",\"url\":\"https:\\\/\\\/www.petroni.hr\\\/wp-content\\\/uploads\\\/2021\\\/02\\\/294102-sikaflex-221.jpg\",\"contentUrl\":\"https:\\\/\\\/www.petroni.hr\\\/wp-content\\\/uploads\\\/2021\\\/02\\\/294102-sikaflex-221.jpg\",\"width\":400,\"height\":600},{\"@type\":\"BreadcrumbList\",\"@id\":\"https:\\\/\\\/www.petroni.hr\\\/en\\\/proizvod\\\/sikaflex-221-300ml-bijela\\\/#breadcrumb\",\"itemListElement\":[{\"@type\":\"ListItem\",\"position\":1,\"name\":\"Po\u010detna stranica\",\"item\":\"https:\\\/\\\/www.petroni.hr\\\/en\\\/\"},{\"@type\":\"ListItem\",\"position\":2,\"name\":\"Shop\",\"item\":\"https:\\\/\\\/www.petroni.hr\\\/en\\\/shop\\\/\"},{\"@type\":\"ListItem\",\"position\":3,\"name\":\"Sikaflex 221i , 300ml, bijela\"}]},{\"@type\":\"WebSite\",\"@id\":\"https:\\\/\\\/www.petroni.hr\\\/en\\\/#website\",\"url\":\"https:\\\/\\\/www.petroni.hr\\\/en\\\/\",\"name\":\"Petroni.hr\",\"description\":\"Experience the unprecedented freedom of travel\",\"publisher\":{\"@id\":\"https:\\\/\\\/www.petroni.hr\\\/en\\\/#organization\"},\"alternateName\":\"Petroni\",\"potentialAction\":[{\"@type\":\"SearchAction\",\"target\":{\"@type\":\"EntryPoint\",\"urlTemplate\":\"https:\\\/\\\/www.petroni.hr\\\/en\\\/?s={search_term_string}\"},\"query-input\":{\"@type\":\"PropertyValueSpecification\",\"valueRequired\":true,\"valueName\":\"search_term_string\"}}],\"inLanguage\":\"en-US\"},{\"@type\":\"Organization\",\"@id\":\"https:\\\/\\\/www.petroni.hr\\\/en\\\/#organization\",\"name\":\"Petroni d.o.o.\",\"alternateName\":\"Petroni\",\"url\":\"https:\\\/\\\/www.petroni.hr\\\/en\\\/\",\"logo\":{\"@type\":\"ImageObject\",\"inLanguage\":\"en-US\",\"@id\":\"https:\\\/\\\/www.petroni.hr\\\/en\\\/#\\\/schema\\\/logo\\\/image\\\/\",\"url\":\"https:\\\/\\\/www.petroni.hr\\\/wp-content\\\/uploads\\\/2024\\\/03\\\/cropped-Group-3.jpg\",\"contentUrl\":\"https:\\\/\\\/www.petroni.hr\\\/wp-content\\\/uploads\\\/2024\\\/03\\\/cropped-Group-3.jpg\",\"width\":512,\"height\":512,\"caption\":\"Petroni d.o.o.\"},\"image\":{\"@id\":\"https:\\\/\\\/www.petroni.hr\\\/en\\\/#\\\/schema\\\/logo\\\/image\\\/\"},\"sameAs\":[\"https:\\\/\\\/www.facebook.com\\\/Kamperi.Petroni.Sesvete\\\/?locale=hr_HR\"]}]}<\/script>\n<!-- \/ Yoast SEO plugin. -->","yoast_head_json":{"title":"Sikaflex 221i , 300ml, bijela | Petroni - rent | sale | service | conversions","robots":{"index":"index","follow":"follow","max-snippet":"max-snippet:-1","max-image-preview":"max-image-preview:large","max-video-preview":"max-video-preview:-1"},"canonical":"https:\/\/www.petroni.hr\/en\/proizvod\/sikaflex-221-300ml-bijela\/","og_locale":"en_US","og_type":"article","og_title":"Sikaflex 221i , 300ml, bijela | Petroni - rent | sale | service | conversions","og_description":"Sikaflex 221i trajno elasti\u010dan i mo\u017ee se lakirati Sika 221 otvrdnjava upijanjem vlage iz zraka i ne zaga\u0111uje okoli\u0161. Sika Flex ljepljiva i brtvena smjesa za kamp prikolice i kampere Sika 221i idealna je za postavljanje solarnih sustava na vozila Opis Sikaflex\u00ae -221 je visoko kvalitetna i svestrano upotrebljiva jednokomponentna poliuretanska masa za brtvljenje, koja [&hellip;]","og_url":"https:\/\/www.petroni.hr\/en\/proizvod\/sikaflex-221-300ml-bijela\/","og_site_name":"Petroni - rent | sale | service | conversions","article_publisher":"https:\/\/www.facebook.com\/Kamperi.Petroni.Sesvete\/?locale=hr_HR","article_modified_time":"2024-12-10T11:41:13+00:00","og_image":[{"width":400,"height":600,"url":"https:\/\/www.petroni.hr\/wp-content\/uploads\/2021\/02\/294102-sikaflex-221.jpg","type":"image\/jpeg"}],"twitter_card":"summary_large_image","twitter_misc":{"Est. reading time":"1 minute"},"schema":{"@context":"https:\/\/schema.org","@graph":[{"@type":"WebPage","@id":"https:\/\/www.petroni.hr\/en\/proizvod\/sikaflex-221-300ml-bijela\/","url":"https:\/\/www.petroni.hr\/en\/proizvod\/sikaflex-221-300ml-bijela\/","name":"Sikaflex 221i , 300ml, bijela | Petroni - rent | sale | service | conversions","isPartOf":{"@id":"https:\/\/www.petroni.hr\/en\/#website"},"primaryImageOfPage":{"@id":"https:\/\/www.petroni.hr\/en\/proizvod\/sikaflex-221-300ml-bijela\/#primaryimage"},"image":{"@id":"https:\/\/www.petroni.hr\/en\/proizvod\/sikaflex-221-300ml-bijela\/#primaryimage"},"thumbnailUrl":"https:\/\/www.petroni.hr\/wp-content\/uploads\/2021\/02\/294102-sikaflex-221.jpg","datePublished":"2021-02-13T09:28:52+00:00","dateModified":"2024-12-10T11:41:13+00:00","breadcrumb":{"@id":"https:\/\/www.petroni.hr\/en\/proizvod\/sikaflex-221-300ml-bijela\/#breadcrumb"},"inLanguage":"en-US","potentialAction":[{"@type":"ReadAction","target":["https:\/\/www.petroni.hr\/en\/proizvod\/sikaflex-221-300ml-bijela\/"]}]},{"@type":"ImageObject","inLanguage":"en-US","@id":"https:\/\/www.petroni.hr\/en\/proizvod\/sikaflex-221-300ml-bijela\/#primaryimage","url":"https:\/\/www.petroni.hr\/wp-content\/uploads\/2021\/02\/294102-sikaflex-221.jpg","contentUrl":"https:\/\/www.petroni.hr\/wp-content\/uploads\/2021\/02\/294102-sikaflex-221.jpg","width":400,"height":600},{"@type":"BreadcrumbList","@id":"https:\/\/www.petroni.hr\/en\/proizvod\/sikaflex-221-300ml-bijela\/#breadcrumb","itemListElement":[{"@type":"ListItem","position":1,"name":"Po\u010detna stranica","item":"https:\/\/www.petroni.hr\/en\/"},{"@type":"ListItem","position":2,"name":"Shop","item":"https:\/\/www.petroni.hr\/en\/shop\/"},{"@type":"ListItem","position":3,"name":"Sikaflex 221i , 300ml, bijela"}]},{"@type":"WebSite","@id":"https:\/\/www.petroni.hr\/en\/#website","url":"https:\/\/www.petroni.hr\/en\/","name":"Petroni.hr","description":"Experience the unprecedented freedom of travel","publisher":{"@id":"https:\/\/www.petroni.hr\/en\/#organization"},"alternateName":"Petroni","potentialAction":[{"@type":"SearchAction","target":{"@type":"EntryPoint","urlTemplate":"https:\/\/www.petroni.hr\/en\/?s={search_term_string}"},"query-input":{"@type":"PropertyValueSpecification","valueRequired":true,"valueName":"search_term_string"}}],"inLanguage":"en-US"},{"@type":"Organization","@id":"https:\/\/www.petroni.hr\/en\/#organization","name":"Petroni d.o.o.","alternateName":"Petroni","url":"https:\/\/www.petroni.hr\/en\/","logo":{"@type":"ImageObject","inLanguage":"en-US","@id":"https:\/\/www.petroni.hr\/en\/#\/schema\/logo\/image\/","url":"https:\/\/www.petroni.hr\/wp-content\/uploads\/2024\/03\/cropped-Group-3.jpg","contentUrl":"https:\/\/www.petroni.hr\/wp-content\/uploads\/2024\/03\/cropped-Group-3.jpg","width":512,"height":512,"caption":"Petroni d.o.o."},"image":{"@id":"https:\/\/www.petroni.hr\/en\/#\/schema\/logo\/image\/"},"sameAs":["https:\/\/www.facebook.com\/Kamperi.Petroni.Sesvete\/?locale=hr_HR"]}]}},"_links":{"self":[{"href":"https:\/\/www.petroni.hr\/en\/wp-json\/wp\/v2\/product\/20290","targetHints":{"allow":["GET"]}}],"collection":[{"href":"https:\/\/www.petroni.hr\/en\/wp-json\/wp\/v2\/product"}],"about":[{"href":"https:\/\/www.petroni.hr\/en\/wp-json\/wp\/v2\/types\/product"}],"replies":[{"embeddable":true,"href":"https:\/\/www.petroni.hr\/en\/wp-json\/wp\/v2\/comments?post=20290"}],"wp:featuredmedia":[{"embeddable":true,"href":"https:\/\/www.petroni.hr\/en\/wp-json\/wp\/v2\/media\/9937"}],"wp:attachment":[{"href":"https:\/\/www.petroni.hr\/en\/wp-json\/wp\/v2\/media?parent=20290"}],"wp:term":[{"taxonomy":"product_brand","embeddable":true,"href":"https:\/\/www.petroni.hr\/en\/wp-json\/wp\/v2\/product_brand?post=20290"},{"taxonomy":"product_cat","embeddable":true,"href":"https:\/\/www.petroni.hr\/en\/wp-json\/wp\/v2\/product_cat?post=20290"},{"taxonomy":"product_tag","embeddable":true,"href":"https:\/\/www.petroni.hr\/en\/wp-json\/wp\/v2\/product_tag?post=20290"}],"curies":[{"name":"wp","href":"https:\/\/api.w.org\/{rel}","templated":true}]}}