{"id":20217,"date":"2020-08-28T10:43:55","date_gmt":"2020-08-28T09:43:55","guid":{"rendered":"https:\/\/www.petroni.hr\/proizvod\/regulator-plina-truma-monocontrol-cs-30mbar\/"},"modified":"2026-04-14T15:02:00","modified_gmt":"2026-04-14T14:02:00","slug":"regulator-plina-truma-monocontrol-cs-30mbar","status":"publish","type":"product","link":"https:\/\/www.petroni.hr\/en\/proizvod\/regulator-plina-truma-monocontrol-cs-30mbar\/","title":{"rendered":"Regulator plina Truma MonoControl CS 30mbar"},"content":{"rendered":"","protected":false},"excerpt":{"rendered":"<p>Nova generacija Truma MonoControl CS regulator je tlaka plina s integriranim senzorom sudara, koji je prikladan za jednu plinsku bocu. Senzor osigurava da svoje kamp vozilo mo\u017eete sigurno grijati i dok ste u vo\u017enji. Ako sudjelujete u nesre\u0107i brzinom sudara od oko 15 do 20 km \/ h na \u010dvrsti objekt, senzor sudara odmah zaustavlja protok plina. Ako je plinski sustav o\u0161te\u0107en, plin ne mo\u017ee izi\u0107i. Regulator tlaka plina MonoControl CS tako\u0111er je idealan za stacionarni rad u kampovima.<\/p>\n<p>Izlaz regulatora je 1,5 kg \/ h, \u0161to je pogodno za maksimalnu potro\u0161nju.<\/p>\n","protected":false},"featured_media":5793,"comment_status":"open","ping_status":"closed","template":"","meta":{"_acf_changed":false,"_themeisle_gutenberg_block_has_review":false},"product_brand":[],"product_cat":[277,321,275,278],"product_tag":[],"class_list":{"0":"post-20217","1":"product","2":"type-product","3":"status-publish","4":"has-post-thumbnail","6":"product_cat-cooling-climate-heating-en","7":"product_cat-regulatori-plin-en","8":"product_cat-gas-tehnology-en","9":"product_cat-truma-2-en","11":"first","12":"instock","13":"shipping-taxable","14":"purchasable","15":"product-type-simple"},"acf":[],"yoast_head":"<!-- This site is optimized with the Yoast SEO plugin v27.4 - https:\/\/yoast.com\/product\/yoast-seo-wordpress\/ -->\n<title>Regulator plina Truma MonoControl CS 30mbar | Petroni - rent | sale | service | conversions<\/title>\n<meta name=\"robots\" content=\"index, follow, max-snippet:-1, max-image-preview:large, max-video-preview:-1\" \/>\n<link rel=\"canonical\" href=\"https:\/\/www.petroni.hr\/en\/proizvod\/regulator-plina-truma-monocontrol-cs-30mbar\/\" \/>\n<meta property=\"og:locale\" content=\"en_US\" \/>\n<meta property=\"og:type\" content=\"article\" \/>\n<meta property=\"og:title\" content=\"Regulator plina Truma MonoControl CS 30mbar | Petroni - rent | sale | service | conversions\" \/>\n<meta property=\"og:description\" content=\"Nova generacija Truma MonoControl CS regulator je tlaka plina s integriranim senzorom sudara, koji je prikladan za jednu plinsku bocu. Senzor osigurava da svoje kamp vozilo mo\u017eete sigurno grijati i dok ste u vo\u017enji. Ako sudjelujete u nesre\u0107i brzinom sudara od oko 15 do 20 km \/ h na \u010dvrsti objekt, senzor sudara odmah zaustavlja protok plina. Ako je plinski sustav o\u0161te\u0107en, plin ne mo\u017ee izi\u0107i. Regulator tlaka plina MonoControl CS tako\u0111er je idealan za stacionarni rad u kampovima.  Izlaz regulatora je 1,5 kg \/ h, \u0161to je pogodno za maksimalnu potro\u0161nju.\" \/>\n<meta property=\"og:url\" content=\"https:\/\/www.petroni.hr\/en\/proizvod\/regulator-plina-truma-monocontrol-cs-30mbar\/\" \/>\n<meta property=\"og:site_name\" content=\"Petroni - rent | sale | service | conversions\" \/>\n<meta property=\"article:publisher\" content=\"https:\/\/www.facebook.com\/Kamperi.Petroni.Sesvete\/?locale=hr_HR\" \/>\n<meta property=\"article:modified_time\" content=\"2026-04-14T14:02:00+00:00\" \/>\n<meta property=\"og:image\" content=\"https:\/\/www.petroni.hr\/wp-content\/uploads\/2020\/08\/IMG_20200828_084940-scaled.jpg\" \/>\n\t<meta property=\"og:image:width\" content=\"1920\" \/>\n\t<meta property=\"og:image:height\" content=\"2560\" \/>\n\t<meta property=\"og:image:type\" content=\"image\/jpeg\" \/>\n<meta name=\"twitter:card\" content=\"summary_large_image\" \/>\n<script type=\"application\/ld+json\" class=\"yoast-schema-graph\">{\"@context\":\"https:\\\/\\\/schema.org\",\"@graph\":[{\"@type\":\"WebPage\",\"@id\":\"https:\\\/\\\/www.petroni.hr\\\/en\\\/proizvod\\\/regulator-plina-truma-monocontrol-cs-30mbar\\\/\",\"url\":\"https:\\\/\\\/www.petroni.hr\\\/en\\\/proizvod\\\/regulator-plina-truma-monocontrol-cs-30mbar\\\/\",\"name\":\"Regulator plina Truma MonoControl CS 30mbar | Petroni - rent | sale | service | conversions\",\"isPartOf\":{\"@id\":\"https:\\\/\\\/www.petroni.hr\\\/en\\\/#website\"},\"primaryImageOfPage\":{\"@id\":\"https:\\\/\\\/www.petroni.hr\\\/en\\\/proizvod\\\/regulator-plina-truma-monocontrol-cs-30mbar\\\/#primaryimage\"},\"image\":{\"@id\":\"https:\\\/\\\/www.petroni.hr\\\/en\\\/proizvod\\\/regulator-plina-truma-monocontrol-cs-30mbar\\\/#primaryimage\"},\"thumbnailUrl\":\"https:\\\/\\\/www.petroni.hr\\\/wp-content\\\/uploads\\\/2020\\\/08\\\/IMG_20200828_084940-scaled.jpg\",\"datePublished\":\"2020-08-28T09:43:55+00:00\",\"dateModified\":\"2026-04-14T14:02:00+00:00\",\"breadcrumb\":{\"@id\":\"https:\\\/\\\/www.petroni.hr\\\/en\\\/proizvod\\\/regulator-plina-truma-monocontrol-cs-30mbar\\\/#breadcrumb\"},\"inLanguage\":\"en-US\",\"potentialAction\":[{\"@type\":\"ReadAction\",\"target\":[\"https:\\\/\\\/www.petroni.hr\\\/en\\\/proizvod\\\/regulator-plina-truma-monocontrol-cs-30mbar\\\/\"]}]},{\"@type\":\"ImageObject\",\"inLanguage\":\"en-US\",\"@id\":\"https:\\\/\\\/www.petroni.hr\\\/en\\\/proizvod\\\/regulator-plina-truma-monocontrol-cs-30mbar\\\/#primaryimage\",\"url\":\"https:\\\/\\\/www.petroni.hr\\\/wp-content\\\/uploads\\\/2020\\\/08\\\/IMG_20200828_084940-scaled.jpg\",\"contentUrl\":\"https:\\\/\\\/www.petroni.hr\\\/wp-content\\\/uploads\\\/2020\\\/08\\\/IMG_20200828_084940-scaled.jpg\",\"width\":1920,\"height\":2560},{\"@type\":\"BreadcrumbList\",\"@id\":\"https:\\\/\\\/www.petroni.hr\\\/en\\\/proizvod\\\/regulator-plina-truma-monocontrol-cs-30mbar\\\/#breadcrumb\",\"itemListElement\":[{\"@type\":\"ListItem\",\"position\":1,\"name\":\"Po\u010detna stranica\",\"item\":\"https:\\\/\\\/www.petroni.hr\\\/en\\\/\"},{\"@type\":\"ListItem\",\"position\":2,\"name\":\"Shop\",\"item\":\"https:\\\/\\\/www.petroni.hr\\\/en\\\/shop\\\/\"},{\"@type\":\"ListItem\",\"position\":3,\"name\":\"Regulator plina Truma MonoControl CS 30mbar\"}]},{\"@type\":\"WebSite\",\"@id\":\"https:\\\/\\\/www.petroni.hr\\\/en\\\/#website\",\"url\":\"https:\\\/\\\/www.petroni.hr\\\/en\\\/\",\"name\":\"Petroni.hr\",\"description\":\"Experience the unprecedented freedom of travel\",\"publisher\":{\"@id\":\"https:\\\/\\\/www.petroni.hr\\\/en\\\/#organization\"},\"alternateName\":\"Petroni\",\"potentialAction\":[{\"@type\":\"SearchAction\",\"target\":{\"@type\":\"EntryPoint\",\"urlTemplate\":\"https:\\\/\\\/www.petroni.hr\\\/en\\\/?s={search_term_string}\"},\"query-input\":{\"@type\":\"PropertyValueSpecification\",\"valueRequired\":true,\"valueName\":\"search_term_string\"}}],\"inLanguage\":\"en-US\"},{\"@type\":\"Organization\",\"@id\":\"https:\\\/\\\/www.petroni.hr\\\/en\\\/#organization\",\"name\":\"Petroni d.o.o.\",\"alternateName\":\"Petroni\",\"url\":\"https:\\\/\\\/www.petroni.hr\\\/en\\\/\",\"logo\":{\"@type\":\"ImageObject\",\"inLanguage\":\"en-US\",\"@id\":\"https:\\\/\\\/www.petroni.hr\\\/en\\\/#\\\/schema\\\/logo\\\/image\\\/\",\"url\":\"https:\\\/\\\/www.petroni.hr\\\/wp-content\\\/uploads\\\/2024\\\/03\\\/cropped-Group-3.jpg\",\"contentUrl\":\"https:\\\/\\\/www.petroni.hr\\\/wp-content\\\/uploads\\\/2024\\\/03\\\/cropped-Group-3.jpg\",\"width\":512,\"height\":512,\"caption\":\"Petroni d.o.o.\"},\"image\":{\"@id\":\"https:\\\/\\\/www.petroni.hr\\\/en\\\/#\\\/schema\\\/logo\\\/image\\\/\"},\"sameAs\":[\"https:\\\/\\\/www.facebook.com\\\/Kamperi.Petroni.Sesvete\\\/?locale=hr_HR\"]}]}<\/script>\n<!-- \/ Yoast SEO plugin. -->","yoast_head_json":{"title":"Regulator plina Truma MonoControl CS 30mbar | Petroni - rent | sale | service | conversions","robots":{"index":"index","follow":"follow","max-snippet":"max-snippet:-1","max-image-preview":"max-image-preview:large","max-video-preview":"max-video-preview:-1"},"canonical":"https:\/\/www.petroni.hr\/en\/proizvod\/regulator-plina-truma-monocontrol-cs-30mbar\/","og_locale":"en_US","og_type":"article","og_title":"Regulator plina Truma MonoControl CS 30mbar | Petroni - rent | sale | service | conversions","og_description":"Nova generacija Truma MonoControl CS regulator je tlaka plina s integriranim senzorom sudara, koji je prikladan za jednu plinsku bocu. Senzor osigurava da svoje kamp vozilo mo\u017eete sigurno grijati i dok ste u vo\u017enji. Ako sudjelujete u nesre\u0107i brzinom sudara od oko 15 do 20 km \/ h na \u010dvrsti objekt, senzor sudara odmah zaustavlja protok plina. Ako je plinski sustav o\u0161te\u0107en, plin ne mo\u017ee izi\u0107i. Regulator tlaka plina MonoControl CS tako\u0111er je idealan za stacionarni rad u kampovima.  Izlaz regulatora je 1,5 kg \/ h, \u0161to je pogodno za maksimalnu potro\u0161nju.","og_url":"https:\/\/www.petroni.hr\/en\/proizvod\/regulator-plina-truma-monocontrol-cs-30mbar\/","og_site_name":"Petroni - rent | sale | service | conversions","article_publisher":"https:\/\/www.facebook.com\/Kamperi.Petroni.Sesvete\/?locale=hr_HR","article_modified_time":"2026-04-14T14:02:00+00:00","og_image":[{"width":1920,"height":2560,"url":"https:\/\/www.petroni.hr\/wp-content\/uploads\/2020\/08\/IMG_20200828_084940-scaled.jpg","type":"image\/jpeg"}],"twitter_card":"summary_large_image","schema":{"@context":"https:\/\/schema.org","@graph":[{"@type":"WebPage","@id":"https:\/\/www.petroni.hr\/en\/proizvod\/regulator-plina-truma-monocontrol-cs-30mbar\/","url":"https:\/\/www.petroni.hr\/en\/proizvod\/regulator-plina-truma-monocontrol-cs-30mbar\/","name":"Regulator plina Truma MonoControl CS 30mbar | Petroni - rent | sale | service | conversions","isPartOf":{"@id":"https:\/\/www.petroni.hr\/en\/#website"},"primaryImageOfPage":{"@id":"https:\/\/www.petroni.hr\/en\/proizvod\/regulator-plina-truma-monocontrol-cs-30mbar\/#primaryimage"},"image":{"@id":"https:\/\/www.petroni.hr\/en\/proizvod\/regulator-plina-truma-monocontrol-cs-30mbar\/#primaryimage"},"thumbnailUrl":"https:\/\/www.petroni.hr\/wp-content\/uploads\/2020\/08\/IMG_20200828_084940-scaled.jpg","datePublished":"2020-08-28T09:43:55+00:00","dateModified":"2026-04-14T14:02:00+00:00","breadcrumb":{"@id":"https:\/\/www.petroni.hr\/en\/proizvod\/regulator-plina-truma-monocontrol-cs-30mbar\/#breadcrumb"},"inLanguage":"en-US","potentialAction":[{"@type":"ReadAction","target":["https:\/\/www.petroni.hr\/en\/proizvod\/regulator-plina-truma-monocontrol-cs-30mbar\/"]}]},{"@type":"ImageObject","inLanguage":"en-US","@id":"https:\/\/www.petroni.hr\/en\/proizvod\/regulator-plina-truma-monocontrol-cs-30mbar\/#primaryimage","url":"https:\/\/www.petroni.hr\/wp-content\/uploads\/2020\/08\/IMG_20200828_084940-scaled.jpg","contentUrl":"https:\/\/www.petroni.hr\/wp-content\/uploads\/2020\/08\/IMG_20200828_084940-scaled.jpg","width":1920,"height":2560},{"@type":"BreadcrumbList","@id":"https:\/\/www.petroni.hr\/en\/proizvod\/regulator-plina-truma-monocontrol-cs-30mbar\/#breadcrumb","itemListElement":[{"@type":"ListItem","position":1,"name":"Po\u010detna stranica","item":"https:\/\/www.petroni.hr\/en\/"},{"@type":"ListItem","position":2,"name":"Shop","item":"https:\/\/www.petroni.hr\/en\/shop\/"},{"@type":"ListItem","position":3,"name":"Regulator plina Truma MonoControl CS 30mbar"}]},{"@type":"WebSite","@id":"https:\/\/www.petroni.hr\/en\/#website","url":"https:\/\/www.petroni.hr\/en\/","name":"Petroni.hr","description":"Experience the unprecedented freedom of travel","publisher":{"@id":"https:\/\/www.petroni.hr\/en\/#organization"},"alternateName":"Petroni","potentialAction":[{"@type":"SearchAction","target":{"@type":"EntryPoint","urlTemplate":"https:\/\/www.petroni.hr\/en\/?s={search_term_string}"},"query-input":{"@type":"PropertyValueSpecification","valueRequired":true,"valueName":"search_term_string"}}],"inLanguage":"en-US"},{"@type":"Organization","@id":"https:\/\/www.petroni.hr\/en\/#organization","name":"Petroni d.o.o.","alternateName":"Petroni","url":"https:\/\/www.petroni.hr\/en\/","logo":{"@type":"ImageObject","inLanguage":"en-US","@id":"https:\/\/www.petroni.hr\/en\/#\/schema\/logo\/image\/","url":"https:\/\/www.petroni.hr\/wp-content\/uploads\/2024\/03\/cropped-Group-3.jpg","contentUrl":"https:\/\/www.petroni.hr\/wp-content\/uploads\/2024\/03\/cropped-Group-3.jpg","width":512,"height":512,"caption":"Petroni d.o.o."},"image":{"@id":"https:\/\/www.petroni.hr\/en\/#\/schema\/logo\/image\/"},"sameAs":["https:\/\/www.facebook.com\/Kamperi.Petroni.Sesvete\/?locale=hr_HR"]}]}},"_links":{"self":[{"href":"https:\/\/www.petroni.hr\/en\/wp-json\/wp\/v2\/product\/20217","targetHints":{"allow":["GET"]}}],"collection":[{"href":"https:\/\/www.petroni.hr\/en\/wp-json\/wp\/v2\/product"}],"about":[{"href":"https:\/\/www.petroni.hr\/en\/wp-json\/wp\/v2\/types\/product"}],"replies":[{"embeddable":true,"href":"https:\/\/www.petroni.hr\/en\/wp-json\/wp\/v2\/comments?post=20217"}],"wp:featuredmedia":[{"embeddable":true,"href":"https:\/\/www.petroni.hr\/en\/wp-json\/wp\/v2\/media\/5793"}],"wp:attachment":[{"href":"https:\/\/www.petroni.hr\/en\/wp-json\/wp\/v2\/media?parent=20217"}],"wp:term":[{"taxonomy":"product_brand","embeddable":true,"href":"https:\/\/www.petroni.hr\/en\/wp-json\/wp\/v2\/product_brand?post=20217"},{"taxonomy":"product_cat","embeddable":true,"href":"https:\/\/www.petroni.hr\/en\/wp-json\/wp\/v2\/product_cat?post=20217"},{"taxonomy":"product_tag","embeddable":true,"href":"https:\/\/www.petroni.hr\/en\/wp-json\/wp\/v2\/product_tag?post=20217"}],"curies":[{"name":"wp","href":"https:\/\/api.w.org\/{rel}","templated":true}]}}