{"id":20197,"date":"2020-08-28T06:45:22","date_gmt":"2020-08-28T05:45:22","guid":{"rendered":"https:\/\/www.petroni.hr\/proizvod\/prozor-krovni-fiamma-turbo-vent-12v-40x40\/"},"modified":"2024-12-13T12:50:54","modified_gmt":"2024-12-13T11:50:54","slug":"prozor-krovni-fiamma-turbo-vent-12v-40x40","status":"publish","type":"product","link":"https:\/\/www.petroni.hr\/en\/proizvod\/prozor-krovni-fiamma-turbo-vent-12v-40x40\/","title":{"rendered":"Prozor krovni Fiamma Turbo-vent 12v 40&#215;40"},"content":{"rendered":"<p>Upravljanje pomo\u0107u termostata<br \/>\nIzmjena zraka u nekoliko sekundi<br \/>\n3-brzinski ventilator za ventilaciju<br \/>\nDvostupanjski ventilator za ventilaciju<br \/>\nS 2 stabilne mre\u017ee protiv komaraca<\/p>\n<p>Opis predmeta: Automatski ili ru\u010dno upravljani termostat. Izmjena zraka u sekundama. Ugodna klima u dnevnoj sobi. Posebno prikladno za zahodske prostorije &#8211; trajna ventilacija. Sna\u017ean ventilator s 5 brzina (3 za ventilaciju i 2 za ventilaciju). Jednostavno preokretanje smjera rotacije. S 2 stabilne mre\u017ee protiv komaraca. Dvostruko ostakljena, bijela, testirana na T\u00dcV. Aerodinami\u010dna krovna hauba s unutarnjim okvirom u elegantnom dizajnu.<br \/>\nTehni\u010dke specifikacije:<br \/>\nDimenzije izreza: 360 x 360\/400 x 400 mm<br \/>\nVanjske dimenzije: 460 x 460 mm<br \/>\nDebljina krova: 30-85 mm<br \/>\nVisina iznad krova: 95 mm<br \/>\nIzmjena zraka: 14-28 m\u00b3 \/ min<br \/>\nSnaga: 1,1-1,8 A.<\/p>\n","protected":false},"excerpt":{"rendered":"<p>Upravljanje pomo\u0107u termostata Izmjena zraka u nekoliko sekundi 3-brzinski ventilator za ventilaciju Dvostupanjski ventilator za ventilaciju S 2 stabilne mre\u017ee protiv komaraca Opis predmeta: Automatski ili ru\u010dno upravljani termostat. Izmjena zraka u sekundama. Ugodna klima u dnevnoj sobi. Posebno prikladno za zahodske prostorije &#8211; trajna ventilacija. Sna\u017ean ventilator s 5 brzina (3 za ventilaciju i [&hellip;]<\/p>\n","protected":false},"featured_media":5715,"comment_status":"open","ping_status":"closed","template":"","meta":{"_acf_changed":false,"_themeisle_gutenberg_block_has_review":false},"product_brand":[],"product_cat":[307,288],"product_tag":[],"class_list":{"0":"post-20197","1":"product","2":"type-product","3":"status-publish","4":"has-post-thumbnail","6":"product_cat-roof-window-en","7":"product_cat-windows-en","9":"first","10":"outofstock","11":"shipping-taxable","12":"purchasable","13":"product-type-simple"},"acf":[],"yoast_head":"<!-- This site is optimized with the Yoast SEO plugin v27.4 - https:\/\/yoast.com\/product\/yoast-seo-wordpress\/ -->\n<title>Prozor krovni Fiamma Turbo-vent 12v 40x40 | Petroni - rent | sale | service | conversions<\/title>\n<meta name=\"robots\" content=\"index, follow, max-snippet:-1, max-image-preview:large, max-video-preview:-1\" \/>\n<link rel=\"canonical\" href=\"https:\/\/www.petroni.hr\/en\/proizvod\/prozor-krovni-fiamma-turbo-vent-12v-40x40\/\" \/>\n<meta property=\"og:locale\" content=\"en_US\" \/>\n<meta property=\"og:type\" content=\"article\" \/>\n<meta property=\"og:title\" content=\"Prozor krovni Fiamma Turbo-vent 12v 40x40 | Petroni - rent | sale | service | conversions\" \/>\n<meta property=\"og:description\" content=\"Upravljanje pomo\u0107u termostata Izmjena zraka u nekoliko sekundi 3-brzinski ventilator za ventilaciju Dvostupanjski ventilator za ventilaciju S 2 stabilne mre\u017ee protiv komaraca Opis predmeta: Automatski ili ru\u010dno upravljani termostat. Izmjena zraka u sekundama. Ugodna klima u dnevnoj sobi. Posebno prikladno za zahodske prostorije &#8211; trajna ventilacija. Sna\u017ean ventilator s 5 brzina (3 za ventilaciju i [&hellip;]\" \/>\n<meta property=\"og:url\" content=\"https:\/\/www.petroni.hr\/en\/proizvod\/prozor-krovni-fiamma-turbo-vent-12v-40x40\/\" \/>\n<meta property=\"og:site_name\" content=\"Petroni - rent | sale | service | conversions\" \/>\n<meta property=\"article:publisher\" content=\"https:\/\/www.facebook.com\/Kamperi.Petroni.Sesvete\/?locale=hr_HR\" \/>\n<meta property=\"article:modified_time\" content=\"2024-12-13T11:50:54+00:00\" \/>\n<meta property=\"og:image\" content=\"https:\/\/www.petroni.hr\/wp-content\/uploads\/2020\/08\/360971_1_popup.jpg\" \/>\n\t<meta property=\"og:image:width\" content=\"400\" \/>\n\t<meta property=\"og:image:height\" content=\"600\" \/>\n\t<meta property=\"og:image:type\" content=\"image\/jpeg\" \/>\n<meta name=\"twitter:card\" content=\"summary_large_image\" \/>\n<meta name=\"twitter:label1\" content=\"Est. reading time\" \/>\n\t<meta name=\"twitter:data1\" content=\"1 minute\" \/>\n<script type=\"application\/ld+json\" class=\"yoast-schema-graph\">{\"@context\":\"https:\\\/\\\/schema.org\",\"@graph\":[{\"@type\":\"WebPage\",\"@id\":\"https:\\\/\\\/www.petroni.hr\\\/en\\\/proizvod\\\/prozor-krovni-fiamma-turbo-vent-12v-40x40\\\/\",\"url\":\"https:\\\/\\\/www.petroni.hr\\\/en\\\/proizvod\\\/prozor-krovni-fiamma-turbo-vent-12v-40x40\\\/\",\"name\":\"Prozor krovni Fiamma Turbo-vent 12v 40x40 | Petroni - rent | sale | service | conversions\",\"isPartOf\":{\"@id\":\"https:\\\/\\\/www.petroni.hr\\\/en\\\/#website\"},\"primaryImageOfPage\":{\"@id\":\"https:\\\/\\\/www.petroni.hr\\\/en\\\/proizvod\\\/prozor-krovni-fiamma-turbo-vent-12v-40x40\\\/#primaryimage\"},\"image\":{\"@id\":\"https:\\\/\\\/www.petroni.hr\\\/en\\\/proizvod\\\/prozor-krovni-fiamma-turbo-vent-12v-40x40\\\/#primaryimage\"},\"thumbnailUrl\":\"https:\\\/\\\/www.petroni.hr\\\/wp-content\\\/uploads\\\/2020\\\/08\\\/360971_1_popup.jpg\",\"datePublished\":\"2020-08-28T05:45:22+00:00\",\"dateModified\":\"2024-12-13T11:50:54+00:00\",\"breadcrumb\":{\"@id\":\"https:\\\/\\\/www.petroni.hr\\\/en\\\/proizvod\\\/prozor-krovni-fiamma-turbo-vent-12v-40x40\\\/#breadcrumb\"},\"inLanguage\":\"en-US\",\"potentialAction\":[{\"@type\":\"ReadAction\",\"target\":[\"https:\\\/\\\/www.petroni.hr\\\/en\\\/proizvod\\\/prozor-krovni-fiamma-turbo-vent-12v-40x40\\\/\"]}]},{\"@type\":\"ImageObject\",\"inLanguage\":\"en-US\",\"@id\":\"https:\\\/\\\/www.petroni.hr\\\/en\\\/proizvod\\\/prozor-krovni-fiamma-turbo-vent-12v-40x40\\\/#primaryimage\",\"url\":\"https:\\\/\\\/www.petroni.hr\\\/wp-content\\\/uploads\\\/2020\\\/08\\\/360971_1_popup.jpg\",\"contentUrl\":\"https:\\\/\\\/www.petroni.hr\\\/wp-content\\\/uploads\\\/2020\\\/08\\\/360971_1_popup.jpg\",\"width\":400,\"height\":600},{\"@type\":\"BreadcrumbList\",\"@id\":\"https:\\\/\\\/www.petroni.hr\\\/en\\\/proizvod\\\/prozor-krovni-fiamma-turbo-vent-12v-40x40\\\/#breadcrumb\",\"itemListElement\":[{\"@type\":\"ListItem\",\"position\":1,\"name\":\"Po\u010detna stranica\",\"item\":\"https:\\\/\\\/www.petroni.hr\\\/en\\\/\"},{\"@type\":\"ListItem\",\"position\":2,\"name\":\"Shop\",\"item\":\"https:\\\/\\\/www.petroni.hr\\\/en\\\/shop\\\/\"},{\"@type\":\"ListItem\",\"position\":3,\"name\":\"Prozor krovni Fiamma Turbo-vent 12v 40&#215;40\"}]},{\"@type\":\"WebSite\",\"@id\":\"https:\\\/\\\/www.petroni.hr\\\/en\\\/#website\",\"url\":\"https:\\\/\\\/www.petroni.hr\\\/en\\\/\",\"name\":\"Petroni.hr\",\"description\":\"Experience the unprecedented freedom of travel\",\"publisher\":{\"@id\":\"https:\\\/\\\/www.petroni.hr\\\/en\\\/#organization\"},\"alternateName\":\"Petroni\",\"potentialAction\":[{\"@type\":\"SearchAction\",\"target\":{\"@type\":\"EntryPoint\",\"urlTemplate\":\"https:\\\/\\\/www.petroni.hr\\\/en\\\/?s={search_term_string}\"},\"query-input\":{\"@type\":\"PropertyValueSpecification\",\"valueRequired\":true,\"valueName\":\"search_term_string\"}}],\"inLanguage\":\"en-US\"},{\"@type\":\"Organization\",\"@id\":\"https:\\\/\\\/www.petroni.hr\\\/en\\\/#organization\",\"name\":\"Petroni d.o.o.\",\"alternateName\":\"Petroni\",\"url\":\"https:\\\/\\\/www.petroni.hr\\\/en\\\/\",\"logo\":{\"@type\":\"ImageObject\",\"inLanguage\":\"en-US\",\"@id\":\"https:\\\/\\\/www.petroni.hr\\\/en\\\/#\\\/schema\\\/logo\\\/image\\\/\",\"url\":\"https:\\\/\\\/www.petroni.hr\\\/wp-content\\\/uploads\\\/2024\\\/03\\\/cropped-Group-3.jpg\",\"contentUrl\":\"https:\\\/\\\/www.petroni.hr\\\/wp-content\\\/uploads\\\/2024\\\/03\\\/cropped-Group-3.jpg\",\"width\":512,\"height\":512,\"caption\":\"Petroni d.o.o.\"},\"image\":{\"@id\":\"https:\\\/\\\/www.petroni.hr\\\/en\\\/#\\\/schema\\\/logo\\\/image\\\/\"},\"sameAs\":[\"https:\\\/\\\/www.facebook.com\\\/Kamperi.Petroni.Sesvete\\\/?locale=hr_HR\"]}]}<\/script>\n<!-- \/ Yoast SEO plugin. -->","yoast_head_json":{"title":"Prozor krovni Fiamma Turbo-vent 12v 40x40 | Petroni - rent | sale | service | conversions","robots":{"index":"index","follow":"follow","max-snippet":"max-snippet:-1","max-image-preview":"max-image-preview:large","max-video-preview":"max-video-preview:-1"},"canonical":"https:\/\/www.petroni.hr\/en\/proizvod\/prozor-krovni-fiamma-turbo-vent-12v-40x40\/","og_locale":"en_US","og_type":"article","og_title":"Prozor krovni Fiamma Turbo-vent 12v 40x40 | Petroni - rent | sale | service | conversions","og_description":"Upravljanje pomo\u0107u termostata Izmjena zraka u nekoliko sekundi 3-brzinski ventilator za ventilaciju Dvostupanjski ventilator za ventilaciju S 2 stabilne mre\u017ee protiv komaraca Opis predmeta: Automatski ili ru\u010dno upravljani termostat. Izmjena zraka u sekundama. Ugodna klima u dnevnoj sobi. Posebno prikladno za zahodske prostorije &#8211; trajna ventilacija. Sna\u017ean ventilator s 5 brzina (3 za ventilaciju i [&hellip;]","og_url":"https:\/\/www.petroni.hr\/en\/proizvod\/prozor-krovni-fiamma-turbo-vent-12v-40x40\/","og_site_name":"Petroni - rent | sale | service | conversions","article_publisher":"https:\/\/www.facebook.com\/Kamperi.Petroni.Sesvete\/?locale=hr_HR","article_modified_time":"2024-12-13T11:50:54+00:00","og_image":[{"width":400,"height":600,"url":"https:\/\/www.petroni.hr\/wp-content\/uploads\/2020\/08\/360971_1_popup.jpg","type":"image\/jpeg"}],"twitter_card":"summary_large_image","twitter_misc":{"Est. reading time":"1 minute"},"schema":{"@context":"https:\/\/schema.org","@graph":[{"@type":"WebPage","@id":"https:\/\/www.petroni.hr\/en\/proizvod\/prozor-krovni-fiamma-turbo-vent-12v-40x40\/","url":"https:\/\/www.petroni.hr\/en\/proizvod\/prozor-krovni-fiamma-turbo-vent-12v-40x40\/","name":"Prozor krovni Fiamma Turbo-vent 12v 40x40 | Petroni - rent | sale | service | conversions","isPartOf":{"@id":"https:\/\/www.petroni.hr\/en\/#website"},"primaryImageOfPage":{"@id":"https:\/\/www.petroni.hr\/en\/proizvod\/prozor-krovni-fiamma-turbo-vent-12v-40x40\/#primaryimage"},"image":{"@id":"https:\/\/www.petroni.hr\/en\/proizvod\/prozor-krovni-fiamma-turbo-vent-12v-40x40\/#primaryimage"},"thumbnailUrl":"https:\/\/www.petroni.hr\/wp-content\/uploads\/2020\/08\/360971_1_popup.jpg","datePublished":"2020-08-28T05:45:22+00:00","dateModified":"2024-12-13T11:50:54+00:00","breadcrumb":{"@id":"https:\/\/www.petroni.hr\/en\/proizvod\/prozor-krovni-fiamma-turbo-vent-12v-40x40\/#breadcrumb"},"inLanguage":"en-US","potentialAction":[{"@type":"ReadAction","target":["https:\/\/www.petroni.hr\/en\/proizvod\/prozor-krovni-fiamma-turbo-vent-12v-40x40\/"]}]},{"@type":"ImageObject","inLanguage":"en-US","@id":"https:\/\/www.petroni.hr\/en\/proizvod\/prozor-krovni-fiamma-turbo-vent-12v-40x40\/#primaryimage","url":"https:\/\/www.petroni.hr\/wp-content\/uploads\/2020\/08\/360971_1_popup.jpg","contentUrl":"https:\/\/www.petroni.hr\/wp-content\/uploads\/2020\/08\/360971_1_popup.jpg","width":400,"height":600},{"@type":"BreadcrumbList","@id":"https:\/\/www.petroni.hr\/en\/proizvod\/prozor-krovni-fiamma-turbo-vent-12v-40x40\/#breadcrumb","itemListElement":[{"@type":"ListItem","position":1,"name":"Po\u010detna stranica","item":"https:\/\/www.petroni.hr\/en\/"},{"@type":"ListItem","position":2,"name":"Shop","item":"https:\/\/www.petroni.hr\/en\/shop\/"},{"@type":"ListItem","position":3,"name":"Prozor krovni Fiamma Turbo-vent 12v 40&#215;40"}]},{"@type":"WebSite","@id":"https:\/\/www.petroni.hr\/en\/#website","url":"https:\/\/www.petroni.hr\/en\/","name":"Petroni.hr","description":"Experience the unprecedented freedom of travel","publisher":{"@id":"https:\/\/www.petroni.hr\/en\/#organization"},"alternateName":"Petroni","potentialAction":[{"@type":"SearchAction","target":{"@type":"EntryPoint","urlTemplate":"https:\/\/www.petroni.hr\/en\/?s={search_term_string}"},"query-input":{"@type":"PropertyValueSpecification","valueRequired":true,"valueName":"search_term_string"}}],"inLanguage":"en-US"},{"@type":"Organization","@id":"https:\/\/www.petroni.hr\/en\/#organization","name":"Petroni d.o.o.","alternateName":"Petroni","url":"https:\/\/www.petroni.hr\/en\/","logo":{"@type":"ImageObject","inLanguage":"en-US","@id":"https:\/\/www.petroni.hr\/en\/#\/schema\/logo\/image\/","url":"https:\/\/www.petroni.hr\/wp-content\/uploads\/2024\/03\/cropped-Group-3.jpg","contentUrl":"https:\/\/www.petroni.hr\/wp-content\/uploads\/2024\/03\/cropped-Group-3.jpg","width":512,"height":512,"caption":"Petroni d.o.o."},"image":{"@id":"https:\/\/www.petroni.hr\/en\/#\/schema\/logo\/image\/"},"sameAs":["https:\/\/www.facebook.com\/Kamperi.Petroni.Sesvete\/?locale=hr_HR"]}]}},"_links":{"self":[{"href":"https:\/\/www.petroni.hr\/en\/wp-json\/wp\/v2\/product\/20197","targetHints":{"allow":["GET"]}}],"collection":[{"href":"https:\/\/www.petroni.hr\/en\/wp-json\/wp\/v2\/product"}],"about":[{"href":"https:\/\/www.petroni.hr\/en\/wp-json\/wp\/v2\/types\/product"}],"replies":[{"embeddable":true,"href":"https:\/\/www.petroni.hr\/en\/wp-json\/wp\/v2\/comments?post=20197"}],"wp:featuredmedia":[{"embeddable":true,"href":"https:\/\/www.petroni.hr\/en\/wp-json\/wp\/v2\/media\/5715"}],"wp:attachment":[{"href":"https:\/\/www.petroni.hr\/en\/wp-json\/wp\/v2\/media?parent=20197"}],"wp:term":[{"taxonomy":"product_brand","embeddable":true,"href":"https:\/\/www.petroni.hr\/en\/wp-json\/wp\/v2\/product_brand?post=20197"},{"taxonomy":"product_cat","embeddable":true,"href":"https:\/\/www.petroni.hr\/en\/wp-json\/wp\/v2\/product_cat?post=20197"},{"taxonomy":"product_tag","embeddable":true,"href":"https:\/\/www.petroni.hr\/en\/wp-json\/wp\/v2\/product_tag?post=20197"}],"curies":[{"name":"wp","href":"https:\/\/api.w.org\/{rel}","templated":true}]}}