{"id":20142,"date":"2020-12-27T16:14:07","date_gmt":"2020-12-27T15:14:07","guid":{"rendered":"https:\/\/www.petroni.hr\/proizvod\/prekrivac-za-kampere-xl\/"},"modified":"2025-09-18T10:32:34","modified_gmt":"2025-09-18T09:32:34","slug":"prekrivac-za-kampere-xl","status":"publish","type":"product","link":"https:\/\/www.petroni.hr\/en\/proizvod\/prekrivac-za-kampere-xl\/","title":{"rendered":"Prekriva\u010d za kampere 12M Brunner &#8211; 7m"},"content":{"rendered":"<p>za kampere du\u017eine do 7 metara\u00a0 \/dimenzije\u00a0 700x240x270cm<\/p>\n<p>Vodootporna cerada za ljeto i zimu od prvoklasnog materijala s optimalnom UV za\u0161titom.<br \/>\nProzra\u010dni sloj sprje\u010dava prodiranje vlage, ali omogu\u0107uje vlagi da izlazi iznutra.<br \/>\nOja\u010dani kutovi produljuju trajnost. U\u0161i tako\u0111er omogu\u0107avaju da se bokovi koriste kao tenda.<br \/>\nPristup kamperu je uvijek mogu\u0107 zahvaljuju\u0107i 3 patentna zatvara\u010da s obje strane.<br \/>\n\u010ci\u010dak za pri\u010dvr\u0161\u0107ivanje stranica.<\/p>\n","protected":false},"excerpt":{"rendered":"<p>za kampere du\u017eine do 7 metara\u00a0 \/dimenzije\u00a0 700x240x270cm Vodootporna cerada za ljeto i zimu od prvoklasnog materijala s optimalnom UV za\u0161titom. Prozra\u010dni sloj sprje\u010dava prodiranje vlage, ali omogu\u0107uje vlagi da izlazi iznutra. Oja\u010dani kutovi produljuju trajnost. U\u0161i tako\u0111er omogu\u0107avaju da se bokovi koriste kao tenda. Pristup kamperu je uvijek mogu\u0107 zahvaljuju\u0107i 3 patentna zatvara\u010da s [&hellip;]<\/p>\n","protected":false},"featured_media":9571,"comment_status":"open","ping_status":"closed","template":"","meta":{"_acf_changed":false,"_themeisle_gutenberg_block_has_review":false},"product_brand":[],"product_cat":[297,305],"product_tag":[],"class_list":{"0":"post-20142","1":"product","2":"type-product","3":"status-publish","4":"has-post-thumbnail","6":"product_cat-motorhome-tehnology-en","7":"product_cat-termozastita-en","9":"first","10":"instock","11":"shipping-taxable","12":"purchasable","13":"product-type-simple"},"acf":[],"yoast_head":"<!-- This site is optimized with the Yoast SEO plugin v27.4 - https:\/\/yoast.com\/product\/yoast-seo-wordpress\/ -->\n<title>Prekriva\u010d za kampere 12M Brunner - 7m | Petroni - rent | sale | service | conversions<\/title>\n<meta name=\"robots\" content=\"index, follow, max-snippet:-1, max-image-preview:large, max-video-preview:-1\" \/>\n<link rel=\"canonical\" href=\"https:\/\/www.petroni.hr\/en\/proizvod\/prekrivac-za-kampere-xl\/\" \/>\n<meta property=\"og:locale\" content=\"en_US\" \/>\n<meta property=\"og:type\" content=\"article\" \/>\n<meta property=\"og:title\" content=\"Prekriva\u010d za kampere 12M Brunner - 7m | Petroni - rent | sale | service | conversions\" \/>\n<meta property=\"og:description\" content=\"za kampere du\u017eine do 7 metara\u00a0 \/dimenzije\u00a0 700x240x270cm Vodootporna cerada za ljeto i zimu od prvoklasnog materijala s optimalnom UV za\u0161titom. Prozra\u010dni sloj sprje\u010dava prodiranje vlage, ali omogu\u0107uje vlagi da izlazi iznutra. Oja\u010dani kutovi produljuju trajnost. U\u0161i tako\u0111er omogu\u0107avaju da se bokovi koriste kao tenda. Pristup kamperu je uvijek mogu\u0107 zahvaljuju\u0107i 3 patentna zatvara\u010da s [&hellip;]\" \/>\n<meta property=\"og:url\" content=\"https:\/\/www.petroni.hr\/en\/proizvod\/prekrivac-za-kampere-xl\/\" \/>\n<meta property=\"og:site_name\" content=\"Petroni - rent | sale | service | conversions\" \/>\n<meta property=\"article:publisher\" content=\"https:\/\/www.facebook.com\/Kamperi.Petroni.Sesvete\/?locale=hr_HR\" \/>\n<meta property=\"article:modified_time\" content=\"2025-09-18T09:32:34+00:00\" \/>\n<meta property=\"og:image\" content=\"https:\/\/www.petroni.hr\/wp-content\/uploads\/2020\/12\/carpoint-prekrivac-za-kamper.jpg\" \/>\n\t<meta property=\"og:image:width\" content=\"873\" \/>\n\t<meta property=\"og:image:height\" content=\"560\" \/>\n\t<meta property=\"og:image:type\" content=\"image\/jpeg\" \/>\n<meta name=\"twitter:card\" content=\"summary_large_image\" \/>\n<meta name=\"twitter:label1\" content=\"Est. reading time\" \/>\n\t<meta name=\"twitter:data1\" content=\"1 minute\" \/>\n<script type=\"application\/ld+json\" class=\"yoast-schema-graph\">{\"@context\":\"https:\\\/\\\/schema.org\",\"@graph\":[{\"@type\":\"WebPage\",\"@id\":\"https:\\\/\\\/www.petroni.hr\\\/en\\\/proizvod\\\/prekrivac-za-kampere-xl\\\/\",\"url\":\"https:\\\/\\\/www.petroni.hr\\\/en\\\/proizvod\\\/prekrivac-za-kampere-xl\\\/\",\"name\":\"Prekriva\u010d za kampere 12M Brunner - 7m | Petroni - rent | sale | service | conversions\",\"isPartOf\":{\"@id\":\"https:\\\/\\\/www.petroni.hr\\\/en\\\/#website\"},\"primaryImageOfPage\":{\"@id\":\"https:\\\/\\\/www.petroni.hr\\\/en\\\/proizvod\\\/prekrivac-za-kampere-xl\\\/#primaryimage\"},\"image\":{\"@id\":\"https:\\\/\\\/www.petroni.hr\\\/en\\\/proizvod\\\/prekrivac-za-kampere-xl\\\/#primaryimage\"},\"thumbnailUrl\":\"https:\\\/\\\/www.petroni.hr\\\/wp-content\\\/uploads\\\/2020\\\/12\\\/carpoint-prekrivac-za-kamper.jpg\",\"datePublished\":\"2020-12-27T15:14:07+00:00\",\"dateModified\":\"2025-09-18T09:32:34+00:00\",\"breadcrumb\":{\"@id\":\"https:\\\/\\\/www.petroni.hr\\\/en\\\/proizvod\\\/prekrivac-za-kampere-xl\\\/#breadcrumb\"},\"inLanguage\":\"en-US\",\"potentialAction\":[{\"@type\":\"ReadAction\",\"target\":[\"https:\\\/\\\/www.petroni.hr\\\/en\\\/proizvod\\\/prekrivac-za-kampere-xl\\\/\"]}]},{\"@type\":\"ImageObject\",\"inLanguage\":\"en-US\",\"@id\":\"https:\\\/\\\/www.petroni.hr\\\/en\\\/proizvod\\\/prekrivac-za-kampere-xl\\\/#primaryimage\",\"url\":\"https:\\\/\\\/www.petroni.hr\\\/wp-content\\\/uploads\\\/2020\\\/12\\\/carpoint-prekrivac-za-kamper.jpg\",\"contentUrl\":\"https:\\\/\\\/www.petroni.hr\\\/wp-content\\\/uploads\\\/2020\\\/12\\\/carpoint-prekrivac-za-kamper.jpg\",\"width\":873,\"height\":560},{\"@type\":\"BreadcrumbList\",\"@id\":\"https:\\\/\\\/www.petroni.hr\\\/en\\\/proizvod\\\/prekrivac-za-kampere-xl\\\/#breadcrumb\",\"itemListElement\":[{\"@type\":\"ListItem\",\"position\":1,\"name\":\"Po\u010detna stranica\",\"item\":\"https:\\\/\\\/www.petroni.hr\\\/en\\\/\"},{\"@type\":\"ListItem\",\"position\":2,\"name\":\"Shop\",\"item\":\"https:\\\/\\\/www.petroni.hr\\\/en\\\/shop\\\/\"},{\"@type\":\"ListItem\",\"position\":3,\"name\":\"Prekriva\u010d za kampere 12M Brunner &#8211; 7m\"}]},{\"@type\":\"WebSite\",\"@id\":\"https:\\\/\\\/www.petroni.hr\\\/en\\\/#website\",\"url\":\"https:\\\/\\\/www.petroni.hr\\\/en\\\/\",\"name\":\"Petroni.hr\",\"description\":\"Experience the unprecedented freedom of travel\",\"publisher\":{\"@id\":\"https:\\\/\\\/www.petroni.hr\\\/en\\\/#organization\"},\"alternateName\":\"Petroni\",\"potentialAction\":[{\"@type\":\"SearchAction\",\"target\":{\"@type\":\"EntryPoint\",\"urlTemplate\":\"https:\\\/\\\/www.petroni.hr\\\/en\\\/?s={search_term_string}\"},\"query-input\":{\"@type\":\"PropertyValueSpecification\",\"valueRequired\":true,\"valueName\":\"search_term_string\"}}],\"inLanguage\":\"en-US\"},{\"@type\":\"Organization\",\"@id\":\"https:\\\/\\\/www.petroni.hr\\\/en\\\/#organization\",\"name\":\"Petroni d.o.o.\",\"alternateName\":\"Petroni\",\"url\":\"https:\\\/\\\/www.petroni.hr\\\/en\\\/\",\"logo\":{\"@type\":\"ImageObject\",\"inLanguage\":\"en-US\",\"@id\":\"https:\\\/\\\/www.petroni.hr\\\/en\\\/#\\\/schema\\\/logo\\\/image\\\/\",\"url\":\"https:\\\/\\\/www.petroni.hr\\\/wp-content\\\/uploads\\\/2024\\\/03\\\/cropped-Group-3.jpg\",\"contentUrl\":\"https:\\\/\\\/www.petroni.hr\\\/wp-content\\\/uploads\\\/2024\\\/03\\\/cropped-Group-3.jpg\",\"width\":512,\"height\":512,\"caption\":\"Petroni d.o.o.\"},\"image\":{\"@id\":\"https:\\\/\\\/www.petroni.hr\\\/en\\\/#\\\/schema\\\/logo\\\/image\\\/\"},\"sameAs\":[\"https:\\\/\\\/www.facebook.com\\\/Kamperi.Petroni.Sesvete\\\/?locale=hr_HR\"]}]}<\/script>\n<!-- \/ Yoast SEO plugin. -->","yoast_head_json":{"title":"Prekriva\u010d za kampere 12M Brunner - 7m | Petroni - rent | sale | service | conversions","robots":{"index":"index","follow":"follow","max-snippet":"max-snippet:-1","max-image-preview":"max-image-preview:large","max-video-preview":"max-video-preview:-1"},"canonical":"https:\/\/www.petroni.hr\/en\/proizvod\/prekrivac-za-kampere-xl\/","og_locale":"en_US","og_type":"article","og_title":"Prekriva\u010d za kampere 12M Brunner - 7m | Petroni - rent | sale | service | conversions","og_description":"za kampere du\u017eine do 7 metara\u00a0 \/dimenzije\u00a0 700x240x270cm Vodootporna cerada za ljeto i zimu od prvoklasnog materijala s optimalnom UV za\u0161titom. Prozra\u010dni sloj sprje\u010dava prodiranje vlage, ali omogu\u0107uje vlagi da izlazi iznutra. Oja\u010dani kutovi produljuju trajnost. U\u0161i tako\u0111er omogu\u0107avaju da se bokovi koriste kao tenda. Pristup kamperu je uvijek mogu\u0107 zahvaljuju\u0107i 3 patentna zatvara\u010da s [&hellip;]","og_url":"https:\/\/www.petroni.hr\/en\/proizvod\/prekrivac-za-kampere-xl\/","og_site_name":"Petroni - rent | sale | service | conversions","article_publisher":"https:\/\/www.facebook.com\/Kamperi.Petroni.Sesvete\/?locale=hr_HR","article_modified_time":"2025-09-18T09:32:34+00:00","og_image":[{"width":873,"height":560,"url":"https:\/\/www.petroni.hr\/wp-content\/uploads\/2020\/12\/carpoint-prekrivac-za-kamper.jpg","type":"image\/jpeg"}],"twitter_card":"summary_large_image","twitter_misc":{"Est. reading time":"1 minute"},"schema":{"@context":"https:\/\/schema.org","@graph":[{"@type":"WebPage","@id":"https:\/\/www.petroni.hr\/en\/proizvod\/prekrivac-za-kampere-xl\/","url":"https:\/\/www.petroni.hr\/en\/proizvod\/prekrivac-za-kampere-xl\/","name":"Prekriva\u010d za kampere 12M Brunner - 7m | Petroni - rent | sale | service | conversions","isPartOf":{"@id":"https:\/\/www.petroni.hr\/en\/#website"},"primaryImageOfPage":{"@id":"https:\/\/www.petroni.hr\/en\/proizvod\/prekrivac-za-kampere-xl\/#primaryimage"},"image":{"@id":"https:\/\/www.petroni.hr\/en\/proizvod\/prekrivac-za-kampere-xl\/#primaryimage"},"thumbnailUrl":"https:\/\/www.petroni.hr\/wp-content\/uploads\/2020\/12\/carpoint-prekrivac-za-kamper.jpg","datePublished":"2020-12-27T15:14:07+00:00","dateModified":"2025-09-18T09:32:34+00:00","breadcrumb":{"@id":"https:\/\/www.petroni.hr\/en\/proizvod\/prekrivac-za-kampere-xl\/#breadcrumb"},"inLanguage":"en-US","potentialAction":[{"@type":"ReadAction","target":["https:\/\/www.petroni.hr\/en\/proizvod\/prekrivac-za-kampere-xl\/"]}]},{"@type":"ImageObject","inLanguage":"en-US","@id":"https:\/\/www.petroni.hr\/en\/proizvod\/prekrivac-za-kampere-xl\/#primaryimage","url":"https:\/\/www.petroni.hr\/wp-content\/uploads\/2020\/12\/carpoint-prekrivac-za-kamper.jpg","contentUrl":"https:\/\/www.petroni.hr\/wp-content\/uploads\/2020\/12\/carpoint-prekrivac-za-kamper.jpg","width":873,"height":560},{"@type":"BreadcrumbList","@id":"https:\/\/www.petroni.hr\/en\/proizvod\/prekrivac-za-kampere-xl\/#breadcrumb","itemListElement":[{"@type":"ListItem","position":1,"name":"Po\u010detna stranica","item":"https:\/\/www.petroni.hr\/en\/"},{"@type":"ListItem","position":2,"name":"Shop","item":"https:\/\/www.petroni.hr\/en\/shop\/"},{"@type":"ListItem","position":3,"name":"Prekriva\u010d za kampere 12M Brunner &#8211; 7m"}]},{"@type":"WebSite","@id":"https:\/\/www.petroni.hr\/en\/#website","url":"https:\/\/www.petroni.hr\/en\/","name":"Petroni.hr","description":"Experience the unprecedented freedom of travel","publisher":{"@id":"https:\/\/www.petroni.hr\/en\/#organization"},"alternateName":"Petroni","potentialAction":[{"@type":"SearchAction","target":{"@type":"EntryPoint","urlTemplate":"https:\/\/www.petroni.hr\/en\/?s={search_term_string}"},"query-input":{"@type":"PropertyValueSpecification","valueRequired":true,"valueName":"search_term_string"}}],"inLanguage":"en-US"},{"@type":"Organization","@id":"https:\/\/www.petroni.hr\/en\/#organization","name":"Petroni d.o.o.","alternateName":"Petroni","url":"https:\/\/www.petroni.hr\/en\/","logo":{"@type":"ImageObject","inLanguage":"en-US","@id":"https:\/\/www.petroni.hr\/en\/#\/schema\/logo\/image\/","url":"https:\/\/www.petroni.hr\/wp-content\/uploads\/2024\/03\/cropped-Group-3.jpg","contentUrl":"https:\/\/www.petroni.hr\/wp-content\/uploads\/2024\/03\/cropped-Group-3.jpg","width":512,"height":512,"caption":"Petroni d.o.o."},"image":{"@id":"https:\/\/www.petroni.hr\/en\/#\/schema\/logo\/image\/"},"sameAs":["https:\/\/www.facebook.com\/Kamperi.Petroni.Sesvete\/?locale=hr_HR"]}]}},"_links":{"self":[{"href":"https:\/\/www.petroni.hr\/en\/wp-json\/wp\/v2\/product\/20142","targetHints":{"allow":["GET"]}}],"collection":[{"href":"https:\/\/www.petroni.hr\/en\/wp-json\/wp\/v2\/product"}],"about":[{"href":"https:\/\/www.petroni.hr\/en\/wp-json\/wp\/v2\/types\/product"}],"replies":[{"embeddable":true,"href":"https:\/\/www.petroni.hr\/en\/wp-json\/wp\/v2\/comments?post=20142"}],"wp:featuredmedia":[{"embeddable":true,"href":"https:\/\/www.petroni.hr\/en\/wp-json\/wp\/v2\/media\/9571"}],"wp:attachment":[{"href":"https:\/\/www.petroni.hr\/en\/wp-json\/wp\/v2\/media?parent=20142"}],"wp:term":[{"taxonomy":"product_brand","embeddable":true,"href":"https:\/\/www.petroni.hr\/en\/wp-json\/wp\/v2\/product_brand?post=20142"},{"taxonomy":"product_cat","embeddable":true,"href":"https:\/\/www.petroni.hr\/en\/wp-json\/wp\/v2\/product_cat?post=20142"},{"taxonomy":"product_tag","embeddable":true,"href":"https:\/\/www.petroni.hr\/en\/wp-json\/wp\/v2\/product_tag?post=20142"}],"curies":[{"name":"wp","href":"https:\/\/api.w.org\/{rel}","templated":true}]}}