{"id":20123,"date":"2021-02-17T14:28:34","date_gmt":"2021-02-17T13:28:34","guid":{"rendered":"https:\/\/www.petroni.hr\/proizvod\/klima-uredaj-kronings-k2400\/"},"modified":"2021-02-17T14:28:34","modified_gmt":"2021-02-17T13:28:34","slug":"klima-uredaj-kronings-k2400","status":"publish","type":"product","link":"https:\/\/www.petroni.hr\/en\/proizvod\/klima-uredaj-kronings-k2400\/","title":{"rendered":"Klima ure\u0111aj Kronings K2400"},"content":{"rendered":"<p>Ovi novi i vrlo mo\u0107ni modeli lagani su s vrlo u\u010dinkovitim i tihim kompresorom u usporedbi s nekoliko drugih modela na tr\u017ei\u0161tu.<\/p>\n<p>Kompresor je posebno dizajniran za hla\u0111enje na vanjsku temperaturu od -40 \u00b0 C i vanjsku vla\u017enost od 40%, \u0161to je gotovo 100 \u00b0 C ni\u017ea temperatura.<\/p>\n<p>Kompaktne dimenzije \u010dine ga vrlo svestranim.<br \/>\nDizalica topline proizvodi do 70% vi\u0161e topline od tipi\u010dnih jedinica.<br \/>\nIzuzetno nizak profil osigurava optimalnu aerodinamiku i smanjuje prostor za glavu u nadstre\u0161nici ili gara\u017ei.<br \/>\nFunkcija automatskog odmrzavanja za nisko zagrijavanje okoli\u0161a.<br \/>\nDaljinski upravlja\u010d s LCD-om<br \/>\nLCD i LED osvjetljenje na unutarnjoj plo\u010di<\/p>\n<p>HLA\u0110ENJE I GRIJANJE<\/p>\n<p>Tehni\u010dke informacije<\/p>\n<p>Napajanje 220-240V \/ 50HZ<br \/>\nNazivno hla\u0111enje 2,4 kW<br \/>\nNazivna toplina 2,4Kw<br \/>\nTe\u017eina vanjske jedinice -28 kg<br \/>\nTe\u017eina nutarnje jedinice &#8211; 3 kg<br \/>\nOtvor na krovu &#8211; 400 mm x 400 mm<\/p>\n<p>Dimenzije jedinice na krovu\u00a0 -1002 mm x 567 mm x 223 mm<br \/>\nPotro\u0161nja energije (hla\u0111enje)- 920W<br \/>\nPotro\u0161nja energije (grijanje) -850W<br \/>\nPotro\u0161nja poja\u010dala (hla\u0111enje)- 4,0<br \/>\nPotro\u0161nja poja\u010dala (grijanje)- 3.7<br \/>\nSupotro\u0161nja -2,10<br \/>\nSoft start -Da<\/p>\n<p>&nbsp;<\/p>\n","protected":false},"excerpt":{"rendered":"<p>Ovi novi i vrlo mo\u0107ni modeli lagani su s vrlo u\u010dinkovitim i tihim kompresorom u usporedbi s nekoliko drugih modela na tr\u017ei\u0161tu. Kompresor je posebno dizajniran za hla\u0111enje na vanjsku temperaturu od -40 \u00b0 C i vanjsku vla\u017enost od 40%, \u0161to je gotovo 100 \u00b0 C ni\u017ea temperatura. Kompaktne dimenzije \u010dine ga vrlo svestranim. Dizalica [&hellip;]<\/p>\n","protected":false},"featured_media":10001,"comment_status":"open","ping_status":"closed","template":"","meta":{"_acf_changed":false,"_themeisle_gutenberg_block_has_review":false},"product_brand":[],"product_cat":[301,277],"product_tag":[],"class_list":{"0":"post-20123","1":"product","2":"type-product","3":"status-publish","4":"has-post-thumbnail","6":"product_cat-air-condition-en","7":"product_cat-cooling-climate-heating-en","9":"first","10":"outofstock","11":"shipping-taxable","12":"purchasable","13":"product-type-simple"},"acf":[],"yoast_head":"<!-- This site is optimized with the Yoast SEO plugin v27.4 - https:\/\/yoast.com\/product\/yoast-seo-wordpress\/ -->\n<title>Klima ure\u0111aj Kronings K2400 | Petroni - rent | sale | service | conversions<\/title>\n<meta name=\"robots\" content=\"index, follow, max-snippet:-1, max-image-preview:large, max-video-preview:-1\" \/>\n<link rel=\"canonical\" href=\"https:\/\/www.petroni.hr\/en\/proizvod\/klima-uredaj-kronings-k2400\/\" \/>\n<meta property=\"og:locale\" content=\"en_US\" \/>\n<meta property=\"og:type\" content=\"article\" \/>\n<meta property=\"og:title\" content=\"Klima ure\u0111aj Kronings K2400 | Petroni - rent | sale | service | conversions\" \/>\n<meta property=\"og:description\" content=\"Ovi novi i vrlo mo\u0107ni modeli lagani su s vrlo u\u010dinkovitim i tihim kompresorom u usporedbi s nekoliko drugih modela na tr\u017ei\u0161tu. Kompresor je posebno dizajniran za hla\u0111enje na vanjsku temperaturu od -40 \u00b0 C i vanjsku vla\u017enost od 40%, \u0161to je gotovo 100 \u00b0 C ni\u017ea temperatura. Kompaktne dimenzije \u010dine ga vrlo svestranim. Dizalica [&hellip;]\" \/>\n<meta property=\"og:url\" content=\"https:\/\/www.petroni.hr\/en\/proizvod\/klima-uredaj-kronings-k2400\/\" \/>\n<meta property=\"og:site_name\" content=\"Petroni - rent | sale | service | conversions\" \/>\n<meta property=\"article:publisher\" content=\"https:\/\/www.facebook.com\/Kamperi.Petroni.Sesvete\/?locale=hr_HR\" \/>\n<meta name=\"twitter:card\" content=\"summary_large_image\" \/>\n<meta name=\"twitter:label1\" content=\"Est. reading time\" \/>\n\t<meta name=\"twitter:data1\" content=\"1 minute\" \/>\n<script type=\"application\/ld+json\" class=\"yoast-schema-graph\">{\"@context\":\"https:\\\/\\\/schema.org\",\"@graph\":[{\"@type\":\"WebPage\",\"@id\":\"https:\\\/\\\/www.petroni.hr\\\/en\\\/proizvod\\\/klima-uredaj-kronings-k2400\\\/\",\"url\":\"https:\\\/\\\/www.petroni.hr\\\/en\\\/proizvod\\\/klima-uredaj-kronings-k2400\\\/\",\"name\":\"Klima ure\u0111aj Kronings K2400 | Petroni - rent | sale | service | conversions\",\"isPartOf\":{\"@id\":\"https:\\\/\\\/www.petroni.hr\\\/en\\\/#website\"},\"primaryImageOfPage\":{\"@id\":\"https:\\\/\\\/www.petroni.hr\\\/en\\\/proizvod\\\/klima-uredaj-kronings-k2400\\\/#primaryimage\"},\"image\":{\"@id\":\"https:\\\/\\\/www.petroni.hr\\\/en\\\/proizvod\\\/klima-uredaj-kronings-k2400\\\/#primaryimage\"},\"thumbnailUrl\":\"https:\\\/\\\/www.petroni.hr\\\/wp-content\\\/uploads\\\/2021\\\/02\\\/kronings-aircondition_Plenum-1-kronings-k2400.png\",\"datePublished\":\"2021-02-17T13:28:34+00:00\",\"breadcrumb\":{\"@id\":\"https:\\\/\\\/www.petroni.hr\\\/en\\\/proizvod\\\/klima-uredaj-kronings-k2400\\\/#breadcrumb\"},\"inLanguage\":\"en-US\",\"potentialAction\":[{\"@type\":\"ReadAction\",\"target\":[\"https:\\\/\\\/www.petroni.hr\\\/en\\\/proizvod\\\/klima-uredaj-kronings-k2400\\\/\"]}]},{\"@type\":\"ImageObject\",\"inLanguage\":\"en-US\",\"@id\":\"https:\\\/\\\/www.petroni.hr\\\/en\\\/proizvod\\\/klima-uredaj-kronings-k2400\\\/#primaryimage\",\"url\":\"https:\\\/\\\/www.petroni.hr\\\/wp-content\\\/uploads\\\/2021\\\/02\\\/kronings-aircondition_Plenum-1-kronings-k2400.png\",\"contentUrl\":\"https:\\\/\\\/www.petroni.hr\\\/wp-content\\\/uploads\\\/2021\\\/02\\\/kronings-aircondition_Plenum-1-kronings-k2400.png\",\"width\":1536,\"height\":1022},{\"@type\":\"BreadcrumbList\",\"@id\":\"https:\\\/\\\/www.petroni.hr\\\/en\\\/proizvod\\\/klima-uredaj-kronings-k2400\\\/#breadcrumb\",\"itemListElement\":[{\"@type\":\"ListItem\",\"position\":1,\"name\":\"Po\u010detna stranica\",\"item\":\"https:\\\/\\\/www.petroni.hr\\\/en\\\/\"},{\"@type\":\"ListItem\",\"position\":2,\"name\":\"Shop\",\"item\":\"https:\\\/\\\/www.petroni.hr\\\/en\\\/shop\\\/\"},{\"@type\":\"ListItem\",\"position\":3,\"name\":\"Klima ure\u0111aj Kronings K2400\"}]},{\"@type\":\"WebSite\",\"@id\":\"https:\\\/\\\/www.petroni.hr\\\/en\\\/#website\",\"url\":\"https:\\\/\\\/www.petroni.hr\\\/en\\\/\",\"name\":\"Petroni.hr\",\"description\":\"Experience the unprecedented freedom of travel\",\"publisher\":{\"@id\":\"https:\\\/\\\/www.petroni.hr\\\/en\\\/#organization\"},\"alternateName\":\"Petroni\",\"potentialAction\":[{\"@type\":\"SearchAction\",\"target\":{\"@type\":\"EntryPoint\",\"urlTemplate\":\"https:\\\/\\\/www.petroni.hr\\\/en\\\/?s={search_term_string}\"},\"query-input\":{\"@type\":\"PropertyValueSpecification\",\"valueRequired\":true,\"valueName\":\"search_term_string\"}}],\"inLanguage\":\"en-US\"},{\"@type\":\"Organization\",\"@id\":\"https:\\\/\\\/www.petroni.hr\\\/en\\\/#organization\",\"name\":\"Petroni d.o.o.\",\"alternateName\":\"Petroni\",\"url\":\"https:\\\/\\\/www.petroni.hr\\\/en\\\/\",\"logo\":{\"@type\":\"ImageObject\",\"inLanguage\":\"en-US\",\"@id\":\"https:\\\/\\\/www.petroni.hr\\\/en\\\/#\\\/schema\\\/logo\\\/image\\\/\",\"url\":\"https:\\\/\\\/www.petroni.hr\\\/wp-content\\\/uploads\\\/2024\\\/03\\\/cropped-Group-3.jpg\",\"contentUrl\":\"https:\\\/\\\/www.petroni.hr\\\/wp-content\\\/uploads\\\/2024\\\/03\\\/cropped-Group-3.jpg\",\"width\":512,\"height\":512,\"caption\":\"Petroni d.o.o.\"},\"image\":{\"@id\":\"https:\\\/\\\/www.petroni.hr\\\/en\\\/#\\\/schema\\\/logo\\\/image\\\/\"},\"sameAs\":[\"https:\\\/\\\/www.facebook.com\\\/Kamperi.Petroni.Sesvete\\\/?locale=hr_HR\"]}]}<\/script>\n<!-- \/ Yoast SEO plugin. -->","yoast_head_json":{"title":"Klima ure\u0111aj Kronings K2400 | Petroni - rent | sale | service | conversions","robots":{"index":"index","follow":"follow","max-snippet":"max-snippet:-1","max-image-preview":"max-image-preview:large","max-video-preview":"max-video-preview:-1"},"canonical":"https:\/\/www.petroni.hr\/en\/proizvod\/klima-uredaj-kronings-k2400\/","og_locale":"en_US","og_type":"article","og_title":"Klima ure\u0111aj Kronings K2400 | Petroni - rent | sale | service | conversions","og_description":"Ovi novi i vrlo mo\u0107ni modeli lagani su s vrlo u\u010dinkovitim i tihim kompresorom u usporedbi s nekoliko drugih modela na tr\u017ei\u0161tu. Kompresor je posebno dizajniran za hla\u0111enje na vanjsku temperaturu od -40 \u00b0 C i vanjsku vla\u017enost od 40%, \u0161to je gotovo 100 \u00b0 C ni\u017ea temperatura. Kompaktne dimenzije \u010dine ga vrlo svestranim. Dizalica [&hellip;]","og_url":"https:\/\/www.petroni.hr\/en\/proizvod\/klima-uredaj-kronings-k2400\/","og_site_name":"Petroni - rent | sale | service | conversions","article_publisher":"https:\/\/www.facebook.com\/Kamperi.Petroni.Sesvete\/?locale=hr_HR","twitter_card":"summary_large_image","twitter_misc":{"Est. reading time":"1 minute"},"schema":{"@context":"https:\/\/schema.org","@graph":[{"@type":"WebPage","@id":"https:\/\/www.petroni.hr\/en\/proizvod\/klima-uredaj-kronings-k2400\/","url":"https:\/\/www.petroni.hr\/en\/proizvod\/klima-uredaj-kronings-k2400\/","name":"Klima ure\u0111aj Kronings K2400 | Petroni - rent | sale | service | conversions","isPartOf":{"@id":"https:\/\/www.petroni.hr\/en\/#website"},"primaryImageOfPage":{"@id":"https:\/\/www.petroni.hr\/en\/proizvod\/klima-uredaj-kronings-k2400\/#primaryimage"},"image":{"@id":"https:\/\/www.petroni.hr\/en\/proizvod\/klima-uredaj-kronings-k2400\/#primaryimage"},"thumbnailUrl":"https:\/\/www.petroni.hr\/wp-content\/uploads\/2021\/02\/kronings-aircondition_Plenum-1-kronings-k2400.png","datePublished":"2021-02-17T13:28:34+00:00","breadcrumb":{"@id":"https:\/\/www.petroni.hr\/en\/proizvod\/klima-uredaj-kronings-k2400\/#breadcrumb"},"inLanguage":"en-US","potentialAction":[{"@type":"ReadAction","target":["https:\/\/www.petroni.hr\/en\/proizvod\/klima-uredaj-kronings-k2400\/"]}]},{"@type":"ImageObject","inLanguage":"en-US","@id":"https:\/\/www.petroni.hr\/en\/proizvod\/klima-uredaj-kronings-k2400\/#primaryimage","url":"https:\/\/www.petroni.hr\/wp-content\/uploads\/2021\/02\/kronings-aircondition_Plenum-1-kronings-k2400.png","contentUrl":"https:\/\/www.petroni.hr\/wp-content\/uploads\/2021\/02\/kronings-aircondition_Plenum-1-kronings-k2400.png","width":1536,"height":1022},{"@type":"BreadcrumbList","@id":"https:\/\/www.petroni.hr\/en\/proizvod\/klima-uredaj-kronings-k2400\/#breadcrumb","itemListElement":[{"@type":"ListItem","position":1,"name":"Po\u010detna stranica","item":"https:\/\/www.petroni.hr\/en\/"},{"@type":"ListItem","position":2,"name":"Shop","item":"https:\/\/www.petroni.hr\/en\/shop\/"},{"@type":"ListItem","position":3,"name":"Klima ure\u0111aj Kronings K2400"}]},{"@type":"WebSite","@id":"https:\/\/www.petroni.hr\/en\/#website","url":"https:\/\/www.petroni.hr\/en\/","name":"Petroni.hr","description":"Experience the unprecedented freedom of travel","publisher":{"@id":"https:\/\/www.petroni.hr\/en\/#organization"},"alternateName":"Petroni","potentialAction":[{"@type":"SearchAction","target":{"@type":"EntryPoint","urlTemplate":"https:\/\/www.petroni.hr\/en\/?s={search_term_string}"},"query-input":{"@type":"PropertyValueSpecification","valueRequired":true,"valueName":"search_term_string"}}],"inLanguage":"en-US"},{"@type":"Organization","@id":"https:\/\/www.petroni.hr\/en\/#organization","name":"Petroni d.o.o.","alternateName":"Petroni","url":"https:\/\/www.petroni.hr\/en\/","logo":{"@type":"ImageObject","inLanguage":"en-US","@id":"https:\/\/www.petroni.hr\/en\/#\/schema\/logo\/image\/","url":"https:\/\/www.petroni.hr\/wp-content\/uploads\/2024\/03\/cropped-Group-3.jpg","contentUrl":"https:\/\/www.petroni.hr\/wp-content\/uploads\/2024\/03\/cropped-Group-3.jpg","width":512,"height":512,"caption":"Petroni d.o.o."},"image":{"@id":"https:\/\/www.petroni.hr\/en\/#\/schema\/logo\/image\/"},"sameAs":["https:\/\/www.facebook.com\/Kamperi.Petroni.Sesvete\/?locale=hr_HR"]}]}},"_links":{"self":[{"href":"https:\/\/www.petroni.hr\/en\/wp-json\/wp\/v2\/product\/20123","targetHints":{"allow":["GET"]}}],"collection":[{"href":"https:\/\/www.petroni.hr\/en\/wp-json\/wp\/v2\/product"}],"about":[{"href":"https:\/\/www.petroni.hr\/en\/wp-json\/wp\/v2\/types\/product"}],"replies":[{"embeddable":true,"href":"https:\/\/www.petroni.hr\/en\/wp-json\/wp\/v2\/comments?post=20123"}],"wp:featuredmedia":[{"embeddable":true,"href":"https:\/\/www.petroni.hr\/en\/wp-json\/wp\/v2\/media\/10001"}],"wp:attachment":[{"href":"https:\/\/www.petroni.hr\/en\/wp-json\/wp\/v2\/media?parent=20123"}],"wp:term":[{"taxonomy":"product_brand","embeddable":true,"href":"https:\/\/www.petroni.hr\/en\/wp-json\/wp\/v2\/product_brand?post=20123"},{"taxonomy":"product_cat","embeddable":true,"href":"https:\/\/www.petroni.hr\/en\/wp-json\/wp\/v2\/product_cat?post=20123"},{"taxonomy":"product_tag","embeddable":true,"href":"https:\/\/www.petroni.hr\/en\/wp-json\/wp\/v2\/product_tag?post=20123"}],"curies":[{"name":"wp","href":"https:\/\/api.w.org\/{rel}","templated":true}]}}