{"id":20121,"date":"2021-02-23T21:05:29","date_gmt":"2021-02-23T20:05:29","guid":{"rendered":"https:\/\/www.petroni.hr\/proizvod\/sine-za-navoznu-rampu-unico-6-u-1\/"},"modified":"2025-03-18T12:42:56","modified_gmt":"2025-03-18T11:42:56","slug":"sine-za-navoznu-rampu-unico-6-u-1","status":"publish","type":"product","link":"https:\/\/www.petroni.hr\/en\/proizvod\/sine-za-navoznu-rampu-unico-6-u-1\/","title":{"rendered":"\u0160ine za navoznu rampu UNICO 6 u 1"},"content":{"rendered":"<p>Pomo\u0107u prakti\u010dnih aluminijskih \u0161ina mo\u017eete pretvoriti Uniko 6 u 1 rampu u prakti\u010dnu pogonsku rampu za gotovo svaku stra\u017enju gara\u017eu. Dvije \u0161ine jednostavno su pri\u010dvr\u0161\u0107ene na bo\u010dnu stranu rampe.<\/p>\n<p>Ide uz rampu UNICO 6 u 1 ; ref. 9990572<\/p>\n<p>&nbsp;<\/p>\n","protected":false},"excerpt":{"rendered":"<p>Pomo\u0107u prakti\u010dnih aluminijskih \u0161ina mo\u017eete pretvoriti Uniko 6 u 1 rampu u prakti\u010dnu pogonsku rampu za gotovo svaku stra\u017enju gara\u017eu. Dvije \u0161ine jednostavno su pri\u010dvr\u0161\u0107ene na bo\u010dnu stranu rampe. Ide uz rampu UNICO 6 u 1 ; ref. 9990572 &nbsp;<\/p>\n","protected":false},"featured_media":10019,"comment_status":"open","ping_status":"closed","template":"","meta":{"_acf_changed":false,"_themeisle_gutenberg_block_has_review":false},"product_brand":[],"product_cat":[285,326],"product_tag":[],"class_list":{"0":"post-20121","1":"product","2":"type-product","3":"status-publish","4":"has-post-thumbnail","6":"product_cat-outdoor-leisure-en","7":"product_cat-sale","9":"first","10":"instock","11":"sale","12":"shipping-taxable","13":"purchasable","14":"product-type-simple"},"acf":[],"yoast_head":"<!-- This site is optimized with the Yoast SEO plugin v27.4 - https:\/\/yoast.com\/product\/yoast-seo-wordpress\/ -->\n<title>\u0160ine za navoznu rampu UNICO 6 u 1 | Petroni - rent | sale | service | conversions<\/title>\n<meta name=\"robots\" content=\"index, follow, max-snippet:-1, max-image-preview:large, max-video-preview:-1\" \/>\n<link rel=\"canonical\" href=\"https:\/\/www.petroni.hr\/en\/proizvod\/sine-za-navoznu-rampu-unico-6-u-1\/\" \/>\n<meta property=\"og:locale\" content=\"en_US\" \/>\n<meta property=\"og:type\" content=\"article\" \/>\n<meta property=\"og:title\" content=\"\u0160ine za navoznu rampu UNICO 6 u 1 | Petroni - rent | sale | service | conversions\" \/>\n<meta property=\"og:description\" content=\"Pomo\u0107u prakti\u010dnih aluminijskih \u0161ina mo\u017eete pretvoriti Uniko 6 u 1 rampu u prakti\u010dnu pogonsku rampu za gotovo svaku stra\u017enju gara\u017eu. Dvije \u0161ine jednostavno su pri\u010dvr\u0161\u0107ene na bo\u010dnu stranu rampe. Ide uz rampu UNICO 6 u 1 ; ref. 9990572 &nbsp;\" \/>\n<meta property=\"og:url\" content=\"https:\/\/www.petroni.hr\/en\/proizvod\/sine-za-navoznu-rampu-unico-6-u-1\/\" \/>\n<meta property=\"og:site_name\" content=\"Petroni - rent | sale | service | conversions\" \/>\n<meta property=\"article:publisher\" content=\"https:\/\/www.facebook.com\/Kamperi.Petroni.Sesvete\/?locale=hr_HR\" \/>\n<meta property=\"article:modified_time\" content=\"2025-03-18T11:42:56+00:00\" \/>\n<meta property=\"og:image\" content=\"https:\/\/www.petroni.hr\/wp-content\/uploads\/2021\/02\/9983416-Auffahrschiene_zu_Rampe_Uniko_6_in_1-Standard-01.jpg\" \/>\n\t<meta property=\"og:image:width\" content=\"1000\" \/>\n\t<meta property=\"og:image:height\" content=\"785\" \/>\n\t<meta property=\"og:image:type\" content=\"image\/jpeg\" \/>\n<meta name=\"twitter:card\" content=\"summary_large_image\" \/>\n<script type=\"application\/ld+json\" class=\"yoast-schema-graph\">{\"@context\":\"https:\\\/\\\/schema.org\",\"@graph\":[{\"@type\":\"WebPage\",\"@id\":\"https:\\\/\\\/www.petroni.hr\\\/en\\\/proizvod\\\/sine-za-navoznu-rampu-unico-6-u-1\\\/\",\"url\":\"https:\\\/\\\/www.petroni.hr\\\/en\\\/proizvod\\\/sine-za-navoznu-rampu-unico-6-u-1\\\/\",\"name\":\"\u0160ine za navoznu rampu UNICO 6 u 1 | Petroni - rent | sale | service | conversions\",\"isPartOf\":{\"@id\":\"https:\\\/\\\/www.petroni.hr\\\/en\\\/#website\"},\"primaryImageOfPage\":{\"@id\":\"https:\\\/\\\/www.petroni.hr\\\/en\\\/proizvod\\\/sine-za-navoznu-rampu-unico-6-u-1\\\/#primaryimage\"},\"image\":{\"@id\":\"https:\\\/\\\/www.petroni.hr\\\/en\\\/proizvod\\\/sine-za-navoznu-rampu-unico-6-u-1\\\/#primaryimage\"},\"thumbnailUrl\":\"https:\\\/\\\/www.petroni.hr\\\/wp-content\\\/uploads\\\/2021\\\/02\\\/9983416-Auffahrschiene_zu_Rampe_Uniko_6_in_1-Standard-01.jpg\",\"datePublished\":\"2021-02-23T20:05:29+00:00\",\"dateModified\":\"2025-03-18T11:42:56+00:00\",\"breadcrumb\":{\"@id\":\"https:\\\/\\\/www.petroni.hr\\\/en\\\/proizvod\\\/sine-za-navoznu-rampu-unico-6-u-1\\\/#breadcrumb\"},\"inLanguage\":\"en-US\",\"potentialAction\":[{\"@type\":\"ReadAction\",\"target\":[\"https:\\\/\\\/www.petroni.hr\\\/en\\\/proizvod\\\/sine-za-navoznu-rampu-unico-6-u-1\\\/\"]}]},{\"@type\":\"ImageObject\",\"inLanguage\":\"en-US\",\"@id\":\"https:\\\/\\\/www.petroni.hr\\\/en\\\/proizvod\\\/sine-za-navoznu-rampu-unico-6-u-1\\\/#primaryimage\",\"url\":\"https:\\\/\\\/www.petroni.hr\\\/wp-content\\\/uploads\\\/2021\\\/02\\\/9983416-Auffahrschiene_zu_Rampe_Uniko_6_in_1-Standard-01.jpg\",\"contentUrl\":\"https:\\\/\\\/www.petroni.hr\\\/wp-content\\\/uploads\\\/2021\\\/02\\\/9983416-Auffahrschiene_zu_Rampe_Uniko_6_in_1-Standard-01.jpg\",\"width\":1000,\"height\":785},{\"@type\":\"BreadcrumbList\",\"@id\":\"https:\\\/\\\/www.petroni.hr\\\/en\\\/proizvod\\\/sine-za-navoznu-rampu-unico-6-u-1\\\/#breadcrumb\",\"itemListElement\":[{\"@type\":\"ListItem\",\"position\":1,\"name\":\"Po\u010detna stranica\",\"item\":\"https:\\\/\\\/www.petroni.hr\\\/en\\\/\"},{\"@type\":\"ListItem\",\"position\":2,\"name\":\"Shop\",\"item\":\"https:\\\/\\\/www.petroni.hr\\\/en\\\/shop\\\/\"},{\"@type\":\"ListItem\",\"position\":3,\"name\":\"\u0160ine za navoznu rampu UNICO 6 u 1\"}]},{\"@type\":\"WebSite\",\"@id\":\"https:\\\/\\\/www.petroni.hr\\\/en\\\/#website\",\"url\":\"https:\\\/\\\/www.petroni.hr\\\/en\\\/\",\"name\":\"Petroni.hr\",\"description\":\"Experience the unprecedented freedom of travel\",\"publisher\":{\"@id\":\"https:\\\/\\\/www.petroni.hr\\\/en\\\/#organization\"},\"alternateName\":\"Petroni\",\"potentialAction\":[{\"@type\":\"SearchAction\",\"target\":{\"@type\":\"EntryPoint\",\"urlTemplate\":\"https:\\\/\\\/www.petroni.hr\\\/en\\\/?s={search_term_string}\"},\"query-input\":{\"@type\":\"PropertyValueSpecification\",\"valueRequired\":true,\"valueName\":\"search_term_string\"}}],\"inLanguage\":\"en-US\"},{\"@type\":\"Organization\",\"@id\":\"https:\\\/\\\/www.petroni.hr\\\/en\\\/#organization\",\"name\":\"Petroni d.o.o.\",\"alternateName\":\"Petroni\",\"url\":\"https:\\\/\\\/www.petroni.hr\\\/en\\\/\",\"logo\":{\"@type\":\"ImageObject\",\"inLanguage\":\"en-US\",\"@id\":\"https:\\\/\\\/www.petroni.hr\\\/en\\\/#\\\/schema\\\/logo\\\/image\\\/\",\"url\":\"https:\\\/\\\/www.petroni.hr\\\/wp-content\\\/uploads\\\/2024\\\/03\\\/cropped-Group-3.jpg\",\"contentUrl\":\"https:\\\/\\\/www.petroni.hr\\\/wp-content\\\/uploads\\\/2024\\\/03\\\/cropped-Group-3.jpg\",\"width\":512,\"height\":512,\"caption\":\"Petroni d.o.o.\"},\"image\":{\"@id\":\"https:\\\/\\\/www.petroni.hr\\\/en\\\/#\\\/schema\\\/logo\\\/image\\\/\"},\"sameAs\":[\"https:\\\/\\\/www.facebook.com\\\/Kamperi.Petroni.Sesvete\\\/?locale=hr_HR\"]}]}<\/script>\n<!-- \/ Yoast SEO plugin. -->","yoast_head_json":{"title":"\u0160ine za navoznu rampu UNICO 6 u 1 | Petroni - rent | sale | service | conversions","robots":{"index":"index","follow":"follow","max-snippet":"max-snippet:-1","max-image-preview":"max-image-preview:large","max-video-preview":"max-video-preview:-1"},"canonical":"https:\/\/www.petroni.hr\/en\/proizvod\/sine-za-navoznu-rampu-unico-6-u-1\/","og_locale":"en_US","og_type":"article","og_title":"\u0160ine za navoznu rampu UNICO 6 u 1 | Petroni - rent | sale | service | conversions","og_description":"Pomo\u0107u prakti\u010dnih aluminijskih \u0161ina mo\u017eete pretvoriti Uniko 6 u 1 rampu u prakti\u010dnu pogonsku rampu za gotovo svaku stra\u017enju gara\u017eu. Dvije \u0161ine jednostavno su pri\u010dvr\u0161\u0107ene na bo\u010dnu stranu rampe. Ide uz rampu UNICO 6 u 1 ; ref. 9990572 &nbsp;","og_url":"https:\/\/www.petroni.hr\/en\/proizvod\/sine-za-navoznu-rampu-unico-6-u-1\/","og_site_name":"Petroni - rent | sale | service | conversions","article_publisher":"https:\/\/www.facebook.com\/Kamperi.Petroni.Sesvete\/?locale=hr_HR","article_modified_time":"2025-03-18T11:42:56+00:00","og_image":[{"width":1000,"height":785,"url":"https:\/\/www.petroni.hr\/wp-content\/uploads\/2021\/02\/9983416-Auffahrschiene_zu_Rampe_Uniko_6_in_1-Standard-01.jpg","type":"image\/jpeg"}],"twitter_card":"summary_large_image","schema":{"@context":"https:\/\/schema.org","@graph":[{"@type":"WebPage","@id":"https:\/\/www.petroni.hr\/en\/proizvod\/sine-za-navoznu-rampu-unico-6-u-1\/","url":"https:\/\/www.petroni.hr\/en\/proizvod\/sine-za-navoznu-rampu-unico-6-u-1\/","name":"\u0160ine za navoznu rampu UNICO 6 u 1 | Petroni - rent | sale | service | conversions","isPartOf":{"@id":"https:\/\/www.petroni.hr\/en\/#website"},"primaryImageOfPage":{"@id":"https:\/\/www.petroni.hr\/en\/proizvod\/sine-za-navoznu-rampu-unico-6-u-1\/#primaryimage"},"image":{"@id":"https:\/\/www.petroni.hr\/en\/proizvod\/sine-za-navoznu-rampu-unico-6-u-1\/#primaryimage"},"thumbnailUrl":"https:\/\/www.petroni.hr\/wp-content\/uploads\/2021\/02\/9983416-Auffahrschiene_zu_Rampe_Uniko_6_in_1-Standard-01.jpg","datePublished":"2021-02-23T20:05:29+00:00","dateModified":"2025-03-18T11:42:56+00:00","breadcrumb":{"@id":"https:\/\/www.petroni.hr\/en\/proizvod\/sine-za-navoznu-rampu-unico-6-u-1\/#breadcrumb"},"inLanguage":"en-US","potentialAction":[{"@type":"ReadAction","target":["https:\/\/www.petroni.hr\/en\/proizvod\/sine-za-navoznu-rampu-unico-6-u-1\/"]}]},{"@type":"ImageObject","inLanguage":"en-US","@id":"https:\/\/www.petroni.hr\/en\/proizvod\/sine-za-navoznu-rampu-unico-6-u-1\/#primaryimage","url":"https:\/\/www.petroni.hr\/wp-content\/uploads\/2021\/02\/9983416-Auffahrschiene_zu_Rampe_Uniko_6_in_1-Standard-01.jpg","contentUrl":"https:\/\/www.petroni.hr\/wp-content\/uploads\/2021\/02\/9983416-Auffahrschiene_zu_Rampe_Uniko_6_in_1-Standard-01.jpg","width":1000,"height":785},{"@type":"BreadcrumbList","@id":"https:\/\/www.petroni.hr\/en\/proizvod\/sine-za-navoznu-rampu-unico-6-u-1\/#breadcrumb","itemListElement":[{"@type":"ListItem","position":1,"name":"Po\u010detna stranica","item":"https:\/\/www.petroni.hr\/en\/"},{"@type":"ListItem","position":2,"name":"Shop","item":"https:\/\/www.petroni.hr\/en\/shop\/"},{"@type":"ListItem","position":3,"name":"\u0160ine za navoznu rampu UNICO 6 u 1"}]},{"@type":"WebSite","@id":"https:\/\/www.petroni.hr\/en\/#website","url":"https:\/\/www.petroni.hr\/en\/","name":"Petroni.hr","description":"Experience the unprecedented freedom of travel","publisher":{"@id":"https:\/\/www.petroni.hr\/en\/#organization"},"alternateName":"Petroni","potentialAction":[{"@type":"SearchAction","target":{"@type":"EntryPoint","urlTemplate":"https:\/\/www.petroni.hr\/en\/?s={search_term_string}"},"query-input":{"@type":"PropertyValueSpecification","valueRequired":true,"valueName":"search_term_string"}}],"inLanguage":"en-US"},{"@type":"Organization","@id":"https:\/\/www.petroni.hr\/en\/#organization","name":"Petroni d.o.o.","alternateName":"Petroni","url":"https:\/\/www.petroni.hr\/en\/","logo":{"@type":"ImageObject","inLanguage":"en-US","@id":"https:\/\/www.petroni.hr\/en\/#\/schema\/logo\/image\/","url":"https:\/\/www.petroni.hr\/wp-content\/uploads\/2024\/03\/cropped-Group-3.jpg","contentUrl":"https:\/\/www.petroni.hr\/wp-content\/uploads\/2024\/03\/cropped-Group-3.jpg","width":512,"height":512,"caption":"Petroni d.o.o."},"image":{"@id":"https:\/\/www.petroni.hr\/en\/#\/schema\/logo\/image\/"},"sameAs":["https:\/\/www.facebook.com\/Kamperi.Petroni.Sesvete\/?locale=hr_HR"]}]}},"_links":{"self":[{"href":"https:\/\/www.petroni.hr\/en\/wp-json\/wp\/v2\/product\/20121","targetHints":{"allow":["GET"]}}],"collection":[{"href":"https:\/\/www.petroni.hr\/en\/wp-json\/wp\/v2\/product"}],"about":[{"href":"https:\/\/www.petroni.hr\/en\/wp-json\/wp\/v2\/types\/product"}],"replies":[{"embeddable":true,"href":"https:\/\/www.petroni.hr\/en\/wp-json\/wp\/v2\/comments?post=20121"}],"wp:featuredmedia":[{"embeddable":true,"href":"https:\/\/www.petroni.hr\/en\/wp-json\/wp\/v2\/media\/10019"}],"wp:attachment":[{"href":"https:\/\/www.petroni.hr\/en\/wp-json\/wp\/v2\/media?parent=20121"}],"wp:term":[{"taxonomy":"product_brand","embeddable":true,"href":"https:\/\/www.petroni.hr\/en\/wp-json\/wp\/v2\/product_brand?post=20121"},{"taxonomy":"product_cat","embeddable":true,"href":"https:\/\/www.petroni.hr\/en\/wp-json\/wp\/v2\/product_cat?post=20121"},{"taxonomy":"product_tag","embeddable":true,"href":"https:\/\/www.petroni.hr\/en\/wp-json\/wp\/v2\/product_tag?post=20121"}],"curies":[{"name":"wp","href":"https:\/\/api.w.org\/{rel}","templated":true}]}}