{"id":20112,"date":"2021-02-26T09:51:13","date_gmt":"2021-02-26T08:51:13","guid":{"rendered":"https:\/\/www.petroni.hr\/proizvod\/pipa-za-topl-hl-vodu-comet-london-bijela\/"},"modified":"2025-11-03T10:49:55","modified_gmt":"2025-11-03T09:49:55","slug":"pipa-za-topl-hl-vodu-comet-london-bijela","status":"publish","type":"product","link":"https:\/\/www.petroni.hr\/en\/proizvod\/pipa-za-topl-hl-vodu-comet-london-bijela\/","title":{"rendered":"Pipa za vodu topl\/hl. Comet London &#8211; bijela"},"content":{"rendered":"<p>Plasti\u010dna pipa za vodu s integriranim prekida\u010dem za uklju\u010divanje \/ isklju\u010divanje 12v<br \/>\nPreklopni izljev<br \/>\nOtporna na toplu vodu<br \/>\nOtporna na vodu pod tlakom do 1,5 bara<br \/>\nPrekida\u010di opteretivi do 3A<br \/>\nVisina 40 mm za sudopere s poklopcem na \u0161arkama<br \/>\nPriklju\u010dna mlaznica 10mm<br \/>\nProvrt 27 mm<br \/>\nDuljina navoja 29mm<br \/>\nNavoj 3\/4 &#8220;<\/p>\n","protected":false},"excerpt":{"rendered":"<p>Plasti\u010dna pipa za vodu s integriranim prekida\u010dem za uklju\u010divanje \/ isklju\u010divanje 12v Preklopni izljev Otporna na toplu vodu Otporna na vodu pod tlakom do 1,5 bara Prekida\u010di opteretivi do 3A Visina 40 mm za sudopere s poklopcem na \u0161arkama Priklju\u010dna mlaznica 10mm Provrt 27 mm Duljina navoja 29mm Navoj 3\/4 &#8220;<\/p>\n","protected":false},"featured_media":10049,"comment_status":"open","ping_status":"closed","template":"","meta":{"_acf_changed":false,"_themeisle_gutenberg_block_has_review":false},"product_brand":[],"product_cat":[289,286],"product_tag":[],"class_list":{"0":"post-20112","1":"product","2":"type-product","3":"status-publish","4":"has-post-thumbnail","6":"product_cat-pipe-mjesalice-en","7":"product_cat-water-sanitary-en","9":"first","10":"instock","11":"shipping-taxable","12":"purchasable","13":"product-type-simple"},"acf":[],"yoast_head":"<!-- This site is optimized with the Yoast SEO plugin v27.4 - https:\/\/yoast.com\/product\/yoast-seo-wordpress\/ -->\n<title>Pipa za vodu topl\/hl. Comet London - bijela | Petroni - rent | sale | service | conversions<\/title>\n<meta name=\"robots\" content=\"index, follow, max-snippet:-1, max-image-preview:large, max-video-preview:-1\" \/>\n<link rel=\"canonical\" href=\"https:\/\/www.petroni.hr\/en\/proizvod\/pipa-za-topl-hl-vodu-comet-london-bijela\/\" \/>\n<meta property=\"og:locale\" content=\"en_US\" \/>\n<meta property=\"og:type\" content=\"article\" \/>\n<meta property=\"og:title\" content=\"Pipa za vodu topl\/hl. Comet London - bijela | Petroni - rent | sale | service | conversions\" \/>\n<meta property=\"og:description\" content=\"Plasti\u010dna pipa za vodu s integriranim prekida\u010dem za uklju\u010divanje \/ isklju\u010divanje 12v Preklopni izljev Otporna na toplu vodu Otporna na vodu pod tlakom do 1,5 bara Prekida\u010di opteretivi do 3A Visina 40 mm za sudopere s poklopcem na \u0161arkama Priklju\u010dna mlaznica 10mm Provrt 27 mm Duljina navoja 29mm Navoj 3\/4 &#8220;\" \/>\n<meta property=\"og:url\" content=\"https:\/\/www.petroni.hr\/en\/proizvod\/pipa-za-topl-hl-vodu-comet-london-bijela\/\" \/>\n<meta property=\"og:site_name\" content=\"Petroni - rent | sale | service | conversions\" \/>\n<meta property=\"article:publisher\" content=\"https:\/\/www.facebook.com\/Kamperi.Petroni.Sesvete\/?locale=hr_HR\" \/>\n<meta property=\"article:modified_time\" content=\"2025-11-03T09:49:55+00:00\" \/>\n<meta property=\"og:image\" content=\"https:\/\/www.petroni.hr\/wp-content\/uploads\/2021\/02\/63028-pipa-London-topl-hl.jpg\" \/>\n\t<meta property=\"og:image:width\" content=\"800\" \/>\n\t<meta property=\"og:image:height\" content=\"581\" \/>\n\t<meta property=\"og:image:type\" content=\"image\/jpeg\" \/>\n<meta name=\"twitter:card\" content=\"summary_large_image\" \/>\n<script type=\"application\/ld+json\" class=\"yoast-schema-graph\">{\"@context\":\"https:\\\/\\\/schema.org\",\"@graph\":[{\"@type\":\"WebPage\",\"@id\":\"https:\\\/\\\/www.petroni.hr\\\/en\\\/proizvod\\\/pipa-za-topl-hl-vodu-comet-london-bijela\\\/\",\"url\":\"https:\\\/\\\/www.petroni.hr\\\/en\\\/proizvod\\\/pipa-za-topl-hl-vodu-comet-london-bijela\\\/\",\"name\":\"Pipa za vodu topl\\\/hl. Comet London - bijela | Petroni - rent | sale | service | conversions\",\"isPartOf\":{\"@id\":\"https:\\\/\\\/www.petroni.hr\\\/en\\\/#website\"},\"primaryImageOfPage\":{\"@id\":\"https:\\\/\\\/www.petroni.hr\\\/en\\\/proizvod\\\/pipa-za-topl-hl-vodu-comet-london-bijela\\\/#primaryimage\"},\"image\":{\"@id\":\"https:\\\/\\\/www.petroni.hr\\\/en\\\/proizvod\\\/pipa-za-topl-hl-vodu-comet-london-bijela\\\/#primaryimage\"},\"thumbnailUrl\":\"https:\\\/\\\/www.petroni.hr\\\/wp-content\\\/uploads\\\/2021\\\/02\\\/63028-pipa-London-topl-hl.jpg\",\"datePublished\":\"2021-02-26T08:51:13+00:00\",\"dateModified\":\"2025-11-03T09:49:55+00:00\",\"breadcrumb\":{\"@id\":\"https:\\\/\\\/www.petroni.hr\\\/en\\\/proizvod\\\/pipa-za-topl-hl-vodu-comet-london-bijela\\\/#breadcrumb\"},\"inLanguage\":\"en-US\",\"potentialAction\":[{\"@type\":\"ReadAction\",\"target\":[\"https:\\\/\\\/www.petroni.hr\\\/en\\\/proizvod\\\/pipa-za-topl-hl-vodu-comet-london-bijela\\\/\"]}]},{\"@type\":\"ImageObject\",\"inLanguage\":\"en-US\",\"@id\":\"https:\\\/\\\/www.petroni.hr\\\/en\\\/proizvod\\\/pipa-za-topl-hl-vodu-comet-london-bijela\\\/#primaryimage\",\"url\":\"https:\\\/\\\/www.petroni.hr\\\/wp-content\\\/uploads\\\/2021\\\/02\\\/63028-pipa-London-topl-hl.jpg\",\"contentUrl\":\"https:\\\/\\\/www.petroni.hr\\\/wp-content\\\/uploads\\\/2021\\\/02\\\/63028-pipa-London-topl-hl.jpg\",\"width\":800,\"height\":581},{\"@type\":\"BreadcrumbList\",\"@id\":\"https:\\\/\\\/www.petroni.hr\\\/en\\\/proizvod\\\/pipa-za-topl-hl-vodu-comet-london-bijela\\\/#breadcrumb\",\"itemListElement\":[{\"@type\":\"ListItem\",\"position\":1,\"name\":\"Po\u010detna stranica\",\"item\":\"https:\\\/\\\/www.petroni.hr\\\/en\\\/\"},{\"@type\":\"ListItem\",\"position\":2,\"name\":\"Shop\",\"item\":\"https:\\\/\\\/www.petroni.hr\\\/en\\\/shop\\\/\"},{\"@type\":\"ListItem\",\"position\":3,\"name\":\"Pipa za vodu topl\\\/hl. Comet London &#8211; bijela\"}]},{\"@type\":\"WebSite\",\"@id\":\"https:\\\/\\\/www.petroni.hr\\\/en\\\/#website\",\"url\":\"https:\\\/\\\/www.petroni.hr\\\/en\\\/\",\"name\":\"Petroni.hr\",\"description\":\"Experience the unprecedented freedom of travel\",\"publisher\":{\"@id\":\"https:\\\/\\\/www.petroni.hr\\\/en\\\/#organization\"},\"alternateName\":\"Petroni\",\"potentialAction\":[{\"@type\":\"SearchAction\",\"target\":{\"@type\":\"EntryPoint\",\"urlTemplate\":\"https:\\\/\\\/www.petroni.hr\\\/en\\\/?s={search_term_string}\"},\"query-input\":{\"@type\":\"PropertyValueSpecification\",\"valueRequired\":true,\"valueName\":\"search_term_string\"}}],\"inLanguage\":\"en-US\"},{\"@type\":\"Organization\",\"@id\":\"https:\\\/\\\/www.petroni.hr\\\/en\\\/#organization\",\"name\":\"Petroni d.o.o.\",\"alternateName\":\"Petroni\",\"url\":\"https:\\\/\\\/www.petroni.hr\\\/en\\\/\",\"logo\":{\"@type\":\"ImageObject\",\"inLanguage\":\"en-US\",\"@id\":\"https:\\\/\\\/www.petroni.hr\\\/en\\\/#\\\/schema\\\/logo\\\/image\\\/\",\"url\":\"https:\\\/\\\/www.petroni.hr\\\/wp-content\\\/uploads\\\/2024\\\/03\\\/cropped-Group-3.jpg\",\"contentUrl\":\"https:\\\/\\\/www.petroni.hr\\\/wp-content\\\/uploads\\\/2024\\\/03\\\/cropped-Group-3.jpg\",\"width\":512,\"height\":512,\"caption\":\"Petroni d.o.o.\"},\"image\":{\"@id\":\"https:\\\/\\\/www.petroni.hr\\\/en\\\/#\\\/schema\\\/logo\\\/image\\\/\"},\"sameAs\":[\"https:\\\/\\\/www.facebook.com\\\/Kamperi.Petroni.Sesvete\\\/?locale=hr_HR\"]}]}<\/script>\n<!-- \/ Yoast SEO plugin. -->","yoast_head_json":{"title":"Pipa za vodu topl\/hl. Comet London - bijela | Petroni - rent | sale | service | conversions","robots":{"index":"index","follow":"follow","max-snippet":"max-snippet:-1","max-image-preview":"max-image-preview:large","max-video-preview":"max-video-preview:-1"},"canonical":"https:\/\/www.petroni.hr\/en\/proizvod\/pipa-za-topl-hl-vodu-comet-london-bijela\/","og_locale":"en_US","og_type":"article","og_title":"Pipa za vodu topl\/hl. Comet London - bijela | Petroni - rent | sale | service | conversions","og_description":"Plasti\u010dna pipa za vodu s integriranim prekida\u010dem za uklju\u010divanje \/ isklju\u010divanje 12v Preklopni izljev Otporna na toplu vodu Otporna na vodu pod tlakom do 1,5 bara Prekida\u010di opteretivi do 3A Visina 40 mm za sudopere s poklopcem na \u0161arkama Priklju\u010dna mlaznica 10mm Provrt 27 mm Duljina navoja 29mm Navoj 3\/4 &#8220;","og_url":"https:\/\/www.petroni.hr\/en\/proizvod\/pipa-za-topl-hl-vodu-comet-london-bijela\/","og_site_name":"Petroni - rent | sale | service | conversions","article_publisher":"https:\/\/www.facebook.com\/Kamperi.Petroni.Sesvete\/?locale=hr_HR","article_modified_time":"2025-11-03T09:49:55+00:00","og_image":[{"width":800,"height":581,"url":"https:\/\/www.petroni.hr\/wp-content\/uploads\/2021\/02\/63028-pipa-London-topl-hl.jpg","type":"image\/jpeg"}],"twitter_card":"summary_large_image","schema":{"@context":"https:\/\/schema.org","@graph":[{"@type":"WebPage","@id":"https:\/\/www.petroni.hr\/en\/proizvod\/pipa-za-topl-hl-vodu-comet-london-bijela\/","url":"https:\/\/www.petroni.hr\/en\/proizvod\/pipa-za-topl-hl-vodu-comet-london-bijela\/","name":"Pipa za vodu topl\/hl. Comet London - bijela | Petroni - rent | sale | service | conversions","isPartOf":{"@id":"https:\/\/www.petroni.hr\/en\/#website"},"primaryImageOfPage":{"@id":"https:\/\/www.petroni.hr\/en\/proizvod\/pipa-za-topl-hl-vodu-comet-london-bijela\/#primaryimage"},"image":{"@id":"https:\/\/www.petroni.hr\/en\/proizvod\/pipa-za-topl-hl-vodu-comet-london-bijela\/#primaryimage"},"thumbnailUrl":"https:\/\/www.petroni.hr\/wp-content\/uploads\/2021\/02\/63028-pipa-London-topl-hl.jpg","datePublished":"2021-02-26T08:51:13+00:00","dateModified":"2025-11-03T09:49:55+00:00","breadcrumb":{"@id":"https:\/\/www.petroni.hr\/en\/proizvod\/pipa-za-topl-hl-vodu-comet-london-bijela\/#breadcrumb"},"inLanguage":"en-US","potentialAction":[{"@type":"ReadAction","target":["https:\/\/www.petroni.hr\/en\/proizvod\/pipa-za-topl-hl-vodu-comet-london-bijela\/"]}]},{"@type":"ImageObject","inLanguage":"en-US","@id":"https:\/\/www.petroni.hr\/en\/proizvod\/pipa-za-topl-hl-vodu-comet-london-bijela\/#primaryimage","url":"https:\/\/www.petroni.hr\/wp-content\/uploads\/2021\/02\/63028-pipa-London-topl-hl.jpg","contentUrl":"https:\/\/www.petroni.hr\/wp-content\/uploads\/2021\/02\/63028-pipa-London-topl-hl.jpg","width":800,"height":581},{"@type":"BreadcrumbList","@id":"https:\/\/www.petroni.hr\/en\/proizvod\/pipa-za-topl-hl-vodu-comet-london-bijela\/#breadcrumb","itemListElement":[{"@type":"ListItem","position":1,"name":"Po\u010detna stranica","item":"https:\/\/www.petroni.hr\/en\/"},{"@type":"ListItem","position":2,"name":"Shop","item":"https:\/\/www.petroni.hr\/en\/shop\/"},{"@type":"ListItem","position":3,"name":"Pipa za vodu topl\/hl. Comet London &#8211; bijela"}]},{"@type":"WebSite","@id":"https:\/\/www.petroni.hr\/en\/#website","url":"https:\/\/www.petroni.hr\/en\/","name":"Petroni.hr","description":"Experience the unprecedented freedom of travel","publisher":{"@id":"https:\/\/www.petroni.hr\/en\/#organization"},"alternateName":"Petroni","potentialAction":[{"@type":"SearchAction","target":{"@type":"EntryPoint","urlTemplate":"https:\/\/www.petroni.hr\/en\/?s={search_term_string}"},"query-input":{"@type":"PropertyValueSpecification","valueRequired":true,"valueName":"search_term_string"}}],"inLanguage":"en-US"},{"@type":"Organization","@id":"https:\/\/www.petroni.hr\/en\/#organization","name":"Petroni d.o.o.","alternateName":"Petroni","url":"https:\/\/www.petroni.hr\/en\/","logo":{"@type":"ImageObject","inLanguage":"en-US","@id":"https:\/\/www.petroni.hr\/en\/#\/schema\/logo\/image\/","url":"https:\/\/www.petroni.hr\/wp-content\/uploads\/2024\/03\/cropped-Group-3.jpg","contentUrl":"https:\/\/www.petroni.hr\/wp-content\/uploads\/2024\/03\/cropped-Group-3.jpg","width":512,"height":512,"caption":"Petroni d.o.o."},"image":{"@id":"https:\/\/www.petroni.hr\/en\/#\/schema\/logo\/image\/"},"sameAs":["https:\/\/www.facebook.com\/Kamperi.Petroni.Sesvete\/?locale=hr_HR"]}]}},"_links":{"self":[{"href":"https:\/\/www.petroni.hr\/en\/wp-json\/wp\/v2\/product\/20112","targetHints":{"allow":["GET"]}}],"collection":[{"href":"https:\/\/www.petroni.hr\/en\/wp-json\/wp\/v2\/product"}],"about":[{"href":"https:\/\/www.petroni.hr\/en\/wp-json\/wp\/v2\/types\/product"}],"replies":[{"embeddable":true,"href":"https:\/\/www.petroni.hr\/en\/wp-json\/wp\/v2\/comments?post=20112"}],"wp:featuredmedia":[{"embeddable":true,"href":"https:\/\/www.petroni.hr\/en\/wp-json\/wp\/v2\/media\/10049"}],"wp:attachment":[{"href":"https:\/\/www.petroni.hr\/en\/wp-json\/wp\/v2\/media?parent=20112"}],"wp:term":[{"taxonomy":"product_brand","embeddable":true,"href":"https:\/\/www.petroni.hr\/en\/wp-json\/wp\/v2\/product_brand?post=20112"},{"taxonomy":"product_cat","embeddable":true,"href":"https:\/\/www.petroni.hr\/en\/wp-json\/wp\/v2\/product_cat?post=20112"},{"taxonomy":"product_tag","embeddable":true,"href":"https:\/\/www.petroni.hr\/en\/wp-json\/wp\/v2\/product_tag?post=20112"}],"curies":[{"name":"wp","href":"https:\/\/api.w.org\/{rel}","templated":true}]}}