{"id":20083,"date":"2021-02-28T08:37:38","date_gmt":"2021-02-28T07:37:38","guid":{"rendered":"https:\/\/www.petroni.hr\/proizvod\/alarm-za-plin-kronings-trigas-mini\/"},"modified":"2025-05-16T14:23:12","modified_gmt":"2025-05-16T13:23:12","slug":"alarm-za-plin-kronings-trigas-mini","status":"publish","type":"product","link":"https:\/\/www.petroni.hr\/en\/proizvod\/alarm-za-plin-kronings-trigas-mini\/","title":{"rendered":"Alarm za plin Linnepe TriGas mini 12v"},"content":{"rendered":"<p>&nbsp;<\/p>\n<p>Upozorava na propan\/butan, anestetik\/anesteti\u010dke plinove<\/p>\n<p>Jednostavno naknadno ugradite detektore plina u svoj kamper<br \/>\nPlinski alarm male snage<br \/>\nUre\u0111ajem je jednostavno rukovati na dodir prsta<br \/>\nTriGasAlarm sirena 80 dB glasno<br \/>\nRadni status vidljiv na prvi pogled<\/p>\n<p>Mali ure\u0111aj se spaja izravno na 12 V elektri\u010dni sustav vozila.<\/p>\n<p>Upozorenje! Ispravan rad ure\u0111aja zajam\u010den je samo ako radi na ugra\u0111enu bateriju.<br \/>\nLaganim pritiskom na tipku na vrhu ku\u0107i\u0161ta ure\u0111aj se uklju\u010duje i mijenja boju iz prozirne u zelenu. Ako se detektira koncentracija \u0161tetnog plina, cijeli vrh postaje crven i uklju\u010duje se unutarnja glasna sirena.<\/p>\n<p>&nbsp;<\/p>\n<p>Daljnje specifikacije:<\/p>\n<p>Radni napon: 9\u201316 V<br \/>\nPotro\u0161nja struje u stanju mirovanja: 95 mA<br \/>\nPotro\u0161nja struje tijekom alarma: 160 mA<br \/>\nGlasno\u0107a alarma: cca. 80 dB<br \/>\nOsjetljivost: 98 ppm (EEC)<br \/>\nSukladnost: 89\/336 EEC \u2013 93\/68 EEC<\/p>\n<p>&nbsp;<\/p>\n","protected":false},"excerpt":{"rendered":"<p>&nbsp; Upozorava na propan\/butan, anestetik\/anesteti\u010dke plinove Jednostavno naknadno ugradite detektore plina u svoj kamper Plinski alarm male snage Ure\u0111ajem je jednostavno rukovati na dodir prsta TriGasAlarm sirena 80 dB glasno Radni status vidljiv na prvi pogled Mali ure\u0111aj se spaja izravno na 12 V elektri\u010dni sustav vozila. Upozorenje! Ispravan rad ure\u0111aja zajam\u010den je samo ako [&hellip;]<\/p>\n","protected":false},"featured_media":10158,"comment_status":"open","ping_status":"closed","template":"","meta":{"_acf_changed":false,"_themeisle_gutenberg_block_has_review":false},"product_brand":[],"product_cat":[275,302],"product_tag":[],"class_list":{"0":"post-20083","1":"product","2":"type-product","3":"status-publish","4":"has-post-thumbnail","6":"product_cat-gas-tehnology-en","7":"product_cat-security-en","9":"first","10":"instock","11":"shipping-taxable","12":"purchasable","13":"product-type-simple"},"acf":[],"yoast_head":"<!-- This site is optimized with the Yoast SEO plugin v27.4 - https:\/\/yoast.com\/product\/yoast-seo-wordpress\/ -->\n<title>Alarm za plin Linnepe TriGas mini 12v | Petroni - rent | sale | service | conversions<\/title>\n<meta name=\"robots\" content=\"index, follow, max-snippet:-1, max-image-preview:large, max-video-preview:-1\" \/>\n<link rel=\"canonical\" href=\"https:\/\/www.petroni.hr\/en\/proizvod\/alarm-za-plin-kronings-trigas-mini\/\" \/>\n<meta property=\"og:locale\" content=\"en_US\" \/>\n<meta property=\"og:type\" content=\"article\" \/>\n<meta property=\"og:title\" content=\"Alarm za plin Linnepe TriGas mini 12v | Petroni - rent | sale | service | conversions\" \/>\n<meta property=\"og:description\" content=\"&nbsp; Upozorava na propan\/butan, anestetik\/anesteti\u010dke plinove Jednostavno naknadno ugradite detektore plina u svoj kamper Plinski alarm male snage Ure\u0111ajem je jednostavno rukovati na dodir prsta TriGasAlarm sirena 80 dB glasno Radni status vidljiv na prvi pogled Mali ure\u0111aj se spaja izravno na 12 V elektri\u010dni sustav vozila. Upozorenje! Ispravan rad ure\u0111aja zajam\u010den je samo ako [&hellip;]\" \/>\n<meta property=\"og:url\" content=\"https:\/\/www.petroni.hr\/en\/proizvod\/alarm-za-plin-kronings-trigas-mini\/\" \/>\n<meta property=\"og:site_name\" content=\"Petroni - rent | sale | service | conversions\" \/>\n<meta property=\"article:publisher\" content=\"https:\/\/www.facebook.com\/Kamperi.Petroni.Sesvete\/?locale=hr_HR\" \/>\n<meta property=\"article:modified_time\" content=\"2025-05-16T13:23:12+00:00\" \/>\n<meta property=\"og:image\" content=\"https:\/\/www.petroni.hr\/wp-content\/uploads\/2021\/02\/tri-gas_alarm-kronings.jpg\" \/>\n\t<meta property=\"og:image:width\" content=\"500\" \/>\n\t<meta property=\"og:image:height\" content=\"500\" \/>\n\t<meta property=\"og:image:type\" content=\"image\/jpeg\" \/>\n<meta name=\"twitter:card\" content=\"summary_large_image\" \/>\n<meta name=\"twitter:label1\" content=\"Est. reading time\" \/>\n\t<meta name=\"twitter:data1\" content=\"1 minute\" \/>\n<script type=\"application\/ld+json\" class=\"yoast-schema-graph\">{\"@context\":\"https:\\\/\\\/schema.org\",\"@graph\":[{\"@type\":\"WebPage\",\"@id\":\"https:\\\/\\\/www.petroni.hr\\\/en\\\/proizvod\\\/alarm-za-plin-kronings-trigas-mini\\\/\",\"url\":\"https:\\\/\\\/www.petroni.hr\\\/en\\\/proizvod\\\/alarm-za-plin-kronings-trigas-mini\\\/\",\"name\":\"Alarm za plin Linnepe TriGas mini 12v | Petroni - rent | sale | service | conversions\",\"isPartOf\":{\"@id\":\"https:\\\/\\\/www.petroni.hr\\\/en\\\/#website\"},\"primaryImageOfPage\":{\"@id\":\"https:\\\/\\\/www.petroni.hr\\\/en\\\/proizvod\\\/alarm-za-plin-kronings-trigas-mini\\\/#primaryimage\"},\"image\":{\"@id\":\"https:\\\/\\\/www.petroni.hr\\\/en\\\/proizvod\\\/alarm-za-plin-kronings-trigas-mini\\\/#primaryimage\"},\"thumbnailUrl\":\"https:\\\/\\\/www.petroni.hr\\\/wp-content\\\/uploads\\\/2021\\\/02\\\/tri-gas_alarm-kronings.jpg\",\"datePublished\":\"2021-02-28T07:37:38+00:00\",\"dateModified\":\"2025-05-16T13:23:12+00:00\",\"breadcrumb\":{\"@id\":\"https:\\\/\\\/www.petroni.hr\\\/en\\\/proizvod\\\/alarm-za-plin-kronings-trigas-mini\\\/#breadcrumb\"},\"inLanguage\":\"en-US\",\"potentialAction\":[{\"@type\":\"ReadAction\",\"target\":[\"https:\\\/\\\/www.petroni.hr\\\/en\\\/proizvod\\\/alarm-za-plin-kronings-trigas-mini\\\/\"]}]},{\"@type\":\"ImageObject\",\"inLanguage\":\"en-US\",\"@id\":\"https:\\\/\\\/www.petroni.hr\\\/en\\\/proizvod\\\/alarm-za-plin-kronings-trigas-mini\\\/#primaryimage\",\"url\":\"https:\\\/\\\/www.petroni.hr\\\/wp-content\\\/uploads\\\/2021\\\/02\\\/tri-gas_alarm-kronings.jpg\",\"contentUrl\":\"https:\\\/\\\/www.petroni.hr\\\/wp-content\\\/uploads\\\/2021\\\/02\\\/tri-gas_alarm-kronings.jpg\",\"width\":500,\"height\":500},{\"@type\":\"BreadcrumbList\",\"@id\":\"https:\\\/\\\/www.petroni.hr\\\/en\\\/proizvod\\\/alarm-za-plin-kronings-trigas-mini\\\/#breadcrumb\",\"itemListElement\":[{\"@type\":\"ListItem\",\"position\":1,\"name\":\"Po\u010detna stranica\",\"item\":\"https:\\\/\\\/www.petroni.hr\\\/en\\\/\"},{\"@type\":\"ListItem\",\"position\":2,\"name\":\"Shop\",\"item\":\"https:\\\/\\\/www.petroni.hr\\\/en\\\/shop\\\/\"},{\"@type\":\"ListItem\",\"position\":3,\"name\":\"Alarm za plin Linnepe TriGas mini 12v\"}]},{\"@type\":\"WebSite\",\"@id\":\"https:\\\/\\\/www.petroni.hr\\\/en\\\/#website\",\"url\":\"https:\\\/\\\/www.petroni.hr\\\/en\\\/\",\"name\":\"Petroni.hr\",\"description\":\"Experience the unprecedented freedom of travel\",\"publisher\":{\"@id\":\"https:\\\/\\\/www.petroni.hr\\\/en\\\/#organization\"},\"alternateName\":\"Petroni\",\"potentialAction\":[{\"@type\":\"SearchAction\",\"target\":{\"@type\":\"EntryPoint\",\"urlTemplate\":\"https:\\\/\\\/www.petroni.hr\\\/en\\\/?s={search_term_string}\"},\"query-input\":{\"@type\":\"PropertyValueSpecification\",\"valueRequired\":true,\"valueName\":\"search_term_string\"}}],\"inLanguage\":\"en-US\"},{\"@type\":\"Organization\",\"@id\":\"https:\\\/\\\/www.petroni.hr\\\/en\\\/#organization\",\"name\":\"Petroni d.o.o.\",\"alternateName\":\"Petroni\",\"url\":\"https:\\\/\\\/www.petroni.hr\\\/en\\\/\",\"logo\":{\"@type\":\"ImageObject\",\"inLanguage\":\"en-US\",\"@id\":\"https:\\\/\\\/www.petroni.hr\\\/en\\\/#\\\/schema\\\/logo\\\/image\\\/\",\"url\":\"https:\\\/\\\/www.petroni.hr\\\/wp-content\\\/uploads\\\/2024\\\/03\\\/cropped-Group-3.jpg\",\"contentUrl\":\"https:\\\/\\\/www.petroni.hr\\\/wp-content\\\/uploads\\\/2024\\\/03\\\/cropped-Group-3.jpg\",\"width\":512,\"height\":512,\"caption\":\"Petroni d.o.o.\"},\"image\":{\"@id\":\"https:\\\/\\\/www.petroni.hr\\\/en\\\/#\\\/schema\\\/logo\\\/image\\\/\"},\"sameAs\":[\"https:\\\/\\\/www.facebook.com\\\/Kamperi.Petroni.Sesvete\\\/?locale=hr_HR\"]}]}<\/script>\n<!-- \/ Yoast SEO plugin. -->","yoast_head_json":{"title":"Alarm za plin Linnepe TriGas mini 12v | Petroni - rent | sale | service | conversions","robots":{"index":"index","follow":"follow","max-snippet":"max-snippet:-1","max-image-preview":"max-image-preview:large","max-video-preview":"max-video-preview:-1"},"canonical":"https:\/\/www.petroni.hr\/en\/proizvod\/alarm-za-plin-kronings-trigas-mini\/","og_locale":"en_US","og_type":"article","og_title":"Alarm za plin Linnepe TriGas mini 12v | Petroni - rent | sale | service | conversions","og_description":"&nbsp; Upozorava na propan\/butan, anestetik\/anesteti\u010dke plinove Jednostavno naknadno ugradite detektore plina u svoj kamper Plinski alarm male snage Ure\u0111ajem je jednostavno rukovati na dodir prsta TriGasAlarm sirena 80 dB glasno Radni status vidljiv na prvi pogled Mali ure\u0111aj se spaja izravno na 12 V elektri\u010dni sustav vozila. Upozorenje! Ispravan rad ure\u0111aja zajam\u010den je samo ako [&hellip;]","og_url":"https:\/\/www.petroni.hr\/en\/proizvod\/alarm-za-plin-kronings-trigas-mini\/","og_site_name":"Petroni - rent | sale | service | conversions","article_publisher":"https:\/\/www.facebook.com\/Kamperi.Petroni.Sesvete\/?locale=hr_HR","article_modified_time":"2025-05-16T13:23:12+00:00","og_image":[{"width":500,"height":500,"url":"https:\/\/www.petroni.hr\/wp-content\/uploads\/2021\/02\/tri-gas_alarm-kronings.jpg","type":"image\/jpeg"}],"twitter_card":"summary_large_image","twitter_misc":{"Est. reading time":"1 minute"},"schema":{"@context":"https:\/\/schema.org","@graph":[{"@type":"WebPage","@id":"https:\/\/www.petroni.hr\/en\/proizvod\/alarm-za-plin-kronings-trigas-mini\/","url":"https:\/\/www.petroni.hr\/en\/proizvod\/alarm-za-plin-kronings-trigas-mini\/","name":"Alarm za plin Linnepe TriGas mini 12v | Petroni - rent | sale | service | conversions","isPartOf":{"@id":"https:\/\/www.petroni.hr\/en\/#website"},"primaryImageOfPage":{"@id":"https:\/\/www.petroni.hr\/en\/proizvod\/alarm-za-plin-kronings-trigas-mini\/#primaryimage"},"image":{"@id":"https:\/\/www.petroni.hr\/en\/proizvod\/alarm-za-plin-kronings-trigas-mini\/#primaryimage"},"thumbnailUrl":"https:\/\/www.petroni.hr\/wp-content\/uploads\/2021\/02\/tri-gas_alarm-kronings.jpg","datePublished":"2021-02-28T07:37:38+00:00","dateModified":"2025-05-16T13:23:12+00:00","breadcrumb":{"@id":"https:\/\/www.petroni.hr\/en\/proizvod\/alarm-za-plin-kronings-trigas-mini\/#breadcrumb"},"inLanguage":"en-US","potentialAction":[{"@type":"ReadAction","target":["https:\/\/www.petroni.hr\/en\/proizvod\/alarm-za-plin-kronings-trigas-mini\/"]}]},{"@type":"ImageObject","inLanguage":"en-US","@id":"https:\/\/www.petroni.hr\/en\/proizvod\/alarm-za-plin-kronings-trigas-mini\/#primaryimage","url":"https:\/\/www.petroni.hr\/wp-content\/uploads\/2021\/02\/tri-gas_alarm-kronings.jpg","contentUrl":"https:\/\/www.petroni.hr\/wp-content\/uploads\/2021\/02\/tri-gas_alarm-kronings.jpg","width":500,"height":500},{"@type":"BreadcrumbList","@id":"https:\/\/www.petroni.hr\/en\/proizvod\/alarm-za-plin-kronings-trigas-mini\/#breadcrumb","itemListElement":[{"@type":"ListItem","position":1,"name":"Po\u010detna stranica","item":"https:\/\/www.petroni.hr\/en\/"},{"@type":"ListItem","position":2,"name":"Shop","item":"https:\/\/www.petroni.hr\/en\/shop\/"},{"@type":"ListItem","position":3,"name":"Alarm za plin Linnepe TriGas mini 12v"}]},{"@type":"WebSite","@id":"https:\/\/www.petroni.hr\/en\/#website","url":"https:\/\/www.petroni.hr\/en\/","name":"Petroni.hr","description":"Experience the unprecedented freedom of travel","publisher":{"@id":"https:\/\/www.petroni.hr\/en\/#organization"},"alternateName":"Petroni","potentialAction":[{"@type":"SearchAction","target":{"@type":"EntryPoint","urlTemplate":"https:\/\/www.petroni.hr\/en\/?s={search_term_string}"},"query-input":{"@type":"PropertyValueSpecification","valueRequired":true,"valueName":"search_term_string"}}],"inLanguage":"en-US"},{"@type":"Organization","@id":"https:\/\/www.petroni.hr\/en\/#organization","name":"Petroni d.o.o.","alternateName":"Petroni","url":"https:\/\/www.petroni.hr\/en\/","logo":{"@type":"ImageObject","inLanguage":"en-US","@id":"https:\/\/www.petroni.hr\/en\/#\/schema\/logo\/image\/","url":"https:\/\/www.petroni.hr\/wp-content\/uploads\/2024\/03\/cropped-Group-3.jpg","contentUrl":"https:\/\/www.petroni.hr\/wp-content\/uploads\/2024\/03\/cropped-Group-3.jpg","width":512,"height":512,"caption":"Petroni d.o.o."},"image":{"@id":"https:\/\/www.petroni.hr\/en\/#\/schema\/logo\/image\/"},"sameAs":["https:\/\/www.facebook.com\/Kamperi.Petroni.Sesvete\/?locale=hr_HR"]}]}},"_links":{"self":[{"href":"https:\/\/www.petroni.hr\/en\/wp-json\/wp\/v2\/product\/20083","targetHints":{"allow":["GET"]}}],"collection":[{"href":"https:\/\/www.petroni.hr\/en\/wp-json\/wp\/v2\/product"}],"about":[{"href":"https:\/\/www.petroni.hr\/en\/wp-json\/wp\/v2\/types\/product"}],"replies":[{"embeddable":true,"href":"https:\/\/www.petroni.hr\/en\/wp-json\/wp\/v2\/comments?post=20083"}],"wp:featuredmedia":[{"embeddable":true,"href":"https:\/\/www.petroni.hr\/en\/wp-json\/wp\/v2\/media\/10158"}],"wp:attachment":[{"href":"https:\/\/www.petroni.hr\/en\/wp-json\/wp\/v2\/media?parent=20083"}],"wp:term":[{"taxonomy":"product_brand","embeddable":true,"href":"https:\/\/www.petroni.hr\/en\/wp-json\/wp\/v2\/product_brand?post=20083"},{"taxonomy":"product_cat","embeddable":true,"href":"https:\/\/www.petroni.hr\/en\/wp-json\/wp\/v2\/product_cat?post=20083"},{"taxonomy":"product_tag","embeddable":true,"href":"https:\/\/www.petroni.hr\/en\/wp-json\/wp\/v2\/product_tag?post=20083"}],"curies":[{"name":"wp","href":"https:\/\/api.w.org\/{rel}","templated":true}]}}