{"id":20078,"date":"2021-03-10T07:48:38","date_gmt":"2021-03-10T06:48:38","guid":{"rendered":"https:\/\/www.petroni.hr\/proizvod\/ljepilo-univerzalno-tkk-fix-41-750ml\/"},"modified":"2024-12-10T07:30:32","modified_gmt":"2024-12-10T06:30:32","slug":"ljepilo-univerzalno-tkk-fix-41-750ml","status":"publish","type":"product","link":"https:\/\/www.petroni.hr\/en\/proizvod\/ljepilo-univerzalno-tkk-fix-41-750ml\/","title":{"rendered":"Ljepilo univerzalno TKK FIX-41 750ml"},"content":{"rendered":"<p><strong>Namjena<br \/>\n<\/strong><\/p>\n<ul>\n<li>za lijepljenje gume, ko\u017ee, pluta, drveta, plastike<\/li>\n<\/ul>\n<p>&nbsp;<\/p>\n<p><strong>Prednosti<br \/>\n<\/strong><\/p>\n<ul>\n<li>jednostavna i vi\u0161enamjenska upotreba<\/li>\n<li>elasti\u010dni spoj<\/li>\n<li>visoka \u010dvrsto\u0107a prianjanja<\/li>\n<li>otpornost na vlagu<\/li>\n<\/ul>\n<p>&nbsp;<\/p>\n","protected":false},"excerpt":{"rendered":"<p>Namjena za lijepljenje gume, ko\u017ee, pluta, drveta, plastike &nbsp; Prednosti jednostavna i vi\u0161enamjenska upotreba elasti\u010dni spoj visoka \u010dvrsto\u0107a prianjanja otpornost na vlagu &nbsp;<\/p>\n","protected":false},"featured_media":10245,"comment_status":"open","ping_status":"closed","template":"","meta":{"_acf_changed":false,"_themeisle_gutenberg_block_has_review":false},"product_brand":[],"product_cat":[317],"product_tag":[],"class_list":{"0":"post-20078","1":"product","2":"type-product","3":"status-publish","4":"has-post-thumbnail","6":"product_cat-chemicals-and-liquids-en","8":"first","9":"instock","10":"shipping-taxable","11":"purchasable","12":"product-type-simple"},"acf":[],"yoast_head":"<!-- This site is optimized with the Yoast SEO plugin v27.4 - https:\/\/yoast.com\/product\/yoast-seo-wordpress\/ -->\n<title>Ljepilo univerzalno TKK FIX-41 750ml | Petroni - rent | sale | service | conversions<\/title>\n<meta name=\"robots\" content=\"index, follow, max-snippet:-1, max-image-preview:large, max-video-preview:-1\" \/>\n<link rel=\"canonical\" href=\"https:\/\/www.petroni.hr\/en\/proizvod\/ljepilo-univerzalno-tkk-fix-41-750ml\/\" \/>\n<meta property=\"og:locale\" content=\"en_US\" \/>\n<meta property=\"og:type\" content=\"article\" \/>\n<meta property=\"og:title\" content=\"Ljepilo univerzalno TKK FIX-41 750ml | Petroni - rent | sale | service | conversions\" \/>\n<meta property=\"og:description\" content=\"Namjena za lijepljenje gume, ko\u017ee, pluta, drveta, plastike &nbsp; Prednosti jednostavna i vi\u0161enamjenska upotreba elasti\u010dni spoj visoka \u010dvrsto\u0107a prianjanja otpornost na vlagu &nbsp;\" \/>\n<meta property=\"og:url\" content=\"https:\/\/www.petroni.hr\/en\/proizvod\/ljepilo-univerzalno-tkk-fix-41-750ml\/\" \/>\n<meta property=\"og:site_name\" content=\"Petroni - rent | sale | service | conversions\" \/>\n<meta property=\"article:publisher\" content=\"https:\/\/www.facebook.com\/Kamperi.Petroni.Sesvete\/?locale=hr_HR\" \/>\n<meta property=\"article:modified_time\" content=\"2024-12-10T06:30:32+00:00\" \/>\n<meta property=\"og:image\" content=\"https:\/\/www.petroni.hr\/wp-content\/uploads\/2021\/03\/41-FIX_kontaktno-lepilo_750ml.png\" \/>\n\t<meta property=\"og:image:width\" content=\"448\" \/>\n\t<meta property=\"og:image:height\" content=\"294\" \/>\n\t<meta property=\"og:image:type\" content=\"image\/png\" \/>\n<meta name=\"twitter:card\" content=\"summary_large_image\" \/>\n<script type=\"application\/ld+json\" class=\"yoast-schema-graph\">{\"@context\":\"https:\\\/\\\/schema.org\",\"@graph\":[{\"@type\":\"WebPage\",\"@id\":\"https:\\\/\\\/www.petroni.hr\\\/en\\\/proizvod\\\/ljepilo-univerzalno-tkk-fix-41-750ml\\\/\",\"url\":\"https:\\\/\\\/www.petroni.hr\\\/en\\\/proizvod\\\/ljepilo-univerzalno-tkk-fix-41-750ml\\\/\",\"name\":\"Ljepilo univerzalno TKK FIX-41 750ml | Petroni - rent | sale | service | conversions\",\"isPartOf\":{\"@id\":\"https:\\\/\\\/www.petroni.hr\\\/en\\\/#website\"},\"primaryImageOfPage\":{\"@id\":\"https:\\\/\\\/www.petroni.hr\\\/en\\\/proizvod\\\/ljepilo-univerzalno-tkk-fix-41-750ml\\\/#primaryimage\"},\"image\":{\"@id\":\"https:\\\/\\\/www.petroni.hr\\\/en\\\/proizvod\\\/ljepilo-univerzalno-tkk-fix-41-750ml\\\/#primaryimage\"},\"thumbnailUrl\":\"https:\\\/\\\/www.petroni.hr\\\/wp-content\\\/uploads\\\/2021\\\/03\\\/41-FIX_kontaktno-lepilo_750ml.png\",\"datePublished\":\"2021-03-10T06:48:38+00:00\",\"dateModified\":\"2024-12-10T06:30:32+00:00\",\"breadcrumb\":{\"@id\":\"https:\\\/\\\/www.petroni.hr\\\/en\\\/proizvod\\\/ljepilo-univerzalno-tkk-fix-41-750ml\\\/#breadcrumb\"},\"inLanguage\":\"en-US\",\"potentialAction\":[{\"@type\":\"ReadAction\",\"target\":[\"https:\\\/\\\/www.petroni.hr\\\/en\\\/proizvod\\\/ljepilo-univerzalno-tkk-fix-41-750ml\\\/\"]}]},{\"@type\":\"ImageObject\",\"inLanguage\":\"en-US\",\"@id\":\"https:\\\/\\\/www.petroni.hr\\\/en\\\/proizvod\\\/ljepilo-univerzalno-tkk-fix-41-750ml\\\/#primaryimage\",\"url\":\"https:\\\/\\\/www.petroni.hr\\\/wp-content\\\/uploads\\\/2021\\\/03\\\/41-FIX_kontaktno-lepilo_750ml.png\",\"contentUrl\":\"https:\\\/\\\/www.petroni.hr\\\/wp-content\\\/uploads\\\/2021\\\/03\\\/41-FIX_kontaktno-lepilo_750ml.png\",\"width\":448,\"height\":294},{\"@type\":\"BreadcrumbList\",\"@id\":\"https:\\\/\\\/www.petroni.hr\\\/en\\\/proizvod\\\/ljepilo-univerzalno-tkk-fix-41-750ml\\\/#breadcrumb\",\"itemListElement\":[{\"@type\":\"ListItem\",\"position\":1,\"name\":\"Po\u010detna stranica\",\"item\":\"https:\\\/\\\/www.petroni.hr\\\/en\\\/\"},{\"@type\":\"ListItem\",\"position\":2,\"name\":\"Shop\",\"item\":\"https:\\\/\\\/www.petroni.hr\\\/en\\\/shop\\\/\"},{\"@type\":\"ListItem\",\"position\":3,\"name\":\"Ljepilo univerzalno TKK FIX-41 750ml\"}]},{\"@type\":\"WebSite\",\"@id\":\"https:\\\/\\\/www.petroni.hr\\\/en\\\/#website\",\"url\":\"https:\\\/\\\/www.petroni.hr\\\/en\\\/\",\"name\":\"Petroni.hr\",\"description\":\"Experience the unprecedented freedom of travel\",\"publisher\":{\"@id\":\"https:\\\/\\\/www.petroni.hr\\\/en\\\/#organization\"},\"alternateName\":\"Petroni\",\"potentialAction\":[{\"@type\":\"SearchAction\",\"target\":{\"@type\":\"EntryPoint\",\"urlTemplate\":\"https:\\\/\\\/www.petroni.hr\\\/en\\\/?s={search_term_string}\"},\"query-input\":{\"@type\":\"PropertyValueSpecification\",\"valueRequired\":true,\"valueName\":\"search_term_string\"}}],\"inLanguage\":\"en-US\"},{\"@type\":\"Organization\",\"@id\":\"https:\\\/\\\/www.petroni.hr\\\/en\\\/#organization\",\"name\":\"Petroni d.o.o.\",\"alternateName\":\"Petroni\",\"url\":\"https:\\\/\\\/www.petroni.hr\\\/en\\\/\",\"logo\":{\"@type\":\"ImageObject\",\"inLanguage\":\"en-US\",\"@id\":\"https:\\\/\\\/www.petroni.hr\\\/en\\\/#\\\/schema\\\/logo\\\/image\\\/\",\"url\":\"https:\\\/\\\/www.petroni.hr\\\/wp-content\\\/uploads\\\/2024\\\/03\\\/cropped-Group-3.jpg\",\"contentUrl\":\"https:\\\/\\\/www.petroni.hr\\\/wp-content\\\/uploads\\\/2024\\\/03\\\/cropped-Group-3.jpg\",\"width\":512,\"height\":512,\"caption\":\"Petroni d.o.o.\"},\"image\":{\"@id\":\"https:\\\/\\\/www.petroni.hr\\\/en\\\/#\\\/schema\\\/logo\\\/image\\\/\"},\"sameAs\":[\"https:\\\/\\\/www.facebook.com\\\/Kamperi.Petroni.Sesvete\\\/?locale=hr_HR\"]}]}<\/script>\n<!-- \/ Yoast SEO plugin. -->","yoast_head_json":{"title":"Ljepilo univerzalno TKK FIX-41 750ml | Petroni - rent | sale | service | conversions","robots":{"index":"index","follow":"follow","max-snippet":"max-snippet:-1","max-image-preview":"max-image-preview:large","max-video-preview":"max-video-preview:-1"},"canonical":"https:\/\/www.petroni.hr\/en\/proizvod\/ljepilo-univerzalno-tkk-fix-41-750ml\/","og_locale":"en_US","og_type":"article","og_title":"Ljepilo univerzalno TKK FIX-41 750ml | Petroni - rent | sale | service | conversions","og_description":"Namjena za lijepljenje gume, ko\u017ee, pluta, drveta, plastike &nbsp; Prednosti jednostavna i vi\u0161enamjenska upotreba elasti\u010dni spoj visoka \u010dvrsto\u0107a prianjanja otpornost na vlagu &nbsp;","og_url":"https:\/\/www.petroni.hr\/en\/proizvod\/ljepilo-univerzalno-tkk-fix-41-750ml\/","og_site_name":"Petroni - rent | sale | service | conversions","article_publisher":"https:\/\/www.facebook.com\/Kamperi.Petroni.Sesvete\/?locale=hr_HR","article_modified_time":"2024-12-10T06:30:32+00:00","og_image":[{"width":448,"height":294,"url":"https:\/\/www.petroni.hr\/wp-content\/uploads\/2021\/03\/41-FIX_kontaktno-lepilo_750ml.png","type":"image\/png"}],"twitter_card":"summary_large_image","schema":{"@context":"https:\/\/schema.org","@graph":[{"@type":"WebPage","@id":"https:\/\/www.petroni.hr\/en\/proizvod\/ljepilo-univerzalno-tkk-fix-41-750ml\/","url":"https:\/\/www.petroni.hr\/en\/proizvod\/ljepilo-univerzalno-tkk-fix-41-750ml\/","name":"Ljepilo univerzalno TKK FIX-41 750ml | Petroni - rent | sale | service | conversions","isPartOf":{"@id":"https:\/\/www.petroni.hr\/en\/#website"},"primaryImageOfPage":{"@id":"https:\/\/www.petroni.hr\/en\/proizvod\/ljepilo-univerzalno-tkk-fix-41-750ml\/#primaryimage"},"image":{"@id":"https:\/\/www.petroni.hr\/en\/proizvod\/ljepilo-univerzalno-tkk-fix-41-750ml\/#primaryimage"},"thumbnailUrl":"https:\/\/www.petroni.hr\/wp-content\/uploads\/2021\/03\/41-FIX_kontaktno-lepilo_750ml.png","datePublished":"2021-03-10T06:48:38+00:00","dateModified":"2024-12-10T06:30:32+00:00","breadcrumb":{"@id":"https:\/\/www.petroni.hr\/en\/proizvod\/ljepilo-univerzalno-tkk-fix-41-750ml\/#breadcrumb"},"inLanguage":"en-US","potentialAction":[{"@type":"ReadAction","target":["https:\/\/www.petroni.hr\/en\/proizvod\/ljepilo-univerzalno-tkk-fix-41-750ml\/"]}]},{"@type":"ImageObject","inLanguage":"en-US","@id":"https:\/\/www.petroni.hr\/en\/proizvod\/ljepilo-univerzalno-tkk-fix-41-750ml\/#primaryimage","url":"https:\/\/www.petroni.hr\/wp-content\/uploads\/2021\/03\/41-FIX_kontaktno-lepilo_750ml.png","contentUrl":"https:\/\/www.petroni.hr\/wp-content\/uploads\/2021\/03\/41-FIX_kontaktno-lepilo_750ml.png","width":448,"height":294},{"@type":"BreadcrumbList","@id":"https:\/\/www.petroni.hr\/en\/proizvod\/ljepilo-univerzalno-tkk-fix-41-750ml\/#breadcrumb","itemListElement":[{"@type":"ListItem","position":1,"name":"Po\u010detna stranica","item":"https:\/\/www.petroni.hr\/en\/"},{"@type":"ListItem","position":2,"name":"Shop","item":"https:\/\/www.petroni.hr\/en\/shop\/"},{"@type":"ListItem","position":3,"name":"Ljepilo univerzalno TKK FIX-41 750ml"}]},{"@type":"WebSite","@id":"https:\/\/www.petroni.hr\/en\/#website","url":"https:\/\/www.petroni.hr\/en\/","name":"Petroni.hr","description":"Experience the unprecedented freedom of travel","publisher":{"@id":"https:\/\/www.petroni.hr\/en\/#organization"},"alternateName":"Petroni","potentialAction":[{"@type":"SearchAction","target":{"@type":"EntryPoint","urlTemplate":"https:\/\/www.petroni.hr\/en\/?s={search_term_string}"},"query-input":{"@type":"PropertyValueSpecification","valueRequired":true,"valueName":"search_term_string"}}],"inLanguage":"en-US"},{"@type":"Organization","@id":"https:\/\/www.petroni.hr\/en\/#organization","name":"Petroni d.o.o.","alternateName":"Petroni","url":"https:\/\/www.petroni.hr\/en\/","logo":{"@type":"ImageObject","inLanguage":"en-US","@id":"https:\/\/www.petroni.hr\/en\/#\/schema\/logo\/image\/","url":"https:\/\/www.petroni.hr\/wp-content\/uploads\/2024\/03\/cropped-Group-3.jpg","contentUrl":"https:\/\/www.petroni.hr\/wp-content\/uploads\/2024\/03\/cropped-Group-3.jpg","width":512,"height":512,"caption":"Petroni d.o.o."},"image":{"@id":"https:\/\/www.petroni.hr\/en\/#\/schema\/logo\/image\/"},"sameAs":["https:\/\/www.facebook.com\/Kamperi.Petroni.Sesvete\/?locale=hr_HR"]}]}},"_links":{"self":[{"href":"https:\/\/www.petroni.hr\/en\/wp-json\/wp\/v2\/product\/20078","targetHints":{"allow":["GET"]}}],"collection":[{"href":"https:\/\/www.petroni.hr\/en\/wp-json\/wp\/v2\/product"}],"about":[{"href":"https:\/\/www.petroni.hr\/en\/wp-json\/wp\/v2\/types\/product"}],"replies":[{"embeddable":true,"href":"https:\/\/www.petroni.hr\/en\/wp-json\/wp\/v2\/comments?post=20078"}],"wp:featuredmedia":[{"embeddable":true,"href":"https:\/\/www.petroni.hr\/en\/wp-json\/wp\/v2\/media\/10245"}],"wp:attachment":[{"href":"https:\/\/www.petroni.hr\/en\/wp-json\/wp\/v2\/media?parent=20078"}],"wp:term":[{"taxonomy":"product_brand","embeddable":true,"href":"https:\/\/www.petroni.hr\/en\/wp-json\/wp\/v2\/product_brand?post=20078"},{"taxonomy":"product_cat","embeddable":true,"href":"https:\/\/www.petroni.hr\/en\/wp-json\/wp\/v2\/product_cat?post=20078"},{"taxonomy":"product_tag","embeddable":true,"href":"https:\/\/www.petroni.hr\/en\/wp-json\/wp\/v2\/product_tag?post=20078"}],"curies":[{"name":"wp","href":"https:\/\/api.w.org\/{rel}","templated":true}]}}