{"id":20066,"date":"2021-03-21T12:36:51","date_gmt":"2021-03-21T11:36:51","guid":{"rendered":"https:\/\/www.petroni.hr\/proizvod\/prozor-za-bocna-lijeva-klizna-vrata-vw-transporter-t5-t6-2004\/"},"modified":"2025-07-04T05:45:06","modified_gmt":"2025-07-04T04:45:06","slug":"prozor-za-bocna-lijeva-klizna-vrata-vw-transporter-t5-t6-2004","status":"publish","type":"product","link":"https:\/\/www.petroni.hr\/en\/proizvod\/prozor-za-bocna-lijeva-klizna-vrata-vw-transporter-t5-t6-2004\/","title":{"rendered":"Prozor bo\u010dni desni za klizna vrata VW Transporter T5\/T6 2004>"},"content":{"rendered":"<p>Klizni prozor za VW T5 \/ T6 pravo staklo od 2004. godine na dalje<br \/>\nZatamnjeni prozor od sigurnosnog stakla za VW T5 &amp; T6,\u00a0 kra\u0107i i du\u017ei me\u0111uosovinski razmak<\/p>\n<p>Prozor od zatamnjenog sigurnosnog stakla<\/p>\n<p>Dimenzija 1135x585mm<\/p>\n<p>pravo staklo<br \/>\nBrzo otvorite i zatvorite &#8211; klizno otvaranje<br \/>\nOsigurava dobru ventilaciju u vozilu<br \/>\nPove\u0107ava \u017eivotnu atmosferu<br \/>\nMe\u0111unarodna homologacija<br \/>\nUklju\u010duju\u0107i upute za sastavljanje<\/p>\n<p>&nbsp;<\/p>\n<p>U ponudi su i ostala stakla &#8211;<\/p>\n<p>za desna klizna vrata bez mogu\u0107nosti otvaranja prozora 1135x585mm<\/p>\n<p>za lijevi bok iza voza\u010da klizno otvaranje prozora 1135x558mm<\/p>\n<p>zadnji desni bok &#8211; kratki 922x572mm<\/p>\n<p>zadnji lijevi bok &#8211; kratki 922x572mm<\/p>\n<p>zadnji desni bok &#8211; dugi 1257x570mm<\/p>\n<p>zadnji lijevi bok &#8211; dugi 1257x570mm<\/p>\n<p>zadnja krilna vrata desna strana 729x579mm<\/p>\n<p>zadnja krilna vrata\u00a0 lijeva strana 729x579mm<\/p>\n","protected":false},"excerpt":{"rendered":"<p>Klizni prozor za VW T5 \/ T6 pravo staklo od 2004. godine na dalje Zatamnjeni prozor od sigurnosnog stakla za VW T5 &amp; T6,\u00a0 kra\u0107i i du\u017ei me\u0111uosovinski razmak Prozor od zatamnjenog sigurnosnog stakla Dimenzija 1135x585mm pravo staklo Brzo otvorite i zatvorite &#8211; klizno otvaranje Osigurava dobru ventilaciju u vozilu Pove\u0107ava \u017eivotnu atmosferu Me\u0111unarodna homologacija [&hellip;]<\/p>\n","protected":false},"featured_media":10396,"comment_status":"open","ping_status":"closed","template":"","meta":{"_acf_changed":false,"_themeisle_gutenberg_block_has_review":false},"product_brand":[],"product_cat":[287,288],"product_tag":[],"class_list":{"0":"post-20066","1":"product","2":"type-product","3":"status-publish","4":"has-post-thumbnail","6":"product_cat-side-window-en","7":"product_cat-windows-en","9":"first","10":"outofstock","11":"shipping-taxable","12":"purchasable","13":"product-type-simple"},"acf":[],"yoast_head":"<!-- This site is optimized with the Yoast SEO plugin v27.4 - https:\/\/yoast.com\/product\/yoast-seo-wordpress\/ -->\n<title>Prozor bo\u010dni desni za klizna vrata VW Transporter T5\/T6 2004&gt; | Petroni - rent | sale | service | conversions<\/title>\n<meta name=\"robots\" content=\"index, follow, max-snippet:-1, max-image-preview:large, max-video-preview:-1\" \/>\n<link rel=\"canonical\" href=\"https:\/\/www.petroni.hr\/en\/proizvod\/prozor-za-bocna-lijeva-klizna-vrata-vw-transporter-t5-t6-2004\/\" \/>\n<meta property=\"og:locale\" content=\"en_US\" \/>\n<meta property=\"og:type\" content=\"article\" \/>\n<meta property=\"og:title\" content=\"Prozor bo\u010dni desni za klizna vrata VW Transporter T5\/T6 2004&gt; | Petroni - rent | sale | service | conversions\" \/>\n<meta property=\"og:description\" content=\"Klizni prozor za VW T5 \/ T6 pravo staklo od 2004. godine na dalje Zatamnjeni prozor od sigurnosnog stakla za VW T5 &amp; T6,\u00a0 kra\u0107i i du\u017ei me\u0111uosovinski razmak Prozor od zatamnjenog sigurnosnog stakla Dimenzija 1135x585mm pravo staklo Brzo otvorite i zatvorite &#8211; klizno otvaranje Osigurava dobru ventilaciju u vozilu Pove\u0107ava \u017eivotnu atmosferu Me\u0111unarodna homologacija [&hellip;]\" \/>\n<meta property=\"og:url\" content=\"https:\/\/www.petroni.hr\/en\/proizvod\/prozor-za-bocna-lijeva-klizna-vrata-vw-transporter-t5-t6-2004\/\" \/>\n<meta property=\"og:site_name\" content=\"Petroni - rent | sale | service | conversions\" \/>\n<meta property=\"article:publisher\" content=\"https:\/\/www.facebook.com\/Kamperi.Petroni.Sesvete\/?locale=hr_HR\" \/>\n<meta property=\"article:modified_time\" content=\"2025-07-04T04:45:06+00:00\" \/>\n<meta property=\"og:image\" content=\"https:\/\/www.petroni.hr\/wp-content\/uploads\/2021\/03\/Bocno-desno-staklo-transporter.jpg\" \/>\n\t<meta property=\"og:image:width\" content=\"654\" \/>\n\t<meta property=\"og:image:height\" content=\"318\" \/>\n\t<meta property=\"og:image:type\" content=\"image\/jpeg\" \/>\n<meta name=\"twitter:card\" content=\"summary_large_image\" \/>\n<meta name=\"twitter:label1\" content=\"Est. reading time\" \/>\n\t<meta name=\"twitter:data1\" content=\"1 minute\" \/>\n<script type=\"application\/ld+json\" class=\"yoast-schema-graph\">{\"@context\":\"https:\\\/\\\/schema.org\",\"@graph\":[{\"@type\":\"WebPage\",\"@id\":\"https:\\\/\\\/www.petroni.hr\\\/en\\\/proizvod\\\/prozor-za-bocna-lijeva-klizna-vrata-vw-transporter-t5-t6-2004\\\/\",\"url\":\"https:\\\/\\\/www.petroni.hr\\\/en\\\/proizvod\\\/prozor-za-bocna-lijeva-klizna-vrata-vw-transporter-t5-t6-2004\\\/\",\"name\":\"Prozor bo\u010dni desni za klizna vrata VW Transporter T5\\\/T6 2004> | Petroni - rent | sale | service | conversions\",\"isPartOf\":{\"@id\":\"https:\\\/\\\/www.petroni.hr\\\/en\\\/#website\"},\"primaryImageOfPage\":{\"@id\":\"https:\\\/\\\/www.petroni.hr\\\/en\\\/proizvod\\\/prozor-za-bocna-lijeva-klizna-vrata-vw-transporter-t5-t6-2004\\\/#primaryimage\"},\"image\":{\"@id\":\"https:\\\/\\\/www.petroni.hr\\\/en\\\/proizvod\\\/prozor-za-bocna-lijeva-klizna-vrata-vw-transporter-t5-t6-2004\\\/#primaryimage\"},\"thumbnailUrl\":\"https:\\\/\\\/www.petroni.hr\\\/wp-content\\\/uploads\\\/2021\\\/03\\\/Bocno-desno-staklo-transporter.jpg\",\"datePublished\":\"2021-03-21T11:36:51+00:00\",\"dateModified\":\"2025-07-04T04:45:06+00:00\",\"breadcrumb\":{\"@id\":\"https:\\\/\\\/www.petroni.hr\\\/en\\\/proizvod\\\/prozor-za-bocna-lijeva-klizna-vrata-vw-transporter-t5-t6-2004\\\/#breadcrumb\"},\"inLanguage\":\"en-US\",\"potentialAction\":[{\"@type\":\"ReadAction\",\"target\":[\"https:\\\/\\\/www.petroni.hr\\\/en\\\/proizvod\\\/prozor-za-bocna-lijeva-klizna-vrata-vw-transporter-t5-t6-2004\\\/\"]}]},{\"@type\":\"ImageObject\",\"inLanguage\":\"en-US\",\"@id\":\"https:\\\/\\\/www.petroni.hr\\\/en\\\/proizvod\\\/prozor-za-bocna-lijeva-klizna-vrata-vw-transporter-t5-t6-2004\\\/#primaryimage\",\"url\":\"https:\\\/\\\/www.petroni.hr\\\/wp-content\\\/uploads\\\/2021\\\/03\\\/Bocno-desno-staklo-transporter.jpg\",\"contentUrl\":\"https:\\\/\\\/www.petroni.hr\\\/wp-content\\\/uploads\\\/2021\\\/03\\\/Bocno-desno-staklo-transporter.jpg\",\"width\":654,\"height\":318},{\"@type\":\"BreadcrumbList\",\"@id\":\"https:\\\/\\\/www.petroni.hr\\\/en\\\/proizvod\\\/prozor-za-bocna-lijeva-klizna-vrata-vw-transporter-t5-t6-2004\\\/#breadcrumb\",\"itemListElement\":[{\"@type\":\"ListItem\",\"position\":1,\"name\":\"Po\u010detna stranica\",\"item\":\"https:\\\/\\\/www.petroni.hr\\\/en\\\/\"},{\"@type\":\"ListItem\",\"position\":2,\"name\":\"Shop\",\"item\":\"https:\\\/\\\/www.petroni.hr\\\/en\\\/shop\\\/\"},{\"@type\":\"ListItem\",\"position\":3,\"name\":\"Prozor bo\u010dni desni za klizna vrata VW Transporter T5\\\/T6 2004>\"}]},{\"@type\":\"WebSite\",\"@id\":\"https:\\\/\\\/www.petroni.hr\\\/en\\\/#website\",\"url\":\"https:\\\/\\\/www.petroni.hr\\\/en\\\/\",\"name\":\"Petroni.hr\",\"description\":\"Experience the unprecedented freedom of travel\",\"publisher\":{\"@id\":\"https:\\\/\\\/www.petroni.hr\\\/en\\\/#organization\"},\"alternateName\":\"Petroni\",\"potentialAction\":[{\"@type\":\"SearchAction\",\"target\":{\"@type\":\"EntryPoint\",\"urlTemplate\":\"https:\\\/\\\/www.petroni.hr\\\/en\\\/?s={search_term_string}\"},\"query-input\":{\"@type\":\"PropertyValueSpecification\",\"valueRequired\":true,\"valueName\":\"search_term_string\"}}],\"inLanguage\":\"en-US\"},{\"@type\":\"Organization\",\"@id\":\"https:\\\/\\\/www.petroni.hr\\\/en\\\/#organization\",\"name\":\"Petroni d.o.o.\",\"alternateName\":\"Petroni\",\"url\":\"https:\\\/\\\/www.petroni.hr\\\/en\\\/\",\"logo\":{\"@type\":\"ImageObject\",\"inLanguage\":\"en-US\",\"@id\":\"https:\\\/\\\/www.petroni.hr\\\/en\\\/#\\\/schema\\\/logo\\\/image\\\/\",\"url\":\"https:\\\/\\\/www.petroni.hr\\\/wp-content\\\/uploads\\\/2024\\\/03\\\/cropped-Group-3.jpg\",\"contentUrl\":\"https:\\\/\\\/www.petroni.hr\\\/wp-content\\\/uploads\\\/2024\\\/03\\\/cropped-Group-3.jpg\",\"width\":512,\"height\":512,\"caption\":\"Petroni d.o.o.\"},\"image\":{\"@id\":\"https:\\\/\\\/www.petroni.hr\\\/en\\\/#\\\/schema\\\/logo\\\/image\\\/\"},\"sameAs\":[\"https:\\\/\\\/www.facebook.com\\\/Kamperi.Petroni.Sesvete\\\/?locale=hr_HR\"]}]}<\/script>\n<!-- \/ Yoast SEO plugin. -->","yoast_head_json":{"title":"Prozor bo\u010dni desni za klizna vrata VW Transporter T5\/T6 2004> | Petroni - rent | sale | service | conversions","robots":{"index":"index","follow":"follow","max-snippet":"max-snippet:-1","max-image-preview":"max-image-preview:large","max-video-preview":"max-video-preview:-1"},"canonical":"https:\/\/www.petroni.hr\/en\/proizvod\/prozor-za-bocna-lijeva-klizna-vrata-vw-transporter-t5-t6-2004\/","og_locale":"en_US","og_type":"article","og_title":"Prozor bo\u010dni desni za klizna vrata VW Transporter T5\/T6 2004> | Petroni - rent | sale | service | conversions","og_description":"Klizni prozor za VW T5 \/ T6 pravo staklo od 2004. godine na dalje Zatamnjeni prozor od sigurnosnog stakla za VW T5 &amp; T6,\u00a0 kra\u0107i i du\u017ei me\u0111uosovinski razmak Prozor od zatamnjenog sigurnosnog stakla Dimenzija 1135x585mm pravo staklo Brzo otvorite i zatvorite &#8211; klizno otvaranje Osigurava dobru ventilaciju u vozilu Pove\u0107ava \u017eivotnu atmosferu Me\u0111unarodna homologacija [&hellip;]","og_url":"https:\/\/www.petroni.hr\/en\/proizvod\/prozor-za-bocna-lijeva-klizna-vrata-vw-transporter-t5-t6-2004\/","og_site_name":"Petroni - rent | sale | service | conversions","article_publisher":"https:\/\/www.facebook.com\/Kamperi.Petroni.Sesvete\/?locale=hr_HR","article_modified_time":"2025-07-04T04:45:06+00:00","og_image":[{"width":654,"height":318,"url":"https:\/\/www.petroni.hr\/wp-content\/uploads\/2021\/03\/Bocno-desno-staklo-transporter.jpg","type":"image\/jpeg"}],"twitter_card":"summary_large_image","twitter_misc":{"Est. reading time":"1 minute"},"schema":{"@context":"https:\/\/schema.org","@graph":[{"@type":"WebPage","@id":"https:\/\/www.petroni.hr\/en\/proizvod\/prozor-za-bocna-lijeva-klizna-vrata-vw-transporter-t5-t6-2004\/","url":"https:\/\/www.petroni.hr\/en\/proizvod\/prozor-za-bocna-lijeva-klizna-vrata-vw-transporter-t5-t6-2004\/","name":"Prozor bo\u010dni desni za klizna vrata VW Transporter T5\/T6 2004> | Petroni - rent | sale | service | conversions","isPartOf":{"@id":"https:\/\/www.petroni.hr\/en\/#website"},"primaryImageOfPage":{"@id":"https:\/\/www.petroni.hr\/en\/proizvod\/prozor-za-bocna-lijeva-klizna-vrata-vw-transporter-t5-t6-2004\/#primaryimage"},"image":{"@id":"https:\/\/www.petroni.hr\/en\/proizvod\/prozor-za-bocna-lijeva-klizna-vrata-vw-transporter-t5-t6-2004\/#primaryimage"},"thumbnailUrl":"https:\/\/www.petroni.hr\/wp-content\/uploads\/2021\/03\/Bocno-desno-staklo-transporter.jpg","datePublished":"2021-03-21T11:36:51+00:00","dateModified":"2025-07-04T04:45:06+00:00","breadcrumb":{"@id":"https:\/\/www.petroni.hr\/en\/proizvod\/prozor-za-bocna-lijeva-klizna-vrata-vw-transporter-t5-t6-2004\/#breadcrumb"},"inLanguage":"en-US","potentialAction":[{"@type":"ReadAction","target":["https:\/\/www.petroni.hr\/en\/proizvod\/prozor-za-bocna-lijeva-klizna-vrata-vw-transporter-t5-t6-2004\/"]}]},{"@type":"ImageObject","inLanguage":"en-US","@id":"https:\/\/www.petroni.hr\/en\/proizvod\/prozor-za-bocna-lijeva-klizna-vrata-vw-transporter-t5-t6-2004\/#primaryimage","url":"https:\/\/www.petroni.hr\/wp-content\/uploads\/2021\/03\/Bocno-desno-staklo-transporter.jpg","contentUrl":"https:\/\/www.petroni.hr\/wp-content\/uploads\/2021\/03\/Bocno-desno-staklo-transporter.jpg","width":654,"height":318},{"@type":"BreadcrumbList","@id":"https:\/\/www.petroni.hr\/en\/proizvod\/prozor-za-bocna-lijeva-klizna-vrata-vw-transporter-t5-t6-2004\/#breadcrumb","itemListElement":[{"@type":"ListItem","position":1,"name":"Po\u010detna stranica","item":"https:\/\/www.petroni.hr\/en\/"},{"@type":"ListItem","position":2,"name":"Shop","item":"https:\/\/www.petroni.hr\/en\/shop\/"},{"@type":"ListItem","position":3,"name":"Prozor bo\u010dni desni za klizna vrata VW Transporter T5\/T6 2004>"}]},{"@type":"WebSite","@id":"https:\/\/www.petroni.hr\/en\/#website","url":"https:\/\/www.petroni.hr\/en\/","name":"Petroni.hr","description":"Experience the unprecedented freedom of travel","publisher":{"@id":"https:\/\/www.petroni.hr\/en\/#organization"},"alternateName":"Petroni","potentialAction":[{"@type":"SearchAction","target":{"@type":"EntryPoint","urlTemplate":"https:\/\/www.petroni.hr\/en\/?s={search_term_string}"},"query-input":{"@type":"PropertyValueSpecification","valueRequired":true,"valueName":"search_term_string"}}],"inLanguage":"en-US"},{"@type":"Organization","@id":"https:\/\/www.petroni.hr\/en\/#organization","name":"Petroni d.o.o.","alternateName":"Petroni","url":"https:\/\/www.petroni.hr\/en\/","logo":{"@type":"ImageObject","inLanguage":"en-US","@id":"https:\/\/www.petroni.hr\/en\/#\/schema\/logo\/image\/","url":"https:\/\/www.petroni.hr\/wp-content\/uploads\/2024\/03\/cropped-Group-3.jpg","contentUrl":"https:\/\/www.petroni.hr\/wp-content\/uploads\/2024\/03\/cropped-Group-3.jpg","width":512,"height":512,"caption":"Petroni d.o.o."},"image":{"@id":"https:\/\/www.petroni.hr\/en\/#\/schema\/logo\/image\/"},"sameAs":["https:\/\/www.facebook.com\/Kamperi.Petroni.Sesvete\/?locale=hr_HR"]}]}},"_links":{"self":[{"href":"https:\/\/www.petroni.hr\/en\/wp-json\/wp\/v2\/product\/20066","targetHints":{"allow":["GET"]}}],"collection":[{"href":"https:\/\/www.petroni.hr\/en\/wp-json\/wp\/v2\/product"}],"about":[{"href":"https:\/\/www.petroni.hr\/en\/wp-json\/wp\/v2\/types\/product"}],"replies":[{"embeddable":true,"href":"https:\/\/www.petroni.hr\/en\/wp-json\/wp\/v2\/comments?post=20066"}],"wp:featuredmedia":[{"embeddable":true,"href":"https:\/\/www.petroni.hr\/en\/wp-json\/wp\/v2\/media\/10396"}],"wp:attachment":[{"href":"https:\/\/www.petroni.hr\/en\/wp-json\/wp\/v2\/media?parent=20066"}],"wp:term":[{"taxonomy":"product_brand","embeddable":true,"href":"https:\/\/www.petroni.hr\/en\/wp-json\/wp\/v2\/product_brand?post=20066"},{"taxonomy":"product_cat","embeddable":true,"href":"https:\/\/www.petroni.hr\/en\/wp-json\/wp\/v2\/product_cat?post=20066"},{"taxonomy":"product_tag","embeddable":true,"href":"https:\/\/www.petroni.hr\/en\/wp-json\/wp\/v2\/product_tag?post=20066"}],"curies":[{"name":"wp","href":"https:\/\/api.w.org\/{rel}","templated":true}]}}