{"id":20061,"date":"2021-03-28T08:13:21","date_gmt":"2021-03-28T07:13:21","guid":{"rendered":"https:\/\/www.petroni.hr\/proizvod\/tenda-thule-4900-4m-sapphire-blue\/"},"modified":"2026-03-10T11:48:13","modified_gmt":"2026-03-10T10:48:13","slug":"tenda-thule-4900-4m-sapphire-blue","status":"publish","type":"product","link":"https:\/\/www.petroni.hr\/en\/proizvod\/tenda-thule-4900-4m-sapphire-blue\/","title":{"rendered":"Tenda THULE 4200 4m Mystic siva"},"content":{"rendered":"<p>ZIDNA &#8211; BO\u010cNA TENDA THULE OMNISTOR 4200<\/p>\n<p>Najlak\u0161a zidna tenda na tr\u017ei\u0161tu.<\/p>\n<p>TEHNI\u010cKE SPECIFIKACIJE:<\/p>\n<p>Polo\u017eaj za ugradnju: bo\u010dni zid<br \/>\nPogonski sustav: ru\u010dni<br \/>\nDuljina tende: 4,00 metra<br \/>\nPro\u0161irenje: 2,50 metara<br \/>\nBoja tijela: bijela<br \/>\nBoja tkanine: mystic siva<br \/>\nTe\u017eina: 25,60 kg<\/p>\n<p>ZNA\u010cAJKE<\/p>\n<p>Thuleovi in\u017eenjeri dizajnirali su tendu s malom valjkastom cijevi koja zna\u010dajno smanjuje te\u017einu, pobolj\u0161avaju\u0107i stabilnost i napetost tkanine<br \/>\nNose\u0107e noge imaju novi ovalni dizajn, kao i novu funkciju: kada se vertikalno spuste, smanjuju rizik od o\u0161te\u0107enja vozila<br \/>\nTkanina se sastoji od jednoslojnog sloja, a zavareni \u0161avovi osiguravaju trajnost i vodonepropusnost tende<br \/>\nNovi i ekskluzivni sustav pode\u0161avanja kasete Thule osigurava savr\u0161eno zatvaranje tende \u010dak i nakon vi\u0161egodi\u0161njeg kori\u0161tenja<\/p>\n","protected":false},"excerpt":{"rendered":"<p>ZIDNA &#8211; BO\u010cNA TENDA THULE OMNISTOR 4200 Najlak\u0161a zidna tenda na tr\u017ei\u0161tu. TEHNI\u010cKE SPECIFIKACIJE: Polo\u017eaj za ugradnju: bo\u010dni zid Pogonski sustav: ru\u010dni Duljina tende: 4,00 metra Pro\u0161irenje: 2,50 metara Boja tijela: bijela Boja tkanine: mystic siva Te\u017eina: 25,60 kg ZNA\u010cAJKE Thuleovi in\u017eenjeri dizajnirali su tendu s malom valjkastom cijevi koja zna\u010dajno smanjuje te\u017einu, pobolj\u0161avaju\u0107i stabilnost [&hellip;]<\/p>\n","protected":false},"featured_media":10413,"comment_status":"open","ping_status":"closed","template":"","meta":{"_acf_changed":false,"_themeisle_gutenberg_block_has_review":false},"product_brand":[],"product_cat":[279,280],"product_tag":[],"class_list":{"0":"post-20061","1":"product","2":"type-product","3":"status-publish","4":"has-post-thumbnail","6":"product_cat-awning-en","7":"product_cat-awning-and-other-en","8":"product_shipping_class-potrebno-osobno-preuzimanje-u-trgovini","10":"first","11":"instock","12":"shipping-taxable","13":"purchasable","14":"product-type-simple"},"acf":[],"yoast_head":"<!-- This site is optimized with the Yoast SEO plugin v27.4 - https:\/\/yoast.com\/product\/yoast-seo-wordpress\/ -->\n<title>Tenda THULE 4200 4m Mystic siva | Petroni - rent | sale | service | conversions<\/title>\n<meta name=\"robots\" content=\"index, follow, max-snippet:-1, max-image-preview:large, max-video-preview:-1\" \/>\n<link rel=\"canonical\" href=\"https:\/\/www.petroni.hr\/en\/proizvod\/tenda-thule-4900-4m-sapphire-blue\/\" \/>\n<meta property=\"og:locale\" content=\"en_US\" \/>\n<meta property=\"og:type\" content=\"article\" \/>\n<meta property=\"og:title\" content=\"Tenda THULE 4200 4m Mystic siva | Petroni - rent | sale | service | conversions\" \/>\n<meta property=\"og:description\" content=\"ZIDNA &#8211; BO\u010cNA TENDA THULE OMNISTOR 4200 Najlak\u0161a zidna tenda na tr\u017ei\u0161tu. TEHNI\u010cKE SPECIFIKACIJE: Polo\u017eaj za ugradnju: bo\u010dni zid Pogonski sustav: ru\u010dni Duljina tende: 4,00 metra Pro\u0161irenje: 2,50 metara Boja tijela: bijela Boja tkanine: mystic siva Te\u017eina: 25,60 kg ZNA\u010cAJKE Thuleovi in\u017eenjeri dizajnirali su tendu s malom valjkastom cijevi koja zna\u010dajno smanjuje te\u017einu, pobolj\u0161avaju\u0107i stabilnost [&hellip;]\" \/>\n<meta property=\"og:url\" content=\"https:\/\/www.petroni.hr\/en\/proizvod\/tenda-thule-4900-4m-sapphire-blue\/\" \/>\n<meta property=\"og:site_name\" content=\"Petroni - rent | sale | service | conversions\" \/>\n<meta property=\"article:publisher\" content=\"https:\/\/www.facebook.com\/Kamperi.Petroni.Sesvete\/?locale=hr_HR\" \/>\n<meta property=\"article:modified_time\" content=\"2026-03-10T10:48:13+00:00\" \/>\n<meta property=\"og:image\" content=\"https:\/\/www.petroni.hr\/wp-content\/uploads\/2021\/03\/Tenda-Thule_Omnistor_4900-bijela-sapphire-blue-1.jpg\" \/>\n\t<meta property=\"og:image:width\" content=\"1421\" \/>\n\t<meta property=\"og:image:height\" content=\"570\" \/>\n\t<meta property=\"og:image:type\" content=\"image\/jpeg\" \/>\n<meta name=\"twitter:card\" content=\"summary_large_image\" \/>\n<meta name=\"twitter:label1\" content=\"Est. reading time\" \/>\n\t<meta name=\"twitter:data1\" content=\"1 minute\" \/>\n<script type=\"application\/ld+json\" class=\"yoast-schema-graph\">{\"@context\":\"https:\\\/\\\/schema.org\",\"@graph\":[{\"@type\":\"WebPage\",\"@id\":\"https:\\\/\\\/www.petroni.hr\\\/en\\\/proizvod\\\/tenda-thule-4900-4m-sapphire-blue\\\/\",\"url\":\"https:\\\/\\\/www.petroni.hr\\\/en\\\/proizvod\\\/tenda-thule-4900-4m-sapphire-blue\\\/\",\"name\":\"Tenda THULE 4200 4m Mystic siva | Petroni - rent | sale | service | conversions\",\"isPartOf\":{\"@id\":\"https:\\\/\\\/www.petroni.hr\\\/en\\\/#website\"},\"primaryImageOfPage\":{\"@id\":\"https:\\\/\\\/www.petroni.hr\\\/en\\\/proizvod\\\/tenda-thule-4900-4m-sapphire-blue\\\/#primaryimage\"},\"image\":{\"@id\":\"https:\\\/\\\/www.petroni.hr\\\/en\\\/proizvod\\\/tenda-thule-4900-4m-sapphire-blue\\\/#primaryimage\"},\"thumbnailUrl\":\"https:\\\/\\\/www.petroni.hr\\\/wp-content\\\/uploads\\\/2021\\\/03\\\/Tenda-Thule_Omnistor_4900-bijela-sapphire-blue-1.jpg\",\"datePublished\":\"2021-03-28T07:13:21+00:00\",\"dateModified\":\"2026-03-10T10:48:13+00:00\",\"breadcrumb\":{\"@id\":\"https:\\\/\\\/www.petroni.hr\\\/en\\\/proizvod\\\/tenda-thule-4900-4m-sapphire-blue\\\/#breadcrumb\"},\"inLanguage\":\"en-US\",\"potentialAction\":[{\"@type\":\"ReadAction\",\"target\":[\"https:\\\/\\\/www.petroni.hr\\\/en\\\/proizvod\\\/tenda-thule-4900-4m-sapphire-blue\\\/\"]}]},{\"@type\":\"ImageObject\",\"inLanguage\":\"en-US\",\"@id\":\"https:\\\/\\\/www.petroni.hr\\\/en\\\/proizvod\\\/tenda-thule-4900-4m-sapphire-blue\\\/#primaryimage\",\"url\":\"https:\\\/\\\/www.petroni.hr\\\/wp-content\\\/uploads\\\/2021\\\/03\\\/Tenda-Thule_Omnistor_4900-bijela-sapphire-blue-1.jpg\",\"contentUrl\":\"https:\\\/\\\/www.petroni.hr\\\/wp-content\\\/uploads\\\/2021\\\/03\\\/Tenda-Thule_Omnistor_4900-bijela-sapphire-blue-1.jpg\",\"width\":1421,\"height\":570},{\"@type\":\"BreadcrumbList\",\"@id\":\"https:\\\/\\\/www.petroni.hr\\\/en\\\/proizvod\\\/tenda-thule-4900-4m-sapphire-blue\\\/#breadcrumb\",\"itemListElement\":[{\"@type\":\"ListItem\",\"position\":1,\"name\":\"Po\u010detna stranica\",\"item\":\"https:\\\/\\\/www.petroni.hr\\\/en\\\/\"},{\"@type\":\"ListItem\",\"position\":2,\"name\":\"Shop\",\"item\":\"https:\\\/\\\/www.petroni.hr\\\/en\\\/shop\\\/\"},{\"@type\":\"ListItem\",\"position\":3,\"name\":\"Tenda THULE 4200 4m Mystic siva\"}]},{\"@type\":\"WebSite\",\"@id\":\"https:\\\/\\\/www.petroni.hr\\\/en\\\/#website\",\"url\":\"https:\\\/\\\/www.petroni.hr\\\/en\\\/\",\"name\":\"Petroni.hr\",\"description\":\"Experience the unprecedented freedom of travel\",\"publisher\":{\"@id\":\"https:\\\/\\\/www.petroni.hr\\\/en\\\/#organization\"},\"alternateName\":\"Petroni\",\"potentialAction\":[{\"@type\":\"SearchAction\",\"target\":{\"@type\":\"EntryPoint\",\"urlTemplate\":\"https:\\\/\\\/www.petroni.hr\\\/en\\\/?s={search_term_string}\"},\"query-input\":{\"@type\":\"PropertyValueSpecification\",\"valueRequired\":true,\"valueName\":\"search_term_string\"}}],\"inLanguage\":\"en-US\"},{\"@type\":\"Organization\",\"@id\":\"https:\\\/\\\/www.petroni.hr\\\/en\\\/#organization\",\"name\":\"Petroni d.o.o.\",\"alternateName\":\"Petroni\",\"url\":\"https:\\\/\\\/www.petroni.hr\\\/en\\\/\",\"logo\":{\"@type\":\"ImageObject\",\"inLanguage\":\"en-US\",\"@id\":\"https:\\\/\\\/www.petroni.hr\\\/en\\\/#\\\/schema\\\/logo\\\/image\\\/\",\"url\":\"https:\\\/\\\/www.petroni.hr\\\/wp-content\\\/uploads\\\/2024\\\/03\\\/cropped-Group-3.jpg\",\"contentUrl\":\"https:\\\/\\\/www.petroni.hr\\\/wp-content\\\/uploads\\\/2024\\\/03\\\/cropped-Group-3.jpg\",\"width\":512,\"height\":512,\"caption\":\"Petroni d.o.o.\"},\"image\":{\"@id\":\"https:\\\/\\\/www.petroni.hr\\\/en\\\/#\\\/schema\\\/logo\\\/image\\\/\"},\"sameAs\":[\"https:\\\/\\\/www.facebook.com\\\/Kamperi.Petroni.Sesvete\\\/?locale=hr_HR\"]}]}<\/script>\n<!-- \/ Yoast SEO plugin. -->","yoast_head_json":{"title":"Tenda THULE 4200 4m Mystic siva | Petroni - rent | sale | service | conversions","robots":{"index":"index","follow":"follow","max-snippet":"max-snippet:-1","max-image-preview":"max-image-preview:large","max-video-preview":"max-video-preview:-1"},"canonical":"https:\/\/www.petroni.hr\/en\/proizvod\/tenda-thule-4900-4m-sapphire-blue\/","og_locale":"en_US","og_type":"article","og_title":"Tenda THULE 4200 4m Mystic siva | Petroni - rent | sale | service | conversions","og_description":"ZIDNA &#8211; BO\u010cNA TENDA THULE OMNISTOR 4200 Najlak\u0161a zidna tenda na tr\u017ei\u0161tu. TEHNI\u010cKE SPECIFIKACIJE: Polo\u017eaj za ugradnju: bo\u010dni zid Pogonski sustav: ru\u010dni Duljina tende: 4,00 metra Pro\u0161irenje: 2,50 metara Boja tijela: bijela Boja tkanine: mystic siva Te\u017eina: 25,60 kg ZNA\u010cAJKE Thuleovi in\u017eenjeri dizajnirali su tendu s malom valjkastom cijevi koja zna\u010dajno smanjuje te\u017einu, pobolj\u0161avaju\u0107i stabilnost [&hellip;]","og_url":"https:\/\/www.petroni.hr\/en\/proizvod\/tenda-thule-4900-4m-sapphire-blue\/","og_site_name":"Petroni - rent | sale | service | conversions","article_publisher":"https:\/\/www.facebook.com\/Kamperi.Petroni.Sesvete\/?locale=hr_HR","article_modified_time":"2026-03-10T10:48:13+00:00","og_image":[{"width":1421,"height":570,"url":"https:\/\/www.petroni.hr\/wp-content\/uploads\/2021\/03\/Tenda-Thule_Omnistor_4900-bijela-sapphire-blue-1.jpg","type":"image\/jpeg"}],"twitter_card":"summary_large_image","twitter_misc":{"Est. reading time":"1 minute"},"schema":{"@context":"https:\/\/schema.org","@graph":[{"@type":"WebPage","@id":"https:\/\/www.petroni.hr\/en\/proizvod\/tenda-thule-4900-4m-sapphire-blue\/","url":"https:\/\/www.petroni.hr\/en\/proizvod\/tenda-thule-4900-4m-sapphire-blue\/","name":"Tenda THULE 4200 4m Mystic siva | Petroni - rent | sale | service | conversions","isPartOf":{"@id":"https:\/\/www.petroni.hr\/en\/#website"},"primaryImageOfPage":{"@id":"https:\/\/www.petroni.hr\/en\/proizvod\/tenda-thule-4900-4m-sapphire-blue\/#primaryimage"},"image":{"@id":"https:\/\/www.petroni.hr\/en\/proizvod\/tenda-thule-4900-4m-sapphire-blue\/#primaryimage"},"thumbnailUrl":"https:\/\/www.petroni.hr\/wp-content\/uploads\/2021\/03\/Tenda-Thule_Omnistor_4900-bijela-sapphire-blue-1.jpg","datePublished":"2021-03-28T07:13:21+00:00","dateModified":"2026-03-10T10:48:13+00:00","breadcrumb":{"@id":"https:\/\/www.petroni.hr\/en\/proizvod\/tenda-thule-4900-4m-sapphire-blue\/#breadcrumb"},"inLanguage":"en-US","potentialAction":[{"@type":"ReadAction","target":["https:\/\/www.petroni.hr\/en\/proizvod\/tenda-thule-4900-4m-sapphire-blue\/"]}]},{"@type":"ImageObject","inLanguage":"en-US","@id":"https:\/\/www.petroni.hr\/en\/proizvod\/tenda-thule-4900-4m-sapphire-blue\/#primaryimage","url":"https:\/\/www.petroni.hr\/wp-content\/uploads\/2021\/03\/Tenda-Thule_Omnistor_4900-bijela-sapphire-blue-1.jpg","contentUrl":"https:\/\/www.petroni.hr\/wp-content\/uploads\/2021\/03\/Tenda-Thule_Omnistor_4900-bijela-sapphire-blue-1.jpg","width":1421,"height":570},{"@type":"BreadcrumbList","@id":"https:\/\/www.petroni.hr\/en\/proizvod\/tenda-thule-4900-4m-sapphire-blue\/#breadcrumb","itemListElement":[{"@type":"ListItem","position":1,"name":"Po\u010detna stranica","item":"https:\/\/www.petroni.hr\/en\/"},{"@type":"ListItem","position":2,"name":"Shop","item":"https:\/\/www.petroni.hr\/en\/shop\/"},{"@type":"ListItem","position":3,"name":"Tenda THULE 4200 4m Mystic siva"}]},{"@type":"WebSite","@id":"https:\/\/www.petroni.hr\/en\/#website","url":"https:\/\/www.petroni.hr\/en\/","name":"Petroni.hr","description":"Experience the unprecedented freedom of travel","publisher":{"@id":"https:\/\/www.petroni.hr\/en\/#organization"},"alternateName":"Petroni","potentialAction":[{"@type":"SearchAction","target":{"@type":"EntryPoint","urlTemplate":"https:\/\/www.petroni.hr\/en\/?s={search_term_string}"},"query-input":{"@type":"PropertyValueSpecification","valueRequired":true,"valueName":"search_term_string"}}],"inLanguage":"en-US"},{"@type":"Organization","@id":"https:\/\/www.petroni.hr\/en\/#organization","name":"Petroni d.o.o.","alternateName":"Petroni","url":"https:\/\/www.petroni.hr\/en\/","logo":{"@type":"ImageObject","inLanguage":"en-US","@id":"https:\/\/www.petroni.hr\/en\/#\/schema\/logo\/image\/","url":"https:\/\/www.petroni.hr\/wp-content\/uploads\/2024\/03\/cropped-Group-3.jpg","contentUrl":"https:\/\/www.petroni.hr\/wp-content\/uploads\/2024\/03\/cropped-Group-3.jpg","width":512,"height":512,"caption":"Petroni d.o.o."},"image":{"@id":"https:\/\/www.petroni.hr\/en\/#\/schema\/logo\/image\/"},"sameAs":["https:\/\/www.facebook.com\/Kamperi.Petroni.Sesvete\/?locale=hr_HR"]}]}},"_links":{"self":[{"href":"https:\/\/www.petroni.hr\/en\/wp-json\/wp\/v2\/product\/20061","targetHints":{"allow":["GET"]}}],"collection":[{"href":"https:\/\/www.petroni.hr\/en\/wp-json\/wp\/v2\/product"}],"about":[{"href":"https:\/\/www.petroni.hr\/en\/wp-json\/wp\/v2\/types\/product"}],"replies":[{"embeddable":true,"href":"https:\/\/www.petroni.hr\/en\/wp-json\/wp\/v2\/comments?post=20061"}],"wp:featuredmedia":[{"embeddable":true,"href":"https:\/\/www.petroni.hr\/en\/wp-json\/wp\/v2\/media\/10413"}],"wp:attachment":[{"href":"https:\/\/www.petroni.hr\/en\/wp-json\/wp\/v2\/media?parent=20061"}],"wp:term":[{"taxonomy":"product_brand","embeddable":true,"href":"https:\/\/www.petroni.hr\/en\/wp-json\/wp\/v2\/product_brand?post=20061"},{"taxonomy":"product_cat","embeddable":true,"href":"https:\/\/www.petroni.hr\/en\/wp-json\/wp\/v2\/product_cat?post=20061"},{"taxonomy":"product_tag","embeddable":true,"href":"https:\/\/www.petroni.hr\/en\/wp-json\/wp\/v2\/product_tag?post=20061"}],"curies":[{"name":"wp","href":"https:\/\/api.w.org\/{rel}","templated":true}]}}