{"id":20052,"date":"2021-03-28T10:48:57","date_gmt":"2021-03-28T09:48:57","guid":{"rendered":"https:\/\/www.petroni.hr\/proizvod\/tekucina-za-wc-thetford-b-fresh-2-litre\/"},"modified":"2024-12-10T07:22:42","modified_gmt":"2024-12-10T06:22:42","slug":"tekucina-za-wc-thetford-b-fresh-2-litre","status":"publish","type":"product","link":"https:\/\/www.petroni.hr\/en\/proizvod\/tekucina-za-wc-thetford-b-fresh-2-litre\/","title":{"rendered":"Teku\u0107ina za WC Thetford B-Fresh 2 litre"},"content":{"rendered":"<p>B-FRESH PLAVI 2 LITRE<\/p>\n<p>Kako biste se osigurali da se \u0161to du\u017ee mo\u017eete pouzdati u svoj kemijski WC, va\u017eno je koristiti posebne aditive za zahod i za spremnik \u010diste vode i za spremnik otpada. B-Fresh se mo\u017ee koristiti u svim vrstama kemijskih zahoda, na primjer u kamp ku\u0107icama, kamperima i brodicama.<\/p>\n<p>B-Fresh Blue uklanja neugodne mirise, smanjuje stvaranje plinova, razgra\u0111uje toaletni otpad.<\/p>\n<p>&nbsp;<\/p>\n","protected":false},"excerpt":{"rendered":"<p>B-FRESH PLAVI 2 LITRE Kako biste se osigurali da se \u0161to du\u017ee mo\u017eete pouzdati u svoj kemijski WC, va\u017eno je koristiti posebne aditive za zahod i za spremnik \u010diste vode i za spremnik otpada. B-Fresh se mo\u017ee koristiti u svim vrstama kemijskih zahoda, na primjer u kamp ku\u0107icama, kamperima i brodicama. B-Fresh Blue uklanja neugodne [&hellip;]<\/p>\n","protected":false},"featured_media":10457,"comment_status":"open","ping_status":"closed","template":"","meta":{"_acf_changed":false,"_themeisle_gutenberg_block_has_review":false},"product_brand":[],"product_cat":[317],"product_tag":[],"class_list":{"0":"post-20052","1":"product","2":"type-product","3":"status-publish","4":"has-post-thumbnail","6":"product_cat-chemicals-and-liquids-en","8":"first","9":"outofstock","10":"shipping-taxable","11":"purchasable","12":"product-type-simple"},"acf":[],"yoast_head":"<!-- This site is optimized with the Yoast SEO plugin v27.4 - https:\/\/yoast.com\/product\/yoast-seo-wordpress\/ -->\n<title>Teku\u0107ina za WC Thetford B-Fresh 2 litre | Petroni - rent | sale | service | conversions<\/title>\n<meta name=\"robots\" content=\"index, follow, max-snippet:-1, max-image-preview:large, max-video-preview:-1\" \/>\n<link rel=\"canonical\" href=\"https:\/\/www.petroni.hr\/en\/proizvod\/tekucina-za-wc-thetford-b-fresh-2-litre\/\" \/>\n<meta property=\"og:locale\" content=\"en_US\" \/>\n<meta property=\"og:type\" content=\"article\" \/>\n<meta property=\"og:title\" content=\"Teku\u0107ina za WC Thetford B-Fresh 2 litre | Petroni - rent | sale | service | conversions\" \/>\n<meta property=\"og:description\" content=\"B-FRESH PLAVI 2 LITRE Kako biste se osigurali da se \u0161to du\u017ee mo\u017eete pouzdati u svoj kemijski WC, va\u017eno je koristiti posebne aditive za zahod i za spremnik \u010diste vode i za spremnik otpada. B-Fresh se mo\u017ee koristiti u svim vrstama kemijskih zahoda, na primjer u kamp ku\u0107icama, kamperima i brodicama. B-Fresh Blue uklanja neugodne [&hellip;]\" \/>\n<meta property=\"og:url\" content=\"https:\/\/www.petroni.hr\/en\/proizvod\/tekucina-za-wc-thetford-b-fresh-2-litre\/\" \/>\n<meta property=\"og:site_name\" content=\"Petroni - rent | sale | service | conversions\" \/>\n<meta property=\"article:publisher\" content=\"https:\/\/www.facebook.com\/Kamperi.Petroni.Sesvete\/?locale=hr_HR\" \/>\n<meta property=\"article:modified_time\" content=\"2024-12-10T06:22:42+00:00\" \/>\n<meta property=\"og:image\" content=\"https:\/\/www.petroni.hr\/wp-content\/uploads\/2021\/03\/tekucina-za-WC-B-Fresh-Blue-2-lit-Thetford-AquaKem-705132.jpg\" \/>\n\t<meta property=\"og:image:width\" content=\"400\" \/>\n\t<meta property=\"og:image:height\" content=\"400\" \/>\n\t<meta property=\"og:image:type\" content=\"image\/jpeg\" \/>\n<meta name=\"twitter:card\" content=\"summary_large_image\" \/>\n<script type=\"application\/ld+json\" class=\"yoast-schema-graph\">{\"@context\":\"https:\\\/\\\/schema.org\",\"@graph\":[{\"@type\":\"WebPage\",\"@id\":\"https:\\\/\\\/www.petroni.hr\\\/en\\\/proizvod\\\/tekucina-za-wc-thetford-b-fresh-2-litre\\\/\",\"url\":\"https:\\\/\\\/www.petroni.hr\\\/en\\\/proizvod\\\/tekucina-za-wc-thetford-b-fresh-2-litre\\\/\",\"name\":\"Teku\u0107ina za WC Thetford B-Fresh 2 litre | Petroni - rent | sale | service | conversions\",\"isPartOf\":{\"@id\":\"https:\\\/\\\/www.petroni.hr\\\/en\\\/#website\"},\"primaryImageOfPage\":{\"@id\":\"https:\\\/\\\/www.petroni.hr\\\/en\\\/proizvod\\\/tekucina-za-wc-thetford-b-fresh-2-litre\\\/#primaryimage\"},\"image\":{\"@id\":\"https:\\\/\\\/www.petroni.hr\\\/en\\\/proizvod\\\/tekucina-za-wc-thetford-b-fresh-2-litre\\\/#primaryimage\"},\"thumbnailUrl\":\"https:\\\/\\\/www.petroni.hr\\\/wp-content\\\/uploads\\\/2021\\\/03\\\/tekucina-za-WC-B-Fresh-Blue-2-lit-Thetford-AquaKem-705132.jpg\",\"datePublished\":\"2021-03-28T09:48:57+00:00\",\"dateModified\":\"2024-12-10T06:22:42+00:00\",\"breadcrumb\":{\"@id\":\"https:\\\/\\\/www.petroni.hr\\\/en\\\/proizvod\\\/tekucina-za-wc-thetford-b-fresh-2-litre\\\/#breadcrumb\"},\"inLanguage\":\"en-US\",\"potentialAction\":[{\"@type\":\"ReadAction\",\"target\":[\"https:\\\/\\\/www.petroni.hr\\\/en\\\/proizvod\\\/tekucina-za-wc-thetford-b-fresh-2-litre\\\/\"]}]},{\"@type\":\"ImageObject\",\"inLanguage\":\"en-US\",\"@id\":\"https:\\\/\\\/www.petroni.hr\\\/en\\\/proizvod\\\/tekucina-za-wc-thetford-b-fresh-2-litre\\\/#primaryimage\",\"url\":\"https:\\\/\\\/www.petroni.hr\\\/wp-content\\\/uploads\\\/2021\\\/03\\\/tekucina-za-WC-B-Fresh-Blue-2-lit-Thetford-AquaKem-705132.jpg\",\"contentUrl\":\"https:\\\/\\\/www.petroni.hr\\\/wp-content\\\/uploads\\\/2021\\\/03\\\/tekucina-za-WC-B-Fresh-Blue-2-lit-Thetford-AquaKem-705132.jpg\",\"width\":400,\"height\":400},{\"@type\":\"BreadcrumbList\",\"@id\":\"https:\\\/\\\/www.petroni.hr\\\/en\\\/proizvod\\\/tekucina-za-wc-thetford-b-fresh-2-litre\\\/#breadcrumb\",\"itemListElement\":[{\"@type\":\"ListItem\",\"position\":1,\"name\":\"Po\u010detna stranica\",\"item\":\"https:\\\/\\\/www.petroni.hr\\\/en\\\/\"},{\"@type\":\"ListItem\",\"position\":2,\"name\":\"Shop\",\"item\":\"https:\\\/\\\/www.petroni.hr\\\/en\\\/shop\\\/\"},{\"@type\":\"ListItem\",\"position\":3,\"name\":\"Teku\u0107ina za WC Thetford B-Fresh 2 litre\"}]},{\"@type\":\"WebSite\",\"@id\":\"https:\\\/\\\/www.petroni.hr\\\/en\\\/#website\",\"url\":\"https:\\\/\\\/www.petroni.hr\\\/en\\\/\",\"name\":\"Petroni.hr\",\"description\":\"Experience the unprecedented freedom of travel\",\"publisher\":{\"@id\":\"https:\\\/\\\/www.petroni.hr\\\/en\\\/#organization\"},\"alternateName\":\"Petroni\",\"potentialAction\":[{\"@type\":\"SearchAction\",\"target\":{\"@type\":\"EntryPoint\",\"urlTemplate\":\"https:\\\/\\\/www.petroni.hr\\\/en\\\/?s={search_term_string}\"},\"query-input\":{\"@type\":\"PropertyValueSpecification\",\"valueRequired\":true,\"valueName\":\"search_term_string\"}}],\"inLanguage\":\"en-US\"},{\"@type\":\"Organization\",\"@id\":\"https:\\\/\\\/www.petroni.hr\\\/en\\\/#organization\",\"name\":\"Petroni d.o.o.\",\"alternateName\":\"Petroni\",\"url\":\"https:\\\/\\\/www.petroni.hr\\\/en\\\/\",\"logo\":{\"@type\":\"ImageObject\",\"inLanguage\":\"en-US\",\"@id\":\"https:\\\/\\\/www.petroni.hr\\\/en\\\/#\\\/schema\\\/logo\\\/image\\\/\",\"url\":\"https:\\\/\\\/www.petroni.hr\\\/wp-content\\\/uploads\\\/2024\\\/03\\\/cropped-Group-3.jpg\",\"contentUrl\":\"https:\\\/\\\/www.petroni.hr\\\/wp-content\\\/uploads\\\/2024\\\/03\\\/cropped-Group-3.jpg\",\"width\":512,\"height\":512,\"caption\":\"Petroni d.o.o.\"},\"image\":{\"@id\":\"https:\\\/\\\/www.petroni.hr\\\/en\\\/#\\\/schema\\\/logo\\\/image\\\/\"},\"sameAs\":[\"https:\\\/\\\/www.facebook.com\\\/Kamperi.Petroni.Sesvete\\\/?locale=hr_HR\"]}]}<\/script>\n<!-- \/ Yoast SEO plugin. -->","yoast_head_json":{"title":"Teku\u0107ina za WC Thetford B-Fresh 2 litre | Petroni - rent | sale | service | conversions","robots":{"index":"index","follow":"follow","max-snippet":"max-snippet:-1","max-image-preview":"max-image-preview:large","max-video-preview":"max-video-preview:-1"},"canonical":"https:\/\/www.petroni.hr\/en\/proizvod\/tekucina-za-wc-thetford-b-fresh-2-litre\/","og_locale":"en_US","og_type":"article","og_title":"Teku\u0107ina za WC Thetford B-Fresh 2 litre | Petroni - rent | sale | service | conversions","og_description":"B-FRESH PLAVI 2 LITRE Kako biste se osigurali da se \u0161to du\u017ee mo\u017eete pouzdati u svoj kemijski WC, va\u017eno je koristiti posebne aditive za zahod i za spremnik \u010diste vode i za spremnik otpada. B-Fresh se mo\u017ee koristiti u svim vrstama kemijskih zahoda, na primjer u kamp ku\u0107icama, kamperima i brodicama. B-Fresh Blue uklanja neugodne [&hellip;]","og_url":"https:\/\/www.petroni.hr\/en\/proizvod\/tekucina-za-wc-thetford-b-fresh-2-litre\/","og_site_name":"Petroni - rent | sale | service | conversions","article_publisher":"https:\/\/www.facebook.com\/Kamperi.Petroni.Sesvete\/?locale=hr_HR","article_modified_time":"2024-12-10T06:22:42+00:00","og_image":[{"width":400,"height":400,"url":"https:\/\/www.petroni.hr\/wp-content\/uploads\/2021\/03\/tekucina-za-WC-B-Fresh-Blue-2-lit-Thetford-AquaKem-705132.jpg","type":"image\/jpeg"}],"twitter_card":"summary_large_image","schema":{"@context":"https:\/\/schema.org","@graph":[{"@type":"WebPage","@id":"https:\/\/www.petroni.hr\/en\/proizvod\/tekucina-za-wc-thetford-b-fresh-2-litre\/","url":"https:\/\/www.petroni.hr\/en\/proizvod\/tekucina-za-wc-thetford-b-fresh-2-litre\/","name":"Teku\u0107ina za WC Thetford B-Fresh 2 litre | Petroni - rent | sale | service | conversions","isPartOf":{"@id":"https:\/\/www.petroni.hr\/en\/#website"},"primaryImageOfPage":{"@id":"https:\/\/www.petroni.hr\/en\/proizvod\/tekucina-za-wc-thetford-b-fresh-2-litre\/#primaryimage"},"image":{"@id":"https:\/\/www.petroni.hr\/en\/proizvod\/tekucina-za-wc-thetford-b-fresh-2-litre\/#primaryimage"},"thumbnailUrl":"https:\/\/www.petroni.hr\/wp-content\/uploads\/2021\/03\/tekucina-za-WC-B-Fresh-Blue-2-lit-Thetford-AquaKem-705132.jpg","datePublished":"2021-03-28T09:48:57+00:00","dateModified":"2024-12-10T06:22:42+00:00","breadcrumb":{"@id":"https:\/\/www.petroni.hr\/en\/proizvod\/tekucina-za-wc-thetford-b-fresh-2-litre\/#breadcrumb"},"inLanguage":"en-US","potentialAction":[{"@type":"ReadAction","target":["https:\/\/www.petroni.hr\/en\/proizvod\/tekucina-za-wc-thetford-b-fresh-2-litre\/"]}]},{"@type":"ImageObject","inLanguage":"en-US","@id":"https:\/\/www.petroni.hr\/en\/proizvod\/tekucina-za-wc-thetford-b-fresh-2-litre\/#primaryimage","url":"https:\/\/www.petroni.hr\/wp-content\/uploads\/2021\/03\/tekucina-za-WC-B-Fresh-Blue-2-lit-Thetford-AquaKem-705132.jpg","contentUrl":"https:\/\/www.petroni.hr\/wp-content\/uploads\/2021\/03\/tekucina-za-WC-B-Fresh-Blue-2-lit-Thetford-AquaKem-705132.jpg","width":400,"height":400},{"@type":"BreadcrumbList","@id":"https:\/\/www.petroni.hr\/en\/proizvod\/tekucina-za-wc-thetford-b-fresh-2-litre\/#breadcrumb","itemListElement":[{"@type":"ListItem","position":1,"name":"Po\u010detna stranica","item":"https:\/\/www.petroni.hr\/en\/"},{"@type":"ListItem","position":2,"name":"Shop","item":"https:\/\/www.petroni.hr\/en\/shop\/"},{"@type":"ListItem","position":3,"name":"Teku\u0107ina za WC Thetford B-Fresh 2 litre"}]},{"@type":"WebSite","@id":"https:\/\/www.petroni.hr\/en\/#website","url":"https:\/\/www.petroni.hr\/en\/","name":"Petroni.hr","description":"Experience the unprecedented freedom of travel","publisher":{"@id":"https:\/\/www.petroni.hr\/en\/#organization"},"alternateName":"Petroni","potentialAction":[{"@type":"SearchAction","target":{"@type":"EntryPoint","urlTemplate":"https:\/\/www.petroni.hr\/en\/?s={search_term_string}"},"query-input":{"@type":"PropertyValueSpecification","valueRequired":true,"valueName":"search_term_string"}}],"inLanguage":"en-US"},{"@type":"Organization","@id":"https:\/\/www.petroni.hr\/en\/#organization","name":"Petroni d.o.o.","alternateName":"Petroni","url":"https:\/\/www.petroni.hr\/en\/","logo":{"@type":"ImageObject","inLanguage":"en-US","@id":"https:\/\/www.petroni.hr\/en\/#\/schema\/logo\/image\/","url":"https:\/\/www.petroni.hr\/wp-content\/uploads\/2024\/03\/cropped-Group-3.jpg","contentUrl":"https:\/\/www.petroni.hr\/wp-content\/uploads\/2024\/03\/cropped-Group-3.jpg","width":512,"height":512,"caption":"Petroni d.o.o."},"image":{"@id":"https:\/\/www.petroni.hr\/en\/#\/schema\/logo\/image\/"},"sameAs":["https:\/\/www.facebook.com\/Kamperi.Petroni.Sesvete\/?locale=hr_HR"]}]}},"_links":{"self":[{"href":"https:\/\/www.petroni.hr\/en\/wp-json\/wp\/v2\/product\/20052","targetHints":{"allow":["GET"]}}],"collection":[{"href":"https:\/\/www.petroni.hr\/en\/wp-json\/wp\/v2\/product"}],"about":[{"href":"https:\/\/www.petroni.hr\/en\/wp-json\/wp\/v2\/types\/product"}],"replies":[{"embeddable":true,"href":"https:\/\/www.petroni.hr\/en\/wp-json\/wp\/v2\/comments?post=20052"}],"wp:featuredmedia":[{"embeddable":true,"href":"https:\/\/www.petroni.hr\/en\/wp-json\/wp\/v2\/media\/10457"}],"wp:attachment":[{"href":"https:\/\/www.petroni.hr\/en\/wp-json\/wp\/v2\/media?parent=20052"}],"wp:term":[{"taxonomy":"product_brand","embeddable":true,"href":"https:\/\/www.petroni.hr\/en\/wp-json\/wp\/v2\/product_brand?post=20052"},{"taxonomy":"product_cat","embeddable":true,"href":"https:\/\/www.petroni.hr\/en\/wp-json\/wp\/v2\/product_cat?post=20052"},{"taxonomy":"product_tag","embeddable":true,"href":"https:\/\/www.petroni.hr\/en\/wp-json\/wp\/v2\/product_tag?post=20052"}],"curies":[{"name":"wp","href":"https:\/\/api.w.org\/{rel}","templated":true}]}}