{"id":19753,"date":"2022-02-27T08:24:27","date_gmt":"2022-02-27T07:24:27","guid":{"rendered":"https:\/\/www.petroni.hr\/proizvod\/inverter-carbest-300w-12v-220v-cisti-sinus\/"},"modified":"2025-07-25T10:03:28","modified_gmt":"2025-07-25T09:03:28","slug":"inverter-carbest-300w-12v-220v-cisti-sinus","status":"publish","type":"product","link":"https:\/\/www.petroni.hr\/en\/proizvod\/inverter-carbest-300w-12v-220v-cisti-sinus\/","title":{"rendered":"Inverter Carbest 300W 12V\/220V \u010disti sinus"},"content":{"rendered":"<p>Carbest sinusni inverter 12 v &#8211; sinusni val<\/p>\n<p>\u010cisti sinusni napon za osjetljive ure\u0111aje<\/p>\n<p>Izuzetno velika startna struja, do 3 puta ve\u0107a snaga<br \/>\nPretvorite snagu baterije od 12 v u 230 v<br \/>\nBez ograni\u010denja u radu, pogodan za mjerna ra\u010dunala ili mikrovalne pe\u0107nice<br \/>\nTehnologija prekida\u010da na\u010dina rada: gotovo be\u0161umna &#8211; lagana i kompaktna<br \/>\nZa\u0161tita baterije isklju\u010denjem pod naponom<br \/>\nIsklju\u010divanje zbog previsoke temperature (pribli\u017eno 60\u00b0C)<br \/>\nZa\u0161tita od obrnutog polariteta<br \/>\nIntegrirana za\u0161tita od preoptere\u0107enja<\/p>\n<p>&nbsp;<\/p>\n<p>Ulazni napon (V) 12<br \/>\nIzlazni napon (V) 230<br \/>\nKontinuirana snaga (W) 300<br \/>\nNazivna snaga (W) 300<br \/>\nMaksimalna snaga (W) 600<br \/>\nPrag isklju\u010divanja (V) 10.0<br \/>\nPotro\u0161nja u stanju \u010dekanja (A) 0,6<br \/>\nPriklju\u010dak za daljinski upravlja\u010d &#8211;\u00a0 da<br \/>\nUSB priklju\u010dak &#8211; da<br \/>\nuti\u010dnice 1 x<br \/>\n\u0160irina u mm 150<br \/>\nVisina u mm 60<br \/>\nTe\u017eina u kg 1,6<\/p>\n<p>&nbsp;<\/p>\n","protected":false},"excerpt":{"rendered":"<p>Carbest sinusni inverter 12 v &#8211; sinusni val \u010cisti sinusni napon za osjetljive ure\u0111aje Izuzetno velika startna struja, do 3 puta ve\u0107a snaga Pretvorite snagu baterije od 12 v u 230 v Bez ograni\u010denja u radu, pogodan za mjerna ra\u010dunala ili mikrovalne pe\u0107nice Tehnologija prekida\u010da na\u010dina rada: gotovo be\u0161umna &#8211; lagana i kompaktna Za\u0161tita baterije [&hellip;]<\/p>\n","protected":false},"featured_media":12697,"comment_status":"open","ping_status":"closed","template":"","meta":{"_acf_changed":false,"_themeisle_gutenberg_block_has_review":false},"product_brand":[],"product_cat":[291,320],"product_tag":[],"class_list":{"0":"post-19753","1":"product","2":"type-product","3":"status-publish","4":"has-post-thumbnail","6":"product_cat-electricity","7":"product_cat-inverters","9":"first","10":"instock","11":"shipping-taxable","12":"purchasable","13":"product-type-simple"},"acf":[],"yoast_head":"<!-- This site is optimized with the Yoast SEO plugin v27.4 - https:\/\/yoast.com\/product\/yoast-seo-wordpress\/ -->\n<title>Inverter Carbest 300W 12V\/220V \u010disti sinus | Petroni - rent | sale | service | conversions<\/title>\n<meta name=\"robots\" content=\"index, follow, max-snippet:-1, max-image-preview:large, max-video-preview:-1\" \/>\n<link rel=\"canonical\" href=\"https:\/\/www.petroni.hr\/en\/proizvod\/inverter-carbest-300w-12v-220v-cisti-sinus\/\" \/>\n<meta property=\"og:locale\" content=\"en_US\" \/>\n<meta property=\"og:type\" content=\"article\" \/>\n<meta property=\"og:title\" content=\"Inverter Carbest 300W 12V\/220V \u010disti sinus | Petroni - rent | sale | service | conversions\" \/>\n<meta property=\"og:description\" content=\"Carbest sinusni inverter 12 v &#8211; sinusni val \u010cisti sinusni napon za osjetljive ure\u0111aje Izuzetno velika startna struja, do 3 puta ve\u0107a snaga Pretvorite snagu baterije od 12 v u 230 v Bez ograni\u010denja u radu, pogodan za mjerna ra\u010dunala ili mikrovalne pe\u0107nice Tehnologija prekida\u010da na\u010dina rada: gotovo be\u0161umna &#8211; lagana i kompaktna Za\u0161tita baterije [&hellip;]\" \/>\n<meta property=\"og:url\" content=\"https:\/\/www.petroni.hr\/en\/proizvod\/inverter-carbest-300w-12v-220v-cisti-sinus\/\" \/>\n<meta property=\"og:site_name\" content=\"Petroni - rent | sale | service | conversions\" \/>\n<meta property=\"article:publisher\" content=\"https:\/\/www.facebook.com\/Kamperi.Petroni.Sesvete\/?locale=hr_HR\" \/>\n<meta property=\"article:modified_time\" content=\"2025-07-25T09:03:28+00:00\" \/>\n<meta property=\"og:image\" content=\"https:\/\/www.petroni.hr\/wp-content\/uploads\/2022\/02\/82281-inverter-sinusni-300W.jpg\" \/>\n\t<meta property=\"og:image:width\" content=\"800\" \/>\n\t<meta property=\"og:image:height\" content=\"560\" \/>\n\t<meta property=\"og:image:type\" content=\"image\/jpeg\" \/>\n<meta name=\"twitter:card\" content=\"summary_large_image\" \/>\n<meta name=\"twitter:label1\" content=\"Est. reading time\" \/>\n\t<meta name=\"twitter:data1\" content=\"1 minute\" \/>\n<script type=\"application\/ld+json\" class=\"yoast-schema-graph\">{\"@context\":\"https:\\\/\\\/schema.org\",\"@graph\":[{\"@type\":\"WebPage\",\"@id\":\"https:\\\/\\\/www.petroni.hr\\\/en\\\/proizvod\\\/inverter-carbest-300w-12v-220v-cisti-sinus\\\/\",\"url\":\"https:\\\/\\\/www.petroni.hr\\\/en\\\/proizvod\\\/inverter-carbest-300w-12v-220v-cisti-sinus\\\/\",\"name\":\"Inverter Carbest 300W 12V\\\/220V \u010disti sinus | Petroni - rent | sale | service | conversions\",\"isPartOf\":{\"@id\":\"https:\\\/\\\/www.petroni.hr\\\/en\\\/#website\"},\"primaryImageOfPage\":{\"@id\":\"https:\\\/\\\/www.petroni.hr\\\/en\\\/proizvod\\\/inverter-carbest-300w-12v-220v-cisti-sinus\\\/#primaryimage\"},\"image\":{\"@id\":\"https:\\\/\\\/www.petroni.hr\\\/en\\\/proizvod\\\/inverter-carbest-300w-12v-220v-cisti-sinus\\\/#primaryimage\"},\"thumbnailUrl\":\"https:\\\/\\\/www.petroni.hr\\\/wp-content\\\/uploads\\\/2022\\\/02\\\/82281-inverter-sinusni-300W.jpg\",\"datePublished\":\"2022-02-27T07:24:27+00:00\",\"dateModified\":\"2025-07-25T09:03:28+00:00\",\"breadcrumb\":{\"@id\":\"https:\\\/\\\/www.petroni.hr\\\/en\\\/proizvod\\\/inverter-carbest-300w-12v-220v-cisti-sinus\\\/#breadcrumb\"},\"inLanguage\":\"en-US\",\"potentialAction\":[{\"@type\":\"ReadAction\",\"target\":[\"https:\\\/\\\/www.petroni.hr\\\/en\\\/proizvod\\\/inverter-carbest-300w-12v-220v-cisti-sinus\\\/\"]}]},{\"@type\":\"ImageObject\",\"inLanguage\":\"en-US\",\"@id\":\"https:\\\/\\\/www.petroni.hr\\\/en\\\/proizvod\\\/inverter-carbest-300w-12v-220v-cisti-sinus\\\/#primaryimage\",\"url\":\"https:\\\/\\\/www.petroni.hr\\\/wp-content\\\/uploads\\\/2022\\\/02\\\/82281-inverter-sinusni-300W.jpg\",\"contentUrl\":\"https:\\\/\\\/www.petroni.hr\\\/wp-content\\\/uploads\\\/2022\\\/02\\\/82281-inverter-sinusni-300W.jpg\",\"width\":800,\"height\":560},{\"@type\":\"BreadcrumbList\",\"@id\":\"https:\\\/\\\/www.petroni.hr\\\/en\\\/proizvod\\\/inverter-carbest-300w-12v-220v-cisti-sinus\\\/#breadcrumb\",\"itemListElement\":[{\"@type\":\"ListItem\",\"position\":1,\"name\":\"Po\u010detna stranica\",\"item\":\"https:\\\/\\\/www.petroni.hr\\\/en\\\/\"},{\"@type\":\"ListItem\",\"position\":2,\"name\":\"Shop\",\"item\":\"https:\\\/\\\/www.petroni.hr\\\/en\\\/shop\\\/\"},{\"@type\":\"ListItem\",\"position\":3,\"name\":\"Inverter Carbest 300W 12V\\\/220V \u010disti sinus\"}]},{\"@type\":\"WebSite\",\"@id\":\"https:\\\/\\\/www.petroni.hr\\\/en\\\/#website\",\"url\":\"https:\\\/\\\/www.petroni.hr\\\/en\\\/\",\"name\":\"Petroni.hr\",\"description\":\"Experience the unprecedented freedom of travel\",\"publisher\":{\"@id\":\"https:\\\/\\\/www.petroni.hr\\\/en\\\/#organization\"},\"alternateName\":\"Petroni\",\"potentialAction\":[{\"@type\":\"SearchAction\",\"target\":{\"@type\":\"EntryPoint\",\"urlTemplate\":\"https:\\\/\\\/www.petroni.hr\\\/en\\\/?s={search_term_string}\"},\"query-input\":{\"@type\":\"PropertyValueSpecification\",\"valueRequired\":true,\"valueName\":\"search_term_string\"}}],\"inLanguage\":\"en-US\"},{\"@type\":\"Organization\",\"@id\":\"https:\\\/\\\/www.petroni.hr\\\/en\\\/#organization\",\"name\":\"Petroni d.o.o.\",\"alternateName\":\"Petroni\",\"url\":\"https:\\\/\\\/www.petroni.hr\\\/en\\\/\",\"logo\":{\"@type\":\"ImageObject\",\"inLanguage\":\"en-US\",\"@id\":\"https:\\\/\\\/www.petroni.hr\\\/en\\\/#\\\/schema\\\/logo\\\/image\\\/\",\"url\":\"https:\\\/\\\/www.petroni.hr\\\/wp-content\\\/uploads\\\/2024\\\/03\\\/cropped-Group-3.jpg\",\"contentUrl\":\"https:\\\/\\\/www.petroni.hr\\\/wp-content\\\/uploads\\\/2024\\\/03\\\/cropped-Group-3.jpg\",\"width\":512,\"height\":512,\"caption\":\"Petroni d.o.o.\"},\"image\":{\"@id\":\"https:\\\/\\\/www.petroni.hr\\\/en\\\/#\\\/schema\\\/logo\\\/image\\\/\"},\"sameAs\":[\"https:\\\/\\\/www.facebook.com\\\/Kamperi.Petroni.Sesvete\\\/?locale=hr_HR\"]}]}<\/script>\n<!-- \/ Yoast SEO plugin. -->","yoast_head_json":{"title":"Inverter Carbest 300W 12V\/220V \u010disti sinus | Petroni - rent | sale | service | conversions","robots":{"index":"index","follow":"follow","max-snippet":"max-snippet:-1","max-image-preview":"max-image-preview:large","max-video-preview":"max-video-preview:-1"},"canonical":"https:\/\/www.petroni.hr\/en\/proizvod\/inverter-carbest-300w-12v-220v-cisti-sinus\/","og_locale":"en_US","og_type":"article","og_title":"Inverter Carbest 300W 12V\/220V \u010disti sinus | Petroni - rent | sale | service | conversions","og_description":"Carbest sinusni inverter 12 v &#8211; sinusni val \u010cisti sinusni napon za osjetljive ure\u0111aje Izuzetno velika startna struja, do 3 puta ve\u0107a snaga Pretvorite snagu baterije od 12 v u 230 v Bez ograni\u010denja u radu, pogodan za mjerna ra\u010dunala ili mikrovalne pe\u0107nice Tehnologija prekida\u010da na\u010dina rada: gotovo be\u0161umna &#8211; lagana i kompaktna Za\u0161tita baterije [&hellip;]","og_url":"https:\/\/www.petroni.hr\/en\/proizvod\/inverter-carbest-300w-12v-220v-cisti-sinus\/","og_site_name":"Petroni - rent | sale | service | conversions","article_publisher":"https:\/\/www.facebook.com\/Kamperi.Petroni.Sesvete\/?locale=hr_HR","article_modified_time":"2025-07-25T09:03:28+00:00","og_image":[{"width":800,"height":560,"url":"https:\/\/www.petroni.hr\/wp-content\/uploads\/2022\/02\/82281-inverter-sinusni-300W.jpg","type":"image\/jpeg"}],"twitter_card":"summary_large_image","twitter_misc":{"Est. reading time":"1 minute"},"schema":{"@context":"https:\/\/schema.org","@graph":[{"@type":"WebPage","@id":"https:\/\/www.petroni.hr\/en\/proizvod\/inverter-carbest-300w-12v-220v-cisti-sinus\/","url":"https:\/\/www.petroni.hr\/en\/proizvod\/inverter-carbest-300w-12v-220v-cisti-sinus\/","name":"Inverter Carbest 300W 12V\/220V \u010disti sinus | Petroni - rent | sale | service | conversions","isPartOf":{"@id":"https:\/\/www.petroni.hr\/en\/#website"},"primaryImageOfPage":{"@id":"https:\/\/www.petroni.hr\/en\/proizvod\/inverter-carbest-300w-12v-220v-cisti-sinus\/#primaryimage"},"image":{"@id":"https:\/\/www.petroni.hr\/en\/proizvod\/inverter-carbest-300w-12v-220v-cisti-sinus\/#primaryimage"},"thumbnailUrl":"https:\/\/www.petroni.hr\/wp-content\/uploads\/2022\/02\/82281-inverter-sinusni-300W.jpg","datePublished":"2022-02-27T07:24:27+00:00","dateModified":"2025-07-25T09:03:28+00:00","breadcrumb":{"@id":"https:\/\/www.petroni.hr\/en\/proizvod\/inverter-carbest-300w-12v-220v-cisti-sinus\/#breadcrumb"},"inLanguage":"en-US","potentialAction":[{"@type":"ReadAction","target":["https:\/\/www.petroni.hr\/en\/proizvod\/inverter-carbest-300w-12v-220v-cisti-sinus\/"]}]},{"@type":"ImageObject","inLanguage":"en-US","@id":"https:\/\/www.petroni.hr\/en\/proizvod\/inverter-carbest-300w-12v-220v-cisti-sinus\/#primaryimage","url":"https:\/\/www.petroni.hr\/wp-content\/uploads\/2022\/02\/82281-inverter-sinusni-300W.jpg","contentUrl":"https:\/\/www.petroni.hr\/wp-content\/uploads\/2022\/02\/82281-inverter-sinusni-300W.jpg","width":800,"height":560},{"@type":"BreadcrumbList","@id":"https:\/\/www.petroni.hr\/en\/proizvod\/inverter-carbest-300w-12v-220v-cisti-sinus\/#breadcrumb","itemListElement":[{"@type":"ListItem","position":1,"name":"Po\u010detna stranica","item":"https:\/\/www.petroni.hr\/en\/"},{"@type":"ListItem","position":2,"name":"Shop","item":"https:\/\/www.petroni.hr\/en\/shop\/"},{"@type":"ListItem","position":3,"name":"Inverter Carbest 300W 12V\/220V \u010disti sinus"}]},{"@type":"WebSite","@id":"https:\/\/www.petroni.hr\/en\/#website","url":"https:\/\/www.petroni.hr\/en\/","name":"Petroni.hr","description":"Experience the unprecedented freedom of travel","publisher":{"@id":"https:\/\/www.petroni.hr\/en\/#organization"},"alternateName":"Petroni","potentialAction":[{"@type":"SearchAction","target":{"@type":"EntryPoint","urlTemplate":"https:\/\/www.petroni.hr\/en\/?s={search_term_string}"},"query-input":{"@type":"PropertyValueSpecification","valueRequired":true,"valueName":"search_term_string"}}],"inLanguage":"en-US"},{"@type":"Organization","@id":"https:\/\/www.petroni.hr\/en\/#organization","name":"Petroni d.o.o.","alternateName":"Petroni","url":"https:\/\/www.petroni.hr\/en\/","logo":{"@type":"ImageObject","inLanguage":"en-US","@id":"https:\/\/www.petroni.hr\/en\/#\/schema\/logo\/image\/","url":"https:\/\/www.petroni.hr\/wp-content\/uploads\/2024\/03\/cropped-Group-3.jpg","contentUrl":"https:\/\/www.petroni.hr\/wp-content\/uploads\/2024\/03\/cropped-Group-3.jpg","width":512,"height":512,"caption":"Petroni d.o.o."},"image":{"@id":"https:\/\/www.petroni.hr\/en\/#\/schema\/logo\/image\/"},"sameAs":["https:\/\/www.facebook.com\/Kamperi.Petroni.Sesvete\/?locale=hr_HR"]}]}},"_links":{"self":[{"href":"https:\/\/www.petroni.hr\/en\/wp-json\/wp\/v2\/product\/19753","targetHints":{"allow":["GET"]}}],"collection":[{"href":"https:\/\/www.petroni.hr\/en\/wp-json\/wp\/v2\/product"}],"about":[{"href":"https:\/\/www.petroni.hr\/en\/wp-json\/wp\/v2\/types\/product"}],"replies":[{"embeddable":true,"href":"https:\/\/www.petroni.hr\/en\/wp-json\/wp\/v2\/comments?post=19753"}],"wp:featuredmedia":[{"embeddable":true,"href":"https:\/\/www.petroni.hr\/en\/wp-json\/wp\/v2\/media\/12697"}],"wp:attachment":[{"href":"https:\/\/www.petroni.hr\/en\/wp-json\/wp\/v2\/media?parent=19753"}],"wp:term":[{"taxonomy":"product_brand","embeddable":true,"href":"https:\/\/www.petroni.hr\/en\/wp-json\/wp\/v2\/product_brand?post=19753"},{"taxonomy":"product_cat","embeddable":true,"href":"https:\/\/www.petroni.hr\/en\/wp-json\/wp\/v2\/product_cat?post=19753"},{"taxonomy":"product_tag","embeddable":true,"href":"https:\/\/www.petroni.hr\/en\/wp-json\/wp\/v2\/product_tag?post=19753"}],"curies":[{"name":"wp","href":"https:\/\/api.w.org\/{rel}","templated":true}]}}