{"id":19745,"date":"2022-03-04T18:02:44","date_gmt":"2022-03-04T17:02:44","guid":{"rendered":"https:\/\/www.petroni.hr\/proizvod\/inverter-vechline-600w-1200w-12v-220v\/"},"modified":"2025-03-21T14:50:20","modified_gmt":"2025-03-21T13:50:20","slug":"inverter-vechline-600w-1200w-12v-220v","status":"publish","type":"product","link":"https:\/\/www.petroni.hr\/en\/proizvod\/inverter-vechline-600w-1200w-12v-220v\/","title":{"rendered":"Inverter VECHLINE 600W (1200W) 12V\/220V"},"content":{"rendered":"<p>KVADRATNI INVERTER<\/p>\n<p>NOVI MODEL 600 W<\/p>\n<p>Novi raspon invertera od 12 &#8211; 230 V s novim dizajnom i pobolj\u0161anim performansama. Osigura\u010d dostupan bez rastavljanja i no\u017eica za pri\u010dvr\u0161\u0107ivanje prisutnih u svakom modelu.<\/p>\n<p>2 USB 5V, 2A porta i prisilno hla\u0111enje zraka na ve\u0107im modelima. Sukladan smjernicama 214\/30 \/ EU i 2014\/34 \/ EU.<\/p>\n<p>600 W<br \/>\nTehni\u010dki podaci:<br \/>\nNazivna snaga (W): 600.<br \/>\nMaksimalna snaga (W): 1200.<br \/>\nFrekvencija: 50Hz +\/- 2Hz.<br \/>\nPotro\u0161nja u stanju \u010dekanja: &lt;0,3A<br \/>\nZa\u0161tita od pregrijavanja da.<br \/>\nZa\u0161tita od preoptere\u0107enja da.<br \/>\nZa\u0161tita od obrnutog polariteta:\u00a0 pomo\u0107u vanjskog osigura\u010da.<br \/>\nZa\u0161tita od kratkog spoja:\u00a0 da<br \/>\nKabel za napajanje.<br \/>\nPresjek\/du\u017eina kabela za napajanje:<br \/>\n55 cm \/ 6 mm\u00b2.<br \/>\nUSB 5V \/ 2100mA izlaz 2<br \/>\n\u0160irina (mm): 240.<br \/>\nautor (mm): 65.<br \/>\nDubina (mm): 105.<br \/>\nTe\u017eina (kg): 1,1.<\/p>\n<p>TEHNI\u010cKI PODACI:<\/p>\n<p>Napon: 12V<br \/>\nKontinuirana snaga: 600 W<br \/>\nMaksimalna snaga: 1200W<br \/>\nKabel s konektorom: da<br \/>\nDimenzije: 65 x 240 x 105 mm<br \/>\nTe\u017eina: 1.120 kg<\/p>\n","protected":false},"excerpt":{"rendered":"<p>KVADRATNI INVERTER NOVI MODEL 600 W Novi raspon invertera od 12 &#8211; 230 V s novim dizajnom i pobolj\u0161anim performansama. Osigura\u010d dostupan bez rastavljanja i no\u017eica za pri\u010dvr\u0161\u0107ivanje prisutnih u svakom modelu. 2 USB 5V, 2A porta i prisilno hla\u0111enje zraka na ve\u0107im modelima. Sukladan smjernicama 214\/30 \/ EU i 2014\/34 \/ EU. 600 W [&hellip;]<\/p>\n","protected":false},"featured_media":12732,"comment_status":"open","ping_status":"closed","template":"","meta":{"_acf_changed":false,"_themeisle_gutenberg_block_has_review":false},"product_brand":[],"product_cat":[291,320],"product_tag":[],"class_list":{"0":"post-19745","1":"product","2":"type-product","3":"status-publish","4":"has-post-thumbnail","6":"product_cat-electricity","7":"product_cat-inverters","9":"first","10":"outofstock","11":"shipping-taxable","12":"purchasable","13":"product-type-simple"},"acf":[],"yoast_head":"<!-- This site is optimized with the Yoast SEO plugin v27.4 - https:\/\/yoast.com\/product\/yoast-seo-wordpress\/ -->\n<title>Inverter VECHLINE 600W (1200W) 12V\/220V | Petroni - rent | sale | service | conversions<\/title>\n<meta name=\"robots\" content=\"index, follow, max-snippet:-1, max-image-preview:large, max-video-preview:-1\" \/>\n<link rel=\"canonical\" href=\"https:\/\/www.petroni.hr\/en\/proizvod\/inverter-vechline-600w-1200w-12v-220v\/\" \/>\n<meta property=\"og:locale\" content=\"en_US\" \/>\n<meta property=\"og:type\" content=\"article\" \/>\n<meta property=\"og:title\" content=\"Inverter VECHLINE 600W (1200W) 12V\/220V | Petroni - rent | sale | service | conversions\" \/>\n<meta property=\"og:description\" content=\"KVADRATNI INVERTER NOVI MODEL 600 W Novi raspon invertera od 12 &#8211; 230 V s novim dizajnom i pobolj\u0161anim performansama. Osigura\u010d dostupan bez rastavljanja i no\u017eica za pri\u010dvr\u0161\u0107ivanje prisutnih u svakom modelu. 2 USB 5V, 2A porta i prisilno hla\u0111enje zraka na ve\u0107im modelima. Sukladan smjernicama 214\/30 \/ EU i 2014\/34 \/ EU. 600 W [&hellip;]\" \/>\n<meta property=\"og:url\" content=\"https:\/\/www.petroni.hr\/en\/proizvod\/inverter-vechline-600w-1200w-12v-220v\/\" \/>\n<meta property=\"og:site_name\" content=\"Petroni - rent | sale | service | conversions\" \/>\n<meta property=\"article:publisher\" content=\"https:\/\/www.facebook.com\/Kamperi.Petroni.Sesvete\/?locale=hr_HR\" \/>\n<meta property=\"article:modified_time\" content=\"2025-03-21T13:50:20+00:00\" \/>\n<meta property=\"og:image\" content=\"https:\/\/www.petroni.hr\/wp-content\/uploads\/2022\/03\/Inverter-600W-Vechline-15938661.jpg\" \/>\n\t<meta property=\"og:image:width\" content=\"1017\" \/>\n\t<meta property=\"og:image:height\" content=\"796\" \/>\n\t<meta property=\"og:image:type\" content=\"image\/jpeg\" \/>\n<meta name=\"twitter:card\" content=\"summary_large_image\" \/>\n<meta name=\"twitter:label1\" content=\"Est. reading time\" \/>\n\t<meta name=\"twitter:data1\" content=\"1 minute\" \/>\n<script type=\"application\/ld+json\" class=\"yoast-schema-graph\">{\"@context\":\"https:\\\/\\\/schema.org\",\"@graph\":[{\"@type\":\"WebPage\",\"@id\":\"https:\\\/\\\/www.petroni.hr\\\/en\\\/proizvod\\\/inverter-vechline-600w-1200w-12v-220v\\\/\",\"url\":\"https:\\\/\\\/www.petroni.hr\\\/en\\\/proizvod\\\/inverter-vechline-600w-1200w-12v-220v\\\/\",\"name\":\"Inverter VECHLINE 600W (1200W) 12V\\\/220V | Petroni - rent | sale | service | conversions\",\"isPartOf\":{\"@id\":\"https:\\\/\\\/www.petroni.hr\\\/en\\\/#website\"},\"primaryImageOfPage\":{\"@id\":\"https:\\\/\\\/www.petroni.hr\\\/en\\\/proizvod\\\/inverter-vechline-600w-1200w-12v-220v\\\/#primaryimage\"},\"image\":{\"@id\":\"https:\\\/\\\/www.petroni.hr\\\/en\\\/proizvod\\\/inverter-vechline-600w-1200w-12v-220v\\\/#primaryimage\"},\"thumbnailUrl\":\"https:\\\/\\\/www.petroni.hr\\\/wp-content\\\/uploads\\\/2022\\\/03\\\/Inverter-600W-Vechline-15938661.jpg\",\"datePublished\":\"2022-03-04T17:02:44+00:00\",\"dateModified\":\"2025-03-21T13:50:20+00:00\",\"breadcrumb\":{\"@id\":\"https:\\\/\\\/www.petroni.hr\\\/en\\\/proizvod\\\/inverter-vechline-600w-1200w-12v-220v\\\/#breadcrumb\"},\"inLanguage\":\"en-US\",\"potentialAction\":[{\"@type\":\"ReadAction\",\"target\":[\"https:\\\/\\\/www.petroni.hr\\\/en\\\/proizvod\\\/inverter-vechline-600w-1200w-12v-220v\\\/\"]}]},{\"@type\":\"ImageObject\",\"inLanguage\":\"en-US\",\"@id\":\"https:\\\/\\\/www.petroni.hr\\\/en\\\/proizvod\\\/inverter-vechline-600w-1200w-12v-220v\\\/#primaryimage\",\"url\":\"https:\\\/\\\/www.petroni.hr\\\/wp-content\\\/uploads\\\/2022\\\/03\\\/Inverter-600W-Vechline-15938661.jpg\",\"contentUrl\":\"https:\\\/\\\/www.petroni.hr\\\/wp-content\\\/uploads\\\/2022\\\/03\\\/Inverter-600W-Vechline-15938661.jpg\",\"width\":1017,\"height\":796},{\"@type\":\"BreadcrumbList\",\"@id\":\"https:\\\/\\\/www.petroni.hr\\\/en\\\/proizvod\\\/inverter-vechline-600w-1200w-12v-220v\\\/#breadcrumb\",\"itemListElement\":[{\"@type\":\"ListItem\",\"position\":1,\"name\":\"Po\u010detna stranica\",\"item\":\"https:\\\/\\\/www.petroni.hr\\\/en\\\/\"},{\"@type\":\"ListItem\",\"position\":2,\"name\":\"Shop\",\"item\":\"https:\\\/\\\/www.petroni.hr\\\/en\\\/shop\\\/\"},{\"@type\":\"ListItem\",\"position\":3,\"name\":\"Inverter VECHLINE 600W (1200W) 12V\\\/220V\"}]},{\"@type\":\"WebSite\",\"@id\":\"https:\\\/\\\/www.petroni.hr\\\/en\\\/#website\",\"url\":\"https:\\\/\\\/www.petroni.hr\\\/en\\\/\",\"name\":\"Petroni.hr\",\"description\":\"Experience the unprecedented freedom of travel\",\"publisher\":{\"@id\":\"https:\\\/\\\/www.petroni.hr\\\/en\\\/#organization\"},\"alternateName\":\"Petroni\",\"potentialAction\":[{\"@type\":\"SearchAction\",\"target\":{\"@type\":\"EntryPoint\",\"urlTemplate\":\"https:\\\/\\\/www.petroni.hr\\\/en\\\/?s={search_term_string}\"},\"query-input\":{\"@type\":\"PropertyValueSpecification\",\"valueRequired\":true,\"valueName\":\"search_term_string\"}}],\"inLanguage\":\"en-US\"},{\"@type\":\"Organization\",\"@id\":\"https:\\\/\\\/www.petroni.hr\\\/en\\\/#organization\",\"name\":\"Petroni d.o.o.\",\"alternateName\":\"Petroni\",\"url\":\"https:\\\/\\\/www.petroni.hr\\\/en\\\/\",\"logo\":{\"@type\":\"ImageObject\",\"inLanguage\":\"en-US\",\"@id\":\"https:\\\/\\\/www.petroni.hr\\\/en\\\/#\\\/schema\\\/logo\\\/image\\\/\",\"url\":\"https:\\\/\\\/www.petroni.hr\\\/wp-content\\\/uploads\\\/2024\\\/03\\\/cropped-Group-3.jpg\",\"contentUrl\":\"https:\\\/\\\/www.petroni.hr\\\/wp-content\\\/uploads\\\/2024\\\/03\\\/cropped-Group-3.jpg\",\"width\":512,\"height\":512,\"caption\":\"Petroni d.o.o.\"},\"image\":{\"@id\":\"https:\\\/\\\/www.petroni.hr\\\/en\\\/#\\\/schema\\\/logo\\\/image\\\/\"},\"sameAs\":[\"https:\\\/\\\/www.facebook.com\\\/Kamperi.Petroni.Sesvete\\\/?locale=hr_HR\"]}]}<\/script>\n<!-- \/ Yoast SEO plugin. -->","yoast_head_json":{"title":"Inverter VECHLINE 600W (1200W) 12V\/220V | Petroni - rent | sale | service | conversions","robots":{"index":"index","follow":"follow","max-snippet":"max-snippet:-1","max-image-preview":"max-image-preview:large","max-video-preview":"max-video-preview:-1"},"canonical":"https:\/\/www.petroni.hr\/en\/proizvod\/inverter-vechline-600w-1200w-12v-220v\/","og_locale":"en_US","og_type":"article","og_title":"Inverter VECHLINE 600W (1200W) 12V\/220V | Petroni - rent | sale | service | conversions","og_description":"KVADRATNI INVERTER NOVI MODEL 600 W Novi raspon invertera od 12 &#8211; 230 V s novim dizajnom i pobolj\u0161anim performansama. Osigura\u010d dostupan bez rastavljanja i no\u017eica za pri\u010dvr\u0161\u0107ivanje prisutnih u svakom modelu. 2 USB 5V, 2A porta i prisilno hla\u0111enje zraka na ve\u0107im modelima. Sukladan smjernicama 214\/30 \/ EU i 2014\/34 \/ EU. 600 W [&hellip;]","og_url":"https:\/\/www.petroni.hr\/en\/proizvod\/inverter-vechline-600w-1200w-12v-220v\/","og_site_name":"Petroni - rent | sale | service | conversions","article_publisher":"https:\/\/www.facebook.com\/Kamperi.Petroni.Sesvete\/?locale=hr_HR","article_modified_time":"2025-03-21T13:50:20+00:00","og_image":[{"width":1017,"height":796,"url":"https:\/\/www.petroni.hr\/wp-content\/uploads\/2022\/03\/Inverter-600W-Vechline-15938661.jpg","type":"image\/jpeg"}],"twitter_card":"summary_large_image","twitter_misc":{"Est. reading time":"1 minute"},"schema":{"@context":"https:\/\/schema.org","@graph":[{"@type":"WebPage","@id":"https:\/\/www.petroni.hr\/en\/proizvod\/inverter-vechline-600w-1200w-12v-220v\/","url":"https:\/\/www.petroni.hr\/en\/proizvod\/inverter-vechline-600w-1200w-12v-220v\/","name":"Inverter VECHLINE 600W (1200W) 12V\/220V | Petroni - rent | sale | service | conversions","isPartOf":{"@id":"https:\/\/www.petroni.hr\/en\/#website"},"primaryImageOfPage":{"@id":"https:\/\/www.petroni.hr\/en\/proizvod\/inverter-vechline-600w-1200w-12v-220v\/#primaryimage"},"image":{"@id":"https:\/\/www.petroni.hr\/en\/proizvod\/inverter-vechline-600w-1200w-12v-220v\/#primaryimage"},"thumbnailUrl":"https:\/\/www.petroni.hr\/wp-content\/uploads\/2022\/03\/Inverter-600W-Vechline-15938661.jpg","datePublished":"2022-03-04T17:02:44+00:00","dateModified":"2025-03-21T13:50:20+00:00","breadcrumb":{"@id":"https:\/\/www.petroni.hr\/en\/proizvod\/inverter-vechline-600w-1200w-12v-220v\/#breadcrumb"},"inLanguage":"en-US","potentialAction":[{"@type":"ReadAction","target":["https:\/\/www.petroni.hr\/en\/proizvod\/inverter-vechline-600w-1200w-12v-220v\/"]}]},{"@type":"ImageObject","inLanguage":"en-US","@id":"https:\/\/www.petroni.hr\/en\/proizvod\/inverter-vechline-600w-1200w-12v-220v\/#primaryimage","url":"https:\/\/www.petroni.hr\/wp-content\/uploads\/2022\/03\/Inverter-600W-Vechline-15938661.jpg","contentUrl":"https:\/\/www.petroni.hr\/wp-content\/uploads\/2022\/03\/Inverter-600W-Vechline-15938661.jpg","width":1017,"height":796},{"@type":"BreadcrumbList","@id":"https:\/\/www.petroni.hr\/en\/proizvod\/inverter-vechline-600w-1200w-12v-220v\/#breadcrumb","itemListElement":[{"@type":"ListItem","position":1,"name":"Po\u010detna stranica","item":"https:\/\/www.petroni.hr\/en\/"},{"@type":"ListItem","position":2,"name":"Shop","item":"https:\/\/www.petroni.hr\/en\/shop\/"},{"@type":"ListItem","position":3,"name":"Inverter VECHLINE 600W (1200W) 12V\/220V"}]},{"@type":"WebSite","@id":"https:\/\/www.petroni.hr\/en\/#website","url":"https:\/\/www.petroni.hr\/en\/","name":"Petroni.hr","description":"Experience the unprecedented freedom of travel","publisher":{"@id":"https:\/\/www.petroni.hr\/en\/#organization"},"alternateName":"Petroni","potentialAction":[{"@type":"SearchAction","target":{"@type":"EntryPoint","urlTemplate":"https:\/\/www.petroni.hr\/en\/?s={search_term_string}"},"query-input":{"@type":"PropertyValueSpecification","valueRequired":true,"valueName":"search_term_string"}}],"inLanguage":"en-US"},{"@type":"Organization","@id":"https:\/\/www.petroni.hr\/en\/#organization","name":"Petroni d.o.o.","alternateName":"Petroni","url":"https:\/\/www.petroni.hr\/en\/","logo":{"@type":"ImageObject","inLanguage":"en-US","@id":"https:\/\/www.petroni.hr\/en\/#\/schema\/logo\/image\/","url":"https:\/\/www.petroni.hr\/wp-content\/uploads\/2024\/03\/cropped-Group-3.jpg","contentUrl":"https:\/\/www.petroni.hr\/wp-content\/uploads\/2024\/03\/cropped-Group-3.jpg","width":512,"height":512,"caption":"Petroni d.o.o."},"image":{"@id":"https:\/\/www.petroni.hr\/en\/#\/schema\/logo\/image\/"},"sameAs":["https:\/\/www.facebook.com\/Kamperi.Petroni.Sesvete\/?locale=hr_HR"]}]}},"_links":{"self":[{"href":"https:\/\/www.petroni.hr\/en\/wp-json\/wp\/v2\/product\/19745","targetHints":{"allow":["GET"]}}],"collection":[{"href":"https:\/\/www.petroni.hr\/en\/wp-json\/wp\/v2\/product"}],"about":[{"href":"https:\/\/www.petroni.hr\/en\/wp-json\/wp\/v2\/types\/product"}],"replies":[{"embeddable":true,"href":"https:\/\/www.petroni.hr\/en\/wp-json\/wp\/v2\/comments?post=19745"}],"wp:featuredmedia":[{"embeddable":true,"href":"https:\/\/www.petroni.hr\/en\/wp-json\/wp\/v2\/media\/12732"}],"wp:attachment":[{"href":"https:\/\/www.petroni.hr\/en\/wp-json\/wp\/v2\/media?parent=19745"}],"wp:term":[{"taxonomy":"product_brand","embeddable":true,"href":"https:\/\/www.petroni.hr\/en\/wp-json\/wp\/v2\/product_brand?post=19745"},{"taxonomy":"product_cat","embeddable":true,"href":"https:\/\/www.petroni.hr\/en\/wp-json\/wp\/v2\/product_cat?post=19745"},{"taxonomy":"product_tag","embeddable":true,"href":"https:\/\/www.petroni.hr\/en\/wp-json\/wp\/v2\/product_tag?post=19745"}],"curies":[{"name":"wp","href":"https:\/\/api.w.org\/{rel}","templated":true}]}}