{"id":19729,"date":"2022-03-13T08:54:01","date_gmt":"2022-03-13T07:54:01","guid":{"rendered":"https:\/\/www.petroni.hr\/proizvod\/pumpa-za-vodu-12v-maas-20-lit-15-bar-potopna\/"},"modified":"2024-11-12T15:15:30","modified_gmt":"2024-11-12T14:15:30","slug":"pumpa-za-vodu-12v-maas-20-lit-15-bar-potopna","status":"publish","type":"product","link":"https:\/\/www.petroni.hr\/en\/proizvod\/pumpa-za-vodu-12v-maas-20-lit-15-bar-potopna\/","title":{"rendered":"Pumpa za vodu 12V Maas 20 lit, 1,5 bar potopna"},"content":{"rendered":"<p>BOJA SIVA<\/p>\n<p>NETO TE\u017dINA 0,298KG<\/p>\n<p>MATERIJAL PLASTIKA<\/p>\n<p>DU\u017dINA PROIZVODA 12,2CM<\/p>\n<p>\u0160IRINA PROIZVODA 4,3CM<\/p>\n<p>IZLAZ 80W<\/p>\n","protected":false},"excerpt":{"rendered":"<p>BOJA SIVA NETO TE\u017dINA 0,298KG MATERIJAL PLASTIKA DU\u017dINA PROIZVODA 12,2CM \u0160IRINA PROIZVODA 4,3CM IZLAZ 80W<\/p>\n","protected":false},"featured_media":12797,"comment_status":"open","ping_status":"closed","template":"","meta":{"_acf_changed":false,"_themeisle_gutenberg_block_has_review":false},"product_brand":[],"product_cat":[315,286],"product_tag":[],"class_list":{"0":"post-19729","1":"product","2":"type-product","3":"status-publish","4":"has-post-thumbnail","6":"product_cat-pumpe-za-vodu-water-sanitary-en","7":"product_cat-water-sanitary-en","9":"first","10":"outofstock","11":"shipping-taxable","12":"purchasable","13":"product-type-simple"},"acf":[],"yoast_head":"<!-- This site is optimized with the Yoast SEO plugin v27.3 - https:\/\/yoast.com\/product\/yoast-seo-wordpress\/ -->\n<title>Pumpa za vodu 12V Maas 20 lit, 1,5 bar potopna | Petroni - rent | sale | service | conversions<\/title>\n<meta name=\"robots\" content=\"index, follow, max-snippet:-1, max-image-preview:large, max-video-preview:-1\" \/>\n<link rel=\"canonical\" href=\"https:\/\/www.petroni.hr\/en\/proizvod\/pumpa-za-vodu-12v-maas-20-lit-15-bar-potopna\/\" \/>\n<meta property=\"og:locale\" content=\"en_US\" \/>\n<meta property=\"og:type\" content=\"article\" \/>\n<meta property=\"og:title\" content=\"Pumpa za vodu 12V Maas 20 lit, 1,5 bar potopna | Petroni - rent | sale | service | conversions\" \/>\n<meta property=\"og:description\" content=\"BOJA SIVA NETO TE\u017dINA 0,298KG MATERIJAL PLASTIKA DU\u017dINA PROIZVODA 12,2CM \u0160IRINA PROIZVODA 4,3CM IZLAZ 80W\" \/>\n<meta property=\"og:url\" content=\"https:\/\/www.petroni.hr\/en\/proizvod\/pumpa-za-vodu-12v-maas-20-lit-15-bar-potopna\/\" \/>\n<meta property=\"og:site_name\" content=\"Petroni - rent | sale | service | conversions\" \/>\n<meta property=\"article:publisher\" content=\"https:\/\/www.facebook.com\/Kamperi.Petroni.Sesvete\/?locale=hr_HR\" \/>\n<meta property=\"article:modified_time\" content=\"2024-11-12T14:15:30+00:00\" \/>\n<meta property=\"og:image\" content=\"https:\/\/www.petroni.hr\/wp-content\/uploads\/2022\/03\/2402000-pumpa-za-vodu-12v-20L.jpg\" \/>\n\t<meta property=\"og:image:width\" content=\"800\" \/>\n\t<meta property=\"og:image:height\" content=\"533\" \/>\n\t<meta property=\"og:image:type\" content=\"image\/jpeg\" \/>\n<meta name=\"twitter:card\" content=\"summary_large_image\" \/>\n<script type=\"application\/ld+json\" class=\"yoast-schema-graph\">{\"@context\":\"https:\\\/\\\/schema.org\",\"@graph\":[{\"@type\":\"WebPage\",\"@id\":\"https:\\\/\\\/www.petroni.hr\\\/en\\\/proizvod\\\/pumpa-za-vodu-12v-maas-20-lit-15-bar-potopna\\\/\",\"url\":\"https:\\\/\\\/www.petroni.hr\\\/en\\\/proizvod\\\/pumpa-za-vodu-12v-maas-20-lit-15-bar-potopna\\\/\",\"name\":\"Pumpa za vodu 12V Maas 20 lit, 1,5 bar potopna | Petroni - rent | sale | service | conversions\",\"isPartOf\":{\"@id\":\"https:\\\/\\\/www.petroni.hr\\\/en\\\/#website\"},\"primaryImageOfPage\":{\"@id\":\"https:\\\/\\\/www.petroni.hr\\\/en\\\/proizvod\\\/pumpa-za-vodu-12v-maas-20-lit-15-bar-potopna\\\/#primaryimage\"},\"image\":{\"@id\":\"https:\\\/\\\/www.petroni.hr\\\/en\\\/proizvod\\\/pumpa-za-vodu-12v-maas-20-lit-15-bar-potopna\\\/#primaryimage\"},\"thumbnailUrl\":\"https:\\\/\\\/www.petroni.hr\\\/wp-content\\\/uploads\\\/2022\\\/03\\\/2402000-pumpa-za-vodu-12v-20L.jpg\",\"datePublished\":\"2022-03-13T07:54:01+00:00\",\"dateModified\":\"2024-11-12T14:15:30+00:00\",\"breadcrumb\":{\"@id\":\"https:\\\/\\\/www.petroni.hr\\\/en\\\/proizvod\\\/pumpa-za-vodu-12v-maas-20-lit-15-bar-potopna\\\/#breadcrumb\"},\"inLanguage\":\"en-US\",\"potentialAction\":[{\"@type\":\"ReadAction\",\"target\":[\"https:\\\/\\\/www.petroni.hr\\\/en\\\/proizvod\\\/pumpa-za-vodu-12v-maas-20-lit-15-bar-potopna\\\/\"]}]},{\"@type\":\"ImageObject\",\"inLanguage\":\"en-US\",\"@id\":\"https:\\\/\\\/www.petroni.hr\\\/en\\\/proizvod\\\/pumpa-za-vodu-12v-maas-20-lit-15-bar-potopna\\\/#primaryimage\",\"url\":\"https:\\\/\\\/www.petroni.hr\\\/wp-content\\\/uploads\\\/2022\\\/03\\\/2402000-pumpa-za-vodu-12v-20L.jpg\",\"contentUrl\":\"https:\\\/\\\/www.petroni.hr\\\/wp-content\\\/uploads\\\/2022\\\/03\\\/2402000-pumpa-za-vodu-12v-20L.jpg\",\"width\":800,\"height\":533},{\"@type\":\"BreadcrumbList\",\"@id\":\"https:\\\/\\\/www.petroni.hr\\\/en\\\/proizvod\\\/pumpa-za-vodu-12v-maas-20-lit-15-bar-potopna\\\/#breadcrumb\",\"itemListElement\":[{\"@type\":\"ListItem\",\"position\":1,\"name\":\"Po\u010detna stranica\",\"item\":\"https:\\\/\\\/www.petroni.hr\\\/en\\\/\"},{\"@type\":\"ListItem\",\"position\":2,\"name\":\"Shop\",\"item\":\"https:\\\/\\\/www.petroni.hr\\\/en\\\/shop\\\/\"},{\"@type\":\"ListItem\",\"position\":3,\"name\":\"Pumpa za vodu 12V Maas 20 lit, 1,5 bar potopna\"}]},{\"@type\":\"WebSite\",\"@id\":\"https:\\\/\\\/www.petroni.hr\\\/en\\\/#website\",\"url\":\"https:\\\/\\\/www.petroni.hr\\\/en\\\/\",\"name\":\"Petroni.hr\",\"description\":\"Experience the unprecedented freedom of travel\",\"publisher\":{\"@id\":\"https:\\\/\\\/www.petroni.hr\\\/en\\\/#organization\"},\"alternateName\":\"Petroni\",\"potentialAction\":[{\"@type\":\"SearchAction\",\"target\":{\"@type\":\"EntryPoint\",\"urlTemplate\":\"https:\\\/\\\/www.petroni.hr\\\/en\\\/?s={search_term_string}\"},\"query-input\":{\"@type\":\"PropertyValueSpecification\",\"valueRequired\":true,\"valueName\":\"search_term_string\"}}],\"inLanguage\":\"en-US\"},{\"@type\":\"Organization\",\"@id\":\"https:\\\/\\\/www.petroni.hr\\\/en\\\/#organization\",\"name\":\"Petroni d.o.o.\",\"alternateName\":\"Petroni\",\"url\":\"https:\\\/\\\/www.petroni.hr\\\/en\\\/\",\"logo\":{\"@type\":\"ImageObject\",\"inLanguage\":\"en-US\",\"@id\":\"https:\\\/\\\/www.petroni.hr\\\/en\\\/#\\\/schema\\\/logo\\\/image\\\/\",\"url\":\"https:\\\/\\\/www.petroni.hr\\\/wp-content\\\/uploads\\\/2024\\\/03\\\/cropped-Group-3.jpg\",\"contentUrl\":\"https:\\\/\\\/www.petroni.hr\\\/wp-content\\\/uploads\\\/2024\\\/03\\\/cropped-Group-3.jpg\",\"width\":512,\"height\":512,\"caption\":\"Petroni d.o.o.\"},\"image\":{\"@id\":\"https:\\\/\\\/www.petroni.hr\\\/en\\\/#\\\/schema\\\/logo\\\/image\\\/\"},\"sameAs\":[\"https:\\\/\\\/www.facebook.com\\\/Kamperi.Petroni.Sesvete\\\/?locale=hr_HR\"]}]}<\/script>\n<!-- \/ Yoast SEO plugin. -->","yoast_head_json":{"title":"Pumpa za vodu 12V Maas 20 lit, 1,5 bar potopna | Petroni - rent | sale | service | conversions","robots":{"index":"index","follow":"follow","max-snippet":"max-snippet:-1","max-image-preview":"max-image-preview:large","max-video-preview":"max-video-preview:-1"},"canonical":"https:\/\/www.petroni.hr\/en\/proizvod\/pumpa-za-vodu-12v-maas-20-lit-15-bar-potopna\/","og_locale":"en_US","og_type":"article","og_title":"Pumpa za vodu 12V Maas 20 lit, 1,5 bar potopna | Petroni - rent | sale | service | conversions","og_description":"BOJA SIVA NETO TE\u017dINA 0,298KG MATERIJAL PLASTIKA DU\u017dINA PROIZVODA 12,2CM \u0160IRINA PROIZVODA 4,3CM IZLAZ 80W","og_url":"https:\/\/www.petroni.hr\/en\/proizvod\/pumpa-za-vodu-12v-maas-20-lit-15-bar-potopna\/","og_site_name":"Petroni - rent | sale | service | conversions","article_publisher":"https:\/\/www.facebook.com\/Kamperi.Petroni.Sesvete\/?locale=hr_HR","article_modified_time":"2024-11-12T14:15:30+00:00","og_image":[{"width":800,"height":533,"url":"https:\/\/www.petroni.hr\/wp-content\/uploads\/2022\/03\/2402000-pumpa-za-vodu-12v-20L.jpg","type":"image\/jpeg"}],"twitter_card":"summary_large_image","schema":{"@context":"https:\/\/schema.org","@graph":[{"@type":"WebPage","@id":"https:\/\/www.petroni.hr\/en\/proizvod\/pumpa-za-vodu-12v-maas-20-lit-15-bar-potopna\/","url":"https:\/\/www.petroni.hr\/en\/proizvod\/pumpa-za-vodu-12v-maas-20-lit-15-bar-potopna\/","name":"Pumpa za vodu 12V Maas 20 lit, 1,5 bar potopna | Petroni - rent | sale | service | conversions","isPartOf":{"@id":"https:\/\/www.petroni.hr\/en\/#website"},"primaryImageOfPage":{"@id":"https:\/\/www.petroni.hr\/en\/proizvod\/pumpa-za-vodu-12v-maas-20-lit-15-bar-potopna\/#primaryimage"},"image":{"@id":"https:\/\/www.petroni.hr\/en\/proizvod\/pumpa-za-vodu-12v-maas-20-lit-15-bar-potopna\/#primaryimage"},"thumbnailUrl":"https:\/\/www.petroni.hr\/wp-content\/uploads\/2022\/03\/2402000-pumpa-za-vodu-12v-20L.jpg","datePublished":"2022-03-13T07:54:01+00:00","dateModified":"2024-11-12T14:15:30+00:00","breadcrumb":{"@id":"https:\/\/www.petroni.hr\/en\/proizvod\/pumpa-za-vodu-12v-maas-20-lit-15-bar-potopna\/#breadcrumb"},"inLanguage":"en-US","potentialAction":[{"@type":"ReadAction","target":["https:\/\/www.petroni.hr\/en\/proizvod\/pumpa-za-vodu-12v-maas-20-lit-15-bar-potopna\/"]}]},{"@type":"ImageObject","inLanguage":"en-US","@id":"https:\/\/www.petroni.hr\/en\/proizvod\/pumpa-za-vodu-12v-maas-20-lit-15-bar-potopna\/#primaryimage","url":"https:\/\/www.petroni.hr\/wp-content\/uploads\/2022\/03\/2402000-pumpa-za-vodu-12v-20L.jpg","contentUrl":"https:\/\/www.petroni.hr\/wp-content\/uploads\/2022\/03\/2402000-pumpa-za-vodu-12v-20L.jpg","width":800,"height":533},{"@type":"BreadcrumbList","@id":"https:\/\/www.petroni.hr\/en\/proizvod\/pumpa-za-vodu-12v-maas-20-lit-15-bar-potopna\/#breadcrumb","itemListElement":[{"@type":"ListItem","position":1,"name":"Po\u010detna stranica","item":"https:\/\/www.petroni.hr\/en\/"},{"@type":"ListItem","position":2,"name":"Shop","item":"https:\/\/www.petroni.hr\/en\/shop\/"},{"@type":"ListItem","position":3,"name":"Pumpa za vodu 12V Maas 20 lit, 1,5 bar potopna"}]},{"@type":"WebSite","@id":"https:\/\/www.petroni.hr\/en\/#website","url":"https:\/\/www.petroni.hr\/en\/","name":"Petroni.hr","description":"Experience the unprecedented freedom of travel","publisher":{"@id":"https:\/\/www.petroni.hr\/en\/#organization"},"alternateName":"Petroni","potentialAction":[{"@type":"SearchAction","target":{"@type":"EntryPoint","urlTemplate":"https:\/\/www.petroni.hr\/en\/?s={search_term_string}"},"query-input":{"@type":"PropertyValueSpecification","valueRequired":true,"valueName":"search_term_string"}}],"inLanguage":"en-US"},{"@type":"Organization","@id":"https:\/\/www.petroni.hr\/en\/#organization","name":"Petroni d.o.o.","alternateName":"Petroni","url":"https:\/\/www.petroni.hr\/en\/","logo":{"@type":"ImageObject","inLanguage":"en-US","@id":"https:\/\/www.petroni.hr\/en\/#\/schema\/logo\/image\/","url":"https:\/\/www.petroni.hr\/wp-content\/uploads\/2024\/03\/cropped-Group-3.jpg","contentUrl":"https:\/\/www.petroni.hr\/wp-content\/uploads\/2024\/03\/cropped-Group-3.jpg","width":512,"height":512,"caption":"Petroni d.o.o."},"image":{"@id":"https:\/\/www.petroni.hr\/en\/#\/schema\/logo\/image\/"},"sameAs":["https:\/\/www.facebook.com\/Kamperi.Petroni.Sesvete\/?locale=hr_HR"]}]}},"_links":{"self":[{"href":"https:\/\/www.petroni.hr\/en\/wp-json\/wp\/v2\/product\/19729","targetHints":{"allow":["GET"]}}],"collection":[{"href":"https:\/\/www.petroni.hr\/en\/wp-json\/wp\/v2\/product"}],"about":[{"href":"https:\/\/www.petroni.hr\/en\/wp-json\/wp\/v2\/types\/product"}],"replies":[{"embeddable":true,"href":"https:\/\/www.petroni.hr\/en\/wp-json\/wp\/v2\/comments?post=19729"}],"wp:featuredmedia":[{"embeddable":true,"href":"https:\/\/www.petroni.hr\/en\/wp-json\/wp\/v2\/media\/12797"}],"wp:attachment":[{"href":"https:\/\/www.petroni.hr\/en\/wp-json\/wp\/v2\/media?parent=19729"}],"wp:term":[{"taxonomy":"product_brand","embeddable":true,"href":"https:\/\/www.petroni.hr\/en\/wp-json\/wp\/v2\/product_brand?post=19729"},{"taxonomy":"product_cat","embeddable":true,"href":"https:\/\/www.petroni.hr\/en\/wp-json\/wp\/v2\/product_cat?post=19729"},{"taxonomy":"product_tag","embeddable":true,"href":"https:\/\/www.petroni.hr\/en\/wp-json\/wp\/v2\/product_tag?post=19729"}],"curies":[{"name":"wp","href":"https:\/\/api.w.org\/{rel}","templated":true}]}}